{"id":109947,"date":"2022-10-28T04:47:50","date_gmt":"2022-10-28T03:47:50","guid":{"rendered":"https:\/\/aulaabierta.arasaac.org\/asterics-grid_annex-d-use-uppercase-lowercase-letters-communicator"},"modified":"2023-02-09T11:38:16","modified_gmt":"2023-02-09T10:38:16","slug":"asterics-aac_annex-d-use-uppercase-lowercase-letters-communicator","status":"publish","type":"page","link":"https:\/\/aulaabierta.arasaac.org\/de\/asterics-aac_annex-d-use-uppercase-lowercase-letters-communicator","title":{"rendered":"Asterics AAC Kommunikator &#8211; Anhang D &#8211; Verwendung von Gro\u00df- und Kleinbuchstaben im Kommunikator"},"content":{"rendered":"\n<style type=\"text\/css\" data-created_by=\"avia_inline_auto\" id=\"style-css-av-g02wp-0cd0aa7df4e77bfaafb793a5f5ab43b3\">\n#top .av-special-heading.av-g02wp-0cd0aa7df4e77bfaafb793a5f5ab43b3{\npadding-bottom:0;\n}\nbody .av-special-heading.av-g02wp-0cd0aa7df4e77bfaafb793a5f5ab43b3 .av-special-heading-tag .heading-char{\nfont-size:25px;\n}\n.av-special-heading.av-g02wp-0cd0aa7df4e77bfaafb793a5f5ab43b3 .av-subheading{\nfont-size:15px;\n}\n<\/style>\n<div  class='av-special-heading av-g02wp-0cd0aa7df4e77bfaafb793a5f5ab43b3 av-special-heading-h2  avia-builder-el-0  el_before_av_heading  avia-builder-el-first '><h2 class='av-special-heading-tag'  itemprop=\"headline\"  >Dynamischer Kommunikator Asterics AAC <\/h2><div class=\"special-heading-border\"><div class=\"special-heading-inner-border\"><\/div><\/div><\/div>\n\n<style type=\"text\/css\" data-created_by=\"avia_inline_auto\" id=\"style-css-av-l6uyvnzl-2c3f3cf8779c835e3a293998a660e0dc\">\n#top .av-special-heading.av-l6uyvnzl-2c3f3cf8779c835e3a293998a660e0dc{\npadding-bottom:0;\n}\nbody .av-special-heading.av-l6uyvnzl-2c3f3cf8779c835e3a293998a660e0dc .av-special-heading-tag .heading-char{\nfont-size:25px;\n}\n.av-special-heading.av-l6uyvnzl-2c3f3cf8779c835e3a293998a660e0dc .av-subheading{\nfont-size:15px;\n}\n<\/style>\n<div  class='av-special-heading av-l6uyvnzl-2c3f3cf8779c835e3a293998a660e0dc av-special-heading-h2  avia-builder-el-1  el_after_av_heading  el_before_av_hr '><h2 class='av-special-heading-tag'  itemprop=\"headline\"  >Anhang D &#8211; Verwendung von Gro\u00df- und Kleinbuchstaben im Kommunikator<\/h2><div class=\"special-heading-border\"><div class=\"special-heading-inner-border\"><\/div><\/div><\/div>\n<div  class='hr av-iuhhgx-d673ebc2263b20e277a8850c6f643d0e hr-default  avia-builder-el-2  el_after_av_heading  el_before_av_textblock '><span class='hr-inner '><span class=\"hr-inner-style\"><\/span><\/span><\/div>\n\n<style type=\"text\/css\" data-created_by=\"avia_inline_auto\" id=\"style-css-av-l7od3lky-d3322c1ef33746f21de40562a835b69b\">\n#top .av_textblock_section.av-l7od3lky-d3322c1ef33746f21de40562a835b69b .avia_textblock{\nfont-size:16px;\n}\n<\/style>\n<section  class='av_textblock_section av-l7od3lky-d3322c1ef33746f21de40562a835b69b'  itemscope=\"itemscope\" itemtype=\"https:\/\/schema.org\/CreativeWork\" ><div class='avia_textblock'  itemprop=\"text\" ><p>Der <strong>AsTeRiCS Grid<\/strong> Kommunikator erlaubt die <strong>Verwendung von Gro\u00df- oder Kleinbuchstaben<\/strong> in den Zellen, je nach Lernstil der Person, die ihn benutzt.<\/p>\n<p>Zun\u00e4chst m\u00fcssen wir den Abschnitt &#8222;<strong>Einstellungen<\/strong>&#8220; besuchen, wo wir im <strong>Men\u00fc &#8222;Elementbeschriftungen konvertieren&#8220;<\/strong> mehrere Optionen haben.<\/p>\n<p><img loading=\"lazy\" decoding=\"async\" class=\"alignnone size-full wp-image-109895\" src=\"https:\/\/aulaabierta.arasaac.org\/wp-content\/uploads\/2023\/01\/Comunicador-Asterics-pictogramas-ARASAAC-151_en.jpg\" alt=\"\" width=\"1581\" height=\"709\"><\/p>\n<p>Wie Sie sehen k\u00f6nnen, gibt es drei Optionen f\u00fcr die Textkonfiguration.<\/p>\n<p>Am h\u00e4ufigsten wird die Option &#8222;<strong>Beschriftungen nicht konvertieren<\/strong>&#8220; verwendet. Auf diese Weise wird die Gro\u00df- oder Kleinschreibung, die wir in die Zelle eingegeben haben, beibehalten.<\/p>\n<p>F\u00fcr den Fall, dass wir einen heruntergeladenen Kommunikator verwenden oder \u00e4ndern, haben wir zwei weitere Optionen, die es uns erm\u00f6glichen, in <strong>Gro\u00dfbuchstaben umzuwandeln<\/strong> oder in <strong>Kleinbuchstaben umzuwandeln<\/strong>, um den Text an die Bed\u00fcrfnisse des Benutzers anzupassen.<\/p>\n<p>Im folgenden Beispiel zeigen wir Ihnen, wie Sie alle Texte in den Kommunikator-Elemente automatisch von Gro\u00df- auf Kleinschreibung umstellen k\u00f6nnen. F\u00fcr das umgekehrte Verfahren w\u00fcrden wir die andere Option verwenden.<\/p>\n<p><img loading=\"lazy\" decoding=\"async\" class=\"aligncenter wp-image-109901\" src=\"https:\/\/aulaabierta.arasaac.org\/wp-content\/uploads\/2023\/01\/Comunicador-Asterics-pictogramas-ARASAAC-152_en.jpg\" alt=\"\" width=\"700\" height=\"856\"><\/p>\n<p>Der n\u00e4chste Schritt besteht darin, das Grid zu <strong>bearbeiten<\/strong> und im Abschnitt \u201e<strong>Mehr<\/strong>\u201c die Option \u201e<strong>Globales Grid bearbeiten<\/strong>\u201c zu w\u00e4hlen. Klicken Sie mit der rechten Maustaste auf die kumulierte Phrase und bearbeiten Sie sie.<\/p>\n<p><img loading=\"lazy\" decoding=\"async\" class=\"aligncenter wp-image-109909\" src=\"https:\/\/aulaabierta.arasaac.org\/wp-content\/uploads\/2023\/01\/Comunicador-Asterics-pictogramas-ARASAAC-153_en.jpg\" alt=\"\" width=\"700\" height=\"534\"><\/p>\n<p>Hier k\u00f6nnen wir alle Optionen der kumulierten Phrase sehen. Unten m\u00fcssen wir die Option &#8222;<strong>Konvertiere Gro\u00dfbuchstaben von Tastatur in Kleinbuchstaben<\/strong>&#8220; aktivieren.<\/p>\n<p>Auf der n\u00e4chsten Abbildung sehen Sie das Endergebnis mit den Elemten und dem kumulierten Satz in Kleinbuchstaben.<\/p>\n<p><img loading=\"lazy\" decoding=\"async\" class=\"aligncenter wp-image-109916\" src=\"https:\/\/aulaabierta.arasaac.org\/wp-content\/uploads\/2023\/01\/Comunicador-Asterics-pictogramas-ARASAAC-154_en.jpg\" alt=\"\" width=\"700\" height=\"387\"><\/p>\n<p>Auf diese Weise erscheinen sowohl der Text in den Zellen des Grids als auch der Text des kumulierten Satzes in Kleinbuchstaben.<\/p>\n<p>Wenn wir die Option \u201eIn Gro\u00dfbuchstaben umwandeln\u201c verwenden wollen, m\u00fcssen wir alle Optionen erneut \u00e4ndern.<\/p>\n<\/div><\/section>\n<div class='flex_column av-2krg6xr-318b22cf5a7dcc17d549f6d260a48947 av_one_fifth  avia-builder-el-4  el_after_av_textblock  el_before_av_one_fifth  first flex_column_div column-top-margin'     ><style type=\"text\/css\" data-created_by=\"avia_inline_auto\" id=\"style-css-av-l6kdyooj-88269a3ff5f0e2e0f5ba415f4a3f6b41\">\n.avia-image-container.av-l6kdyooj-88269a3ff5f0e2e0f5ba415f4a3f6b41 img.avia_image{\nbox-shadow:none;\n}\n.avia-image-container.av-l6kdyooj-88269a3ff5f0e2e0f5ba415f4a3f6b41 .av-image-caption-overlay-center{\ncolor:#ffffff;\n}\n<\/style>\n<div  class='avia-image-container av-l6kdyooj-88269a3ff5f0e2e0f5ba415f4a3f6b41 av-styling- avia-align-center  avia-builder-el-5  avia-builder-el-no-sibling '   itemprop=\"image\" itemscope=\"itemscope\" itemtype=\"https:\/\/schema.org\/ImageObject\" ><div class=\"avia-image-container-inner\"><div class=\"avia-image-overlay-wrap\"><a href=\"https:\/\/aulaabierta.arasaac.org\/de\/asterics-aac_anhang_c_farbkodierung_nach_wortart\" class='avia_image' ><img decoding=\"async\" class='wp-image-96479 avia-img-lazy-loading-not-96479 avia_image ' src=\"https:\/\/aulaabierta.arasaac.org\/wp-content\/uploads\/2016\/12\/before-80x80.png\" alt='' title='before'  height=\"80\" width=\"80\"  itemprop=\"thumbnailUrl\" srcset=\"https:\/\/aulaabierta.arasaac.org\/wp-content\/uploads\/2016\/12\/before-80x80.png 80w, https:\/\/aulaabierta.arasaac.org\/wp-content\/uploads\/2016\/12\/before-36x36.png 36w, https:\/\/aulaabierta.arasaac.org\/wp-content\/uploads\/2016\/12\/before-120x120.png 120w, https:\/\/aulaabierta.arasaac.org\/wp-content\/uploads\/2016\/12\/before.png 128w\" sizes=\"(max-width: 80px) 100vw, 80px\" \/><\/a><\/div><\/div><\/div><\/div><div class='flex_column av-2acjjb3-72430572443564d7b3ecb332fff10556 av_one_fifth  avia-builder-el-6  el_after_av_one_fifth  el_before_av_one_fifth  flex_column_div column-top-margin'     ><\/div><\/p>\n<div class='flex_column av-5ueg0v-f5b4451085be42fd2a70550803012549 av_one_fifth  avia-builder-el-7  el_after_av_one_fifth  el_before_av_one_fifth  flex_column_div column-top-margin'     ><style type=\"text\/css\" data-created_by=\"avia_inline_auto\" id=\"style-css-av-l6ke1xda-f1b99bc859425e24e150db459a323688\">\n.avia-image-container.av-l6ke1xda-f1b99bc859425e24e150db459a323688 img.avia_image{\nbox-shadow:none;\n}\n.avia-image-container.av-l6ke1xda-f1b99bc859425e24e150db459a323688 .av-image-caption-overlay-center{\ncolor:#ffffff;\n}\n<\/style>\n<div  class='avia-image-container av-l6ke1xda-f1b99bc859425e24e150db459a323688 av-styling- avia-align-center  avia-builder-el-8  avia-builder-el-no-sibling '   itemprop=\"image\" itemscope=\"itemscope\" itemtype=\"https:\/\/schema.org\/ImageObject\" ><div class=\"avia-image-container-inner\"><div class=\"avia-image-overlay-wrap\"><a href=\"https:\/\/aulaabierta.arasaac.org\/de\/asterics-aac_startseite\" class='avia_image' ><img decoding=\"async\" class='wp-image-106723 avia-img-lazy-loading-not-106723 avia_image ' src=\"https:\/\/aulaabierta.arasaac.org\/wp-content\/uploads\/2022\/08\/casa-120x120-1-80x80.png\" alt='' title='casa-120x120'  height=\"80\" width=\"80\"  itemprop=\"thumbnailUrl\" srcset=\"https:\/\/aulaabierta.arasaac.org\/wp-content\/uploads\/2022\/08\/casa-120x120-1-80x80.png 80w, https:\/\/aulaabierta.arasaac.org\/wp-content\/uploads\/2022\/08\/casa-120x120-1-36x36.png 36w, https:\/\/aulaabierta.arasaac.org\/wp-content\/uploads\/2022\/08\/casa-120x120-1.png 120w\" sizes=\"(max-width: 80px) 100vw, 80px\" \/><\/a><\/div><\/div><\/div><\/div>\n<div class='flex_column av-126aqin-7a6e39193fa1262d0b61cdb616a4a062 av_one_fifth  avia-builder-el-9  el_after_av_one_fifth  el_before_av_one_fifth  flex_column_div column-top-margin'     ><\/div>\n<div class='flex_column av-w2yn9b-3822e7b37f6ad515aaaac5be5b29fec2 av_one_fifth  avia-builder-el-10  el_after_av_one_fifth  el_before_av_one_full  flex_column_div column-top-margin'     ><style type=\"text\/css\" data-created_by=\"avia_inline_auto\" id=\"style-css-av-l6kdzl6f-0bac6ea40675f50051d0a118045d14e6\">\n.avia-image-container.av-l6kdzl6f-0bac6ea40675f50051d0a118045d14e6 img.avia_image{\nbox-shadow:none;\n}\n.avia-image-container.av-l6kdzl6f-0bac6ea40675f50051d0a118045d14e6 .av-image-caption-overlay-center{\ncolor:#ffffff;\n}\n<\/style>\n<div  class='avia-image-container av-l6kdzl6f-0bac6ea40675f50051d0a118045d14e6 av-styling- avia-align-center  avia-builder-el-11  avia-builder-el-no-sibling '   itemprop=\"image\" itemscope=\"itemscope\" itemtype=\"https:\/\/schema.org\/ImageObject\" ><div class=\"avia-image-container-inner\"><div class=\"avia-image-overlay-wrap\"><a href=\"https:\/\/aulaabierta.arasaac.org\/de\/comunicador-asterics-aac-anhang-e-kernvokabular-immer-sichtbar\" class='avia_image' ><img decoding=\"async\" class='wp-image-96480 avia-img-lazy-loading-not-96480 avia_image ' src=\"https:\/\/aulaabierta.arasaac.org\/wp-content\/uploads\/2016\/12\/next-80x80.png\" alt='' title='next'  height=\"80\" width=\"80\"  itemprop=\"thumbnailUrl\" srcset=\"https:\/\/aulaabierta.arasaac.org\/wp-content\/uploads\/2016\/12\/next-80x80.png 80w, https:\/\/aulaabierta.arasaac.org\/wp-content\/uploads\/2016\/12\/next-36x36.png 36w, https:\/\/aulaabierta.arasaac.org\/wp-content\/uploads\/2016\/12\/next-120x120.png 120w, https:\/\/aulaabierta.arasaac.org\/wp-content\/uploads\/2016\/12\/next.png 128w\" sizes=\"(max-width: 80px) 100vw, 80px\" \/><\/a><\/div><\/div><\/div><\/div>\n<div class='flex_column av-vtfpkv-8fb9bef4cb06de80cef16013e631f9a4 av_one_full  avia-builder-el-12  el_after_av_one_fifth  avia-builder-el-last  first flex_column_div column-top-margin'     ><\/div>\n","protected":false},"excerpt":{"rendered":"","protected":false},"author":5,"featured_media":106721,"parent":0,"menu_order":0,"comment_status":"open","ping_status":"open","template":"","meta":{"om_disable_all_campaigns":false,"_monsterinsights_skip_tracking":false,"_monsterinsights_sitenote_active":false,"_monsterinsights_sitenote_note":"","_monsterinsights_sitenote_category":0,"_uf_show_specific_survey":0,"_uf_disable_surveys":false,"footnotes":""},"class_list":["post-109947","page","type-page","status-publish","has-post-thumbnail","hentry"],"aioseo_notices":[],"_links":{"self":[{"href":"https:\/\/aulaabierta.arasaac.org\/de\/wp-json\/wp\/v2\/pages\/109947","targetHints":{"allow":["GET"]}}],"collection":[{"href":"https:\/\/aulaabierta.arasaac.org\/de\/wp-json\/wp\/v2\/pages"}],"about":[{"href":"https:\/\/aulaabierta.arasaac.org\/de\/wp-json\/wp\/v2\/types\/page"}],"author":[{"embeddable":true,"href":"https:\/\/aulaabierta.arasaac.org\/de\/wp-json\/wp\/v2\/users\/5"}],"replies":[{"embeddable":true,"href":"https:\/\/aulaabierta.arasaac.org\/de\/wp-json\/wp\/v2\/comments?post=109947"}],"version-history":[{"count":24,"href":"https:\/\/aulaabierta.arasaac.org\/de\/wp-json\/wp\/v2\/pages\/109947\/revisions"}],"predecessor-version":[{"id":145449,"href":"https:\/\/aulaabierta.arasaac.org\/de\/wp-json\/wp\/v2\/pages\/109947\/revisions\/145449"}],"wp:featuredmedia":[{"embeddable":true,"href":"https:\/\/aulaabierta.arasaac.org\/de\/wp-json\/wp\/v2\/media\/106721"}],"wp:attachment":[{"href":"https:\/\/aulaabierta.arasaac.org\/de\/wp-json\/wp\/v2\/media?parent=109947"}],"curies":[{"name":"wp","href":"https:\/\/api.w.org\/{rel}","templated":true}]}}