{"id":109955,"date":"2022-10-28T05:17:42","date_gmt":"2022-10-28T04:17:42","guid":{"rendered":"https:\/\/aulaabierta.arasaac.org\/asterics-grid_startmenue"},"modified":"2023-02-09T11:38:39","modified_gmt":"2023-02-09T10:38:39","slug":"asterics-aac_startmenue","status":"publish","type":"page","link":"https:\/\/aulaabierta.arasaac.org\/de\/asterics-aac_startmenue","title":{"rendered":"Asterics AAC Kommunikator &#8211; 3 &#8211; Startmen\u00fc"},"content":{"rendered":"\n<style type=\"text\/css\" data-created_by=\"avia_inline_auto\" id=\"style-css-av-g02wp-0cd0aa7df4e77bfaafb793a5f5ab43b3\">\n#top .av-special-heading.av-g02wp-0cd0aa7df4e77bfaafb793a5f5ab43b3{\npadding-bottom:0;\n}\nbody .av-special-heading.av-g02wp-0cd0aa7df4e77bfaafb793a5f5ab43b3 .av-special-heading-tag .heading-char{\nfont-size:25px;\n}\n.av-special-heading.av-g02wp-0cd0aa7df4e77bfaafb793a5f5ab43b3 .av-subheading{\nfont-size:15px;\n}\n<\/style>\n<div  class='av-special-heading av-g02wp-0cd0aa7df4e77bfaafb793a5f5ab43b3 av-special-heading-h2  avia-builder-el-0  el_before_av_heading  avia-builder-el-first '><h2 class='av-special-heading-tag'  itemprop=\"headline\"  >Dynamischer Kommunikator Asterics AAC <\/h2><div class=\"special-heading-border\"><div class=\"special-heading-inner-border\"><\/div><\/div><\/div>\n\n<style type=\"text\/css\" data-created_by=\"avia_inline_auto\" id=\"style-css-av-l6uyrk3u-73888776e916701e868ed2abda1527e8\">\n#top .av-special-heading.av-l6uyrk3u-73888776e916701e868ed2abda1527e8{\npadding-bottom:0;\n}\nbody .av-special-heading.av-l6uyrk3u-73888776e916701e868ed2abda1527e8 .av-special-heading-tag .heading-char{\nfont-size:25px;\n}\n.av-special-heading.av-l6uyrk3u-73888776e916701e868ed2abda1527e8 .av-subheading{\nfont-size:15px;\n}\n<\/style>\n<div  class='av-special-heading av-l6uyrk3u-73888776e916701e868ed2abda1527e8 av-special-heading-h2  avia-builder-el-1  el_after_av_heading  el_before_av_textblock '><h2 class='av-special-heading-tag'  itemprop=\"headline\"  >3 &#8211; Startmen\u00fc<\/h2><div class=\"special-heading-border\"><div class=\"special-heading-inner-border\"><\/div><\/div><\/div>\n\n<style type=\"text\/css\" data-created_by=\"avia_inline_auto\" id=\"style-css-av-80ofsp-df25ec8e31eef2666334e6963e7d7654\">\n#top .av_textblock_section.av-80ofsp-df25ec8e31eef2666334e6963e7d7654 .avia_textblock{\nfont-size:16px;\n}\n<\/style>\n<section  class='av_textblock_section av-80ofsp-df25ec8e31eef2666334e6963e7d7654'  itemscope=\"itemscope\" itemtype=\"https:\/\/schema.org\/CreativeWork\" ><div class='avia_textblock'  itemprop=\"text\" ><p>Beim ersten Zugriff auf den <strong>Asterics AAC<\/strong> Kommunikator sollte man sich mit der <strong>Startmen\u00fcleiste<\/strong> vertraut machen, die auf der linken Seite des Bildschirms erscheint.<\/p>\n<p>Dieses Men\u00fc erm\u00f6glicht den Zugriff auf die <strong>grundlegenden Funktionalit\u00e4ten<\/strong> von <strong>Asterics AAC<\/strong>. <\/p>\n<p><img loading=\"lazy\" decoding=\"async\" class=\"aligncenter wp-image-95070\" src=\"https:\/\/aulaabierta.arasaac.org\/wp-content\/uploads\/2023\/01\/Comunicador-Asterics-pictogramas-ARASAAC-10_en-1.jpg\" alt=\"\" width=\"800\" height=\"375\"><\/p>\n<p>Wir werden sie hier alle kurz erkl\u00e4ren, in den folgenden Tutorials werden wir sie detaillierter ausf\u00fchren.<\/p>\n<p><img loading=\"lazy\" decoding=\"async\" class=\"alignnone wp-image-93520\" src=\"https:\/\/aulaabierta.arasaac.org\/wp-content\/uploads\/2023\/01\/Comunicador-Asterics-pictogramas-ARASAAC-11_en.jpg\" alt=\"\" width=\"250\" height=\"45\"><\/p>\n<p>Die Option &#8222;<strong>Start<\/strong>&#8220; zeigt das <strong>zuletzt verwendete Grid<\/strong> an, unabh\u00e4ngig davon, welches Grid als Hauptraster eingestellt wurde.<\/p>\n<p><img loading=\"lazy\" decoding=\"async\" class=\"alignnone wp-image-93525\" src=\"https:\/\/aulaabierta.arasaac.org\/wp-content\/uploads\/2023\/01\/Comunicador-Asterics-pictogramas-ARASAAC-12_en.jpg\" alt=\"\" width=\"250\" height=\"46\" srcset=\"https:\/\/aulaabierta.arasaac.org\/wp-content\/uploads\/2023\/01\/Comunicador-Asterics-pictogramas-ARASAAC-12_en.jpg 309w, https:\/\/aulaabierta.arasaac.org\/wp-content\/uploads\/2023\/01\/Comunicador-Asterics-pictogramas-ARASAAC-12_en-300x56.jpg 300w\" sizes=\"auto, (max-width: 250px) 100vw, 250px\" \/><\/p>\n<p>Mit der Funktion &#8222;<strong>Grids verwalten<\/strong>&#8220; k\u00f6nnen wir <strong>alle Grids<\/strong> (Raster), aus denen sich unser Kommunikator zusammensetzt, visualisieren, <strong>neue Grids<\/strong> entwerfen, ein <strong>Backup<\/strong> erstellen und das <strong>globale Grid<\/strong> definieren, das als Ausgangspunkt f\u00fcr alle Grids dient.<\/p>\n<p><img loading=\"lazy\" decoding=\"async\" class=\"alignnone wp-image-93531\" src=\"https:\/\/aulaabierta.arasaac.org\/wp-content\/uploads\/2023\/01\/Comunicador-Asterics-pictogramas-ARASAAC-13_en.jpg\" alt=\"\" width=\"250\" height=\"43\"><\/p>\n<p>Mit der Funktion &#8222;<strong>W\u00f6rterb\u00fccher verwalten<\/strong>&#8220; k\u00f6nnen Sie <strong>neue W\u00f6rterb\u00fccher importieren, erstellen und bearbeiten<\/strong>, die zum Ausf\u00fcllen der <strong>Vorhersageelemente<\/strong> bei der Verwendung von <strong>Rechtschreibtastaturen<\/strong> verwendet werden. Diese Vorhersageelemente sind eine gro\u00dfe Hilfe, um den Schreibprozess zu beschleunigen und ihn reibungsloser und schneller zu gestalten.<\/p>\n<p><img loading=\"lazy\" decoding=\"async\" class=\"alignnone wp-image-93547\" src=\"https:\/\/aulaabierta.arasaac.org\/wp-content\/uploads\/2023\/01\/Comunicador-Asterics-pictogramas-ARASAAC-14_en.jpg\" alt=\"\" width=\"250\" height=\"44\"> <img loading=\"lazy\" decoding=\"async\" class=\"alignnone wp-image-93552\" src=\"https:\/\/aulaabierta.arasaac.org\/wp-content\/uploads\/2023\/01\/Comunicador-Asterics-pictogramas-ARASAAC-15_en.jpg\" alt=\"\" width=\"250\" height=\"45\"> <img loading=\"lazy\" decoding=\"async\" class=\"alignnone wp-image-93557\" src=\"https:\/\/aulaabierta.arasaac.org\/wp-content\/uploads\/2023\/01\/Comunicador-Asterics-pictogramas-ARASAAC-16_en.jpg\" alt=\"\" width=\"250\" height=\"42\"><\/p>\n<p>Diese drei Abschnitte des <strong>Men\u00fcs &#8222;Benutzer&#8220;<\/strong> erm\u00f6glichen das Anlegen eines <strong>neuen Benutzers<\/strong>, das \u00c4ndern eines <strong>bestehenden Benutzers<\/strong>, das Definieren eines <strong>Online-\/Offline-Users (Online-\/Offline Benutzer)<\/strong> und das <strong>L\u00f6schen des Benutzers<\/strong>.<\/p>\n<p>Es ist wichtig, <strong>Benutzernamen (Username) und Passw\u00f6rter aufzuschreiben<\/strong> und an einem sicheren Ort aufzubewahren, denn Passw\u00f6rter k\u00f6nnen nicht zur\u00fcckgesetzt werden, und wenn wir nicht vorher eine Sicherungskopie gespeichert haben, verlieren wir die gesamte Arbeit, die wir geleistet haben.<\/p>\n<p><img loading=\"lazy\" decoding=\"async\" class=\"alignnone wp-image-93564\" src=\"https:\/\/aulaabierta.arasaac.org\/wp-content\/uploads\/2023\/01\/Comunicador-Asterics-pictogramas-ARASAAC-17-_en.jpg\" alt=\"\" width=\"250\" height=\"44\"><\/p>\n<p>Der Abschnitt &#8222;Einstellungen&#8220; ist sehr wichtig, denn hier ist es m\u00f6glich die <strong>allgemeine Konfiguration<\/strong> unseres Kommunikators (<strong>Anwendungssprache<\/strong> und <strong>Synchronisierung<\/strong>) zu definieren und <strong>Benutzereinstellungen<\/strong> (Sprache der Grids, synthetische Stimme, <strong>Hintergrundfarbe der Grids<\/strong>, <strong>Hintergrundfarbe der Elemente<\/strong> (Zellen) und <strong>\u00c4nderung des Beschriftungstextes von Gro\u00df- zu Kleinbuchstaben<\/strong> und umgekehrt) anzupassen. <\/p>\n<p><img loading=\"lazy\" decoding=\"async\" class=\"alignnone wp-image-93570\" src=\"https:\/\/aulaabierta.arasaac.org\/wp-content\/uploads\/2023\/01\/Comunicador-Asterics-pictogramas-ARASAAC-18_en.jpg\" alt=\"\" width=\"250\" height=\"43\"><\/p>\n<p>&#8222;<strong>\u00dcber Asterics AAC<\/strong>&#8220; bietet <strong>allgemeine Informationen<\/strong> \u00fcber die Autoren, die Mitwirkenden, die Projektfinanzierung, die Nutzungsbedingungen und die Danksagungen.<\/p>\n<\/div><\/section>\n<div  class='hr av-16hr0po-aeca4761ee53e95f1c44d27f435f064c hr-default  avia-builder-el-3  el_after_av_textblock  el_before_av_heading '><span class='hr-inner '><span class=\"hr-inner-style\"><\/span><\/span><\/div>\n\n<style type=\"text\/css\" data-created_by=\"avia_inline_auto\" id=\"style-css-av-l7omexi8-b1cfbd3fdda880c46ddab5341123e3a7\">\n#top .av-special-heading.av-l7omexi8-b1cfbd3fdda880c46ddab5341123e3a7{\npadding-bottom:10px;\ncolor:#b02b2c;\n}\nbody .av-special-heading.av-l7omexi8-b1cfbd3fdda880c46ddab5341123e3a7 .av-special-heading-tag .heading-char{\nfont-size:25px;\npadding-bottom:10px;\n}\n.av-special-heading.av-l7omexi8-b1cfbd3fdda880c46ddab5341123e3a7 .special-heading-inner-border{\nborder-color:#b02b2c;\n}\n.av-special-heading.av-l7omexi8-b1cfbd3fdda880c46ddab5341123e3a7 .av-subheading{\nfont-size:15px;\n}\n<\/style>\n<div  class='av-special-heading av-l7omexi8-b1cfbd3fdda880c46ddab5341123e3a7 av-special-heading-h3 custom-color-heading blockquote elegant-quote elegant-centered  avia-builder-el-4  el_after_av_hr  el_before_av_heading  av-linked-heading av-icon'><h3 class='av-special-heading-tag'  itemprop=\"headline\"  ><a class=\"av-heading-link\" href=\"https:\/\/aulaabierta.arasaac.org\/asterics-aac_navegacion-gestionar-tableros-y-copia-de-seguridad\"><span class='heading-char avia-font-entypo-fontello' aria-hidden='true' data-av_icon='\ue818' data-av_iconfont='entypo-fontello'><\/span><span class=\"heading-wrap\">Weitere Informationen zur Verwaltung von Grids<\/span><\/a><\/h3><div class=\"special-heading-border\"><div class=\"special-heading-inner-border\"><\/div><\/div><\/div>\n\n<style type=\"text\/css\" data-created_by=\"avia_inline_auto\" id=\"style-css-av-l7omff1k-596597dd498219725894af75d68fba52\">\n#top .av-special-heading.av-l7omff1k-596597dd498219725894af75d68fba52{\npadding-bottom:10px;\ncolor:#b02b2c;\n}\nbody .av-special-heading.av-l7omff1k-596597dd498219725894af75d68fba52 .av-special-heading-tag .heading-char{\nfont-size:25px;\npadding-bottom:10px;\n}\n.av-special-heading.av-l7omff1k-596597dd498219725894af75d68fba52 .special-heading-inner-border{\nborder-color:#b02b2c;\n}\n.av-special-heading.av-l7omff1k-596597dd498219725894af75d68fba52 .av-subheading{\nfont-size:15px;\n}\n<\/style>\n<div  class='av-special-heading av-l7omff1k-596597dd498219725894af75d68fba52 av-special-heading-h3 custom-color-heading blockquote elegant-quote elegant-centered  avia-builder-el-5  el_after_av_heading  el_before_av_heading  av-linked-heading av-icon'><h3 class='av-special-heading-tag'  itemprop=\"headline\"  ><a class=\"av-heading-link\" href=\"https:\/\/aulaabierta.arasaac.org\/asterics-aac_gestion-de-usuarios\"><span class='heading-char avia-font-entypo-fontello' aria-hidden='true' data-av_icon='\ue818' data-av_iconfont='entypo-fontello'><\/span><span class=\"heading-wrap\">Weitere Informationen zur Benutzerverwaltung<\/span><\/a><\/h3><div class=\"special-heading-border\"><div class=\"special-heading-inner-border\"><\/div><\/div><\/div>\n\n<style type=\"text\/css\" data-created_by=\"avia_inline_auto\" id=\"style-css-av-l7omfutr-c6c7c7c8da3fb9b1fe2198037f299293\">\n#top .av-special-heading.av-l7omfutr-c6c7c7c8da3fb9b1fe2198037f299293{\npadding-bottom:10px;\ncolor:#b02b2c;\n}\nbody .av-special-heading.av-l7omfutr-c6c7c7c8da3fb9b1fe2198037f299293 .av-special-heading-tag .heading-char{\nfont-size:25px;\npadding-bottom:10px;\n}\n.av-special-heading.av-l7omfutr-c6c7c7c8da3fb9b1fe2198037f299293 .special-heading-inner-border{\nborder-color:#b02b2c;\n}\n.av-special-heading.av-l7omfutr-c6c7c7c8da3fb9b1fe2198037f299293 .av-subheading{\nfont-size:15px;\n}\n<\/style>\n<div  class='av-special-heading av-l7omfutr-c6c7c7c8da3fb9b1fe2198037f299293 av-special-heading-h3 custom-color-heading blockquote elegant-quote elegant-centered  avia-builder-el-6  el_after_av_heading  el_before_av_hr  av-linked-heading av-icon'><h3 class='av-special-heading-tag'  itemprop=\"headline\"  ><a class=\"av-heading-link\" href=\"https:\/\/aulaabierta.arasaac.org\/asterics-aac_configuracion\"><span class='heading-char avia-font-entypo-fontello' aria-hidden='true' data-av_icon='\ue818' data-av_iconfont='entypo-fontello'><\/span><span class=\"heading-wrap\">Weitere Informationen zu Einstellungen<\/span><\/a><\/h3><div class=\"special-heading-border\"><div class=\"special-heading-inner-border\"><\/div><\/div><\/div>\n<div  class='hr av-iogyrg-22e28739d9d8bd2085298d5e8e6d9b6b hr-default  avia-builder-el-7  el_after_av_heading  el_before_av_one_fifth '><span class='hr-inner '><span class=\"hr-inner-style\"><\/span><\/span><\/div>\n<div class='flex_column av-2krg6xr-318b22cf5a7dcc17d549f6d260a48947 av_one_fifth  avia-builder-el-8  el_after_av_hr  el_before_av_one_fifth  first flex_column_div '     ><style type=\"text\/css\" data-created_by=\"avia_inline_auto\" id=\"style-css-av-l6kdyooj-60375df9002a1e5525a05b59325042b7\">\n.avia-image-container.av-l6kdyooj-60375df9002a1e5525a05b59325042b7 img.avia_image{\nbox-shadow:none;\n}\n.avia-image-container.av-l6kdyooj-60375df9002a1e5525a05b59325042b7 .av-image-caption-overlay-center{\ncolor:#ffffff;\n}\n<\/style>\n<div  class='avia-image-container av-l6kdyooj-60375df9002a1e5525a05b59325042b7 av-styling- avia-align-center  avia-builder-el-9  avia-builder-el-no-sibling '   itemprop=\"image\" itemscope=\"itemscope\" itemtype=\"https:\/\/schema.org\/ImageObject\" ><div class=\"avia-image-container-inner\"><div class=\"avia-image-overlay-wrap\"><a href=\"https:\/\/aulaabierta.arasaac.org\/de\/asterics-aac_willkommensbildschirm\" class='avia_image' ><img decoding=\"async\" class='wp-image-96479 avia-img-lazy-loading-not-96479 avia_image ' src=\"https:\/\/aulaabierta.arasaac.org\/wp-content\/uploads\/2016\/12\/before-80x80.png\" alt='' title='before'  height=\"80\" width=\"80\"  itemprop=\"thumbnailUrl\" srcset=\"https:\/\/aulaabierta.arasaac.org\/wp-content\/uploads\/2016\/12\/before-80x80.png 80w, https:\/\/aulaabierta.arasaac.org\/wp-content\/uploads\/2016\/12\/before-36x36.png 36w, https:\/\/aulaabierta.arasaac.org\/wp-content\/uploads\/2016\/12\/before-120x120.png 120w, https:\/\/aulaabierta.arasaac.org\/wp-content\/uploads\/2016\/12\/before.png 128w\" sizes=\"(max-width: 80px) 100vw, 80px\" \/><\/a><\/div><\/div><\/div><\/div>\n<div class='flex_column av-2acjjb3-72430572443564d7b3ecb332fff10556 av_one_fifth  avia-builder-el-10  el_after_av_one_fifth  el_before_av_one_fifth  flex_column_div '     ><\/div>\n<div class='flex_column av-5ueg0v-f5b4451085be42fd2a70550803012549 av_one_fifth  avia-builder-el-11  el_after_av_one_fifth  el_before_av_one_fifth  flex_column_div '     ><style type=\"text\/css\" data-created_by=\"avia_inline_auto\" id=\"style-css-av-l6ke1xda-f1b99bc859425e24e150db459a323688\">\n.avia-image-container.av-l6ke1xda-f1b99bc859425e24e150db459a323688 img.avia_image{\nbox-shadow:none;\n}\n.avia-image-container.av-l6ke1xda-f1b99bc859425e24e150db459a323688 .av-image-caption-overlay-center{\ncolor:#ffffff;\n}\n<\/style>\n<div  class='avia-image-container av-l6ke1xda-f1b99bc859425e24e150db459a323688 av-styling- avia-align-center  avia-builder-el-12  avia-builder-el-no-sibling '   itemprop=\"image\" itemscope=\"itemscope\" itemtype=\"https:\/\/schema.org\/ImageObject\" ><div class=\"avia-image-container-inner\"><div class=\"avia-image-overlay-wrap\"><a href=\"https:\/\/aulaabierta.arasaac.org\/de\/asterics-aac_startseite\" class='avia_image' ><img decoding=\"async\" class='wp-image-106723 avia-img-lazy-loading-not-106723 avia_image ' src=\"https:\/\/aulaabierta.arasaac.org\/wp-content\/uploads\/2022\/08\/casa-120x120-1-80x80.png\" alt='' title='casa-120x120'  height=\"80\" width=\"80\"  itemprop=\"thumbnailUrl\" srcset=\"https:\/\/aulaabierta.arasaac.org\/wp-content\/uploads\/2022\/08\/casa-120x120-1-80x80.png 80w, https:\/\/aulaabierta.arasaac.org\/wp-content\/uploads\/2022\/08\/casa-120x120-1-36x36.png 36w, https:\/\/aulaabierta.arasaac.org\/wp-content\/uploads\/2022\/08\/casa-120x120-1.png 120w\" sizes=\"(max-width: 80px) 100vw, 80px\" \/><\/a><\/div><\/div><\/div><\/div>\n<div class='flex_column av-126aqin-7a6e39193fa1262d0b61cdb616a4a062 av_one_fifth  avia-builder-el-13  el_after_av_one_fifth  el_before_av_one_fifth  flex_column_div '     ><\/div>\n<div class='flex_column av-w2yn9b-3822e7b37f6ad515aaaac5be5b29fec2 av_one_fifth  avia-builder-el-14  el_after_av_one_fifth  el_before_av_one_full  flex_column_div '     ><style type=\"text\/css\" data-created_by=\"avia_inline_auto\" id=\"style-css-av-l6kdzl6f-1d6ab075026fbbd3a8b619741839bf5a\">\n.avia-image-container.av-l6kdzl6f-1d6ab075026fbbd3a8b619741839bf5a img.avia_image{\nbox-shadow:none;\n}\n.avia-image-container.av-l6kdzl6f-1d6ab075026fbbd3a8b619741839bf5a .av-image-caption-overlay-center{\ncolor:#ffffff;\n}\n<\/style>\n<div  class='avia-image-container av-l6kdzl6f-1d6ab075026fbbd3a8b619741839bf5a av-styling- avia-align-center  avia-builder-el-15  avia-builder-el-no-sibling '   itemprop=\"image\" itemscope=\"itemscope\" itemtype=\"https:\/\/schema.org\/ImageObject\" ><div class=\"avia-image-container-inner\"><div class=\"avia-image-overlay-wrap\"><a href=\"https:\/\/aulaabierta.arasaac.org\/de\/asterics-aac_kommunikator_startbildschirm\" class='avia_image' ><img decoding=\"async\" class='wp-image-96480 avia-img-lazy-loading-not-96480 avia_image ' src=\"https:\/\/aulaabierta.arasaac.org\/wp-content\/uploads\/2016\/12\/next-80x80.png\" alt='' title='next'  height=\"80\" width=\"80\"  itemprop=\"thumbnailUrl\" srcset=\"https:\/\/aulaabierta.arasaac.org\/wp-content\/uploads\/2016\/12\/next-80x80.png 80w, https:\/\/aulaabierta.arasaac.org\/wp-content\/uploads\/2016\/12\/next-36x36.png 36w, https:\/\/aulaabierta.arasaac.org\/wp-content\/uploads\/2016\/12\/next-120x120.png 120w, https:\/\/aulaabierta.arasaac.org\/wp-content\/uploads\/2016\/12\/next.png 128w\" sizes=\"(max-width: 80px) 100vw, 80px\" \/><\/a><\/div><\/div><\/div><\/div>\n<div class='flex_column av-vtfpkv-8fb9bef4cb06de80cef16013e631f9a4 av_one_full  avia-builder-el-16  el_after_av_one_fifth  avia-builder-el-last  first flex_column_div column-top-margin'     ><\/div>\n","protected":false},"excerpt":{"rendered":"","protected":false},"author":5,"featured_media":106721,"parent":0,"menu_order":0,"comment_status":"open","ping_status":"open","template":"","meta":{"om_disable_all_campaigns":false,"_monsterinsights_skip_tracking":false,"_monsterinsights_sitenote_active":false,"_monsterinsights_sitenote_note":"","_monsterinsights_sitenote_category":0,"_uf_show_specific_survey":0,"_uf_disable_surveys":false,"footnotes":""},"class_list":["post-109955","page","type-page","status-publish","has-post-thumbnail","hentry"],"aioseo_notices":[],"_links":{"self":[{"href":"https:\/\/aulaabierta.arasaac.org\/de\/wp-json\/wp\/v2\/pages\/109955","targetHints":{"allow":["GET"]}}],"collection":[{"href":"https:\/\/aulaabierta.arasaac.org\/de\/wp-json\/wp\/v2\/pages"}],"about":[{"href":"https:\/\/aulaabierta.arasaac.org\/de\/wp-json\/wp\/v2\/types\/page"}],"author":[{"embeddable":true,"href":"https:\/\/aulaabierta.arasaac.org\/de\/wp-json\/wp\/v2\/users\/5"}],"replies":[{"embeddable":true,"href":"https:\/\/aulaabierta.arasaac.org\/de\/wp-json\/wp\/v2\/comments?post=109955"}],"version-history":[{"count":33,"href":"https:\/\/aulaabierta.arasaac.org\/de\/wp-json\/wp\/v2\/pages\/109955\/revisions"}],"predecessor-version":[{"id":145696,"href":"https:\/\/aulaabierta.arasaac.org\/de\/wp-json\/wp\/v2\/pages\/109955\/revisions\/145696"}],"wp:featuredmedia":[{"embeddable":true,"href":"https:\/\/aulaabierta.arasaac.org\/de\/wp-json\/wp\/v2\/media\/106721"}],"wp:attachment":[{"href":"https:\/\/aulaabierta.arasaac.org\/de\/wp-json\/wp\/v2\/media?parent=109955"}],"curies":[{"name":"wp","href":"https:\/\/api.w.org\/{rel}","templated":true}]}}