{"id":109970,"date":"2022-10-28T08:39:12","date_gmt":"2022-10-28T07:39:12","guid":{"rendered":"https:\/\/aulaabierta.arasaac.org\/asterics-grid_communicator_startseite"},"modified":"2023-02-09T11:39:00","modified_gmt":"2023-02-09T10:39:00","slug":"asterics-aac_kommunikator_startbildschirm","status":"publish","type":"page","link":"https:\/\/aulaabierta.arasaac.org\/de\/asterics-aac_kommunikator_startbildschirm","title":{"rendered":"Asterics AAC Kommunikator &#8211; 4 &#8211; Kommunikator Startbildschirm"},"content":{"rendered":"\n<style type=\"text\/css\" data-created_by=\"avia_inline_auto\" id=\"style-css-av-g02wp-92e12ddbbc86546c0bd95e8f6fc1a10f\">\n#top .av-special-heading.av-g02wp-92e12ddbbc86546c0bd95e8f6fc1a10f{\npadding-bottom:0;\n}\nbody .av-special-heading.av-g02wp-92e12ddbbc86546c0bd95e8f6fc1a10f .av-special-heading-tag .heading-char{\nfont-size:25px;\n}\n.av-special-heading.av-g02wp-92e12ddbbc86546c0bd95e8f6fc1a10f .av-subheading{\nfont-size:15px;\n}\n<\/style>\n<div  class='av-special-heading av-g02wp-92e12ddbbc86546c0bd95e8f6fc1a10f av-special-heading-h2  avia-builder-el-0  el_before_av_heading  avia-builder-el-first '><h2 class='av-special-heading-tag'  itemprop=\"headline\"  >Asterics AAC Dynamischer Kommunikator<\/h2><div class=\"special-heading-border\"><div class=\"special-heading-inner-border\"><\/div><\/div><\/div>\n\n<style type=\"text\/css\" data-created_by=\"avia_inline_auto\" id=\"style-css-av-l6uyu781-ce76411fee8debc18f6f056d5fd8cf67\">\n#top .av-special-heading.av-l6uyu781-ce76411fee8debc18f6f056d5fd8cf67{\npadding-bottom:0;\n}\nbody .av-special-heading.av-l6uyu781-ce76411fee8debc18f6f056d5fd8cf67 .av-special-heading-tag .heading-char{\nfont-size:25px;\n}\n.av-special-heading.av-l6uyu781-ce76411fee8debc18f6f056d5fd8cf67 .av-subheading{\nfont-size:15px;\n}\n<\/style>\n<div  class='av-special-heading av-l6uyu781-ce76411fee8debc18f6f056d5fd8cf67 av-special-heading-h2  avia-builder-el-1  el_after_av_heading  el_before_av_textblock '><h2 class='av-special-heading-tag'  itemprop=\"headline\"  >4 &#8211; Kommunikator Startbildschirm<\/h2><div class=\"special-heading-border\"><div class=\"special-heading-inner-border\"><\/div><\/div><\/div>\n\n<style type=\"text\/css\" data-created_by=\"avia_inline_auto\" id=\"style-css-av-80ofsp-85d15c89fe0b9ec3354a61db14f3e88e\">\n#top .av_textblock_section.av-80ofsp-85d15c89fe0b9ec3354a61db14f3e88e .avia_textblock{\nfont-size:16px;\n}\n<\/style>\n<section  class='av_textblock_section av-80ofsp-85d15c89fe0b9ec3354a61db14f3e88e'  itemscope=\"itemscope\" itemtype=\"https:\/\/schema.org\/CreativeWork\" ><div class='avia_textblock'  itemprop=\"text\" ><h3><\/h3>\n<h3>Startmen\u00fc<\/h3>\n<p>Das <strong>Startmen\u00fc<\/strong> des dynamischen <strong>AsTeRICS-Grid<\/strong>-Kommunikators erm\u00f6glicht es Ihnen, die <strong>Konfiguration des aktuell ge\u00f6ffneten Benutzers auszuf\u00fchren<\/strong> oder das <strong>aktuell angezeigte Grid\/Raster zu bearbeiten<\/strong>, um es individuell anzupassen.<\/p>\n<p>In diesem Tutorium wird die vom <a href=\"https:\/\/arasaac.org\/\" target=\"_blank\" rel=\"noopener\"><strong>ARASAAC-Team<\/strong><\/a> entwickelte Konfiguration als Modell verwendet. Diese Konfiguration wurde entwickelt, um alle M\u00f6glichkeiten, die <strong>Asterics AAC<\/strong> bietet, zu visualisieren. Es ist sehr wichtig zu betonen, dass jeder Mensch eine Konfiguration braucht, die an seine F\u00e4higkeiten, Eigenschaften, Bed\u00fcrfnisse, sein Umfeld usw. angepasst ist. <strong>Wir m\u00fcssen immer die Konfiguration an die Person anpassen und nicht die Person an die Konfiguration.<\/strong><\/p>\n<p>Diese Konfiguration wurde mit zwei miteinander kombinierten Kommunikationsoptionen entwickelt, die die beiden am weitesten verbreiteten Methoden der <strong>Unterst\u00fctzten Kommunikation (UK)<\/strong> repr\u00e4sentieren:<\/p>\n<ul>\n<li>Konfiguration mit einem <strong>nach Kategorien gegliederten Kernwortschatz<\/strong> und<\/li>\n<li><strong>Kernwortschatz<\/strong> Typ Konfiguration \u2013 wesentliche W\u00f6rter.<\/li>\n<\/ul>\n<p>Das <strong>Hauptgrid<\/strong> ist der <strong>Kernwortschatz, der nach Kategorien aufgeteilt ist<\/strong>. Unten rechts befindet sich eine Zelle mit der Bezeichnung Core 50, die uns zum <strong>Kernwortschatz &#8211; den wesentlichen W\u00f6rtern<\/strong> &#8211; f\u00fchrt.<\/p>\n<\/div><\/section>\n<div id='av-masonry-1' class='av-masonry av-l6q1gxhm-7fefdc84dbce3113f82d5c28ab396af4 noHover av-flex-size av-large-gap av-hover-overlay-active av-masonry-animation-active av-masonry-col-2 av-caption-always av-caption-style- av-masonry-gallery ' data-post_id=\"109970\"><div class=\"av-masonry-container isotope av-js-disabled\"><div class='av-masonry-entry isotope-item av-masonry-item-no-image '><\/div><a href=\"https:\/\/aulaabierta.arasaac.org\/wp-content\/uploads\/2022\/09\/Comunicador-Asterics-pictogramas-ARASAAC-1030x568.jpg\" data-srcset=\"https:\/\/aulaabierta.arasaac.org\/wp-content\/uploads\/2022\/09\/Comunicador-Asterics-pictogramas-ARASAAC-1030x568.jpg 1030w, https:\/\/aulaabierta.arasaac.org\/wp-content\/uploads\/2022\/09\/Comunicador-Asterics-pictogramas-ARASAAC-300x165.jpg 300w, https:\/\/aulaabierta.arasaac.org\/wp-content\/uploads\/2022\/09\/Comunicador-Asterics-pictogramas-ARASAAC-768x423.jpg 768w, https:\/\/aulaabierta.arasaac.org\/wp-content\/uploads\/2022\/09\/Comunicador-Asterics-pictogramas-ARASAAC-1536x847.jpg 1536w, https:\/\/aulaabierta.arasaac.org\/wp-content\/uploads\/2022\/09\/Comunicador-Asterics-pictogramas-ARASAAC-1500x827.jpg 1500w, https:\/\/aulaabierta.arasaac.org\/wp-content\/uploads\/2022\/09\/Comunicador-Asterics-pictogramas-ARASAAC-705x389.jpg 705w, https:\/\/aulaabierta.arasaac.org\/wp-content\/uploads\/2022\/09\/Comunicador-Asterics-pictogramas-ARASAAC.jpg 1591w\" data-sizes=\"(max-width: 1030px) 100vw, 1030px\"  aria-label=\"Bild Comunicador-Asterics-pictogramas-ARASAAC\"  id='av-masonry-1-item-106879' data-av-masonry-item='106879' class='av-masonry-entry isotope-item post-106879 attachment type-attachment status-inherit hentry  av-masonry-item-with-image' title=\"Comunicador-Asterics-pictogramas-ARASAAC\" alt=\"\"    itemprop=\"thumbnailUrl\" ><div class='av-inner-masonry-sizer'><\/div><figure class='av-inner-masonry main_color'><div class=\"av-masonry-outerimage-container\"><div class='av-masonry-image-container'   ><img decoding=\"async\" width=\"705\" height=\"389\" class=\"wp-image-106879 avia-img-lazy-loading-not-106879\"  src=\"https:\/\/aulaabierta.arasaac.org\/wp-content\/uploads\/2022\/09\/Comunicador-Asterics-pictogramas-ARASAAC-705x389.jpg\" title=\"Comunicador-Asterics-pictogramas-ARASAAC\" alt=\"\" srcset=\"https:\/\/aulaabierta.arasaac.org\/wp-content\/uploads\/2022\/09\/Comunicador-Asterics-pictogramas-ARASAAC-705x389.jpg 705w, https:\/\/aulaabierta.arasaac.org\/wp-content\/uploads\/2022\/09\/Comunicador-Asterics-pictogramas-ARASAAC-300x165.jpg 300w, https:\/\/aulaabierta.arasaac.org\/wp-content\/uploads\/2022\/09\/Comunicador-Asterics-pictogramas-ARASAAC-1030x568.jpg 1030w, https:\/\/aulaabierta.arasaac.org\/wp-content\/uploads\/2022\/09\/Comunicador-Asterics-pictogramas-ARASAAC-768x423.jpg 768w, https:\/\/aulaabierta.arasaac.org\/wp-content\/uploads\/2022\/09\/Comunicador-Asterics-pictogramas-ARASAAC-1536x847.jpg 1536w, https:\/\/aulaabierta.arasaac.org\/wp-content\/uploads\/2022\/09\/Comunicador-Asterics-pictogramas-ARASAAC-1500x827.jpg 1500w, https:\/\/aulaabierta.arasaac.org\/wp-content\/uploads\/2022\/09\/Comunicador-Asterics-pictogramas-ARASAAC.jpg 1591w\" sizes=\"(max-width: 705px) 100vw, 705px\" \/><\/div><\/div><figcaption class='av-inner-masonry-content site-background'><div class='av-inner-masonry-content-pos'><div class='av-inner-masonry-content-pos-content'><div class='avia-arrow'><\/div><\/div><\/div><\/figcaption><\/figure><\/a><!--end av-masonry entry--><a href=\"https:\/\/aulaabierta.arasaac.org\/wp-content\/uploads\/2022\/08\/Comunicador-Asterics-pictogramas-ARASAAC-23-1030x499.jpg\" data-srcset=\"https:\/\/aulaabierta.arasaac.org\/wp-content\/uploads\/2022\/08\/Comunicador-Asterics-pictogramas-ARASAAC-23-1030x499.jpg 1030w, https:\/\/aulaabierta.arasaac.org\/wp-content\/uploads\/2022\/08\/Comunicador-Asterics-pictogramas-ARASAAC-23-300x145.jpg 300w, https:\/\/aulaabierta.arasaac.org\/wp-content\/uploads\/2022\/08\/Comunicador-Asterics-pictogramas-ARASAAC-23-768x372.jpg 768w, https:\/\/aulaabierta.arasaac.org\/wp-content\/uploads\/2022\/08\/Comunicador-Asterics-pictogramas-ARASAAC-23-705x342.jpg 705w, https:\/\/aulaabierta.arasaac.org\/wp-content\/uploads\/2022\/08\/Comunicador-Asterics-pictogramas-ARASAAC-23.jpg 1258w\" data-sizes=\"(max-width: 1030px) 100vw, 1030px\"  aria-label=\"Bild Comunicador Asterics pictogramas ARASAAC 23\"  id='av-masonry-1-item-106759' data-av-masonry-item='106759' class='av-masonry-entry isotope-item post-106759 attachment type-attachment status-inherit hentry  av-masonry-item-with-image' title=\"Comunicador Asterics pictogramas ARASAAC 23\" alt=\"\"    itemprop=\"thumbnailUrl\" ><div class='av-inner-masonry-sizer'><\/div><figure class='av-inner-masonry main_color'><div class=\"av-masonry-outerimage-container\"><div class='av-masonry-image-container'   ><img decoding=\"async\" width=\"705\" height=\"342\" class=\"wp-image-106759 avia-img-lazy-loading-not-106759\"  src=\"https:\/\/aulaabierta.arasaac.org\/wp-content\/uploads\/2022\/08\/Comunicador-Asterics-pictogramas-ARASAAC-23-705x342.jpg\" title=\"Comunicador Asterics pictogramas ARASAAC 23\" alt=\"\" srcset=\"https:\/\/aulaabierta.arasaac.org\/wp-content\/uploads\/2022\/08\/Comunicador-Asterics-pictogramas-ARASAAC-23-705x342.jpg 705w, https:\/\/aulaabierta.arasaac.org\/wp-content\/uploads\/2022\/08\/Comunicador-Asterics-pictogramas-ARASAAC-23-300x145.jpg 300w, https:\/\/aulaabierta.arasaac.org\/wp-content\/uploads\/2022\/08\/Comunicador-Asterics-pictogramas-ARASAAC-23-1030x499.jpg 1030w, https:\/\/aulaabierta.arasaac.org\/wp-content\/uploads\/2022\/08\/Comunicador-Asterics-pictogramas-ARASAAC-23-768x372.jpg 768w, https:\/\/aulaabierta.arasaac.org\/wp-content\/uploads\/2022\/08\/Comunicador-Asterics-pictogramas-ARASAAC-23.jpg 1258w\" sizes=\"(max-width: 705px) 100vw, 705px\" \/><\/div><\/div><figcaption class='av-inner-masonry-content site-background'><div class='av-inner-masonry-content-pos'><div class='av-inner-masonry-content-pos-content'><div class='avia-arrow'><\/div><div class='av-masonry-entry-content entry-content'  itemprop=\"text\" >Comunicador tipo core vocabulary - palabras esenciales<\/div><\/div><\/div><\/figcaption><\/figure><\/a><!--end av-masonry entry--><\/div><\/div>\n\n<style type=\"text\/css\" data-created_by=\"avia_inline_auto\" id=\"style-css-av-l6q1q2pc-9184c6b1328e64222f68ba1176d60a02\">\n#top .av_textblock_section.av-l6q1q2pc-9184c6b1328e64222f68ba1176d60a02 .avia_textblock{\nfont-size:16px;\n}\n<\/style>\n<section  class='av_textblock_section av-l6q1q2pc-9184c6b1328e64222f68ba1176d60a02'  itemscope=\"itemscope\" itemtype=\"https:\/\/schema.org\/CreativeWork\" ><div class='avia_textblock'  itemprop=\"text\" ><h3>Schaltfl\u00e4chen zum Bearbeiten und Ausf\u00fchren des Kommunikators \/ der Konfiguration<\/h3>\n<p>Oben sehen wir vier Schaltfl\u00e4chen, die ganz bestimmte Funktionen zum <strong>Bearbeiten oder Ausf\u00fchren des Kommunikators<\/strong> bieten.<\/p>\n<p><img loading=\"lazy\" decoding=\"async\" class=\"aligncenter wp-image-95076\" src=\"https:\/\/aulaabierta.arasaac.org\/wp-content\/uploads\/2023\/01\/Comunicador-Asterics-pictogramas-ARASAAC-24_en.jpg\" alt=\"\" width=\"800\" height=\"379\"><\/p>\n<p>Im Folgenden finden Sie eine kurze Beschreibung:<\/p>\n<p><img loading=\"lazy\" decoding=\"async\" class=\"aligncenter wp-image-93745\" src=\"https:\/\/aulaabierta.arasaac.org\/wp-content\/uploads\/2023\/01\/Comunicador-Asterics-pictogramas-ARASAAC-26_en.jpg\" alt=\"\" width=\"750\" height=\"40\"><\/p>\n<p>Wie der Name schon sagt, k\u00f6nnen wir mit der Schaltfl\u00e4che &#8222;<strong>Bearbeiten ein<\/strong>&#8220; das <strong>aktuelle Grid bearbeiten<\/strong>, um \u00c4nderungen am Entwurf vorzunehmen, die Anzahl der Zellen (Elemente) zu erh\u00f6hen\/verringern, Piktogramme oder Bilder einzuf\u00fcgen, Funktionstasten zu aktivieren usw.<\/p>\n<p><img loading=\"lazy\" decoding=\"async\" class=\"aligncenter wp-image-93750\" src=\"https:\/\/aulaabierta.arasaac.org\/wp-content\/uploads\/2023\/01\/Comunicador-Asterics-pictogramas-ARASAAC-27_en.jpg\" alt=\"\" width=\"750\" height=\"40\"><\/p>\n<p>Durch Klicken auf die Schaltfl\u00e4che &#8222;<strong>Eingabeoptionen<\/strong>&#8220; k\u00f6nnen wir ausw\u00e4hlen, ob wir <strong>die Maus\/den Mausklick<\/strong> verwenden m\u00f6chten (je nachdem, ob wir einen Computer\/ein mobiles Ger\u00e4t verwenden) oder ob wir verschiedene Systeme des <strong>Scannings<\/strong> verwenden m\u00f6chten, im Falle von Menschen mit motorischen Schwierigkeiten.<\/p>\n<p><img loading=\"lazy\" decoding=\"async\" class=\"aligncenter wp-image-93760\" src=\"https:\/\/aulaabierta.arasaac.org\/wp-content\/uploads\/2023\/01\/Comunicador-Asterics-pictogramas-ARASAAC-28_en-1.jpg\" alt=\"\" width=\"750\" height=\"37\"><\/p>\n<p>Mit der Schaltfl\u00e4che &#8222;<strong>Vollbild<\/strong>&#8220; k\u00f6nnen Sie den <strong>Kommunikator so ausf\u00fchren, dass er den gesamten Bildschirm des Ger\u00e4ts ausf\u00fcllt<\/strong>, ohne dass ein Kontextmen\u00fc oder eine Schaltfl\u00e4che angezeigt wird. Um zur vorherigen Situation zur\u00fcckzukehren, m\u00fcssen wir die Escape-Taste dr\u00fccken (im Falle des Computers) und im Falle des mobilen Ger\u00e4ts, indem wir den Finger nach oben und unten ziehen und zur\u00fcckdr\u00fccken.<\/p>\n<p><img loading=\"lazy\" decoding=\"async\" class=\"aligncenter wp-image-93760\" src=\"https:\/\/aulaabierta.arasaac.org\/wp-content\/uploads\/2023\/01\/Comunicador-Asterics-pictogramas-ARASAAC-29_en.jpg\" alt=\"\" width=\"750\" height=\"40\"><\/p>\n<p>Mit der Schaltfl\u00e4che &#8222;<strong>Sperren<\/strong>&#8220; k\u00f6nnen Sie die <strong>Optionen &#8222;Bearbeiten ein&#8220; und die &#8222;Eingabeoptionen&#8220; sowie die Men\u00fcleiste links vom Bildschirm verschwinden<\/strong> lassen. Auf diese Weise kann der Nutzer keinerlei \u00c4nderungen vornehmen. Um es zu entsperren, klicken Sie auf die Schaltfl\u00e4che &#8222;Entsperren&#8220; mit der angegebene Anzahl von Malen.<\/p>\n<p><strong>SEHR WICHTIG: Wenn wir auf die Option &#8222;Sperren&#8220; und dann auf die Schaltfl\u00e4che &#8222;Vollbild&#8220; dr\u00fccken, erhalten wir die beste Option, die wir f\u00fcr unseren Benutzer verwenden k\u00f6nnen.<\/strong> Um zur vorherigen Seite zur\u00fcckzukehren, dr\u00fccken Sie die Escape-Taste.<\/p>\n<p>Im Men\u00fc \u201e<strong>Einstellungen<\/strong>&#8220; , das sp\u00e4ter beschrieben wird, kann auch ein <strong>numerisches Passwort festgelegt werden, um die Oberfl\u00e4che des Ger\u00e4ts zu sperren<\/strong>.<\/p>\n<\/div><\/section>\n\n<style type=\"text\/css\" data-created_by=\"avia_inline_auto\" id=\"style-css-av-l6rgd4hf-e5d7483c52cd88aa227782ceb153edcc\">\n#top .av_textblock_section.av-l6rgd4hf-e5d7483c52cd88aa227782ceb153edcc .avia_textblock{\nfont-size:16px;\n}\n<\/style>\n<section  class='av_textblock_section av-l6rgd4hf-e5d7483c52cd88aa227782ceb153edcc'  itemscope=\"itemscope\" itemtype=\"https:\/\/schema.org\/CreativeWork\" ><div class='avia_textblock'  itemprop=\"text\" ><h3>Kumulierte Phrasen- und Aktionsschaltfl\u00e4chen<\/h3>\n<p>Ein Schl\u00fcsselelement des <strong>AsTeRICS-Grid<\/strong>-Kommunikators ist die <strong>kumulierte Phrase (Sammelelement)<\/strong> und die daneben befindlichen <strong>Aktionsschaltfl\u00e4chen<\/strong>, die vollst\u00e4ndig konfigurierbar sind.<\/p>\n<p><img loading=\"lazy\" decoding=\"async\" class=\"aligncenter wp-image-95081\" src=\"https:\/\/aulaabierta.arasaac.org\/wp-content\/uploads\/2023\/01\/Comunicador-Asterics-pictogramas-ARASAAC-31_en.jpg\" alt=\"\" width=\"800\" height=\"450\"><\/p>\n<p>W\u00e4hrend der Ausf\u00fchrung des Kommunikators <strong>sammeln sich die Piktogramme, orthografischen Zeichen und Texte<\/strong>, die auf dem Grid zu sehen sind, um der <strong>Botschaft, die der Benutzer aussenden m\u00f6chte, Gestalt zu geben<\/strong>.<\/p>\n<p>In diesem Konfigurationsbeispiel haben wir eine Reihe von <strong>Aktionsschaltfl\u00e4chen<\/strong> auf beiden Seiten des Satzes konfiguriert, wobei wir sie an beliebiger Stelle platzieren k\u00f6nnen, so wie es f\u00fcr den Benutzer am n\u00fctzlichsten ist.<\/p>\n<p><img loading=\"lazy\" decoding=\"async\" class=\"aligncenter wp-image-95097\" src=\"https:\/\/aulaabierta.arasaac.org\/wp-content\/uploads\/2023\/01\/Comunicador-Asterics-pictogramas-ARASAAC-32-1-1_en.jpg\" alt=\"\" width=\"800\" height=\"377\"><\/p>\n<p>In diesem Fall haben wir Schaltfl\u00e4chen f\u00fcr &#8222;<strong>Home<\/strong>&#8220; , &#8222;<strong>Zur\u00fcck<\/strong>&#8220; , &#8222;<strong>Phrase sprechen<\/strong>&#8220; , &#8222;<strong>Letztes Piktogramm\/Text l\u00f6schen<\/strong>&#8220; und &#8222;<strong>Phrase l\u00f6schen<\/strong>&#8220; verwendet. Diese Schaltfl\u00e4chen werden \u00fcber das <strong>globale Grid<\/strong> (globales Raster) konfiguriert, dessen Funktionsweise in weiteren Tutorials erl\u00e4utert wird.<\/p>\n<\/div><\/section>\n\n<style type=\"text\/css\" data-created_by=\"avia_inline_auto\" id=\"style-css-av-l6rh63tx-a90390a4bd9e5a9cd5700ada0b2f02eb\">\n#top .av_textblock_section.av-l6rh63tx-a90390a4bd9e5a9cd5700ada0b2f02eb .avia_textblock{\nfont-size:16px;\n}\n<\/style>\n<section  class='av_textblock_section av-l6rh63tx-a90390a4bd9e5a9cd5700ada0b2f02eb'  itemscope=\"itemscope\" itemtype=\"https:\/\/schema.org\/CreativeWork\" ><div class='avia_textblock'  itemprop=\"text\" ><h3>Hauptgrid und verkn\u00fcpfte Grids<\/h3>\n<p>Zum Schluss sehen wir in dieser Abbildung Zugang zum <strong>Hauptgrid des Asterics AAC<\/strong> <strong>Kommunikators<\/strong> und zu den mit diesem Grid <strong>verlinkten (verkn\u00fcpften) Grids<\/strong>.<\/p>\n<p><img loading=\"lazy\" decoding=\"async\" class=\"aligncenter wp-image-95102\" src=\"https:\/\/aulaabierta.arasaac.org\/wp-content\/uploads\/2023\/01\/Comunicador-Asterics-pictogramas-ARASAAC-33_en.jpg\" alt=\"\" width=\"800\" height=\"379\"><\/p>\n<p>Die Zellen (Elemente) des Grids, die mit anderen Grids verlinkt sind, sind durch ein kleines graues Quadrat in der oberen rechten Ecke gekennzeichnet.<\/p>\n<\/div><\/section>\n<div class='flex_column av-2krg6xr-318b22cf5a7dcc17d549f6d260a48947 av_one_fifth  avia-builder-el-7  el_after_av_textblock  el_before_av_one_fifth  first flex_column_div column-top-margin'     ><style type=\"text\/css\" data-created_by=\"avia_inline_auto\" id=\"style-css-av-l6kdyooj-9313a14c480ca8b63ad61ff72ab1e960\">\n.avia-image-container.av-l6kdyooj-9313a14c480ca8b63ad61ff72ab1e960 img.avia_image{\nbox-shadow:none;\n}\n.avia-image-container.av-l6kdyooj-9313a14c480ca8b63ad61ff72ab1e960 .av-image-caption-overlay-center{\ncolor:#ffffff;\n}\n<\/style>\n<div  class='avia-image-container av-l6kdyooj-9313a14c480ca8b63ad61ff72ab1e960 av-styling- avia-align-center  avia-builder-el-8  avia-builder-el-no-sibling '   itemprop=\"image\" itemscope=\"itemscope\" itemtype=\"https:\/\/schema.org\/ImageObject\" ><div class=\"avia-image-container-inner\"><div class=\"avia-image-overlay-wrap\"><a href=\"https:\/\/aulaabierta.arasaac.org\/de\/asterics-aac_startmenue\" class='avia_image' ><img decoding=\"async\" class='wp-image-96479 avia-img-lazy-loading-not-96479 avia_image ' src=\"https:\/\/aulaabierta.arasaac.org\/wp-content\/uploads\/2016\/12\/before-80x80.png\" alt='' title='before'  height=\"80\" width=\"80\"  itemprop=\"thumbnailUrl\" srcset=\"https:\/\/aulaabierta.arasaac.org\/wp-content\/uploads\/2016\/12\/before-80x80.png 80w, https:\/\/aulaabierta.arasaac.org\/wp-content\/uploads\/2016\/12\/before-36x36.png 36w, https:\/\/aulaabierta.arasaac.org\/wp-content\/uploads\/2016\/12\/before-120x120.png 120w, https:\/\/aulaabierta.arasaac.org\/wp-content\/uploads\/2016\/12\/before.png 128w\" sizes=\"(max-width: 80px) 100vw, 80px\" \/><\/a><\/div><\/div><\/div><\/div>\n<div class='flex_column av-2acjjb3-72430572443564d7b3ecb332fff10556 av_one_fifth  avia-builder-el-9  el_after_av_one_fifth  el_before_av_one_fifth  flex_column_div column-top-margin'     ><\/div>\n<div class='flex_column av-5ueg0v-f5b4451085be42fd2a70550803012549 av_one_fifth  avia-builder-el-10  el_after_av_one_fifth  el_before_av_one_fifth  flex_column_div column-top-margin'     ><style type=\"text\/css\" data-created_by=\"avia_inline_auto\" id=\"style-css-av-l6ke1xda-f1b99bc859425e24e150db459a323688\">\n.avia-image-container.av-l6ke1xda-f1b99bc859425e24e150db459a323688 img.avia_image{\nbox-shadow:none;\n}\n.avia-image-container.av-l6ke1xda-f1b99bc859425e24e150db459a323688 .av-image-caption-overlay-center{\ncolor:#ffffff;\n}\n<\/style>\n<div  class='avia-image-container av-l6ke1xda-f1b99bc859425e24e150db459a323688 av-styling- avia-align-center  avia-builder-el-11  avia-builder-el-no-sibling '   itemprop=\"image\" itemscope=\"itemscope\" itemtype=\"https:\/\/schema.org\/ImageObject\" ><div class=\"avia-image-container-inner\"><div class=\"avia-image-overlay-wrap\"><a href=\"https:\/\/aulaabierta.arasaac.org\/de\/asterics-aac_startseite\" class='avia_image' ><img decoding=\"async\" class='wp-image-106723 avia-img-lazy-loading-not-106723 avia_image ' src=\"https:\/\/aulaabierta.arasaac.org\/wp-content\/uploads\/2022\/08\/casa-120x120-1-80x80.png\" alt='' title='casa-120x120'  height=\"80\" width=\"80\"  itemprop=\"thumbnailUrl\" srcset=\"https:\/\/aulaabierta.arasaac.org\/wp-content\/uploads\/2022\/08\/casa-120x120-1-80x80.png 80w, https:\/\/aulaabierta.arasaac.org\/wp-content\/uploads\/2022\/08\/casa-120x120-1-36x36.png 36w, https:\/\/aulaabierta.arasaac.org\/wp-content\/uploads\/2022\/08\/casa-120x120-1.png 120w\" sizes=\"(max-width: 80px) 100vw, 80px\" \/><\/a><\/div><\/div><\/div><\/div>\n<div class='flex_column av-126aqin-7a6e39193fa1262d0b61cdb616a4a062 av_one_fifth  avia-builder-el-12  el_after_av_one_fifth  el_before_av_one_fifth  flex_column_div column-top-margin'     ><\/div>\n<div class='flex_column av-w2yn9b-3822e7b37f6ad515aaaac5be5b29fec2 av_one_fifth  avia-builder-el-13  el_after_av_one_fifth  el_before_av_one_full  flex_column_div column-top-margin'     ><style type=\"text\/css\" data-created_by=\"avia_inline_auto\" id=\"style-css-av-l6kdzl6f-046f27c99c646e6deb22c36e35f5dd8f\">\n.avia-image-container.av-l6kdzl6f-046f27c99c646e6deb22c36e35f5dd8f img.avia_image{\nbox-shadow:none;\n}\n.avia-image-container.av-l6kdzl6f-046f27c99c646e6deb22c36e35f5dd8f .av-image-caption-overlay-center{\ncolor:#ffffff;\n}\n<\/style>\n<div  class='avia-image-container av-l6kdzl6f-046f27c99c646e6deb22c36e35f5dd8f av-styling- avia-align-center  avia-builder-el-14  avia-builder-el-no-sibling '   itemprop=\"image\" itemscope=\"itemscope\" itemtype=\"https:\/\/schema.org\/ImageObject\" ><div class=\"avia-image-container-inner\"><div class=\"avia-image-overlay-wrap\"><a href=\"https:\/\/aulaabierta.arasaac.org\/de\/asterics-aac_hauptgrid_globales_grid\" class='avia_image' ><img decoding=\"async\" class='wp-image-96480 avia-img-lazy-loading-not-96480 avia_image ' src=\"https:\/\/aulaabierta.arasaac.org\/wp-content\/uploads\/2016\/12\/next-80x80.png\" alt='' title='next'  height=\"80\" width=\"80\"  itemprop=\"thumbnailUrl\" srcset=\"https:\/\/aulaabierta.arasaac.org\/wp-content\/uploads\/2016\/12\/next-80x80.png 80w, https:\/\/aulaabierta.arasaac.org\/wp-content\/uploads\/2016\/12\/next-36x36.png 36w, https:\/\/aulaabierta.arasaac.org\/wp-content\/uploads\/2016\/12\/next-120x120.png 120w, https:\/\/aulaabierta.arasaac.org\/wp-content\/uploads\/2016\/12\/next.png 128w\" sizes=\"(max-width: 80px) 100vw, 80px\" \/><\/a><\/div><\/div><\/div><\/div>\n<div class='flex_column av-vtfpkv-8fb9bef4cb06de80cef16013e631f9a4 av_one_full  avia-builder-el-15  el_after_av_one_fifth  avia-builder-el-last  first flex_column_div column-top-margin'     ><\/div>\n","protected":false},"excerpt":{"rendered":"","protected":false},"author":5,"featured_media":106721,"parent":0,"menu_order":0,"comment_status":"open","ping_status":"open","template":"","meta":{"om_disable_all_campaigns":false,"_monsterinsights_skip_tracking":false,"_monsterinsights_sitenote_active":false,"_monsterinsights_sitenote_note":"","_monsterinsights_sitenote_category":0,"_uf_show_specific_survey":0,"_uf_disable_surveys":false,"footnotes":""},"class_list":["post-109970","page","type-page","status-publish","has-post-thumbnail","hentry"],"aioseo_notices":[],"_links":{"self":[{"href":"https:\/\/aulaabierta.arasaac.org\/de\/wp-json\/wp\/v2\/pages\/109970","targetHints":{"allow":["GET"]}}],"collection":[{"href":"https:\/\/aulaabierta.arasaac.org\/de\/wp-json\/wp\/v2\/pages"}],"about":[{"href":"https:\/\/aulaabierta.arasaac.org\/de\/wp-json\/wp\/v2\/types\/page"}],"author":[{"embeddable":true,"href":"https:\/\/aulaabierta.arasaac.org\/de\/wp-json\/wp\/v2\/users\/5"}],"replies":[{"embeddable":true,"href":"https:\/\/aulaabierta.arasaac.org\/de\/wp-json\/wp\/v2\/comments?post=109970"}],"version-history":[{"count":111,"href":"https:\/\/aulaabierta.arasaac.org\/de\/wp-json\/wp\/v2\/pages\/109970\/revisions"}],"predecessor-version":[{"id":145711,"href":"https:\/\/aulaabierta.arasaac.org\/de\/wp-json\/wp\/v2\/pages\/109970\/revisions\/145711"}],"wp:featuredmedia":[{"embeddable":true,"href":"https:\/\/aulaabierta.arasaac.org\/de\/wp-json\/wp\/v2\/media\/106721"}],"wp:attachment":[{"href":"https:\/\/aulaabierta.arasaac.org\/de\/wp-json\/wp\/v2\/media?parent=109970"}],"curies":[{"name":"wp","href":"https:\/\/api.w.org\/{rel}","templated":true}]}}