{"id":109973,"date":"2022-10-28T11:46:31","date_gmt":"2022-10-28T10:46:31","guid":{"rendered":"https:\/\/aulaabierta.arasaac.org\/asterics-grid_hauptgrid_globales_grid"},"modified":"2023-02-09T11:38:59","modified_gmt":"2023-02-09T10:38:59","slug":"asterics-aac_hauptgrid_globales_grid","status":"publish","type":"page","link":"https:\/\/aulaabierta.arasaac.org\/de\/asterics-aac_hauptgrid_globales_grid","title":{"rendered":"Asterics AAC Kommunikator &#8211; 5 &#8211; Hauptgrid und Globales Grid"},"content":{"rendered":"\n<style type=\"text\/css\" data-created_by=\"avia_inline_auto\" id=\"style-css-av-g02wp-0cd0aa7df4e77bfaafb793a5f5ab43b3\">\n#top .av-special-heading.av-g02wp-0cd0aa7df4e77bfaafb793a5f5ab43b3{\npadding-bottom:0;\n}\nbody .av-special-heading.av-g02wp-0cd0aa7df4e77bfaafb793a5f5ab43b3 .av-special-heading-tag .heading-char{\nfont-size:25px;\n}\n.av-special-heading.av-g02wp-0cd0aa7df4e77bfaafb793a5f5ab43b3 .av-subheading{\nfont-size:15px;\n}\n<\/style>\n<div  class='av-special-heading av-g02wp-0cd0aa7df4e77bfaafb793a5f5ab43b3 av-special-heading-h2  avia-builder-el-0  el_before_av_heading  avia-builder-el-first '><h2 class='av-special-heading-tag'  itemprop=\"headline\"  >Dynamischer Kommunikator Asterics AAC <\/h2><div class=\"special-heading-border\"><div class=\"special-heading-inner-border\"><\/div><\/div><\/div>\n\n<style type=\"text\/css\" data-created_by=\"avia_inline_auto\" id=\"style-css-av-l6uyvnzl-332b723664714bcafa3ba8712fda0316\">\n#top .av-special-heading.av-l6uyvnzl-332b723664714bcafa3ba8712fda0316{\npadding-bottom:0;\n}\nbody .av-special-heading.av-l6uyvnzl-332b723664714bcafa3ba8712fda0316 .av-special-heading-tag .heading-char{\nfont-size:25px;\n}\n.av-special-heading.av-l6uyvnzl-332b723664714bcafa3ba8712fda0316 .av-subheading{\nfont-size:15px;\n}\n<\/style>\n<div  class='av-special-heading av-l6uyvnzl-332b723664714bcafa3ba8712fda0316 av-special-heading-h2  avia-builder-el-1  el_after_av_heading  el_before_av_textblock '><h2 class='av-special-heading-tag'  itemprop=\"headline\"  >5 &#8211; Hauptgrid und Globales Grid<\/h2><div class=\"special-heading-border\"><div class=\"special-heading-inner-border\"><\/div><\/div><\/div>\n\n<style type=\"text\/css\" data-created_by=\"avia_inline_auto\" id=\"style-css-av-80ofsp-85d15c89fe0b9ec3354a61db14f3e88e\">\n#top .av_textblock_section.av-80ofsp-85d15c89fe0b9ec3354a61db14f3e88e .avia_textblock{\nfont-size:16px;\n}\n<\/style>\n<section  class='av_textblock_section av-80ofsp-85d15c89fe0b9ec3354a61db14f3e88e'  itemscope=\"itemscope\" itemtype=\"https:\/\/schema.org\/CreativeWork\" ><div class='avia_textblock'  itemprop=\"text\" ><p>In den folgenden Tutorials werden wir lernen, wie wir unseren dynamischen <strong>AsTeRICS-Grid<\/strong>-Kommunikator erstellen und modifizieren, um ihn an den Benutzer anzupassen. Dazu ist es wichtig, die beiden Arten von Grids, die wir verwenden werden, zu unterscheiden: das <strong>Haupt(kommunikations)grid<\/strong> und das <strong>globale Grid<\/strong>.<\/p>\n<\/div><\/section>\n<div id='av-masonry-1' class='av-masonry av-l6vtdnki-1c4a46ba7692233c7f971600883501c9 noHover av-flex-size av-no-gap av-hover-overlay-active av-masonry-animation-active av-masonry-col-2 av-caption-always av-caption-style- av-masonry-gallery ' data-post_id=\"109973\"><div class=\"av-masonry-container isotope av-js-disabled\"><div class='av-masonry-entry isotope-item av-masonry-item-no-image '><\/div><a href=\"https:\/\/aulaabierta.arasaac.org\/wp-content\/uploads\/2022\/09\/Comunicador-Asterics-pictogramas-ARASAAC-33-1030x488.jpg\" data-srcset=\"https:\/\/aulaabierta.arasaac.org\/wp-content\/uploads\/2022\/09\/Comunicador-Asterics-pictogramas-ARASAAC-33-1030x488.jpg 1030w, https:\/\/aulaabierta.arasaac.org\/wp-content\/uploads\/2022\/09\/Comunicador-Asterics-pictogramas-ARASAAC-33-300x142.jpg 300w, https:\/\/aulaabierta.arasaac.org\/wp-content\/uploads\/2022\/09\/Comunicador-Asterics-pictogramas-ARASAAC-33-768x364.jpg 768w, https:\/\/aulaabierta.arasaac.org\/wp-content\/uploads\/2022\/09\/Comunicador-Asterics-pictogramas-ARASAAC-33-1536x728.jpg 1536w, https:\/\/aulaabierta.arasaac.org\/wp-content\/uploads\/2022\/09\/Comunicador-Asterics-pictogramas-ARASAAC-33-1500x711.jpg 1500w, https:\/\/aulaabierta.arasaac.org\/wp-content\/uploads\/2022\/09\/Comunicador-Asterics-pictogramas-ARASAAC-33-705x334.jpg 705w, https:\/\/aulaabierta.arasaac.org\/wp-content\/uploads\/2022\/09\/Comunicador-Asterics-pictogramas-ARASAAC-33.jpg 1593w\" data-sizes=\"(max-width: 1030px) 100vw, 1030px\"  aria-label=\"Bild Comunicador-Asterics-pictogramas-ARASAAC-33\"  id='av-masonry-1-item-106885' data-av-masonry-item='106885' class='av-masonry-entry isotope-item post-106885 attachment type-attachment status-inherit hentry  av-masonry-item-with-image' title=\"Comunicador-Asterics-pictogramas-ARASAAC-33\" alt=\"\"    itemprop=\"thumbnailUrl\" ><div class='av-inner-masonry-sizer'><\/div><figure class='av-inner-masonry main_color'><div class=\"av-masonry-outerimage-container\"><div class='av-masonry-image-container'   ><img decoding=\"async\" width=\"705\" height=\"334\" class=\"wp-image-106885 avia-img-lazy-loading-not-106885\"  src=\"https:\/\/aulaabierta.arasaac.org\/wp-content\/uploads\/2022\/09\/Comunicador-Asterics-pictogramas-ARASAAC-33-705x334.jpg\" title=\"Comunicador-Asterics-pictogramas-ARASAAC-33\" alt=\"\" srcset=\"https:\/\/aulaabierta.arasaac.org\/wp-content\/uploads\/2022\/09\/Comunicador-Asterics-pictogramas-ARASAAC-33-705x334.jpg 705w, https:\/\/aulaabierta.arasaac.org\/wp-content\/uploads\/2022\/09\/Comunicador-Asterics-pictogramas-ARASAAC-33-300x142.jpg 300w, https:\/\/aulaabierta.arasaac.org\/wp-content\/uploads\/2022\/09\/Comunicador-Asterics-pictogramas-ARASAAC-33-1030x488.jpg 1030w, https:\/\/aulaabierta.arasaac.org\/wp-content\/uploads\/2022\/09\/Comunicador-Asterics-pictogramas-ARASAAC-33-768x364.jpg 768w, https:\/\/aulaabierta.arasaac.org\/wp-content\/uploads\/2022\/09\/Comunicador-Asterics-pictogramas-ARASAAC-33-1536x728.jpg 1536w, https:\/\/aulaabierta.arasaac.org\/wp-content\/uploads\/2022\/09\/Comunicador-Asterics-pictogramas-ARASAAC-33-1500x711.jpg 1500w, https:\/\/aulaabierta.arasaac.org\/wp-content\/uploads\/2022\/09\/Comunicador-Asterics-pictogramas-ARASAAC-33.jpg 1593w\" sizes=\"(max-width: 705px) 100vw, 705px\" \/><\/div><\/div><figcaption class='av-inner-masonry-content site-background'><div class='av-inner-masonry-content-pos'><div class='av-inner-masonry-content-pos-content'><div class='avia-arrow'><\/div><\/div><\/div><\/figcaption><\/figure><\/a><!--end av-masonry entry--><\/div><\/div>\n<div  class='hr av-iz2hlx-ee617bac7e67d9af62382934f6de8452 hr-default  avia-builder-el-4  el_after_av_masonry_gallery  el_before_av_textblock  avia-builder-el-first '><span class='hr-inner '><span class=\"hr-inner-style\"><\/span><\/span><\/div>\n\n<style type=\"text\/css\" data-created_by=\"avia_inline_auto\" id=\"style-css-av-l6vta9g2-c100f3a5a2fa9d3487960701b806730d\">\n#top .av_textblock_section.av-l6vta9g2-c100f3a5a2fa9d3487960701b806730d .avia_textblock{\nfont-size:16px;\n}\n<\/style>\n<section  class='av_textblock_section av-l6vta9g2-c100f3a5a2fa9d3487960701b806730d'  itemscope=\"itemscope\" itemtype=\"https:\/\/schema.org\/CreativeWork\" ><div class='avia_textblock'  itemprop=\"text\" ><h3>Hauptgrid<\/h3>\n<p>Das <strong>Haupt(kommunikations)grid<\/strong> ist ein <strong>Grid<\/strong>, das aus Zellen (Elementen) besteht, in die wir unsere <strong>Symbole<\/strong>, <strong>Bilder<\/strong>, <strong>Texte<\/strong> usw. einf\u00fcgen, um die funktionale Kommunikation mit dem Benutzer zu erleichtern.<\/p>\n<p>Ausgehend von diesem Grid k\u00f6nnen wir <strong>verkn\u00fcpfte Grids<\/strong> mit verschiedenen Wortschatzkategorien verwenden, um die Kommunikation zu bereichern.<\/p>\n<p>Um unser <strong>Hauptkommunikationsgrid<\/strong> zu bearbeiten, m\u00fcssen wir auf die Schaltfl\u00e4che &#8222;<strong>Bearbeiten ein<\/strong>&#8220; in der oberen Men\u00fcleiste klicken.<\/p>\n<p><img loading=\"lazy\" decoding=\"async\" class=\"alignnone wp-image-93745 size-full\" src=\"https:\/\/aulaabierta.arasaac.org\/wp-content\/uploads\/2023\/01\/Comunicador-Asterics-pictogramas-ARASAAC-26_en.jpg\" alt=\"\" width=\"1251\" height=\"67\"><\/p>\n<p>Wenn wir die Konfiguration, die wir in diesen \u00dcbungen als Beispiel verwenden, bearbeiten, sieht es folgenderma\u00dfen aus:<\/p>\n<p><img loading=\"lazy\" decoding=\"async\" class=\"aligncenter wp-image-93875 size-full\" src=\"https:\/\/aulaabierta.arasaac.org\/wp-content\/uploads\/2023\/01\/Comunicador-Asterics-pictogramas-ARASAAC-35-1_en-2.jpg\" alt=\"\" width=\"1600\" height=\"900\"><\/p>\n<p>Wir k\u00f6nnen sehen, dass an der Stelle der Schaltfl\u00e4che &#8222;<strong>Bearbeiten ein<\/strong>&#8220; eine neue Schaltfl\u00e4che mit der Bezeichnung &#8222;<strong>Bearbeiten aus<\/strong>&#8220; erscheint. Sobald Sie Ihr Grid erstellt oder ge\u00e4ndert haben, klicken Sie auf die erw\u00e4hnte Schaltfl\u00e4che, um zum vorherigen Modus zur\u00fcckzukehren.<\/p>\n<p>Wir k\u00f6nnen auch sehen, dass die Zeile mit den kumulativen Phrasen und die Aktionsschaltfl\u00e4chen verschwunden sind. Diese Elemente geh\u00f6ren zum <strong>globalen Grid.<\/strong><\/p>\n<\/div><\/section>\n<div  class='hr av-mo4vb9-b73e5396971127583e076a34a6c88c7c hr-default  avia-builder-el-6  el_after_av_textblock  el_before_av_textblock '><span class='hr-inner '><span class=\"hr-inner-style\"><\/span><\/span><\/div>\n\n<style type=\"text\/css\" data-created_by=\"avia_inline_auto\" id=\"style-css-av-l6vtb1gw-078a545b3e2d34dea23efe2823b40bed\">\n#top .av_textblock_section.av-l6vtb1gw-078a545b3e2d34dea23efe2823b40bed .avia_textblock{\nfont-size:16px;\n}\n<\/style>\n<section  class='av_textblock_section av-l6vtb1gw-078a545b3e2d34dea23efe2823b40bed'  itemscope=\"itemscope\" itemtype=\"https:\/\/schema.org\/CreativeWork\" ><div class='avia_textblock'  itemprop=\"text\" ><h3>Globales Grid<\/h3>\n<p>Das <strong>globale Grid<\/strong> ist ein Raster, das <strong>immer auf allen Kommunikationstafeln\/Grids sichtbar<\/strong> ist. Sie kann <strong>Aktionsschaltfl\u00e4chen<\/strong> enthalten (z. B.: Start, Satz sprechen, l\u00f6schen usw.) und kann auch einige <strong>grundlegende Vokabeln<\/strong> enthalten, die jederzeit sichtbar sein sollen (z. B.: &#8222;Ich m\u00f6chte mich ausruhen&#8220;). Alle Elemente, die wir in diesem Rasterfeld platzieren, erscheinen in allen Kommunikationsrastern an der gleichen Stelle.<\/p>\n<p>Um unser globales Gitter zu bearbeiten, m\u00fcssen wir auf die Schaltfl\u00e4che &#8222;<strong>Bearbeiten ein<\/strong>&#8220; in der oberen Men\u00fcleiste klicken.<\/p>\n<p><img loading=\"lazy\" decoding=\"async\" class=\"alignnone wp-image-93745 size-full\" src=\"https:\/\/aulaabierta.arasaac.org\/wp-content\/uploads\/2023\/01\/Comunicador-Asterics-pictogramas-ARASAAC-26_en.jpg\" alt=\"\" width=\"1251\" height=\"67\"><\/p>\n<p>Klicken Sie dann auf das Men\u00fc &#8222;<strong>Mehr<\/strong>&#8220; oben rechts und w\u00e4hlen Sie die Option &#8222;<strong>Globales Grid bearbeiten<\/strong>&#8220; .<\/p>\n<p><img loading=\"lazy\" decoding=\"async\" class=\"aligncenter wp-image-93965 size-full\" src=\"https:\/\/aulaabierta.arasaac.org\/wp-content\/uploads\/2023\/01\/Comunicador-Asterics-pictogramas-ARASAAC-38a_en.jpg\" alt=\"\" width=\"1600\" height=\"908\"><\/p>\n<p>Nun wird das <strong>globale Grid<\/strong> der aktuellen Konfiguration auf dem Bildschirm angezeigt.<\/p>\n<p><img loading=\"lazy\" decoding=\"async\" class=\"aligncenter wp-image-93854 size-full\" src=\"https:\/\/aulaabierta.arasaac.org\/wp-content\/uploads\/2023\/01\/Comunicador-Asterics-pictogramas-ARASAAC-36_en.jpg\" alt=\"\" width=\"1600\" height=\"900\"><\/p>\n<p>In weiteren Tutorials wird erkl\u00e4rt, wie man diese beiden Arten von Grids erstellt\/bearbeitet\/ver\u00e4ndert.<\/p>\n<\/div><\/section>\n<div  class='hr av-105hfnp-12739dd2eccc4a7534306f304f1c6614 hr-default  avia-builder-el-8  el_after_av_textblock  el_before_av_heading '><span class='hr-inner '><span class=\"hr-inner-style\"><\/span><\/span><\/div>\n\n<style type=\"text\/css\" data-created_by=\"avia_inline_auto\" id=\"style-css-av-l7mx1366-9cbb2c26858ccb8b603e2f8ddd73eaab\">\n#top .av-special-heading.av-l7mx1366-9cbb2c26858ccb8b603e2f8ddd73eaab{\npadding-bottom:0;\ncolor:#b02b2c;\n}\nbody .av-special-heading.av-l7mx1366-9cbb2c26858ccb8b603e2f8ddd73eaab .av-special-heading-tag .heading-char{\nfont-size:25px;\npadding-bottom:10px;\n}\n.av-special-heading.av-l7mx1366-9cbb2c26858ccb8b603e2f8ddd73eaab .special-heading-inner-border{\nborder-color:#b02b2c;\n}\n.av-special-heading.av-l7mx1366-9cbb2c26858ccb8b603e2f8ddd73eaab .av-subheading{\nfont-size:15px;\n}\n<\/style>\n<div  class='av-special-heading av-l7mx1366-9cbb2c26858ccb8b603e2f8ddd73eaab av-special-heading-h3 custom-color-heading blockquote elegant-quote elegant-centered  avia-builder-el-9  el_after_av_hr  el_before_av_hr  av-linked-heading av-icon'><h3 class='av-special-heading-tag'  itemprop=\"headline\"  ><a class=\"av-heading-link\" href=\"https:\/\/aulaabierta.arasaac.org\/asterics-aac_tablero-global\"><span class='heading-char avia-font-entypo-fontello' aria-hidden='true' data-av_icon='\ue818' data-av_iconfont='entypo-fontello'><\/span><span class=\"heading-wrap\"> Weitere Informationen \u00fcber Globales Grid<\/span><\/a><\/h3><div class=\"special-heading-border\"><div class=\"special-heading-inner-border\"><\/div><\/div><\/div>\n<div  class='hr av-q7q291-270eeddf9bee1bde9077bcfc3027e529 hr-default  avia-builder-el-10  el_after_av_heading  el_before_av_one_fifth '><span class='hr-inner '><span class=\"hr-inner-style\"><\/span><\/span><\/div>\n<div class='flex_column av-2krg6xr-318b22cf5a7dcc17d549f6d260a48947 av_one_fifth  avia-builder-el-11  el_after_av_hr  el_before_av_one_fifth  first flex_column_div '     ><style type=\"text\/css\" data-created_by=\"avia_inline_auto\" id=\"style-css-av-l6kdyooj-543b92a8a1fee66ebfc2305628fe192d\">\n.avia-image-container.av-l6kdyooj-543b92a8a1fee66ebfc2305628fe192d img.avia_image{\nbox-shadow:none;\n}\n.avia-image-container.av-l6kdyooj-543b92a8a1fee66ebfc2305628fe192d .av-image-caption-overlay-center{\ncolor:#ffffff;\n}\n<\/style>\n<div  class='avia-image-container av-l6kdyooj-543b92a8a1fee66ebfc2305628fe192d av-styling- avia-align-center  avia-builder-el-12  avia-builder-el-no-sibling '   itemprop=\"image\" itemscope=\"itemscope\" itemtype=\"https:\/\/schema.org\/ImageObject\" ><div class=\"avia-image-container-inner\"><div class=\"avia-image-overlay-wrap\"><a href=\"https:\/\/aulaabierta.arasaac.org\/de\/asterics-aac_kommunikator_startbildschirm\" class='avia_image' ><img decoding=\"async\" class='wp-image-96479 avia-img-lazy-loading-not-96479 avia_image ' src=\"https:\/\/aulaabierta.arasaac.org\/wp-content\/uploads\/2016\/12\/before-80x80.png\" alt='' title='before'  height=\"80\" width=\"80\"  itemprop=\"thumbnailUrl\" srcset=\"https:\/\/aulaabierta.arasaac.org\/wp-content\/uploads\/2016\/12\/before-80x80.png 80w, https:\/\/aulaabierta.arasaac.org\/wp-content\/uploads\/2016\/12\/before-36x36.png 36w, https:\/\/aulaabierta.arasaac.org\/wp-content\/uploads\/2016\/12\/before-120x120.png 120w, https:\/\/aulaabierta.arasaac.org\/wp-content\/uploads\/2016\/12\/before.png 128w\" sizes=\"(max-width: 80px) 100vw, 80px\" \/><\/a><\/div><\/div><\/div><\/div>\n<div class='flex_column av-2acjjb3-72430572443564d7b3ecb332fff10556 av_one_fifth  avia-builder-el-13  el_after_av_one_fifth  el_before_av_one_fifth  flex_column_div '     ><\/div>\n<div class='flex_column av-5ueg0v-f5b4451085be42fd2a70550803012549 av_one_fifth  avia-builder-el-14  el_after_av_one_fifth  el_before_av_one_fifth  flex_column_div '     ><style type=\"text\/css\" data-created_by=\"avia_inline_auto\" id=\"style-css-av-l6ke1xda-f1b99bc859425e24e150db459a323688\">\n.avia-image-container.av-l6ke1xda-f1b99bc859425e24e150db459a323688 img.avia_image{\nbox-shadow:none;\n}\n.avia-image-container.av-l6ke1xda-f1b99bc859425e24e150db459a323688 .av-image-caption-overlay-center{\ncolor:#ffffff;\n}\n<\/style>\n<div  class='avia-image-container av-l6ke1xda-f1b99bc859425e24e150db459a323688 av-styling- avia-align-center  avia-builder-el-15  avia-builder-el-no-sibling '   itemprop=\"image\" itemscope=\"itemscope\" itemtype=\"https:\/\/schema.org\/ImageObject\" ><div class=\"avia-image-container-inner\"><div class=\"avia-image-overlay-wrap\"><a href=\"https:\/\/aulaabierta.arasaac.org\/de\/asterics-aac_startseite\" class='avia_image' ><img decoding=\"async\" class='wp-image-106723 avia-img-lazy-loading-not-106723 avia_image ' src=\"https:\/\/aulaabierta.arasaac.org\/wp-content\/uploads\/2022\/08\/casa-120x120-1-80x80.png\" alt='' title='casa-120x120'  height=\"80\" width=\"80\"  itemprop=\"thumbnailUrl\" srcset=\"https:\/\/aulaabierta.arasaac.org\/wp-content\/uploads\/2022\/08\/casa-120x120-1-80x80.png 80w, https:\/\/aulaabierta.arasaac.org\/wp-content\/uploads\/2022\/08\/casa-120x120-1-36x36.png 36w, https:\/\/aulaabierta.arasaac.org\/wp-content\/uploads\/2022\/08\/casa-120x120-1.png 120w\" sizes=\"(max-width: 80px) 100vw, 80px\" \/><\/a><\/div><\/div><\/div><\/div>\n<div class='flex_column av-lufc85-99aeef388a7d4def523afaee1390de4a av_one_fifth  avia-builder-el-16  el_after_av_one_fifth  el_before_av_one_fifth  flex_column_div '     ><\/div>\n<div class='flex_column av-w2yn9b-3822e7b37f6ad515aaaac5be5b29fec2 av_one_fifth  avia-builder-el-17  el_after_av_one_fifth  el_before_av_one_full  flex_column_div '     ><style type=\"text\/css\" data-created_by=\"avia_inline_auto\" id=\"style-css-av-l6kdzl6f-d86a218cbceaef0d965f93407e17696c\">\n.avia-image-container.av-l6kdzl6f-d86a218cbceaef0d965f93407e17696c img.avia_image{\nbox-shadow:none;\n}\n.avia-image-container.av-l6kdzl6f-d86a218cbceaef0d965f93407e17696c .av-image-caption-overlay-center{\ncolor:#ffffff;\n}\n<\/style>\n<div  class='avia-image-container av-l6kdzl6f-d86a218cbceaef0d965f93407e17696c av-styling- avia-align-center  avia-builder-el-18  avia-builder-el-no-sibling '   itemprop=\"image\" itemscope=\"itemscope\" itemtype=\"https:\/\/schema.org\/ImageObject\" ><div class=\"avia-image-container-inner\"><div class=\"avia-image-overlay-wrap\"><a href=\"https:\/\/aulaabierta.arasaac.org\/de\/asterics-aac_zelltext_bearbeiten\" class='avia_image' ><img decoding=\"async\" class='wp-image-96480 avia-img-lazy-loading-not-96480 avia_image ' src=\"https:\/\/aulaabierta.arasaac.org\/wp-content\/uploads\/2016\/12\/next-80x80.png\" alt='' title='next'  height=\"80\" width=\"80\"  itemprop=\"thumbnailUrl\" srcset=\"https:\/\/aulaabierta.arasaac.org\/wp-content\/uploads\/2016\/12\/next-80x80.png 80w, https:\/\/aulaabierta.arasaac.org\/wp-content\/uploads\/2016\/12\/next-36x36.png 36w, https:\/\/aulaabierta.arasaac.org\/wp-content\/uploads\/2016\/12\/next-120x120.png 120w, https:\/\/aulaabierta.arasaac.org\/wp-content\/uploads\/2016\/12\/next.png 128w\" sizes=\"(max-width: 80px) 100vw, 80px\" \/><\/a><\/div><\/div><\/div><\/div>\n<div class='flex_column av-126aqin-6c33e772d92245841b5dfe6c40e81df4 av_one_full  avia-builder-el-19  el_after_av_one_fifth  avia-builder-el-last  first flex_column_div column-top-margin'     ><\/div>\n","protected":false},"excerpt":{"rendered":"","protected":false},"author":5,"featured_media":106721,"parent":0,"menu_order":0,"comment_status":"open","ping_status":"open","template":"","meta":{"om_disable_all_campaigns":false,"_monsterinsights_skip_tracking":false,"_monsterinsights_sitenote_active":false,"_monsterinsights_sitenote_note":"","_monsterinsights_sitenote_category":0,"_uf_show_specific_survey":0,"_uf_disable_surveys":false,"footnotes":""},"class_list":["post-109973","page","type-page","status-publish","has-post-thumbnail","hentry"],"aioseo_notices":[],"_links":{"self":[{"href":"https:\/\/aulaabierta.arasaac.org\/de\/wp-json\/wp\/v2\/pages\/109973","targetHints":{"allow":["GET"]}}],"collection":[{"href":"https:\/\/aulaabierta.arasaac.org\/de\/wp-json\/wp\/v2\/pages"}],"about":[{"href":"https:\/\/aulaabierta.arasaac.org\/de\/wp-json\/wp\/v2\/types\/page"}],"author":[{"embeddable":true,"href":"https:\/\/aulaabierta.arasaac.org\/de\/wp-json\/wp\/v2\/users\/5"}],"replies":[{"embeddable":true,"href":"https:\/\/aulaabierta.arasaac.org\/de\/wp-json\/wp\/v2\/comments?post=109973"}],"version-history":[{"count":34,"href":"https:\/\/aulaabierta.arasaac.org\/de\/wp-json\/wp\/v2\/pages\/109973\/revisions"}],"predecessor-version":[{"id":145707,"href":"https:\/\/aulaabierta.arasaac.org\/de\/wp-json\/wp\/v2\/pages\/109973\/revisions\/145707"}],"wp:featuredmedia":[{"embeddable":true,"href":"https:\/\/aulaabierta.arasaac.org\/de\/wp-json\/wp\/v2\/media\/106721"}],"wp:attachment":[{"href":"https:\/\/aulaabierta.arasaac.org\/de\/wp-json\/wp\/v2\/media?parent=109973"}],"curies":[{"name":"wp","href":"https:\/\/api.w.org\/{rel}","templated":true}]}}