{"id":110021,"date":"2022-11-02T04:40:35","date_gmt":"2022-11-02T03:40:35","guid":{"rendered":"https:\/\/aulaabierta.arasaac.org\/asterics-grid_zelltext_bearbeiten"},"modified":"2023-02-09T11:39:05","modified_gmt":"2023-02-09T10:39:05","slug":"asterics-aac_zelltext_bearbeiten","status":"publish","type":"page","link":"https:\/\/aulaabierta.arasaac.org\/de\/asterics-aac_zelltext_bearbeiten","title":{"rendered":"Asterics AAC Kommunikator &#8211; 6 &#8211; Den Text in einer Zelle bearbeiten"},"content":{"rendered":"\n<style type=\"text\/css\" data-created_by=\"avia_inline_auto\" id=\"style-css-av-g02wp-0cd0aa7df4e77bfaafb793a5f5ab43b3\">\n#top .av-special-heading.av-g02wp-0cd0aa7df4e77bfaafb793a5f5ab43b3{\npadding-bottom:0;\n}\nbody .av-special-heading.av-g02wp-0cd0aa7df4e77bfaafb793a5f5ab43b3 .av-special-heading-tag .heading-char{\nfont-size:25px;\n}\n.av-special-heading.av-g02wp-0cd0aa7df4e77bfaafb793a5f5ab43b3 .av-subheading{\nfont-size:15px;\n}\n<\/style>\n<div  class='av-special-heading av-g02wp-0cd0aa7df4e77bfaafb793a5f5ab43b3 av-special-heading-h2  avia-builder-el-0  el_before_av_heading  avia-builder-el-first '><h2 class='av-special-heading-tag'  itemprop=\"headline\"  >Dynamischer Kommunikator Asterics AAC <\/h2><div class=\"special-heading-border\"><div class=\"special-heading-inner-border\"><\/div><\/div><\/div>\n\n<style type=\"text\/css\" data-created_by=\"avia_inline_auto\" id=\"style-css-av-l6uyvnzl-e233f661df7732334fcedc9f1cf7d0f3\">\n#top .av-special-heading.av-l6uyvnzl-e233f661df7732334fcedc9f1cf7d0f3{\npadding-bottom:0;\n}\nbody .av-special-heading.av-l6uyvnzl-e233f661df7732334fcedc9f1cf7d0f3 .av-special-heading-tag .heading-char{\nfont-size:25px;\n}\n.av-special-heading.av-l6uyvnzl-e233f661df7732334fcedc9f1cf7d0f3 .av-subheading{\nfont-size:15px;\n}\n<\/style>\n<div  class='av-special-heading av-l6uyvnzl-e233f661df7732334fcedc9f1cf7d0f3 av-special-heading-h2  avia-builder-el-1  el_after_av_heading  el_before_av_textblock '><h2 class='av-special-heading-tag'  itemprop=\"headline\"  >6 &#8211; Den Text in einer Zelle \/ eines Elements bearbeiten<\/h2><div class=\"special-heading-border\"><div class=\"special-heading-inner-border\"><\/div><\/div><\/div>\n\n<style type=\"text\/css\" data-created_by=\"avia_inline_auto\" id=\"style-css-av-80ofsp-df25ec8e31eef2666334e6963e7d7654\">\n#top .av_textblock_section.av-80ofsp-df25ec8e31eef2666334e6963e7d7654 .avia_textblock{\nfont-size:16px;\n}\n<\/style>\n<section  class='av_textblock_section av-80ofsp-df25ec8e31eef2666334e6963e7d7654'  itemscope=\"itemscope\" itemtype=\"https:\/\/schema.org\/CreativeWork\" ><div class='avia_textblock'  itemprop=\"text\" ><p>Nachdem wir nun die beiden Gridtypen (<strong>Hauptgrid<\/strong> und <strong>globales Grid<\/strong>) kennen, die wir in unserem dynamischen <strong>AsTeRICS-Grid<\/strong>-Kommunikator verwenden k\u00f6nnen, erstellen wir eine neue Zelle (Element) oder \u00e4ndern eine vorhandene, um den <strong>Inhalt<\/strong> und die <strong>Eigenschaften<\/strong> zu <strong>bearbeiten<\/strong>.<\/p>\n<p>Klicken Sie dazu auf die Schaltfl\u00e4che &#8222;<strong>Bearbeiten ein<\/strong>&#8220; in der oberen Men\u00fcleiste.<\/p>\n<p><img decoding=\"async\" class=\"wp-image-93745 aligncenter\" src=\"https:\/\/aulaabierta.arasaac.org\/wp-content\/uploads\/2023\/01\/Comunicador-Asterics-pictogramas-ARASAAC-26_en.jpg\" alt=\"\"><\/p>\n<p>Wir k\u00f6nnen sehen, dass an der Stelle, an der fr\u00fcher die Schaltfl\u00e4che &#8222;<strong>Bearbeiten ein<\/strong>&#8220; erschien, nun eine neue Schaltfl\u00e4che erscheint: &#8222;<strong>Bearbeiten aus<\/strong>&#8220; . Sobald wir unser Grid erstellt oder ge\u00e4ndert haben, klicken Sie auf diese Schaltfl\u00e4che, um zum vorherigen Visualisierungsmodus zur\u00fcckzukehren.<\/p>\n<p>Wenn wir ein <strong>neues Grid erstellen<\/strong>, erscheinen die Zellen (Elemente) leer. Klicken Sie auf die Schaltfl\u00e4che &#8222;<strong>Mehr<\/strong>&#8220; und w\u00e4hlen Sie im Men\u00fc &#8222;<strong>Neu<\/strong>&#8220; die Option &#8222;<strong>Neues Element<\/strong>&#8220; . Sie k\u00f6nnen auch mit der rechten Maustaste auf eine leere Zelle klicken und das gleiche Men\u00fc wird angezeigt.<\/p>\n<p><img loading=\"lazy\" decoding=\"async\" class=\"aligncenter wp-image-94098\" src=\"https:\/\/aulaabierta.arasaac.org\/wp-content\/uploads\/2023\/01\/Comunicador-Asterics-pictogramas-ARASAAC-38b_en.jpg\" alt=\"\" width=\"800\" height=\"353\"><\/p>\n<p>Es wird automatisch ein Pop-up-Fenster mit drei Registerkarten angezeigt: <strong>Allgemein<\/strong>, <strong>Bild<\/strong> und <strong>Aktionen<\/strong>. In jedem von ihnen werden wir den Inhalt und die Eigenschaften unserer neuen Zelle \/ unseres neuen Elements definieren.<\/p>\n<p><img loading=\"lazy\" decoding=\"async\" class=\"aligncenter wp-image-94104\" src=\"https:\/\/aulaabierta.arasaac.org\/wp-content\/uploads\/2023\/01\/Comunicador-Asterics-pictogramas-ARASAAC-38c_en.jpg\" alt=\"\" width=\"800\" height=\"451\"><\/p>\n<p>Wenn Sie eine <strong>Zelle eines bereits erstellten (nicht leeren) Kommunikators \u00e4ndern<\/strong> m\u00f6chten, zeigt die folgende Abbildung ein Beispiel.<\/p>\n<p><img loading=\"lazy\" decoding=\"async\" class=\"aligncenter wp-image-95111\" src=\"https:\/\/aulaabierta.arasaac.org\/wp-content\/uploads\/2023\/01\/Comunicador-Asterics-pictogramas-ARASAAC-35_en.jpg\" alt=\"\" width=\"800\" height=\"450\"><\/p>\n<p>Um den <strong>Inhalt einer Zelle<\/strong> zu <strong>\u00e4ndern<\/strong>, positionieren wir uns auf dieser und klicken mit der <strong>rechten Maustaste<\/strong> (funktioniert nur im Bearbeitungsmodus).<\/p>\n<p><img loading=\"lazy\" decoding=\"async\" class=\"aligncenter wp-image-95116\" src=\"https:\/\/aulaabierta.arasaac.org\/wp-content\/uploads\/2023\/01\/Comunicador-Asterics-pictogramas-ARASAAC-37_en.jpg\" alt=\"\" width=\"800\" height=\"451\"><\/p>\n<p>Wenn Sie diese Aktion ausf\u00fchren, erscheint ein Kontextmen\u00fc, in dem Sie &#8222;<strong>Bearbeiten<\/strong>&#8220; , &#8222;<strong>L\u00f6schen<\/strong>&#8220; , &#8222;<strong>Duplizieren<\/strong>&#8220; , &#8222;<strong>Aktion des Elements ausf\u00fchren<\/strong>&#8220; oder das &#8222;<strong>Element zu anderem Grid verschieben<\/strong>&#8220; k\u00f6nnen.<\/p>\n<p>In diesem Fall verwenden wir die Option &#8222;<strong>Bearbeiten<\/strong>&#8220; . Wenn wir nun auf die verschiedenen Registerkarten klicken, werden wir sehen, dass der Inhalt und die Eigenschaften bereits definiert sind. Wir m\u00fcssen nur das \u00e4ndern, woran wir interessiert sind und klicken dann of &#8222;OK&#8220;.<\/p>\n<p><img loading=\"lazy\" decoding=\"async\" class=\"aligncenter wp-image-94019\" src=\"https:\/\/aulaabierta.arasaac.org\/wp-content\/uploads\/2023\/01\/Comunicador-Asterics-pictogramas-ARASAAC-39_en.jpg\" alt=\"\" width=\"800\" height=\"416\"><\/p>\n<p>Wir empfehlen Ihnen, sich die verschiedenen bereits erstellten Zellregisterkarten anzusehen, um sich mit den Bearbeitungsm\u00f6glichkeiten vertraut zu machen.<\/p>\n<p>Es ist sehr wichtig zu wissen, dass <strong>jede \u00c4nderung<\/strong>, die wir in unserem Kommunikator vornehmen, <strong>automatisch gespeichert<\/strong> wird. Es besteht die M\u00f6glichkeit, die Schaltfl\u00e4che &#8222;<strong>R\u00fcckg\u00e4ngig<\/strong>&#8220; zu verwenden, wenn eine \u00c4nderung vorgenommen wurde aber doch nicht gespeichert werden soll.<\/p>\n<p>Im Folgenden werden alle Optionen im Bearbeitungsfenster erl\u00e4utert.<\/p>\n<\/div><\/section>\n\n<style type=\"text\/css\" data-created_by=\"avia_inline_auto\" id=\"style-css-av-l6x59eb1-5e724e7823506904326f0ad009010cca\">\n#top .av_textblock_section.av-l6x59eb1-5e724e7823506904326f0ad009010cca .avia_textblock{\nfont-size:16px;\n}\n<\/style>\n<section  class='av_textblock_section av-l6x59eb1-5e724e7823506904326f0ad009010cca'  itemscope=\"itemscope\" itemtype=\"https:\/\/schema.org\/CreativeWork\" ><div class='avia_textblock'  itemprop=\"text\" ><p><img loading=\"lazy\" decoding=\"async\" class=\"aligncenter wp-image-94104\" src=\"https:\/\/aulaabierta.arasaac.org\/wp-content\/uploads\/2023\/01\/Comunicador-Asterics-pictogramas-ARASAAC-38c_en.jpg\" alt=\"\" width=\"800\" height=\"451\"><\/p>\n<p>&#8222;<strong>Text<\/strong>&#8220; bezieht sich auf den Namen des Bildes, des Symbols oder der Aktionsschaltfl\u00e4che in der ausgew\u00e4hlten Zelle. Dies ist der Text, der in der kumulierten Phrase erscheinen wird.<\/p>\n<p>Sobald ein Text in das Beschriftungsfeld geschrieben wurde, k\u00f6nnen Sie auf die Schaltfl\u00e4che &#8222;<strong>Suche nach Bildern<\/strong>&#8220; klicken und die Anwendung sucht nach dem\/den entsprechenden Symbol(en) in der <a href=\"https:\/\/arasaac.org\/\" target=\"_blank\" rel=\"noopener\"><strong>ARASAAC<\/strong><\/a>-Datenbank. Auf dieser Abbildung werden die gefundenen Symbole nicht angezeigt. Die Symbole \/ Bilder werden in der n\u00e4chsten Registerkarte mit der Bezeichnung &#8222;<strong>Bild<\/strong>&#8220; angezeigt.<\/p>\n<p>Die &#8222;<strong>Farbkategorie<\/strong>&#8220; repr\u00e4sentiert die <strong>Art des Wortes<\/strong>, die das Bild oder Symbol nach dem <strong><a href=\"https:\/\/aulaabierta.arasaac.org\/en\/tutorial-caa-how-to-recognize-the-keys-of-color-of-the-pictograms\" target=\"_blank\" rel=\"noopener\">Fitzgerald-Schl\u00fcssel<\/a><\/strong> darstellt.<\/p>\n<p>Mit der &#8222;<strong>benutzerdefinierten Hintergrundfarbe<\/strong>&#8220; k\u00f6nnen wir eine beliebige Farbe zus\u00e4tzlich zum Standardschl\u00fcssel ausw\u00e4hlen.<\/p>\n<p>Schlie\u00dflich wird, wie der Name schon sagt, die Option &#8222;<strong>Element ausblenden<\/strong>&#8220; verwendet, wenn die Zelle nicht im Grid erscheinen soll.<\/p>\n<p>Schauen wir uns ein Beispiel an.<\/p>\n<p>Wir schreiben das Wort <strong>M\u00c4DCHEN<\/strong> in das <strong>Eingabefeld &#8222;Text&#8220;<\/strong>.<\/p>\n<p>Wenn der Zellenhintergrund nach dem Fitzgerald-Schl\u00fcssel gef\u00e4rbt werden soll, w\u00e4hlen Sie im Drop-Down Men\u00fc der &#8222;<strong>Farbkategorie<\/strong>&#8220; die Option &#8222;<strong>Nomen<\/strong>&#8220; . Wenn keine Option ausgew\u00e4hlt wird, ist der Zellenhintergrund leer. Wir k\u00f6nnen auch die Farbe der Zelle anpassen, indem wir auf das Farbfeld neben &#8222;<strong>Benutzerdefinierte Hintergrundfarbe<\/strong>&#8220; klicken. Wenn wir an der ausgew\u00e4hlten Farbe nicht interessiert sind, k\u00f6nnen wir die Option &#8222;<strong>L\u00f6schen<\/strong>&#8220; verwenden.<\/p>\n<p>Schlie\u00dflich haben wir zwei M\u00f6glichkeiten weiterzumachen.<\/p>\n<p>Es kann vorkommen, dass wir ein Bild von unserem Ger\u00e4t ausw\u00e4hlen oder nach einem Symbol suchen wollen, dem wir sp\u00e4ter einen Text unserer Wahl zuweisen wollen. In diesem Fall w\u00e4hlen wir die Registerkarte &#8222;<strong>Bild<\/strong>&#8220; und verwenden die Suchoptionen dieser Registerkarte.<\/p>\n<p>Wenn wir nach dem Symbol suchen wollen, das mit dem von uns geschriebenen Text verkn\u00fcpft ist, klicken wir auf &#8222;<strong>Suche nach Bildern<\/strong>&#8220; . Daraufhin \u00f6ffnet sich die Registerkarte &#8222;<strong>Bild<\/strong>&#8220; , die alle Symbole anzeigt, die mit dem Wort <strong>M\u00c4DCHEN<\/strong> verlinkt sind.<\/p>\n<p><img loading=\"lazy\" decoding=\"async\" class=\"aligncenter wp-image-94262\" src=\"https:\/\/aulaabierta.arasaac.org\/wp-content\/uploads\/2023\/01\/Comunicador-Asterics-pictogramas-ARASAAC-38c-1_en.jpg\" alt=\"\" width=\"800\" height=\"450\"><\/p>\n<\/div><\/section>\n<div class='flex_column av-2krg6xr-318b22cf5a7dcc17d549f6d260a48947 av_one_fifth  avia-builder-el-4  el_after_av_textblock  el_before_av_one_fifth  first flex_column_div column-top-margin'     ><style type=\"text\/css\" data-created_by=\"avia_inline_auto\" id=\"style-css-av-l6kdyooj-adb387881dea6235edde757c62ff0278\">\n.avia-image-container.av-l6kdyooj-adb387881dea6235edde757c62ff0278 img.avia_image{\nbox-shadow:none;\n}\n.avia-image-container.av-l6kdyooj-adb387881dea6235edde757c62ff0278 .av-image-caption-overlay-center{\ncolor:#ffffff;\n}\n<\/style>\n<div  class='avia-image-container av-l6kdyooj-adb387881dea6235edde757c62ff0278 av-styling- avia-align-center  avia-builder-el-5  avia-builder-el-no-sibling '   itemprop=\"image\" itemscope=\"itemscope\" itemtype=\"https:\/\/schema.org\/ImageObject\" ><div class=\"avia-image-container-inner\"><div class=\"avia-image-overlay-wrap\"><a href=\"https:\/\/aulaabierta.arasaac.org\/de\/asterics-aac_hauptgrid_globales_grid\" class='avia_image' ><img decoding=\"async\" class='wp-image-96479 avia-img-lazy-loading-not-96479 avia_image ' src=\"https:\/\/aulaabierta.arasaac.org\/wp-content\/uploads\/2016\/12\/before-80x80.png\" alt='' title='before'  height=\"80\" width=\"80\"  itemprop=\"thumbnailUrl\" srcset=\"https:\/\/aulaabierta.arasaac.org\/wp-content\/uploads\/2016\/12\/before-80x80.png 80w, https:\/\/aulaabierta.arasaac.org\/wp-content\/uploads\/2016\/12\/before-36x36.png 36w, https:\/\/aulaabierta.arasaac.org\/wp-content\/uploads\/2016\/12\/before-120x120.png 120w, https:\/\/aulaabierta.arasaac.org\/wp-content\/uploads\/2016\/12\/before.png 128w\" sizes=\"(max-width: 80px) 100vw, 80px\" \/><\/a><\/div><\/div><\/div><\/div>\n<div class='flex_column av-2acjjb3-72430572443564d7b3ecb332fff10556 av_one_fifth  avia-builder-el-6  el_after_av_one_fifth  el_before_av_one_fifth  flex_column_div column-top-margin'     ><\/div>\n<div class='flex_column av-5ueg0v-f5b4451085be42fd2a70550803012549 av_one_fifth  avia-builder-el-7  el_after_av_one_fifth  el_before_av_one_fifth  flex_column_div column-top-margin'     ><style type=\"text\/css\" data-created_by=\"avia_inline_auto\" id=\"style-css-av-l6ke1xda-f1b99bc859425e24e150db459a323688\">\n.avia-image-container.av-l6ke1xda-f1b99bc859425e24e150db459a323688 img.avia_image{\nbox-shadow:none;\n}\n.avia-image-container.av-l6ke1xda-f1b99bc859425e24e150db459a323688 .av-image-caption-overlay-center{\ncolor:#ffffff;\n}\n<\/style>\n<div  class='avia-image-container av-l6ke1xda-f1b99bc859425e24e150db459a323688 av-styling- avia-align-center  avia-builder-el-8  avia-builder-el-no-sibling '   itemprop=\"image\" itemscope=\"itemscope\" itemtype=\"https:\/\/schema.org\/ImageObject\" ><div class=\"avia-image-container-inner\"><div class=\"avia-image-overlay-wrap\"><a href=\"https:\/\/aulaabierta.arasaac.org\/de\/asterics-aac_startseite\" class='avia_image' ><img decoding=\"async\" class='wp-image-106723 avia-img-lazy-loading-not-106723 avia_image ' src=\"https:\/\/aulaabierta.arasaac.org\/wp-content\/uploads\/2022\/08\/casa-120x120-1-80x80.png\" alt='' title='casa-120x120'  height=\"80\" width=\"80\"  itemprop=\"thumbnailUrl\" srcset=\"https:\/\/aulaabierta.arasaac.org\/wp-content\/uploads\/2022\/08\/casa-120x120-1-80x80.png 80w, https:\/\/aulaabierta.arasaac.org\/wp-content\/uploads\/2022\/08\/casa-120x120-1-36x36.png 36w, https:\/\/aulaabierta.arasaac.org\/wp-content\/uploads\/2022\/08\/casa-120x120-1.png 120w\" sizes=\"(max-width: 80px) 100vw, 80px\" \/><\/a><\/div><\/div><\/div><\/div>\n<div class='flex_column av-126aqin-7a6e39193fa1262d0b61cdb616a4a062 av_one_fifth  avia-builder-el-9  el_after_av_one_fifth  el_before_av_one_fifth  flex_column_div column-top-margin'     ><\/div>\n<div class='flex_column av-w2yn9b-3822e7b37f6ad515aaaac5be5b29fec2 av_one_fifth  avia-builder-el-10  el_after_av_one_fifth  el_before_av_one_full  flex_column_div column-top-margin'     ><style type=\"text\/css\" data-created_by=\"avia_inline_auto\" id=\"style-css-av-l6kdzl6f-4b7607547a6d0a728729e23f1ee621e8\">\n.avia-image-container.av-l6kdzl6f-4b7607547a6d0a728729e23f1ee621e8 img.avia_image{\nbox-shadow:none;\n}\n.avia-image-container.av-l6kdzl6f-4b7607547a6d0a728729e23f1ee621e8 .av-image-caption-overlay-center{\ncolor:#ffffff;\n}\n<\/style>\n<div  class='avia-image-container av-l6kdzl6f-4b7607547a6d0a728729e23f1ee621e8 av-styling- avia-align-center  avia-builder-el-11  avia-builder-el-no-sibling '   itemprop=\"image\" itemscope=\"itemscope\" itemtype=\"https:\/\/schema.org\/ImageObject\" ><div class=\"avia-image-container-inner\"><div class=\"avia-image-overlay-wrap\"><a href=\"https:\/\/aulaabierta.arasaac.org\/de\/asterics-aac_bild_zelle_bearbeiten\" class='avia_image' ><img decoding=\"async\" class='wp-image-96480 avia-img-lazy-loading-not-96480 avia_image ' src=\"https:\/\/aulaabierta.arasaac.org\/wp-content\/uploads\/2016\/12\/next-80x80.png\" alt='' title='next'  height=\"80\" width=\"80\"  itemprop=\"thumbnailUrl\" srcset=\"https:\/\/aulaabierta.arasaac.org\/wp-content\/uploads\/2016\/12\/next-80x80.png 80w, https:\/\/aulaabierta.arasaac.org\/wp-content\/uploads\/2016\/12\/next-36x36.png 36w, https:\/\/aulaabierta.arasaac.org\/wp-content\/uploads\/2016\/12\/next-120x120.png 120w, https:\/\/aulaabierta.arasaac.org\/wp-content\/uploads\/2016\/12\/next.png 128w\" sizes=\"(max-width: 80px) 100vw, 80px\" \/><\/a><\/div><\/div><\/div><\/div>\n<div class='flex_column av-vtfpkv-8fb9bef4cb06de80cef16013e631f9a4 av_one_full  avia-builder-el-12  el_after_av_one_fifth  avia-builder-el-last  first flex_column_div column-top-margin'     ><\/div>\n","protected":false},"excerpt":{"rendered":"","protected":false},"author":5,"featured_media":106721,"parent":0,"menu_order":0,"comment_status":"open","ping_status":"open","template":"","meta":{"om_disable_all_campaigns":false,"_monsterinsights_skip_tracking":false,"_monsterinsights_sitenote_active":false,"_monsterinsights_sitenote_note":"","_monsterinsights_sitenote_category":0,"_uf_show_specific_survey":0,"_uf_disable_surveys":false,"footnotes":""},"class_list":["post-110021","page","type-page","status-publish","has-post-thumbnail","hentry"],"aioseo_notices":[],"_links":{"self":[{"href":"https:\/\/aulaabierta.arasaac.org\/de\/wp-json\/wp\/v2\/pages\/110021","targetHints":{"allow":["GET"]}}],"collection":[{"href":"https:\/\/aulaabierta.arasaac.org\/de\/wp-json\/wp\/v2\/pages"}],"about":[{"href":"https:\/\/aulaabierta.arasaac.org\/de\/wp-json\/wp\/v2\/types\/page"}],"author":[{"embeddable":true,"href":"https:\/\/aulaabierta.arasaac.org\/de\/wp-json\/wp\/v2\/users\/5"}],"replies":[{"embeddable":true,"href":"https:\/\/aulaabierta.arasaac.org\/de\/wp-json\/wp\/v2\/comments?post=110021"}],"version-history":[{"count":65,"href":"https:\/\/aulaabierta.arasaac.org\/de\/wp-json\/wp\/v2\/pages\/110021\/revisions"}],"predecessor-version":[{"id":145715,"href":"https:\/\/aulaabierta.arasaac.org\/de\/wp-json\/wp\/v2\/pages\/110021\/revisions\/145715"}],"wp:featuredmedia":[{"embeddable":true,"href":"https:\/\/aulaabierta.arasaac.org\/de\/wp-json\/wp\/v2\/media\/106721"}],"wp:attachment":[{"href":"https:\/\/aulaabierta.arasaac.org\/de\/wp-json\/wp\/v2\/media?parent=110021"}],"curies":[{"name":"wp","href":"https:\/\/api.w.org\/{rel}","templated":true}]}}