{"id":110027,"date":"2022-11-02T05:12:38","date_gmt":"2022-11-02T04:12:38","guid":{"rendered":"https:\/\/aulaabierta.arasaac.org\/asterics-grid_bild_zelle_bearbeiten"},"modified":"2023-02-09T11:39:12","modified_gmt":"2023-02-09T10:39:12","slug":"asterics-aac_bild_zelle_bearbeiten","status":"publish","type":"page","link":"https:\/\/aulaabierta.arasaac.org\/de\/asterics-aac_bild_zelle_bearbeiten","title":{"rendered":"Asterics AAC Kommunikator &#8211; 7 &#8211; Das Bild einer Zelle \/ eines Elements bearbeiten"},"content":{"rendered":"\n<style type=\"text\/css\" data-created_by=\"avia_inline_auto\" id=\"style-css-av-g02wp-0cd0aa7df4e77bfaafb793a5f5ab43b3\">\n#top .av-special-heading.av-g02wp-0cd0aa7df4e77bfaafb793a5f5ab43b3{\npadding-bottom:0;\n}\nbody .av-special-heading.av-g02wp-0cd0aa7df4e77bfaafb793a5f5ab43b3 .av-special-heading-tag .heading-char{\nfont-size:25px;\n}\n.av-special-heading.av-g02wp-0cd0aa7df4e77bfaafb793a5f5ab43b3 .av-subheading{\nfont-size:15px;\n}\n<\/style>\n<div  class='av-special-heading av-g02wp-0cd0aa7df4e77bfaafb793a5f5ab43b3 av-special-heading-h2  avia-builder-el-0  el_before_av_heading  avia-builder-el-first '><h2 class='av-special-heading-tag'  itemprop=\"headline\"  >Dynamischer Kommunikator Asterics AAC <\/h2><div class=\"special-heading-border\"><div class=\"special-heading-inner-border\"><\/div><\/div><\/div>\n\n<style type=\"text\/css\" data-created_by=\"avia_inline_auto\" id=\"style-css-av-l7781z5x-9668aa5d2c6d7cd69374b4e420392967\">\n#top .av-special-heading.av-l7781z5x-9668aa5d2c6d7cd69374b4e420392967{\npadding-bottom:0;\n}\nbody .av-special-heading.av-l7781z5x-9668aa5d2c6d7cd69374b4e420392967 .av-special-heading-tag .heading-char{\nfont-size:25px;\n}\n.av-special-heading.av-l7781z5x-9668aa5d2c6d7cd69374b4e420392967 .av-subheading{\nfont-size:15px;\n}\n<\/style>\n<div  class='av-special-heading av-l7781z5x-9668aa5d2c6d7cd69374b4e420392967 av-special-heading-h2  avia-builder-el-1  el_after_av_heading  el_before_av_textblock '><h2 class='av-special-heading-tag'  itemprop=\"headline\"  >7 &#8211; Das Bild einer Zelle \/ eines Elements bearbeiten<\/h2><div class=\"special-heading-border\"><div class=\"special-heading-inner-border\"><\/div><\/div><\/div>\n\n<style type=\"text\/css\" data-created_by=\"avia_inline_auto\" id=\"style-css-av-l6x6ja9e-38ca87ebebf338ac8b5a54cb8df22f24\">\n#top .av_textblock_section.av-l6x6ja9e-38ca87ebebf338ac8b5a54cb8df22f24 .avia_textblock{\nfont-size:16px;\n}\n<\/style>\n<section  class='av_textblock_section av-l6x6ja9e-38ca87ebebf338ac8b5a54cb8df22f24'  itemscope=\"itemscope\" itemtype=\"https:\/\/schema.org\/CreativeWork\" ><div class='avia_textblock'  itemprop=\"text\" ><p><img loading=\"lazy\" decoding=\"async\" class=\"aligncenter wp-image-94273\" src=\"https:\/\/aulaabierta.arasaac.org\/wp-content\/uploads\/2023\/01\/Comunicador-Asterics-pictogramas-ARASAAC-42_en.jpg\" alt=\"\" width=\"800\" height=\"540\"><\/p>\n<p>Wenn Sie in der Registerkarte &#8222;<strong>Allgemein<\/strong>&#8220; die Funktion &#8222;<strong>Suche nach Bildern<\/strong>&#8220; verwendet haben, erscheint das Fenster, das der Registerkarte &#8222;<strong>Bild<\/strong>&#8220; entspricht. <\/p>\n<p>Bei dieser Option k\u00f6nnen wir eines der Symbole ausw\u00e4hlen, die unten erscheinen. Wenn Sie genau hinsehen, erscheint am Ende des letzten Symbols die Schaltfl\u00e4che &#8222;<strong>+mehr<\/strong>&#8220; . Diese Schaltfl\u00e4che zeigt an, dass es weitere Symbole mit diesem Text gibt. Klicken Sie darauf, um sie anzuzeigen.<\/p>\n<p><img loading=\"lazy\" decoding=\"async\" class=\"aligncenter wp-image-94284\" src=\"https:\/\/aulaabierta.arasaac.org\/wp-content\/uploads\/2023\/01\/Comunicador-Asterics-pictogramas-ARASAAC-42c_en.jpg\" alt=\"\" width=\"800\" height=\"488\"><\/p>\n<p>Wenn Sie die Option &#8222;<strong>Suche nach Bildern<\/strong>&#8220; in der Registerkarte &#8222;<strong>Allgemein<\/strong>&#8220; nicht verwendet und direkt die Registerkarte &#8222;<strong>Bild<\/strong>&#8220; gew\u00e4hlt haben, erscheint das Fenster ohne Bilder.<\/p>\n<p><img loading=\"lazy\" decoding=\"async\" class=\"aligncenter wp-image-94278\" src=\"https:\/\/aulaabierta.arasaac.org\/wp-content\/uploads\/2023\/01\/Comunicador-Asterics-pictogramas-ARASAAC-42b_en.jpg\" alt=\"\" width=\"800\" height=\"485\"><\/p>\n<p>In diesem Fall k\u00f6nnen wir die Schaltfl\u00e4che &#8222;<strong>Datei ausw\u00e4hlen<\/strong>&#8220; verwenden, um ein Bild von unserem Ger\u00e4t hochzuladen, wie im folgenden Beispiel.<\/p>\n<p><img loading=\"lazy\" decoding=\"async\" class=\"aligncenter wp-image-94307\" src=\"https:\/\/aulaabierta.arasaac.org\/wp-content\/uploads\/2023\/01\/Comunicador-Asterics-pictogramas-ARASAAC-42d_en-1.jpg\" alt=\"\" width=\"800\" height=\"488\"><img class=\"alignnone size-full wp-image-94291\" alt=\"\">Wir k\u00f6nnen auch die Option &#8222;<strong>Suche nach Element-Text<\/strong>&#8220; verwenden oder den Text des gesuchten Symbols in das leere Feld eingeben. Im folgenden Beispiel haben wir das Wort <b>HUND<\/b> geschrieben und alle Symbole, die diesen Text enthalten, erscheinen automatisch.<\/p>\n<p><img loading=\"lazy\" decoding=\"async\" class=\"aligncenter wp-image-94312\" src=\"https:\/\/aulaabierta.arasaac.org\/wp-content\/uploads\/2023\/01\/Comunicador-Asterics-pictogramas-ARASAAC-42E-1_en-1.jpg\" alt=\"\" width=\"800\" height=\"489\"><\/p>\n<p>Wir w\u00e4hlen dann aus den erschienenen Symbolen das f\u00fcr unser Grid am besten geeignete aus.<\/p>\n<p>Schlie\u00dflich ist eine der Optionen, die den dynamischen Kommunikator <strong>Asterics AAC<\/strong> einzigartig machen, die M\u00f6glichkeit, die <strong>Symbole<\/strong> mithilfe der Option <strong>&#8222;Einstellungen f\u00fcr die Bildsuche&#8220; anzupassen<\/strong>.<\/p>\n<p><img loading=\"lazy\" decoding=\"async\" class=\"aligncenter wp-image-94335\" src=\"https:\/\/aulaabierta.arasaac.org\/wp-content\/uploads\/2023\/01\/Comunicador-Asterics-pictogramas-ARASAAC-42f_en.jpg\" alt=\"\" width=\"800\" height=\"489\"><\/p>\n<p>Sobald dieses Men\u00fc ge\u00f6ffnet ist, k\u00f6nnen wir dieselben Optionen zur Anpassung von Symbolen verwenden, die auch auf der <a href=\"https:\/\/arasaac.org\/\" target=\"_blank\" rel=\"noopener\"><strong>ARASAAC<\/strong><\/a>-Website zu finden sind.<\/p>\n<p>Im Fall unseres <strong>M\u00c4DCHEN<\/strong>-Symbols werden wir mehrere Anpassungen vornehmen.<\/p>\n<p>Wir k\u00f6nnen die Option &#8222;<strong>Mehrzahl<\/strong>&#8220; w\u00e4hlen, um uns auf <strong>mehrere M\u00c4DCHEN<\/strong> zu beziehen. Wenn diese Option ausgew\u00e4hlt ist, erscheint oben rechts ein + Zeichen.<\/p>\n<p><img loading=\"lazy\" decoding=\"async\" class=\"aligncenter wp-image-94324\" src=\"https:\/\/aulaabierta.arasaac.org\/wp-content\/uploads\/2023\/01\/Comunicador-Asterics-pictogramas-ARASAAC-45_en.jpg\" alt=\"\" width=\"800\" height=\"489\"><\/p>\n<p>Wenn wir <strong>schwarz-wei\u00dfe Symbole<\/strong> verwenden wollen, deaktivieren wir die Option &#8222;<strong>Farbige Symbole<\/strong>&#8220; . Nun werden bei der Suche die Symbole in schwarz-wei\u00df angezeigt.<\/p>\n<p><img loading=\"lazy\" decoding=\"async\" class=\"aligncenter wp-image-94329\" src=\"https:\/\/aulaabierta.arasaac.org\/wp-content\/uploads\/2023\/01\/Comunicador-Asterics-pictogramas-ARASAAC-46_en.jpg\" alt=\"\" width=\"800\" height=\"490\"><\/p>\n<p>In unserem Fall haben wir die <strong>Haut<\/strong>&#8211; und <strong>Haarfarbe<\/strong> unseres <strong>M\u00c4DCHEN<\/strong>-Symbols ge\u00e4ndert, damit sie zu einem bestimmten geografischen Gebiet der Welt passt.<\/p>\n<p><img loading=\"lazy\" decoding=\"async\" class=\"aligncenter wp-image-94319\" src=\"https:\/\/aulaabierta.arasaac.org\/wp-content\/uploads\/2023\/01\/Comunicador-Asterics-pictogramas-ARASAAC-44_en.jpg\" alt=\"\" width=\"800\" height=\"491\"><\/p>\n<p>Schlie\u00dflich k\u00f6nnen wir in ganz bestimmten F\u00e4llen unserem Symbol einen <strong>Bezeichner<\/strong> hinzuf\u00fcgen.<\/p>\n<p>In den folgenden Tutorials werden wir alle Optionen der Registerkarte &#8222;<strong>Aktionen<\/strong>&#8220; erkl\u00e4ren.<\/p>\n<\/div><\/section>\n<div class='flex_column av-2krg6xr-318b22cf5a7dcc17d549f6d260a48947 av_one_fifth  avia-builder-el-3  el_after_av_textblock  el_before_av_one_fifth  first flex_column_div column-top-margin'     ><style type=\"text\/css\" data-created_by=\"avia_inline_auto\" id=\"style-css-av-l6kdyooj-370171c5a776f2230718c35550ae87eb\">\n.avia-image-container.av-l6kdyooj-370171c5a776f2230718c35550ae87eb img.avia_image{\nbox-shadow:none;\n}\n.avia-image-container.av-l6kdyooj-370171c5a776f2230718c35550ae87eb .av-image-caption-overlay-center{\ncolor:#ffffff;\n}\n<\/style>\n<div  class='avia-image-container av-l6kdyooj-370171c5a776f2230718c35550ae87eb av-styling- avia-align-center  avia-builder-el-4  avia-builder-el-no-sibling '   itemprop=\"image\" itemscope=\"itemscope\" itemtype=\"https:\/\/schema.org\/ImageObject\" ><div class=\"avia-image-container-inner\"><div class=\"avia-image-overlay-wrap\"><a href=\"https:\/\/aulaabierta.arasaac.org\/de\/asterics-aac_zelltext_bearbeiten\" class='avia_image' ><img decoding=\"async\" class='wp-image-96479 avia-img-lazy-loading-not-96479 avia_image ' src=\"https:\/\/aulaabierta.arasaac.org\/wp-content\/uploads\/2016\/12\/before-80x80.png\" alt='' title='before'  height=\"80\" width=\"80\"  itemprop=\"thumbnailUrl\" srcset=\"https:\/\/aulaabierta.arasaac.org\/wp-content\/uploads\/2016\/12\/before-80x80.png 80w, https:\/\/aulaabierta.arasaac.org\/wp-content\/uploads\/2016\/12\/before-36x36.png 36w, https:\/\/aulaabierta.arasaac.org\/wp-content\/uploads\/2016\/12\/before-120x120.png 120w, https:\/\/aulaabierta.arasaac.org\/wp-content\/uploads\/2016\/12\/before.png 128w\" sizes=\"(max-width: 80px) 100vw, 80px\" \/><\/a><\/div><\/div><\/div><\/div>\n<div class='flex_column av-2acjjb3-72430572443564d7b3ecb332fff10556 av_one_fifth  avia-builder-el-5  el_after_av_one_fifth  el_before_av_one_fifth  flex_column_div column-top-margin'     ><\/div>\n<div class='flex_column av-5ueg0v-f5b4451085be42fd2a70550803012549 av_one_fifth  avia-builder-el-6  el_after_av_one_fifth  el_before_av_one_fifth  flex_column_div column-top-margin'     ><style type=\"text\/css\" data-created_by=\"avia_inline_auto\" id=\"style-css-av-l6ke1xda-f1b99bc859425e24e150db459a323688\">\n.avia-image-container.av-l6ke1xda-f1b99bc859425e24e150db459a323688 img.avia_image{\nbox-shadow:none;\n}\n.avia-image-container.av-l6ke1xda-f1b99bc859425e24e150db459a323688 .av-image-caption-overlay-center{\ncolor:#ffffff;\n}\n<\/style>\n<div  class='avia-image-container av-l6ke1xda-f1b99bc859425e24e150db459a323688 av-styling- avia-align-center  avia-builder-el-7  avia-builder-el-no-sibling '   itemprop=\"image\" itemscope=\"itemscope\" itemtype=\"https:\/\/schema.org\/ImageObject\" ><div class=\"avia-image-container-inner\"><div class=\"avia-image-overlay-wrap\"><a href=\"https:\/\/aulaabierta.arasaac.org\/de\/asterics-aac_startseite\" class='avia_image' ><img decoding=\"async\" class='wp-image-106723 avia-img-lazy-loading-not-106723 avia_image ' src=\"https:\/\/aulaabierta.arasaac.org\/wp-content\/uploads\/2022\/08\/casa-120x120-1-80x80.png\" alt='' title='casa-120x120'  height=\"80\" width=\"80\"  itemprop=\"thumbnailUrl\" srcset=\"https:\/\/aulaabierta.arasaac.org\/wp-content\/uploads\/2022\/08\/casa-120x120-1-80x80.png 80w, https:\/\/aulaabierta.arasaac.org\/wp-content\/uploads\/2022\/08\/casa-120x120-1-36x36.png 36w, https:\/\/aulaabierta.arasaac.org\/wp-content\/uploads\/2022\/08\/casa-120x120-1.png 120w\" sizes=\"(max-width: 80px) 100vw, 80px\" \/><\/a><\/div><\/div><\/div><\/div>\n<div class='flex_column av-126aqin-7a6e39193fa1262d0b61cdb616a4a062 av_one_fifth  avia-builder-el-8  el_after_av_one_fifth  el_before_av_one_fifth  flex_column_div column-top-margin'     ><\/div>\n<div class='flex_column av-w2yn9b-3822e7b37f6ad515aaaac5be5b29fec2 av_one_fifth  avia-builder-el-9  el_after_av_one_fifth  el_before_av_one_full  flex_column_div column-top-margin'     ><style type=\"text\/css\" data-created_by=\"avia_inline_auto\" id=\"style-css-av-l6kdzl6f-757425cb7a6254393099562c4b46cf0e\">\n.avia-image-container.av-l6kdzl6f-757425cb7a6254393099562c4b46cf0e img.avia_image{\nbox-shadow:none;\n}\n.avia-image-container.av-l6kdzl6f-757425cb7a6254393099562c4b46cf0e .av-image-caption-overlay-center{\ncolor:#ffffff;\n}\n<\/style>\n<div  class='avia-image-container av-l6kdzl6f-757425cb7a6254393099562c4b46cf0e av-styling- avia-align-center  avia-builder-el-10  avia-builder-el-no-sibling '   itemprop=\"image\" itemscope=\"itemscope\" itemtype=\"https:\/\/schema.org\/ImageObject\" ><div class=\"avia-image-container-inner\"><div class=\"avia-image-overlay-wrap\"><a href=\"https:\/\/aulaabierta.arasaac.org\/de\/asterics-aac_8_aktionen_label_aussprechen\" class='avia_image' ><img decoding=\"async\" class='wp-image-96480 avia-img-lazy-loading-not-96480 avia_image ' src=\"https:\/\/aulaabierta.arasaac.org\/wp-content\/uploads\/2016\/12\/next-80x80.png\" alt='' title='next'  height=\"80\" width=\"80\"  itemprop=\"thumbnailUrl\" srcset=\"https:\/\/aulaabierta.arasaac.org\/wp-content\/uploads\/2016\/12\/next-80x80.png 80w, https:\/\/aulaabierta.arasaac.org\/wp-content\/uploads\/2016\/12\/next-36x36.png 36w, https:\/\/aulaabierta.arasaac.org\/wp-content\/uploads\/2016\/12\/next-120x120.png 120w, https:\/\/aulaabierta.arasaac.org\/wp-content\/uploads\/2016\/12\/next.png 128w\" sizes=\"(max-width: 80px) 100vw, 80px\" \/><\/a><\/div><\/div><\/div><\/div>\n<div class='flex_column av-vtfpkv-8fb9bef4cb06de80cef16013e631f9a4 av_one_full  avia-builder-el-11  el_after_av_one_fifth  avia-builder-el-last  first flex_column_div column-top-margin'     ><\/div>\n","protected":false},"excerpt":{"rendered":"","protected":false},"author":5,"featured_media":106721,"parent":0,"menu_order":0,"comment_status":"open","ping_status":"open","template":"","meta":{"om_disable_all_campaigns":false,"_monsterinsights_skip_tracking":false,"_monsterinsights_sitenote_active":false,"_monsterinsights_sitenote_note":"","_monsterinsights_sitenote_category":0,"_uf_show_specific_survey":0,"_uf_disable_surveys":false,"footnotes":""},"class_list":["post-110027","page","type-page","status-publish","has-post-thumbnail","hentry"],"aioseo_notices":[],"_links":{"self":[{"href":"https:\/\/aulaabierta.arasaac.org\/de\/wp-json\/wp\/v2\/pages\/110027","targetHints":{"allow":["GET"]}}],"collection":[{"href":"https:\/\/aulaabierta.arasaac.org\/de\/wp-json\/wp\/v2\/pages"}],"about":[{"href":"https:\/\/aulaabierta.arasaac.org\/de\/wp-json\/wp\/v2\/types\/page"}],"author":[{"embeddable":true,"href":"https:\/\/aulaabierta.arasaac.org\/de\/wp-json\/wp\/v2\/users\/5"}],"replies":[{"embeddable":true,"href":"https:\/\/aulaabierta.arasaac.org\/de\/wp-json\/wp\/v2\/comments?post=110027"}],"version-history":[{"count":71,"href":"https:\/\/aulaabierta.arasaac.org\/de\/wp-json\/wp\/v2\/pages\/110027\/revisions"}],"predecessor-version":[{"id":145723,"href":"https:\/\/aulaabierta.arasaac.org\/de\/wp-json\/wp\/v2\/pages\/110027\/revisions\/145723"}],"wp:featuredmedia":[{"embeddable":true,"href":"https:\/\/aulaabierta.arasaac.org\/de\/wp-json\/wp\/v2\/media\/106721"}],"wp:attachment":[{"href":"https:\/\/aulaabierta.arasaac.org\/de\/wp-json\/wp\/v2\/media?parent=110027"}],"curies":[{"name":"wp","href":"https:\/\/api.w.org\/{rel}","templated":true}]}}