{"id":110033,"date":"2022-11-02T05:55:36","date_gmt":"2022-11-02T04:55:36","guid":{"rendered":"https:\/\/aulaabierta.arasaac.org\/asterics-grid_8_aktionen_label_aussprechen"},"modified":"2023-02-09T11:38:24","modified_gmt":"2023-02-09T10:38:24","slug":"asterics-aac_8_aktionen_label_aussprechen","status":"publish","type":"page","link":"https:\/\/aulaabierta.arasaac.org\/de\/asterics-aac_8_aktionen_label_aussprechen","title":{"rendered":"Asterics AAC Kommunikator &#8211; 8 &#8211; Aktionen &#8211; Label aussprechen \/ Audioaufnahme abspielen"},"content":{"rendered":"\n<style type=\"text\/css\" data-created_by=\"avia_inline_auto\" id=\"style-css-av-g02wp-0cd0aa7df4e77bfaafb793a5f5ab43b3\">\n#top .av-special-heading.av-g02wp-0cd0aa7df4e77bfaafb793a5f5ab43b3{\npadding-bottom:0;\n}\nbody .av-special-heading.av-g02wp-0cd0aa7df4e77bfaafb793a5f5ab43b3 .av-special-heading-tag .heading-char{\nfont-size:25px;\n}\n.av-special-heading.av-g02wp-0cd0aa7df4e77bfaafb793a5f5ab43b3 .av-subheading{\nfont-size:15px;\n}\n<\/style>\n<div  class='av-special-heading av-g02wp-0cd0aa7df4e77bfaafb793a5f5ab43b3 av-special-heading-h2  avia-builder-el-0  el_before_av_heading  avia-builder-el-first '><h2 class='av-special-heading-tag'  itemprop=\"headline\"  >Dynamischer Kommunikator Asterics AAC <\/h2><div class=\"special-heading-border\"><div class=\"special-heading-inner-border\"><\/div><\/div><\/div>\n\n<style type=\"text\/css\" data-created_by=\"avia_inline_auto\" id=\"style-css-av-l6uyvnzl-7465a6637313a8621ceb836ef25f2882\">\n#top .av-special-heading.av-l6uyvnzl-7465a6637313a8621ceb836ef25f2882{\npadding-bottom:0;\n}\nbody .av-special-heading.av-l6uyvnzl-7465a6637313a8621ceb836ef25f2882 .av-special-heading-tag .heading-char{\nfont-size:25px;\n}\n.av-special-heading.av-l6uyvnzl-7465a6637313a8621ceb836ef25f2882 .av-subheading{\nfont-size:15px;\n}\n<\/style>\n<div  class='av-special-heading av-l6uyvnzl-7465a6637313a8621ceb836ef25f2882 av-special-heading-h2  avia-builder-el-1  el_after_av_heading  el_before_av_hr '><h2 class='av-special-heading-tag'  itemprop=\"headline\"  >8 &#8211; Aktionen &#8211; Label aussprechen \/ Audioaufnahme abspielen<\/h2><div class=\"special-heading-border\"><div class=\"special-heading-inner-border\"><\/div><\/div><\/div>\n<div  class='hr av-l2meo7-8daac23ebdfc1a5ff1c41aa62538ede2 hr-default  avia-builder-el-2  el_after_av_heading  el_before_av_textblock '><span class='hr-inner '><span class=\"hr-inner-style\"><\/span><\/span><\/div>\n\n<style type=\"text\/css\" data-created_by=\"avia_inline_auto\" id=\"style-css-av-l6x59eb1-5e724e7823506904326f0ad009010cca\">\n#top .av_textblock_section.av-l6x59eb1-5e724e7823506904326f0ad009010cca .avia_textblock{\nfont-size:16px;\n}\n<\/style>\n<section  class='av_textblock_section av-l6x59eb1-5e724e7823506904326f0ad009010cca'  itemscope=\"itemscope\" itemtype=\"https:\/\/schema.org\/CreativeWork\" ><div class='avia_textblock'  itemprop=\"text\" ><h3><\/h3>\n<h3>Grid-Element bearbeiten (eine Zelle bearbeiten) &#8211; Aktionen<\/h3>\n<h3><img loading=\"lazy\" decoding=\"async\" class=\"aligncenter wp-image-94434 size-full\" src=\"https:\/\/aulaabierta.arasaac.org\/wp-content\/uploads\/2023\/01\/Comunicador-Asterics-pictogramas-ARASAAC-47-3_en.jpg\" alt=\"\" width=\"986\" height=\"562\"><\/h3>\n<p>In der Registerkarte <strong>Aktionen<\/strong> k\u00f6nnen wir konfigurieren, was passiert, wenn wir im Visualisierungsmodus auf eine Zelle unseres dynamischen Kommunikators klicken. Wir k\u00f6nnen es als das &#8222;Gehirn&#8220; des Kommunikators definieren. Zus\u00e4tzlich zu diesem Tutorial ist es interessant, sich mit den verschiedenen Aktionen vertraut zu machen, indem Sie sich den Beispielkommunikator ansehen, den wir f\u00fcr Sie vorbereitet haben.<\/p>\n<p>Standardm\u00e4\u00dfig wird allen Zellen die Aktion &#8222;<strong>Label aussprechen<\/strong>&#8220; zugewiesen, da dies die h\u00e4ufigste Aktion in unseren Grids sein wird, obwohl wir auch die Aktion &#8222;<strong>Audioaufnahme abspielen<\/strong>&#8220; verwenden k\u00f6nnen, um ein zuvor aufgenommenes Audio abzuspielen.<\/p>\n<p>Werfen wir einen Blick auf Einstellungen, die f\u00fcr uns von Interesse sein k\u00f6nnten.<\/p>\n<p>In der Registerkarte &#8222;<strong>Aktionen<\/strong>&#8220; finden Sie den Abschnitt &#8222;<strong>Neue Aktion<\/strong>&#8220; , der immer von einem <strong>Dropdown-Men\u00fc<\/strong> mit allen Aktionen begleitet wird, die einer Zelle zugewiesen werden k\u00f6nnen.<\/p>\n<p><img class=\"alignnone size-medium wp-image-94402\" alt=\"\"><img loading=\"lazy\" decoding=\"async\" class=\"aligncenter wp-image-110863 size-full\" src=\"https:\/\/aulaabierta.arasaac.org\/wp-content\/uploads\/2023\/01\/Comunicador-Asterics-pictogramas-ARASAAC-47-1_en-2.jpg\" alt=\"\" width=\"978\" height=\"541\"><\/p>\n<p>Die Bedienung ist einfach: W\u00e4hlen Sie eine Aktion aus dem Dropdown-Men\u00fc, klicken Sie auf die Schaltfl\u00e4che &#8222;<strong>+Aktion hinzuf\u00fcgen<\/strong>&#8220; und bearbeiten Sie sie im Abschnitt &#8222;<strong>Aktuelle Aktionen<\/strong>&#8220; . Einer Zelle k\u00f6nnen eine oder mehrere Aktionen zugewiesen werden. Wenn Sie an der hinzugef\u00fcgten Aktion nicht interessiert sind, klicken Sie auf die Schaltfl\u00e4che <strong>L\u00f6schen<\/strong> rechts von der zu entfernenden Aktion.<\/p>\n<p>Als n\u00e4chstes werden wir eine der verschiedenen Aktionen erkl\u00e4ren, die wir unserer Zelle \/ unserem Element zuweisen k\u00f6nnen.<\/p>\n<\/div><\/section>\n<div  class='hr av-1z31af-cb67450e83638372e941353d764a585c hr-default  avia-builder-el-4  el_after_av_textblock  el_before_av_textblock '><span class='hr-inner '><span class=\"hr-inner-style\"><\/span><\/span><\/div>\n\n<style type=\"text\/css\" data-created_by=\"avia_inline_auto\" id=\"style-css-av-l71k5zsm-d738512e922e29af63b89ff6c2d0e7fc\">\n#top .av_textblock_section.av-l71k5zsm-d738512e922e29af63b89ff6c2d0e7fc .avia_textblock{\nfont-size:16px;\n}\n<\/style>\n<section  class='av_textblock_section av-l71k5zsm-d738512e922e29af63b89ff6c2d0e7fc'  itemscope=\"itemscope\" itemtype=\"https:\/\/schema.org\/CreativeWork\" ><div class='avia_textblock'  itemprop=\"text\" ><h3><\/h3>\n<h4>Aktionen &#8211; Label aussprechen<\/h4>\n<h4><img loading=\"lazy\" decoding=\"async\" class=\"aligncenter wp-image-94440 size-full\" src=\"https:\/\/aulaabierta.arasaac.org\/wp-content\/uploads\/2023\/01\/Comunicador-Asterics-pictogramas-ARASAAC-48_en.jpg\" alt=\"\" width=\"987\" height=\"603\"><\/h4>\n<h3><\/h3>\n<p>Allen Zellen wird standardm\u00e4\u00dfig die Aktion &#8222;<strong>Label aussprechen<\/strong>&#8220; zugewiesen, da dies die h\u00e4ufigste Aktion in unseren Grids sein wird.<\/p>\n<p>Bevor wir fortfahren, gehen wir zum Abschnitt &#8222;Einstellungen&#8220; des Navigationsmen\u00fcs (linke Men\u00fcleiste) und vergewissern uns bei den <strong>Benutzereinstellungen<\/strong>, dass unsere gew\u00fcnschte Sprache unter Inhaltssprache (&#8222;<strong>Sprache der Grids<\/strong>&#8220; ) ausgew\u00e4hlt ist.<\/p>\n<p>Der Abschnitt &#8222;<strong>Stimme<\/strong>&#8220; wird automatisch synchronisiert, aber Sie k\u00f6nnen zwischen <strong>verschiedenen Arten von synthetischen Stimmen<\/strong> w\u00e4hlen, die vom Kommunikator beim Lesen des kumulativen Satzes verwendet werden. Wir empfehlen Ihnen, die verschiedenen Stimmen Ihrer Sprache auszuprobieren, bis Sie die f\u00fcr den Benutzer am besten geeignete Stimme gefunden haben.<\/p>\n<p><img loading=\"lazy\" decoding=\"async\" class=\"aligncenter wp-image-94451 size-full\" src=\"https:\/\/aulaabierta.arasaac.org\/wp-content\/uploads\/2023\/01\/Comunicador-Asterics-pictogramas-ARASAAC-50_en.jpg\" alt=\"\" width=\"1348\" height=\"705\"><\/p>\n<p>Wenn wir zu den Aktionen unserer Zelle zur\u00fcckkehren, k\u00f6nnen wir die Aktion &#8222;Label aussprechen&#8220; <strong>bearbeiten<\/strong> und auf diese Weise auch die <strong>Sprache<\/strong> des Inhalts ausw\u00e4hlen.<\/p>\n<p><img loading=\"lazy\" decoding=\"async\" class=\"aligncenter wp-image-94460 size-full\" src=\"https:\/\/aulaabierta.arasaac.org\/wp-content\/uploads\/2023\/01\/Comunicador-Asterics-pictogramas-ARASAAC-51_en-2.jpg\" alt=\"\" width=\"986\" height=\"601\"><\/p>\n<p>Auf diese Weise k\u00f6nnen wir auf ein und demselben Grid Zellen mit verschiedenen Sprachen haben.<\/p>\n<\/div><\/section>\n<div  class='hr av-jux6vb-e7987a8ca91e3eb6d3709a3b9f81c183 hr-default  avia-builder-el-6  el_after_av_textblock  el_before_av_textblock '><span class='hr-inner '><span class=\"hr-inner-style\"><\/span><\/span><\/div>\n\n<style type=\"text\/css\" data-created_by=\"avia_inline_auto\" id=\"style-css-av-lb39t6u1-75d9882b89c5bcd11a2978418bbdcc0c\">\n#top .av_textblock_section.av-lb39t6u1-75d9882b89c5bcd11a2978418bbdcc0c .avia_textblock{\nfont-size:16px;\n}\n<\/style>\n<section  class='av_textblock_section av-lb39t6u1-75d9882b89c5bcd11a2978418bbdcc0c'  itemscope=\"itemscope\" itemtype=\"https:\/\/schema.org\/CreativeWork\" ><div class='avia_textblock'  itemprop=\"text\" ><h3><\/h3>\n<h4>Aktionen &#8211; Audioaufnahme abspielen<\/h4>\n<p><img loading=\"lazy\" decoding=\"async\" class=\"aligncenter wp-image-110883 size-full\" src=\"https:\/\/aulaabierta.arasaac.org\/wp-content\/uploads\/2023\/01\/Comunicador-Asterics-pictogramas-ARASAAC-51c_en.jpg\" alt=\"\" width=\"978\" height=\"491\"><\/p>\n<p>Alternativ k\u00f6nnen Sie <strong>aufgezeichnete Audiodaten<\/strong> <strong>abspielen<\/strong>, indem Sie auf die Zelle klicken, der diese Aktion zugewiesen ist.<\/p>\n<p>Sobald die Aktion &#8222;Audioaufnahme abspielen&#8220; hinzugef\u00fcgt wurde, k\u00f6nnen wir sie bearbeiten, und die Option &#8222;<strong>Aufnehmen<\/strong>&#8220; und &#8222;<strong>Abspielen<\/strong>&#8220; erscheint.<\/p>\n<p><img loading=\"lazy\" decoding=\"async\" class=\"aligncenter wp-image-110890 size-full\" src=\"https:\/\/aulaabierta.arasaac.org\/wp-content\/uploads\/2023\/01\/Comunicador-Asterics-pictogramas-ARASAAC-51b_en-1.jpg\" alt=\"\" width=\"977\" height=\"597\"><\/p>\n<p>Der Aufnahmeprozess ist sehr einfach. Wir klicken einfach auf die Schaltfl\u00e4che &#8222;<strong>Aufnehmen<\/strong>&#8220; und nehmen den Text auf, der abgespielt werden soll, wenn wir auf dieses Element in unserem Grid klicken. Nach der Aufzeichnung k\u00f6nnen wir das Ergebnis \u00fcberpr\u00fcfen, indem wir auf die Schaltfl\u00e4che &#8222;<strong>Abspielen&#8220;<\/strong> klicken. Wenn alles korrekt ist, klicken Sie auf die Schaltfl\u00e4che &#8222;<strong>OK&#8220;<\/strong>.<\/p>\n<p>Es ist wichtig, die zus\u00e4tzliche Meldung zu lesen, die darauf hinweist, dass <em>aufgezeichnete Audiodaten nur dann abgespielt werden, wenn die <strong>Sammelelemnt Aktion<\/strong> auf den Modus &#8222;<strong>separat sprechen<\/strong>&#8220; eingestellt ist, und nicht kontinuierlich<\/em>. Um die Konfiguration zu vereinfachen, klicken Sie auf &#8222;<em><strong>Setze Aktionen im globalen Grid in Modus &#8222;separat sprechen&#8220;<\/strong><\/em>&#8220; . Dann wird die Konfiguration der kumulierten Phrase automatisch ge\u00e4ndert.<\/p>\n<\/div><\/section>\n<div class='flex_column av-2krg6xr-318b22cf5a7dcc17d549f6d260a48947 av_one_fifth  avia-builder-el-8  el_after_av_textblock  el_before_av_one_fifth  first flex_column_div column-top-margin'     ><style type=\"text\/css\" data-created_by=\"avia_inline_auto\" id=\"style-css-av-l6kdyooj-b586d5cb48b18a0e9fe1a59b8ecf46d7\">\n.avia-image-container.av-l6kdyooj-b586d5cb48b18a0e9fe1a59b8ecf46d7 img.avia_image{\nbox-shadow:none;\n}\n.avia-image-container.av-l6kdyooj-b586d5cb48b18a0e9fe1a59b8ecf46d7 .av-image-caption-overlay-center{\ncolor:#ffffff;\n}\n<\/style>\n<div  class='avia-image-container av-l6kdyooj-b586d5cb48b18a0e9fe1a59b8ecf46d7 av-styling- avia-align-center  avia-builder-el-9  avia-builder-el-no-sibling '   itemprop=\"image\" itemscope=\"itemscope\" itemtype=\"https:\/\/schema.org\/ImageObject\" ><div class=\"avia-image-container-inner\"><div class=\"avia-image-overlay-wrap\"><a href=\"https:\/\/aulaabierta.arasaac.org\/de\/asterics-aac_bild_zelle_bearbeiten\" class='avia_image' ><img decoding=\"async\" class='wp-image-96479 avia-img-lazy-loading-not-96479 avia_image ' src=\"https:\/\/aulaabierta.arasaac.org\/wp-content\/uploads\/2016\/12\/before-80x80.png\" alt='' title='before'  height=\"80\" width=\"80\"  itemprop=\"thumbnailUrl\" srcset=\"https:\/\/aulaabierta.arasaac.org\/wp-content\/uploads\/2016\/12\/before-80x80.png 80w, https:\/\/aulaabierta.arasaac.org\/wp-content\/uploads\/2016\/12\/before-36x36.png 36w, https:\/\/aulaabierta.arasaac.org\/wp-content\/uploads\/2016\/12\/before-120x120.png 120w, https:\/\/aulaabierta.arasaac.org\/wp-content\/uploads\/2016\/12\/before.png 128w\" sizes=\"(max-width: 80px) 100vw, 80px\" \/><\/a><\/div><\/div><\/div><\/div>\n<div class='flex_column av-2acjjb3-72430572443564d7b3ecb332fff10556 av_one_fifth  avia-builder-el-10  el_after_av_one_fifth  el_before_av_one_fifth  flex_column_div column-top-margin'     ><\/div>\n<div class='flex_column av-5ueg0v-f5b4451085be42fd2a70550803012549 av_one_fifth  avia-builder-el-11  el_after_av_one_fifth  el_before_av_one_fifth  flex_column_div column-top-margin'     ><style type=\"text\/css\" data-created_by=\"avia_inline_auto\" id=\"style-css-av-l6ke1xda-f1b99bc859425e24e150db459a323688\">\n.avia-image-container.av-l6ke1xda-f1b99bc859425e24e150db459a323688 img.avia_image{\nbox-shadow:none;\n}\n.avia-image-container.av-l6ke1xda-f1b99bc859425e24e150db459a323688 .av-image-caption-overlay-center{\ncolor:#ffffff;\n}\n<\/style>\n<div  class='avia-image-container av-l6ke1xda-f1b99bc859425e24e150db459a323688 av-styling- avia-align-center  avia-builder-el-12  avia-builder-el-no-sibling '   itemprop=\"image\" itemscope=\"itemscope\" itemtype=\"https:\/\/schema.org\/ImageObject\" ><div class=\"avia-image-container-inner\"><div class=\"avia-image-overlay-wrap\"><a href=\"https:\/\/aulaabierta.arasaac.org\/de\/asterics-aac_startseite\" class='avia_image' ><img decoding=\"async\" class='wp-image-106723 avia-img-lazy-loading-not-106723 avia_image ' src=\"https:\/\/aulaabierta.arasaac.org\/wp-content\/uploads\/2022\/08\/casa-120x120-1-80x80.png\" alt='' title='casa-120x120'  height=\"80\" width=\"80\"  itemprop=\"thumbnailUrl\" srcset=\"https:\/\/aulaabierta.arasaac.org\/wp-content\/uploads\/2022\/08\/casa-120x120-1-80x80.png 80w, https:\/\/aulaabierta.arasaac.org\/wp-content\/uploads\/2022\/08\/casa-120x120-1-36x36.png 36w, https:\/\/aulaabierta.arasaac.org\/wp-content\/uploads\/2022\/08\/casa-120x120-1.png 120w\" sizes=\"(max-width: 80px) 100vw, 80px\" \/><\/a><\/div><\/div><\/div><\/div>\n<div class='flex_column av-126aqin-7a6e39193fa1262d0b61cdb616a4a062 av_one_fifth  avia-builder-el-13  el_after_av_one_fifth  el_before_av_one_fifth  flex_column_div column-top-margin'     ><\/div>\n<div class='flex_column av-w2yn9b-3822e7b37f6ad515aaaac5be5b29fec2 av_one_fifth  avia-builder-el-14  el_after_av_one_fifth  el_before_av_one_full  flex_column_div column-top-margin'     ><style type=\"text\/css\" data-created_by=\"avia_inline_auto\" id=\"style-css-av-l6kdzl6f-407479d7a6c1177a74a21731864067ed\">\n.avia-image-container.av-l6kdzl6f-407479d7a6c1177a74a21731864067ed img.avia_image{\nbox-shadow:none;\n}\n.avia-image-container.av-l6kdzl6f-407479d7a6c1177a74a21731864067ed .av-image-caption-overlay-center{\ncolor:#ffffff;\n}\n<\/style>\n<div  class='avia-image-container av-l6kdzl6f-407479d7a6c1177a74a21731864067ed av-styling- avia-align-center  avia-builder-el-15  avia-builder-el-no-sibling '   itemprop=\"image\" itemscope=\"itemscope\" itemtype=\"https:\/\/schema.org\/ImageObject\" ><div class=\"avia-image-container-inner\"><div class=\"avia-image-overlay-wrap\"><a href=\"https:\/\/aulaabierta.arasaac.org\/de\/asterics-aac_aktionen_anderem_grid_navigieren\" class='avia_image' ><img decoding=\"async\" class='wp-image-96480 avia-img-lazy-loading-not-96480 avia_image ' src=\"https:\/\/aulaabierta.arasaac.org\/wp-content\/uploads\/2016\/12\/next-80x80.png\" alt='' title='next'  height=\"80\" width=\"80\"  itemprop=\"thumbnailUrl\" srcset=\"https:\/\/aulaabierta.arasaac.org\/wp-content\/uploads\/2016\/12\/next-80x80.png 80w, https:\/\/aulaabierta.arasaac.org\/wp-content\/uploads\/2016\/12\/next-36x36.png 36w, https:\/\/aulaabierta.arasaac.org\/wp-content\/uploads\/2016\/12\/next-120x120.png 120w, https:\/\/aulaabierta.arasaac.org\/wp-content\/uploads\/2016\/12\/next.png 128w\" sizes=\"(max-width: 80px) 100vw, 80px\" \/><\/a><\/div><\/div><\/div><\/div>\n<div class='flex_column av-vtfpkv-8fb9bef4cb06de80cef16013e631f9a4 av_one_full  avia-builder-el-16  el_after_av_one_fifth  avia-builder-el-last  first flex_column_div column-top-margin'     ><\/div>\n","protected":false},"excerpt":{"rendered":"","protected":false},"author":5,"featured_media":106721,"parent":0,"menu_order":0,"comment_status":"open","ping_status":"open","template":"","meta":{"om_disable_all_campaigns":false,"_monsterinsights_skip_tracking":false,"_monsterinsights_sitenote_active":false,"_monsterinsights_sitenote_note":"","_monsterinsights_sitenote_category":0,"_uf_show_specific_survey":0,"_uf_disable_surveys":false,"footnotes":""},"class_list":["post-110033","page","type-page","status-publish","has-post-thumbnail","hentry"],"aioseo_notices":[],"_links":{"self":[{"href":"https:\/\/aulaabierta.arasaac.org\/de\/wp-json\/wp\/v2\/pages\/110033","targetHints":{"allow":["GET"]}}],"collection":[{"href":"https:\/\/aulaabierta.arasaac.org\/de\/wp-json\/wp\/v2\/pages"}],"about":[{"href":"https:\/\/aulaabierta.arasaac.org\/de\/wp-json\/wp\/v2\/types\/page"}],"author":[{"embeddable":true,"href":"https:\/\/aulaabierta.arasaac.org\/de\/wp-json\/wp\/v2\/users\/5"}],"replies":[{"embeddable":true,"href":"https:\/\/aulaabierta.arasaac.org\/de\/wp-json\/wp\/v2\/comments?post=110033"}],"version-history":[{"count":68,"href":"https:\/\/aulaabierta.arasaac.org\/de\/wp-json\/wp\/v2\/pages\/110033\/revisions"}],"predecessor-version":[{"id":145684,"href":"https:\/\/aulaabierta.arasaac.org\/de\/wp-json\/wp\/v2\/pages\/110033\/revisions\/145684"}],"wp:featuredmedia":[{"embeddable":true,"href":"https:\/\/aulaabierta.arasaac.org\/de\/wp-json\/wp\/v2\/media\/106721"}],"wp:attachment":[{"href":"https:\/\/aulaabierta.arasaac.org\/de\/wp-json\/wp\/v2\/media?parent=110033"}],"curies":[{"name":"wp","href":"https:\/\/api.w.org\/{rel}","templated":true}]}}