{"id":110131,"date":"2022-11-02T21:04:01","date_gmt":"2022-11-02T20:04:01","guid":{"rendered":"https:\/\/aulaabierta.arasaac.org\/asterics-grid_aktionen_anderem_grid_navigieren"},"modified":"2023-02-09T11:39:19","modified_gmt":"2023-02-09T10:39:19","slug":"asterics-aac_aktionen_anderem_grid_navigieren","status":"publish","type":"page","link":"https:\/\/aulaabierta.arasaac.org\/de\/asterics-aac_aktionen_anderem_grid_navigieren","title":{"rendered":"Asterics AAC Kommunikator &#8211; 9 &#8211; Aktionen &#8211; Zu anderem Grid navigieren"},"content":{"rendered":"\n<style type=\"text\/css\" data-created_by=\"avia_inline_auto\" id=\"style-css-av-g02wp-2e423cafcf76d599657ad9c77cf54bae\">\n#top .av-special-heading.av-g02wp-2e423cafcf76d599657ad9c77cf54bae{\npadding-bottom:0;\n}\nbody .av-special-heading.av-g02wp-2e423cafcf76d599657ad9c77cf54bae .av-special-heading-tag .heading-char{\nfont-size:25px;\n}\n.av-special-heading.av-g02wp-2e423cafcf76d599657ad9c77cf54bae .av-subheading{\nfont-size:15px;\n}\n<\/style>\n<div  class='av-special-heading av-g02wp-2e423cafcf76d599657ad9c77cf54bae av-special-heading-h2  avia-builder-el-0  el_before_av_heading  avia-builder-el-first '><h2 class='av-special-heading-tag'  itemprop=\"headline\"  >Asterics AAC Dynamischer Kommunikator<\/h2><div class=\"special-heading-border\"><div class=\"special-heading-inner-border\"><\/div><\/div><\/div>\n\n<style type=\"text\/css\" data-created_by=\"avia_inline_auto\" id=\"style-css-av-l6uyvnzl-ab1b120ba22c1700cac0fb98f7667caa\">\n#top .av-special-heading.av-l6uyvnzl-ab1b120ba22c1700cac0fb98f7667caa{\npadding-bottom:0;\n}\nbody .av-special-heading.av-l6uyvnzl-ab1b120ba22c1700cac0fb98f7667caa .av-special-heading-tag .heading-char{\nfont-size:25px;\n}\n.av-special-heading.av-l6uyvnzl-ab1b120ba22c1700cac0fb98f7667caa .av-subheading{\nfont-size:15px;\n}\n<\/style>\n<div  class='av-special-heading av-l6uyvnzl-ab1b120ba22c1700cac0fb98f7667caa av-special-heading-h2  avia-builder-el-1  el_after_av_heading  el_before_av_textblock '><h2 class='av-special-heading-tag'  itemprop=\"headline\"  >9 &#8211; Aktionen &#8211; Zu anderem Grid navigieren<\/h2><div class=\"special-heading-border\"><div class=\"special-heading-inner-border\"><\/div><\/div><\/div>\n\n<style type=\"text\/css\" data-created_by=\"avia_inline_auto\" id=\"style-css-av-l75ukmgm-4036f943598e035ce1b6c01c4712b6a0\">\n#top .av_textblock_section.av-l75ukmgm-4036f943598e035ce1b6c01c4712b6a0 .avia_textblock{\nfont-size:16px;\n}\n<\/style>\n<section  class='av_textblock_section av-l75ukmgm-4036f943598e035ce1b6c01c4712b6a0'  itemscope=\"itemscope\" itemtype=\"https:\/\/schema.org\/CreativeWork\" ><div class='avia_textblock'  itemprop=\"text\" ><p>Die n\u00e4chste Aktion, die wir lernen werden, ist die Aktion &#8222;<strong>Zu anderem Grid navigieren<\/strong>&#8220; , eine grundlegende Aktion, wenn wir mit dem <strong>Kernvokabular nach Kategorien<\/strong> organisierte Grids erstellen wollen, da viele ihrer Zellen mit anderen Grids verkn\u00fcpft (verlinkt) sein werden.<\/p>\n<p>In unserem Beispielkommunikator zeigen wir Ihnen, wie n\u00fctzlich das ist. Unser Nutzer m\u00f6chte Wasser trinken und formt die Phrase ICH+M\u00d6CHTE. Das Verb TRINKEN befindet sich in der Zellkategorie VERBEN. Wenn Sie also auf diese Zelle klicken, erscheint ein neues, verlinktes Raster, in dem alle f\u00fcr unseren User am h\u00e4ufigsten vorkommenden Verben angezeigt werden. Sie m\u00fcssen nur noch auf die Zelle mit dem TRINK-Symbol klicken, das dann der kumulative Phrase hinzugef\u00fcgt wird.<\/p>\n<p><img loading=\"lazy\" decoding=\"async\" class=\"aligncenter wp-image-94471\" src=\"https:\/\/aulaabierta.arasaac.org\/wp-content\/uploads\/2023\/01\/Comunicador-Asterics-pictogramas-ARASAAC-53_en.jpg\" alt=\"\" width=\"800\" height=\"562\"><\/p>\n<p>Wenn wir ein Getr\u00e4nk hinzuf\u00fcgen wollen, klicken wir auf die Zelle Home, um zur\u00fcckzugehen und die Zellkategorie GETR\u00c4NKE auszuw\u00e4hlen. In dem neuen verkn\u00fcpften Raster erscheinen die g\u00e4ngigsten Getr\u00e4nke f\u00fcr den Benutzer \/ die Benutzerin, der\/die nur noch das gew\u00fcnschte Getr\u00e4nk ausw\u00e4hlen muss.<\/p>\n<p>Wenn Sie sich das Raster genau ansehen, wird in allen Zellen, die ein verkn\u00fcpftes Raster \/ Grid haben, ein kleines Quadrat am oberen rechten Rand der Zelle hinzugef\u00fcgt.<\/p>\n<p><img loading=\"lazy\" decoding=\"async\" class=\"aligncenter wp-image-94477\" src=\"https:\/\/aulaabierta.arasaac.org\/wp-content\/uploads\/2023\/01\/Comunicador-Asterics-pictogramas-ARASAAC-54_en.jpg\" alt=\"\" width=\"800\" height=\"75\"><\/p>\n<p>Um Grids zu verkn\u00fcpfen, m\u00fcssen wir zuvor mehrere Grids erstellt haben, damit wir zu ihnen navigieren k\u00f6nnen.<\/p>\n<p>Gehen Sie dazu im <strong>seitlichen Navigationsmen\u00fc<\/strong> auf den Abschnitt &#8222;<strong>Grids verwalten<\/strong>&#8220; und w\u00e4hlen Sie die Option &#8222;<strong>+ Neues Grid<\/strong>&#8220; . <\/p>\n<p><strong><img loading=\"lazy\" decoding=\"async\" class=\"aligncenter wp-image-94548\" src=\"https:\/\/aulaabierta.arasaac.org\/wp-content\/uploads\/2023\/01\/Comunicador-Asterics-pictogramas-ARASAAC-55_en.jpg\" alt=\"\" width=\"800\" height=\"454\"><br \/>\n<\/strong><\/p>\n<p>In diesem Bereich k\u00f6nnen wir alle von uns erstellten Grids (Raster) anzeigen und verwalten. Obwohl wir die Funktionsweise dieses Abschnitts in einem anderen Tutorium erkl\u00e4ren werden, m\u00f6chten wir zwei wichtige Optionen hervorheben.<\/p>\n<p>Wenn wir zum Ende dieses Abschnitts gehen, finden wir die Option &#8222;<strong>W\u00e4hle Start-Grid zum Erstellen des globalen Grids<\/strong>&#8220; . Im Drop-Down Men\u00fc w\u00e4hlen wir das Raster aus, das wir als Hauptraster f\u00fcr unseren Kommunikator verwenden wollen.<\/p>\n<p><img loading=\"lazy\" decoding=\"async\" class=\"aligncenter wp-image-94554\" src=\"https:\/\/aulaabierta.arasaac.org\/wp-content\/uploads\/2023\/01\/Comunicador-Asterics-pictogramas-ARASAAC-56_en.jpg\" alt=\"\" width=\"800\" height=\"136\"><\/p>\n<p>Obwohl der Kommunikator automatisch mit allen unseren Ger\u00e4ten synchronisiert wird, ist es wichtig, eine <strong>Sicherungskopie (Backup)<\/strong> auf unserem Computer oder Ger\u00e4t zu speichern, indem Sie die das Men\u00fc &#8222;<strong>+Mehr<\/strong>&#8220; auf der oberen rechten Seite \u00f6ffnen und die Option &#8222;Backup als Datei speichern&#8220; verwenden.<\/p>\n<p><img loading=\"lazy\" decoding=\"async\" class=\"aligncenter wp-image-94559\" src=\"https:\/\/aulaabierta.arasaac.org\/wp-content\/uploads\/2023\/01\/Comunicador-Asterics-pictogramas-ARASAAC-57_en-1.jpg\" alt=\"\" width=\"800\" height=\"454\"><\/p>\n<p>Auf diese Weise wollen wir sicherstellen, dass wir eine Kopie unseres Kommunikators haben und ihn auch auf einem anderen Computer oder Ger\u00e4t verwenden k\u00f6nnen. Dazu m\u00fcssen wir dann die Option &#8222;<strong>Sicherung aus Datei wiederherstellen<\/strong>&#8220; verwenden und die Sicherungsdatei importieren, die wir zuvor heruntergeladen haben.<\/p>\n<p>In <strong>Asterics AAC<\/strong> k\u00f6nnen wir Grids auf zwei verschiedene Arten verkn\u00fcpfen.<\/p>\n<p>Einerseits bearbeiten wir das Hauptgrid und navigieren \u00fcber die Zelle, die wir mit einem Grid verkn\u00fcpfen wollen. Wenn Sie mit der rechten Maustaste klicken, erscheint die Option &#8222;<strong>Navigation hinzuf\u00fcgen<\/strong>&#8220; .<\/p>\n<p><img loading=\"lazy\" decoding=\"async\" class=\"aligncenter wp-image-111331\" src=\"https:\/\/aulaabierta.arasaac.org\/wp-content\/uploads\/2023\/01\/Comunicador-Asterics-pictogramas-ARASAAC-52a_en-1030x514.jpg\" alt=\"\" width=\"800\" height=\"353\"><\/p>\n<p>Wenn Sie diese Option ausw\u00e4hlen, \u00f6ffnet sich ein Pop-up-Fenster, in dem Sie im Feld &#8222;<strong>Navigieren zu Grid<\/strong>&#8220; die Option haben ein <strong>neues Grid zu erstellen oder ein bereits vorhandenes Grid zu w\u00e4hlen.<\/strong><\/p>\n<p>Wenn wir zu einem <strong>bereits erstellten Grid navigieren<\/strong> wollen, k\u00f6nnen wir es ausw\u00e4hlen, indem wir es im Drop-Down Men\u00fc w\u00e4hlen. Wenn wir von nun an auf dieses Element klicken, werden wir zum verkn\u00fcpften Grid weitergeleitet.<\/p>\n<p><img loading=\"lazy\" decoding=\"async\" class=\"aligncenter wp-image-111338\" src=\"https:\/\/aulaabierta.arasaac.org\/wp-content\/uploads\/2023\/01\/Comunicador-Asterics-pictogramas-ARASAAC-52b_en-1030x511.jpg\" alt=\"\" width=\"800\" height=\"450\"><\/p>\n<p>Die andere Option, die wir in diesem Fenster nutzen k\u00f6nnen, ist die <strong>Erstellung eines neuen Grids<\/strong> und dessen automatische Verkn\u00fcpfung.<\/p>\n<p><img loading=\"lazy\" decoding=\"async\" class=\"aligncenter wp-image-111345\" src=\"https:\/\/aulaabierta.arasaac.org\/wp-content\/uploads\/2023\/01\/Comunicador-Asterics-pictogramas-ARASAAC-52c_en-1030x511.jpg\" alt=\"\" width=\"800\" height=\"356\"><\/p>\n<p>Dazu w\u00e4hlen wir die Option &#8222;<strong>Neues Grid erstellen<\/strong>&#8220; im Drop Down Men\u00fc von &#8222;Navigieren zu Grid&#8220; und vergeben im darunterliegenden Feld den <strong>Namen des neuen Grids<\/strong>.<\/p>\n<p>Jetzt gehen wir in den Bereich &#8222;<strong>Grids verwalten<\/strong>&#8220; und suchen das neue Grid. Wir k\u00f6nnen ihm einen anderen Namen zuweisen und k\u00f6nnen es nun bearbeiten, um es mit den Symbolen zu vervollst\u00e4ndigen, die dieses verkn\u00fcpfte Grid bilden werden.<\/p>\n<p><img loading=\"lazy\" decoding=\"async\" class=\"aligncenter wp-image-111353\" src=\"https:\/\/aulaabierta.arasaac.org\/wp-content\/uploads\/2023\/01\/Comunicador-Asterics-pictogramas-ARASAAC-52d_en-1030x518.jpg\" alt=\"\" width=\"800\" height=\"408\"><\/p>\n<p>Eine weitere M\u00f6glichkeit, Grids zu verkn\u00fcpfen, ist das Pop-up-Fenster, das erscheint, wenn Sie mit der rechten Maustaste auf die Zelle klicken und &#8222;Bearbeiten&#8220; klicken.<\/p>\n<p>In diesem Pop-up-Fenster gehen wir auf die Registerkarte &#8222;<strong>Aktionen<\/strong>&#8220; , w\u00e4hlen &#8222;<strong>Zu anderem Grid navigieren<\/strong>&#8220; und klicken auf &#8222;<strong>+Aktion hinzuf\u00fcgen<\/strong>&#8220; .<\/p>\n<p><img loading=\"lazy\" decoding=\"async\" class=\"aligncenter wp-image-94566\" src=\"https:\/\/aulaabierta.arasaac.org\/wp-content\/uploads\/2023\/01\/Comunicador-Asterics-pictogramas-ARASAAC-58_en.jpg\" alt=\"\" width=\"800\" height=\"443\"><\/p>\n<p>Unter &#8222;Aktuelle Aktionen&#8220; erscheint eine neue Box mit verschiedenen Schaltfl\u00e4chen und eventuellen Auswahlm\u00f6glichkeiten.<\/p>\n<p><img loading=\"lazy\" decoding=\"async\" class=\"aligncenter wp-image-94571\" src=\"https:\/\/aulaabierta.arasaac.org\/wp-content\/uploads\/2023\/01\/Comunicador-Asterics-pictogramas-ARASAAC-59_en.jpg\" alt=\"\" width=\"800\" height=\"444\"><\/p>\n<p>In diesem Fenster finden wir unten die Option &#8222;<strong>Zu anderem Grid navigieren<\/strong>&#8220; . Wir \u00f6ffnen das zugeh\u00f6rige Drop-Down Men\u00fc und alle von uns erstellten Raster werden angezeigt. Wir w\u00e4hlen das Grid aus, das wir verkn\u00fcpfen wollen, wenn wir auf unsere Zelle klicken.<\/p>\n<p>Wir k\u00f6nnen auch die <strong>Option<\/strong> &#8222;<strong>F\u00fcge dieses Element zu Sammelelementen hinzu (trotz Navigation)<\/strong>&#8220; aktivieren, falls es notwendig ist, dass diese Zelle in der gesammelten Phrase erscheint.<\/p>\n<p>Im vorigen Screenshot sehen wir, dass verschiedene Aktionen in derselben Zelle angesammelt werden k\u00f6nnen. Im Beispiel-Screenshot wurde die Option &#8222;<strong>Label aussprechen<\/strong>&#8220; beibehalten. Wenn wir also im Visualisierungsmodus (&#8222;Bearbeiten aus&#8220;) auf diese Zelle klicken, wird der Zelltext \/ das Label ausgesprochen und zum verkn\u00fcpften Grid navigiert.<\/p>\n<\/div><\/section>\n<div class='flex_column av-2krg6xr-318b22cf5a7dcc17d549f6d260a48947 av_one_fifth  avia-builder-el-3  el_after_av_textblock  el_before_av_one_fifth  first flex_column_div column-top-margin'     ><style type=\"text\/css\" data-created_by=\"avia_inline_auto\" id=\"style-css-av-l6kdyooj-a54adc0759b85c31c4e0e542f67632c9\">\n.avia-image-container.av-l6kdyooj-a54adc0759b85c31c4e0e542f67632c9 img.avia_image{\nbox-shadow:none;\n}\n.avia-image-container.av-l6kdyooj-a54adc0759b85c31c4e0e542f67632c9 .av-image-caption-overlay-center{\ncolor:#ffffff;\n}\n<\/style>\n<div  class='avia-image-container av-l6kdyooj-a54adc0759b85c31c4e0e542f67632c9 av-styling- avia-align-center  avia-builder-el-4  avia-builder-el-no-sibling '   itemprop=\"image\" itemscope=\"itemscope\" itemtype=\"https:\/\/schema.org\/ImageObject\" ><div class=\"avia-image-container-inner\"><div class=\"avia-image-overlay-wrap\"><a href=\"https:\/\/aulaabierta.arasaac.org\/de\/asterics-aac_8_aktionen_label_aussprechen\" class='avia_image' ><img decoding=\"async\" class='wp-image-96479 avia-img-lazy-loading-not-96479 avia_image ' src=\"https:\/\/aulaabierta.arasaac.org\/wp-content\/uploads\/2016\/12\/before-80x80.png\" alt='' title='before'  height=\"80\" width=\"80\"  itemprop=\"thumbnailUrl\" srcset=\"https:\/\/aulaabierta.arasaac.org\/wp-content\/uploads\/2016\/12\/before-80x80.png 80w, https:\/\/aulaabierta.arasaac.org\/wp-content\/uploads\/2016\/12\/before-36x36.png 36w, https:\/\/aulaabierta.arasaac.org\/wp-content\/uploads\/2016\/12\/before-120x120.png 120w, https:\/\/aulaabierta.arasaac.org\/wp-content\/uploads\/2016\/12\/before.png 128w\" sizes=\"(max-width: 80px) 100vw, 80px\" \/><\/a><\/div><\/div><\/div><\/div>\n<div class='flex_column av-2acjjb3-72430572443564d7b3ecb332fff10556 av_one_fifth  avia-builder-el-5  el_after_av_one_fifth  el_before_av_one_fifth  flex_column_div column-top-margin'     ><\/div>\n<div class='flex_column av-5ueg0v-f5b4451085be42fd2a70550803012549 av_one_fifth  avia-builder-el-6  el_after_av_one_fifth  el_before_av_one_fifth  flex_column_div column-top-margin'     ><style type=\"text\/css\" data-created_by=\"avia_inline_auto\" id=\"style-css-av-l6ke1xda-f1b99bc859425e24e150db459a323688\">\n.avia-image-container.av-l6ke1xda-f1b99bc859425e24e150db459a323688 img.avia_image{\nbox-shadow:none;\n}\n.avia-image-container.av-l6ke1xda-f1b99bc859425e24e150db459a323688 .av-image-caption-overlay-center{\ncolor:#ffffff;\n}\n<\/style>\n<div  class='avia-image-container av-l6ke1xda-f1b99bc859425e24e150db459a323688 av-styling- avia-align-center  avia-builder-el-7  avia-builder-el-no-sibling '   itemprop=\"image\" itemscope=\"itemscope\" itemtype=\"https:\/\/schema.org\/ImageObject\" ><div class=\"avia-image-container-inner\"><div class=\"avia-image-overlay-wrap\"><a href=\"https:\/\/aulaabierta.arasaac.org\/de\/asterics-aac_startseite\" class='avia_image' ><img decoding=\"async\" class='wp-image-106723 avia-img-lazy-loading-not-106723 avia_image ' src=\"https:\/\/aulaabierta.arasaac.org\/wp-content\/uploads\/2022\/08\/casa-120x120-1-80x80.png\" alt='' title='casa-120x120'  height=\"80\" width=\"80\"  itemprop=\"thumbnailUrl\" srcset=\"https:\/\/aulaabierta.arasaac.org\/wp-content\/uploads\/2022\/08\/casa-120x120-1-80x80.png 80w, https:\/\/aulaabierta.arasaac.org\/wp-content\/uploads\/2022\/08\/casa-120x120-1-36x36.png 36w, https:\/\/aulaabierta.arasaac.org\/wp-content\/uploads\/2022\/08\/casa-120x120-1.png 120w\" sizes=\"(max-width: 80px) 100vw, 80px\" \/><\/a><\/div><\/div><\/div><\/div>\n<div class='flex_column av-126aqin-7a6e39193fa1262d0b61cdb616a4a062 av_one_fifth  avia-builder-el-8  el_after_av_one_fifth  el_before_av_one_fifth  flex_column_div column-top-margin'     ><\/div>\n<div class='flex_column av-w2yn9b-3822e7b37f6ad515aaaac5be5b29fec2 av_one_fifth  avia-builder-el-9  el_after_av_one_fifth  el_before_av_one_full  flex_column_div column-top-margin'     ><style type=\"text\/css\" data-created_by=\"avia_inline_auto\" id=\"style-css-av-l6kdzl6f-10e35b8b5742eba33d55e8433ac97fe7\">\n.avia-image-container.av-l6kdzl6f-10e35b8b5742eba33d55e8433ac97fe7 img.avia_image{\nbox-shadow:none;\n}\n.avia-image-container.av-l6kdzl6f-10e35b8b5742eba33d55e8433ac97fe7 .av-image-caption-overlay-center{\ncolor:#ffffff;\n}\n<\/style>\n<div  class='avia-image-container av-l6kdzl6f-10e35b8b5742eba33d55e8433ac97fe7 av-styling- avia-align-center  avia-builder-el-10  avia-builder-el-no-sibling '   itemprop=\"image\" itemscope=\"itemscope\" itemtype=\"https:\/\/schema.org\/ImageObject\" ><div class=\"avia-image-container-inner\"><div class=\"avia-image-overlay-wrap\"><a href=\"https:\/\/aulaabierta.arasaac.org\/de\/asterics-aac_aktionen_benutzerdefinierten_text_aussprechen\" class='avia_image' ><img decoding=\"async\" class='wp-image-96480 avia-img-lazy-loading-not-96480 avia_image ' src=\"https:\/\/aulaabierta.arasaac.org\/wp-content\/uploads\/2016\/12\/next-80x80.png\" alt='' title='next'  height=\"80\" width=\"80\"  itemprop=\"thumbnailUrl\" srcset=\"https:\/\/aulaabierta.arasaac.org\/wp-content\/uploads\/2016\/12\/next-80x80.png 80w, https:\/\/aulaabierta.arasaac.org\/wp-content\/uploads\/2016\/12\/next-36x36.png 36w, https:\/\/aulaabierta.arasaac.org\/wp-content\/uploads\/2016\/12\/next-120x120.png 120w, https:\/\/aulaabierta.arasaac.org\/wp-content\/uploads\/2016\/12\/next.png 128w\" sizes=\"(max-width: 80px) 100vw, 80px\" \/><\/a><\/div><\/div><\/div><\/div>\n<div class='flex_column av-vtfpkv-8fb9bef4cb06de80cef16013e631f9a4 av_one_full  avia-builder-el-11  el_after_av_one_fifth  avia-builder-el-last  first flex_column_div column-top-margin'     ><\/div>\n","protected":false},"excerpt":{"rendered":"","protected":false},"author":5,"featured_media":106721,"parent":0,"menu_order":0,"comment_status":"open","ping_status":"open","template":"","meta":{"om_disable_all_campaigns":false,"_monsterinsights_skip_tracking":false,"_monsterinsights_sitenote_active":false,"_monsterinsights_sitenote_note":"","_monsterinsights_sitenote_category":0,"_uf_show_specific_survey":0,"_uf_disable_surveys":false,"footnotes":""},"class_list":["post-110131","page","type-page","status-publish","has-post-thumbnail","hentry"],"aioseo_notices":[],"_links":{"self":[{"href":"https:\/\/aulaabierta.arasaac.org\/de\/wp-json\/wp\/v2\/pages\/110131","targetHints":{"allow":["GET"]}}],"collection":[{"href":"https:\/\/aulaabierta.arasaac.org\/de\/wp-json\/wp\/v2\/pages"}],"about":[{"href":"https:\/\/aulaabierta.arasaac.org\/de\/wp-json\/wp\/v2\/types\/page"}],"author":[{"embeddable":true,"href":"https:\/\/aulaabierta.arasaac.org\/de\/wp-json\/wp\/v2\/users\/5"}],"replies":[{"embeddable":true,"href":"https:\/\/aulaabierta.arasaac.org\/de\/wp-json\/wp\/v2\/comments?post=110131"}],"version-history":[{"count":63,"href":"https:\/\/aulaabierta.arasaac.org\/de\/wp-json\/wp\/v2\/pages\/110131\/revisions"}],"predecessor-version":[{"id":145730,"href":"https:\/\/aulaabierta.arasaac.org\/de\/wp-json\/wp\/v2\/pages\/110131\/revisions\/145730"}],"wp:featuredmedia":[{"embeddable":true,"href":"https:\/\/aulaabierta.arasaac.org\/de\/wp-json\/wp\/v2\/media\/106721"}],"wp:attachment":[{"href":"https:\/\/aulaabierta.arasaac.org\/de\/wp-json\/wp\/v2\/media?parent=110131"}],"curies":[{"name":"wp","href":"https:\/\/api.w.org\/{rel}","templated":true}]}}