{"id":110310,"date":"2022-11-03T09:06:38","date_gmt":"2022-11-03T08:06:38","guid":{"rendered":"https:\/\/aulaabierta.arasaac.org\/asterics-grid_aktionen_web_radio"},"modified":"2023-02-09T11:39:16","modified_gmt":"2023-02-09T10:39:16","slug":"asterics-aac_aktionen_web_radio","status":"publish","type":"page","link":"https:\/\/aulaabierta.arasaac.org\/de\/asterics-aac_aktionen_web_radio","title":{"rendered":"Asterics AAC Kommunikator &#8211; 12 &#8211; Aktionen &#8211; Web-Radio Aktion"},"content":{"rendered":"\n<style type=\"text\/css\" data-created_by=\"avia_inline_auto\" id=\"style-css-av-g02wp-0cd0aa7df4e77bfaafb793a5f5ab43b3\">\n#top .av-special-heading.av-g02wp-0cd0aa7df4e77bfaafb793a5f5ab43b3{\npadding-bottom:0;\n}\nbody .av-special-heading.av-g02wp-0cd0aa7df4e77bfaafb793a5f5ab43b3 .av-special-heading-tag .heading-char{\nfont-size:25px;\n}\n.av-special-heading.av-g02wp-0cd0aa7df4e77bfaafb793a5f5ab43b3 .av-subheading{\nfont-size:15px;\n}\n<\/style>\n<div  class='av-special-heading av-g02wp-0cd0aa7df4e77bfaafb793a5f5ab43b3 av-special-heading-h2  avia-builder-el-0  el_before_av_heading  avia-builder-el-first '><h2 class='av-special-heading-tag'  itemprop=\"headline\"  >Dynamischer Kommunikator Asterics AAC <\/h2><div class=\"special-heading-border\"><div class=\"special-heading-inner-border\"><\/div><\/div><\/div>\n\n<style type=\"text\/css\" data-created_by=\"avia_inline_auto\" id=\"style-css-av-l6uyvnzl-315f71d027299df75d722c5d18cf5858\">\n#top .av-special-heading.av-l6uyvnzl-315f71d027299df75d722c5d18cf5858{\npadding-bottom:0;\n}\nbody .av-special-heading.av-l6uyvnzl-315f71d027299df75d722c5d18cf5858 .av-special-heading-tag .heading-char{\nfont-size:25px;\n}\n.av-special-heading.av-l6uyvnzl-315f71d027299df75d722c5d18cf5858 .av-subheading{\nfont-size:15px;\n}\n<\/style>\n<div  class='av-special-heading av-l6uyvnzl-315f71d027299df75d722c5d18cf5858 av-special-heading-h2  avia-builder-el-1  el_after_av_heading  el_before_av_textblock '><h2 class='av-special-heading-tag'  itemprop=\"headline\"  >12 &#8211; Aktionen &#8211; Web-Radio Aktion<\/h2><div class=\"special-heading-border\"><div class=\"special-heading-inner-border\"><\/div><\/div><\/div>\n\n<style type=\"text\/css\" data-created_by=\"avia_inline_auto\" id=\"style-css-av-l7cxlhkl-2e84e67709c40e9df4733b99b8b2ea31\">\n#top .av_textblock_section.av-l7cxlhkl-2e84e67709c40e9df4733b99b8b2ea31 .avia_textblock{\nfont-size:16px;\n}\n<\/style>\n<section  class='av_textblock_section av-l7cxlhkl-2e84e67709c40e9df4733b99b8b2ea31'  itemscope=\"itemscope\" itemtype=\"https:\/\/schema.org\/CreativeWork\" ><div class='avia_textblock'  itemprop=\"text\" ><p><img loading=\"lazy\" decoding=\"async\" class=\"alignnone wp-image-94727 size-full\" src=\"https:\/\/aulaabierta.arasaac.org\/wp-content\/uploads\/2023\/01\/Comunicador-Asterics-pictogramas-ARASAAC-70_en.jpg\" alt=\"\" width=\"1050\" height=\"600\"><\/p>\n<p><span class=\"\">Mit der <strong>Web-Radio Aktion<\/strong> k\u00f6nnen Sie nach Webradiosendern suchen und diese abspielen<\/span>. Die <span class=\"\">Sendersuchfunktionen arbeiten<\/span> mit der <a href=\"https:\/\/translate.google.com\/website?sl=auto&amp;tl=es&amp;hl=es&amp;u=https:\/\/www.radio-browser.info\/gui\/%23!\/\" target=\"_blank\" rel=\"noopener\"><span class=\"\">radio-browser.info<\/span><\/a> <span class=\"\">API<\/span>.<\/p>\n<p>Wenn diese Aktion hinzugef\u00fcgt und bearbeitet wird, erscheint das folgende Men\u00fc.<\/p>\n<p><img loading=\"lazy\" decoding=\"async\" class=\"alignnone wp-image-94732 size-full\" src=\"https:\/\/aulaabierta.arasaac.org\/wp-content\/uploads\/2023\/01\/Comunicador-Asterics-pictogramas-ARASAAC-71_en.jpg\" alt=\"\" width=\"782\" height=\"842\"><\/p>\n<p>Wir empfehlen Ihnen, zun\u00e4chst die Radiosender auszuw\u00e4hlen, die Sie in Ihr Netz einbinden m\u00f6chten. Scrollen Sie dazu nach unten und w\u00e4hlen Sie die Ausklappbox &#8222;<strong>Webradioliste verwalten<\/strong>&#8220; . Wenn darauf geklickt wird, klappt ein Feld mit mehreren Einstellm\u00f6glichkeiten auf.<\/p>\n<p><img loading=\"lazy\" decoding=\"async\" class=\"alignnone wp-image-94749 size-full\" src=\"https:\/\/aulaabierta.arasaac.org\/wp-content\/uploads\/2023\/01\/Comunicador-Asterics-pictogramas-ARASAAC-72a_en-1.jpg\" alt=\"\" width=\"1048\" height=\"602\"><\/p>\n<p>In das Feld &#8222;<strong>Suchbegriff<\/strong>&#8220; haben wir den gesuchten Radiosender eingegeben, und wie wir sehen k\u00f6nnen, erscheint unten eine Liste, in der wir diesen Radiosender finden k\u00f6nnen.<\/p>\n<p><img loading=\"lazy\" decoding=\"async\" class=\"alignnone wp-image-94764 size-full\" src=\"https:\/\/aulaabierta.arasaac.org\/wp-content\/uploads\/2023\/01\/Comunicador-Asterics-pictogramas-ARASAAC-72a-1_en-1.jpg\" alt=\"\" width=\"871\" height=\"443\"><\/p>\n<p>Klicken Sie auf die Schaltfl\u00e4che &#8222;<strong>W\u00e4hlen+<\/strong>&#8220; , um diesen Radiosender unseren bereits ausgew\u00e4hlten Radiosendern zuzuordnen. W\u00e4hrend wir nach Sendern suchen und sie ausw\u00e4hlen, erstellen wir unsere eigene Liste von Radiosendern, die wir verwalten k\u00f6nnen.<\/p>\n<p><img loading=\"lazy\" decoding=\"async\" class=\"alignnone wp-image-94769 size-full\" src=\"https:\/\/aulaabierta.arasaac.org\/wp-content\/uploads\/2023\/01\/Comunicador-Asterics-pictogramas-ARASAAC-72bc_en.jpg\" alt=\"\" width=\"901\" height=\"543\"><\/p>\n<p>Es besteht auch die M\u00f6glichkeit, zun\u00e4chst eine Senderliste zu erstellen. Wenn wir die gew\u00fcnschten Sender ausgew\u00e4hlt haben, k\u00f6nnen wir auf die Schaltfl\u00e4che &#8222;<strong>Grid-Elemente f\u00fcr Radios erstellen<\/strong>&#8220; klicken. Diese Option f\u00fcgt direkt alle Zellen unserer Liste in das Raster ein, wobei jeder Zelle ein Radiosender zugewiesen wird.<\/p>\n<p>Um dem Benutzer die Verwaltung der verschiedenen Radios im Raster zu erleichtern, ist die erste Option &#8222;<strong>Web-Radio Aktion&#8220;<\/strong> ein Drop Down Men\u00fc.<\/p>\n<p><img loading=\"lazy\" decoding=\"async\" class=\"alignnone wp-image-94738 size-full\" src=\"https:\/\/aulaabierta.arasaac.org\/wp-content\/uploads\/2023\/01\/Comunicador-Asterics-pictogramas-ARASAAC-72_en.jpg\" alt=\"\" width=\"1051\" height=\"610\"><\/p>\n<p>Wenn wir dieses Drop-Down Men\u00fc \u00f6ffnen, finden wir verschiedene Optionen, die wir der Zelle zuweisen k\u00f6nnen, die wir in unserem Funk-Grid verwenden werden und die als Kontrollfunktionen dienen:<\/p>\n<ul>\n<li><strong>Radio einschalten<\/strong>: Schaltet das Radio mit dem ausgew\u00e4hlten Kanal als WebRadio ein.<\/li>\n<li><strong><span class=\"\">Radio ein-\/ausschalten<\/span><\/strong>: <span class=\"\">Schaltet den Zustand des Radios mit dem im <strong>WebRadio<\/strong> ausgew\u00e4hlten Kanal<\/span> <span class=\"\">ein\/aus<\/span>.<\/li>\n<li><strong>Radio ausschalten<\/strong>: Schaltet das Radio ab.<\/li>\n<li><strong><span class=\"goog-text-highlight\">N\u00e4chster Radiosender<\/span><\/strong>: <span class=\"goog-text-highlight\">Wechselt zum n\u00e4chsten Radiosender in der Liste der ausgew\u00e4hlten Radiosender.<\/span><\/li>\n<li><strong>Voriger Radiosender<\/strong>: Wechselt zum vorherigen Radiosender in der Liste der ausgew\u00e4hlten Radiosender.<\/li>\n<li><strong>Radio-Lautst\u00e4rke erh\u00f6hen<\/strong>: Erh\u00f6ht die Lautst\u00e4rke des Radios.<\/li>\n<li><strong><span class=\"\">Radio-Lautst\u00e4rke vermindern<\/span><\/strong>: <span class=\"\">Verringert die Lautst\u00e4rke des <strong>Radios<\/strong><\/span>.<\/li>\n<\/ul>\n<p>In unserem Beispielraster haben wir die Zellen, denen Aktionen zugewiesen sind, rot umrandet.<\/p>\n<p><img loading=\"lazy\" decoding=\"async\" class=\"alignnone wp-image-94743 size-full\" src=\"https:\/\/aulaabierta.arasaac.org\/wp-content\/uploads\/2023\/01\/Comunicador-Asterics-pictogramas-ARASAAC-73_en.jpg\" alt=\"\" width=\"1327\" height=\"620\"><\/p>\n<p>Auf diese Weise haben wir bereits Zellen mit ausgew\u00e4hlten Radiosendern und Elemente, die die Steuerfunktionen ausf\u00fchren.<\/p>\n<p>Jetzt m\u00fcssen Sie nur noch in den Visualisierungsmodus (&#8222;Bearbeiten aus&#8220;) zur\u00fcckkehren und Ihren Lieblingsradiosender h\u00f6ren.<\/p>\n<\/div><\/section>\n<div class='flex_column av-2krg6xr-318b22cf5a7dcc17d549f6d260a48947 av_one_fifth  avia-builder-el-3  el_after_av_textblock  el_before_av_one_fifth  first flex_column_div column-top-margin'     ><style type=\"text\/css\" data-created_by=\"avia_inline_auto\" id=\"style-css-av-l6kdyooj-3e412c08f00221baef988f36cb53676a\">\n.avia-image-container.av-l6kdyooj-3e412c08f00221baef988f36cb53676a img.avia_image{\nbox-shadow:none;\n}\n.avia-image-container.av-l6kdyooj-3e412c08f00221baef988f36cb53676a .av-image-caption-overlay-center{\ncolor:#ffffff;\n}\n<\/style>\n<div  class='avia-image-container av-l6kdyooj-3e412c08f00221baef988f36cb53676a av-styling- avia-align-center  avia-builder-el-4  avia-builder-el-no-sibling '   itemprop=\"image\" itemscope=\"itemscope\" itemtype=\"https:\/\/schema.org\/ImageObject\" ><div class=\"avia-image-container-inner\"><div class=\"avia-image-overlay-wrap\"><a href=\"https:\/\/aulaabierta.arasaac.org\/de\/asterics-aac_erstellen-einer-alphanumerischen-tastatur\" class='avia_image' ><img decoding=\"async\" class='wp-image-96479 avia-img-lazy-loading-not-96479 avia_image ' src=\"https:\/\/aulaabierta.arasaac.org\/wp-content\/uploads\/2016\/12\/before-80x80.png\" alt='' title='before'  height=\"80\" width=\"80\"  itemprop=\"thumbnailUrl\" srcset=\"https:\/\/aulaabierta.arasaac.org\/wp-content\/uploads\/2016\/12\/before-80x80.png 80w, https:\/\/aulaabierta.arasaac.org\/wp-content\/uploads\/2016\/12\/before-36x36.png 36w, https:\/\/aulaabierta.arasaac.org\/wp-content\/uploads\/2016\/12\/before-120x120.png 120w, https:\/\/aulaabierta.arasaac.org\/wp-content\/uploads\/2016\/12\/before.png 128w\" sizes=\"(max-width: 80px) 100vw, 80px\" \/><\/a><\/div><\/div><\/div><\/div>\n<div class='flex_column av-2acjjb3-72430572443564d7b3ecb332fff10556 av_one_fifth  avia-builder-el-5  el_after_av_one_fifth  el_before_av_one_fifth  flex_column_div column-top-margin'     ><\/div>\n<div class='flex_column av-5ueg0v-f5b4451085be42fd2a70550803012549 av_one_fifth  avia-builder-el-6  el_after_av_one_fifth  el_before_av_one_fifth  flex_column_div column-top-margin'     ><style type=\"text\/css\" data-created_by=\"avia_inline_auto\" id=\"style-css-av-l6ke1xda-f1b99bc859425e24e150db459a323688\">\n.avia-image-container.av-l6ke1xda-f1b99bc859425e24e150db459a323688 img.avia_image{\nbox-shadow:none;\n}\n.avia-image-container.av-l6ke1xda-f1b99bc859425e24e150db459a323688 .av-image-caption-overlay-center{\ncolor:#ffffff;\n}\n<\/style>\n<div  class='avia-image-container av-l6ke1xda-f1b99bc859425e24e150db459a323688 av-styling- avia-align-center  avia-builder-el-7  avia-builder-el-no-sibling '   itemprop=\"image\" itemscope=\"itemscope\" itemtype=\"https:\/\/schema.org\/ImageObject\" ><div class=\"avia-image-container-inner\"><div class=\"avia-image-overlay-wrap\"><a href=\"https:\/\/aulaabierta.arasaac.org\/de\/asterics-aac_startseite\" class='avia_image' ><img decoding=\"async\" class='wp-image-106723 avia-img-lazy-loading-not-106723 avia_image ' src=\"https:\/\/aulaabierta.arasaac.org\/wp-content\/uploads\/2022\/08\/casa-120x120-1-80x80.png\" alt='' title='casa-120x120'  height=\"80\" width=\"80\"  itemprop=\"thumbnailUrl\" srcset=\"https:\/\/aulaabierta.arasaac.org\/wp-content\/uploads\/2022\/08\/casa-120x120-1-80x80.png 80w, https:\/\/aulaabierta.arasaac.org\/wp-content\/uploads\/2022\/08\/casa-120x120-1-36x36.png 36w, https:\/\/aulaabierta.arasaac.org\/wp-content\/uploads\/2022\/08\/casa-120x120-1.png 120w\" sizes=\"(max-width: 80px) 100vw, 80px\" \/><\/a><\/div><\/div><\/div><\/div>\n<div class='flex_column av-126aqin-7a6e39193fa1262d0b61cdb616a4a062 av_one_fifth  avia-builder-el-8  el_after_av_one_fifth  el_before_av_one_fifth  flex_column_div column-top-margin'     ><\/div>\n<div class='flex_column av-w2yn9b-3822e7b37f6ad515aaaac5be5b29fec2 av_one_fifth  avia-builder-el-9  el_after_av_one_fifth  el_before_av_one_full  flex_column_div column-top-margin'     ><style type=\"text\/css\" data-created_by=\"avia_inline_auto\" id=\"style-css-av-l6kdzl6f-8a1ed8f50e64b7520a2b1f6e1aab4058\">\n.avia-image-container.av-l6kdzl6f-8a1ed8f50e64b7520a2b1f6e1aab4058 img.avia_image{\nbox-shadow:none;\n}\n.avia-image-container.av-l6kdzl6f-8a1ed8f50e64b7520a2b1f6e1aab4058 .av-image-caption-overlay-center{\ncolor:#ffffff;\n}\n<\/style>\n<div  class='avia-image-container av-l6kdzl6f-8a1ed8f50e64b7520a2b1f6e1aab4058 av-styling- avia-align-center  avia-builder-el-10  avia-builder-el-no-sibling '   itemprop=\"image\" itemscope=\"itemscope\" itemtype=\"https:\/\/schema.org\/ImageObject\" ><div class=\"avia-image-container-inner\"><div class=\"avia-image-overlay-wrap\"><a href=\"https:\/\/aulaabierta.arasaac.org\/de\/asterics-aac_aktionen_youtube\" class='avia_image' ><img decoding=\"async\" class='wp-image-96480 avia-img-lazy-loading-not-96480 avia_image ' src=\"https:\/\/aulaabierta.arasaac.org\/wp-content\/uploads\/2016\/12\/next-80x80.png\" alt='' title='next'  height=\"80\" width=\"80\"  itemprop=\"thumbnailUrl\" srcset=\"https:\/\/aulaabierta.arasaac.org\/wp-content\/uploads\/2016\/12\/next-80x80.png 80w, https:\/\/aulaabierta.arasaac.org\/wp-content\/uploads\/2016\/12\/next-36x36.png 36w, https:\/\/aulaabierta.arasaac.org\/wp-content\/uploads\/2016\/12\/next-120x120.png 120w, https:\/\/aulaabierta.arasaac.org\/wp-content\/uploads\/2016\/12\/next.png 128w\" sizes=\"(max-width: 80px) 100vw, 80px\" \/><\/a><\/div><\/div><\/div><\/div>\n<div class='flex_column av-vtfpkv-8fb9bef4cb06de80cef16013e631f9a4 av_one_full  avia-builder-el-11  el_after_av_one_fifth  avia-builder-el-last  first flex_column_div column-top-margin'     ><\/div>\n","protected":false},"excerpt":{"rendered":"","protected":false},"author":5,"featured_media":106721,"parent":0,"menu_order":0,"comment_status":"open","ping_status":"open","template":"","meta":{"om_disable_all_campaigns":false,"_monsterinsights_skip_tracking":false,"_monsterinsights_sitenote_active":false,"_monsterinsights_sitenote_note":"","_monsterinsights_sitenote_category":0,"_uf_show_specific_survey":0,"_uf_disable_surveys":false,"footnotes":""},"class_list":["post-110310","page","type-page","status-publish","has-post-thumbnail","hentry"],"aioseo_notices":[],"_links":{"self":[{"href":"https:\/\/aulaabierta.arasaac.org\/de\/wp-json\/wp\/v2\/pages\/110310","targetHints":{"allow":["GET"]}}],"collection":[{"href":"https:\/\/aulaabierta.arasaac.org\/de\/wp-json\/wp\/v2\/pages"}],"about":[{"href":"https:\/\/aulaabierta.arasaac.org\/de\/wp-json\/wp\/v2\/types\/page"}],"author":[{"embeddable":true,"href":"https:\/\/aulaabierta.arasaac.org\/de\/wp-json\/wp\/v2\/users\/5"}],"replies":[{"embeddable":true,"href":"https:\/\/aulaabierta.arasaac.org\/de\/wp-json\/wp\/v2\/comments?post=110310"}],"version-history":[{"count":35,"href":"https:\/\/aulaabierta.arasaac.org\/de\/wp-json\/wp\/v2\/pages\/110310\/revisions"}],"predecessor-version":[{"id":145727,"href":"https:\/\/aulaabierta.arasaac.org\/de\/wp-json\/wp\/v2\/pages\/110310\/revisions\/145727"}],"wp:featuredmedia":[{"embeddable":true,"href":"https:\/\/aulaabierta.arasaac.org\/de\/wp-json\/wp\/v2\/media\/106721"}],"wp:attachment":[{"href":"https:\/\/aulaabierta.arasaac.org\/de\/wp-json\/wp\/v2\/media?parent=110310"}],"curies":[{"name":"wp","href":"https:\/\/api.w.org\/{rel}","templated":true}]}}