{"id":111371,"date":"2022-12-22T05:13:11","date_gmt":"2022-12-22T04:13:11","guid":{"rendered":"https:\/\/aulaabierta.arasaac.org\/asterics-grid_einstellungen"},"modified":"2023-02-09T11:39:35","modified_gmt":"2023-02-09T10:39:35","slug":"asterics-aac_einstellungen","status":"publish","type":"page","link":"https:\/\/aulaabierta.arasaac.org\/de\/asterics-aac_einstellungen","title":{"rendered":"Asterics AAC Kommunikator &#8211; 19 &#8211; Einstellungen"},"content":{"rendered":"\n<style type=\"text\/css\" data-created_by=\"avia_inline_auto\" id=\"style-css-av-g02wp-2e423cafcf76d599657ad9c77cf54bae\">\n#top .av-special-heading.av-g02wp-2e423cafcf76d599657ad9c77cf54bae{\npadding-bottom:0;\n}\nbody .av-special-heading.av-g02wp-2e423cafcf76d599657ad9c77cf54bae .av-special-heading-tag .heading-char{\nfont-size:25px;\n}\n.av-special-heading.av-g02wp-2e423cafcf76d599657ad9c77cf54bae .av-subheading{\nfont-size:15px;\n}\n<\/style>\n<div  class='av-special-heading av-g02wp-2e423cafcf76d599657ad9c77cf54bae av-special-heading-h2  avia-builder-el-0  el_before_av_heading  avia-builder-el-first '><h2 class='av-special-heading-tag'  itemprop=\"headline\"  >Asterics AAC Dynamischer Kommunikator<\/h2><div class=\"special-heading-border\"><div class=\"special-heading-inner-border\"><\/div><\/div><\/div>\n\n<style type=\"text\/css\" data-created_by=\"avia_inline_auto\" id=\"style-css-av-l6uyvnzl-8ceac41047031d4f95215b9f2d2ada89\">\n#top .av-special-heading.av-l6uyvnzl-8ceac41047031d4f95215b9f2d2ada89{\npadding-bottom:0;\n}\nbody .av-special-heading.av-l6uyvnzl-8ceac41047031d4f95215b9f2d2ada89 .av-special-heading-tag .heading-char{\nfont-size:25px;\n}\n.av-special-heading.av-l6uyvnzl-8ceac41047031d4f95215b9f2d2ada89 .av-subheading{\nfont-size:15px;\n}\n<\/style>\n<div  class='av-special-heading av-l6uyvnzl-8ceac41047031d4f95215b9f2d2ada89 av-special-heading-h2  avia-builder-el-1  el_after_av_heading  el_before_av_hr '><h2 class='av-special-heading-tag'  itemprop=\"headline\"  >19 &#8211; Startmen\u00fc &#8211; Einstellungen<\/h2><div class=\"special-heading-border\"><div class=\"special-heading-inner-border\"><\/div><\/div><\/div>\n<div  class='hr av-iuhhgx-d673ebc2263b20e277a8850c6f643d0e hr-default  avia-builder-el-2  el_after_av_heading  el_before_av_textblock '><span class='hr-inner '><span class=\"hr-inner-style\"><\/span><\/span><\/div>\n\n<style type=\"text\/css\" data-created_by=\"avia_inline_auto\" id=\"style-css-av-l7od3lky-d3322c1ef33746f21de40562a835b69b\">\n#top .av_textblock_section.av-l7od3lky-d3322c1ef33746f21de40562a835b69b .avia_textblock{\nfont-size:16px;\n}\n<\/style>\n<section  class='av_textblock_section av-l7od3lky-d3322c1ef33746f21de40562a835b69b'  itemscope=\"itemscope\" itemtype=\"https:\/\/schema.org\/CreativeWork\" ><div class='avia_textblock'  itemprop=\"text\" ><h3>Allgemeine Einstellungen<\/h3>\n<p>Im <strong>Startmen\u00fc<\/strong> des <strong>Kommunikators<\/strong> finden Sie den Abschnitt &#8222;<strong>Einstellungen<\/strong>&#8220; . Wenn wir diese Seite aufrufen, sehen wir zwei Hauptbereiche: <strong>Allgemeine Einstellungen<\/strong> und <strong>Benutzereinstellungen<\/strong>.<\/p>\n<p>Die <strong>allgemeinen Einstellungen<\/strong> werden f\u00fcr <strong>alle Benutzer des Ger\u00e4ts<\/strong> \u00fcbernommen.<\/p>\n<p><img decoding=\"async\" class=\"size-large wp-image-95642 aligncenter\" src=\"https:\/\/aulaabierta.arasaac.org\/wp-content\/uploads\/2023\/01\/Comunicador-Asterics-pictogramas-ARASAAC-129_en.jpg\" alt=\"\" width=\"800\"><\/p>\n<p>Auf der einen Seite finden wir die <strong>Anwendungssprache<\/strong>. Die Anwendung erkennt automatisch die Sprache der Zone, aus der wir zugreifen, und zeigt uns daher die gesamte Anwendung in unserer Sprache an, wenn es eine \u00dcbersetzung davon gibt.<\/p>\n<p>Unter Diverses k\u00f6nnen wir die <strong>Navigation und den Sperr-\/Vollbildstatus f\u00fcr Online-User synchronisieren<\/strong> (de-\/aktivieren). Wir k\u00f6nnen auch einen <strong>PIN (Passwort) zum Entsperren der Benutzeroberfl\u00e4che<\/strong> festlegen (nur Ziffern).<\/p>\n<p>Wenn wir die Statussynchronisierung auf zwei Ger\u00e4ten aktiviert haben und auf einem der Ger\u00e4te den Kommunikator in den Vollbildmodus versetzen, wird der Kommunikator automatisch auch auf dem anderen Ger\u00e4t, mit dem wir mit demselben Konto verbunden sind, in den Vollbildmodus versetzt.<\/p>\n<p>Das Gleiche gilt f\u00fcr die Bildschirmsperre. Wenn wir bei einem der Ger\u00e4te, mit denen wir mit einem Konto verbunden sind, den Kommunikator in den Vollbildmodus versetzen und ihn sperren, werden automatisch alle Ger\u00e4te gesperrt, die mit diesem Benutzer verbunden sind und bei denen die Option &#8222;Navigation und Sperr- bzw. Vollbildstatus f\u00fcr online User synchronisieren&#8220; aktiviert ist. Nach dem Sperren wird jedes Ger\u00e4t einzeln mit dem von uns festgelegten Entsperrsystem entsperrt (numerisch oder durch 7 Klicks, wenn wir keinen numerischen Code festgelegt haben).<\/p>\n<p><strong>(TRICK 1)<\/strong> Wenn wir m\u00f6chten, dass der Kommunikator des Benutzers gesperrt ist und sich im Vollbildmodus befindet, w\u00e4hrend wir von einem anderen Ger\u00e4t aus an der Konfiguration des Kommunikators des Benutzers arbeiten, werden wir die Option &#8222;Navigation und Sperr- bzw. Vollbildstatus f\u00fcr online User synchronisieren&#8220; nicht aktivieren. Auf diese Weise k\u00f6nnen wir auf dem Ger\u00e4t des Benutzers die Sperre und dann den Vollbildschirm (in dieser Reihenfolge) aktivieren, w\u00e4hrend wir auf unserem Ger\u00e4t die Sperre aufgehoben lassen, um an der Konfiguration weiterarbeiten zu k\u00f6nnen.<\/p>\n<p><strong>(TRICK 2)<\/strong> Wenn wir einen numerischen Entsperrungscode eingestellt haben und ihn vergessen, k\u00f6nnen wir ihn entsperren, indem wir eine beliebige Zahl sehr schnell (ohne Verz\u00f6gerung) sehr oft dr\u00fccken. In jedem Fall empfehlen wir, neben dem Benutzernamen (Username) und dem Passwort auch dieses aufzuschreiben (zu speichern).<\/p>\n<p>Wenn wir den Navigationsstatus (Vollbild und\/oder Sperre) auf jedem Ger\u00e4t separat festlegen wollen, deaktivieren wir die Option &#8222;Navigation und Sperr- bzw. Vollbildstatus f\u00fcr online User synchronisieren&#8220;.<\/p>\n<\/div><\/section>\n<div  class='hr av-q4t2lt-b44ad701e2f504f016151286aef41758 hr-default  avia-builder-el-4  el_after_av_textblock  el_before_av_textblock '><span class='hr-inner '><span class=\"hr-inner-style\"><\/span><\/span><\/div>\n\n<style type=\"text\/css\" data-created_by=\"avia_inline_auto\" id=\"style-css-av-l7od4o5m-0d9a596ac7742e371586fe68e4425a69\">\n#top .av_textblock_section.av-l7od4o5m-0d9a596ac7742e371586fe68e4425a69 .avia_textblock{\nfont-size:16px;\n}\n<\/style>\n<section  class='av_textblock_section av-l7od4o5m-0d9a596ac7742e371586fe68e4425a69'  itemscope=\"itemscope\" itemtype=\"https:\/\/schema.org\/CreativeWork\" ><div class='avia_textblock'  itemprop=\"text\" ><h3>Benutzereinstellungen<\/h3>\n<p>Die <strong>Benutzereinstellungen<\/strong> sind <strong>mit dem aktuellen Benutzer verkn\u00fcpft<\/strong> und werden im Falle von Online-Benutzern mit anderen Ger\u00e4ten synchronisiert.<\/p>\n<p><img decoding=\"async\" class=\"aligncenter wp-image-95648\" src=\"https:\/\/aulaabierta.arasaac.org\/wp-content\/uploads\/2023\/01\/Comunicador-Asterics-pictogramas-ARASAAC-130_en.jpg\" alt=\"\" width=\"800\"><\/p>\n<p>\u201e<strong>Sprache der Grids<\/strong>\u201c bezieht sich auf den Grid-Inhalt und das\/die Grid(s), dessen\/deren Inhalte in die gew\u00e4hlte Sprache \u00fcbersetzt ist, wie im Tutorial <strong><a href=\"https:\/\/aulaabierta.arasaac.org\/de\/asterics-aac_actions_sprache_grids_aendern\">Asterics AAC Kommunikator \u2013 14 \u2013 Aktionen \u2013 Sprache der Grids \u00e4ndern erl\u00e4utert<\/a><\/strong>. In der Regel ist die Option \u201e<strong>automatisch<\/strong>\u201c aktiviert.<\/p>\n<p>\u201e<strong>Stimme<\/strong>\u201c bezieht sich auf die <strong>synthetische Stimme<\/strong>, die den Inhalt des kumulierten Satzes (des Sammelelements) liest. Standardm\u00e4\u00dfig zeigt das System nur jene Stimmen an, die der <strong>Sprache des Inhalts<\/strong> entsprechen. Sie k\u00f6nnen jedoch die Option &#8222;<strong>Zeige alle Stimmen<\/strong>&#8220; aktivieren, um alle Stimmen zu sehen, die in allen Sprachen verf\u00fcgbar sind. Vor der Auswahl der Stimme k\u00f6nnen wir einen Satz probelesen (&#8222;<strong>Testen<\/strong>&#8220; ), um zu sehen, ob er zu dem Benutzer passt, der das Kommunikationsger\u00e4t benutzen wird.<\/p>\n<p><img decoding=\"async\" class=\"aligncenter wp-image-95654\" src=\"https:\/\/aulaabierta.arasaac.org\/wp-content\/uploads\/2023\/01\/Comunicador-Asterics-pictogramas-ARASAAC-131_en.jpg\" alt=\"\" width=\"800\"><\/p>\n<p>Im Abschnitt &#8222;<strong>Farben<\/strong>&#8220; k\u00f6nnen wir verschiedene Aktionen durchf\u00fchren, wie z. B. <strong>Standard Element-Hintergrundfarbe<\/strong> \u00e4ndern. Diese Farbe wirkt sich nur auf Zellen aus, denen wir in der Registerkarte Allgemein keinen Farbcode zugewiesen haben.<\/p>\n<p>Wir k\u00f6nnen auch die <strong>Standard Grid-Hintergrundfarbe<\/strong> \u00e4ndern.<\/p>\n<p>In diesem Beispiel haben wir zwei verschiedene Farben (einmal f\u00fcr ein Standard Element \/ Zelle und einmal f\u00fcr den Gridhintergrund) ausgew\u00e4hlt:<\/p>\n<p><img decoding=\"async\" class=\"aligncenter wp-image-95660\" src=\"https:\/\/aulaabierta.arasaac.org\/wp-content\/uploads\/2023\/01\/Comunicador-Asterics-pictogramas-ARASAAC-133_en.jpg\" alt=\"\" width=\"800\"><\/p>\n<p>Das Endergebnis ist auf dem folgenden Screenshot zu sehen:<\/p>\n<p><img decoding=\"async\" class=\"aligncenter wp-image-95665\" src=\"https:\/\/aulaabierta.arasaac.org\/wp-content\/uploads\/2023\/01\/Comunicador-Asterics-pictogramas-ARASAAC-134_en.jpg\" alt=\"\" width=\"800\"><\/p>\n<p>Transparente Zellen, wie z. B. das Sammelelement erscheinen mit gr\u00fcnem Rahmen und der Rasterhintergrund erscheint blau. Falls dies nicht das erwartete Ergebnis ist, k\u00f6nnen wir jederzeit die urspr\u00fcngliche Farbe der Zellen (Elemente) und des Rasterhintergrunds <strong>wiederherstellen<\/strong>.<\/p>\n<p>Eine sehr wichtige Option in diesem Abschnitt ist die Wahl des <strong>Farbschemas<\/strong> f\u00fcr Kategorien (je nach der Art des Wortes, das sie repr\u00e4sentieren) wenn wir die Option \u201e<strong>Aktiviere Farbkategorien von Grid-Elementen<\/strong>\u201c aktiviert haben. Die beiden derzeit am h\u00e4ufigsten verwendeten Farbschemata sind der <strong>Fitzgerald<\/strong>-Schl\u00fcssel und der <strong>Goosens<\/strong>-Schl\u00fcssel, wobei wir auch Zellen (Elemente) ohne Zuweisung eines Schemas belassen k\u00f6nnen. F\u00fcr jedes dieser beiden Schemata haben wir zwei Farbpaletten gew\u00e4hlt, von denen die eine farbintensiver ist als die andere.<\/p>\n<p>Wenn wir eines dieser Schemata verwenden wollen, ist es sehr wichtig, es zu definieren, bevor wir mit dem Ausf\u00fcllen der Zelleninhalte beginnen, da je nach gew\u00e4hltem Schema die <strong>Optionen in der Kombobox &#8222;Farbkategorie&#8220;<\/strong> im Abschnitt <strong>Allgemein<\/strong> bei <strong>Bearbeiten<\/strong> eines Grid-Elements (Zelle) variieren.<\/p>\n<p>Nachfolgend finden Sie ein Beispiel f\u00fcr die Wortartoptionen, die im Abschnitt &#8222;<strong>Allgemein<\/strong>&#8220; unter &#8222;Farbkategorie&#8220; mit der <strong>Fitzgerald<\/strong>-Schl\u00fcssel angezeigt werden.<\/p>\n<p><img decoding=\"async\" class=\"aligncenter wp-image-95673\" src=\"https:\/\/aulaabierta.arasaac.org\/wp-content\/uploads\/2023\/01\/Comunicador-Asterics-pictogramas-ARASAAC-135_en.jpg\" alt=\"\" width=\"800\"><\/p>\n<p>Und im folgenden Screenshot zeigen wir Ihnen ein Beispiel f\u00fcr die Wortartoptionen, die im Abschnitt \u201e<strong>Allgemein<\/strong>\u201c in der Kombobox unter \u201eFarbkategorie\u201c mit dem Farbschema nach <strong>Goosens<\/strong> erscheinen.<\/p>\n<p><img decoding=\"async\" class=\"aligncenter wp-image-95678\" src=\"https:\/\/aulaabierta.arasaac.org\/wp-content\/uploads\/2023\/01\/Comunicador-Asterics-pictogramas-ARASAAC-136_en.jpg\" alt=\"\" width=\"800\"><\/p>\n<p>Hier ist ein Beispiel desselben Kommunikators mit den beiden Schemata.<\/p>\n<p><img class=\"alignnone size-full wp-image-95684\" alt=\"\"><\/p>\n<p><img decoding=\"async\" class=\"aligncenter wp-image-95694\" src=\"https:\/\/aulaabierta.arasaac.org\/wp-content\/uploads\/2023\/01\/Comunicador-Asterics-pictogramas-ARASAAC-137_en-1.jpg\" alt=\"\" width=\"800\"><\/p>\n<p>Im Abschnitt &#8222;<strong>Elementbeschriftungen<\/strong>&#8220; k\u00f6nnen wir schlie\u00dflich die <strong>Elementbeschriftungen der Zellen (Text) konvertieren<\/strong> \/ umwandeln. Hier kann der Wechsel von Gro\u00df- zu Kleinbuchstaben oder umgekehrt in allen Rastern erzwungen werden.<\/p>\n<p><img decoding=\"async\" class=\"aligncenter wp-image-95699\" src=\"https:\/\/aulaabierta.arasaac.org\/wp-content\/uploads\/2023\/01\/Comunicador-Asterics-pictogramas-ARASAAC-138_en.jpg\" alt=\"\" width=\"800\"><\/p>\n<\/div><\/section>\n<div  class='hr av-1bi39ch-dc782e1864342bd9dd4cc1a463c0db98 hr-default  avia-builder-el-6  el_after_av_textblock  el_before_av_heading '><span class='hr-inner '><span class=\"hr-inner-style\"><\/span><\/span><\/div>\n\n<style type=\"text\/css\" data-created_by=\"avia_inline_auto\" id=\"style-css-av-l7onml04-c56e56c1c84d7abc76573241aacf0c3a\">\n#top .av-special-heading.av-l7onml04-c56e56c1c84d7abc76573241aacf0c3a{\npadding-bottom:10px;\ncolor:#b02b2c;\n}\nbody .av-special-heading.av-l7onml04-c56e56c1c84d7abc76573241aacf0c3a .av-special-heading-tag .heading-char{\nfont-size:25px;\npadding-bottom:10px;\n}\n.av-special-heading.av-l7onml04-c56e56c1c84d7abc76573241aacf0c3a .special-heading-inner-border{\nborder-color:#b02b2c;\n}\n.av-special-heading.av-l7onml04-c56e56c1c84d7abc76573241aacf0c3a .av-subheading{\nfont-size:15px;\n}\n<\/style>\n<div  class='av-special-heading av-l7onml04-c56e56c1c84d7abc76573241aacf0c3a av-special-heading-h3 custom-color-heading blockquote elegant-quote elegant-centered  avia-builder-el-7  el_after_av_hr  el_before_av_heading  av-linked-heading av-icon'><h3 class='av-special-heading-tag'  itemprop=\"headline\"  ><a class=\"av-heading-link\" href=\"https:\/\/aulaabierta.arasaac.org\/asterics-aac_acciones-cambiar-idioma-del-contenido\"><span class='heading-char avia-font-entypo-fontello' aria-hidden='true' data-av_icon='\ue818' data-av_iconfont='entypo-fontello'><\/span><span class=\"heading-wrap\">Weitere Informationen zu Aktionen \u2013 Sprache der Grids \u00e4ndern<\/span><\/a><\/h3><div class=\"special-heading-border\"><div class=\"special-heading-inner-border\"><\/div><\/div><\/div>\n\n<style type=\"text\/css\" data-created_by=\"avia_inline_auto\" id=\"style-css-av-l7onovi5-2220ed35768754b31ae1e80f740155ec\">\n#top .av-special-heading.av-l7onovi5-2220ed35768754b31ae1e80f740155ec{\npadding-bottom:10px;\ncolor:#b02b2c;\n}\nbody .av-special-heading.av-l7onovi5-2220ed35768754b31ae1e80f740155ec .av-special-heading-tag .heading-char{\nfont-size:25px;\npadding-bottom:10px;\n}\n.av-special-heading.av-l7onovi5-2220ed35768754b31ae1e80f740155ec .special-heading-inner-border{\nborder-color:#b02b2c;\n}\n.av-special-heading.av-l7onovi5-2220ed35768754b31ae1e80f740155ec .av-subheading{\nfont-size:15px;\n}\n<\/style>\n<div  class='av-special-heading av-l7onovi5-2220ed35768754b31ae1e80f740155ec av-special-heading-h3 custom-color-heading blockquote elegant-quote elegant-centered  avia-builder-el-8  el_after_av_heading  el_before_av_hr  av-linked-heading av-icon'><h3 class='av-special-heading-tag'  itemprop=\"headline\"  ><a class=\"av-heading-link\" href=\"https:\/\/aulaabierta.arasaac.org\/asterics-aac_editar-tableros\"><span class='heading-char avia-font-entypo-fontello' aria-hidden='true' data-av_icon='\ue818' data-av_iconfont='entypo-fontello'><\/span><span class=\"heading-wrap\">Weitere Informationen zur Bearbeitung des (Beschriftungs-)Textes einer Zelle<\/span><\/a><\/h3><div class=\"special-heading-border\"><div class=\"special-heading-inner-border\"><\/div><\/div><\/div>\n<div  class='hr av-kfa8kx-210d6d14f955424a65f773e16452991c hr-default  avia-builder-el-9  el_after_av_heading  el_before_av_one_fifth '><span class='hr-inner '><span class=\"hr-inner-style\"><\/span><\/span><\/div>\n<div class='flex_column av-2krg6xr-318b22cf5a7dcc17d549f6d260a48947 av_one_fifth  avia-builder-el-10  el_after_av_hr  el_before_av_one_fifth  first flex_column_div '     ><style type=\"text\/css\" data-created_by=\"avia_inline_auto\" id=\"style-css-av-l6kdyooj-0e082b27780107e3fd9fb41d6c7cf394\">\n.avia-image-container.av-l6kdyooj-0e082b27780107e3fd9fb41d6c7cf394 img.avia_image{\nbox-shadow:none;\n}\n.avia-image-container.av-l6kdyooj-0e082b27780107e3fd9fb41d6c7cf394 .av-image-caption-overlay-center{\ncolor:#ffffff;\n}\n<\/style>\n<div  class='avia-image-container av-l6kdyooj-0e082b27780107e3fd9fb41d6c7cf394 av-styling- avia-align-center  avia-builder-el-11  avia-builder-el-no-sibling '   itemprop=\"image\" itemscope=\"itemscope\" itemtype=\"https:\/\/schema.org\/ImageObject\" ><div class=\"avia-image-container-inner\"><div class=\"avia-image-overlay-wrap\"><a href=\"https:\/\/aulaabierta.arasaac.org\/de\/asterics-aac_benutzerverwaltung\" class='avia_image' ><img decoding=\"async\" class='wp-image-96479 avia-img-lazy-loading-not-96479 avia_image ' src=\"https:\/\/aulaabierta.arasaac.org\/wp-content\/uploads\/2016\/12\/before-80x80.png\" alt='' title='before'  height=\"80\" width=\"80\"  itemprop=\"thumbnailUrl\" srcset=\"https:\/\/aulaabierta.arasaac.org\/wp-content\/uploads\/2016\/12\/before-80x80.png 80w, https:\/\/aulaabierta.arasaac.org\/wp-content\/uploads\/2016\/12\/before-36x36.png 36w, https:\/\/aulaabierta.arasaac.org\/wp-content\/uploads\/2016\/12\/before-120x120.png 120w, https:\/\/aulaabierta.arasaac.org\/wp-content\/uploads\/2016\/12\/before.png 128w\" sizes=\"(max-width: 80px) 100vw, 80px\" \/><\/a><\/div><\/div><\/div><\/div>\n<div class='flex_column av-2acjjb3-72430572443564d7b3ecb332fff10556 av_one_fifth  avia-builder-el-12  el_after_av_one_fifth  el_before_av_one_fifth  flex_column_div '     ><\/div>\n<div class='flex_column av-5ueg0v-f5b4451085be42fd2a70550803012549 av_one_fifth  avia-builder-el-13  el_after_av_one_fifth  el_before_av_one_fifth  flex_column_div '     ><style type=\"text\/css\" data-created_by=\"avia_inline_auto\" id=\"style-css-av-l6ke1xda-f1b99bc859425e24e150db459a323688\">\n.avia-image-container.av-l6ke1xda-f1b99bc859425e24e150db459a323688 img.avia_image{\nbox-shadow:none;\n}\n.avia-image-container.av-l6ke1xda-f1b99bc859425e24e150db459a323688 .av-image-caption-overlay-center{\ncolor:#ffffff;\n}\n<\/style>\n<div  class='avia-image-container av-l6ke1xda-f1b99bc859425e24e150db459a323688 av-styling- avia-align-center  avia-builder-el-14  avia-builder-el-no-sibling '   itemprop=\"image\" itemscope=\"itemscope\" itemtype=\"https:\/\/schema.org\/ImageObject\" ><div class=\"avia-image-container-inner\"><div class=\"avia-image-overlay-wrap\"><a href=\"https:\/\/aulaabierta.arasaac.org\/de\/asterics-aac_startseite\" class='avia_image' ><img decoding=\"async\" class='wp-image-106723 avia-img-lazy-loading-not-106723 avia_image ' src=\"https:\/\/aulaabierta.arasaac.org\/wp-content\/uploads\/2022\/08\/casa-120x120-1-80x80.png\" alt='' title='casa-120x120'  height=\"80\" width=\"80\"  itemprop=\"thumbnailUrl\" srcset=\"https:\/\/aulaabierta.arasaac.org\/wp-content\/uploads\/2022\/08\/casa-120x120-1-80x80.png 80w, https:\/\/aulaabierta.arasaac.org\/wp-content\/uploads\/2022\/08\/casa-120x120-1-36x36.png 36w, https:\/\/aulaabierta.arasaac.org\/wp-content\/uploads\/2022\/08\/casa-120x120-1.png 120w\" sizes=\"(max-width: 80px) 100vw, 80px\" \/><\/a><\/div><\/div><\/div><\/div>\n<div class='flex_column av-126aqin-7a6e39193fa1262d0b61cdb616a4a062 av_one_fifth  avia-builder-el-15  el_after_av_one_fifth  el_before_av_one_fifth  flex_column_div '     ><\/div>\n<div class='flex_column av-w2yn9b-3822e7b37f6ad515aaaac5be5b29fec2 av_one_fifth  avia-builder-el-16  el_after_av_one_fifth  el_before_av_one_full  flex_column_div '     ><style type=\"text\/css\" data-created_by=\"avia_inline_auto\" id=\"style-css-av-l6kdzl6f-1184e38104fd5cf60d3f2013ea78d68c\">\n.avia-image-container.av-l6kdzl6f-1184e38104fd5cf60d3f2013ea78d68c img.avia_image{\nbox-shadow:none;\n}\n.avia-image-container.av-l6kdzl6f-1184e38104fd5cf60d3f2013ea78d68c .av-image-caption-overlay-center{\ncolor:#ffffff;\n}\n<\/style>\n<div  class='avia-image-container av-l6kdzl6f-1184e38104fd5cf60d3f2013ea78d68c av-styling- avia-align-center  avia-builder-el-17  avia-builder-el-no-sibling '   itemprop=\"image\" itemscope=\"itemscope\" itemtype=\"https:\/\/schema.org\/ImageObject\" ><div class=\"avia-image-container-inner\"><div class=\"avia-image-overlay-wrap\"><a href=\"https:\/\/aulaabierta.arasaac.org\/de\/asterics-aac_anhang_a_aktionszellen\" class='avia_image' ><img decoding=\"async\" class='wp-image-96480 avia-img-lazy-loading-not-96480 avia_image ' src=\"https:\/\/aulaabierta.arasaac.org\/wp-content\/uploads\/2016\/12\/next-80x80.png\" alt='' title='next'  height=\"80\" width=\"80\"  itemprop=\"thumbnailUrl\" srcset=\"https:\/\/aulaabierta.arasaac.org\/wp-content\/uploads\/2016\/12\/next-80x80.png 80w, https:\/\/aulaabierta.arasaac.org\/wp-content\/uploads\/2016\/12\/next-36x36.png 36w, https:\/\/aulaabierta.arasaac.org\/wp-content\/uploads\/2016\/12\/next-120x120.png 120w, https:\/\/aulaabierta.arasaac.org\/wp-content\/uploads\/2016\/12\/next.png 128w\" sizes=\"(max-width: 80px) 100vw, 80px\" \/><\/a><\/div><\/div><\/div><\/div>\n<div class='flex_column av-vtfpkv-8fb9bef4cb06de80cef16013e631f9a4 av_one_full  avia-builder-el-18  el_after_av_one_fifth  avia-builder-el-last  first flex_column_div column-top-margin'     ><\/div>\n","protected":false},"excerpt":{"rendered":"","protected":false},"author":5,"featured_media":106721,"parent":0,"menu_order":0,"comment_status":"open","ping_status":"open","template":"","meta":{"om_disable_all_campaigns":false,"_monsterinsights_skip_tracking":false,"_monsterinsights_sitenote_active":false,"_monsterinsights_sitenote_note":"","_monsterinsights_sitenote_category":0,"_uf_show_specific_survey":0,"_uf_disable_surveys":false,"footnotes":""},"class_list":["post-111371","page","type-page","status-publish","has-post-thumbnail","hentry"],"aioseo_notices":[],"_links":{"self":[{"href":"https:\/\/aulaabierta.arasaac.org\/de\/wp-json\/wp\/v2\/pages\/111371","targetHints":{"allow":["GET"]}}],"collection":[{"href":"https:\/\/aulaabierta.arasaac.org\/de\/wp-json\/wp\/v2\/pages"}],"about":[{"href":"https:\/\/aulaabierta.arasaac.org\/de\/wp-json\/wp\/v2\/types\/page"}],"author":[{"embeddable":true,"href":"https:\/\/aulaabierta.arasaac.org\/de\/wp-json\/wp\/v2\/users\/5"}],"replies":[{"embeddable":true,"href":"https:\/\/aulaabierta.arasaac.org\/de\/wp-json\/wp\/v2\/comments?post=111371"}],"version-history":[{"count":63,"href":"https:\/\/aulaabierta.arasaac.org\/de\/wp-json\/wp\/v2\/pages\/111371\/revisions"}],"predecessor-version":[{"id":145743,"href":"https:\/\/aulaabierta.arasaac.org\/de\/wp-json\/wp\/v2\/pages\/111371\/revisions\/145743"}],"wp:featuredmedia":[{"embeddable":true,"href":"https:\/\/aulaabierta.arasaac.org\/de\/wp-json\/wp\/v2\/media\/106721"}],"wp:attachment":[{"href":"https:\/\/aulaabierta.arasaac.org\/de\/wp-json\/wp\/v2\/media?parent=111371"}],"curies":[{"name":"wp","href":"https:\/\/api.w.org\/{rel}","templated":true}]}}