{"id":111377,"date":"2022-12-22T06:09:46","date_gmt":"2022-12-22T05:09:46","guid":{"rendered":"https:\/\/aulaabierta.arasaac.org\/asterics-grid_windows_installieren"},"modified":"2023-02-09T11:39:08","modified_gmt":"2023-02-09T10:39:08","slug":"asterics-aac_windows_installieren","status":"publish","type":"page","link":"https:\/\/aulaabierta.arasaac.org\/de\/asterics-aac_windows_installieren","title":{"rendered":"Asterics AAC Dynamischer Kommunikator \u2013 Installation als Windows App (Anwendung)"},"content":{"rendered":"\n<style type=\"text\/css\" data-created_by=\"avia_inline_auto\" id=\"style-css-av-g02wp-fffaa6c6deca36c0d0f411f5567aa26d\">\n#top .av-special-heading.av-g02wp-fffaa6c6deca36c0d0f411f5567aa26d{\npadding-bottom:0;\n}\nbody .av-special-heading.av-g02wp-fffaa6c6deca36c0d0f411f5567aa26d .av-special-heading-tag .heading-char{\nfont-size:25px;\n}\n.av-special-heading.av-g02wp-fffaa6c6deca36c0d0f411f5567aa26d .av-subheading{\nfont-size:15px;\n}\n<\/style>\n<div  class='av-special-heading av-g02wp-fffaa6c6deca36c0d0f411f5567aa26d av-special-heading-h2  avia-builder-el-0  el_before_av_textblock  avia-builder-el-first '><h2 class='av-special-heading-tag'  itemprop=\"headline\"  >Asterics AAC \u2013 Installation als Windows App (Anwendung)<\/h2><div class=\"special-heading-border\"><div class=\"special-heading-inner-border\"><\/div><\/div><\/div>\n\n<style type=\"text\/css\" data-created_by=\"avia_inline_auto\" id=\"style-css-av-l6xxvjl9-dbc49c3f30178460b1f0b285b260d1e2\">\n#top .av_textblock_section.av-l6xxvjl9-dbc49c3f30178460b1f0b285b260d1e2 .avia_textblock{\nfont-size:16px;\n}\n<\/style>\n<section  class='av_textblock_section av-l6xxvjl9-dbc49c3f30178460b1f0b285b260d1e2'  itemscope=\"itemscope\" itemtype=\"https:\/\/schema.org\/CreativeWork\" ><div class='avia_textblock'  itemprop=\"text\" ><p><strong>Asterics AAC<\/strong> ist ein <strong>plattform\u00fcbergreifender Web-Kommunikator (Webapp\/Webanwendung)<\/strong>, d.h. er funktioniert immer auf Basis eines <strong>Webbrowsers<\/strong> mit dem Vorteil, dass er <strong>alle Daten auf dem verwendeten Ger\u00e4t (Computer, Tablet oder Smartphone) speichert<\/strong>.<\/p>\n<p>Dieser Vorteil erm\u00f6glicht den <strong>Offline-Betrieb<\/strong> (ohne Internetverbindung) nach der ersten Verbindung und dem ersten Datendownload. Wir haben auch die M\u00f6glichkeit, ihn <strong>wie eine Windows-Anwendung zu installieren<\/strong> (obwohl es sich um eine <strong>Webanwendung<\/strong> handelt), so dass ihre Funktionsweise dieselbe ist wie die jeder anderen Anwendung, die wir auf unserem Computer installiert haben. Dies bietet als zus\u00e4tzlichen Vorteil die Visualisierung in einem unabh\u00e4ngigen Fenster, im Vollbildmodus und ohne dass der Browser zu sehen ist (als w\u00e4re er eine weitere Windows-Anwendung).<\/p>\n<p>In diesem Tutorial erkl\u00e4ren wir Ihnen, wie Sie Asterics AAC \u00fcber <strong>Microsoft Edge<\/strong> und <strong>Google Chrome<\/strong> <strong>unter Windows installieren<\/strong> k\u00f6nnen.<\/p>\n<\/div><\/section>\n\n<style type=\"text\/css\" data-created_by=\"avia_inline_auto\" id=\"style-css-av-l6uypdx8-6f9e440560ea6c1df68e2cf4adc8c2de\">\n#top .av-special-heading.av-l6uypdx8-6f9e440560ea6c1df68e2cf4adc8c2de{\npadding-bottom:0;\n}\nbody .av-special-heading.av-l6uypdx8-6f9e440560ea6c1df68e2cf4adc8c2de .av-special-heading-tag .heading-char{\nfont-size:25px;\n}\n.av-special-heading.av-l6uypdx8-6f9e440560ea6c1df68e2cf4adc8c2de .av-subheading{\nfont-size:15px;\n}\n<\/style>\n<div  class='av-special-heading av-l6uypdx8-6f9e440560ea6c1df68e2cf4adc8c2de av-special-heading-h2  avia-builder-el-2  el_after_av_textblock  el_before_av_textblock '><h2 class='av-special-heading-tag'  itemprop=\"headline\"  >1 &#8211; Installation mit Microsoft Edge<\/h2><div class=\"special-heading-border\"><div class=\"special-heading-inner-border\"><\/div><\/div><\/div>\n\n<style type=\"text\/css\" data-created_by=\"avia_inline_auto\" id=\"style-css-av-80ofsp-85d15c89fe0b9ec3354a61db14f3e88e\">\n#top .av_textblock_section.av-80ofsp-85d15c89fe0b9ec3354a61db14f3e88e .avia_textblock{\nfont-size:16px;\n}\n<\/style>\n<section  class='av_textblock_section av-80ofsp-85d15c89fe0b9ec3354a61db14f3e88e'  itemscope=\"itemscope\" itemtype=\"https:\/\/schema.org\/CreativeWork\" ><div class='avia_textblock'  itemprop=\"text\" ><p>Um <strong>Asterics AAC<\/strong> wie eine Windows-Anwendung \u00fcber <strong>Microsoft Edge<\/strong> zu installieren, \u00f6ffnen wir eine Registerkarte im Browser und rufen die <strong>Asterics AAC-Webseite<\/strong> auf.<\/p>\n<p>Sobald die <strong>Asterics AAC<\/strong>-Website in <strong>Microsoft Edge<\/strong> ge\u00f6ffnet ist, klicken Sie auf die Schaltfl\u00e4che &#8222;Einstellungen und mehr&#8220; (1), &#8222;Apps&#8220; (2) und &#8222;<strong>Installieren Sie Asterics AAC<\/strong>&#8220; (3).<\/p>\n<p><img loading=\"lazy\" decoding=\"async\" class=\"aligncenter wp-image-94156\" src=\"https:\/\/aulaabierta.arasaac.org\/wp-content\/uploads\/2022\/08\/Instalacion_AsTERICS_Grid_Edge_2.png\" alt=\"\" width=\"800\" height=\"450\" srcset=\"https:\/\/aulaabierta.arasaac.org\/wp-content\/uploads\/2022\/08\/Instalacion_AsTERICS_Grid_Edge_2.png 1366w, https:\/\/aulaabierta.arasaac.org\/wp-content\/uploads\/2022\/08\/Instalacion_AsTERICS_Grid_Edge_2-300x169.png 300w, https:\/\/aulaabierta.arasaac.org\/wp-content\/uploads\/2022\/08\/Instalacion_AsTERICS_Grid_Edge_2-1030x579.png 1030w, https:\/\/aulaabierta.arasaac.org\/wp-content\/uploads\/2022\/08\/Instalacion_AsTERICS_Grid_Edge_2-768x432.png 768w, https:\/\/aulaabierta.arasaac.org\/wp-content\/uploads\/2022\/08\/Instalacion_AsTERICS_Grid_Edge_2-705x396.png 705w\" sizes=\"auto, (max-width: 800px) 100vw, 800px\" \/><\/p>\n<p>Klicken Sie dann auf <b>Installieren<\/b>.<\/p>\n<p><img loading=\"lazy\" decoding=\"async\" class=\"aligncenter wp-image-94161\" src=\"https:\/\/aulaabierta.arasaac.org\/wp-content\/uploads\/2022\/08\/Instalacion_AsTERICS_Grid_Edge_3.png\" alt=\"\" width=\"800\" height=\"450\" srcset=\"https:\/\/aulaabierta.arasaac.org\/wp-content\/uploads\/2022\/08\/Instalacion_AsTERICS_Grid_Edge_3.png 1366w, https:\/\/aulaabierta.arasaac.org\/wp-content\/uploads\/2022\/08\/Instalacion_AsTERICS_Grid_Edge_3-300x169.png 300w, https:\/\/aulaabierta.arasaac.org\/wp-content\/uploads\/2022\/08\/Instalacion_AsTERICS_Grid_Edge_3-1030x579.png 1030w, https:\/\/aulaabierta.arasaac.org\/wp-content\/uploads\/2022\/08\/Instalacion_AsTERICS_Grid_Edge_3-768x432.png 768w, https:\/\/aulaabierta.arasaac.org\/wp-content\/uploads\/2022\/08\/Instalacion_AsTERICS_Grid_Edge_3-705x396.png 705w\" sizes=\"auto, (max-width: 800px) 100vw, 800px\" \/><\/p>\n<p>Das neue <strong>Asterics AAC-Anwendungsfenster<\/strong> \u00f6ffnet sich und fragt uns, ob wir es an die Taskleiste anheften, starten oder eine Verkn\u00fcpfung auf dem Desktop hinzuf\u00fcgen m\u00f6chten. Wir markieren die Optionen, die uns interessieren (1), und klicken auf <strong>Zulassen<\/strong> (2).<\/p>\n<p><img loading=\"lazy\" decoding=\"async\" class=\"aligncenter wp-image-94166\" src=\"https:\/\/aulaabierta.arasaac.org\/wp-content\/uploads\/2022\/08\/Instalacion_AsTERICS_Grid_Edge_4.png\" alt=\"\" width=\"800\" height=\"572\" srcset=\"https:\/\/aulaabierta.arasaac.org\/wp-content\/uploads\/2022\/08\/Instalacion_AsTERICS_Grid_Edge_4.png 1074w, https:\/\/aulaabierta.arasaac.org\/wp-content\/uploads\/2022\/08\/Instalacion_AsTERICS_Grid_Edge_4-300x215.png 300w, https:\/\/aulaabierta.arasaac.org\/wp-content\/uploads\/2022\/08\/Instalacion_AsTERICS_Grid_Edge_4-1030x737.png 1030w, https:\/\/aulaabierta.arasaac.org\/wp-content\/uploads\/2022\/08\/Instalacion_AsTERICS_Grid_Edge_4-768x549.png 768w, https:\/\/aulaabierta.arasaac.org\/wp-content\/uploads\/2022\/08\/Instalacion_AsTERICS_Grid_Edge_4-260x185.png 260w, https:\/\/aulaabierta.arasaac.org\/wp-content\/uploads\/2022\/08\/Instalacion_AsTERICS_Grid_Edge_4-705x504.png 705w\" sizes=\"auto, (max-width: 800px) 100vw, 800px\" \/><\/p>\n<p>Wenn die Option &#8222;<strong>An Taskleiste anheften<\/strong>&#8220; aktiviert ist, wird ein <strong>Symbol<\/strong> auf der Taskleiste angezeigt, das auch dann fixiert bleibt, wenn das Anwendungsfenster geschlossen wird.<\/p>\n<p><img loading=\"lazy\" decoding=\"async\" class=\"aligncenter wp-image-94171\" src=\"https:\/\/aulaabierta.arasaac.org\/wp-content\/uploads\/2022\/08\/Instalacion_AsTERICS_Grid_Edge_5.png\" alt=\"\" width=\"800\" height=\"450\" srcset=\"https:\/\/aulaabierta.arasaac.org\/wp-content\/uploads\/2022\/08\/Instalacion_AsTERICS_Grid_Edge_5.png 1366w, https:\/\/aulaabierta.arasaac.org\/wp-content\/uploads\/2022\/08\/Instalacion_AsTERICS_Grid_Edge_5-300x169.png 300w, https:\/\/aulaabierta.arasaac.org\/wp-content\/uploads\/2022\/08\/Instalacion_AsTERICS_Grid_Edge_5-1030x579.png 1030w, https:\/\/aulaabierta.arasaac.org\/wp-content\/uploads\/2022\/08\/Instalacion_AsTERICS_Grid_Edge_5-768x432.png 768w, https:\/\/aulaabierta.arasaac.org\/wp-content\/uploads\/2022\/08\/Instalacion_AsTERICS_Grid_Edge_5-705x396.png 705w\" sizes=\"auto, (max-width: 800px) 100vw, 800px\" \/><\/p>\n<p>Es gibt zwei M\u00f6glichkeiten, die Anwendung <strong>Asterics AAC<\/strong> zu deinstallieren. Klicken Sie zun\u00e4chst mit der rechten Maustaste auf den Namen der Anwendung im Startmen\u00fc (1) und dann auf <strong>Deinstallieren<\/strong> (2).<\/p>\n<p><img loading=\"lazy\" decoding=\"async\" class=\"aligncenter wp-image-94176\" src=\"https:\/\/aulaabierta.arasaac.org\/wp-content\/uploads\/2022\/08\/Instalacion_AsTERICS_Grid_Edge_6.png\" alt=\"\" width=\"800\" height=\"450\" srcset=\"https:\/\/aulaabierta.arasaac.org\/wp-content\/uploads\/2022\/08\/Instalacion_AsTERICS_Grid_Edge_6.png 1366w, https:\/\/aulaabierta.arasaac.org\/wp-content\/uploads\/2022\/08\/Instalacion_AsTERICS_Grid_Edge_6-300x169.png 300w, https:\/\/aulaabierta.arasaac.org\/wp-content\/uploads\/2022\/08\/Instalacion_AsTERICS_Grid_Edge_6-1030x579.png 1030w, https:\/\/aulaabierta.arasaac.org\/wp-content\/uploads\/2022\/08\/Instalacion_AsTERICS_Grid_Edge_6-768x432.png 768w, https:\/\/aulaabierta.arasaac.org\/wp-content\/uploads\/2022\/08\/Instalacion_AsTERICS_Grid_Edge_6-705x396.png 705w\" sizes=\"auto, (max-width: 800px) 100vw, 800px\" \/><\/p>\n<p>Die andere M\u00f6glichkeit ist, die Liste der <strong>Windows-Anwendungen und -Funktionen<\/strong> zu \u00f6ffnen, in der Liste nach <strong>Asterics AAC<\/strong> zu suchen, darauf zu klicken, um die Optionen anzuzeigen, und auf <strong>Deinstallieren<\/strong> zu klicken.<\/p>\n<p><img loading=\"lazy\" decoding=\"async\" class=\"aligncenter wp-image-94181\" src=\"https:\/\/aulaabierta.arasaac.org\/wp-content\/uploads\/2022\/08\/Instalacion_AsTERICS_Grid_Edge_7.png\" alt=\"\" width=\"800\" height=\"491\" srcset=\"https:\/\/aulaabierta.arasaac.org\/wp-content\/uploads\/2022\/08\/Instalacion_AsTERICS_Grid_Edge_7.png 1044w, https:\/\/aulaabierta.arasaac.org\/wp-content\/uploads\/2022\/08\/Instalacion_AsTERICS_Grid_Edge_7-300x184.png 300w, https:\/\/aulaabierta.arasaac.org\/wp-content\/uploads\/2022\/08\/Instalacion_AsTERICS_Grid_Edge_7-1030x632.png 1030w, https:\/\/aulaabierta.arasaac.org\/wp-content\/uploads\/2022\/08\/Instalacion_AsTERICS_Grid_Edge_7-768x472.png 768w, https:\/\/aulaabierta.arasaac.org\/wp-content\/uploads\/2022\/08\/Instalacion_AsTERICS_Grid_Edge_7-705x433.png 705w\" sizes=\"auto, (max-width: 800px) 100vw, 800px\" \/><\/p>\n<p>Wenn Sie diese Schritte befolgen, k\u00f6nnen Sie <strong>Asterics AAC<\/strong> wie jede andere normale Windows-Anwendung installieren und deinstallieren.<\/p>\n<\/div><\/section>\n\n<style type=\"text\/css\" data-created_by=\"avia_inline_auto\" id=\"style-css-av-l6kydw6c-9d9f5a6aa8459e0ced69311def464635\">\n#top .av-special-heading.av-l6kydw6c-9d9f5a6aa8459e0ced69311def464635{\npadding-bottom:0;\n}\nbody .av-special-heading.av-l6kydw6c-9d9f5a6aa8459e0ced69311def464635 .av-special-heading-tag .heading-char{\nfont-size:25px;\n}\n.av-special-heading.av-l6kydw6c-9d9f5a6aa8459e0ced69311def464635 .av-subheading{\nfont-size:15px;\n}\n<\/style>\n<div  class='av-special-heading av-l6kydw6c-9d9f5a6aa8459e0ced69311def464635 av-special-heading-h2  avia-builder-el-4  el_after_av_textblock  el_before_av_textblock '><h2 class='av-special-heading-tag'  itemprop=\"headline\"  >2- Installation mit Google Chrome<\/h2><div class=\"special-heading-border\"><div class=\"special-heading-inner-border\"><\/div><\/div><\/div>\n\n<style type=\"text\/css\" data-created_by=\"avia_inline_auto\" id=\"style-css-av-knuu1r-3ac2949693aa8e2efd46d09d23d5ca6b\">\n#top .av_textblock_section.av-knuu1r-3ac2949693aa8e2efd46d09d23d5ca6b .avia_textblock{\nfont-size:16px;\n}\n<\/style>\n<section  class='av_textblock_section av-knuu1r-3ac2949693aa8e2efd46d09d23d5ca6b'  itemscope=\"itemscope\" itemtype=\"https:\/\/schema.org\/CreativeWork\" ><div class='avia_textblock'  itemprop=\"text\" ><p>Um den dynamischen <strong>Asterics AAC-Kommunikator<\/strong> wie eine Windows-Anwendung zu installieren, \u00f6ffnen Sie die <strong>Asterics AAC-Website<\/strong> in einer <b>neuen Registerkarte<\/b> des <b><strong>Google Chrome<\/strong><\/b>-Browsers.<\/p>\n<p><img loading=\"lazy\" decoding=\"async\" class=\"aligncenter wp-image-94189\" src=\"https:\/\/aulaabierta.arasaac.org\/wp-content\/uploads\/2022\/08\/Instalacion_AsTERICS_Grid_Chrome_1.png\" alt=\"\" width=\"800\" height=\"450\" srcset=\"https:\/\/aulaabierta.arasaac.org\/wp-content\/uploads\/2022\/08\/Instalacion_AsTERICS_Grid_Chrome_1.png 1366w, https:\/\/aulaabierta.arasaac.org\/wp-content\/uploads\/2022\/08\/Instalacion_AsTERICS_Grid_Chrome_1-300x169.png 300w, https:\/\/aulaabierta.arasaac.org\/wp-content\/uploads\/2022\/08\/Instalacion_AsTERICS_Grid_Chrome_1-1030x579.png 1030w, https:\/\/aulaabierta.arasaac.org\/wp-content\/uploads\/2022\/08\/Instalacion_AsTERICS_Grid_Chrome_1-768x432.png 768w, https:\/\/aulaabierta.arasaac.org\/wp-content\/uploads\/2022\/08\/Instalacion_AsTERICS_Grid_Chrome_1-705x396.png 705w\" sizes=\"auto, (max-width: 800px) 100vw, 800px\" \/><\/p>\n<p>Klicken Sie dann auf <strong>Optionen (Google Chrome anpassen und verwalten)<\/strong> (1), <strong>Weitere Tools<\/strong> (2) und <strong>Verkn\u00fcpfung erstellen<\/strong>&#8230; (3).<\/p>\n<p><img loading=\"lazy\" decoding=\"async\" class=\"aligncenter wp-image-94220\" src=\"https:\/\/aulaabierta.arasaac.org\/wp-content\/uploads\/2022\/08\/Instalacion_AsTERICS_Grid_Chrome_2.png\" alt=\"\" width=\"800\" height=\"450\" srcset=\"https:\/\/aulaabierta.arasaac.org\/wp-content\/uploads\/2022\/08\/Instalacion_AsTERICS_Grid_Chrome_2.png 1366w, https:\/\/aulaabierta.arasaac.org\/wp-content\/uploads\/2022\/08\/Instalacion_AsTERICS_Grid_Chrome_2-300x169.png 300w, https:\/\/aulaabierta.arasaac.org\/wp-content\/uploads\/2022\/08\/Instalacion_AsTERICS_Grid_Chrome_2-1030x579.png 1030w, https:\/\/aulaabierta.arasaac.org\/wp-content\/uploads\/2022\/08\/Instalacion_AsTERICS_Grid_Chrome_2-768x432.png 768w, https:\/\/aulaabierta.arasaac.org\/wp-content\/uploads\/2022\/08\/Instalacion_AsTERICS_Grid_Chrome_2-705x396.png 705w\" sizes=\"auto, (max-width: 800px) 100vw, 800px\" \/><\/p>\n<p>Aktivieren Sie die Option &#8222;<strong>In neuem Fenster \u00f6ffnen<\/strong>&#8220; und klicken Sie auf <strong>Erstellen<\/strong>.<\/p>\n<p><img loading=\"lazy\" decoding=\"async\" class=\"aligncenter wp-image-94225\" src=\"https:\/\/aulaabierta.arasaac.org\/wp-content\/uploads\/2022\/08\/Instalacion_AsTERICS_Grid_Chrome_3.png\" alt=\"\" width=\"800\" height=\"450\" srcset=\"https:\/\/aulaabierta.arasaac.org\/wp-content\/uploads\/2022\/08\/Instalacion_AsTERICS_Grid_Chrome_3.png 1366w, https:\/\/aulaabierta.arasaac.org\/wp-content\/uploads\/2022\/08\/Instalacion_AsTERICS_Grid_Chrome_3-300x169.png 300w, https:\/\/aulaabierta.arasaac.org\/wp-content\/uploads\/2022\/08\/Instalacion_AsTERICS_Grid_Chrome_3-1030x579.png 1030w, https:\/\/aulaabierta.arasaac.org\/wp-content\/uploads\/2022\/08\/Instalacion_AsTERICS_Grid_Chrome_3-768x432.png 768w, https:\/\/aulaabierta.arasaac.org\/wp-content\/uploads\/2022\/08\/Instalacion_AsTERICS_Grid_Chrome_3-705x396.png 705w\" sizes=\"auto, (max-width: 800px) 100vw, 800px\" \/><\/p>\n<p>Nach einigen Sekunden des Wartens erscheint ein neues Fenster und zeigt das <strong>AsTeRICS-Grid<\/strong>&#8211;<strong>Symbol<\/strong> in der Taskleiste an.<\/p>\n<p><img loading=\"lazy\" decoding=\"async\" class=\"aligncenter wp-image-94230\" src=\"https:\/\/aulaabierta.arasaac.org\/wp-content\/uploads\/2022\/08\/Instalacion_AsTERICS_Grid_Chrome_4.png\" alt=\"\" width=\"800\" height=\"450\" srcset=\"https:\/\/aulaabierta.arasaac.org\/wp-content\/uploads\/2022\/08\/Instalacion_AsTERICS_Grid_Chrome_4.png 1366w, https:\/\/aulaabierta.arasaac.org\/wp-content\/uploads\/2022\/08\/Instalacion_AsTERICS_Grid_Chrome_4-300x169.png 300w, https:\/\/aulaabierta.arasaac.org\/wp-content\/uploads\/2022\/08\/Instalacion_AsTERICS_Grid_Chrome_4-1030x579.png 1030w, https:\/\/aulaabierta.arasaac.org\/wp-content\/uploads\/2022\/08\/Instalacion_AsTERICS_Grid_Chrome_4-768x432.png 768w, https:\/\/aulaabierta.arasaac.org\/wp-content\/uploads\/2022\/08\/Instalacion_AsTERICS_Grid_Chrome_4-705x396.png 705w\" sizes=\"auto, (max-width: 800px) 100vw, 800px\" \/><\/p>\n<p>Um die Anwendung zu deinstallieren, haben wir neben der M\u00f6glichkeit, dies \u00fcber die Liste der <strong>Windows-Anwendungen und -Funktionen<\/strong> zu tun, wie wir es f\u00fcr Edge erkl\u00e4rt haben, auch die M\u00f6glichkeit, dies <strong>\u00fcber das Anwendungsfenster selbst<\/strong> zu tun, indem wir auf die Schaltfl\u00e4che &#8230; <strong>\u2026<\/strong> (1) klicken, die oben im Fenster erscheint, und dann auf \u201e<strong>Asterics AAC deinstallieren<\/strong>\u201c klicken (2).<\/p>\n<p><img loading=\"lazy\" decoding=\"async\" class=\"aligncenter wp-image-94235\" src=\"https:\/\/aulaabierta.arasaac.org\/wp-content\/uploads\/2022\/08\/Instalacion_AsTERICS_Grid_Chrome_5.png\" alt=\"\" width=\"800\" height=\"450\" srcset=\"https:\/\/aulaabierta.arasaac.org\/wp-content\/uploads\/2022\/08\/Instalacion_AsTERICS_Grid_Chrome_5.png 1366w, https:\/\/aulaabierta.arasaac.org\/wp-content\/uploads\/2022\/08\/Instalacion_AsTERICS_Grid_Chrome_5-300x169.png 300w, https:\/\/aulaabierta.arasaac.org\/wp-content\/uploads\/2022\/08\/Instalacion_AsTERICS_Grid_Chrome_5-1030x579.png 1030w, https:\/\/aulaabierta.arasaac.org\/wp-content\/uploads\/2022\/08\/Instalacion_AsTERICS_Grid_Chrome_5-768x432.png 768w, https:\/\/aulaabierta.arasaac.org\/wp-content\/uploads\/2022\/08\/Instalacion_AsTERICS_Grid_Chrome_5-705x396.png 705w\" sizes=\"auto, (max-width: 800px) 100vw, 800px\" \/><\/p>\n<p>Klicken Sie abschlie\u00dfend auf <strong>Entfernen<\/strong> und aktivieren Sie die Option &#8222;<strong>Daten aus Chrome ebenfalls l\u00f6schen<\/strong>&#8220; , je nachdem, ob Sie sie behalten m\u00f6chten oder nicht.<\/p>\n<p><img loading=\"lazy\" decoding=\"async\" class=\"aligncenter wp-image-94246\" src=\"https:\/\/aulaabierta.arasaac.org\/wp-content\/uploads\/2022\/08\/Instalacion_AsTERICS_Grid_Chrome_6.png\" alt=\"\" width=\"800\" height=\"450\" srcset=\"https:\/\/aulaabierta.arasaac.org\/wp-content\/uploads\/2022\/08\/Instalacion_AsTERICS_Grid_Chrome_6.png 1366w, https:\/\/aulaabierta.arasaac.org\/wp-content\/uploads\/2022\/08\/Instalacion_AsTERICS_Grid_Chrome_6-300x169.png 300w, https:\/\/aulaabierta.arasaac.org\/wp-content\/uploads\/2022\/08\/Instalacion_AsTERICS_Grid_Chrome_6-1030x579.png 1030w, https:\/\/aulaabierta.arasaac.org\/wp-content\/uploads\/2022\/08\/Instalacion_AsTERICS_Grid_Chrome_6-768x432.png 768w, https:\/\/aulaabierta.arasaac.org\/wp-content\/uploads\/2022\/08\/Instalacion_AsTERICS_Grid_Chrome_6-705x396.png 705w\" sizes=\"auto, (max-width: 800px) 100vw, 800px\" \/><\/p>\n<p>Mit dieser Aktion wird die Anwendung vom System deinstalliert.<\/p>\n<\/div><\/section>\n<div class='flex_column av-2krg6xr-318b22cf5a7dcc17d549f6d260a48947 av_one_fifth  avia-builder-el-6  el_after_av_textblock  el_before_av_one_fifth  first flex_column_div column-top-margin'     ><\/div>\n<div class='flex_column av-2acjjb3-72430572443564d7b3ecb332fff10556 av_one_fifth  avia-builder-el-7  el_after_av_one_fifth  el_before_av_one_fifth  flex_column_div column-top-margin'     ><\/div>\n<div class='flex_column av-5ueg0v-f5b4451085be42fd2a70550803012549 av_one_fifth  avia-builder-el-8  el_after_av_one_fifth  el_before_av_one_fifth  flex_column_div column-top-margin'     ><style type=\"text\/css\" data-created_by=\"avia_inline_auto\" id=\"style-css-av-l6ke1xda-f1b99bc859425e24e150db459a323688\">\n.avia-image-container.av-l6ke1xda-f1b99bc859425e24e150db459a323688 img.avia_image{\nbox-shadow:none;\n}\n.avia-image-container.av-l6ke1xda-f1b99bc859425e24e150db459a323688 .av-image-caption-overlay-center{\ncolor:#ffffff;\n}\n<\/style>\n<div  class='avia-image-container av-l6ke1xda-f1b99bc859425e24e150db459a323688 av-styling- avia-align-center  avia-builder-el-9  avia-builder-el-no-sibling '   itemprop=\"image\" itemscope=\"itemscope\" itemtype=\"https:\/\/schema.org\/ImageObject\" ><div class=\"avia-image-container-inner\"><div class=\"avia-image-overlay-wrap\"><a href=\"https:\/\/aulaabierta.arasaac.org\/de\/asterics-aac_startseite\" class='avia_image' ><img decoding=\"async\" class='wp-image-106723 avia-img-lazy-loading-not-106723 avia_image ' src=\"https:\/\/aulaabierta.arasaac.org\/wp-content\/uploads\/2022\/08\/casa-120x120-1-80x80.png\" alt='' title='casa-120x120'  height=\"80\" width=\"80\"  itemprop=\"thumbnailUrl\" srcset=\"https:\/\/aulaabierta.arasaac.org\/wp-content\/uploads\/2022\/08\/casa-120x120-1-80x80.png 80w, https:\/\/aulaabierta.arasaac.org\/wp-content\/uploads\/2022\/08\/casa-120x120-1-36x36.png 36w, https:\/\/aulaabierta.arasaac.org\/wp-content\/uploads\/2022\/08\/casa-120x120-1.png 120w\" sizes=\"(max-width: 80px) 100vw, 80px\" \/><\/a><\/div><\/div><\/div><\/div>\n<div class='flex_column av-126aqin-7a6e39193fa1262d0b61cdb616a4a062 av_one_fifth  avia-builder-el-10  el_after_av_one_fifth  el_before_av_one_fifth  flex_column_div column-top-margin'     ><\/div>\n<div class='flex_column av-w2yn9b-3822e7b37f6ad515aaaac5be5b29fec2 av_one_fifth  avia-builder-el-11  el_after_av_one_fifth  el_before_av_one_full  flex_column_div column-top-margin'     ><\/div>\n<div class='flex_column av-vtfpkv-8fb9bef4cb06de80cef16013e631f9a4 av_one_full  avia-builder-el-12  el_after_av_one_fifth  avia-builder-el-last  first flex_column_div column-top-margin'     ><\/div>\n","protected":false},"excerpt":{"rendered":"","protected":false},"author":5,"featured_media":106721,"parent":0,"menu_order":0,"comment_status":"open","ping_status":"open","template":"","meta":{"om_disable_all_campaigns":false,"_monsterinsights_skip_tracking":false,"_monsterinsights_sitenote_active":false,"_monsterinsights_sitenote_note":"","_monsterinsights_sitenote_category":0,"_uf_show_specific_survey":0,"_uf_disable_surveys":false,"footnotes":""},"class_list":["post-111377","page","type-page","status-publish","has-post-thumbnail","hentry"],"aioseo_notices":[],"_links":{"self":[{"href":"https:\/\/aulaabierta.arasaac.org\/de\/wp-json\/wp\/v2\/pages\/111377","targetHints":{"allow":["GET"]}}],"collection":[{"href":"https:\/\/aulaabierta.arasaac.org\/de\/wp-json\/wp\/v2\/pages"}],"about":[{"href":"https:\/\/aulaabierta.arasaac.org\/de\/wp-json\/wp\/v2\/types\/page"}],"author":[{"embeddable":true,"href":"https:\/\/aulaabierta.arasaac.org\/de\/wp-json\/wp\/v2\/users\/5"}],"replies":[{"embeddable":true,"href":"https:\/\/aulaabierta.arasaac.org\/de\/wp-json\/wp\/v2\/comments?post=111377"}],"version-history":[{"count":14,"href":"https:\/\/aulaabierta.arasaac.org\/de\/wp-json\/wp\/v2\/pages\/111377\/revisions"}],"predecessor-version":[{"id":145407,"href":"https:\/\/aulaabierta.arasaac.org\/de\/wp-json\/wp\/v2\/pages\/111377\/revisions\/145407"}],"wp:featuredmedia":[{"embeddable":true,"href":"https:\/\/aulaabierta.arasaac.org\/de\/wp-json\/wp\/v2\/media\/106721"}],"wp:attachment":[{"href":"https:\/\/aulaabierta.arasaac.org\/de\/wp-json\/wp\/v2\/media?parent=111377"}],"curies":[{"name":"wp","href":"https:\/\/api.w.org\/{rel}","templated":true}]}}