{"id":111389,"date":"2022-12-22T07:04:31","date_gmt":"2022-12-22T06:04:31","guid":{"rendered":"https:\/\/aulaabierta.arasaac.org\/asterics-grid_anhang_a_aktionszellen"},"modified":"2023-02-09T11:36:38","modified_gmt":"2023-02-09T10:36:38","slug":"asterics-aac_anhang_a_aktionszellen","status":"publish","type":"page","link":"https:\/\/aulaabierta.arasaac.org\/de\/asterics-aac_anhang_a_aktionszellen","title":{"rendered":"Asterics AAC Kommunikator &#8211; Anhang A \u2013 Aktionszellen des kumulierten Satzes auf der Seite des Kommunikators"},"content":{"rendered":"\n<style type=\"text\/css\" data-created_by=\"avia_inline_auto\" id=\"style-css-av-g02wp-0cd0aa7df4e77bfaafb793a5f5ab43b3\">\n#top .av-special-heading.av-g02wp-0cd0aa7df4e77bfaafb793a5f5ab43b3{\npadding-bottom:0;\n}\nbody .av-special-heading.av-g02wp-0cd0aa7df4e77bfaafb793a5f5ab43b3 .av-special-heading-tag .heading-char{\nfont-size:25px;\n}\n.av-special-heading.av-g02wp-0cd0aa7df4e77bfaafb793a5f5ab43b3 .av-subheading{\nfont-size:15px;\n}\n<\/style>\n<div  class='av-special-heading av-g02wp-0cd0aa7df4e77bfaafb793a5f5ab43b3 av-special-heading-h2  avia-builder-el-0  el_before_av_heading  avia-builder-el-first '><h2 class='av-special-heading-tag'  itemprop=\"headline\"  >Dynamischer Kommunikator Asterics AAC <\/h2><div class=\"special-heading-border\"><div class=\"special-heading-inner-border\"><\/div><\/div><\/div>\n\n<style type=\"text\/css\" data-created_by=\"avia_inline_auto\" id=\"style-css-av-l6uyvnzl-f8a7f7bfa79e4e828ca2819a3e2ab06d\">\n#top .av-special-heading.av-l6uyvnzl-f8a7f7bfa79e4e828ca2819a3e2ab06d{\npadding-bottom:0;\n}\nbody .av-special-heading.av-l6uyvnzl-f8a7f7bfa79e4e828ca2819a3e2ab06d .av-special-heading-tag .heading-char{\nfont-size:25px;\n}\n.av-special-heading.av-l6uyvnzl-f8a7f7bfa79e4e828ca2819a3e2ab06d .av-subheading{\nfont-size:15px;\n}\n<\/style>\n<div  class='av-special-heading av-l6uyvnzl-f8a7f7bfa79e4e828ca2819a3e2ab06d av-special-heading-h2  avia-builder-el-1  el_after_av_heading  el_before_av_hr '><h2 class='av-special-heading-tag'  itemprop=\"headline\"  >Anhang A \u2013 Aktionszellen des kumulierten Satzes auf der Seite des Kommunikators<\/h2><div class=\"special-heading-border\"><div class=\"special-heading-inner-border\"><\/div><\/div><\/div>\n<div  class='hr av-iuhhgx-d673ebc2263b20e277a8850c6f643d0e hr-default  avia-builder-el-2  el_after_av_heading  el_before_av_textblock '><span class='hr-inner '><span class=\"hr-inner-style\"><\/span><\/span><\/div>\n\n<style type=\"text\/css\" data-created_by=\"avia_inline_auto\" id=\"style-css-av-l7od3lky-d3322c1ef33746f21de40562a835b69b\">\n#top .av_textblock_section.av-l7od3lky-d3322c1ef33746f21de40562a835b69b .avia_textblock{\nfont-size:16px;\n}\n<\/style>\n<section  class='av_textblock_section av-l7od3lky-d3322c1ef33746f21de40562a835b69b'  itemscope=\"itemscope\" itemtype=\"https:\/\/schema.org\/CreativeWork\" ><div class='avia_textblock'  itemprop=\"text\" ><p>Die Funktionsweise des <strong>AsTeRiCS Grid<\/strong>-Kommunikators ist sehr vielseitig und erm\u00f6glicht <strong>verschiedene Anpassungsoptionen<\/strong>, die wir implementieren k\u00f6nnen, um ihn an die Bed\u00fcrfnisse und Eigenschaften der Person anzupassen.<\/p>\n<p>Eine interessante Option besteht darin, die <strong>Aktionszellen des kumulierten Satzes<\/strong> <strong>auf einer der Seiten des Kommunikators zu platzieren<\/strong>, wie in den folgenden Abbildungen gezeigt.<\/p>\n<\/div><\/section>\n\n<style type=\"text\/css\" data-created_by=\"avia_inline_auto\" id=\"style-css-av-l9gmhl7k-a508bce6fe2cb2bc3a418e45d9b76718\">\n#top .av-masonry.av-l9gmhl7k-a508bce6fe2cb2bc3a418e45d9b76718{\nbackground-color:#000000;\n}\n<\/style>\n<div id='av-masonry-1' class='av-masonry av-l9gmhl7k-a508bce6fe2cb2bc3a418e45d9b76718 noHover av-flex-size av-large-gap av-hover-overlay-active av-masonry-animation- av-masonry-col-2 av-caption-always av-caption-style- av-masonry-gallery ' data-post_id=\"111389\"><div class=\"av-masonry-container isotope av-js-disabled\"><div class='av-masonry-entry isotope-item av-masonry-item-no-image '><\/div><a href=\"https:\/\/aulaabierta.arasaac.org\/wp-content\/uploads\/2022\/10\/Asterics-Grid-pictogramas-ARASAAC-Anexo-A-2-1030x574.jpg\" data-srcset=\"https:\/\/aulaabierta.arasaac.org\/wp-content\/uploads\/2022\/10\/Asterics-Grid-pictogramas-ARASAAC-Anexo-A-2-1030x574.jpg 1030w, https:\/\/aulaabierta.arasaac.org\/wp-content\/uploads\/2022\/10\/Asterics-Grid-pictogramas-ARASAAC-Anexo-A-2-300x167.jpg 300w, https:\/\/aulaabierta.arasaac.org\/wp-content\/uploads\/2022\/10\/Asterics-Grid-pictogramas-ARASAAC-Anexo-A-2-768x428.jpg 768w, https:\/\/aulaabierta.arasaac.org\/wp-content\/uploads\/2022\/10\/Asterics-Grid-pictogramas-ARASAAC-Anexo-A-2-1536x856.jpg 1536w, https:\/\/aulaabierta.arasaac.org\/wp-content\/uploads\/2022\/10\/Asterics-Grid-pictogramas-ARASAAC-Anexo-A-2-1500x836.jpg 1500w, https:\/\/aulaabierta.arasaac.org\/wp-content\/uploads\/2022\/10\/Asterics-Grid-pictogramas-ARASAAC-Anexo-A-2-705x393.jpg 705w, https:\/\/aulaabierta.arasaac.org\/wp-content\/uploads\/2022\/10\/Asterics-Grid-pictogramas-ARASAAC-Anexo-A-2.jpg 1583w\" data-sizes=\"(max-width: 1030px) 100vw, 1030px\"  aria-label=\"Bild Asterics AAC pictogramas ARASAAC Anexo A &#8211; 2\"  id='av-masonry-1-item-109239' data-av-masonry-item='109239' class='av-masonry-entry isotope-item post-109239 attachment type-attachment status-inherit hentry  av-masonry-item-with-image' title=\"Asterics AAC pictogramas ARASAAC Anexo A &#8211; 2\" alt=\"\"    itemprop=\"thumbnailUrl\" ><div class='av-inner-masonry-sizer'><\/div><figure class='av-inner-masonry main_color'><div class=\"av-masonry-outerimage-container\"><div class='av-masonry-image-container'   ><img decoding=\"async\" width=\"1583\" height=\"882\" class=\"wp-image-109239 avia-img-lazy-loading-not-109239\"  src=\"https:\/\/aulaabierta.arasaac.org\/wp-content\/uploads\/2022\/10\/Asterics-Grid-pictogramas-ARASAAC-Anexo-A-2.jpg\" title=\"Asterics AAC pictogramas ARASAAC Anexo A &#8211; 2\" alt=\"\" srcset=\"https:\/\/aulaabierta.arasaac.org\/wp-content\/uploads\/2022\/10\/Asterics-Grid-pictogramas-ARASAAC-Anexo-A-2.jpg 1583w, https:\/\/aulaabierta.arasaac.org\/wp-content\/uploads\/2022\/10\/Asterics-Grid-pictogramas-ARASAAC-Anexo-A-2-300x167.jpg 300w, https:\/\/aulaabierta.arasaac.org\/wp-content\/uploads\/2022\/10\/Asterics-Grid-pictogramas-ARASAAC-Anexo-A-2-1030x574.jpg 1030w, https:\/\/aulaabierta.arasaac.org\/wp-content\/uploads\/2022\/10\/Asterics-Grid-pictogramas-ARASAAC-Anexo-A-2-768x428.jpg 768w, https:\/\/aulaabierta.arasaac.org\/wp-content\/uploads\/2022\/10\/Asterics-Grid-pictogramas-ARASAAC-Anexo-A-2-1536x856.jpg 1536w, https:\/\/aulaabierta.arasaac.org\/wp-content\/uploads\/2022\/10\/Asterics-Grid-pictogramas-ARASAAC-Anexo-A-2-1500x836.jpg 1500w, https:\/\/aulaabierta.arasaac.org\/wp-content\/uploads\/2022\/10\/Asterics-Grid-pictogramas-ARASAAC-Anexo-A-2-705x393.jpg 705w\" sizes=\"(max-width: 1583px) 100vw, 1583px\" \/><\/div><\/div><\/figure><\/a><!--end av-masonry entry--><a href=\"https:\/\/aulaabierta.arasaac.org\/wp-content\/uploads\/2022\/10\/Asterics-Grid-pictogramas-ARASAAC-Anexo-A-1-1030x575.jpg\" data-srcset=\"https:\/\/aulaabierta.arasaac.org\/wp-content\/uploads\/2022\/10\/Asterics-Grid-pictogramas-ARASAAC-Anexo-A-1-1030x575.jpg 1030w, https:\/\/aulaabierta.arasaac.org\/wp-content\/uploads\/2022\/10\/Asterics-Grid-pictogramas-ARASAAC-Anexo-A-1-300x167.jpg 300w, https:\/\/aulaabierta.arasaac.org\/wp-content\/uploads\/2022\/10\/Asterics-Grid-pictogramas-ARASAAC-Anexo-A-1-768x429.jpg 768w, https:\/\/aulaabierta.arasaac.org\/wp-content\/uploads\/2022\/10\/Asterics-Grid-pictogramas-ARASAAC-Anexo-A-1-1536x857.jpg 1536w, https:\/\/aulaabierta.arasaac.org\/wp-content\/uploads\/2022\/10\/Asterics-Grid-pictogramas-ARASAAC-Anexo-A-1-1500x837.jpg 1500w, https:\/\/aulaabierta.arasaac.org\/wp-content\/uploads\/2022\/10\/Asterics-Grid-pictogramas-ARASAAC-Anexo-A-1-705x394.jpg 705w, https:\/\/aulaabierta.arasaac.org\/wp-content\/uploads\/2022\/10\/Asterics-Grid-pictogramas-ARASAAC-Anexo-A-1.jpg 1580w\" data-sizes=\"(max-width: 1030px) 100vw, 1030px\"  aria-label=\"Bild Asterics AAC pictogramas ARASAAC Anexo A &#8211; 1\"  id='av-masonry-1-item-109233' data-av-masonry-item='109233' class='av-masonry-entry isotope-item post-109233 attachment type-attachment status-inherit hentry  av-masonry-item-with-image' title=\"Asterics AAC pictogramas ARASAAC Anexo A &#8211; 1\" alt=\"\"    itemprop=\"thumbnailUrl\" ><div class='av-inner-masonry-sizer'><\/div><figure class='av-inner-masonry main_color'><div class=\"av-masonry-outerimage-container\"><div class='av-masonry-image-container'   ><img decoding=\"async\" width=\"1580\" height=\"882\" class=\"wp-image-109233 avia-img-lazy-loading-not-109233\"  src=\"https:\/\/aulaabierta.arasaac.org\/wp-content\/uploads\/2022\/10\/Asterics-Grid-pictogramas-ARASAAC-Anexo-A-1.jpg\" title=\"Asterics AAC pictogramas ARASAAC Anexo A &#8211; 1\" alt=\"\" srcset=\"https:\/\/aulaabierta.arasaac.org\/wp-content\/uploads\/2022\/10\/Asterics-Grid-pictogramas-ARASAAC-Anexo-A-1.jpg 1580w, https:\/\/aulaabierta.arasaac.org\/wp-content\/uploads\/2022\/10\/Asterics-Grid-pictogramas-ARASAAC-Anexo-A-1-300x167.jpg 300w, https:\/\/aulaabierta.arasaac.org\/wp-content\/uploads\/2022\/10\/Asterics-Grid-pictogramas-ARASAAC-Anexo-A-1-1030x575.jpg 1030w, https:\/\/aulaabierta.arasaac.org\/wp-content\/uploads\/2022\/10\/Asterics-Grid-pictogramas-ARASAAC-Anexo-A-1-768x429.jpg 768w, https:\/\/aulaabierta.arasaac.org\/wp-content\/uploads\/2022\/10\/Asterics-Grid-pictogramas-ARASAAC-Anexo-A-1-1536x857.jpg 1536w, https:\/\/aulaabierta.arasaac.org\/wp-content\/uploads\/2022\/10\/Asterics-Grid-pictogramas-ARASAAC-Anexo-A-1-1500x837.jpg 1500w, https:\/\/aulaabierta.arasaac.org\/wp-content\/uploads\/2022\/10\/Asterics-Grid-pictogramas-ARASAAC-Anexo-A-1-705x394.jpg 705w\" sizes=\"(max-width: 1580px) 100vw, 1580px\" \/><\/div><\/div><\/figure><\/a><!--end av-masonry entry--><\/div><\/div>\n\n<style type=\"text\/css\" data-created_by=\"avia_inline_auto\" id=\"style-css-av-l9gmru5n-95f6cf19988689225c7e20a527e99f43\">\n#top .av_textblock_section.av-l9gmru5n-95f6cf19988689225c7e20a527e99f43 .avia_textblock{\nfont-size:16px;\n}\n<\/style>\n<section  class='av_textblock_section av-l9gmru5n-95f6cf19988689225c7e20a527e99f43'  itemscope=\"itemscope\" itemtype=\"https:\/\/schema.org\/CreativeWork\" ><div class='avia_textblock'  itemprop=\"text\" ><h4>Kumulierte Phrasenaktionszellen auf der linken Seite platzieren<\/h4>\n<p>Wenn wir die <strong>Aktionszellen der kumulierten Phrase<\/strong> auf der <strong>linken Seite<\/strong> platzieren wollen, m\u00fcssen wir das <strong>Globale Grid<\/strong> <strong>bearbeiten<\/strong>, entweder unter \u201eGrids verwalten\u201c oder indem wir das <strong>Hauptgrid bearbeiten<\/strong> und die Option \u201e<strong>mehr<\/strong>\u201c verwenden.<\/p>\n<p><img loading=\"lazy\" decoding=\"async\" class=\"aligncenter wp-image-109254\" src=\"https:\/\/aulaabierta.arasaac.org\/wp-content\/uploads\/2023\/01\/Asterics-Grid-pictogramas-ARASAAC-Anexo-A-3_en.jpg\" alt=\"\" width=\"700\" height=\"391\"><\/p>\n<p>Wie Sie sehen k\u00f6nnen, haben wir einfach alle Aktionszellen der kumulierten Phrase auf die linke Seite des globalen Grids verschoben.<\/p>\n<p>In diesem Fall muss das <strong>globale Grid immer eine Zeile mehr haben als das Hauptgrid<\/strong>, damit alle Aktionszellen des kumulierten Satzes korrekt angezeigt werden k\u00f6nnen.<\/p>\n<p><img loading=\"lazy\" decoding=\"async\" class=\"aligncenter wp-image-109236\" src=\"https:\/\/aulaabierta.arasaac.org\/wp-content\/uploads\/2023\/01\/Asterics-Grid-pictogramas-ARASAAC-Anexo-A-2_en.jpg\" alt=\"\" width=\"700\" height=\"390\"><\/p>\n<p>Es kann vorkommen, dass wir unserem <strong>Hauptgrid weitere Zeilen hinzuf\u00fcgen<\/strong> m\u00fcssen.<\/p>\n<p>Auf der Grundlage des vorherigen Beispiels haben wir dem Raster eine weitere Reihe von Zellen hinzugef\u00fcgt, wobei die Aktionszellen des kumulierten Satzes ber\u00fccksichtigt wurden, und dies ist das Endergebnis:<\/p>\n<p><img loading=\"lazy\" decoding=\"async\" class=\"aligncenter wp-image-109263\" src=\"https:\/\/aulaabierta.arasaac.org\/wp-content\/uploads\/2023\/01\/Asterics-Grid-pictogramas-ARASAAC-Anexo-A-4_en.jpg\" alt=\"\" width=\"700\" height=\"394\"><\/p>\n<\/div><\/section>\n<div  class='hr av-o8adia-0a89955d815a31dc05055d3556b405c4 hr-default  avia-builder-el-6  el_after_av_textblock  el_before_av_textblock '><span class='hr-inner '><span class=\"hr-inner-style\"><\/span><\/span><\/div>\n\n<style type=\"text\/css\" data-created_by=\"avia_inline_auto\" id=\"style-css-av-l9gngc71-484f94c41c0a18c45db84ff28b96e0cd\">\n#top .av_textblock_section.av-l9gngc71-484f94c41c0a18c45db84ff28b96e0cd .avia_textblock{\nfont-size:16px;\n}\n<\/style>\n<section  class='av_textblock_section av-l9gngc71-484f94c41c0a18c45db84ff28b96e0cd'  itemscope=\"itemscope\" itemtype=\"https:\/\/schema.org\/CreativeWork\" ><div class='avia_textblock'  itemprop=\"text\" ><h4>Kumulierte Phrasenaktionszellen auf der rechten Seite platzieren<\/h4>\n<p>Wenn wir die <strong>Aktionszellen der kumulierten Phrase<\/strong> auf der <strong>rechten Seite<\/strong> platzieren wollen, m\u00fcssen wir beachten, dass das <b>Hauptgrid<\/b> und das <b>globale Grid<\/b> die <b>gleiche Anzahl von Spalten<\/b> enthalten m\u00fcssen, w\u00e4hrend das <b>globale Grid immer eine Zeile mehr enthalten muss<\/b>, in der die kumulierte Phrase und der Play-Button oben platziert werden. <\/p>\n<p>Dazu m\u00fcssen wir das Hauptgrid und dann das <strong>globale Grid<\/strong> mit der Option \u201e<strong>Mehr<\/strong>\u201c <strong>bearbeiten<\/strong>.<\/p>\n<p><img loading=\"lazy\" decoding=\"async\" class=\"aligncenter wp-image-109277\" src=\"https:\/\/aulaabierta.arasaac.org\/wp-content\/uploads\/2023\/01\/Asterics-Grid-pictogramas-ARASAAC-Anexo-A-5-1_en.jpg\" alt=\"\" width=\"700\" height=\"392\"><\/p>\n<p>Da unser Hauptgrid vier Reihen hat, haben wir dem globalen Grid eine weitere Reihe hinzugef\u00fcgt.<\/p>\n<p>Als N\u00e4chstes m\u00fcssen wir das <strong>Hauptraster<\/strong> <strong>bearbeiten<\/strong> und die fehlenden Aktionszellen in der letzten Spalte des Rasters hinzuf\u00fcgen.<\/p>\n<p><img loading=\"lazy\" decoding=\"async\" class=\"aligncenter wp-image-109286\" src=\"https:\/\/aulaabierta.arasaac.org\/wp-content\/uploads\/2023\/01\/Asterics-Grid-pictogramas-ARASAAC-Anexo-A-6_en.jpg\" alt=\"\" width=\"700\" height=\"394\"><\/p>\n<p>Wenn Sie Ihrem Kommunikator <strong>weitere Raster hinzuf\u00fcgen<\/strong> m\u00f6chten, empfehlen wir Ihnen, den Abschnitt \u201e<strong>Grids verwalten<\/strong>\u201c zu klicken und die Option \u201e<strong>Duplizieren<\/strong>\u201c zu verwenden, um die gew\u00fcnschten Zellen nachtr\u00e4glich zu \u00e4ndern.<\/p>\n<p>Wenn Sie einen neuen Kommunikator erstellen, empfehlen wir Ihnen, ein Basisraster zu erstellen und dieses zu duplizieren, um die neuen Raster mit der gleichen Anzahl von Spalten und Zeilen zu erstellen.<\/p>\n<p><img loading=\"lazy\" decoding=\"async\" class=\"aligncenter wp-image-109292\" src=\"https:\/\/aulaabierta.arasaac.org\/wp-content\/uploads\/2023\/01\/Asterics-Grid-pictogramas-ARASAAC-Anexo-A-7_en.jpg\" alt=\"\" width=\"700\" height=\"394\"><\/p>\n<\/div><\/section>\n<div class='flex_column av-2krg6xr-318b22cf5a7dcc17d549f6d260a48947 av_one_fifth  avia-builder-el-8  el_after_av_textblock  el_before_av_one_fifth  first flex_column_div column-top-margin'     ><style type=\"text\/css\" data-created_by=\"avia_inline_auto\" id=\"style-css-av-l6kdyooj-c548ac67a4820746820feaab6777c1b1\">\n.avia-image-container.av-l6kdyooj-c548ac67a4820746820feaab6777c1b1 img.avia_image{\nbox-shadow:none;\n}\n.avia-image-container.av-l6kdyooj-c548ac67a4820746820feaab6777c1b1 .av-image-caption-overlay-center{\ncolor:#ffffff;\n}\n<\/style>\n<div  class='avia-image-container av-l6kdyooj-c548ac67a4820746820feaab6777c1b1 av-styling- avia-align-center  avia-builder-el-9  avia-builder-el-no-sibling '   itemprop=\"image\" itemscope=\"itemscope\" itemtype=\"https:\/\/schema.org\/ImageObject\" ><div class=\"avia-image-container-inner\"><div class=\"avia-image-overlay-wrap\"><a href=\"https:\/\/aulaabierta.arasaac.org\/de\/asterics-aac_einstellungen\" class='avia_image' ><img decoding=\"async\" class='wp-image-96479 avia-img-lazy-loading-not-96479 avia_image ' src=\"https:\/\/aulaabierta.arasaac.org\/wp-content\/uploads\/2016\/12\/before-80x80.png\" alt='' title='before'  height=\"80\" width=\"80\"  itemprop=\"thumbnailUrl\" srcset=\"https:\/\/aulaabierta.arasaac.org\/wp-content\/uploads\/2016\/12\/before-80x80.png 80w, https:\/\/aulaabierta.arasaac.org\/wp-content\/uploads\/2016\/12\/before-36x36.png 36w, https:\/\/aulaabierta.arasaac.org\/wp-content\/uploads\/2016\/12\/before-120x120.png 120w, https:\/\/aulaabierta.arasaac.org\/wp-content\/uploads\/2016\/12\/before.png 128w\" sizes=\"(max-width: 80px) 100vw, 80px\" \/><\/a><\/div><\/div><\/div><\/div>\n<div class='flex_column av-2acjjb3-72430572443564d7b3ecb332fff10556 av_one_fifth  avia-builder-el-10  el_after_av_one_fifth  el_before_av_one_fifth  flex_column_div column-top-margin'     ><\/div>\n<div class='flex_column av-5ueg0v-f5b4451085be42fd2a70550803012549 av_one_fifth  avia-builder-el-11  el_after_av_one_fifth  el_before_av_one_fifth  flex_column_div column-top-margin'     ><style type=\"text\/css\" data-created_by=\"avia_inline_auto\" id=\"style-css-av-l6ke1xda-f1b99bc859425e24e150db459a323688\">\n.avia-image-container.av-l6ke1xda-f1b99bc859425e24e150db459a323688 img.avia_image{\nbox-shadow:none;\n}\n.avia-image-container.av-l6ke1xda-f1b99bc859425e24e150db459a323688 .av-image-caption-overlay-center{\ncolor:#ffffff;\n}\n<\/style>\n<div  class='avia-image-container av-l6ke1xda-f1b99bc859425e24e150db459a323688 av-styling- avia-align-center  avia-builder-el-12  avia-builder-el-no-sibling '   itemprop=\"image\" itemscope=\"itemscope\" itemtype=\"https:\/\/schema.org\/ImageObject\" ><div class=\"avia-image-container-inner\"><div class=\"avia-image-overlay-wrap\"><a href=\"https:\/\/aulaabierta.arasaac.org\/de\/asterics-aac_startseite\" class='avia_image' ><img decoding=\"async\" class='wp-image-106723 avia-img-lazy-loading-not-106723 avia_image ' src=\"https:\/\/aulaabierta.arasaac.org\/wp-content\/uploads\/2022\/08\/casa-120x120-1-80x80.png\" alt='' title='casa-120x120'  height=\"80\" width=\"80\"  itemprop=\"thumbnailUrl\" srcset=\"https:\/\/aulaabierta.arasaac.org\/wp-content\/uploads\/2022\/08\/casa-120x120-1-80x80.png 80w, https:\/\/aulaabierta.arasaac.org\/wp-content\/uploads\/2022\/08\/casa-120x120-1-36x36.png 36w, https:\/\/aulaabierta.arasaac.org\/wp-content\/uploads\/2022\/08\/casa-120x120-1.png 120w\" sizes=\"(max-width: 80px) 100vw, 80px\" \/><\/a><\/div><\/div><\/div><\/div>\n<div class='flex_column av-126aqin-7a6e39193fa1262d0b61cdb616a4a062 av_one_fifth  avia-builder-el-13  el_after_av_one_fifth  el_before_av_one_fifth  flex_column_div column-top-margin'     ><\/div>\n<div class='flex_column av-w2yn9b-3822e7b37f6ad515aaaac5be5b29fec2 av_one_fifth  avia-builder-el-14  el_after_av_one_fifth  el_before_av_one_full  flex_column_div column-top-margin'     ><style type=\"text\/css\" data-created_by=\"avia_inline_auto\" id=\"style-css-av-l6kdzl6f-4df2ecc65d851bc71f7e05baba814803\">\n.avia-image-container.av-l6kdzl6f-4df2ecc65d851bc71f7e05baba814803 img.avia_image{\nbox-shadow:none;\n}\n.avia-image-container.av-l6kdzl6f-4df2ecc65d851bc71f7e05baba814803 .av-image-caption-overlay-center{\ncolor:#ffffff;\n}\n<\/style>\n<div  class='avia-image-container av-l6kdzl6f-4df2ecc65d851bc71f7e05baba814803 av-styling- avia-align-center  avia-builder-el-15  avia-builder-el-no-sibling '   itemprop=\"image\" itemscope=\"itemscope\" itemtype=\"https:\/\/schema.org\/ImageObject\" ><div class=\"avia-image-container-inner\"><div class=\"avia-image-overlay-wrap\"><a href=\"https:\/\/aulaabierta.arasaac.org\/de\/asterics-aac_anhang_b-ausblenden_von_elementen\" class='avia_image' ><img decoding=\"async\" class='wp-image-96480 avia-img-lazy-loading-not-96480 avia_image ' src=\"https:\/\/aulaabierta.arasaac.org\/wp-content\/uploads\/2016\/12\/next-80x80.png\" alt='' title='next'  height=\"80\" width=\"80\"  itemprop=\"thumbnailUrl\" srcset=\"https:\/\/aulaabierta.arasaac.org\/wp-content\/uploads\/2016\/12\/next-80x80.png 80w, https:\/\/aulaabierta.arasaac.org\/wp-content\/uploads\/2016\/12\/next-36x36.png 36w, https:\/\/aulaabierta.arasaac.org\/wp-content\/uploads\/2016\/12\/next-120x120.png 120w, https:\/\/aulaabierta.arasaac.org\/wp-content\/uploads\/2016\/12\/next.png 128w\" sizes=\"(max-width: 80px) 100vw, 80px\" \/><\/a><\/div><\/div><\/div><\/div><div class='flex_column av-vtfpkv-8fb9bef4cb06de80cef16013e631f9a4 av_one_full  avia-builder-el-16  el_after_av_one_fifth  avia-builder-el-last  first flex_column_div column-top-margin'     ><\/div><\/p>\n","protected":false},"excerpt":{"rendered":"","protected":false},"author":5,"featured_media":106721,"parent":0,"menu_order":0,"comment_status":"open","ping_status":"open","template":"","meta":{"om_disable_all_campaigns":false,"_monsterinsights_skip_tracking":false,"_monsterinsights_sitenote_active":false,"_monsterinsights_sitenote_note":"","_monsterinsights_sitenote_category":0,"_uf_show_specific_survey":0,"_uf_disable_surveys":false,"footnotes":""},"class_list":["post-111389","page","type-page","status-publish","has-post-thumbnail","hentry"],"aioseo_notices":[],"_links":{"self":[{"href":"https:\/\/aulaabierta.arasaac.org\/de\/wp-json\/wp\/v2\/pages\/111389","targetHints":{"allow":["GET"]}}],"collection":[{"href":"https:\/\/aulaabierta.arasaac.org\/de\/wp-json\/wp\/v2\/pages"}],"about":[{"href":"https:\/\/aulaabierta.arasaac.org\/de\/wp-json\/wp\/v2\/types\/page"}],"author":[{"embeddable":true,"href":"https:\/\/aulaabierta.arasaac.org\/de\/wp-json\/wp\/v2\/users\/5"}],"replies":[{"embeddable":true,"href":"https:\/\/aulaabierta.arasaac.org\/de\/wp-json\/wp\/v2\/comments?post=111389"}],"version-history":[{"count":22,"href":"https:\/\/aulaabierta.arasaac.org\/de\/wp-json\/wp\/v2\/pages\/111389\/revisions"}],"predecessor-version":[{"id":145446,"href":"https:\/\/aulaabierta.arasaac.org\/de\/wp-json\/wp\/v2\/pages\/111389\/revisions\/145446"}],"wp:featuredmedia":[{"embeddable":true,"href":"https:\/\/aulaabierta.arasaac.org\/de\/wp-json\/wp\/v2\/media\/106721"}],"wp:attachment":[{"href":"https:\/\/aulaabierta.arasaac.org\/de\/wp-json\/wp\/v2\/media?parent=111389"}],"curies":[{"name":"wp","href":"https:\/\/api.w.org\/{rel}","templated":true}]}}