{"id":111439,"date":"2023-01-02T08:40:50","date_gmt":"2023-01-02T07:40:50","guid":{"rendered":"https:\/\/aulaabierta.arasaac.org\/asterics-grid_anhang_b-ausblenden_von_elementen"},"modified":"2023-02-09T11:36:45","modified_gmt":"2023-02-09T10:36:45","slug":"asterics-aac_anhang_b-ausblenden_von_elementen","status":"publish","type":"page","link":"https:\/\/aulaabierta.arasaac.org\/de\/asterics-aac_anhang_b-ausblenden_von_elementen","title":{"rendered":"Asterics AAC Kommunikator &#8211; Anhang B &#8211; Ausblenden von Elementen (Zellen) in einem vordefinierten Grid"},"content":{"rendered":"\n<style type=\"text\/css\" data-created_by=\"avia_inline_auto\" id=\"style-css-av-g02wp-2e423cafcf76d599657ad9c77cf54bae\">\n#top .av-special-heading.av-g02wp-2e423cafcf76d599657ad9c77cf54bae{\npadding-bottom:0;\n}\nbody .av-special-heading.av-g02wp-2e423cafcf76d599657ad9c77cf54bae .av-special-heading-tag .heading-char{\nfont-size:25px;\n}\n.av-special-heading.av-g02wp-2e423cafcf76d599657ad9c77cf54bae .av-subheading{\nfont-size:15px;\n}\n<\/style>\n<div  class='av-special-heading av-g02wp-2e423cafcf76d599657ad9c77cf54bae av-special-heading-h2  avia-builder-el-0  el_before_av_heading  avia-builder-el-first '><h2 class='av-special-heading-tag'  itemprop=\"headline\"  >Asterics AAC Dynamischer Kommunikator<\/h2><div class=\"special-heading-border\"><div class=\"special-heading-inner-border\"><\/div><\/div><\/div>\n\n<style type=\"text\/css\" data-created_by=\"avia_inline_auto\" id=\"style-css-av-l6uyvnzl-50d713b0f2469cc6682c0910b1d81a15\">\n#top .av-special-heading.av-l6uyvnzl-50d713b0f2469cc6682c0910b1d81a15{\npadding-bottom:0;\n}\nbody .av-special-heading.av-l6uyvnzl-50d713b0f2469cc6682c0910b1d81a15 .av-special-heading-tag .heading-char{\nfont-size:25px;\n}\n.av-special-heading.av-l6uyvnzl-50d713b0f2469cc6682c0910b1d81a15 .av-subheading{\nfont-size:15px;\n}\n<\/style>\n<div  class='av-special-heading av-l6uyvnzl-50d713b0f2469cc6682c0910b1d81a15 av-special-heading-h2  avia-builder-el-1  el_after_av_heading  el_before_av_hr '><h2 class='av-special-heading-tag'  itemprop=\"headline\"  >Anhang B &#8211; Ausblenden von Elementen (Zellen) in einem vordefinierten Grid<\/h2><div class=\"special-heading-border\"><div class=\"special-heading-inner-border\"><\/div><\/div><\/div>\n<div  class='hr av-iuhhgx-d673ebc2263b20e277a8850c6f643d0e hr-default  avia-builder-el-2  el_after_av_heading  el_before_av_textblock '><span class='hr-inner '><span class=\"hr-inner-style\"><\/span><\/span><\/div>\n\n<style type=\"text\/css\" data-created_by=\"avia_inline_auto\" id=\"style-css-av-l7od3lky-d3322c1ef33746f21de40562a835b69b\">\n#top .av_textblock_section.av-l7od3lky-d3322c1ef33746f21de40562a835b69b .avia_textblock{\nfont-size:16px;\n}\n<\/style>\n<section  class='av_textblock_section av-l7od3lky-d3322c1ef33746f21de40562a835b69b'  itemscope=\"itemscope\" itemtype=\"https:\/\/schema.org\/CreativeWork\" ><div class='avia_textblock'  itemprop=\"text\" ><p>Die Kommunikation und die Personen, die mit einer Person mit Einschr\u00e4nkungen in der Kommunikation kommunizieren, m\u00fcssen sich immer an die Kommunikationsbed\u00fcrfnisse dieser Person anpassen und nicht andersherum.<\/p>\n<p>Wir haben bereits in den Tutorials erkl\u00e4rt, dass wir in <strong>AsTeRiCS Grid<\/strong> entweder ein Grid von Grund auf neu erstellen k\u00f6nnen oder einen vordefinierten Kommunikator mit einem gro\u00dfen Wortschatz verwenden k\u00f6nnen.<\/p>\n<p><img loading=\"lazy\" decoding=\"async\" class=\"aligncenter wp-image-109349 size-full\" src=\"https:\/\/aulaabierta.arasaac.org\/wp-content\/uploads\/2023\/01\/Comunicador-Asterics-pictogramas-ARASAAC-_en-4.jpg\" alt=\"\" width=\"1600\" height=\"900\"><\/p>\n<p>Im Falle der zweiten Option bietet <strong>AsTeRiCS Grid<\/strong> die M\u00f6glichkeit, <b>Elemente auszublenden<\/b>, ohne den Inhalt des vordefinierten Kommunikators zu l\u00f6schen, um sie <strong>schrittweise<\/strong> entsprechend der Entwicklung der Person, die ihn benutzt, einzubinden.<\/p>\n<p>Ausgehend von dem oben gezeigten vordefinierten Kommunikator werden wir einige Zellen (Elemente) ausblenden. Dazu verwenden wir die Option Grid bearbeiten (indem Sie &#8222;<strong>Bearbeiten ein<\/strong>&#8220; klicken) und w\u00e4hlen dann &#8222;<strong>Bearbeiten<\/strong>&#8220; (mit rechter Maustaste auf Element klicken und dann &#8222;Bearbeiten&#8220; ausw\u00e4hlen). In der Registerkarte <strong>Allgemein<\/strong> aktivieren wir die weiter unten angef\u00fchrte Option <strong>&#8222;Element ausblenden&#8220;.<\/strong><\/p>\n<p><img loading=\"lazy\" decoding=\"async\" class=\"aligncenter wp-image-109356 size-full\" src=\"https:\/\/aulaabierta.arasaac.org\/wp-content\/uploads\/2023\/01\/Comunicador-Asterics-pictogramas-ARASAAC-146_en.jpg\" alt=\"\" width=\"1590\" height=\"700\"><\/p>\n<p>Dieser Vorgang wird mit allen Zellen durchgef\u00fchrt, die wir f\u00fcr den Moment ausblenden wollen, und wir werden feststellen, dass ein Symbol (ein durchgestrichenes Auge) zu diesen ausgeblendeten Zellen hinzugef\u00fcgt wurde, um sie mit dieser Eigenschaft zu identifizieren.<\/p>\n<p><img loading=\"lazy\" decoding=\"async\" class=\"aligncenter wp-image-109363 size-full\" src=\"https:\/\/aulaabierta.arasaac.org\/wp-content\/uploads\/2023\/01\/Comunicador-Asterics-pictogramas-ARASAAC-147_en.jpg\" alt=\"\" width=\"1293\" height=\"688\"><\/p>\n<p>Wenn wir die erste Zeile des Rasters, das wir bearbeiten, vergr\u00f6\u00dfern, k\u00f6nnen wir die ausgeblendeten Zellen genauer sehen.<\/p>\n<p><img loading=\"lazy\" decoding=\"async\" class=\"aligncenter wp-image-109369 size-full\" src=\"https:\/\/aulaabierta.arasaac.org\/wp-content\/uploads\/2023\/01\/Comunicador-Asterics-pictogramas-ARASAAC-148_en.jpg\" alt=\"\" width=\"1583\" height=\"257\"><\/p>\n<p>In dieser Rasterlinie haben wir die Kategorien PL\u00c4TZE und TRANSPORT ausgeblendet. Es ist zu erkennen, dass neben dem Kategoriesymbol auch das Symbol des ausgeblendeten Elements (durchgestrichenes Auge) erscheint.<\/p>\n<p>Jetzt deaktivieren wir die Bearbeitung und das ist das Ergebnis unseres Rasters mit den ausgeblendeten Zellen:<\/p>\n<p><img loading=\"lazy\" decoding=\"async\" class=\"aligncenter wp-image-109375 size-full\" src=\"https:\/\/aulaabierta.arasaac.org\/wp-content\/uploads\/2023\/01\/Comunicador-Asterics-pictogramas-ARASAAC-149_en.jpg\" alt=\"\" width=\"1600\" height=\"900\"><\/p>\n<p>Mit dieser einfachen Option passen wir das\/die Raster unseres Kommunikators an die kommunikativen Bed\u00fcrfnisse der Person an. Nach und nach k\u00f6nnen wir ausgeblendete Elemente hinzuf\u00fcgen und neue Vokabeln einf\u00fchren, je nach den Fortschritten, die unser User macht.<\/p>\n<\/div><\/section>\n<div class='flex_column av-2krg6xr-318b22cf5a7dcc17d549f6d260a48947 av_one_fifth  avia-builder-el-4  el_after_av_textblock  el_before_av_one_fifth  first flex_column_div column-top-margin'     ><style type=\"text\/css\" data-created_by=\"avia_inline_auto\" id=\"style-css-av-l6kdyooj-9534f9afd63770ab99000b86b68b01b1\">\n.avia-image-container.av-l6kdyooj-9534f9afd63770ab99000b86b68b01b1 img.avia_image{\nbox-shadow:none;\n}\n.avia-image-container.av-l6kdyooj-9534f9afd63770ab99000b86b68b01b1 .av-image-caption-overlay-center{\ncolor:#ffffff;\n}\n<\/style>\n<div  class='avia-image-container av-l6kdyooj-9534f9afd63770ab99000b86b68b01b1 av-styling- avia-align-center  avia-builder-el-5  avia-builder-el-no-sibling '   itemprop=\"image\" itemscope=\"itemscope\" itemtype=\"https:\/\/schema.org\/ImageObject\" ><div class=\"avia-image-container-inner\"><div class=\"avia-image-overlay-wrap\"><a href=\"https:\/\/aulaabierta.arasaac.org\/de\/asterics-aac_anhang_a_aktionszellen\" class='avia_image' ><img decoding=\"async\" class='wp-image-96479 avia-img-lazy-loading-not-96479 avia_image ' src=\"https:\/\/aulaabierta.arasaac.org\/wp-content\/uploads\/2016\/12\/before-80x80.png\" alt='' title='before'  height=\"80\" width=\"80\"  itemprop=\"thumbnailUrl\" srcset=\"https:\/\/aulaabierta.arasaac.org\/wp-content\/uploads\/2016\/12\/before-80x80.png 80w, https:\/\/aulaabierta.arasaac.org\/wp-content\/uploads\/2016\/12\/before-36x36.png 36w, https:\/\/aulaabierta.arasaac.org\/wp-content\/uploads\/2016\/12\/before-120x120.png 120w, https:\/\/aulaabierta.arasaac.org\/wp-content\/uploads\/2016\/12\/before.png 128w\" sizes=\"(max-width: 80px) 100vw, 80px\" \/><\/a><\/div><\/div><\/div><\/div>\n<div class='flex_column av-2acjjb3-72430572443564d7b3ecb332fff10556 av_one_fifth  avia-builder-el-6  el_after_av_one_fifth  el_before_av_one_fifth  flex_column_div column-top-margin'     ><\/div>\n<div class='flex_column av-5ueg0v-f5b4451085be42fd2a70550803012549 av_one_fifth  avia-builder-el-7  el_after_av_one_fifth  el_before_av_one_fifth  flex_column_div column-top-margin'     ><style type=\"text\/css\" data-created_by=\"avia_inline_auto\" id=\"style-css-av-l6ke1xda-f1b99bc859425e24e150db459a323688\">\n.avia-image-container.av-l6ke1xda-f1b99bc859425e24e150db459a323688 img.avia_image{\nbox-shadow:none;\n}\n.avia-image-container.av-l6ke1xda-f1b99bc859425e24e150db459a323688 .av-image-caption-overlay-center{\ncolor:#ffffff;\n}\n<\/style>\n<div  class='avia-image-container av-l6ke1xda-f1b99bc859425e24e150db459a323688 av-styling- avia-align-center  avia-builder-el-8  avia-builder-el-no-sibling '   itemprop=\"image\" itemscope=\"itemscope\" itemtype=\"https:\/\/schema.org\/ImageObject\" ><div class=\"avia-image-container-inner\"><div class=\"avia-image-overlay-wrap\"><a href=\"https:\/\/aulaabierta.arasaac.org\/de\/asterics-aac_startseite\" class='avia_image' ><img decoding=\"async\" class='wp-image-106723 avia-img-lazy-loading-not-106723 avia_image ' src=\"https:\/\/aulaabierta.arasaac.org\/wp-content\/uploads\/2022\/08\/casa-120x120-1-80x80.png\" alt='' title='casa-120x120'  height=\"80\" width=\"80\"  itemprop=\"thumbnailUrl\" srcset=\"https:\/\/aulaabierta.arasaac.org\/wp-content\/uploads\/2022\/08\/casa-120x120-1-80x80.png 80w, https:\/\/aulaabierta.arasaac.org\/wp-content\/uploads\/2022\/08\/casa-120x120-1-36x36.png 36w, https:\/\/aulaabierta.arasaac.org\/wp-content\/uploads\/2022\/08\/casa-120x120-1.png 120w\" sizes=\"(max-width: 80px) 100vw, 80px\" \/><\/a><\/div><\/div><\/div><\/div>\n<div class='flex_column av-126aqin-7a6e39193fa1262d0b61cdb616a4a062 av_one_fifth  avia-builder-el-9  el_after_av_one_fifth  el_before_av_one_fifth  flex_column_div column-top-margin'     ><\/div>\n<div class='flex_column av-w2yn9b-3822e7b37f6ad515aaaac5be5b29fec2 av_one_fifth  avia-builder-el-10  el_after_av_one_fifth  el_before_av_one_full  flex_column_div column-top-margin'     ><style type=\"text\/css\" data-created_by=\"avia_inline_auto\" id=\"style-css-av-l6kdzl6f-eabd46c2bdf77000e4805e33ade3dc4f\">\n.avia-image-container.av-l6kdzl6f-eabd46c2bdf77000e4805e33ade3dc4f img.avia_image{\nbox-shadow:none;\n}\n.avia-image-container.av-l6kdzl6f-eabd46c2bdf77000e4805e33ade3dc4f .av-image-caption-overlay-center{\ncolor:#ffffff;\n}\n<\/style>\n<div  class='avia-image-container av-l6kdzl6f-eabd46c2bdf77000e4805e33ade3dc4f av-styling- avia-align-center  avia-builder-el-11  avia-builder-el-no-sibling '   itemprop=\"image\" itemscope=\"itemscope\" itemtype=\"https:\/\/schema.org\/ImageObject\" ><div class=\"avia-image-container-inner\"><div class=\"avia-image-overlay-wrap\"><a href=\"https:\/\/aulaabierta.arasaac.org\/de\/asterics-aac_anhang_c_farbkodierung_nach_wortart\" class='avia_image' ><img decoding=\"async\" class='wp-image-96480 avia-img-lazy-loading-not-96480 avia_image ' src=\"https:\/\/aulaabierta.arasaac.org\/wp-content\/uploads\/2016\/12\/next-80x80.png\" alt='' title='next'  height=\"80\" width=\"80\"  itemprop=\"thumbnailUrl\" srcset=\"https:\/\/aulaabierta.arasaac.org\/wp-content\/uploads\/2016\/12\/next-80x80.png 80w, https:\/\/aulaabierta.arasaac.org\/wp-content\/uploads\/2016\/12\/next-36x36.png 36w, https:\/\/aulaabierta.arasaac.org\/wp-content\/uploads\/2016\/12\/next-120x120.png 120w, https:\/\/aulaabierta.arasaac.org\/wp-content\/uploads\/2016\/12\/next.png 128w\" sizes=\"(max-width: 80px) 100vw, 80px\" \/><\/a><\/div><\/div><\/div><\/div>\n<div class='flex_column av-vtfpkv-8fb9bef4cb06de80cef16013e631f9a4 av_one_full  avia-builder-el-12  el_after_av_one_fifth  avia-builder-el-last  first flex_column_div column-top-margin'     ><\/div>\n","protected":false},"excerpt":{"rendered":"","protected":false},"author":5,"featured_media":106721,"parent":0,"menu_order":0,"comment_status":"open","ping_status":"open","template":"","meta":{"om_disable_all_campaigns":false,"_monsterinsights_skip_tracking":false,"_monsterinsights_sitenote_active":false,"_monsterinsights_sitenote_note":"","_monsterinsights_sitenote_category":0,"_uf_show_specific_survey":0,"_uf_disable_surveys":false,"footnotes":""},"class_list":["post-111439","page","type-page","status-publish","has-post-thumbnail","hentry"],"aioseo_notices":[],"_links":{"self":[{"href":"https:\/\/aulaabierta.arasaac.org\/de\/wp-json\/wp\/v2\/pages\/111439","targetHints":{"allow":["GET"]}}],"collection":[{"href":"https:\/\/aulaabierta.arasaac.org\/de\/wp-json\/wp\/v2\/pages"}],"about":[{"href":"https:\/\/aulaabierta.arasaac.org\/de\/wp-json\/wp\/v2\/types\/page"}],"author":[{"embeddable":true,"href":"https:\/\/aulaabierta.arasaac.org\/de\/wp-json\/wp\/v2\/users\/5"}],"replies":[{"embeddable":true,"href":"https:\/\/aulaabierta.arasaac.org\/de\/wp-json\/wp\/v2\/comments?post=111439"}],"version-history":[{"count":39,"href":"https:\/\/aulaabierta.arasaac.org\/de\/wp-json\/wp\/v2\/pages\/111439\/revisions"}],"predecessor-version":[{"id":145447,"href":"https:\/\/aulaabierta.arasaac.org\/de\/wp-json\/wp\/v2\/pages\/111439\/revisions\/145447"}],"wp:featuredmedia":[{"embeddable":true,"href":"https:\/\/aulaabierta.arasaac.org\/de\/wp-json\/wp\/v2\/media\/106721"}],"wp:attachment":[{"href":"https:\/\/aulaabierta.arasaac.org\/de\/wp-json\/wp\/v2\/media?parent=111439"}],"curies":[{"name":"wp","href":"https:\/\/api.w.org\/{rel}","templated":true}]}}