{"id":111445,"date":"2023-01-02T08:58:50","date_gmt":"2023-01-02T07:58:50","guid":{"rendered":"https:\/\/aulaabierta.arasaac.org\/asterics-grid_anhang_c_farbkodierung_nach_wortart"},"modified":"2023-02-09T11:36:49","modified_gmt":"2023-02-09T10:36:49","slug":"asterics-aac_anhang_c_farbkodierung_nach_wortart","status":"publish","type":"page","link":"https:\/\/aulaabierta.arasaac.org\/de\/asterics-aac_anhang_c_farbkodierung_nach_wortart","title":{"rendered":"Asterics AAC Kommunikator &#8211; Anhang C \u2013 Farbkodierung je nach Wortart verwenden"},"content":{"rendered":"\n<style type=\"text\/css\" data-created_by=\"avia_inline_auto\" id=\"style-css-av-g02wp-2e423cafcf76d599657ad9c77cf54bae\">\n#top .av-special-heading.av-g02wp-2e423cafcf76d599657ad9c77cf54bae{\npadding-bottom:0;\n}\nbody .av-special-heading.av-g02wp-2e423cafcf76d599657ad9c77cf54bae .av-special-heading-tag .heading-char{\nfont-size:25px;\n}\n.av-special-heading.av-g02wp-2e423cafcf76d599657ad9c77cf54bae .av-subheading{\nfont-size:15px;\n}\n<\/style>\n<div  class='av-special-heading av-g02wp-2e423cafcf76d599657ad9c77cf54bae av-special-heading-h2  avia-builder-el-0  el_before_av_heading  avia-builder-el-first '><h2 class='av-special-heading-tag'  itemprop=\"headline\"  >Asterics AAC Dynamischer Kommunikator<\/h2><div class=\"special-heading-border\"><div class=\"special-heading-inner-border\"><\/div><\/div><\/div>\n\n<style type=\"text\/css\" data-created_by=\"avia_inline_auto\" id=\"style-css-av-l6uyvnzl-a2d1bc85f7cbf13a81e19072f8c278e8\">\n#top .av-special-heading.av-l6uyvnzl-a2d1bc85f7cbf13a81e19072f8c278e8{\npadding-bottom:0;\n}\nbody .av-special-heading.av-l6uyvnzl-a2d1bc85f7cbf13a81e19072f8c278e8 .av-special-heading-tag .heading-char{\nfont-size:25px;\n}\n.av-special-heading.av-l6uyvnzl-a2d1bc85f7cbf13a81e19072f8c278e8 .av-subheading{\nfont-size:15px;\n}\n<\/style>\n<div  class='av-special-heading av-l6uyvnzl-a2d1bc85f7cbf13a81e19072f8c278e8 av-special-heading-h2  avia-builder-el-1  el_after_av_heading  el_before_av_hr '><h2 class='av-special-heading-tag'  itemprop=\"headline\"  >Anhang C \u2013 Farbkodierung je nach Wortart verwenden<\/h2><div class=\"special-heading-border\"><div class=\"special-heading-inner-border\"><\/div><\/div><\/div>\n<div  class='hr av-iuhhgx-d673ebc2263b20e277a8850c6f643d0e hr-default  avia-builder-el-2  el_after_av_heading  el_before_av_textblock '><span class='hr-inner '><span class=\"hr-inner-style\"><\/span><\/span><\/div>\n\n<style type=\"text\/css\" data-created_by=\"avia_inline_auto\" id=\"style-css-av-l7od3lky-d3322c1ef33746f21de40562a835b69b\">\n#top .av_textblock_section.av-l7od3lky-d3322c1ef33746f21de40562a835b69b .avia_textblock{\nfont-size:16px;\n}\n<\/style>\n<section  class='av_textblock_section av-l7od3lky-d3322c1ef33746f21de40562a835b69b'  itemscope=\"itemscope\" itemtype=\"https:\/\/schema.org\/CreativeWork\" ><div class='avia_textblock'  itemprop=\"text\" ><p>In <strong>AsTeRiCS Grid<\/strong> k\u00f6nnen wir den <strong>Zellen\/Elementen der Tafeln<\/strong> (Grids) verschiedene Farbcodes zuweisen, je nach der Funktion, die die einzelnen W\u00f6rter (Substantive, Verben, Adjektive usw.) erf\u00fcllen.<\/p>\n<p>Um diese Option zu aktivieren, gehen Sie in das Men\u00fc \u201e<strong>Einstellungen<\/strong>\u201c auf der linken Seite und aktivieren oder deaktivieren Sie im Abschnitt \u201e<strong>Farben<\/strong>\u201c die Option \u201e<strong>Aktiviere Farbkategorien von Grid-Elementen<\/strong>&#8220; .<\/p>\n<p><img loading=\"lazy\" decoding=\"async\" class=\"aligncenter wp-image-109805\" src=\"https:\/\/aulaabierta.arasaac.org\/wp-content\/uploads\/2023\/01\/Comunicador-Asterics-pictogramas-ARASAAC-150_en.jpg\" alt=\"\" width=\"700\" height=\"361\"><\/p>\n<p>Die derzeit am h\u00e4ufigsten verwendeten Piktogramm-Farbschl\u00fcssel sind der <strong>Fitzgerald-Schl\u00fcssel<\/strong> und der <strong>Goosens-Schl\u00fcssel<\/strong>. Wenn wir das Dropdown Men\u00fc \u201eFarbschema f\u00fcr Kategorien\u201c \u00f6ffnen, gibt es diese zwei Schl\u00fcssel in jeweils zwei Farbschattierungen (hell und mittel).<\/p>\n<p>In der folgenden Abbildung zeigen wir Ihnen eine Tafel, auf der wir den <strong>Fitzgerald-Schl\u00fcssel<\/strong> f\u00fcr die Zuordnung der Farben zu den verschiedenen Wortarten verwenden.<\/p>\n<p><img loading=\"lazy\" decoding=\"async\" class=\"aligncenter wp-image-109819\" src=\"https:\/\/aulaabierta.arasaac.org\/wp-content\/uploads\/2023\/01\/Clasificacion_Colores_Pictogramas_ARASAAC-1_en.jpg\" alt=\"\" width=\"700\" height=\"339\"><\/p>\n<p>Im folgenden Bild zeigen wir Ihnen die gleiche Tafel mit der Kodierung nach dem <strong>Goossens-Schl\u00fcssel<\/strong>.<\/p>\n<p><img loading=\"lazy\" decoding=\"async\" class=\"aligncenter wp-image-109813\" src=\"https:\/\/aulaabierta.arasaac.org\/wp-content\/uploads\/2023\/01\/Clasificacion_Colores_Pictogramas_ARASAAC-2_en.jpg\" alt=\"\" width=\"700\" height=\"350\"><\/p>\n<p>Wir haben auch die M\u00f6glichkeit, diese F<strong>arbkodierung auf unserer Tafel zu deaktivieren<\/strong>. Dazu deaktivieren wir die Option \u201e<strong>Aktiviere Farbkategorien von Grid-Elementen<\/strong>&#8220; .<\/p>\n<p><img loading=\"lazy\" decoding=\"async\" class=\"aligncenter wp-image-109833\" src=\"https:\/\/aulaabierta.arasaac.org\/wp-content\/uploads\/2023\/01\/Clasificacion_Colores_Pictogramas_ARASAAC-3_en.jpg\" alt=\"\" width=\"700\" height=\"341\"><\/p>\n<p>Ausgehend von dieser letzten Option k\u00f6nnen wir <strong>verschiedene Farben f\u00fcr den Hintergrund der Zellen zuweisen<\/strong>. Ein Beispiel ist in der folgenden Abbildung dargestellt:<\/p>\n<p><img loading=\"lazy\" decoding=\"async\" class=\"aligncenter wp-image-109840\" src=\"https:\/\/aulaabierta.arasaac.org\/wp-content\/uploads\/2023\/01\/Clasificacion_Colores_Pictogramas_ARASAAC-4-1_en.jpg\" alt=\"\" width=\"700\" height=\"327\"><\/p>\n<p>Wie wir sehen, gibt es eine Vielzahl von M\u00f6glichkeiten, unseren Kommunikator individuell zu gestalten, was eine bessere Anpassung an die Bed\u00fcrfnisse und Eigenschaften der Person erm\u00f6glicht.<\/p>\n<\/div><\/section>\n<div class='flex_column av-2krg6xr-318b22cf5a7dcc17d549f6d260a48947 av_one_fifth  avia-builder-el-4  el_after_av_textblock  el_before_av_one_fifth  first flex_column_div column-top-margin'     ><style type=\"text\/css\" data-created_by=\"avia_inline_auto\" id=\"style-css-av-l6kdyooj-24e73646bdc9715336467c5df9e5c8a1\">\n.avia-image-container.av-l6kdyooj-24e73646bdc9715336467c5df9e5c8a1 img.avia_image{\nbox-shadow:none;\n}\n.avia-image-container.av-l6kdyooj-24e73646bdc9715336467c5df9e5c8a1 .av-image-caption-overlay-center{\ncolor:#ffffff;\n}\n<\/style>\n<div  class='avia-image-container av-l6kdyooj-24e73646bdc9715336467c5df9e5c8a1 av-styling- avia-align-center  avia-builder-el-5  avia-builder-el-no-sibling '   itemprop=\"image\" itemscope=\"itemscope\" itemtype=\"https:\/\/schema.org\/ImageObject\" ><div class=\"avia-image-container-inner\"><div class=\"avia-image-overlay-wrap\"><a href=\"https:\/\/aulaabierta.arasaac.org\/de\/asterics-aac_anhang_b-ausblenden_von_elementen\" class='avia_image' ><img decoding=\"async\" class='wp-image-96479 avia-img-lazy-loading-not-96479 avia_image ' src=\"https:\/\/aulaabierta.arasaac.org\/wp-content\/uploads\/2016\/12\/before-80x80.png\" alt='' title='before'  height=\"80\" width=\"80\"  itemprop=\"thumbnailUrl\" srcset=\"https:\/\/aulaabierta.arasaac.org\/wp-content\/uploads\/2016\/12\/before-80x80.png 80w, https:\/\/aulaabierta.arasaac.org\/wp-content\/uploads\/2016\/12\/before-36x36.png 36w, https:\/\/aulaabierta.arasaac.org\/wp-content\/uploads\/2016\/12\/before-120x120.png 120w, https:\/\/aulaabierta.arasaac.org\/wp-content\/uploads\/2016\/12\/before.png 128w\" sizes=\"(max-width: 80px) 100vw, 80px\" \/><\/a><\/div><\/div><\/div><\/div>\n<div class='flex_column av-2acjjb3-72430572443564d7b3ecb332fff10556 av_one_fifth  avia-builder-el-6  el_after_av_one_fifth  el_before_av_one_fifth  flex_column_div column-top-margin'     ><\/div>\n<div class='flex_column av-5ueg0v-f5b4451085be42fd2a70550803012549 av_one_fifth  avia-builder-el-7  el_after_av_one_fifth  el_before_av_one_fifth  flex_column_div column-top-margin'     ><style type=\"text\/css\" data-created_by=\"avia_inline_auto\" id=\"style-css-av-l6ke1xda-f1b99bc859425e24e150db459a323688\">\n.avia-image-container.av-l6ke1xda-f1b99bc859425e24e150db459a323688 img.avia_image{\nbox-shadow:none;\n}\n.avia-image-container.av-l6ke1xda-f1b99bc859425e24e150db459a323688 .av-image-caption-overlay-center{\ncolor:#ffffff;\n}\n<\/style>\n<div  class='avia-image-container av-l6ke1xda-f1b99bc859425e24e150db459a323688 av-styling- avia-align-center  avia-builder-el-8  avia-builder-el-no-sibling '   itemprop=\"image\" itemscope=\"itemscope\" itemtype=\"https:\/\/schema.org\/ImageObject\" ><div class=\"avia-image-container-inner\"><div class=\"avia-image-overlay-wrap\"><a href=\"https:\/\/aulaabierta.arasaac.org\/de\/asterics-aac_startseite\" class='avia_image' ><img decoding=\"async\" class='wp-image-106723 avia-img-lazy-loading-not-106723 avia_image ' src=\"https:\/\/aulaabierta.arasaac.org\/wp-content\/uploads\/2022\/08\/casa-120x120-1-80x80.png\" alt='' title='casa-120x120'  height=\"80\" width=\"80\"  itemprop=\"thumbnailUrl\" srcset=\"https:\/\/aulaabierta.arasaac.org\/wp-content\/uploads\/2022\/08\/casa-120x120-1-80x80.png 80w, https:\/\/aulaabierta.arasaac.org\/wp-content\/uploads\/2022\/08\/casa-120x120-1-36x36.png 36w, https:\/\/aulaabierta.arasaac.org\/wp-content\/uploads\/2022\/08\/casa-120x120-1.png 120w\" sizes=\"(max-width: 80px) 100vw, 80px\" \/><\/a><\/div><\/div><\/div><\/div>\n<div class='flex_column av-126aqin-7a6e39193fa1262d0b61cdb616a4a062 av_one_fifth  avia-builder-el-9  el_after_av_one_fifth  el_before_av_one_fifth  flex_column_div column-top-margin'     ><\/div>\n<div class='flex_column av-w2yn9b-3822e7b37f6ad515aaaac5be5b29fec2 av_one_fifth  avia-builder-el-10  el_after_av_one_fifth  el_before_av_one_full  flex_column_div column-top-margin'     ><style type=\"text\/css\" data-created_by=\"avia_inline_auto\" id=\"style-css-av-l6kdzl6f-0e1e92a8525c196b73a6940b86672981\">\n.avia-image-container.av-l6kdzl6f-0e1e92a8525c196b73a6940b86672981 img.avia_image{\nbox-shadow:none;\n}\n.avia-image-container.av-l6kdzl6f-0e1e92a8525c196b73a6940b86672981 .av-image-caption-overlay-center{\ncolor:#ffffff;\n}\n<\/style>\n<div  class='avia-image-container av-l6kdzl6f-0e1e92a8525c196b73a6940b86672981 av-styling- avia-align-center  avia-builder-el-11  avia-builder-el-no-sibling '   itemprop=\"image\" itemscope=\"itemscope\" itemtype=\"https:\/\/schema.org\/ImageObject\" ><div class=\"avia-image-container-inner\"><div class=\"avia-image-overlay-wrap\"><a href=\"https:\/\/aulaabierta.arasaac.org\/de\/asterics-aac_annex-d-use-uppercase-lowercase-letters-communicator\" class='avia_image' ><img decoding=\"async\" class='wp-image-96480 avia-img-lazy-loading-not-96480 avia_image ' src=\"https:\/\/aulaabierta.arasaac.org\/wp-content\/uploads\/2016\/12\/next-80x80.png\" alt='' title='next'  height=\"80\" width=\"80\"  itemprop=\"thumbnailUrl\" srcset=\"https:\/\/aulaabierta.arasaac.org\/wp-content\/uploads\/2016\/12\/next-80x80.png 80w, https:\/\/aulaabierta.arasaac.org\/wp-content\/uploads\/2016\/12\/next-36x36.png 36w, https:\/\/aulaabierta.arasaac.org\/wp-content\/uploads\/2016\/12\/next-120x120.png 120w, https:\/\/aulaabierta.arasaac.org\/wp-content\/uploads\/2016\/12\/next.png 128w\" sizes=\"(max-width: 80px) 100vw, 80px\" \/><\/a><\/div><\/div><\/div><\/div>\n<div class='flex_column av-vtfpkv-8fb9bef4cb06de80cef16013e631f9a4 av_one_full  avia-builder-el-12  el_after_av_one_fifth  avia-builder-el-last  first flex_column_div column-top-margin'     ><\/div>\n","protected":false},"excerpt":{"rendered":"","protected":false},"author":5,"featured_media":106721,"parent":0,"menu_order":0,"comment_status":"open","ping_status":"open","template":"","meta":{"om_disable_all_campaigns":false,"_monsterinsights_skip_tracking":false,"_monsterinsights_sitenote_active":false,"_monsterinsights_sitenote_note":"","_monsterinsights_sitenote_category":0,"_uf_show_specific_survey":0,"_uf_disable_surveys":false,"footnotes":""},"class_list":["post-111445","page","type-page","status-publish","has-post-thumbnail","hentry"],"aioseo_notices":[],"_links":{"self":[{"href":"https:\/\/aulaabierta.arasaac.org\/de\/wp-json\/wp\/v2\/pages\/111445","targetHints":{"allow":["GET"]}}],"collection":[{"href":"https:\/\/aulaabierta.arasaac.org\/de\/wp-json\/wp\/v2\/pages"}],"about":[{"href":"https:\/\/aulaabierta.arasaac.org\/de\/wp-json\/wp\/v2\/types\/page"}],"author":[{"embeddable":true,"href":"https:\/\/aulaabierta.arasaac.org\/de\/wp-json\/wp\/v2\/users\/5"}],"replies":[{"embeddable":true,"href":"https:\/\/aulaabierta.arasaac.org\/de\/wp-json\/wp\/v2\/comments?post=111445"}],"version-history":[{"count":41,"href":"https:\/\/aulaabierta.arasaac.org\/de\/wp-json\/wp\/v2\/pages\/111445\/revisions"}],"predecessor-version":[{"id":145448,"href":"https:\/\/aulaabierta.arasaac.org\/de\/wp-json\/wp\/v2\/pages\/111445\/revisions\/145448"}],"wp:featuredmedia":[{"embeddable":true,"href":"https:\/\/aulaabierta.arasaac.org\/de\/wp-json\/wp\/v2\/media\/106721"}],"wp:attachment":[{"href":"https:\/\/aulaabierta.arasaac.org\/de\/wp-json\/wp\/v2\/media?parent=111445"}],"curies":[{"name":"wp","href":"https:\/\/api.w.org\/{rel}","templated":true}]}}