{"id":111463,"date":"2023-01-02T21:27:04","date_gmt":"2023-01-02T20:27:04","guid":{"rendered":"https:\/\/aulaabierta.arasaac.org\/comunicador-asterics-grid-anhang-e-kernvokabular-immer-sichtbar"},"modified":"2023-02-09T11:38:23","modified_gmt":"2023-02-09T10:38:23","slug":"comunicador-asterics-aac-anhang-e-kernvokabular-immer-sichtbar","status":"publish","type":"page","link":"https:\/\/aulaabierta.arasaac.org\/de\/comunicador-asterics-aac-anhang-e-kernvokabular-immer-sichtbar","title":{"rendered":"Asterics AAC Kommunikator &#8211; Anhang E \u2013 Kernvokabular \u2013 immer sichtbar"},"content":{"rendered":"\n<style type=\"text\/css\" data-created_by=\"avia_inline_auto\" id=\"style-css-av-laz01adv-6ed930f4eaf96a173623b811333ce1e4\">\n#top .av-special-heading.av-laz01adv-6ed930f4eaf96a173623b811333ce1e4{\npadding-bottom:10px;\n}\nbody .av-special-heading.av-laz01adv-6ed930f4eaf96a173623b811333ce1e4 .av-special-heading-tag .heading-char{\nfont-size:25px;\n}\n.av-special-heading.av-laz01adv-6ed930f4eaf96a173623b811333ce1e4 .av-subheading{\nfont-size:15px;\n}\n<\/style>\n<div  class='av-special-heading av-laz01adv-6ed930f4eaf96a173623b811333ce1e4 av-special-heading-h2  avia-builder-el-0  el_before_av_heading  avia-builder-el-first '><h2 class='av-special-heading-tag'  itemprop=\"headline\"  >ASTERICS AAC DYNAMISCHER KOMMUNIKATOR<\/h2><div class=\"special-heading-border\"><div class=\"special-heading-inner-border\"><\/div><\/div><\/div>\n\n<style type=\"text\/css\" data-created_by=\"avia_inline_auto\" id=\"style-css-av-laz02pxp-52115178c60fd393a07d828d39a58598\">\n#top .av-special-heading.av-laz02pxp-52115178c60fd393a07d828d39a58598{\npadding-bottom:10px;\n}\nbody .av-special-heading.av-laz02pxp-52115178c60fd393a07d828d39a58598 .av-special-heading-tag .heading-char{\nfont-size:25px;\n}\n.av-special-heading.av-laz02pxp-52115178c60fd393a07d828d39a58598 .av-subheading{\nfont-size:15px;\n}\n<\/style>\n<div  class='av-special-heading av-laz02pxp-52115178c60fd393a07d828d39a58598 av-special-heading-h2  avia-builder-el-1  el_after_av_heading  el_before_av_textblock '><h2 class='av-special-heading-tag'  itemprop=\"headline\"  >Anhang E \u2013 Kernvokabular \u2013 immer sichtbar <\/h2><div class=\"special-heading-border\"><div class=\"special-heading-inner-border\"><\/div><\/div><\/div>\n\n<style type=\"text\/css\" data-created_by=\"avia_inline_auto\" id=\"style-css-av-laz09lws-00bb3cd0513afc6aff2c352bc5d1f43f\">\n#top .av_textblock_section.av-laz09lws-00bb3cd0513afc6aff2c352bc5d1f43f .avia_textblock{\nfont-size:16px;\n}\n<\/style>\n<section  class='av_textblock_section av-laz09lws-00bb3cd0513afc6aff2c352bc5d1f43f'  itemscope=\"itemscope\" itemtype=\"https:\/\/schema.org\/CreativeWork\" ><div class='avia_textblock'  itemprop=\"text\" ><p>Wir haben bereits \u00fcber die Vielseitigkeit des <strong>AsTeRiCS-Grid<\/strong>-Kommunikators und die M\u00f6glichkeiten gesprochen, die er bietet, um den Kommunikator an die Eigenschaften, Kapazit\u00e4ten und Kommunikationsbed\u00fcrfnisse des Benutzers \/ der Benutzerin anzupassen.<\/p>\n<p>In diesem Tutorial werden wir eine Zeile des <strong>Kernvokabulars<\/strong> einf\u00fchren, die <strong>in allen Rastern des Benutzers \/ der Benutzerin<\/strong>, mit dem wir arbeiten, aktiv ist, wie im folgenden Screenshot gezeigt:<\/p>\n<p><img loading=\"lazy\" decoding=\"async\" class=\"aligncenter wp-image-110756\" src=\"https:\/\/aulaabierta.arasaac.org\/wp-content\/uploads\/2023\/01\/Comunicador-Asterics-pictogramas-ARASAAC-155_en.jpg\" alt=\"\" width=\"800\" height=\"445\" srcset=\"https:\/\/aulaabierta.arasaac.org\/wp-content\/uploads\/2023\/01\/Comunicador-Asterics-pictogramas-ARASAAC-155_en.jpg 1919w, https:\/\/aulaabierta.arasaac.org\/wp-content\/uploads\/2023\/01\/Comunicador-Asterics-pictogramas-ARASAAC-155_en-300x166.jpg 300w, https:\/\/aulaabierta.arasaac.org\/wp-content\/uploads\/2023\/01\/Comunicador-Asterics-pictogramas-ARASAAC-155_en-1030x572.jpg 1030w, https:\/\/aulaabierta.arasaac.org\/wp-content\/uploads\/2023\/01\/Comunicador-Asterics-pictogramas-ARASAAC-155_en-768x426.jpg 768w, https:\/\/aulaabierta.arasaac.org\/wp-content\/uploads\/2023\/01\/Comunicador-Asterics-pictogramas-ARASAAC-155_en-1536x852.jpg 1536w, https:\/\/aulaabierta.arasaac.org\/wp-content\/uploads\/2023\/01\/Comunicador-Asterics-pictogramas-ARASAAC-155_en-1500x832.jpg 1500w, https:\/\/aulaabierta.arasaac.org\/wp-content\/uploads\/2023\/01\/Comunicador-Asterics-pictogramas-ARASAAC-155_en-705x391.jpg 705w\" sizes=\"auto, (max-width: 800px) 100vw, 800px\" \/><\/p>\n<p>Bearbeiten Sie am Beispiel eines der vordefinierten Kommunikatoren das Raster (\u201e<strong>Bearbeiten ein<\/strong>&#8220; ) und klicken Sie dann oben rechts auf die Schaltfl\u00e4che \u201e<strong>Mehr<\/strong>\u201c und w\u00e4hlen Sie \u201e<strong>Globales Grid bearbeiten<\/strong>&#8220; .<\/p>\n<p><img loading=\"lazy\" decoding=\"async\" class=\"aligncenter wp-image-110762\" src=\"https:\/\/aulaabierta.arasaac.org\/wp-content\/uploads\/2023\/01\/Comunicador-Asterics-pictogramas-ARASAAC-156_en.jpg\" alt=\"\" width=\"800\" height=\"385\"><\/p>\n<p>Die n\u00e4chste Aufgabe ist sehr einfach. Wir m\u00fcssen nur <strong>in der zweiten Zeile<\/strong> des <strong>globalen Grids<\/strong> <strong>alle Elemente mit dem Kernvokabular<\/strong> einf\u00fcgen (also die, die wir als am Wichtigsten erachten), damit sie in allen Rastern der Benutzer erscheinen.<\/p>\n<p><img loading=\"lazy\" decoding=\"async\" class=\"aligncenter wp-image-110769\" src=\"https:\/\/aulaabierta.arasaac.org\/wp-content\/uploads\/2023\/01\/Comunicador-Asterics-pictogramas-ARASAAC-157_en.jpg\" alt=\"\" width=\"800\" height=\"383\"><\/p>\n<p>Wie in den Screenshots unten zu sehen ist, muss die Anzahl der Spalten des Kernvokabulars nicht unbedingt mit der Anzahl der Spalten der einzelnen Grids (Raster) \u00fcbereinstimmen, da sie automatisch f\u00fcr alle Grids angepasst wird.<\/p>\n<p><img loading=\"lazy\" decoding=\"async\" class=\"aligncenter wp-image-110775\" src=\"https:\/\/aulaabierta.arasaac.org\/wp-content\/uploads\/2023\/01\/Comunicador-Asterics-pictogramas-ARASAAC-158_en.jpg\" alt=\"\" width=\"800\" height=\"443\"><\/p>\n<p><img loading=\"lazy\" decoding=\"async\" class=\"aligncenter wp-image-110781\" src=\"https:\/\/aulaabierta.arasaac.org\/wp-content\/uploads\/2023\/01\/Comunicador-Asterics-pictogramas-ARASAAC-159_en.jpg\" alt=\"\" width=\"800\" height=\"442\" srcset=\"https:\/\/aulaabierta.arasaac.org\/wp-content\/uploads\/2023\/01\/Comunicador-Asterics-pictogramas-ARASAAC-159_en-300x166.jpg 300w, https:\/\/aulaabierta.arasaac.org\/wp-content\/uploads\/2023\/01\/Comunicador-Asterics-pictogramas-ARASAAC-159_en-705x391.jpg 705w\" sizes=\"auto, (max-width: 800px) 100vw, 800px\" \/><\/p>\n<p><img loading=\"lazy\" decoding=\"async\" class=\"aligncenter wp-image-110787\" src=\"https:\/\/aulaabierta.arasaac.org\/wp-content\/uploads\/2023\/01\/Comunicador-Asterics-pictogramas-ARASAAC-160_en.jpg\" alt=\"\" width=\"800\" height=\"443\"><\/p>\n<p><img loading=\"lazy\" decoding=\"async\" class=\"aligncenter wp-image-110793\" src=\"https:\/\/aulaabierta.arasaac.org\/wp-content\/uploads\/2023\/01\/Comunicador-Asterics-pictogramas-ARASAAC-161_en.jpg\" alt=\"\" width=\"800\" height=\"443\" srcset=\"https:\/\/aulaabierta.arasaac.org\/wp-content\/uploads\/2023\/01\/Comunicador-Asterics-pictogramas-ARASAAC-161_en.jpg 1919w, https:\/\/aulaabierta.arasaac.org\/wp-content\/uploads\/2023\/01\/Comunicador-Asterics-pictogramas-ARASAAC-161_en-300x166.jpg 300w, https:\/\/aulaabierta.arasaac.org\/wp-content\/uploads\/2023\/01\/Comunicador-Asterics-pictogramas-ARASAAC-161_en-1030x572.jpg 1030w, https:\/\/aulaabierta.arasaac.org\/wp-content\/uploads\/2023\/01\/Comunicador-Asterics-pictogramas-ARASAAC-161_en-768x426.jpg 768w, https:\/\/aulaabierta.arasaac.org\/wp-content\/uploads\/2023\/01\/Comunicador-Asterics-pictogramas-ARASAAC-161_en-1536x852.jpg 1536w, https:\/\/aulaabierta.arasaac.org\/wp-content\/uploads\/2023\/01\/Comunicador-Asterics-pictogramas-ARASAAC-161_en-1500x832.jpg 1500w, https:\/\/aulaabierta.arasaac.org\/wp-content\/uploads\/2023\/01\/Comunicador-Asterics-pictogramas-ARASAAC-161_en-705x391.jpg 705w\" sizes=\"auto, (max-width: 800px) 100vw, 800px\" \/><\/p>\n<\/div><\/section>\n<div class='flex_column av-xny9yjd-e7060aa5b59a9ef5a1ba93ca7df34c66 av_one_fifth  avia-builder-el-3  el_after_av_textblock  el_before_av_one_fifth  first flex_column_div column-top-margin'     ><style type=\"text\/css\" data-created_by=\"avia_inline_auto\" id=\"style-css-av-2w9wel5-9361947a10dfe6a2d0a79baa4033d657\">\n.avia-image-container.av-2w9wel5-9361947a10dfe6a2d0a79baa4033d657 img.avia_image{\nbox-shadow:none;\n}\n.avia-image-container.av-2w9wel5-9361947a10dfe6a2d0a79baa4033d657 .av-image-caption-overlay-center{\ncolor:#ffffff;\n}\n<\/style>\n<div  class='avia-image-container av-2w9wel5-9361947a10dfe6a2d0a79baa4033d657 av-styling- avia-align-center  avia-builder-el-4  avia-builder-el-no-sibling '   itemprop=\"image\" itemscope=\"itemscope\" itemtype=\"https:\/\/schema.org\/ImageObject\" ><div class=\"avia-image-container-inner\"><div class=\"avia-image-overlay-wrap\"><a href=\"https:\/\/aulaabierta.arasaac.org\/de\/asterics-aac_annex-d-use-uppercase-lowercase-letters-communicator\" class='avia_image' ><img decoding=\"async\" class='wp-image-96479 avia-img-lazy-loading-not-96479 avia_image ' src=\"https:\/\/aulaabierta.arasaac.org\/wp-content\/uploads\/2016\/12\/before-80x80.png\" alt='' title='before'  height=\"80\" width=\"80\"  itemprop=\"thumbnailUrl\" srcset=\"https:\/\/aulaabierta.arasaac.org\/wp-content\/uploads\/2016\/12\/before-80x80.png 80w, https:\/\/aulaabierta.arasaac.org\/wp-content\/uploads\/2016\/12\/before-36x36.png 36w, https:\/\/aulaabierta.arasaac.org\/wp-content\/uploads\/2016\/12\/before-120x120.png 120w, https:\/\/aulaabierta.arasaac.org\/wp-content\/uploads\/2016\/12\/before.png 128w\" sizes=\"(max-width: 80px) 100vw, 80px\" \/><\/a><\/div><\/div><\/div><\/div>\n<div class='flex_column av-otnpdw9-ddf917b810dcadc6c71dcb1cb7d307fa av_one_fifth  avia-builder-el-5  el_after_av_one_fifth  el_before_av_one_fifth  flex_column_div column-top-margin'     ><\/div>\n<div class='flex_column av-l0sdzfd-ebbeddba01c9e4ce6d54916791b81761 av_one_fifth  avia-builder-el-6  el_after_av_one_fifth  el_before_av_one_fifth  flex_column_div column-top-margin'     ><style type=\"text\/css\" data-created_by=\"avia_inline_auto\" id=\"style-css-av-laz2gjbf-d7aae1250ad7d2b1ba567f7b1d5ef41c\">\n.avia-image-container.av-laz2gjbf-d7aae1250ad7d2b1ba567f7b1d5ef41c img.avia_image{\nbox-shadow:none;\n}\n.avia-image-container.av-laz2gjbf-d7aae1250ad7d2b1ba567f7b1d5ef41c .av-image-caption-overlay-center{\ncolor:#ffffff;\n}\n<\/style>\n<div  class='avia-image-container av-laz2gjbf-d7aae1250ad7d2b1ba567f7b1d5ef41c av-styling- avia-align-center  avia-builder-el-7  avia-builder-el-no-sibling '   itemprop=\"image\" itemscope=\"itemscope\" itemtype=\"https:\/\/schema.org\/ImageObject\" ><div class=\"avia-image-container-inner\"><div class=\"avia-image-overlay-wrap\"><a href=\"https:\/\/aulaabierta.arasaac.org\/de\/asterics-aac_startseite\" class='avia_image' ><img decoding=\"async\" class='wp-image-106723 avia-img-lazy-loading-not-106723 avia_image ' src=\"https:\/\/aulaabierta.arasaac.org\/wp-content\/uploads\/2022\/08\/casa-120x120-1-80x80.png\" alt='' title='casa-120x120'  height=\"80\" width=\"80\"  itemprop=\"thumbnailUrl\" srcset=\"https:\/\/aulaabierta.arasaac.org\/wp-content\/uploads\/2022\/08\/casa-120x120-1-80x80.png 80w, https:\/\/aulaabierta.arasaac.org\/wp-content\/uploads\/2022\/08\/casa-120x120-1-36x36.png 36w, https:\/\/aulaabierta.arasaac.org\/wp-content\/uploads\/2022\/08\/casa-120x120-1.png 120w\" sizes=\"(max-width: 80px) 100vw, 80px\" \/><\/a><\/div><\/div><\/div><\/div><div class='flex_column av-h2qpwm1-8cbe4e0cc2f42f3a81f0bb56501e8c0a av_one_fifth  avia-builder-el-8  el_after_av_one_fifth  el_before_av_one_fifth  flex_column_div column-top-margin'     ><\/div><\/p>\n<div class='flex_column av-ay09di1-68fac7af3e2d116dd6cd1d4ff1b394f7 av_one_fifth  avia-builder-el-9  el_after_av_one_fifth  el_before_av_one_full  flex_column_div column-top-margin'     ><style type=\"text\/css\" data-created_by=\"avia_inline_auto\" id=\"style-css-av-laz2rrbc-f24fdb6403093f6a6166ea77c741addf\">\n.avia-image-container.av-laz2rrbc-f24fdb6403093f6a6166ea77c741addf img.avia_image{\nbox-shadow:none;\n}\n.avia-image-container.av-laz2rrbc-f24fdb6403093f6a6166ea77c741addf .av-image-caption-overlay-center{\ncolor:#ffffff;\n}\n<\/style>\n<div  class='avia-image-container av-laz2rrbc-f24fdb6403093f6a6166ea77c741addf av-styling- avia-align-center  avia-builder-el-10  avia-builder-el-no-sibling '   itemprop=\"image\" itemscope=\"itemscope\" itemtype=\"https:\/\/schema.org\/ImageObject\" ><div class=\"avia-image-container-inner\"><div class=\"avia-image-overlay-wrap\"><a href=\"https:\/\/aulaabierta.arasaac.org\/de\/communicator-asterics-aac-anhang-f-kernvokabular-immer-sichtbar-linke-seite\" class='avia_image' ><img decoding=\"async\" class='wp-image-96480 avia-img-lazy-loading-not-96480 avia_image ' src=\"https:\/\/aulaabierta.arasaac.org\/wp-content\/uploads\/2016\/12\/next-80x80.png\" alt='' title='next'  height=\"80\" width=\"80\"  itemprop=\"thumbnailUrl\" srcset=\"https:\/\/aulaabierta.arasaac.org\/wp-content\/uploads\/2016\/12\/next-80x80.png 80w, https:\/\/aulaabierta.arasaac.org\/wp-content\/uploads\/2016\/12\/next-36x36.png 36w, https:\/\/aulaabierta.arasaac.org\/wp-content\/uploads\/2016\/12\/next-120x120.png 120w, https:\/\/aulaabierta.arasaac.org\/wp-content\/uploads\/2016\/12\/next.png 128w\" sizes=\"(max-width: 80px) 100vw, 80px\" \/><\/a><\/div><\/div><\/div><\/div><div class='flex_column av-6cnpjbt-35a8422dac3822e502c82d468cd21ee5 av_one_full  avia-builder-el-11  el_after_av_one_fifth  avia-builder-el-last  first flex_column_div column-top-margin'     ><\/div><\/p>\n","protected":false},"excerpt":{"rendered":"","protected":false},"author":5,"featured_media":0,"parent":0,"menu_order":0,"comment_status":"closed","ping_status":"closed","template":"","meta":{"om_disable_all_campaigns":false,"_monsterinsights_skip_tracking":false,"_monsterinsights_sitenote_active":false,"_monsterinsights_sitenote_note":"","_monsterinsights_sitenote_category":0,"_uf_show_specific_survey":0,"_uf_disable_surveys":false,"footnotes":""},"class_list":["post-111463","page","type-page","status-publish","hentry"],"aioseo_notices":[],"_links":{"self":[{"href":"https:\/\/aulaabierta.arasaac.org\/de\/wp-json\/wp\/v2\/pages\/111463","targetHints":{"allow":["GET"]}}],"collection":[{"href":"https:\/\/aulaabierta.arasaac.org\/de\/wp-json\/wp\/v2\/pages"}],"about":[{"href":"https:\/\/aulaabierta.arasaac.org\/de\/wp-json\/wp\/v2\/types\/page"}],"author":[{"embeddable":true,"href":"https:\/\/aulaabierta.arasaac.org\/de\/wp-json\/wp\/v2\/users\/5"}],"replies":[{"embeddable":true,"href":"https:\/\/aulaabierta.arasaac.org\/de\/wp-json\/wp\/v2\/comments?post=111463"}],"version-history":[{"count":28,"href":"https:\/\/aulaabierta.arasaac.org\/de\/wp-json\/wp\/v2\/pages\/111463\/revisions"}],"predecessor-version":[{"id":145456,"href":"https:\/\/aulaabierta.arasaac.org\/de\/wp-json\/wp\/v2\/pages\/111463\/revisions\/145456"}],"wp:attachment":[{"href":"https:\/\/aulaabierta.arasaac.org\/de\/wp-json\/wp\/v2\/media?parent=111463"}],"curies":[{"name":"wp","href":"https:\/\/api.w.org\/{rel}","templated":true}]}}