{"id":111499,"date":"2023-01-10T19:40:27","date_gmt":"2023-01-10T18:40:27","guid":{"rendered":"https:\/\/aulaabierta.arasaac.org\/asterics-grid-grids-und-backups-verwalten"},"modified":"2023-02-09T11:38:29","modified_gmt":"2023-02-09T10:38:29","slug":"asterics-aac-grids-und-backups-verwalten","status":"publish","type":"page","link":"https:\/\/aulaabierta.arasaac.org\/de\/asterics-aac-grids-und-backups-verwalten","title":{"rendered":"Asterics AAC Kommunikator &#8211; 17 &#8211; Grids und Backups verwalten"},"content":{"rendered":"\n<style type=\"text\/css\" data-created_by=\"avia_inline_auto\" id=\"style-css-av-g02wp-2e423cafcf76d599657ad9c77cf54bae\">\n#top .av-special-heading.av-g02wp-2e423cafcf76d599657ad9c77cf54bae{\npadding-bottom:0;\n}\nbody .av-special-heading.av-g02wp-2e423cafcf76d599657ad9c77cf54bae .av-special-heading-tag .heading-char{\nfont-size:25px;\n}\n.av-special-heading.av-g02wp-2e423cafcf76d599657ad9c77cf54bae .av-subheading{\nfont-size:15px;\n}\n<\/style>\n<div  class='av-special-heading av-g02wp-2e423cafcf76d599657ad9c77cf54bae av-special-heading-h2  avia-builder-el-0  el_before_av_heading  avia-builder-el-first '><h2 class='av-special-heading-tag'  itemprop=\"headline\"  >Asterics AAC Dynamischer Kommunikator<\/h2><div class=\"special-heading-border\"><div class=\"special-heading-inner-border\"><\/div><\/div><\/div>\n\n<style type=\"text\/css\" data-created_by=\"avia_inline_auto\" id=\"style-css-av-ni55eh-73cbe8c3553082efdba31ae77a70a9b7\">\n#top .av-special-heading.av-ni55eh-73cbe8c3553082efdba31ae77a70a9b7{\npadding-bottom:0;\n}\nbody .av-special-heading.av-ni55eh-73cbe8c3553082efdba31ae77a70a9b7 .av-special-heading-tag .heading-char{\nfont-size:25px;\n}\n.av-special-heading.av-ni55eh-73cbe8c3553082efdba31ae77a70a9b7 .av-subheading{\nfont-size:15px;\n}\n<\/style>\n<div  class='av-special-heading av-ni55eh-73cbe8c3553082efdba31ae77a70a9b7 av-special-heading-h2  avia-builder-el-1  el_after_av_heading  el_before_av_hr '><h2 class='av-special-heading-tag'  itemprop=\"headline\"  >17 &#8211; Startmen\u00fc &#8211; Grids und Backups verwalten<\/h2><div class=\"special-heading-border\"><div class=\"special-heading-inner-border\"><\/div><\/div><\/div>\n<div  class='hr av-1xuuvq1-393dfb2875eb754745437743a42c7033 hr-default  avia-builder-el-2  el_after_av_heading  el_before_av_textblock '><span class='hr-inner '><span class=\"hr-inner-style\"><\/span><\/span><\/div>\n\n<style type=\"text\/css\" data-created_by=\"avia_inline_auto\" id=\"style-css-av-l7cxlhkl-2e84e67709c40e9df4733b99b8b2ea31\">\n#top .av_textblock_section.av-l7cxlhkl-2e84e67709c40e9df4733b99b8b2ea31 .avia_textblock{\nfont-size:16px;\n}\n<\/style>\n<section  class='av_textblock_section av-l7cxlhkl-2e84e67709c40e9df4733b99b8b2ea31'  itemscope=\"itemscope\" itemtype=\"https:\/\/schema.org\/CreativeWork\" ><div class='avia_textblock'  itemprop=\"text\" ><h3>Grid Details<\/h3>\n<p>\u00dcber den Abschnitt &#8222;<strong>Grids verwalten<\/strong>&#8220; im <strong>Startmen\u00fc<\/strong> k\u00f6nnen Sie <strong>alle Grids in Ihrem Kommunikator verwalten<\/strong>: alle Grids anzeigen, neue Grids erstellen, Grids l\u00f6schen, Sicherungskopien (Backups) erstellen, das globale Grid aktivieren sowie weitere Funktionen.<\/p>\n<p><img loading=\"lazy\" decoding=\"async\" class=\"alignnone wp-image-95569 size-full\" src=\"https:\/\/aulaabierta.arasaac.org\/wp-content\/uploads\/2023\/01\/Comunicador-Asterics-pictogramas-ARASAAC-121_en.jpg\" alt=\"\" width=\"1600\" height=\"900\"><\/p>\n<p>Oben rechts befindet sich die Schaltfl\u00e4che &#8222;<strong>+Neues Grid<\/strong>&#8220; und die Schaltfl\u00e4che &#8222;<strong>Mehr<\/strong>&#8220; , dessen Optionen am Ende dieses Tutorials erl\u00e4utert werden.<\/p>\n<p>Unterhalb des aktiven Grids finden Sie verschiedene Optionen f\u00fcr das aktuelle Grid: <strong>&#8222;\u00d6ffnen&#8220;, &#8222;Bearbeiten&#8220;, &#8222;Duplizieren&#8220;, &#8222;L\u00f6schen&#8220;, &#8222;Exportieren&#8220; und &#8222;Als PDF speichern&#8220;<\/strong>.<\/p>\n<p>Es handelt sich dabei um g\u00e4ngige Optionen, wobei die Option zum <strong>Exportieren<\/strong> des aktuellen Rasters besonders hervorzuheben ist. Diese Option wird auch angezeigt, wenn Sie auf die Schaltfl\u00e4che <strong>&#8222;mehr&#8220;<\/strong> klicken, daher wird sie am Ende des Tutorials erl\u00e4utert.<\/p>\n<p>Mit der Option &#8222;<strong>Als PDF speichern<\/strong>&#8220; k\u00f6nnen Sie die Grid(s) im PDF Format speichern. Auf diese Weise k\u00f6nnen wir eine gedruckte Version unseres Grids\/unserer Grids mit denselben Optionen haben, mit denen es konfiguriert ist.<\/p>\n<p><img loading=\"lazy\" decoding=\"async\" class=\"alignnone wp-image-95575 size-full\" src=\"https:\/\/aulaabierta.arasaac.org\/wp-content\/uploads\/2023\/01\/Comunicador-Asterics-pictogramas-ARASAAC-123_en.jpg\" alt=\"\" width=\"1182\" height=\"600\"><\/p>\n<p>Wie auf dem Screenshot zu sehen ist, k\u00f6nnen wir nur das aktuelle Grid herunterladen oder <label for=\"exportConnected\" data-v-7e9d09ff=\"\"><strong>alle untergeordneten Grids exportieren<\/strong><\/label>, die mit diesem Grid verkn\u00fcpft sind, und sogar die <strong>Verkn\u00fcpfung zwischen den Seiten<\/strong> aller verkn\u00fcpften Grids anzeigen. Wir k\u00f6nnen auch die <strong>Hintergrundfarbe<\/strong> (der Zellen) und den <strong>Index (Griffregister) am Seitenrand drucken<\/strong>.<\/p>\n<p>Wir empfehlen Ihnen zun\u00e4chst, verschiedene Varianten auszuprobieren, indem Sie verschiedene Optionen im PDF-Format speichern, um zu pr\u00fcfen, was mit dabei geschieht. Oft wird &#8222;<strong>Hintergrundfarbe drucken<\/strong>&#8220; ausgew\u00e4hlt, wie im folgenden Screenshot zu sehen ist.<\/p>\n<p><img loading=\"lazy\" decoding=\"async\" class=\"alignnone wp-image-95621 size-full\" src=\"https:\/\/aulaabierta.arasaac.org\/wp-content\/uploads\/2023\/01\/Comunicador-Asterics-pictogramas-ARASAAC-124-1_en.jpg\" alt=\"\" width=\"1242\" height=\"877\"><\/p>\n<\/div><\/section>\n<div  class='hr av-1jmcy6x-b84bf60e95692eba5c985a3d23e11b5d hr-default  avia-builder-el-4  el_after_av_textblock  el_before_av_textblock '><span class='hr-inner '><span class=\"hr-inner-style\"><\/span><\/span><\/div>\n\n<style type=\"text\/css\" data-created_by=\"avia_inline_auto\" id=\"style-css-av-l7obwt6e-ac3545475590d6da7bca0dc2f8079e60\">\n#top .av_textblock_section.av-l7obwt6e-ac3545475590d6da7bca0dc2f8079e60 .avia_textblock{\nfont-size:16px;\n}\n<\/style>\n<section  class='av_textblock_section av-l7obwt6e-ac3545475590d6da7bca0dc2f8079e60'  itemscope=\"itemscope\" itemtype=\"https:\/\/schema.org\/CreativeWork\" ><div class='avia_textblock'  itemprop=\"text\" ><h3>Grid-Liste<\/h3>\n<p>Unterhalb des aktuellen Grids befindet sich die <strong>Grid-Liste<\/strong> unseres Kommunikators. In dieser Liste k\u00f6nnen wir zwischen drei Optionen w\u00e4hlen, welche Grids des Benutzers angezeigt werden sollen:<\/p>\n<ul>\n<li><strong>Alle Grids<\/strong><\/li>\n<li><strong>mit &#8222;Home-board&#8220; verbundenen Grids<\/strong> oder<\/li>\n<li><strong>Nicht erreichbare Grids<\/strong><\/li>\n<\/ul>\n<p><img loading=\"lazy\" decoding=\"async\" class=\"alignnone wp-image-95587 size-full\" src=\"https:\/\/aulaabierta.arasaac.org\/wp-content\/uploads\/2023\/01\/Comunicador-Asterics-pictogramas-ARASAAC-125_en.jpg\" alt=\"\" width=\"1600\" height=\"900\">Wir k\u00f6nnen die Grids auch <strong>nach Text (alphabetisch)<\/strong> und <strong>nach Anzahl an Verbindungen ordnen<\/strong>. In der Regel werden wir die erste Option h\u00e4ufiger verwenden.<\/p>\n<p>Unten rechts in den einzelnen Grids befindet sich ein Symbol mit drei Punkten, wo dieselben Aktionen ausgef\u00fchrt werden k\u00f6nnen, die wir oben erl\u00e4utert haben und im Abschnitt &#8222;<strong>Details f\u00fcr Grid &#8222;&#8230;&#8220;<\/strong> &#8220; zu finden sind.<\/p>\n<\/div><\/section>\n<div  class='hr av-4liemx-e4a1832a18447fc551df2193a2e1f2fd hr-default  avia-builder-el-6  el_after_av_textblock  el_before_av_textblock '><span class='hr-inner '><span class=\"hr-inner-style\"><\/span><\/span><\/div>\n\n<style type=\"text\/css\" data-created_by=\"avia_inline_auto\" id=\"style-css-av-l7ocm3hf-5be071a35218cf3d2632b87304b6ed06\">\n#top .av_textblock_section.av-l7ocm3hf-5be071a35218cf3d2632b87304b6ed06 .avia_textblock{\nfont-size:16px;\n}\n<\/style>\n<section  class='av_textblock_section av-l7ocm3hf-5be071a35218cf3d2632b87304b6ed06'  itemscope=\"itemscope\" itemtype=\"https:\/\/schema.org\/CreativeWork\" ><div class='avia_textblock'  itemprop=\"text\" ><h3>Globales Grid<\/h3>\n<p>Unten auf der Seite finden Sie die Optionen f\u00fcr das <strong>globale Grid<\/strong>. Obwohl wir dies bereits im vorherigen Kapitel erl\u00e4utert haben, wiederholen wir es hier noch einmal.<\/p>\n<p>In diesem Abschnitt k\u00f6nnen wir <label class=\"four columns\" for=\"selectHomeGrid\" data-v-dd9feaca=\"\">&#8222;<strong>das Start-Grid f\u00fcr die Erstellung des globalen Grids ausw\u00e4hlen<\/strong>&#8220; . Dieses Start-Grid wird mit dem globalen Grid verkn\u00fcpft, sobald das globale Gitter mit der Schaltfl\u00e4che &#8222;Globales Gitter auf Standard zur\u00fccksetzen&#8220; erstellt wurde.<\/label> <\/p>\n<p>Wir k\u00f6nnen das globale Grid auch <strong>de-\/aktivieren, bearbeiten<\/strong> oder <strong>auf die Standardeinstellungen zur\u00fccksetzen<\/strong>. Denken Sie daran, dass dieses Raster hinter den Kommunikationsrastern erscheint und die kumulative Phrase (Sammelelement) zusammen mit den verschiedenen Aktionen, die mit dieser Phrase verbunden sind, anzeigt.<\/p>\n<p><img loading=\"lazy\" decoding=\"async\" class=\"alignnone wp-image-95504 size-full\" src=\"https:\/\/aulaabierta.arasaac.org\/wp-content\/uploads\/2023\/01\/Comunicador-Asterics-pictogramas-ARASAAC-112_en.jpg\" alt=\"\" width=\"1543\" height=\"667\"><\/p>\n<\/div><\/section>\n<div  class='hr av-25mtqx-ee75017dfa2c3df929910132e4bf48ff hr-default  avia-builder-el-8  el_after_av_textblock  el_before_av_textblock '><span class='hr-inner '><span class=\"hr-inner-style\"><\/span><\/span><\/div>\n\n<style type=\"text\/css\" data-created_by=\"avia_inline_auto\" id=\"style-css-av-l7ohu8xg-5931fe0c29aa00003cd78ae7c5584a15\">\n#top .av_textblock_section.av-l7ohu8xg-5931fe0c29aa00003cd78ae7c5584a15 .avia_textblock{\nfont-size:16px;\n}\n<\/style>\n<section  class='av_textblock_section av-l7ohu8xg-5931fe0c29aa00003cd78ae7c5584a15'  itemscope=\"itemscope\" itemtype=\"https:\/\/schema.org\/CreativeWork\" ><div class='avia_textblock'  itemprop=\"text\" ><h3>Schaltfl\u00e4che &#8222;mehr&#8220;<\/h3>\n<p>Schlie\u00dflich haben wir die M\u00f6glichkeit, eine weitere Reihe von Aktionen durchzuf\u00fchren, indem wir auf die Schaltfl\u00e4che &#8222;<strong>mehr<\/strong>&#8220; oben rechts klicken.<\/p>\n<p><img loading=\"lazy\" decoding=\"async\" class=\"alignnone wp-image-95595 size-full\" src=\"https:\/\/aulaabierta.arasaac.org\/wp-content\/uploads\/2023\/01\/Comunicador-Asterics-pictogramas-ARASAAC-126_en.jpg\" alt=\"\" width=\"1600\" height=\"900\"><\/p>\n<p>Diese Aktionen lassen sich wie folgt zusammenfassen:<\/p>\n<p>1- <strong>Neues Grid<\/strong> erstellen<\/p>\n<p>2- <strong>Backup des gesamten Kommunikators speichern (&#8222;Backup als Datei speichern&#8220;)<\/strong>: erm\u00f6glicht es Ihnen, ein Backup des aktiven Benutzers zu speichern und auf ein anderes Ger\u00e4t zu exportieren. In diesem Fall wird automatisch eine Datei namens <strong>asterics-aac-backup.grd<\/strong> heruntergeladen, die wir umbenennen k\u00f6nnen, um den Inhalt der Kopie leichter identifizieren zu k\u00f6nnen.<\/p>\n<p>Beachten Sie, dass beim <strong>Importieren des Backups alle Kommunikator-Boards des Benutzers gel\u00f6scht werden<\/strong>.<\/p>\n<p>Diese Option ist interessant, um immer ein aktuelles Backup aller unserer Benutzer zu haben.<\/p>\n<p>3- <strong>Benutzerdefinierte Daten als Datei speichern<\/strong>: Erm\u00f6glicht es Ihnen, eine Sicherungskopie (Backup) eines Grids und sogar der verkn\u00fcpften Grids zu speichern. Mit dieser Option k\u00f6nnen Sie die zu exportierenden Daten individuell anpassen.<\/p>\n<p><img loading=\"lazy\" decoding=\"async\" class=\"alignnone wp-image-95607 size-full\" src=\"https:\/\/aulaabierta.arasaac.org\/wp-content\/uploads\/2023\/01\/Comunicador-Asterics-pictogramas-ARASAAC-127_en.jpg\" alt=\"\" width=\"1180\" height=\"565\"><\/p>\n<ul>\n<li><strong>Grid ausw\u00e4hlen<\/strong>: Hier k\u00f6nnen Sie ausw\u00e4hlen, ob Sie ein bestimmtes Grid oder alle verf\u00fcgbaren Grids exportieren m\u00f6chten.<\/li>\n<li><strong>Sprachen exportieren<\/strong>: Wenn Sie mit einem Kommunikator mit mehreren Sprachen arbeiten, k\u00f6nnen wir alle Sprachen exportieren, in die der Kommunikator \u00fcbersetzt ist, oder nur eine von ihnen.<\/li>\n<li><strong>W\u00f6rterb\u00fccher exportieren<\/strong>: Es wird empfohlen, diese Option nur zu aktivieren, wenn Sie die Kopie auf einen Computer ohne Internetverbindung importieren wollen, da die Einbeziehung von W\u00f6rterb\u00fcchern die Gr\u00f6\u00dfe der Sicherungskopie erh\u00f6ht. Es ist einfacher, die erforderlichen W\u00f6rterb\u00fccher erst in dem Moment zu installieren, in dem wir die Sicherungskopie in das von uns verwendete Ger\u00e4te importieren.<\/li>\n<li><strong>Benutzereinstellungen und Eingabekonfiguration exportieren<\/strong>: Diese Option sollte aktiviert werden, wenn Sie eine Sicherungskopie eines bestimmten Kommunikators f\u00fcr einen bestimmten Benutzer machen m\u00f6chten, da die Einstellungen f\u00fcr Kommunikator und Zellenfarbe, Textumwandlung, Inhaltssprache oder Eingabeeinstellungen (Scannen oder direkte Auswahl) erhalten bleiben. Wenn wir eine neutralere Kopie erstellen wollen, die f\u00fcr verschiedene Benutzer g\u00fcltig ist, aktivieren wir diese Option nicht.<\/li>\n<li><strong>Globales Grid exportieren<\/strong>: Es ist ratsam, diese Option zu aktivieren, wenn wir das globale Grid und die Standardkonfiguration oder diejenige, die wir beim Wiederherstellen der Kopie verwenden, beibehalten wollen. Wenn wir das globale Grid nicht verwenden oder planen, verschiedene globale Grids auf den Ger\u00e4ten zu erstellen, auf denen wir es wiederherstellen, aktivieren wir es nicht.<\/li>\n<\/ul>\n<p>4- <strong>Grids als PDF speichern<\/strong>: erm\u00f6glicht es Ihnen, das aktuelle Grid oder alle Grids im PDF Format zu speichern, um sie sp\u00e4ter zu drucken.<\/p>\n<p>5- <strong>Sicherung aus Datei wiederherstellen<\/strong>: Mit dieser Option k\u00f6nnen wir eine Sicherung mit der Erweiterung .grd auf unserem Ger\u00e4t importieren. Beim Importieren warnt uns die Anwendung, dass die gesamte aktuelle Konfiguration durch eine Sicherungskopie (Backup) ersetzt wird.<\/p>\n<p><img loading=\"lazy\" decoding=\"async\" class=\"alignnone wp-image-95712 size-full\" src=\"https:\/\/aulaabierta.arasaac.org\/wp-content\/uploads\/2023\/01\/restore_backup_1_en.jpg\" alt=\"\" width=\"1919\" height=\"561\"><\/p>\n<p>6- <strong>Benutzerdefinierte Daten aus Datei importieren<\/strong>: Erm\u00f6glicht es Ihnen, die Datei mit der Kopie der personalisierten Daten zu importieren, die wir mit der oben beschriebenen Option gespeichert haben.<\/p>\n<p><img loading=\"lazy\" decoding=\"async\" class=\"alignnone wp-image-95612 size-full\" src=\"https:\/\/aulaabierta.arasaac.org\/wp-content\/uploads\/2023\/01\/Comunicador-Asterics-pictogramas-ARASAAC-128_en.jpg\" alt=\"\" width=\"1182\" height=\"437\"><\/p>\n<p>W\u00e4hlen Sie zun\u00e4chst die zu importierende Sicherungsdatei (.grd) aus, indem Sie auf &#8222;<strong>Datei ausw\u00e4hlen<\/strong>&#8220; klicken. Nach der Auswahl informiert uns das System \u00fcber die in dieser Kopie enthaltenen Daten (58 Raster, 1 W\u00f6rterbuch sowie die Benutzer- und Eingabekonfiguration). Falls erforderlich, k\u00f6nnen wir den Import des W\u00f6rterbuchs oder der Benutzereinstellungen aktivieren oder deaktivieren.<\/p>\n<p>Wenn Sie die Option &#8222;<strong>Bestehende Daten vor dem Import l\u00f6schen<\/strong>&#8220; aktivieren, wird eine Wiederherstellung durchgef\u00fchrt, ohne dass die vorhandene Konfiguration erhalten bleibt (wie bei der Option Backup wiederherstellen). Wenn diese Option nicht aktiviert ist, werden die neu importierten Grids zu den bereits in der Konfiguration vorhandenen hinzugef\u00fcgt.<\/p>\n<p><img loading=\"lazy\" decoding=\"async\" class=\"alignnone wp-image-95717 size-full\" src=\"https:\/\/aulaabierta.arasaac.org\/wp-content\/uploads\/2023\/01\/restore_backup_2_en.jpg\" alt=\"\" width=\"1055\" height=\"543\"><\/p>\n<p>7- <strong>Auf Standardkonfiguration zur\u00fccksetzen<\/strong>: Erm\u00f6glicht das vollst\u00e4ndige L\u00f6schen der aktuellen Konfiguration und die R\u00fcckkehr zum Kommunikator-Zugangsbildschirm, wo Sie einen neuen Kommunikator erstellen, einen vordefinierten Kommunikator importieren oder eine Sicherungskopie importieren k\u00f6nnen.<\/p>\n<\/div><\/section>\n<div  class='hr av-3x5rzt-72dee43f9ccd9e7ed5fdc353c20e6844 hr-default  avia-builder-el-10  el_after_av_textblock  el_before_av_heading '><span class='hr-inner '><span class=\"hr-inner-style\"><\/span><\/span><\/div>\n\n<style type=\"text\/css\" data-created_by=\"avia_inline_auto\" id=\"style-css-av-l7on6890-dfb4b385f9351782ef2661ed6fee74f1\">\n#top .av-special-heading.av-l7on6890-dfb4b385f9351782ef2661ed6fee74f1{\npadding-bottom:10px;\ncolor:#b02b2c;\n}\nbody .av-special-heading.av-l7on6890-dfb4b385f9351782ef2661ed6fee74f1 .av-special-heading-tag .heading-char{\nfont-size:25px;\npadding-bottom:10px;\n}\n.av-special-heading.av-l7on6890-dfb4b385f9351782ef2661ed6fee74f1 .special-heading-inner-border{\nborder-color:#b02b2c;\n}\n.av-special-heading.av-l7on6890-dfb4b385f9351782ef2661ed6fee74f1 .av-subheading{\nfont-size:15px;\n}\n<\/style>\n<div  class='av-special-heading av-l7on6890-dfb4b385f9351782ef2661ed6fee74f1 av-special-heading-h3 custom-color-heading blockquote elegant-quote elegant-centered  avia-builder-el-11  el_after_av_hr  el_before_av_heading  av-linked-heading av-icon'><h3 class='av-special-heading-tag'  itemprop=\"headline\"  ><a class=\"av-heading-link\" href=\"https:\/\/aulaabierta.arasaac.org\/asterics-aac_tablero-principal-y-tablero-global\"><span class='heading-char avia-font-entypo-fontello' aria-hidden='true' data-av_icon='\ue818' data-av_iconfont='entypo-fontello'><\/span><span class=\"heading-wrap\">Weitere Informationen \u00fcber <span class='special_amp'>&#8222;<\/span>Hauptgrid und Globales Grid<span class='special_amp'>&#8220;<\/span><\/span><\/a><\/h3><div class=\"special-heading-border\"><div class=\"special-heading-inner-border\"><\/div><\/div><\/div>\n\n<style type=\"text\/css\" data-created_by=\"avia_inline_auto\" id=\"style-css-av-l7on6vr7-9283e227cd633534cd9b68f326ebe505\">\n#top .av-special-heading.av-l7on6vr7-9283e227cd633534cd9b68f326ebe505{\npadding-bottom:10px;\ncolor:#b02b2c;\n}\nbody .av-special-heading.av-l7on6vr7-9283e227cd633534cd9b68f326ebe505 .av-special-heading-tag .heading-char{\nfont-size:25px;\npadding-bottom:10px;\n}\n.av-special-heading.av-l7on6vr7-9283e227cd633534cd9b68f326ebe505 .special-heading-inner-border{\nborder-color:#b02b2c;\n}\n.av-special-heading.av-l7on6vr7-9283e227cd633534cd9b68f326ebe505 .av-subheading{\nfont-size:15px;\n}\n<\/style>\n<div  class='av-special-heading av-l7on6vr7-9283e227cd633534cd9b68f326ebe505 av-special-heading-h3 custom-color-heading blockquote elegant-quote elegant-centered  avia-builder-el-12  el_after_av_heading  el_before_av_hr  av-linked-heading av-icon'><h3 class='av-special-heading-tag'  itemprop=\"headline\"  ><a class=\"av-heading-link\" href=\"https:\/\/aulaabierta.arasaac.org\/asterics-aac_tablero-global\"><span class='heading-char avia-font-entypo-fontello' aria-hidden='true' data-av_icon='\ue818' data-av_iconfont='entypo-fontello'><\/span><span class=\"heading-wrap\">Weitere Informationen \u00fcber <span class='special_amp'>&#8222;<\/span>Globales Grid und Kumulative Phrase<span class='special_amp'>&#8220;<\/span><\/span><\/a><\/h3><div class=\"special-heading-border\"><div class=\"special-heading-inner-border\"><\/div><\/div><\/div>\n<div  class='hr av-2pa4pl-80e8ac43941444fc172a884026f7b2af hr-default  avia-builder-el-13  el_after_av_heading  el_before_av_one_fifth '><span class='hr-inner '><span class=\"hr-inner-style\"><\/span><\/span><\/div>\n<div class='flex_column av-2krg6xr-318b22cf5a7dcc17d549f6d260a48947 av_one_fifth  avia-builder-el-14  el_after_av_hr  el_before_av_one_fifth  first flex_column_div '     ><style type=\"text\/css\" data-created_by=\"avia_inline_auto\" id=\"style-css-av-l6kdyooj-5eadcfda3c4d0ab372ae09c72eb15abf\">\n.avia-image-container.av-l6kdyooj-5eadcfda3c4d0ab372ae09c72eb15abf img.avia_image{\nbox-shadow:none;\n}\n.avia-image-container.av-l6kdyooj-5eadcfda3c4d0ab372ae09c72eb15abf .av-image-caption-overlay-center{\ncolor:#ffffff;\n}\n<\/style>\n<div  class='avia-image-container av-l6kdyooj-5eadcfda3c4d0ab372ae09c72eb15abf av-styling- avia-align-center  avia-builder-el-15  avia-builder-el-no-sibling '   itemprop=\"image\" itemscope=\"itemscope\" itemtype=\"https:\/\/schema.org\/ImageObject\" ><div class=\"avia-image-container-inner\"><div class=\"avia-image-overlay-wrap\"><a href=\"https:\/\/aulaabierta.arasaac.org\/de\/asterics-aac_globales_grid\" class='avia_image' ><img decoding=\"async\" class='wp-image-96479 avia-img-lazy-loading-not-96479 avia_image ' src=\"https:\/\/aulaabierta.arasaac.org\/wp-content\/uploads\/2016\/12\/before-80x80.png\" alt='' title='before'  height=\"80\" width=\"80\"  itemprop=\"thumbnailUrl\" srcset=\"https:\/\/aulaabierta.arasaac.org\/wp-content\/uploads\/2016\/12\/before-80x80.png 80w, https:\/\/aulaabierta.arasaac.org\/wp-content\/uploads\/2016\/12\/before-36x36.png 36w, https:\/\/aulaabierta.arasaac.org\/wp-content\/uploads\/2016\/12\/before-120x120.png 120w, https:\/\/aulaabierta.arasaac.org\/wp-content\/uploads\/2016\/12\/before.png 128w\" sizes=\"(max-width: 80px) 100vw, 80px\" \/><\/a><\/div><\/div><\/div><\/div>\n<div class='flex_column av-2acjjb3-72430572443564d7b3ecb332fff10556 av_one_fifth  avia-builder-el-16  el_after_av_one_fifth  el_before_av_one_fifth  flex_column_div '     ><\/div>\n<div class='flex_column av-5ueg0v-f5b4451085be42fd2a70550803012549 av_one_fifth  avia-builder-el-17  el_after_av_one_fifth  el_before_av_one_fifth  flex_column_div '     ><style type=\"text\/css\" data-created_by=\"avia_inline_auto\" id=\"style-css-av-l6ke1xda-f1b99bc859425e24e150db459a323688\">\n.avia-image-container.av-l6ke1xda-f1b99bc859425e24e150db459a323688 img.avia_image{\nbox-shadow:none;\n}\n.avia-image-container.av-l6ke1xda-f1b99bc859425e24e150db459a323688 .av-image-caption-overlay-center{\ncolor:#ffffff;\n}\n<\/style>\n<div  class='avia-image-container av-l6ke1xda-f1b99bc859425e24e150db459a323688 av-styling- avia-align-center  avia-builder-el-18  avia-builder-el-no-sibling '   itemprop=\"image\" itemscope=\"itemscope\" itemtype=\"https:\/\/schema.org\/ImageObject\" ><div class=\"avia-image-container-inner\"><div class=\"avia-image-overlay-wrap\"><a href=\"https:\/\/aulaabierta.arasaac.org\/de\/asterics-aac_startseite\" class='avia_image' ><img decoding=\"async\" class='wp-image-106723 avia-img-lazy-loading-not-106723 avia_image ' src=\"https:\/\/aulaabierta.arasaac.org\/wp-content\/uploads\/2022\/08\/casa-120x120-1-80x80.png\" alt='' title='casa-120x120'  height=\"80\" width=\"80\"  itemprop=\"thumbnailUrl\" srcset=\"https:\/\/aulaabierta.arasaac.org\/wp-content\/uploads\/2022\/08\/casa-120x120-1-80x80.png 80w, https:\/\/aulaabierta.arasaac.org\/wp-content\/uploads\/2022\/08\/casa-120x120-1-36x36.png 36w, https:\/\/aulaabierta.arasaac.org\/wp-content\/uploads\/2022\/08\/casa-120x120-1.png 120w\" sizes=\"(max-width: 80px) 100vw, 80px\" \/><\/a><\/div><\/div><\/div><\/div>\n<div class='flex_column av-126aqin-7a6e39193fa1262d0b61cdb616a4a062 av_one_fifth  avia-builder-el-19  el_after_av_one_fifth  el_before_av_one_fifth  flex_column_div '     ><\/div>\n<div class='flex_column av-w2yn9b-3822e7b37f6ad515aaaac5be5b29fec2 av_one_fifth  avia-builder-el-20  el_after_av_one_fifth  el_before_av_one_full  flex_column_div '     ><style type=\"text\/css\" data-created_by=\"avia_inline_auto\" id=\"style-css-av-l6kdzl6f-a54d206d8bea293f96197e9ba19468b8\">\n.avia-image-container.av-l6kdzl6f-a54d206d8bea293f96197e9ba19468b8 img.avia_image{\nbox-shadow:none;\n}\n.avia-image-container.av-l6kdzl6f-a54d206d8bea293f96197e9ba19468b8 .av-image-caption-overlay-center{\ncolor:#ffffff;\n}\n<\/style>\n<div  class='avia-image-container av-l6kdzl6f-a54d206d8bea293f96197e9ba19468b8 av-styling- avia-align-center  avia-builder-el-21  avia-builder-el-no-sibling '   itemprop=\"image\" itemscope=\"itemscope\" itemtype=\"https:\/\/schema.org\/ImageObject\" ><div class=\"avia-image-container-inner\"><div class=\"avia-image-overlay-wrap\"><a href=\"https:\/\/aulaabierta.arasaac.org\/de\/asterics-aac_benutzerverwaltung\" class='avia_image' ><img decoding=\"async\" class='wp-image-96480 avia-img-lazy-loading-not-96480 avia_image ' src=\"https:\/\/aulaabierta.arasaac.org\/wp-content\/uploads\/2016\/12\/next-80x80.png\" alt='' title='next'  height=\"80\" width=\"80\"  itemprop=\"thumbnailUrl\" srcset=\"https:\/\/aulaabierta.arasaac.org\/wp-content\/uploads\/2016\/12\/next-80x80.png 80w, https:\/\/aulaabierta.arasaac.org\/wp-content\/uploads\/2016\/12\/next-36x36.png 36w, https:\/\/aulaabierta.arasaac.org\/wp-content\/uploads\/2016\/12\/next-120x120.png 120w, https:\/\/aulaabierta.arasaac.org\/wp-content\/uploads\/2016\/12\/next.png 128w\" sizes=\"(max-width: 80px) 100vw, 80px\" \/><\/a><\/div><\/div><\/div><\/div>\n<div class='flex_column av-vtfpkv-8fb9bef4cb06de80cef16013e631f9a4 av_one_full  avia-builder-el-22  el_after_av_one_fifth  avia-builder-el-last  first flex_column_div column-top-margin'     ><\/div>\n","protected":false},"excerpt":{"rendered":"","protected":false},"author":5,"featured_media":106721,"parent":0,"menu_order":0,"comment_status":"open","ping_status":"open","template":"","meta":{"om_disable_all_campaigns":false,"_monsterinsights_skip_tracking":false,"_monsterinsights_sitenote_active":false,"_monsterinsights_sitenote_note":"","_monsterinsights_sitenote_category":0,"_uf_show_specific_survey":0,"_uf_disable_surveys":false,"footnotes":""},"class_list":["post-111499","page","type-page","status-publish","has-post-thumbnail","hentry"],"aioseo_notices":[],"_links":{"self":[{"href":"https:\/\/aulaabierta.arasaac.org\/de\/wp-json\/wp\/v2\/pages\/111499","targetHints":{"allow":["GET"]}}],"collection":[{"href":"https:\/\/aulaabierta.arasaac.org\/de\/wp-json\/wp\/v2\/pages"}],"about":[{"href":"https:\/\/aulaabierta.arasaac.org\/de\/wp-json\/wp\/v2\/types\/page"}],"author":[{"embeddable":true,"href":"https:\/\/aulaabierta.arasaac.org\/de\/wp-json\/wp\/v2\/users\/5"}],"replies":[{"embeddable":true,"href":"https:\/\/aulaabierta.arasaac.org\/de\/wp-json\/wp\/v2\/comments?post=111499"}],"version-history":[{"count":56,"href":"https:\/\/aulaabierta.arasaac.org\/de\/wp-json\/wp\/v2\/pages\/111499\/revisions"}],"predecessor-version":[{"id":145688,"href":"https:\/\/aulaabierta.arasaac.org\/de\/wp-json\/wp\/v2\/pages\/111499\/revisions\/145688"}],"wp:featuredmedia":[{"embeddable":true,"href":"https:\/\/aulaabierta.arasaac.org\/de\/wp-json\/wp\/v2\/media\/106721"}],"wp:attachment":[{"href":"https:\/\/aulaabierta.arasaac.org\/de\/wp-json\/wp\/v2\/media?parent=111499"}],"curies":[{"name":"wp","href":"https:\/\/api.w.org\/{rel}","templated":true}]}}