{"id":111505,"date":"2023-01-10T20:06:50","date_gmt":"2023-01-10T19:06:50","guid":{"rendered":"https:\/\/aulaabierta.arasaac.org\/asterics-grid-bearbeitungssperre-android-ios"},"modified":"2023-02-09T11:38:28","modified_gmt":"2023-02-09T10:38:28","slug":"asterics-aac-bearbeitungssperre-android-ios","status":"publish","type":"page","link":"https:\/\/aulaabierta.arasaac.org\/de\/asterics-aac-bearbeitungssperre-android-ios","title":{"rendered":"ASTERICS AAC &#8211; BEARBEITUNGSSPERRE AUF ANDROID and iOs"},"content":{"rendered":"\n<style type=\"text\/css\" data-created_by=\"avia_inline_auto\" id=\"style-css-av-lb3es0a9-e74996de050a81dd4c99dfd4b9f7404a\">\n#top .av-special-heading.av-lb3es0a9-e74996de050a81dd4c99dfd4b9f7404a{\npadding-bottom:10px;\n}\nbody .av-special-heading.av-lb3es0a9-e74996de050a81dd4c99dfd4b9f7404a .av-special-heading-tag .heading-char{\nfont-size:25px;\n}\n.av-special-heading.av-lb3es0a9-e74996de050a81dd4c99dfd4b9f7404a .av-subheading{\nfont-size:15px;\n}\n<\/style>\n<div  class='av-special-heading av-lb3es0a9-e74996de050a81dd4c99dfd4b9f7404a av-special-heading-h3  avia-builder-el-0  el_before_av_hr  avia-builder-el-first '><h3 class='av-special-heading-tag'  itemprop=\"headline\"  >Asterics AAC &#8211; Anwendersperre auf Android und iOs<\/h3><div class=\"special-heading-border\"><div class=\"special-heading-inner-border\"><\/div><\/div><\/div>\n<div  class='hr av-8ygo6nr-f921fd674b2eab90d62a5aced3db4040 hr-default  avia-builder-el-1  el_after_av_heading  el_before_av_textblock '><span class='hr-inner '><span class=\"hr-inner-style\"><\/span><\/span><\/div>\n\n<style type=\"text\/css\" data-created_by=\"avia_inline_auto\" id=\"style-css-av-lb3ddrks-7805b95e964d48648731d272d842e5bc\">\n#top .av_textblock_section.av-lb3ddrks-7805b95e964d48648731d272d842e5bc .avia_textblock{\nfont-size:16px;\n}\n<\/style>\n<section  class='av_textblock_section av-lb3ddrks-7805b95e964d48648731d272d842e5bc'  itemscope=\"itemscope\" itemtype=\"https:\/\/schema.org\/CreativeWork\" ><div class='avia_textblock'  itemprop=\"text\" ><h3>Sperren des Bearbeitungsmen\u00fcs in Asterics AAC<\/h3>\n<p>In <strong>Asterics AAC<\/strong> kann die <strong>Bildschirmsperre<\/strong> so konfiguriert werden, dass der Benutzer <strong>nicht auf das Bearbeitungsmen\u00fc zugreifen<\/strong> kann.<\/p>\n<p>Au\u00dferdem wird durch das Sperren des Kommunikators das Zoomen des Bildschirms mit den f\u00fcr jedes Betriebssystem eingestellten Gesten verhindert.<\/p>\n<p>Klicken Sie dazu auf die Schaltfl\u00e4che &#8222;<strong>Sperren<\/strong>&#8220; oben rechts im Bearbeitungsfenster, die zus\u00e4tzlich durch ein Vorh\u00e4ngeschloss dargestellt wird.<\/p>\n<p><img loading=\"lazy\" decoding=\"async\" class=\"aligncenter wp-image-110905\" src=\"https:\/\/aulaabierta.arasaac.org\/wp-content\/uploads\/2023\/01\/Comunicador-Asterics-pictogramas-ARASAAC-162_en-1030x517.jpg\" alt=\"\" width=\"800\" height=\"352\"><\/p>\n<p>Auf diese Weise <strong>verschwindet das Bearbeitungsmen\u00fc<\/strong> und der Benutzer hat keinen Zugriff auf die verschiedenen Bereiche des Men\u00fcs. Um das Bearbeitungsmen\u00fc wieder zu aktivieren, klicken Sie <strong>siebenmal<\/strong> auf die Schaltfl\u00e4che &#8222;<strong>Entsperren<\/strong>&#8220; .<\/p>\n<p>Wir k\u00f6nnen diesen Sperrmodus mit dem Vollbild-Modus kombinieren, indem Sie auf die Schaltfl\u00e4che &#8222;<strong>Vollbild<\/strong>&#8220; klicken. Auf diese Weise wird <strong>Asterics AAC<\/strong> auf dem gesamten Computerbildschirm gesperrt dargestellt. Diese Art der Sperre hindert den Benutzer nicht daran, die Anwendung irgendwann zu verlassen, da das Ziel haupts\u00e4chlich darin besteht, den Benutzer daran zu hindern, auf das Men\u00fc &#8222;<strong>Bearbeiten<\/strong>&#8220; zuzugreifen.<\/p>\n<p><img loading=\"lazy\" decoding=\"async\" class=\"aligncenter wp-image-110916\" src=\"https:\/\/aulaabierta.arasaac.org\/wp-content\/uploads\/2023\/01\/Comunicador-Asterics-pictogramas-ARASAAC-163_en-1030x510.jpg\" alt=\"\" width=\"800\" height=\"351\"><\/p>\n<p>Dar\u00fcber hinaus k\u00f6nnen wir ein <strong>Passwort (PIN) festlegen<\/strong> (nur Zahlen), um die Benutzeroberfl\u00e4che innerhalb der Anwendung zu sperren\/freizugeben. Diese Option kann unter &#8222;<strong>Einstellungen<\/strong>&#8220; im Abschnitt &#8222;<strong>Diverses<\/strong>&#8220; eingestellt werden. Dieses Passwort wird allgemein f\u00fcr alle auf dem Ger\u00e4t aktiven Benutzer festgelegt.<\/p>\n<p><img loading=\"lazy\" decoding=\"async\" class=\"aligncenter wp-image-110932\" src=\"https:\/\/aulaabierta.arasaac.org\/wp-content\/uploads\/2023\/01\/Comunicador-Asterics-pictogramas-ARASAAC-164_en-1030x585.jpg\" alt=\"\" width=\"800\" height=\"382\"><\/p>\n<p>Auf diese Weise erscheint beim n\u00e4chsten Mal, wenn wir den Sperr-Modus verlassen wollen, der folgende Bildschirm, in den wir das von uns festgelegte Kennwort eingeben m\u00fcssen:<\/p>\n<p><img loading=\"lazy\" decoding=\"async\" class=\"aligncenter wp-image-110943\" src=\"https:\/\/aulaabierta.arasaac.org\/wp-content\/uploads\/2023\/01\/Comunicador-Asterics-pictogramas-ARASAAC-165_en-1030x512.jpg\" alt=\"\" width=\"800\" height=\"353\"><\/p>\n<\/div><\/section>\n<div  class='hr av-6ex9xbr-9a9ed74ef48d36b5ed3d799d336cb8d5 hr-default  avia-builder-el-3  el_after_av_textblock  el_before_av_textblock '><span class='hr-inner '><span class=\"hr-inner-style\"><\/span><\/span><\/div>\n\n<style type=\"text\/css\" data-created_by=\"avia_inline_auto\" id=\"style-css-av-lb3ehn9d-c782bb4c2231c1c11eddc1fd4d17fb58\">\n#top .av_textblock_section.av-lb3ehn9d-c782bb4c2231c1c11eddc1fd4d17fb58 .avia_textblock{\nfont-size:16px;\n}\n<\/style>\n<section  class='av_textblock_section av-lb3ehn9d-c782bb4c2231c1c11eddc1fd4d17fb58'  itemscope=\"itemscope\" itemtype=\"https:\/\/schema.org\/CreativeWork\" ><div class='avia_textblock'  itemprop=\"text\" ><h3>Anwendungssperre\/Bearbeitungsspere auf Android- und iOs-Betriebssystemen<\/h3>\n<p>Um den Kommunikator zu sperren und den Zugriff auf andere Anwendungen auf Android und iOS zu verhindern, muss <strong>Asterics AAC<\/strong> als Anwendung installiert sein, wie in den Anleitungen f\u00fcr <a href=\"https:\/\/aulaabierta.arasaac.org\/de\/asterics-aac_android_installation\"><strong>Android<\/strong><\/a> und <strong><a href=\"https:\/\/aulaabierta.arasaac.org\/de\/asterics-aac_ios_installation\">iOS<\/a><\/strong> beschrieben.<\/p>\n<p>Um die Anwendung auf den Betriebssystemen <strong>Android<\/strong> und <strong>iOs<\/strong> zu <strong>sperren<\/strong>, empfehlen wir Ihnen, die folgenden <strong>Tutorials f\u00fcr jedes System<\/strong> zu befolgen:<\/p>\n<ul>\n<li><a href=\"https:\/\/support.google.com\/android\/answer\/9455138?hl=es\" target=\"_blank\" rel=\"noopener\"><strong>Verwenden Sie Pin-Fenster auf Android OS-Ger\u00e4ten<\/strong><\/a>: <strong>Pin-Fenster<\/strong> erm\u00f6glichen es, dass nur die angeheftete Anwendung sichtbar bleibt und auf andere Teile des Ger\u00e4ts nicht zugegriffen werden kann.<\/li>\n<li id=\"howto-title\"><a href=\"https:\/\/support.apple.com\/es-es\/HT202612\" target=\"_blank\" rel=\"noopener\"><strong>Verwenden Sie Guided Access mit iPhone, iPad und iPod Touch<\/strong><\/a>: <strong>Guided Access<\/strong> (gef\u00fchrter Zugriff) beschr\u00e4nkt das Ger\u00e4t auf eine einzige App und erm\u00f6glicht es Ihnen, zu steuern, welche Funktionen verf\u00fcgbar sind. <strong>Guided Access<\/strong> kann aktiviert werden, wenn Sie das Ger\u00e4t einer anderen Person \u00fcberlassen, die keinen Zugriff auf andere Anwendungen haben soll.<\/li>\n<\/ul>\n<p>Achten Sie auf die Anweisungen, die auf dem Bildschirm erscheinen, wenn Sie eine dieser beiden Optionen konfigurieren.<\/p>\n<\/div><\/section>\n<\/div><\/div><\/div><!-- close content main div --><\/div><\/div><div id='av-layout-grid-1'  class='av-layout-grid-container av-2wpz41j-d681659147a82886997a43c2b5549c68 entry-content-wrapper main_color av-flex-cells  avia-builder-el-5  el_after_av_textblock  avia-builder-el-last  grid-row-not-first  container_wrap fullsize'  >\n<div class='flex_cell av-prchd9z-62640e8ca793c5242b13f070828ab2e9 av-gridrow-cell av_one_fifth no_margin  avia-builder-el-6  el_before_av_cell_one_fifth  avia-builder-el-first ' ><div class='flex_cell_inner'><\/div><\/div><div class='flex_cell av-ksc5hfb-57f03e77afac81a66bba19920c6764ae av-gridrow-cell av_one_fifth no_margin  avia-builder-el-7  el_after_av_cell_one_fifth  el_before_av_cell_one_fifth ' ><div class='flex_cell_inner'><\/div><\/div>\n<style type=\"text\/css\" data-created_by=\"avia_inline_auto\" id=\"style-css-av-hs0g92v-7249014912e4ae505a9bc546f0890f8b\">\n.flex_cell.av-hs0g92v-7249014912e4ae505a9bc546f0890f8b{\nvertical-align:top;\n}\n<\/style>\n<div class='flex_cell av-hs0g92v-7249014912e4ae505a9bc546f0890f8b av-gridrow-cell av_one_fifth no_margin  avia-builder-el-8  el_after_av_cell_one_fifth  el_before_av_cell_one_fifth ' ><div class='flex_cell_inner'>\n<style type=\"text\/css\" data-created_by=\"avia_inline_auto\" id=\"style-css-av-lb3enky1-32a007bfa2cb76d25f2055c20537df44\">\n.avia-image-container.av-lb3enky1-32a007bfa2cb76d25f2055c20537df44 img.avia_image{\nbox-shadow:none;\n}\n.avia-image-container.av-lb3enky1-32a007bfa2cb76d25f2055c20537df44 .av-image-caption-overlay-center{\ncolor:#ffffff;\n}\n<\/style>\n<div  class='avia-image-container av-lb3enky1-32a007bfa2cb76d25f2055c20537df44 av-styling- avia-align-center  avia-builder-el-9  avia-builder-el-no-sibling '   itemprop=\"image\" itemscope=\"itemscope\" itemtype=\"https:\/\/schema.org\/ImageObject\" ><div class=\"avia-image-container-inner\"><div class=\"avia-image-overlay-wrap\"><a href=\"https:\/\/aulaabierta.arasaac.org\/de\/asterics-aac_startseite\" class='avia_image' ><img decoding=\"async\" class='wp-image-106723 avia-img-lazy-loading-not-106723 avia_image ' src=\"https:\/\/aulaabierta.arasaac.org\/wp-content\/uploads\/2022\/08\/casa-120x120-1-80x80.png\" alt='' title='casa-120x120'  height=\"80\" width=\"80\"  itemprop=\"thumbnailUrl\" srcset=\"https:\/\/aulaabierta.arasaac.org\/wp-content\/uploads\/2022\/08\/casa-120x120-1-80x80.png 80w, https:\/\/aulaabierta.arasaac.org\/wp-content\/uploads\/2022\/08\/casa-120x120-1-36x36.png 36w, https:\/\/aulaabierta.arasaac.org\/wp-content\/uploads\/2022\/08\/casa-120x120-1.png 120w\" sizes=\"(max-width: 80px) 100vw, 80px\" \/><\/a><\/div><\/div><\/div>\n<\/div><\/div>\n<style type=\"text\/css\" data-created_by=\"avia_inline_auto\" id=\"style-css-av-dfn6sdz-d34d635d2e1146a8ac744feb7551f9dc\">\n.flex_cell.av-dfn6sdz-d34d635d2e1146a8ac744feb7551f9dc{\nvertical-align:top;\n}\n<\/style>\n<div class='flex_cell av-dfn6sdz-d34d635d2e1146a8ac744feb7551f9dc av-gridrow-cell av_one_fifth no_margin  avia-builder-el-10  el_after_av_cell_one_fifth  el_before_av_cell_one_fifth ' ><div class='flex_cell_inner'><\/div><\/div>\n<style type=\"text\/css\" data-created_by=\"avia_inline_auto\" id=\"style-css-av-784pfnb-85f589a1e65b756e0be80f34468f8776\">\n.flex_cell.av-784pfnb-85f589a1e65b756e0be80f34468f8776{\nvertical-align:top;\n}\n<\/style>\n<div class='flex_cell av-784pfnb-85f589a1e65b756e0be80f34468f8776 av-gridrow-cell av_one_fifth no_margin  avia-builder-el-11  el_after_av_cell_one_fifth  avia-builder-el-last ' ><div class='flex_cell_inner'><\/div><\/div>\n<\/div>\n","protected":false},"excerpt":{"rendered":"","protected":false},"author":5,"featured_media":0,"parent":0,"menu_order":0,"comment_status":"closed","ping_status":"closed","template":"","meta":{"om_disable_all_campaigns":false,"_monsterinsights_skip_tracking":false,"_monsterinsights_sitenote_active":false,"_monsterinsights_sitenote_note":"","_monsterinsights_sitenote_category":0,"_uf_show_specific_survey":0,"_uf_disable_surveys":false,"footnotes":""},"class_list":["post-111505","page","type-page","status-publish","hentry"],"aioseo_notices":[],"_links":{"self":[{"href":"https:\/\/aulaabierta.arasaac.org\/de\/wp-json\/wp\/v2\/pages\/111505","targetHints":{"allow":["GET"]}}],"collection":[{"href":"https:\/\/aulaabierta.arasaac.org\/de\/wp-json\/wp\/v2\/pages"}],"about":[{"href":"https:\/\/aulaabierta.arasaac.org\/de\/wp-json\/wp\/v2\/types\/page"}],"author":[{"embeddable":true,"href":"https:\/\/aulaabierta.arasaac.org\/de\/wp-json\/wp\/v2\/users\/5"}],"replies":[{"embeddable":true,"href":"https:\/\/aulaabierta.arasaac.org\/de\/wp-json\/wp\/v2\/comments?post=111505"}],"version-history":[{"count":17,"href":"https:\/\/aulaabierta.arasaac.org\/de\/wp-json\/wp\/v2\/pages\/111505\/revisions"}],"predecessor-version":[{"id":145457,"href":"https:\/\/aulaabierta.arasaac.org\/de\/wp-json\/wp\/v2\/pages\/111505\/revisions\/145457"}],"wp:attachment":[{"href":"https:\/\/aulaabierta.arasaac.org\/de\/wp-json\/wp\/v2\/media?parent=111505"}],"curies":[{"name":"wp","href":"https:\/\/api.w.org\/{rel}","templated":true}]}}