{"id":111561,"date":"2023-01-17T15:03:40","date_gmt":"2023-01-17T14:03:40","guid":{"rendered":"https:\/\/aulaabierta.arasaac.org\/asterics-grid_android_installation"},"modified":"2023-02-09T11:38:20","modified_gmt":"2023-02-09T10:38:20","slug":"asterics-aac_android_installation","status":"publish","type":"page","link":"https:\/\/aulaabierta.arasaac.org\/de\/asterics-aac_android_installation","title":{"rendered":"Asterics AAC Dynamic Kommunikator &#8211; Installation als Android App (Anwendung)"},"content":{"rendered":"\n<style type=\"text\/css\" data-created_by=\"avia_inline_auto\" id=\"style-css-av-g02wp-2295b3645b75fbb28654d3e97202c0df\">\n#top .av-special-heading.av-g02wp-2295b3645b75fbb28654d3e97202c0df{\npadding-bottom:0;\n}\nbody .av-special-heading.av-g02wp-2295b3645b75fbb28654d3e97202c0df .av-special-heading-tag .heading-char{\nfont-size:25px;\n}\n.av-special-heading.av-g02wp-2295b3645b75fbb28654d3e97202c0df .av-subheading{\nfont-size:15px;\n}\n<\/style>\n<div  class='av-special-heading av-g02wp-2295b3645b75fbb28654d3e97202c0df av-special-heading-h2  avia-builder-el-0  el_before_av_textblock  avia-builder-el-first '><h2 class='av-special-heading-tag'  itemprop=\"headline\"  >Asterics AAC &#8211; Installation als Android App (Anwendung) <\/h2><div class=\"special-heading-border\"><div class=\"special-heading-inner-border\"><\/div><\/div><\/div>\n\n<style type=\"text\/css\" data-created_by=\"avia_inline_auto\" id=\"style-css-av-l6xxvjl9-dbc49c3f30178460b1f0b285b260d1e2\">\n#top .av_textblock_section.av-l6xxvjl9-dbc49c3f30178460b1f0b285b260d1e2 .avia_textblock{\nfont-size:16px;\n}\n<\/style>\n<section  class='av_textblock_section av-l6xxvjl9-dbc49c3f30178460b1f0b285b260d1e2'  itemscope=\"itemscope\" itemtype=\"https:\/\/schema.org\/CreativeWork\" ><div class='avia_textblock'  itemprop=\"text\" ><p><strong>Asterics AAC<\/strong> ist ein <strong>plattform\u00fcbergreifender Web-Kommunikator (Webapp\/Webanwendung)<\/strong>, d.h. er funktioniert immer auf Basis eines <strong>Webbrowsers<\/strong> mit dem Vorteil, dass er <strong>alle Daten auf dem verwendeten Ger\u00e4t (Computer, Tablet oder Smartphone) speichert<\/strong>.<\/p>\n<p>Dieser Vorteil erm\u00f6glicht den <strong>Offline-Betrieb<\/strong> (ohne Internetverbindung) nach der ersten Verbindung und dem ersten Datendownload. Wir haben auch die M\u00f6glichkeit, sie <strong>wie eine systemeigene Anwendung zu installieren<\/strong> (obwohl es sich um eine <strong>Webanwendung<\/strong> handelt), d. h. ihre Funktionsweise ist dieselbe wie die jeder anderen Anwendung, die wir auf unserem Computer oder Ger\u00e4t installiert haben. Dies bietet als zus\u00e4tzlichen Vorteil die Visualisierung in einem unabh\u00e4ngigen Fenster, im Vollbildmodus und ohne den Browser zu sehen, d.h. als ob es sich um ein anderes, systemeigenes Programm handeln w\u00fcrde, das wir heruntergeladen und installiert haben.<\/p>\n<p>In diesem Tutorial wird erkl\u00e4rt, wie man <strong>Asterics AAC auf mobilen Ger\u00e4ten und Tablets<\/strong> mit <strong>Android-Betriebssystem installiert<\/strong>.<\/p>\n<p>Nach der Installation erscheint ein <strong>Symbol auf dem Desktop<\/strong>, mit dem der Kommunikator wie eine Anwendung gestartet werden kann, ohne dass der Browser angezeigt wird, auf dem er l\u00e4uft.<\/p>\n<\/div><\/section>\n\n<style type=\"text\/css\" data-created_by=\"avia_inline_auto\" id=\"style-css-av-la553gd4-69cb1ebf2fb75138e7175b98e7e26f5b\">\n#top .av_textblock_section.av-la553gd4-69cb1ebf2fb75138e7175b98e7e26f5b .avia_textblock{\nfont-size:16px;\n}\n<\/style>\n<section  class='av_textblock_section av-la553gd4-69cb1ebf2fb75138e7175b98e7e26f5b'  itemscope=\"itemscope\" itemtype=\"https:\/\/schema.org\/CreativeWork\" ><div class='avia_textblock'  itemprop=\"text\" ><p>Um den dynamischen Kommunikator <strong>Asterics AAC<\/strong> als App auf unserem Ger\u00e4t mit <strong>Android<\/strong>-Betriebssystem zu installieren, ben\u00f6tigen wir eine Version von <strong>Android 7 oder h\u00f6her<\/strong> und <strong>aktualisierte Google Chrome, Opera oder Microsoft Edge Browser<\/strong>. Nur aktualisierte Versionen dieser Browser erlauben die Installation als Anwendung. Die Installation ist in allen Browsern sehr \u00e4hnlich.<\/p>\n<\/div><\/section>\n\n<style type=\"text\/css\" data-created_by=\"avia_inline_auto\" id=\"style-css-av-l6kydw6c-d1baced689e8a3db88f6fd3267d1eacb\">\n#top .av-special-heading.av-l6kydw6c-d1baced689e8a3db88f6fd3267d1eacb{\npadding-bottom:0;\n}\nbody .av-special-heading.av-l6kydw6c-d1baced689e8a3db88f6fd3267d1eacb .av-special-heading-tag .heading-char{\nfont-size:25px;\n}\n.av-special-heading.av-l6kydw6c-d1baced689e8a3db88f6fd3267d1eacb .av-subheading{\nfont-size:15px;\n}\n<\/style>\n<div  class='av-special-heading av-l6kydw6c-d1baced689e8a3db88f6fd3267d1eacb av-special-heading-h2  avia-builder-el-3  el_after_av_textblock  el_before_av_textblock '><h2 class='av-special-heading-tag'  itemprop=\"headline\"  >Installation mit Google Chrome und Microsoft Edge<\/h2><div class=\"special-heading-border\"><div class=\"special-heading-inner-border\"><\/div><\/div><\/div>\n\n<style type=\"text\/css\" data-created_by=\"avia_inline_auto\" id=\"style-css-av-knuu1r-214a5a48c361f481a23b652336fa782b\">\n#top .av_textblock_section.av-knuu1r-214a5a48c361f481a23b652336fa782b .avia_textblock{\nfont-size:16px;\n}\n<\/style>\n<section  class='av_textblock_section av-knuu1r-214a5a48c361f481a23b652336fa782b'  itemscope=\"itemscope\" itemtype=\"https:\/\/schema.org\/CreativeWork\" ><div class='avia_textblock'  itemprop=\"text\" ><p>Der Installationsprozess von <strong>Google Chrome und Microsoft Edge<\/strong> ist sehr \u00e4hnlich, da beide auf Chromium basieren.<\/p>\n<p>Als erstes \u00f6ffnen wir die <a href=\"https:\/\/grid.asterics.eu\/\" target=\"_blank\" rel=\"noopener\"><strong>Asterics AAC Website<\/strong><\/a><strong> <\/strong>im <strong>Web Browser<\/strong>.<\/p>\n<p>Wie auf dem Screenshot zu sehen ist, bietet das System zun\u00e4chst die M\u00f6glichkeit, das <strong>Grid zum Startbildschirm hinzuzuf\u00fcgen<\/strong> (1), sowohl in Chrome<\/p>\n<p><img loading=\"lazy\" decoding=\"async\" class=\"aligncenter wp-image-94065\" src=\"https:\/\/aulaabierta.arasaac.org\/wp-content\/uploads\/2023\/01\/Instalacion_Asterics_Grid_Android_1_en-1030x644.jpeg\" alt=\"\" width=\"700\" height=\"438\"><\/p>\n<p>als auch in Edge.<\/p>\n<p><img loading=\"lazy\" decoding=\"async\" class=\"aligncenter wp-image-110403\" src=\"https:\/\/aulaabierta.arasaac.org\/wp-content\/uploads\/2022\/11\/Edge_install_1-1-1030x644.jpg\" alt=\"\" width=\"700\" height=\"438\" srcset=\"https:\/\/aulaabierta.arasaac.org\/wp-content\/uploads\/2022\/11\/Edge_install_1-1-1030x644.jpg 1030w, https:\/\/aulaabierta.arasaac.org\/wp-content\/uploads\/2022\/11\/Edge_install_1-1-300x188.jpg 300w, https:\/\/aulaabierta.arasaac.org\/wp-content\/uploads\/2022\/11\/Edge_install_1-1-768x480.jpg 768w, https:\/\/aulaabierta.arasaac.org\/wp-content\/uploads\/2022\/11\/Edge_install_1-1-1536x960.jpg 1536w, https:\/\/aulaabierta.arasaac.org\/wp-content\/uploads\/2022\/11\/Edge_install_1-1-1500x938.jpg 1500w, https:\/\/aulaabierta.arasaac.org\/wp-content\/uploads\/2022\/11\/Edge_install_1-1-705x441.jpg 705w, https:\/\/aulaabierta.arasaac.org\/wp-content\/uploads\/2022\/11\/Edge_install_1-1.jpg 1920w\" sizes=\"auto, (max-width: 700px) 100vw, 700px\" \/><\/p>\n<p>Wir haben auch die M\u00f6glichkeit, auf <strong>Optionen<\/strong> (drei Punkte in der oberen rechten Ecke) zu klicken und folgende Option auszuw\u00e4hlen:<\/p>\n<p><strong>&#8222;Asterics AAC installieren&#8230; &#8222;<\/strong> aus der von <strong>Chrome<\/strong> angebotenen Liste<\/p>\n<p><img loading=\"lazy\" decoding=\"async\" class=\"aligncenter wp-image-94070\" src=\"https:\/\/aulaabierta.arasaac.org\/wp-content\/uploads\/2023\/01\/Instalacion_Asterics_Grid_Android_2_en-1030x644.jpeg\" alt=\"\" width=\"700\" height=\"438\"><\/p>\n<p>oder <strong>&#8222;Apps&#8220; -&gt; &#8222;Installieren Sie Asterics AAC&#8220;<\/strong> , was die von <strong>Microsoft Edge<\/strong> angebotene Option ist.<\/p>\n<p><img loading=\"lazy\" decoding=\"async\" class=\"aligncenter wp-image-110414\" src=\"https:\/\/aulaabierta.arasaac.org\/wp-content\/uploads\/2022\/11\/Edge_install_2-1030x644.jpg\" alt=\"\" width=\"700\" height=\"438\" srcset=\"https:\/\/aulaabierta.arasaac.org\/wp-content\/uploads\/2022\/11\/Edge_install_2-1030x644.jpg 1030w, https:\/\/aulaabierta.arasaac.org\/wp-content\/uploads\/2022\/11\/Edge_install_2-300x188.jpg 300w, https:\/\/aulaabierta.arasaac.org\/wp-content\/uploads\/2022\/11\/Edge_install_2-768x480.jpg 768w, https:\/\/aulaabierta.arasaac.org\/wp-content\/uploads\/2022\/11\/Edge_install_2-1536x960.jpg 1536w, https:\/\/aulaabierta.arasaac.org\/wp-content\/uploads\/2022\/11\/Edge_install_2-1500x938.jpg 1500w, https:\/\/aulaabierta.arasaac.org\/wp-content\/uploads\/2022\/11\/Edge_install_2-705x441.jpg 705w, https:\/\/aulaabierta.arasaac.org\/wp-content\/uploads\/2022\/11\/Edge_install_2.jpg 1920w\" sizes=\"auto, (max-width: 700px) 100vw, 700px\" \/><\/p>\n<p>Bei beiden Installationsoptionen erscheint ein <strong>Pop-up-Fenster<\/strong>, in dem Sie auf &#8222;<strong>Installieren<\/strong>&#8220; klicken m\u00fcssen.<\/p>\n<p><img loading=\"lazy\" decoding=\"async\" class=\"aligncenter wp-image-94075\" src=\"https:\/\/aulaabierta.arasaac.org\/wp-content\/uploads\/2023\/01\/Instalacion_Asterics_Grid_Android_3_en-1030x644.jpeg\" alt=\"\" width=\"700\" height=\"438\"><\/p>\n<p>Nach ein paar Sekunden meldet das System, dass die App (Anwendung) installiert wurde, und auf dem Desktop erscheint ein <strong>Symbol<\/strong> mit dem Namen (<strong>AsTeRICS) Grid<\/strong>.<\/p>\n<p><img loading=\"lazy\" decoding=\"async\" class=\"aligncenter wp-image-94080\" src=\"https:\/\/aulaabierta.arasaac.org\/wp-content\/uploads\/2023\/01\/Instalacion_Asterics_Grid_Android_4_en-1030x644.jpeg\" alt=\"\" width=\"700\" height=\"438\"><\/p>\n<p>Mit einem Klick auf das Symbol wird die neue <strong>Asterics AAC<\/strong>-App im <strong>Vollbildmodus<\/strong> gestartet, ohne dass der Browser zu irgendeinem Zeitpunkt sichtbar ist.<\/p>\n<p><img loading=\"lazy\" decoding=\"async\" class=\"aligncenter wp-image-94085\" src=\"https:\/\/aulaabierta.arasaac.org\/wp-content\/uploads\/2023\/01\/Instalacion_Asterics_Grid_Android_5_en-1030x644.jpeg\" alt=\"\" width=\"700\" height=\"438\"><\/p>\n<p>Als N\u00e4chstes k\u00f6nnen wir einen <strong>neuen Benutzer (neue Konfiguration) erstellen<\/strong> oder einen <strong>bereits erstellten Benutzer verbinden<\/strong> (Daten importieren).<\/p>\n<p><img loading=\"lazy\" decoding=\"async\" class=\"aligncenter wp-image-94090\" src=\"https:\/\/aulaabierta.arasaac.org\/wp-content\/uploads\/2023\/01\/Instalacion_Asterics_Grid_Android_6_en-1030x644.jpeg\" alt=\"\" width=\"700\" height=\"438\"><\/p>\n<p>Um &#8222;Asterics AAC&#8220; (bzw. der Name, unter dem es installiert ist) zu deinstallieren, m\u00fcssen wir die APP in der Liste der auf dem Ger\u00e4t installierten Anwendungen (in der <strong>Konfiguration<\/strong>) suchen. Sobald Sie in der Liste gefunden werden, gehen Sie in die Konfiguration und klicken Sie auf die Schaltfl\u00e4che &#8222;Deinstallieren&#8220;.<\/p>\n<\/div><\/section>\n\n<style type=\"text\/css\" data-created_by=\"avia_inline_auto\" id=\"style-css-av-la55v25l-48c040139be8d8d11dbe98cae253982d\">\n#top .av-special-heading.av-la55v25l-48c040139be8d8d11dbe98cae253982d{\npadding-bottom:0;\n}\nbody .av-special-heading.av-la55v25l-48c040139be8d8d11dbe98cae253982d .av-special-heading-tag .heading-char{\nfont-size:25px;\n}\n.av-special-heading.av-la55v25l-48c040139be8d8d11dbe98cae253982d .av-subheading{\nfont-size:15px;\n}\n<\/style>\n<div  class='av-special-heading av-la55v25l-48c040139be8d8d11dbe98cae253982d av-special-heading-h2  avia-builder-el-5  el_after_av_textblock  el_before_av_textblock '><h2 class='av-special-heading-tag'  itemprop=\"headline\"  >Installation im Opera Web Browser<\/h2><div class=\"special-heading-border\"><div class=\"special-heading-inner-border\"><\/div><\/div><\/div>\n\n<style type=\"text\/css\" data-created_by=\"avia_inline_auto\" id=\"style-css-av-la56cu3h-3d17751dd43f8d722896737956739787\">\n#top .av_textblock_section.av-la56cu3h-3d17751dd43f8d722896737956739787 .avia_textblock{\nfont-size:16px;\n}\n<\/style>\n<section  class='av_textblock_section av-la56cu3h-3d17751dd43f8d722896737956739787'  itemscope=\"itemscope\" itemtype=\"https:\/\/schema.org\/CreativeWork\" ><div class='avia_textblock'  itemprop=\"text\" ><p>Als erstes \u00f6ffnen wir die <a href=\"https:\/\/grid.asterics.eu\/\" target=\"_blank\" rel=\"noopener\"><strong>Asterics AAC Website<\/strong><\/a><strong> <\/strong>in <strong>Opera<\/strong>.<\/p>\n<p><img loading=\"lazy\" decoding=\"async\" class=\"aligncenter wp-image-110388\" src=\"https:\/\/aulaabierta.arasaac.org\/wp-content\/uploads\/2023\/01\/Opera_install_1_en-1030x644.jpeg\" alt=\"\" width=\"700\" height=\"438\"><\/p>\n<p>Klicken Sie auf <strong>Optionen<\/strong> (drei Punkte in der oberen rechten Ecke) und w\u00e4hlen Sie die Option <strong>Startbildschirm<\/strong> am Ende der Liste.<\/p>\n<p><img loading=\"lazy\" decoding=\"async\" class=\"aligncenter wp-image-110382\" src=\"https:\/\/aulaabierta.arasaac.org\/wp-content\/uploads\/2023\/01\/Opera_install_2_en-1030x644.jpeg\" alt=\"\" width=\"700\" height=\"438\"><\/p>\n<p>Sobald Sie darauf klicken, erscheint ein <strong>Pop-up-Fenster<\/strong>, in dem Sie den <strong>Namen<\/strong> \u00e4ndern k\u00f6nnen, unter dem der Zugang auf dem Desktop erstellt werden soll.<\/p>\n<p><img loading=\"lazy\" decoding=\"async\" class=\"aligncenter wp-image-110376\" src=\"https:\/\/aulaabierta.arasaac.org\/wp-content\/uploads\/2023\/01\/Opera_install_3_en-1030x644.jpeg\" alt=\"\" width=\"700\" height=\"438\"><\/p>\n<p>Klicken Sie dann auf &#8222;<strong>HINZUF\u00dcGEN<\/strong>&#8220; .<\/p>\n<p><img loading=\"lazy\" decoding=\"async\" class=\"aligncenter wp-image-110370\" src=\"https:\/\/aulaabierta.arasaac.org\/wp-content\/uploads\/2023\/01\/Opera_install_4_en-1030x644.jpeg\" alt=\"\" width=\"700\" height=\"438\"><\/p>\n<p>Nach ein paar Sekunden erscheint ein <strong>Symbol<\/strong> mit dem Namen <strong>Asterics AAC<\/strong> auf dem Desktop.<\/p>\n<p><img loading=\"lazy\" decoding=\"async\" class=\"aligncenter wp-image-110364\" src=\"https:\/\/aulaabierta.arasaac.org\/wp-content\/uploads\/2023\/01\/Opera_install_5_en-1030x644.jpeg\" alt=\"\" width=\"700\" height=\"438\"><\/p>\n<p>Mit einem Klick auf das Symbol wird die neue <strong>Asterics AAC<\/strong>-App im <strong>Vollbildmodus<\/strong> gestartet, ohne dass der Browser zu irgendeinem Zeitpunkt sichtbar ist.<\/p>\n<p>Um &#8222;Asterics AAC&#8220; (bzw. der Name, unter dem es installiert ist) zu deinstallieren, m\u00fcssen wir die APP in der Liste der auf dem Ger\u00e4t installierten Anwendungen (in der <strong>Konfiguration<\/strong>) suchen. Sobald Sie in der Liste gefunden werden, gehen Sie in die Konfiguration und klicken Sie auf die Schaltfl\u00e4che &#8222;Deinstallieren&#8220;.<\/p>\n<\/div><\/section>\n<div class='flex_column av-2krg6xr-318b22cf5a7dcc17d549f6d260a48947 av_one_fifth  avia-builder-el-7  el_after_av_textblock  el_before_av_one_fifth  first flex_column_div column-top-margin'     ><\/div>\n<div class='flex_column av-2acjjb3-72430572443564d7b3ecb332fff10556 av_one_fifth  avia-builder-el-8  el_after_av_one_fifth  el_before_av_one_fifth  flex_column_div column-top-margin'     ><\/div>\n<div class='flex_column av-5ueg0v-f5b4451085be42fd2a70550803012549 av_one_fifth  avia-builder-el-9  el_after_av_one_fifth  el_before_av_one_fifth  flex_column_div column-top-margin'     ><style type=\"text\/css\" data-created_by=\"avia_inline_auto\" id=\"style-css-av-l6ke1xda-f1b99bc859425e24e150db459a323688\">\n.avia-image-container.av-l6ke1xda-f1b99bc859425e24e150db459a323688 img.avia_image{\nbox-shadow:none;\n}\n.avia-image-container.av-l6ke1xda-f1b99bc859425e24e150db459a323688 .av-image-caption-overlay-center{\ncolor:#ffffff;\n}\n<\/style>\n<div  class='avia-image-container av-l6ke1xda-f1b99bc859425e24e150db459a323688 av-styling- avia-align-center  avia-builder-el-10  avia-builder-el-no-sibling '   itemprop=\"image\" itemscope=\"itemscope\" itemtype=\"https:\/\/schema.org\/ImageObject\" ><div class=\"avia-image-container-inner\"><div class=\"avia-image-overlay-wrap\"><a href=\"https:\/\/aulaabierta.arasaac.org\/de\/asterics-aac_startseite\" class='avia_image' ><img decoding=\"async\" class='wp-image-106723 avia-img-lazy-loading-not-106723 avia_image ' src=\"https:\/\/aulaabierta.arasaac.org\/wp-content\/uploads\/2022\/08\/casa-120x120-1-80x80.png\" alt='' title='casa-120x120'  height=\"80\" width=\"80\"  itemprop=\"thumbnailUrl\" srcset=\"https:\/\/aulaabierta.arasaac.org\/wp-content\/uploads\/2022\/08\/casa-120x120-1-80x80.png 80w, https:\/\/aulaabierta.arasaac.org\/wp-content\/uploads\/2022\/08\/casa-120x120-1-36x36.png 36w, https:\/\/aulaabierta.arasaac.org\/wp-content\/uploads\/2022\/08\/casa-120x120-1.png 120w\" sizes=\"(max-width: 80px) 100vw, 80px\" \/><\/a><\/div><\/div><\/div><\/div>\n<div class='flex_column av-126aqin-7a6e39193fa1262d0b61cdb616a4a062 av_one_fifth  avia-builder-el-11  el_after_av_one_fifth  el_before_av_one_fifth  flex_column_div column-top-margin'     ><\/div>\n<div class='flex_column av-w2yn9b-3822e7b37f6ad515aaaac5be5b29fec2 av_one_fifth  avia-builder-el-12  el_after_av_one_fifth  el_before_av_one_full  flex_column_div column-top-margin'     ><\/div>\n<div class='flex_column av-vtfpkv-8fb9bef4cb06de80cef16013e631f9a4 av_one_full  avia-builder-el-13  el_after_av_one_fifth  avia-builder-el-last  first flex_column_div column-top-margin'     ><\/div>\n","protected":false},"excerpt":{"rendered":"","protected":false},"author":5,"featured_media":106721,"parent":0,"menu_order":0,"comment_status":"open","ping_status":"open","template":"","meta":{"om_disable_all_campaigns":false,"_monsterinsights_skip_tracking":false,"_monsterinsights_sitenote_active":false,"_monsterinsights_sitenote_note":"","_monsterinsights_sitenote_category":0,"_uf_show_specific_survey":0,"_uf_disable_surveys":false,"footnotes":""},"class_list":["post-111561","page","type-page","status-publish","has-post-thumbnail","hentry"],"aioseo_notices":[],"_links":{"self":[{"href":"https:\/\/aulaabierta.arasaac.org\/de\/wp-json\/wp\/v2\/pages\/111561","targetHints":{"allow":["GET"]}}],"collection":[{"href":"https:\/\/aulaabierta.arasaac.org\/de\/wp-json\/wp\/v2\/pages"}],"about":[{"href":"https:\/\/aulaabierta.arasaac.org\/de\/wp-json\/wp\/v2\/types\/page"}],"author":[{"embeddable":true,"href":"https:\/\/aulaabierta.arasaac.org\/de\/wp-json\/wp\/v2\/users\/5"}],"replies":[{"embeddable":true,"href":"https:\/\/aulaabierta.arasaac.org\/de\/wp-json\/wp\/v2\/comments?post=111561"}],"version-history":[{"count":38,"href":"https:\/\/aulaabierta.arasaac.org\/de\/wp-json\/wp\/v2\/pages\/111561\/revisions"}],"predecessor-version":[{"id":145417,"href":"https:\/\/aulaabierta.arasaac.org\/de\/wp-json\/wp\/v2\/pages\/111561\/revisions\/145417"}],"wp:featuredmedia":[{"embeddable":true,"href":"https:\/\/aulaabierta.arasaac.org\/de\/wp-json\/wp\/v2\/media\/106721"}],"wp:attachment":[{"href":"https:\/\/aulaabierta.arasaac.org\/de\/wp-json\/wp\/v2\/media?parent=111561"}],"curies":[{"name":"wp","href":"https:\/\/api.w.org\/{rel}","templated":true}]}}