{"id":111564,"date":"2023-01-17T15:13:42","date_gmt":"2023-01-17T14:13:42","guid":{"rendered":"https:\/\/aulaabierta.arasaac.org\/asterics-grid_mac_installation"},"modified":"2023-02-09T11:38:34","modified_gmt":"2023-02-09T10:38:34","slug":"asterics-aac_mac_installation","status":"publish","type":"page","link":"https:\/\/aulaabierta.arasaac.org\/de\/asterics-aac_mac_installation","title":{"rendered":"Asterics AAC Dynamischer Kommunikator &#8211; Installation als Mac App (Anwendung)"},"content":{"rendered":"\n<style type=\"text\/css\" data-created_by=\"avia_inline_auto\" id=\"style-css-av-g02wp-191dbb883f680ed9e7a1344daa134d79\">\n#top .av-special-heading.av-g02wp-191dbb883f680ed9e7a1344daa134d79{\npadding-bottom:0;\n}\nbody .av-special-heading.av-g02wp-191dbb883f680ed9e7a1344daa134d79 .av-special-heading-tag .heading-char{\nfont-size:25px;\n}\n.av-special-heading.av-g02wp-191dbb883f680ed9e7a1344daa134d79 .av-subheading{\nfont-size:15px;\n}\n<\/style>\n<div  class='av-special-heading av-g02wp-191dbb883f680ed9e7a1344daa134d79 av-special-heading-h2  avia-builder-el-0  el_before_av_textblock  avia-builder-el-first '><h2 class='av-special-heading-tag'  itemprop=\"headline\"  >Asterics AAC &#8211; Installation als Mac App (Anwendung)<\/h2><div class=\"special-heading-border\"><div class=\"special-heading-inner-border\"><\/div><\/div><\/div>\n\n<style type=\"text\/css\" data-created_by=\"avia_inline_auto\" id=\"style-css-av-l6xxvjl9-5b8ff173a6de397024e332dd1543100b\">\n#top .av_textblock_section.av-l6xxvjl9-5b8ff173a6de397024e332dd1543100b .avia_textblock{\nfont-size:16px;\n}\n<\/style>\n<section  class='av_textblock_section av-l6xxvjl9-5b8ff173a6de397024e332dd1543100b'  itemscope=\"itemscope\" itemtype=\"https:\/\/schema.org\/CreativeWork\" ><div class='avia_textblock'  itemprop=\"text\" ><p><strong>Asterics AAC<\/strong> ist ein <strong>plattform\u00fcbergreifender Web-Kommunikator (Webapp\/Webanwendung)<\/strong>, d.h. er funktioniert immer auf Basis eines <strong>Webbrowsers<\/strong> mit dem Vorteil, dass er <strong>alle Daten auf dem verwendeten Ger\u00e4t (Computer, Tablet oder Smartphone) speichert<\/strong>.<\/p>\n<p>Dieser Vorteil erm\u00f6glicht den <strong>Offline-Betrieb<\/strong> (ohne Internetverbindung) nach der ersten Verbindung und dem ersten Datendownload. Wir haben auch die M\u00f6glichkeit, es <strong>so zu installieren, als w\u00e4re es ein Programm des Macs selbst<\/strong> (obwohl es immer noch eine <strong>Webapp<\/strong> ist), d. h. seine Funktionsweise ist dieselbe wie die jedes anderen Programms, das wir auf unserem Computer installiert haben. Dies bietet als zus\u00e4tzlichen Vorteil die Visualisierung in einem unabh\u00e4ngigen Fenster, im Vollbildmodus und ohne den Browser zu sehen, d.h. als ob es sich um ein anderes Mac-Programm handeln w\u00fcrde.<\/p>\n<p>In diesem Tutorial erkl\u00e4ren wir Ihnen, wie Sie <strong>Asterics AAC \u00fcber Google Chrome<\/strong> auf dem Mac <strong>installieren<\/strong>.<\/p>\n<\/div><\/section>\n\n<style type=\"text\/css\" data-created_by=\"avia_inline_auto\" id=\"style-css-av-l6kydw6c-82c20cd1277cacc0ca887237c48705d9\">\n#top .av-special-heading.av-l6kydw6c-82c20cd1277cacc0ca887237c48705d9{\npadding-bottom:0;\n}\nbody .av-special-heading.av-l6kydw6c-82c20cd1277cacc0ca887237c48705d9 .av-special-heading-tag .heading-char{\nfont-size:25px;\n}\n.av-special-heading.av-l6kydw6c-82c20cd1277cacc0ca887237c48705d9 .av-subheading{\nfont-size:15px;\n}\n<\/style>\n<div  class='av-special-heading av-l6kydw6c-82c20cd1277cacc0ca887237c48705d9 av-special-heading-h2  avia-builder-el-2  el_after_av_textblock  el_before_av_textblock '><h2 class='av-special-heading-tag'  itemprop=\"headline\"  >1- Installation mit Google Chrome<\/h2><div class=\"special-heading-border\"><div class=\"special-heading-inner-border\"><\/div><\/div><\/div>\n\n<style type=\"text\/css\" data-created_by=\"avia_inline_auto\" id=\"style-css-av-knuu1r-3ac2949693aa8e2efd46d09d23d5ca6b\">\n#top .av_textblock_section.av-knuu1r-3ac2949693aa8e2efd46d09d23d5ca6b .avia_textblock{\nfont-size:16px;\n}\n<\/style>\n<section  class='av_textblock_section av-knuu1r-3ac2949693aa8e2efd46d09d23d5ca6b'  itemscope=\"itemscope\" itemtype=\"https:\/\/schema.org\/CreativeWork\" ><div class='avia_textblock'  itemprop=\"text\" ><p>Um den dynamischen <strong>Asterics AAC<\/strong>-Kommunikator wie eine Mac-Anwendung zu installieren, \u00f6ffnen Sie die <a href=\"https:\/\/grid.asterics.eu\/#main\" target=\"_blank\" rel=\"noopener\"><strong>Asterics AAC<\/strong><\/a>-Website in einer <b>neuen Registerkarte<\/b> des <b><strong>Google Chrome<\/strong><\/b>-Browsers und <b><strong>klicken Sie auf das Symbol &#8222;Anwendung installieren&#8220;<\/strong><\/b> (siehe Screenshot).<\/p>\n<p><img loading=\"lazy\" decoding=\"async\" class=\"alignnone size-large wp-image-96223\" src=\"https:\/\/aulaabierta.arasaac.org\/wp-content\/uploads\/2022\/09\/Instalacion_AsTERICS_Grid_Chrome_Mac_1-1030x644.png\" alt=\"\" width=\"1030\" height=\"644\" srcset=\"https:\/\/aulaabierta.arasaac.org\/wp-content\/uploads\/2022\/09\/Instalacion_AsTERICS_Grid_Chrome_Mac_1-1030x644.png 1030w, https:\/\/aulaabierta.arasaac.org\/wp-content\/uploads\/2022\/09\/Instalacion_AsTERICS_Grid_Chrome_Mac_1-300x188.png 300w, https:\/\/aulaabierta.arasaac.org\/wp-content\/uploads\/2022\/09\/Instalacion_AsTERICS_Grid_Chrome_Mac_1-768x480.png 768w, https:\/\/aulaabierta.arasaac.org\/wp-content\/uploads\/2022\/09\/Instalacion_AsTERICS_Grid_Chrome_Mac_1-705x441.png 705w, https:\/\/aulaabierta.arasaac.org\/wp-content\/uploads\/2022\/09\/Instalacion_AsTERICS_Grid_Chrome_Mac_1.png 1440w\" sizes=\"auto, (max-width: 1030px) 100vw, 1030px\" \/><\/p>\n<p>Klicken Sie auf &#8222;<strong>Installieren<\/strong>&#8220; .<\/p>\n<p><img loading=\"lazy\" decoding=\"async\" class=\"alignnone size-large wp-image-96218\" src=\"https:\/\/aulaabierta.arasaac.org\/wp-content\/uploads\/2022\/09\/Instalacion_AsTERICS_Grid_Chrome_Mac_2-1030x644.png\" alt=\"\" width=\"1030\" height=\"644\" srcset=\"https:\/\/aulaabierta.arasaac.org\/wp-content\/uploads\/2022\/09\/Instalacion_AsTERICS_Grid_Chrome_Mac_2-1030x644.png 1030w, https:\/\/aulaabierta.arasaac.org\/wp-content\/uploads\/2022\/09\/Instalacion_AsTERICS_Grid_Chrome_Mac_2-300x188.png 300w, https:\/\/aulaabierta.arasaac.org\/wp-content\/uploads\/2022\/09\/Instalacion_AsTERICS_Grid_Chrome_Mac_2-768x480.png 768w, https:\/\/aulaabierta.arasaac.org\/wp-content\/uploads\/2022\/09\/Instalacion_AsTERICS_Grid_Chrome_Mac_2-705x441.png 705w, https:\/\/aulaabierta.arasaac.org\/wp-content\/uploads\/2022\/09\/Instalacion_AsTERICS_Grid_Chrome_Mac_2.png 1440w\" sizes=\"auto, (max-width: 1030px) 100vw, 1030px\" \/><\/p>\n<p>Nach ein paar Sekunden des Wartens erscheint ein neues Chrome Apps-Fenster, in dem bereits <strong>Asterics AAC<\/strong> zu sehen ist. <\/p>\n<p><img loading=\"lazy\" decoding=\"async\" class=\"alignnone size-large wp-image-96213\" src=\"https:\/\/aulaabierta.arasaac.org\/wp-content\/uploads\/2022\/09\/Instalacion_AsTERICS_Grid_Chrome_Mac_3-1030x644.png\" alt=\"\" width=\"1030\" height=\"644\" srcset=\"https:\/\/aulaabierta.arasaac.org\/wp-content\/uploads\/2022\/09\/Instalacion_AsTERICS_Grid_Chrome_Mac_3-1030x644.png 1030w, https:\/\/aulaabierta.arasaac.org\/wp-content\/uploads\/2022\/09\/Instalacion_AsTERICS_Grid_Chrome_Mac_3-300x188.png 300w, https:\/\/aulaabierta.arasaac.org\/wp-content\/uploads\/2022\/09\/Instalacion_AsTERICS_Grid_Chrome_Mac_3-768x480.png 768w, https:\/\/aulaabierta.arasaac.org\/wp-content\/uploads\/2022\/09\/Instalacion_AsTERICS_Grid_Chrome_Mac_3-705x441.png 705w, https:\/\/aulaabierta.arasaac.org\/wp-content\/uploads\/2022\/09\/Instalacion_AsTERICS_Grid_Chrome_Mac_3.png 1440w\" sizes=\"auto, (max-width: 1030px) 100vw, 1030px\" \/><\/p>\n<p>Wir k\u00f6nnen auf die Anwendung klicken, um sie zu <strong>\u00f6ffnen<\/strong>, oder eine Verkn\u00fcpfung auf dem Desktop erstellen. Wenn wir es \u00f6ffnen, k\u00f6nnen wir es auf Vollbildgr\u00f6\u00dfe umstellen, so dass wir den Desktop nicht sehen. Auch der Browser, auf dem er l\u00e4uft, wird nicht angezeigt.<\/p>\n<p><img loading=\"lazy\" decoding=\"async\" class=\"alignnone size-large wp-image-96228\" src=\"https:\/\/aulaabierta.arasaac.org\/wp-content\/uploads\/2022\/09\/Instalacion_AsTERICS_Grid_Chrome_Mac_4-1030x644.png\" alt=\"\" width=\"1030\" height=\"644\" srcset=\"https:\/\/aulaabierta.arasaac.org\/wp-content\/uploads\/2022\/09\/Instalacion_AsTERICS_Grid_Chrome_Mac_4-1030x644.png 1030w, https:\/\/aulaabierta.arasaac.org\/wp-content\/uploads\/2022\/09\/Instalacion_AsTERICS_Grid_Chrome_Mac_4-300x188.png 300w, https:\/\/aulaabierta.arasaac.org\/wp-content\/uploads\/2022\/09\/Instalacion_AsTERICS_Grid_Chrome_Mac_4-768x480.png 768w, https:\/\/aulaabierta.arasaac.org\/wp-content\/uploads\/2022\/09\/Instalacion_AsTERICS_Grid_Chrome_Mac_4-705x441.png 705w, https:\/\/aulaabierta.arasaac.org\/wp-content\/uploads\/2022\/09\/Instalacion_AsTERICS_Grid_Chrome_Mac_4.png 1440w\" sizes=\"auto, (max-width: 1030px) 100vw, 1030px\" \/><\/p>\n<p>Um die Anwendung zu deinstallieren, haben wir die M\u00f6glichkeit, dies vom <strong>Anwendungsfenster<\/strong> selbst aus zu tun, indem wir auf &#8222;<strong>&#8230;&#8220;<\/strong>(1), das im oberen Teil des Fensters erscheint, und dann auf &#8222;<strong>Asterics AAC deinstallieren<\/strong>&#8220; (2) klicken.<\/p>\n<\/div><\/section>\n<div class='flex_column av-2krg6xr-318b22cf5a7dcc17d549f6d260a48947 av_one_fifth  avia-builder-el-4  el_after_av_textblock  el_before_av_one_fifth  first flex_column_div column-top-margin'     ><\/div>\n<div class='flex_column av-2acjjb3-72430572443564d7b3ecb332fff10556 av_one_fifth  avia-builder-el-5  el_after_av_one_fifth  el_before_av_one_fifth  flex_column_div column-top-margin'     ><\/div>\n<div class='flex_column av-5ueg0v-f5b4451085be42fd2a70550803012549 av_one_fifth  avia-builder-el-6  el_after_av_one_fifth  el_before_av_one_fifth  flex_column_div column-top-margin'     ><style type=\"text\/css\" data-created_by=\"avia_inline_auto\" id=\"style-css-av-l6ke1xda-f1b99bc859425e24e150db459a323688\">\n.avia-image-container.av-l6ke1xda-f1b99bc859425e24e150db459a323688 img.avia_image{\nbox-shadow:none;\n}\n.avia-image-container.av-l6ke1xda-f1b99bc859425e24e150db459a323688 .av-image-caption-overlay-center{\ncolor:#ffffff;\n}\n<\/style>\n<div  class='avia-image-container av-l6ke1xda-f1b99bc859425e24e150db459a323688 av-styling- avia-align-center  avia-builder-el-7  avia-builder-el-no-sibling '   itemprop=\"image\" itemscope=\"itemscope\" itemtype=\"https:\/\/schema.org\/ImageObject\" ><div class=\"avia-image-container-inner\"><div class=\"avia-image-overlay-wrap\"><a href=\"https:\/\/aulaabierta.arasaac.org\/de\/asterics-aac_startseite\" class='avia_image' ><img decoding=\"async\" class='wp-image-106723 avia-img-lazy-loading-not-106723 avia_image ' src=\"https:\/\/aulaabierta.arasaac.org\/wp-content\/uploads\/2022\/08\/casa-120x120-1-80x80.png\" alt='' title='casa-120x120'  height=\"80\" width=\"80\"  itemprop=\"thumbnailUrl\" srcset=\"https:\/\/aulaabierta.arasaac.org\/wp-content\/uploads\/2022\/08\/casa-120x120-1-80x80.png 80w, https:\/\/aulaabierta.arasaac.org\/wp-content\/uploads\/2022\/08\/casa-120x120-1-36x36.png 36w, https:\/\/aulaabierta.arasaac.org\/wp-content\/uploads\/2022\/08\/casa-120x120-1.png 120w\" sizes=\"(max-width: 80px) 100vw, 80px\" \/><\/a><\/div><\/div><\/div><\/div>\n<div class='flex_column av-126aqin-7a6e39193fa1262d0b61cdb616a4a062 av_one_fifth  avia-builder-el-8  el_after_av_one_fifth  el_before_av_one_fifth  flex_column_div column-top-margin'     ><\/div>\n<div class='flex_column av-w2yn9b-3822e7b37f6ad515aaaac5be5b29fec2 av_one_fifth  avia-builder-el-9  el_after_av_one_fifth  el_before_av_one_full  flex_column_div column-top-margin'     ><\/div>\n<div class='flex_column av-vtfpkv-8fb9bef4cb06de80cef16013e631f9a4 av_one_full  avia-builder-el-10  el_after_av_one_fifth  avia-builder-el-last  first flex_column_div column-top-margin'     ><\/div>\n","protected":false},"excerpt":{"rendered":"","protected":false},"author":5,"featured_media":106721,"parent":0,"menu_order":0,"comment_status":"open","ping_status":"open","template":"","meta":{"om_disable_all_campaigns":false,"_monsterinsights_skip_tracking":false,"_monsterinsights_sitenote_active":false,"_monsterinsights_sitenote_note":"","_monsterinsights_sitenote_category":0,"_uf_show_specific_survey":0,"_uf_disable_surveys":false,"footnotes":""},"class_list":["post-111564","page","type-page","status-publish","has-post-thumbnail","hentry"],"aioseo_notices":[],"_links":{"self":[{"href":"https:\/\/aulaabierta.arasaac.org\/de\/wp-json\/wp\/v2\/pages\/111564","targetHints":{"allow":["GET"]}}],"collection":[{"href":"https:\/\/aulaabierta.arasaac.org\/de\/wp-json\/wp\/v2\/pages"}],"about":[{"href":"https:\/\/aulaabierta.arasaac.org\/de\/wp-json\/wp\/v2\/types\/page"}],"author":[{"embeddable":true,"href":"https:\/\/aulaabierta.arasaac.org\/de\/wp-json\/wp\/v2\/users\/5"}],"replies":[{"embeddable":true,"href":"https:\/\/aulaabierta.arasaac.org\/de\/wp-json\/wp\/v2\/comments?post=111564"}],"version-history":[{"count":19,"href":"https:\/\/aulaabierta.arasaac.org\/de\/wp-json\/wp\/v2\/pages\/111564\/revisions"}],"predecessor-version":[{"id":145429,"href":"https:\/\/aulaabierta.arasaac.org\/de\/wp-json\/wp\/v2\/pages\/111564\/revisions\/145429"}],"wp:featuredmedia":[{"embeddable":true,"href":"https:\/\/aulaabierta.arasaac.org\/de\/wp-json\/wp\/v2\/media\/106721"}],"wp:attachment":[{"href":"https:\/\/aulaabierta.arasaac.org\/de\/wp-json\/wp\/v2\/media?parent=111564"}],"curies":[{"name":"wp","href":"https:\/\/api.w.org\/{rel}","templated":true}]}}