{"id":111570,"date":"2023-01-17T15:31:10","date_gmt":"2023-01-17T14:31:10","guid":{"rendered":"https:\/\/aulaabierta.arasaac.org\/asterics-grid_ios_installation"},"modified":"2023-02-09T11:38:22","modified_gmt":"2023-02-09T10:38:22","slug":"asterics-aac_ios_installation","status":"publish","type":"page","link":"https:\/\/aulaabierta.arasaac.org\/de\/asterics-aac_ios_installation","title":{"rendered":"Asterics AAC Dynamischer Kommunikator &#8211; Installation der App (Anwendung) unter iOS"},"content":{"rendered":"\n<style type=\"text\/css\" data-created_by=\"avia_inline_auto\" id=\"style-css-av-59few4t-f9aad7289eadc8c54101def08c0dfe5d\">\n#top .av-special-heading.av-59few4t-f9aad7289eadc8c54101def08c0dfe5d{\npadding-bottom:0;\n}\nbody .av-special-heading.av-59few4t-f9aad7289eadc8c54101def08c0dfe5d .av-special-heading-tag .heading-char{\nfont-size:25px;\n}\n.av-special-heading.av-59few4t-f9aad7289eadc8c54101def08c0dfe5d .av-subheading{\nfont-size:15px;\n}\n<\/style>\n<div  class='av-special-heading av-59few4t-f9aad7289eadc8c54101def08c0dfe5d av-special-heading-h2  avia-builder-el-0  el_before_av_textblock  avia-builder-el-first '><h2 class='av-special-heading-tag'  itemprop=\"headline\"  >Asterics AAC &#8211; Installation der App (Anwendung) unter iOS <\/h2><div class=\"special-heading-border\"><div class=\"special-heading-inner-border\"><\/div><\/div><\/div>\n\n<style type=\"text\/css\" data-created_by=\"avia_inline_auto\" id=\"style-css-av-4x1ydbh-7adc1332dd374778683f88dad48a972c\">\n#top .av_textblock_section.av-4x1ydbh-7adc1332dd374778683f88dad48a972c .avia_textblock{\nfont-size:16px;\n}\n<\/style>\n<section  class='av_textblock_section av-4x1ydbh-7adc1332dd374778683f88dad48a972c'  itemscope=\"itemscope\" itemtype=\"https:\/\/schema.org\/CreativeWork\" ><div class='avia_textblock'  itemprop=\"text\" ><p><strong>Asterics AAC<\/strong> ist ein <strong>plattform\u00fcbergreifender Web-Kommunikator (Webapp\/Webanwendung)<\/strong>, d.h. er funktioniert immer auf Basis eines <strong>Webbrowsers<\/strong> mit dem Vorteil, dass er <strong>alle Daten auf dem verwendeten Ger\u00e4t (Computer, Tablet oder Smartphone) speichert<\/strong>.<\/p>\n<p>Dieser Vorteil erm\u00f6glicht den <strong>Offline-Betrieb<\/strong> (ohne Internetverbindung) nach der ersten Verbindung und dem ersten Datendownload. Wir haben auch die M\u00f6glichkeit, sie <strong>wie eine systemeigene Anwendung zu installieren<\/strong> (obwohl es sich um eine <strong>Webanwendung<\/strong> handelt), d. h. ihre Funktionsweise ist dieselbe wie die jeder anderen Anwendung, die wir auf unserem Computer oder Ger\u00e4t installiert haben. Dies bietet als zus\u00e4tzlichen Vorteil die Visualisierung in einem unabh\u00e4ngigen Fenster, im Vollbildmodus und ohne den Browser zu sehen, d.h. als ob es sich um ein anderes, systemeigenes Programm handeln w\u00fcrde, das wir heruntergeladen und installiert haben.<\/p>\n<p>In diesem Tutorial wird erkl\u00e4rt, <strong>wie man Asterics AAC auf mobilen Ger\u00e4ten und Tablets<\/strong> mit <strong>iOS-Betriebssystem installiert<\/strong>.<\/p>\n<p>Nach der Installation erscheint ein <strong>Symbol auf dem Desktop<\/strong>, mit dem der Kommunikator wie eine Anwendung gestartet werden kann, ohne dass der Browser angezeigt wird, auf dem er l\u00e4uft.<\/p>\n<\/div><\/section>\n\n<style type=\"text\/css\" data-created_by=\"avia_inline_auto\" id=\"style-css-av-4g0llwt-4ff34c9095bb8340e0c06c6600a419c9\">\n#top .av-special-heading.av-4g0llwt-4ff34c9095bb8340e0c06c6600a419c9{\npadding-bottom:0;\n}\nbody .av-special-heading.av-4g0llwt-4ff34c9095bb8340e0c06c6600a419c9 .av-special-heading-tag .heading-char{\nfont-size:25px;\n}\n.av-special-heading.av-4g0llwt-4ff34c9095bb8340e0c06c6600a419c9 .av-subheading{\nfont-size:15px;\n}\n<\/style>\n<div  class='av-special-heading av-4g0llwt-4ff34c9095bb8340e0c06c6600a419c9 av-special-heading-h2  avia-builder-el-2  el_after_av_textblock  el_before_av_textblock '><h2 class='av-special-heading-tag'  itemprop=\"headline\"  >Installation auf dem iOS-Betriebssystem<\/h2><div class=\"special-heading-border\"><div class=\"special-heading-inner-border\"><\/div><\/div><\/div>\n\n<style type=\"text\/css\" data-created_by=\"avia_inline_auto\" id=\"style-css-av-3wam70t-07daf9f86fba3b42d48a4bbc7138ce83\">\n#top .av_textblock_section.av-3wam70t-07daf9f86fba3b42d48a4bbc7138ce83 .avia_textblock{\nfont-size:16px;\n}\n<\/style>\n<section  class='av_textblock_section av-3wam70t-07daf9f86fba3b42d48a4bbc7138ce83'  itemscope=\"itemscope\" itemtype=\"https:\/\/schema.org\/CreativeWork\" ><div class='avia_textblock'  itemprop=\"text\" ><p>Um <strong>Asterics AAC<\/strong> wie eine systemeigene App auf iOS-Betriebssystemen (iPhone oder iPad) zu installieren, \u00f6ffnen Sie die <strong>Asterics AAC-Webseite<\/strong> im <strong>Safari<\/strong>-Browser.<\/p>\n<p>Wir werden in der Lage sein, <strong>Asterics AAC<\/strong> in anderen Browsern zu \u00f6ffnen und es wird perfekt in einer Webumgebung funktionieren, aber wir werden nicht in der Lage sein, es auf dem Desktop zu installieren, als ob es eine systemeigene Anwendung w\u00e4re.<\/p>\n<p>Sobald die <strong>Asterics AAC<\/strong>-Website in <strong>Safari<\/strong> ge\u00f6ffnet ist, klicken Sie auf die Schaltfl\u00e4che Optionen (1) &#8230;<\/p>\n<p><img loading=\"lazy\" decoding=\"async\" class=\"aligncenter wp-image-94038\" src=\"https:\/\/aulaabierta.arasaac.org\/wp-content\/uploads\/2023\/01\/Instalacion_Asterics_Grid_iOS_1_en-2.jpg\" alt=\"\" width=\"700\" height=\"525\"><\/p>\n<p>&#8230; und klicken Sie dann auf &#8222;<strong>Zum Home-Bildschirm<\/strong>&#8220; (2)&#8230;.<\/p>\n<p><img loading=\"lazy\" decoding=\"async\" class=\"aligncenter wp-image-94043\" src=\"https:\/\/aulaabierta.arasaac.org\/wp-content\/uploads\/2023\/01\/Instalacion_Asterics_Grid_iOS_2_en.jpg\" alt=\"\" width=\"700\" height=\"525\"><\/p>\n<p>Wenn wir zum Desktop zur\u00fcckkehren, sehen wir, dass ein neues Symbol namens <strong>Grid<\/strong> erscheint.<\/p>\n<p><img loading=\"lazy\" decoding=\"async\" class=\"aligncenter wp-image-94048\" src=\"https:\/\/aulaabierta.arasaac.org\/wp-content\/uploads\/2023\/01\/Instalacion_Asterics_Grid_iOS_3_en.jpg\" alt=\"\" width=\"700\" height=\"525\"><\/p>\n<p>Wenn Sie auf das Symbol klicken, wird <strong>Asterics AAC<\/strong> im <strong>Vollbildmodus<\/strong> ge\u00f6ffnet, <strong>ohne dass der Browser angezeigt wird<\/strong>.<\/p>\n<p><img loading=\"lazy\" decoding=\"async\" class=\"aligncenter wp-image-94053\" src=\"https:\/\/aulaabierta.arasaac.org\/wp-content\/uploads\/2023\/01\/Instalacion_Asterics_Grid_iOS_4_en.jpg\" alt=\"\" width=\"700\" height=\"525\"><\/p>\n<p>Wenn wir im Browser Benutzer angelegt haben und diese in der neuen App verwenden wollen, verwenden wir die Option &#8222;<strong>Verbinden&#8220;<\/strong>, indem wir den <strong>Benutzernamen<\/strong> und das <strong>Passwort<\/strong> jedes einzelnen Benutzers eingeben. Wenn noch keine Benutzer angelegt sind, klicken Sie auf &#8222;Online-User hinzuf\u00fcgen&#8220;.<\/p>\n<p><img loading=\"lazy\" decoding=\"async\" class=\"aligncenter wp-image-94058\" src=\"https:\/\/aulaabierta.arasaac.org\/wp-content\/uploads\/2023\/01\/Instalacion_Asterics_Grid_iOS_5_en.jpg\" alt=\"\" width=\"700\" height=\"525\"><\/p>\n<p>Wenn Sie diese Schritte befolgen, haben Sie <strong>Asterics AAC<\/strong> wie eine normale App auf Ihrem Ger\u00e4t.<\/p>\n<\/div><\/section>\n<div class='flex_column av-3o0t68d-9dd0824e3cc2fa52bf979fb6c0999737 av_one_fifth  avia-builder-el-4  el_after_av_textblock  el_before_av_one_fifth  first flex_column_div column-top-margin'     ><\/div>\n<div class='flex_column av-3225ivh-62feaa760de1d70b965f013bf2170955 av_one_fifth  avia-builder-el-5  el_after_av_one_fifth  el_before_av_one_fifth  flex_column_div column-top-margin'     ><\/div>\n<div class='flex_column av-2mh91v1-08952d01aff91aa56df1b4eaf6f4ebfb av_one_fifth  avia-builder-el-6  el_after_av_one_fifth  el_before_av_one_fifth  flex_column_div column-top-margin'     ><style type=\"text\/css\" data-created_by=\"avia_inline_auto\" id=\"style-css-av-24hlq0d-a2c2aca1b131bce88edcaf7651220fdf\">\n.avia-image-container.av-24hlq0d-a2c2aca1b131bce88edcaf7651220fdf img.avia_image{\nbox-shadow:none;\n}\n.avia-image-container.av-24hlq0d-a2c2aca1b131bce88edcaf7651220fdf .av-image-caption-overlay-center{\ncolor:#ffffff;\n}\n<\/style>\n<div  class='avia-image-container av-24hlq0d-a2c2aca1b131bce88edcaf7651220fdf av-styling- avia-align-center  avia-builder-el-7  avia-builder-el-no-sibling '   itemprop=\"image\" itemscope=\"itemscope\" itemtype=\"https:\/\/schema.org\/ImageObject\" ><div class=\"avia-image-container-inner\"><div class=\"avia-image-overlay-wrap\"><a href=\"https:\/\/aulaabierta.arasaac.org\/de\/asterics-aac_startseite\" class='avia_image' ><img decoding=\"async\" class='wp-image-106723 avia-img-lazy-loading-not-106723 avia_image ' src=\"https:\/\/aulaabierta.arasaac.org\/wp-content\/uploads\/2022\/08\/casa-120x120-1-80x80.png\" alt='' title='casa-120x120'  height=\"80\" width=\"80\"  itemprop=\"thumbnailUrl\" srcset=\"https:\/\/aulaabierta.arasaac.org\/wp-content\/uploads\/2022\/08\/casa-120x120-1-80x80.png 80w, https:\/\/aulaabierta.arasaac.org\/wp-content\/uploads\/2022\/08\/casa-120x120-1-36x36.png 36w, https:\/\/aulaabierta.arasaac.org\/wp-content\/uploads\/2022\/08\/casa-120x120-1.png 120w\" sizes=\"(max-width: 80px) 100vw, 80px\" \/><\/a><\/div><\/div><\/div><\/div>\n<div class='flex_column av-1nd17xp-6b45efcb9dafccb61f83842de627b57d av_one_fifth  avia-builder-el-8  el_after_av_one_fifth  el_before_av_one_fifth  flex_column_div column-top-margin'     ><\/div>\n<div class='flex_column av-12sdze5-fef326c5874c08d750cff79cd0d394f4 av_one_fifth  avia-builder-el-9  el_after_av_one_fifth  el_before_av_one_full  flex_column_div column-top-margin'     ><\/div>\n<div class='flex_column av-npiy0d-c55d428557a5b1d4fb62dcbd9610c538 av_one_full  avia-builder-el-10  el_after_av_one_fifth  avia-builder-el-last  first flex_column_div column-top-margin'     ><\/div>\n","protected":false},"excerpt":{"rendered":"","protected":false},"author":5,"featured_media":106721,"parent":0,"menu_order":0,"comment_status":"closed","ping_status":"closed","template":"","meta":{"om_disable_all_campaigns":false,"_monsterinsights_skip_tracking":false,"_monsterinsights_sitenote_active":false,"_monsterinsights_sitenote_note":"","_monsterinsights_sitenote_category":0,"_uf_show_specific_survey":0,"_uf_disable_surveys":false,"footnotes":""},"class_list":["post-111570","page","type-page","status-publish","has-post-thumbnail","hentry"],"aioseo_notices":[],"_links":{"self":[{"href":"https:\/\/aulaabierta.arasaac.org\/de\/wp-json\/wp\/v2\/pages\/111570","targetHints":{"allow":["GET"]}}],"collection":[{"href":"https:\/\/aulaabierta.arasaac.org\/de\/wp-json\/wp\/v2\/pages"}],"about":[{"href":"https:\/\/aulaabierta.arasaac.org\/de\/wp-json\/wp\/v2\/types\/page"}],"author":[{"embeddable":true,"href":"https:\/\/aulaabierta.arasaac.org\/de\/wp-json\/wp\/v2\/users\/5"}],"replies":[{"embeddable":true,"href":"https:\/\/aulaabierta.arasaac.org\/de\/wp-json\/wp\/v2\/comments?post=111570"}],"version-history":[{"count":37,"href":"https:\/\/aulaabierta.arasaac.org\/de\/wp-json\/wp\/v2\/pages\/111570\/revisions"}],"predecessor-version":[{"id":145430,"href":"https:\/\/aulaabierta.arasaac.org\/de\/wp-json\/wp\/v2\/pages\/111570\/revisions\/145430"}],"wp:featuredmedia":[{"embeddable":true,"href":"https:\/\/aulaabierta.arasaac.org\/de\/wp-json\/wp\/v2\/media\/106721"}],"wp:attachment":[{"href":"https:\/\/aulaabierta.arasaac.org\/de\/wp-json\/wp\/v2\/media?parent=111570"}],"curies":[{"name":"wp","href":"https:\/\/api.w.org\/{rel}","templated":true}]}}