{"id":111613,"date":"2023-01-18T10:26:57","date_gmt":"2023-01-18T09:26:57","guid":{"rendered":"https:\/\/aulaabierta.arasaac.org\/?page_id=111613"},"modified":"2023-02-09T11:36:17","modified_gmt":"2023-02-09T10:36:17","slug":"asterics-aac_erstellen-einer-alphanumerischen-tastatur","status":"publish","type":"page","link":"https:\/\/aulaabierta.arasaac.org\/de\/asterics-aac_erstellen-einer-alphanumerischen-tastatur","title":{"rendered":"Asterics AAC Kommunikator &#8211; 11 &#8211; Aktionen &#8211; Erstellen einer alphanumerischen Tastatur mit Vorhersageelementen"},"content":{"rendered":"\n<style type=\"text\/css\" data-created_by=\"avia_inline_auto\" id=\"style-css-av-g02wp-2e423cafcf76d599657ad9c77cf54bae\">\n#top .av-special-heading.av-g02wp-2e423cafcf76d599657ad9c77cf54bae{\npadding-bottom:0;\n}\nbody .av-special-heading.av-g02wp-2e423cafcf76d599657ad9c77cf54bae .av-special-heading-tag .heading-char{\nfont-size:25px;\n}\n.av-special-heading.av-g02wp-2e423cafcf76d599657ad9c77cf54bae .av-subheading{\nfont-size:15px;\n}\n<\/style>\n<div  class='av-special-heading av-g02wp-2e423cafcf76d599657ad9c77cf54bae av-special-heading-h2  avia-builder-el-0  el_before_av_heading  avia-builder-el-first '><h2 class='av-special-heading-tag'  itemprop=\"headline\"  >Asterics AAC Dynamischer Kommunikator<\/h2><div class=\"special-heading-border\"><div class=\"special-heading-inner-border\"><\/div><\/div><\/div>\n\n<style type=\"text\/css\" data-created_by=\"avia_inline_auto\" id=\"style-css-av-l6uyvnzl-00460db1055ebdc956fe0a0919c38ab7\">\n#top .av-special-heading.av-l6uyvnzl-00460db1055ebdc956fe0a0919c38ab7{\npadding-bottom:0;\n}\nbody .av-special-heading.av-l6uyvnzl-00460db1055ebdc956fe0a0919c38ab7 .av-special-heading-tag .heading-char{\nfont-size:25px;\n}\n.av-special-heading.av-l6uyvnzl-00460db1055ebdc956fe0a0919c38ab7 .av-subheading{\nfont-size:15px;\n}\n<\/style>\n<div  class='av-special-heading av-l6uyvnzl-00460db1055ebdc956fe0a0919c38ab7 av-special-heading-h2  avia-builder-el-1  el_after_av_heading  el_before_av_hr '><h2 class='av-special-heading-tag'  itemprop=\"headline\"  >11 &#8211; Aktionen &#8211; Erstellen einer alphanumerischen Tastatur mit Vorhersageelementen<\/h2><div class=\"special-heading-border\"><div class=\"special-heading-inner-border\"><\/div><\/div><\/div>\n<div  class='hr av-iuhhgx-d673ebc2263b20e277a8850c6f643d0e hr-default  avia-builder-el-2  el_after_av_heading  el_before_av_textblock '><span class='hr-inner '><span class=\"hr-inner-style\"><\/span><\/span><\/div>\n\n<style type=\"text\/css\" data-created_by=\"avia_inline_auto\" id=\"style-css-av-l7od3lky-d3322c1ef33746f21de40562a835b69b\">\n#top .av_textblock_section.av-l7od3lky-d3322c1ef33746f21de40562a835b69b .avia_textblock{\nfont-size:16px;\n}\n<\/style>\n<section  class='av_textblock_section av-l7od3lky-d3322c1ef33746f21de40562a835b69b'  itemscope=\"itemscope\" itemtype=\"https:\/\/schema.org\/CreativeWork\" ><div class='avia_textblock'  itemprop=\"text\" ><p>In diesem Tutorial werden wir eine <strong>alphanumerische Tastatur mit Wortvorhersage<\/strong> in unserem Kommunikator erstellen. Es ist wichtig zu beachten, dass diese Tastatur allein (wenn die Person Schreibkenntnisse erworben hat) oder in Kombination mit Symbolen verwendet werden kann.<\/p>\n<p><img loading=\"lazy\" decoding=\"async\" class=\"aligncenter wp-image-108306\" src=\"https:\/\/aulaabierta.arasaac.org\/wp-content\/uploads\/2023\/01\/Comunicador-Asterics-pictogramas-ARASAAC-139a_en.jpg\" alt=\"\" width=\"800\" height=\"376\"><\/p>\n<p>In beiden F\u00e4llen liest die Sprachsynthese der Anwendung den gesamten Inhalt des kumulativen Satzes gleicherma\u00dfen.<\/p>\n<p><img loading=\"lazy\" decoding=\"async\" class=\"aligncenter wp-image-108299\" src=\"https:\/\/aulaabierta.arasaac.org\/wp-content\/uploads\/2023\/01\/Comunicador-Asterics-pictogramas-ARASAAC-139_en.jpg\" alt=\"\" width=\"800\" height=\"489\"><\/p>\n<\/div><\/section>\n<div  class='hr av-bkxg3yk-87e4919f390028021644ac12a9146068 hr-default  avia-builder-el-4  el_after_av_textblock  el_before_av_textblock '><span class='hr-inner '><span class=\"hr-inner-style\"><\/span><\/span><\/div>\n\n<style type=\"text\/css\" data-created_by=\"avia_inline_auto\" id=\"style-css-av-l8b97lum-0b933e3c80c74dbe6e3c7c7b31b228cd\">\n#top .av_textblock_section.av-l8b97lum-0b933e3c80c74dbe6e3c7c7b31b228cd .avia_textblock{\nfont-size:16px;\n}\n<\/style>\n<section  class='av_textblock_section av-l8b97lum-0b933e3c80c74dbe6e3c7c7b31b228cd'  itemscope=\"itemscope\" itemtype=\"https:\/\/schema.org\/CreativeWork\" ><div class='avia_textblock'  itemprop=\"text\" ><h3>Erstellung von Elementen (Zellen) mit Buchstaben, Zahlen und Rechtschreibzeichen<\/h3>\n<p>Um mit der Erstellung unserer alphanumerischen Tastatur zu beginnen, k\u00f6nnen wir zwei Optionen verwenden:<\/p>\n<ul>\n<li>\u201e<strong>Neue Konfiguration mit leerem Grid erstellen<\/strong>\u201c im <strong>Registrierungsbildschirm<\/strong>:<\/li>\n<\/ul>\n<p><img loading=\"lazy\" decoding=\"async\" class=\"aligncenter wp-image-108312\" src=\"https:\/\/aulaabierta.arasaac.org\/wp-content\/uploads\/2023\/01\/Comunicador-Asterics-pictogramas-ARASAAC-139b_en-1.jpg\" alt=\"\" width=\"800\" height=\"208\"><\/p>\n<ul>\n<li>Erstellen Sie ein <strong>neues Grid<\/strong> in unserem Kommunikator, indem Sie den Abschnitt \u201e<strong>Grids verwalten<\/strong>\u201c unseres regul\u00e4ren Kommunikators verwenden.<\/li>\n<li><img loading=\"lazy\" decoding=\"async\" class=\"aligncenter wp-image-108318\" src=\"https:\/\/aulaabierta.arasaac.org\/wp-content\/uploads\/2023\/01\/Comunicador-Asterics-pictogramas-ARASAAC-139c_en.jpg\" alt=\"\" width=\"800\" height=\"247\"><\/li>\n<\/ul>\n<p>Nachdem wir das neue Grid erstellt haben, m\u00fcssen wir die Anzahl der Zellen festlegen, die unsere alphanumerische Tastatur haben soll. Dazu verwenden wir die Option Grid \u201e<strong>Bearbeiten<\/strong>\u201c und klicken auf die Schaltfl\u00e4che \u201e<strong>mehr<\/strong>&#8220; . Im Untermen\u00fc w\u00e4hlen wir \u201e<strong>Grid-Gr\u00f6\u00dfe anpassen<\/strong>\u201c und w\u00e4hlen f\u00fcr unser Beispiel 5 Zeilen und 10 Spalten.<\/p>\n<p><img loading=\"lazy\" decoding=\"async\" class=\"aligncenter wp-image-108326\" src=\"https:\/\/aulaabierta.arasaac.org\/wp-content\/uploads\/2023\/01\/Comunicador-Asterics-pictogramas-ARASAAC-140_en.jpg\" alt=\"\" width=\"800\" height=\"452\"><\/p>\n<p>Sobald die Zellen erstellt sind, bearbeiten wir jede einzelne von ihnen und m\u00fcssen einfach in der Registerkarte &#8222;<strong>Allgemein&#8220;<\/strong> des <strong>neuen Elements<\/strong> (Rechtsklick -&gt; Neu -&gt; Neues Element) den <strong>Buchstaben<\/strong>, die <strong>Zahl<\/strong> oder das <strong>orthografische Zeichen<\/strong> eingeben, das erscheint, wenn wir auf diese Zelle klicken.<\/p>\n<p>Im folgenden Beispiel haben wir den Buchstaben A in Gro\u00dfbuchstaben eingegeben, aber Sie k\u00f6nnen auch Kleinbuchstaben verwenden.<\/p>\n<p><img loading=\"lazy\" decoding=\"async\" class=\"aligncenter wp-image-108332\" src=\"https:\/\/aulaabierta.arasaac.org\/wp-content\/uploads\/2023\/01\/Comunicador-Asterics-pictogramas-ARASAAC-141_en.jpg\" alt=\"\" width=\"800\" height=\"419\"><\/p>\n<p>Wenn wir die Zelle eingeben, die der <strong>Leertaste<\/strong> entspricht, m\u00fcssen wir sie einmal dr\u00fccken, damit in diesem Fenster ein Leerraum entsteht. Auf diese Weise wei\u00df die Anwendung, dass sie beim Anklicken eine Leerstelle hinterlassen muss.<\/p>\n<p><img loading=\"lazy\" decoding=\"async\" class=\"aligncenter wp-image-108343\" src=\"https:\/\/aulaabierta.arasaac.org\/wp-content\/uploads\/2023\/01\/Comunicador-Asterics-pictogramas-ARASAAC-142_en.jpg\" alt=\"\" width=\"800\" height=\"333\"><\/p>\n<p>Wenn Sie genau hinsehen, k\u00f6nnen Sie im Textfeld der Zelle ein Leerzeichen und die Kursorlinie an der Stelle sehen, die nach dem Dr\u00fccken der Leertaste \u00fcbrig geblieben ist.<\/p>\n<p>Die restlichen erstellten Zellen f\u00fcllen wir mit Buchstaben, Zahlen und Rechtschreibmarkierungen aus.<\/p>\n<\/div><\/section>\n<div  class='hr av-ot4ivg-a2670b48adf29342c20330731b7611e8 hr-default  avia-builder-el-6  el_after_av_textblock  el_before_av_textblock '><span class='hr-inner '><span class=\"hr-inner-style\"><\/span><\/span><\/div>\n\n<style type=\"text\/css\" data-created_by=\"avia_inline_auto\" id=\"style-css-av-l8b9bgj6-1bb35f80d1ed2daec6d340278537f3e8\">\n#top .av_textblock_section.av-l8b9bgj6-1bb35f80d1ed2daec6d340278537f3e8 .avia_textblock{\nfont-size:16px;\n}\n<\/style>\n<section  class='av_textblock_section av-l8b9bgj6-1bb35f80d1ed2daec6d340278537f3e8'  itemscope=\"itemscope\" itemtype=\"https:\/\/schema.org\/CreativeWork\" ><div class='avia_textblock'  itemprop=\"text\" ><h3>Erstellung von Wortvorhersagezellen<\/h3>\n<p><strong>Vorhersageelemente<\/strong> sind Zellen, die die Kommunikation f\u00fcr Menschen erleichtern, die die Handschrift erlernt haben und die Tastatur mit orthografischen Zeichen benutzen.<\/p>\n<p>In diesem Beispiel verwenden wir eine alphanumerische Tastatur. Wenn wir genau hinsehen, w\u00e4hrend wir den Text eingeben, zeigen uns die vier Vorhersageelemente <strong>Vorschl\u00e4ge f\u00fcr W\u00f6rter, die mit diesen Buchstaben beginnen<\/strong>. Wenn das Wort, das wir eingeben wollen, erscheint, w\u00e4hlen wir es aus, und der Text wird automatisch in das Sammelelement eingef\u00fcgt.<\/p>\n<p><img loading=\"lazy\" decoding=\"async\" class=\"aligncenter wp-image-94660\" src=\"https:\/\/aulaabierta.arasaac.org\/wp-content\/uploads\/2023\/01\/Comunicador-Asterics-pictogramas-ARASAAC-67_en.jpg\" alt=\"\" width=\"800\" height=\"416\"><\/p>\n<p>Um ein Vorhersageelement in unser Grid einzugeben, m\u00fcssen wir zun\u00e4chst das <strong>Seitenmen\u00fc<\/strong> aufrufen und &#8222;<strong>W\u00f6rterb\u00fccher verwalten<\/strong>&#8220; ausw\u00e4hlen.<\/p>\n<p><img loading=\"lazy\" decoding=\"async\" class=\"aligncenter wp-image-94666\" src=\"https:\/\/aulaabierta.arasaac.org\/wp-content\/uploads\/2023\/01\/Comunicador-Asterics-pictogramas-ARASAAC-64_en.jpg\" alt=\"\" width=\"800\" height=\"149\"><\/p>\n<p>W\u00e4hlen Sie in diesem Abschnitt die Option &#8222;<strong>W\u00f6rterbuch importieren<\/strong>&#8220; und w\u00e4hlen Sie die W\u00f6rterb\u00fccher aus, mit denen Sie arbeiten m\u00f6chten.<\/p>\n<p><img loading=\"lazy\" decoding=\"async\" class=\"aligncenter wp-image-94671\" src=\"https:\/\/aulaabierta.arasaac.org\/wp-content\/uploads\/2023\/01\/Comunicador-Asterics-pictogramas-ARASAAC-65_en.jpg\" alt=\"\" width=\"800\" height=\"302\"><\/p>\n<p>Wir k\u00f6nnen &#8222;<strong>Import von Online-W\u00f6rterb\u00fcchern<\/strong>&#8220; oder &#8222;<strong>Import von Datei<\/strong>&#8220; w\u00e4hlen. In unserem Beispiel werden wir die erste Option verwenden und das <strong>englische<\/strong> W\u00f6rterbuch ausw\u00e4hlen.<\/p>\n<p><img loading=\"lazy\" decoding=\"async\" class=\"aligncenter wp-image-94707\" src=\"https:\/\/aulaabierta.arasaac.org\/wp-content\/uploads\/2023\/01\/Comunicador-Asterics-pictogramas-ARASAAC-66_en-1.jpg\" alt=\"\" width=\"800\" height=\"115\"><\/p>\n<p>Wir k\u00f6nnen mehrere W\u00f6rterb\u00fccher importieren, wenn wir Grids mit Zellen in verschiedenen Sprachen verwenden wollen.<\/p>\n<p>Sobald wir das gew\u00fcnschte W\u00f6rterbuch ausgew\u00e4hlt haben, kehren wir zur Bearbeitung unseres Grids zur\u00fcck und klicken mit der rechten Maustaste auf eine Zelle, um das Kontextmen\u00fc zu \u00f6ffnen, oder klicken auf die Schaltfl\u00e4che \u201e<strong>Mehr<\/strong>\u201c oben rechts. W\u00e4hlen Sie &#8222;<strong>Neu<\/strong>&#8220; und im Untermen\u00fc &#8222;<strong>Neues Vorhersage-Element<\/strong>&#8220; . Als n\u00e4chstes wird eine neue Zelle erstellt, die nicht bearbeitet werden kann, da ihre einzige Funktion darin besteht, das Wort aus dem Text, den wir in den kumulativen Satz tippen, vorherzusagen.<\/p>\n<p><img loading=\"lazy\" decoding=\"async\" class=\"alignnone size-full wp-image-94714\" src=\"https:\/\/aulaabierta.arasaac.org\/wp-content\/uploads\/2023\/01\/Comunicador-Asterics-pictogramas-ARASAAC-69_en.jpg\" alt=\"\" width=\"1600\" height=\"900\"><\/p>\n<p>Wir k\u00f6nnen so viele Vorhersageelemente haben, wie wir wollen, und wenn wir unseren Text mit der Tastatur eingeben, werden in jeder von ihnen verschiedene Vorschl\u00e4ge angezeigt, was das Tippen f\u00fcr den Benutzer schneller macht, wie wir in den Beispielen oben sehen k\u00f6nnen.<\/p>\n<p>Nach dem Einf\u00fcgen unseres Vorhersageelements m\u00fcssen wir mit der rechten Maustaste auf die Zelle klicken und in dem daraufhin erscheinenden Pop-up-Fenster &#8222;Bearbeiten&#8220; w\u00e4hlen und dann in der Registerkarte die Aktion &#8222;<strong>Vorhersage-Elemente f\u00fcllen<\/strong>&#8220; ausw\u00e4hlen und schlie\u00dflich auf &#8222;<strong>Aktion hinzuf\u00fcgen<\/strong>&#8220; klicken.<\/p>\n<p><img loading=\"lazy\" decoding=\"async\" class=\"aligncenter wp-image-108448\" src=\"https:\/\/aulaabierta.arasaac.org\/wp-content\/uploads\/2023\/01\/Comunicador-Asterics-pictogramas-ARASAAC-143_en-1.jpg\" alt=\"\" width=\"800\" height=\"355\"><\/p>\n<p>Sobald die Aktion hinzugef\u00fcgt wurde, erscheint die Aktion in den Aktuellen Aktionen auf. Dort k\u00f6nnn wir sie <strong>bearbeiten<\/strong> und w\u00e4hlen Sie im Drop-Down Men\u00fc von &#8222;<strong>Zu verwendendes W\u00f6rterbuch<\/strong>&#8220; die Option <strong>Englisch<\/strong>. Wir klicken auf OK und haben unsere Zelle mit Wortvorhersage erstellt.<\/p>\n<p><img loading=\"lazy\" decoding=\"async\" class=\"aligncenter wp-image-108509\" src=\"https:\/\/aulaabierta.arasaac.org\/wp-content\/uploads\/2023\/01\/Comunicador-Asterics-pictogramas-ARASAAC-144_en.jpg\" alt=\"\" width=\"800\" height=\"360\"><\/p>\n<p>Wenn wir von nun an Text mit der Tastatur eingeben, sehen wir die Wortvorhersage in dieser neu erstellten Zelle.<\/p>\n<\/div><\/section>\n<div  class='hr av-kfa8kx-210d6d14f955424a65f773e16452991c hr-default  avia-builder-el-8  el_after_av_textblock  el_before_av_one_fifth '><span class='hr-inner '><span class=\"hr-inner-style\"><\/span><\/span><\/div>\n<div class='flex_column av-2krg6xr-318b22cf5a7dcc17d549f6d260a48947 av_one_fifth  avia-builder-el-9  el_after_av_hr  el_before_av_one_fifth  first flex_column_div '     ><style type=\"text\/css\" data-created_by=\"avia_inline_auto\" id=\"style-css-av-l6kdyooj-73b75ef8ea3fc6fa06930a1416c90f4f\">\n.avia-image-container.av-l6kdyooj-73b75ef8ea3fc6fa06930a1416c90f4f img.avia_image{\nbox-shadow:none;\n}\n.avia-image-container.av-l6kdyooj-73b75ef8ea3fc6fa06930a1416c90f4f .av-image-caption-overlay-center{\ncolor:#ffffff;\n}\n<\/style>\n<div  class='avia-image-container av-l6kdyooj-73b75ef8ea3fc6fa06930a1416c90f4f av-styling- avia-align-center  avia-builder-el-10  avia-builder-el-no-sibling '   itemprop=\"image\" itemscope=\"itemscope\" itemtype=\"https:\/\/schema.org\/ImageObject\" ><div class=\"avia-image-container-inner\"><div class=\"avia-image-overlay-wrap\"><a href=\"https:\/\/aulaabierta.arasaac.org\/de\/asterics-aac_aktionen_benutzerdefinierten_text_aussprechen\" class='avia_image' ><img decoding=\"async\" class='wp-image-96479 avia-img-lazy-loading-not-96479 avia_image ' src=\"https:\/\/aulaabierta.arasaac.org\/wp-content\/uploads\/2016\/12\/before-80x80.png\" alt='' title='before'  height=\"80\" width=\"80\"  itemprop=\"thumbnailUrl\" srcset=\"https:\/\/aulaabierta.arasaac.org\/wp-content\/uploads\/2016\/12\/before-80x80.png 80w, https:\/\/aulaabierta.arasaac.org\/wp-content\/uploads\/2016\/12\/before-36x36.png 36w, https:\/\/aulaabierta.arasaac.org\/wp-content\/uploads\/2016\/12\/before-120x120.png 120w, https:\/\/aulaabierta.arasaac.org\/wp-content\/uploads\/2016\/12\/before.png 128w\" sizes=\"(max-width: 80px) 100vw, 80px\" \/><\/a><\/div><\/div><\/div><\/div>\n<div class='flex_column av-2acjjb3-72430572443564d7b3ecb332fff10556 av_one_fifth  avia-builder-el-11  el_after_av_one_fifth  el_before_av_one_fifth  flex_column_div '     ><\/div>\n<div class='flex_column av-5ueg0v-f5b4451085be42fd2a70550803012549 av_one_fifth  avia-builder-el-12  el_after_av_one_fifth  el_before_av_one_fifth  flex_column_div '     ><style type=\"text\/css\" data-created_by=\"avia_inline_auto\" id=\"style-css-av-l6ke1xda-f1b99bc859425e24e150db459a323688\">\n.avia-image-container.av-l6ke1xda-f1b99bc859425e24e150db459a323688 img.avia_image{\nbox-shadow:none;\n}\n.avia-image-container.av-l6ke1xda-f1b99bc859425e24e150db459a323688 .av-image-caption-overlay-center{\ncolor:#ffffff;\n}\n<\/style>\n<div  class='avia-image-container av-l6ke1xda-f1b99bc859425e24e150db459a323688 av-styling- avia-align-center  avia-builder-el-13  avia-builder-el-no-sibling '   itemprop=\"image\" itemscope=\"itemscope\" itemtype=\"https:\/\/schema.org\/ImageObject\" ><div class=\"avia-image-container-inner\"><div class=\"avia-image-overlay-wrap\"><a href=\"https:\/\/aulaabierta.arasaac.org\/de\/asterics-aac_startseite\" class='avia_image' ><img decoding=\"async\" class='wp-image-106723 avia-img-lazy-loading-not-106723 avia_image ' src=\"https:\/\/aulaabierta.arasaac.org\/wp-content\/uploads\/2022\/08\/casa-120x120-1-80x80.png\" alt='' title='casa-120x120'  height=\"80\" width=\"80\"  itemprop=\"thumbnailUrl\" srcset=\"https:\/\/aulaabierta.arasaac.org\/wp-content\/uploads\/2022\/08\/casa-120x120-1-80x80.png 80w, https:\/\/aulaabierta.arasaac.org\/wp-content\/uploads\/2022\/08\/casa-120x120-1-36x36.png 36w, https:\/\/aulaabierta.arasaac.org\/wp-content\/uploads\/2022\/08\/casa-120x120-1.png 120w\" sizes=\"(max-width: 80px) 100vw, 80px\" \/><\/a><\/div><\/div><\/div><\/div>\n<div class='flex_column av-126aqin-7a6e39193fa1262d0b61cdb616a4a062 av_one_fifth  avia-builder-el-14  el_after_av_one_fifth  el_before_av_one_fifth  flex_column_div '     ><\/div>\n<div class='flex_column av-w2yn9b-3822e7b37f6ad515aaaac5be5b29fec2 av_one_fifth  avia-builder-el-15  el_after_av_one_fifth  el_before_av_one_full  flex_column_div '     ><style type=\"text\/css\" data-created_by=\"avia_inline_auto\" id=\"style-css-av-l6kdzl6f-e1f92f70551b6a511ff4dc8cf3ba8141\">\n.avia-image-container.av-l6kdzl6f-e1f92f70551b6a511ff4dc8cf3ba8141 img.avia_image{\nbox-shadow:none;\n}\n.avia-image-container.av-l6kdzl6f-e1f92f70551b6a511ff4dc8cf3ba8141 .av-image-caption-overlay-center{\ncolor:#ffffff;\n}\n<\/style>\n<div  class='avia-image-container av-l6kdzl6f-e1f92f70551b6a511ff4dc8cf3ba8141 av-styling- avia-align-center  avia-builder-el-16  avia-builder-el-no-sibling '   itemprop=\"image\" itemscope=\"itemscope\" itemtype=\"https:\/\/schema.org\/ImageObject\" ><div class=\"avia-image-container-inner\"><div class=\"avia-image-overlay-wrap\"><a href=\"https:\/\/aulaabierta.arasaac.org\/de\/asterics-aac_aktionen_web_radio\" class='avia_image' ><img decoding=\"async\" class='wp-image-96480 avia-img-lazy-loading-not-96480 avia_image ' src=\"https:\/\/aulaabierta.arasaac.org\/wp-content\/uploads\/2016\/12\/next-80x80.png\" alt='' title='next'  height=\"80\" width=\"80\"  itemprop=\"thumbnailUrl\" srcset=\"https:\/\/aulaabierta.arasaac.org\/wp-content\/uploads\/2016\/12\/next-80x80.png 80w, https:\/\/aulaabierta.arasaac.org\/wp-content\/uploads\/2016\/12\/next-36x36.png 36w, https:\/\/aulaabierta.arasaac.org\/wp-content\/uploads\/2016\/12\/next-120x120.png 120w, https:\/\/aulaabierta.arasaac.org\/wp-content\/uploads\/2016\/12\/next.png 128w\" sizes=\"(max-width: 80px) 100vw, 80px\" \/><\/a><\/div><\/div><\/div><\/div>\n<div class='flex_column av-vtfpkv-8fb9bef4cb06de80cef16013e631f9a4 av_one_full  avia-builder-el-17  el_after_av_one_fifth  avia-builder-el-last  first flex_column_div column-top-margin'     ><\/div>\n","protected":false},"excerpt":{"rendered":"","protected":false},"author":5,"featured_media":106721,"parent":0,"menu_order":0,"comment_status":"open","ping_status":"open","template":"","meta":{"om_disable_all_campaigns":false,"_monsterinsights_skip_tracking":false,"_monsterinsights_sitenote_active":false,"_monsterinsights_sitenote_note":"","_monsterinsights_sitenote_category":0,"_uf_show_specific_survey":0,"_uf_disable_surveys":false,"footnotes":""},"class_list":["post-111613","page","type-page","status-publish","has-post-thumbnail","hentry"],"aioseo_notices":[],"_links":{"self":[{"href":"https:\/\/aulaabierta.arasaac.org\/de\/wp-json\/wp\/v2\/pages\/111613","targetHints":{"allow":["GET"]}}],"collection":[{"href":"https:\/\/aulaabierta.arasaac.org\/de\/wp-json\/wp\/v2\/pages"}],"about":[{"href":"https:\/\/aulaabierta.arasaac.org\/de\/wp-json\/wp\/v2\/types\/page"}],"author":[{"embeddable":true,"href":"https:\/\/aulaabierta.arasaac.org\/de\/wp-json\/wp\/v2\/users\/5"}],"replies":[{"embeddable":true,"href":"https:\/\/aulaabierta.arasaac.org\/de\/wp-json\/wp\/v2\/comments?post=111613"}],"version-history":[{"count":62,"href":"https:\/\/aulaabierta.arasaac.org\/de\/wp-json\/wp\/v2\/pages\/111613\/revisions"}],"predecessor-version":[{"id":145613,"href":"https:\/\/aulaabierta.arasaac.org\/de\/wp-json\/wp\/v2\/pages\/111613\/revisions\/145613"}],"wp:featuredmedia":[{"embeddable":true,"href":"https:\/\/aulaabierta.arasaac.org\/de\/wp-json\/wp\/v2\/media\/106721"}],"wp:attachment":[{"href":"https:\/\/aulaabierta.arasaac.org\/de\/wp-json\/wp\/v2\/media?parent=111613"}],"curies":[{"name":"wp","href":"https:\/\/api.w.org\/{rel}","templated":true}]}}