{"id":111968,"date":"2023-01-18T12:50:53","date_gmt":"2023-01-18T11:50:53","guid":{"rendered":"https:\/\/aulaabierta.arasaac.org\/asterics-grid_aktionen_youtube"},"modified":"2023-02-09T11:39:22","modified_gmt":"2023-02-09T10:39:22","slug":"asterics-aac_aktionen_youtube","status":"publish","type":"page","link":"https:\/\/aulaabierta.arasaac.org\/de\/asterics-aac_aktionen_youtube","title":{"rendered":"Asterics AAC Kommunikator &#8211; 13 &#8211; Aktionen &#8211; YouTube Aktion"},"content":{"rendered":"\n<style type=\"text\/css\" data-created_by=\"avia_inline_auto\" id=\"style-css-av-g02wp-b76a61c13c8748377d39d5159723e118\">\n#top .av-special-heading.av-g02wp-b76a61c13c8748377d39d5159723e118{\npadding-bottom:0;\n}\nbody .av-special-heading.av-g02wp-b76a61c13c8748377d39d5159723e118 .av-special-heading-tag .heading-char{\nfont-size:25px;\n}\n.av-special-heading.av-g02wp-b76a61c13c8748377d39d5159723e118 .av-subheading{\nfont-size:15px;\n}\n<\/style>\n<div  class='av-special-heading av-g02wp-b76a61c13c8748377d39d5159723e118 av-special-heading-h2  avia-builder-el-0  el_before_av_heading  avia-builder-el-first '><h2 class='av-special-heading-tag'  itemprop=\"headline\"  >Dynamischer Kommunikator Asterics AAC <\/h2><div class=\"special-heading-border\"><div class=\"special-heading-inner-border\"><\/div><\/div><\/div>\n\n<style type=\"text\/css\" data-created_by=\"avia_inline_auto\" id=\"style-css-av-l6uyvnzl-1f94cfb08dd5cde308afafae6dde8c0b\">\n#top .av-special-heading.av-l6uyvnzl-1f94cfb08dd5cde308afafae6dde8c0b{\npadding-bottom:0;\n}\nbody .av-special-heading.av-l6uyvnzl-1f94cfb08dd5cde308afafae6dde8c0b .av-special-heading-tag .heading-char{\nfont-size:25px;\n}\n.av-special-heading.av-l6uyvnzl-1f94cfb08dd5cde308afafae6dde8c0b .av-subheading{\nfont-size:15px;\n}\n<\/style>\n<div  class='av-special-heading av-l6uyvnzl-1f94cfb08dd5cde308afafae6dde8c0b av-special-heading-h2  avia-builder-el-1  el_after_av_heading  el_before_av_textblock '><h2 class='av-special-heading-tag'  itemprop=\"headline\"  >13 &#8211; Aktionen &#8211; YouTube Aktion<\/h2><div class=\"special-heading-border\"><div class=\"special-heading-inner-border\"><\/div><\/div><\/div>\n\n<style type=\"text\/css\" data-created_by=\"avia_inline_auto\" id=\"style-css-av-l7cxlhkl-2e84e67709c40e9df4733b99b8b2ea31\">\n#top .av_textblock_section.av-l7cxlhkl-2e84e67709c40e9df4733b99b8b2ea31 .avia_textblock{\nfont-size:16px;\n}\n<\/style>\n<section  class='av_textblock_section av-l7cxlhkl-2e84e67709c40e9df4733b99b8b2ea31'  itemscope=\"itemscope\" itemtype=\"https:\/\/schema.org\/CreativeWork\" ><div class='avia_textblock'  itemprop=\"text\" ><p><img loading=\"lazy\" decoding=\"async\" class=\"alignnone wp-image-94980 size-full\" src=\"https:\/\/aulaabierta.arasaac.org\/wp-content\/uploads\/2023\/01\/Comunicador-Asterics-pictogramas-ARASAAC-83_en-2.jpg\" alt=\"\" width=\"1050\" height=\"607\"><\/p>\n<p>Die <strong>Youtube-Aktion<\/strong> erm\u00f6glicht es Ihnen, YouTube-Videos mit unserem Kommunikator zu verkn\u00fcpfen und sie anzusehen, ohne den Kommunikator zu verlassen. Dar\u00fcber hinaus k\u00f6nnen wir mehreren Zellen (Elementen) f\u00fcr die Anzeige der Videos verschiedene Steuerfunktionen zuweisen.<\/p>\n<p>Nachfolgend sehen Sie ein Beispiel f\u00fcr ein Raster, in dem mehrere Videos und die grundlegendsten Kontrollfunktionen zur Ansicht ausgew\u00e4hlt wurden.<\/p>\n<p><img loading=\"lazy\" decoding=\"async\" class=\"alignnone wp-image-94985 size-full\" src=\"https:\/\/aulaabierta.arasaac.org\/wp-content\/uploads\/2023\/01\/Comunicador-Asterics-pictogramas-ARASAAC-85_en-2.jpg\" alt=\"\" width=\"1586\" height=\"877\"><\/p>\n<p>Um ein solches Raster\/Grid zu erstellen, bearbeiten wir die Zellen und weisen ihnen verschiedene Funktionen zu, die im Untermen\u00fc <strong>YouTube Aktion<\/strong> erscheinen.<\/p>\n<p><img loading=\"lazy\" decoding=\"async\" class=\"alignnone wp-image-94991 size-full\" src=\"https:\/\/aulaabierta.arasaac.org\/wp-content\/uploads\/2023\/01\/Comunicador-Asterics-pictogramas-ARASAAC-84_en-3.jpg\" alt=\"\" width=\"1048\" height=\"604\"><\/p>\n<p>Wie im Screenshot gezeigt, k\u00f6nnen den <strong>YouTube Aktions<\/strong>-Zellen (Elementen) verschiedene Funktionen zugewiesen werden:<\/p>\n<ul>\n<li>Video abspielen<\/li>\n<li>Video pausieren<\/li>\n<li>Video abspielen\/pausieren<\/li>\n<li>Video neu starten<\/li>\n<li>Video stoppen<\/li>\n<li>Im Video weiterspringen<\/li>\n<li>Im Video zur\u00fcckspringen<\/li>\n<li>N\u00e4chstes Video<\/li>\n<li>Vorheriges Video<\/li>\n<li>Zeige Video in Vollbild<\/li>\n<li>Videolautst\u00e4rke erh\u00f6hen<\/li>\n<li>Videolautst\u00e4rke vermindern<\/li>\n<li>Video stummschalten \/ Ton einschalten<\/li>\n<\/ul>\n<p>Um ein solches Raster zu erstellen, <strong>bearbeiten<\/strong> Sie eine leere Zelle, klicken Sie mit der rechten Maustaste darauf und w\u00e4hlen Sie im Untermen\u00fc &#8222;<strong>Neu<\/strong>&#8220; die Option &#8222;<strong>Neuer YouTube Player<\/strong>&#8220; .<\/p>\n<p><img loading=\"lazy\" decoding=\"async\" class=\"alignnone wp-image-95124 size-full\" src=\"https:\/\/aulaabierta.arasaac.org\/wp-content\/uploads\/2023\/01\/Comunicador-Asterics-pictogramas-ARASAAC-88_en.jpg\" alt=\"\" width=\"1592\" height=\"757\"><\/p>\n<p>Dann erscheint eine Zelle (ein Element) im Raster, die zum <strong>neuen YouTube-Player<\/strong> wird. Indem wir die Zelle von unten rechts aus vergr\u00f6\u00dfern, k\u00f6nnen wir die Anzeigegr\u00f6\u00dfe unseres Players vergr\u00f6\u00dfern.<\/p>\n<p><img loading=\"lazy\" decoding=\"async\" class=\"alignnone wp-image-95135 size-full\" src=\"https:\/\/aulaabierta.arasaac.org\/wp-content\/uploads\/2023\/01\/Comunicador-Asterics-pictogramas-ARASAAC-89-1_en-1.jpg\" alt=\"\" width=\"1590\" height=\"743\"><\/p>\n<p>Wir empfehlen, dass Sie nach der Erstellung des Videoplayers mit der rechten Maustaste darauf klicken und <strong>Bearbeiten<\/strong> w\u00e4hlen. Wenn das Bearbeitungsfeld erscheint, aktivieren Sie die Option &#8222;<strong>Mausklick auf YouTube Player verhindern<\/strong>&#8220; , damit der Benutzer die Videos, die er\/sie ansieht, nicht \u00e4ndern kann.<\/p>\n<p><img loading=\"lazy\" decoding=\"async\" class=\"alignnone wp-image-95140 size-full\" src=\"https:\/\/aulaabierta.arasaac.org\/wp-content\/uploads\/2023\/01\/Comunicador-Asterics-pictogramas-ARASAAC-90_en.jpg\" alt=\"\" width=\"1593\" height=\"767\"><\/p>\n<p>Als n\u00e4chstes bearbeiten wir mit der rechten Maustaste (leeres) Element und w\u00e4hlen in der Registerkarte <strong>Aktionen<\/strong> die <strong>Youtube-Aktion<\/strong> aus. Wir f\u00fcgen diese Aktion zur Liste Aktuelle Aktionen hinzu (auf &#8222;+Aktionen hinzuf\u00fcgen&#8220; klicken) und w\u00e4hlen die Option &#8222;<strong>Video abspielen<\/strong>&#8220; innerhalb der <strong>Youtube-Aktion<\/strong>.<\/p>\n<p><img loading=\"lazy\" decoding=\"async\" class=\"alignnone wp-image-95146 size-full\" src=\"https:\/\/aulaabierta.arasaac.org\/wp-content\/uploads\/2023\/01\/Comunicador-Asterics-pictogramas-ARASAAC-91_en.jpg\" alt=\"\" width=\"1052\" height=\"650\"><\/p>\n<p>Jetzt m\u00fcssen wir zu <strong>YouTube<\/strong> gehen und den Link des Videos kopieren, das wir in unserem Player abspielen wollen. F\u00fcgen Sie ihn nach dem Kopieren in das Eingabefeld &#8222;<strong>Videolink<\/strong>&#8220; ein.<\/p>\n<p data-wp-editing=\"1\"><img loading=\"lazy\" decoding=\"async\" class=\"alignnone wp-image-95151 size-full\" src=\"https:\/\/aulaabierta.arasaac.org\/wp-content\/uploads\/2023\/01\/Comunicador-Asterics-pictogramas-ARASAAC-92_en.jpg\" alt=\"\" width=\"913\" height=\"337\">Sie k\u00f6nnen sehen, dass es verschiedene Konfigurationsoptionen gibt, die wir aus den Drop-Down Men\u00fcs oder durch Klicken auf die Kontrollk\u00e4stchen (de-\/aktivieren) hinzuf\u00fcgen k\u00f6nnen. Um diese Anleitung nicht zu lang werden zu lassen, empfehlen wir Ihnen, sich mit diesen Konfigurationsm\u00f6glichkeiten durch einige Tests vertraut zu machen.<\/p>\n<p>Sobald die Bearbeitung abgeschlossen und der Link eingef\u00fcgt ist, klicken Sie auf <strong>OK<\/strong> und schon ist unsere erste Zelle mit <strong>YouTube<\/strong> verkn\u00fcpft.<\/p>\n<p><img loading=\"lazy\" decoding=\"async\" class=\"alignnone wp-image-95162 size-full\" src=\"https:\/\/aulaabierta.arasaac.org\/wp-content\/uploads\/2023\/01\/Comunicador-Asterics-pictogramas-ARASAAC-93_en.jpg\" alt=\"\" width=\"1593\" height=\"753\"><\/p>\n<p>Wenn wir die Bearbeitung deaktivieren (&#8222;Bearbeiten aus&#8220;), sehen wir, dass das Video automatisch im Playerfenster abgespielt wird, wenn wir auf dieses Element klicken.<\/p>\n<p>Sobald wir die Zellen mit den Links zu den <strong>YouTube<\/strong>-Videos haben, ist es interessant, einige Zellen mit <strong>Play Buttons<\/strong> hinzuzuf\u00fcgen, die die oben erw\u00e4hnten Aktionen darstellen und in der Registerkarte <strong>Youtube Aktion<\/strong> verf\u00fcgbar sind.<\/p>\n<p><img loading=\"lazy\" decoding=\"async\" class=\"alignnone wp-image-95173 size-full\" src=\"https:\/\/aulaabierta.arasaac.org\/wp-content\/uploads\/2023\/01\/Comunicador-Asterics-pictogramas-ARASAAC-94_en-1.jpg\" alt=\"\" width=\"1588\" height=\"753\"><\/p>\n<p>In unserem Beispiel haben wir f\u00fcnf Wiedergabeelemente zugewiesen: Videolautst\u00e4rke erh\u00f6hen und vermindern, Video abspielen und pausieren und Video in Vollbild zeigen.<\/p>\n<p>Die Erstellung dieser Schaltfl\u00e4chen ist sehr einfach. Wir w\u00e4hlen eine der Zellen aus und klicken mit der rechten Maustaste darauf. W\u00e4hlen Sie in der Registerkarte Aktionen &#8211; <strong>YouTube-Video Aktion<\/strong> z. B. <strong>Video-Lautst\u00e4rke vermindern<\/strong>.<\/p>\n<p><img loading=\"lazy\" decoding=\"async\" class=\"alignnone wp-image-95189 size-full\" src=\"https:\/\/aulaabierta.arasaac.org\/wp-content\/uploads\/2023\/01\/Comunicador-Asterics-pictogramas-ARASAAC-95_en-1.jpg\" alt=\"\" width=\"1049\" height=\"651\"><\/p>\n<p>Wenn Sie diese Aktion w\u00e4hlen, erscheint eine weitere Option, die den Prozentsatz der Volumensminderung anzeigt, den Sie dieser Aktion zuweisen m\u00f6chten, sobald Sie auf die Zelle klicken. Standardm\u00e4\u00dfig wird die Lautst\u00e4rke um 20 % pro Klick reduziert. Wir k\u00f6nnen jedoch den gew\u00fcnschten Prozentsatz ausw\u00e4hlen.<\/p>\n<p><img loading=\"lazy\" decoding=\"async\" class=\"alignnone wp-image-95184 size-full\" src=\"https:\/\/aulaabierta.arasaac.org\/wp-content\/uploads\/2023\/01\/Comunicador-Asterics-pictogramas-ARASAAC-96_en.jpg\" alt=\"\" width=\"1050\" height=\"647\"><\/p>\n<p>Nach der Konfiguration klicken Sie auf <strong>OK<\/strong> und wir haben unsere Zelle f\u00fcr die Verminderung der Lautst\u00e4rke des Players.<\/p>\n<p><img loading=\"lazy\" decoding=\"async\" class=\"alignnone wp-image-95194 size-full\" src=\"https:\/\/aulaabierta.arasaac.org\/wp-content\/uploads\/2023\/01\/Comunicador-Asterics-pictogramas-ARASAAC-97_en.jpg\" alt=\"\" width=\"1587\" height=\"753\"><\/p>\n<p>Wir m\u00fcssen nur noch die restlichen Schaltfl\u00e4chen hinzuf\u00fcgen und schon ist unser <strong>Youtube<\/strong>-Video-Player fertig.<\/p>\n<p><img loading=\"lazy\" decoding=\"async\" class=\"alignnone wp-image-95199 size-full\" src=\"https:\/\/aulaabierta.arasaac.org\/wp-content\/uploads\/2023\/01\/Comunicador-Asterics-pictogramas-ARASAAC-98_en.jpg\" alt=\"\" width=\"1587\" height=\"752\"><\/p>\n<p>In <strong>ARASAAC<\/strong> haben wir eine Sammlung von <strong>Multimedia-Buttons<\/strong> vorbereitet, die Sie in die Zellen Ihres Grids einf\u00fcgen k\u00f6nnen. Um sie anzuzeigen und der Zelle zuzuordnen, gehen Sie einfach zum Abschnitt <strong>Bild<\/strong> und geben Sie das Wort <strong>Schaltfl\u00e4che<\/strong> in das Feld &#8222;<strong>Bildsuche<\/strong>&#8220; ein.<\/p>\n<p><img loading=\"lazy\" decoding=\"async\" class=\"alignnone wp-image-95205 size-full\" src=\"https:\/\/aulaabierta.arasaac.org\/wp-content\/uploads\/2023\/01\/Comunicador-Asterics-pictogramas-ARASAAC-100_en.jpg\" alt=\"\" width=\"983\" height=\"742\"><\/p>\n<p>Wenn Sie Zweifel an der Funktion einer dieser Schaltfl\u00e4chen haben, klicken Sie auf diesen <strong><a href=\"https:\/\/arasaac.org\/pictograms\/search\/botones%20multimedia\" target=\"_blank\" rel=\"noopener\">LINK<\/a><\/strong>, der Sie zur ARASAAC-Seite mit den Namen der einzelnen Schaltfl\u00e4chen f\u00fchrt.<\/p>\n<p><img loading=\"lazy\" decoding=\"async\" class=\"alignnone wp-image-95211 size-full\" src=\"https:\/\/aulaabierta.arasaac.org\/wp-content\/uploads\/2023\/01\/Comunicador-Asterics-pictogramas-ARASAAC-99_en.jpg\" alt=\"\" width=\"1580\" height=\"265\"><\/p>\n<\/div><\/section>\n<div class='flex_column av-2krg6xr-318b22cf5a7dcc17d549f6d260a48947 av_one_fifth  avia-builder-el-3  el_after_av_textblock  el_before_av_one_fifth  first flex_column_div column-top-margin'     ><style type=\"text\/css\" data-created_by=\"avia_inline_auto\" id=\"style-css-av-l6kdyooj-d0157040f52fcb2e097ef467ff0ff44f\">\n.avia-image-container.av-l6kdyooj-d0157040f52fcb2e097ef467ff0ff44f img.avia_image{\nbox-shadow:none;\n}\n.avia-image-container.av-l6kdyooj-d0157040f52fcb2e097ef467ff0ff44f .av-image-caption-overlay-center{\ncolor:#ffffff;\n}\n<\/style>\n<div  class='avia-image-container av-l6kdyooj-d0157040f52fcb2e097ef467ff0ff44f av-styling- avia-align-center  avia-builder-el-4  avia-builder-el-no-sibling '   itemprop=\"image\" itemscope=\"itemscope\" itemtype=\"https:\/\/schema.org\/ImageObject\" ><div class=\"avia-image-container-inner\"><div class=\"avia-image-overlay-wrap\"><a href=\"https:\/\/aulaabierta.arasaac.org\/de\/asterics-aac_aktionen_web_radio\" class='avia_image' ><img decoding=\"async\" class='wp-image-96479 avia-img-lazy-loading-not-96479 avia_image ' src=\"https:\/\/aulaabierta.arasaac.org\/wp-content\/uploads\/2016\/12\/before-80x80.png\" alt='' title='before'  height=\"80\" width=\"80\"  itemprop=\"thumbnailUrl\" srcset=\"https:\/\/aulaabierta.arasaac.org\/wp-content\/uploads\/2016\/12\/before-80x80.png 80w, https:\/\/aulaabierta.arasaac.org\/wp-content\/uploads\/2016\/12\/before-36x36.png 36w, https:\/\/aulaabierta.arasaac.org\/wp-content\/uploads\/2016\/12\/before-120x120.png 120w, https:\/\/aulaabierta.arasaac.org\/wp-content\/uploads\/2016\/12\/before.png 128w\" sizes=\"(max-width: 80px) 100vw, 80px\" \/><\/a><\/div><\/div><\/div><\/div>\n<div class='flex_column av-2acjjb3-72430572443564d7b3ecb332fff10556 av_one_fifth  avia-builder-el-5  el_after_av_one_fifth  el_before_av_one_fifth  flex_column_div column-top-margin'     ><\/div>\n<div class='flex_column av-5ueg0v-f5b4451085be42fd2a70550803012549 av_one_fifth  avia-builder-el-6  el_after_av_one_fifth  el_before_av_one_fifth  flex_column_div column-top-margin'     ><style type=\"text\/css\" data-created_by=\"avia_inline_auto\" id=\"style-css-av-l6ke1xda-f1b99bc859425e24e150db459a323688\">\n.avia-image-container.av-l6ke1xda-f1b99bc859425e24e150db459a323688 img.avia_image{\nbox-shadow:none;\n}\n.avia-image-container.av-l6ke1xda-f1b99bc859425e24e150db459a323688 .av-image-caption-overlay-center{\ncolor:#ffffff;\n}\n<\/style>\n<div  class='avia-image-container av-l6ke1xda-f1b99bc859425e24e150db459a323688 av-styling- avia-align-center  avia-builder-el-7  avia-builder-el-no-sibling '   itemprop=\"image\" itemscope=\"itemscope\" itemtype=\"https:\/\/schema.org\/ImageObject\" ><div class=\"avia-image-container-inner\"><div class=\"avia-image-overlay-wrap\"><a href=\"https:\/\/aulaabierta.arasaac.org\/de\/asterics-aac_startseite\" class='avia_image' ><img decoding=\"async\" class='wp-image-106723 avia-img-lazy-loading-not-106723 avia_image ' src=\"https:\/\/aulaabierta.arasaac.org\/wp-content\/uploads\/2022\/08\/casa-120x120-1-80x80.png\" alt='' title='casa-120x120'  height=\"80\" width=\"80\"  itemprop=\"thumbnailUrl\" srcset=\"https:\/\/aulaabierta.arasaac.org\/wp-content\/uploads\/2022\/08\/casa-120x120-1-80x80.png 80w, https:\/\/aulaabierta.arasaac.org\/wp-content\/uploads\/2022\/08\/casa-120x120-1-36x36.png 36w, https:\/\/aulaabierta.arasaac.org\/wp-content\/uploads\/2022\/08\/casa-120x120-1.png 120w\" sizes=\"(max-width: 80px) 100vw, 80px\" \/><\/a><\/div><\/div><\/div><\/div>\n<div class='flex_column av-126aqin-7a6e39193fa1262d0b61cdb616a4a062 av_one_fifth  avia-builder-el-8  el_after_av_one_fifth  el_before_av_one_fifth  flex_column_div column-top-margin'     ><\/div>\n<div class='flex_column av-w2yn9b-3822e7b37f6ad515aaaac5be5b29fec2 av_one_fifth  avia-builder-el-9  el_after_av_one_fifth  el_before_av_one_full  flex_column_div column-top-margin'     ><style type=\"text\/css\" data-created_by=\"avia_inline_auto\" id=\"style-css-av-l6kdzl6f-8a4fb77754a57fec5a8e998d46876347\">\n.avia-image-container.av-l6kdzl6f-8a4fb77754a57fec5a8e998d46876347 img.avia_image{\nbox-shadow:none;\n}\n.avia-image-container.av-l6kdzl6f-8a4fb77754a57fec5a8e998d46876347 .av-image-caption-overlay-center{\ncolor:#ffffff;\n}\n<\/style>\n<div  class='avia-image-container av-l6kdzl6f-8a4fb77754a57fec5a8e998d46876347 av-styling- avia-align-center  avia-builder-el-10  avia-builder-el-no-sibling '   itemprop=\"image\" itemscope=\"itemscope\" itemtype=\"https:\/\/schema.org\/ImageObject\" ><div class=\"avia-image-container-inner\"><div class=\"avia-image-overlay-wrap\"><a href=\"https:\/\/aulaabierta.arasaac.org\/de\/asterics-aac_actions_sprache_grids_aendern\" class='avia_image' ><img decoding=\"async\" class='wp-image-96480 avia-img-lazy-loading-not-96480 avia_image ' src=\"https:\/\/aulaabierta.arasaac.org\/wp-content\/uploads\/2016\/12\/next-80x80.png\" alt='' title='next'  height=\"80\" width=\"80\"  itemprop=\"thumbnailUrl\" srcset=\"https:\/\/aulaabierta.arasaac.org\/wp-content\/uploads\/2016\/12\/next-80x80.png 80w, https:\/\/aulaabierta.arasaac.org\/wp-content\/uploads\/2016\/12\/next-36x36.png 36w, https:\/\/aulaabierta.arasaac.org\/wp-content\/uploads\/2016\/12\/next-120x120.png 120w, https:\/\/aulaabierta.arasaac.org\/wp-content\/uploads\/2016\/12\/next.png 128w\" sizes=\"(max-width: 80px) 100vw, 80px\" \/><\/a><\/div><\/div><\/div><\/div>\n<div class='flex_column av-vtfpkv-8fb9bef4cb06de80cef16013e631f9a4 av_one_full  avia-builder-el-11  el_after_av_one_fifth  avia-builder-el-last  first flex_column_div column-top-margin'     ><\/div>\n","protected":false},"excerpt":{"rendered":"","protected":false},"author":5,"featured_media":106721,"parent":0,"menu_order":0,"comment_status":"open","ping_status":"open","template":"","meta":{"om_disable_all_campaigns":false,"_monsterinsights_skip_tracking":false,"_monsterinsights_sitenote_active":false,"_monsterinsights_sitenote_note":"","_monsterinsights_sitenote_category":0,"_uf_show_specific_survey":0,"_uf_disable_surveys":false,"footnotes":""},"class_list":["post-111968","page","type-page","status-publish","has-post-thumbnail","hentry"],"aioseo_notices":[],"_links":{"self":[{"href":"https:\/\/aulaabierta.arasaac.org\/de\/wp-json\/wp\/v2\/pages\/111968","targetHints":{"allow":["GET"]}}],"collection":[{"href":"https:\/\/aulaabierta.arasaac.org\/de\/wp-json\/wp\/v2\/pages"}],"about":[{"href":"https:\/\/aulaabierta.arasaac.org\/de\/wp-json\/wp\/v2\/types\/page"}],"author":[{"embeddable":true,"href":"https:\/\/aulaabierta.arasaac.org\/de\/wp-json\/wp\/v2\/users\/5"}],"replies":[{"embeddable":true,"href":"https:\/\/aulaabierta.arasaac.org\/de\/wp-json\/wp\/v2\/comments?post=111968"}],"version-history":[{"count":112,"href":"https:\/\/aulaabierta.arasaac.org\/de\/wp-json\/wp\/v2\/pages\/111968\/revisions"}],"predecessor-version":[{"id":145734,"href":"https:\/\/aulaabierta.arasaac.org\/de\/wp-json\/wp\/v2\/pages\/111968\/revisions\/145734"}],"wp:featuredmedia":[{"embeddable":true,"href":"https:\/\/aulaabierta.arasaac.org\/de\/wp-json\/wp\/v2\/media\/106721"}],"wp:attachment":[{"href":"https:\/\/aulaabierta.arasaac.org\/de\/wp-json\/wp\/v2\/media?parent=111968"}],"curies":[{"name":"wp","href":"https:\/\/api.w.org\/{rel}","templated":true}]}}