{"id":12583,"date":"2018-11-19T11:21:35","date_gmt":"2018-11-19T10:21:35","guid":{"rendered":"http:\/\/aulaabierta.arasaac.org\/?page_id=12583"},"modified":"2019-01-10T10:26:46","modified_gmt":"2019-01-10T09:26:46","slug":"symbotalk-2-web-descarga","status":"publish","type":"page","link":"https:\/\/aulaabierta.arasaac.org\/de\/symbotalk-2-web-descarga","title":{"rendered":"Symbotalk &#8211; 2 &#8211; Registro y acceso a Symbotalk"},"content":{"rendered":"<div id='av-layout-grid-1'  class='av-layout-grid-container av-7yygpbb-8de795f8b1ad684c8eee684105001c70 entry-content-wrapper alternate_color av-border-cells av-flex-cells  avia-builder-el-0  el_before_av_textblock  avia-builder-el-first   container_wrap fullsize'  >\n\n<style type=\"text\/css\" data-created_by=\"avia_inline_auto\" id=\"style-css-av-7s72p7r-2ef4f16c6dcd97681eaa5c7371b5f73e\">\n.flex_cell.av-7s72p7r-2ef4f16c6dcd97681eaa5c7371b5f73e{\nvertical-align:top;\n}\n.responsive #top #wrap_all .flex_cell.av-7s72p7r-2ef4f16c6dcd97681eaa5c7371b5f73e{\npadding:30px 30px 30px 30px !important;\n}\n<\/style>\n<div class='flex_cell av-7s72p7r-2ef4f16c6dcd97681eaa5c7371b5f73e av-gridrow-cell av_one_fifth no_margin  avia-builder-el-1  el_before_av_cell_four_fifth  avia-builder-el-first ' ><div class='flex_cell_inner'>\n<style type=\"text\/css\" data-created_by=\"avia_inline_auto\" id=\"style-css-av-75kfa6f-c9faed996b99a73e7fe6a231fef158a3\">\n.avia-image-container.av-75kfa6f-c9faed996b99a73e7fe6a231fef158a3 img.avia_image{\nbox-shadow:none;\n}\n.avia-image-container.av-75kfa6f-c9faed996b99a73e7fe6a231fef158a3 .av-caption-image-overlay-bg{\nopacity:0.4;\nbackground-color:#000000;\n}\n.avia-image-container.av-75kfa6f-c9faed996b99a73e7fe6a231fef158a3 .av-image-caption-overlay-center{\ncolor:#ffffff;\n}\n<\/style>\n<div  class='avia-image-container av-75kfa6f-c9faed996b99a73e7fe6a231fef158a3 av-styling- avia-align-left  avia-builder-el-2  avia-builder-el-no-sibling  noHover av-overlay-on-hover'   itemprop=\"image\" itemscope=\"itemscope\" itemtype=\"https:\/\/schema.org\/ImageObject\" ><div class=\"avia-image-container-inner\"><div class=\"avia-image-overlay-wrap\"><a href=\"https:\/\/aulaabierta.arasaac.org\/de\/symbotalk-0-inicio-2\" class='avia_image' ><div class=\"av-image-caption-overlay\"><div class=\"av-caption-image-overlay-bg\"><\/div><div class=\"av-image-caption-overlay-position\"><div class=\"av-image-caption-overlay-center\"><p>Volver a inicio<\/p>\n<\/div><\/div><\/div><img decoding=\"async\" class='wp-image-99374 avia-img-lazy-loading-not-99374 avia_image ' src=\"https:\/\/aulaabierta.arasaac.org\/wp-content\/uploads\/2018\/06\/Symbotalk_ARASAAC-300x300.png\" alt='' title='Symbotalk_ARASAAC'  height=\"300\" width=\"300\"  itemprop=\"thumbnailUrl\" srcset=\"https:\/\/aulaabierta.arasaac.org\/wp-content\/uploads\/2018\/06\/Symbotalk_ARASAAC-300x300.png 300w, https:\/\/aulaabierta.arasaac.org\/wp-content\/uploads\/2018\/06\/Symbotalk_ARASAAC-80x80.png 80w, https:\/\/aulaabierta.arasaac.org\/wp-content\/uploads\/2018\/06\/Symbotalk_ARASAAC-768x767.png 768w, https:\/\/aulaabierta.arasaac.org\/wp-content\/uploads\/2018\/06\/Symbotalk_ARASAAC-1030x1030.png 1030w, https:\/\/aulaabierta.arasaac.org\/wp-content\/uploads\/2018\/06\/Symbotalk_ARASAAC-36x36.png 36w, https:\/\/aulaabierta.arasaac.org\/wp-content\/uploads\/2018\/06\/Symbotalk_ARASAAC-180x180.png 180w, https:\/\/aulaabierta.arasaac.org\/wp-content\/uploads\/2018\/06\/Symbotalk_ARASAAC-705x705.png 705w, https:\/\/aulaabierta.arasaac.org\/wp-content\/uploads\/2018\/06\/Symbotalk_ARASAAC-120x120.png 120w, https:\/\/aulaabierta.arasaac.org\/wp-content\/uploads\/2018\/06\/Symbotalk_ARASAAC-450x450.png 450w, https:\/\/aulaabierta.arasaac.org\/wp-content\/uploads\/2018\/06\/Symbotalk_ARASAAC.png 1042w\" sizes=\"(max-width: 300px) 100vw, 300px\" \/><\/a><\/div><\/div><\/div>\n<\/div><\/div>\n<style type=\"text\/css\" data-created_by=\"avia_inline_auto\" id=\"style-css-av-6p28og7-986829ece050c1dd947955775265e5b1\">\n.flex_cell.av-6p28og7-986829ece050c1dd947955775265e5b1{\nvertical-align:middle;\n}\n.responsive #top #wrap_all .flex_cell.av-6p28og7-986829ece050c1dd947955775265e5b1{\npadding:30px 30px 30px 30px !important;\n}\n<\/style>\n<div class='flex_cell av-6p28og7-986829ece050c1dd947955775265e5b1 av-gridrow-cell av_four_fifth no_margin  avia-builder-el-3  el_after_av_cell_one_fifth  avia-builder-el-last ' ><div class='flex_cell_inner'>\n<style type=\"text\/css\" data-created_by=\"avia_inline_auto\" id=\"style-css-av-jqqelz66-b47a9f3e6653fb8a3f2b9f1c29b71589\">\n#top .av-special-heading.av-jqqelz66-b47a9f3e6653fb8a3f2b9f1c29b71589{\npadding-bottom:0;\n}\nbody .av-special-heading.av-jqqelz66-b47a9f3e6653fb8a3f2b9f1c29b71589 .av-special-heading-tag .heading-char{\nfont-size:25px;\n}\n#top #wrap_all .av-special-heading.av-jqqelz66-b47a9f3e6653fb8a3f2b9f1c29b71589 .av-special-heading-tag{\nfont-size:26px;\n}\n.av-special-heading.av-jqqelz66-b47a9f3e6653fb8a3f2b9f1c29b71589 .av-subheading{\nfont-size:15px;\n}\n<\/style>\n<div  class='av-special-heading av-jqqelz66-b47a9f3e6653fb8a3f2b9f1c29b71589 av-special-heading-h2  avia-builder-el-4  avia-builder-el-no-sibling '><h2 class='av-special-heading-tag'  itemprop=\"headline\"  >2. REGISTRO Y ACCESO A SYMBOTALK<\/h2><div class=\"special-heading-border\"><div class=\"special-heading-inner-border\"><\/div><\/div><\/div>\n<\/div><\/div>\n<\/div><div id='after_grid_row_1'  class='main_color av_default_container_wrap container_wrap fullsize'  ><div class='container av-section-cont-open' ><div class='template-page content  av-content-full alpha units'><div class='post-entry post-entry-type-page post-entry-12583'><div class='entry-content-wrapper clearfix'>\n\n<style type=\"text\/css\" data-created_by=\"avia_inline_auto\" id=\"style-css-av-5ybegxz-e9fac6a7e77e1aca3fbec049dfa61e89\">\n#top .av_textblock_section.av-5ybegxz-e9fac6a7e77e1aca3fbec049dfa61e89 .avia_textblock{\nfont-size:16px;\n}\n<\/style>\n<section  class='av_textblock_section av-5ybegxz-e9fac6a7e77e1aca3fbec049dfa61e89'  itemscope=\"itemscope\" itemtype=\"https:\/\/schema.org\/CreativeWork\" ><div class='avia_textblock'  itemprop=\"text\" ><h6 style=\"text-align: center;\"><img loading=\"lazy\" decoding=\"async\" class=\"aligncenter size-full wp-image-932\" src=\"https:\/\/aulaabierta.arasaac.org\/wp-content\/uploads\/2016\/12\/by-nc-sa.eu_petit.png\" alt=\"\" width=\"118\" height=\"41\" \/>Este obra est\u00e1 bajo una <a href=\"http:\/\/creativecommons.org\/licenses\/by-nc-sa\/4.0\/\" rel=\"license\">licencia de Creative Commons Reconocimiento-NoComercial-CompartirIgual 4.0 Internacional<\/a>.<\/h6>\n<hr \/>\n<p><a href=\"https:\/\/www.symbotalk.com\/\" target=\"_blank\" rel=\"noopener noreferrer\"><strong>Symbotalk<\/strong><\/a> es un <strong>comunicador multiplataforma<\/strong> con una <strong>interfaz \u00fanica<\/strong>, independientemente de la plataforma de uso, que permite la <strong>sincronizaci\u00f3n<\/strong> de informaci\u00f3n entre cualquiera de ellas<\/p>\n<p>Podemos acceder a la <a href=\"https:\/\/www.symbotalkapp.com\/\" target=\"_blank\" rel=\"noopener\"><strong>aplicaci\u00f3n web<\/strong><\/a> a trav\u00e9s de nuestro navegador habitual en el PC y a trav\u00e9s de la <strong>descarga gratuita de la App<\/strong>\u00a0para dispositivos m\u00f3viles con sistema operativo <a href=\"https:\/\/play.google.com\/store\/apps\/details?id=com.elelad.comboard&amp;hl=es_419\" target=\"_blank\" rel=\"noopener\"><strong>Android<\/strong><\/a> e <strong><a href=\"https:\/\/itunes.apple.com\/us\/app\/symbotalk-aac-talker\/id1294023783?mt=8\" target=\"_blank\" rel=\"noopener\">iOS<\/a><\/strong>.<\/p>\n<p><img loading=\"lazy\" decoding=\"async\" class=\"aligncenter wp-image-9025 size-full\" src=\"https:\/\/aulaabierta.arasaac.org\/wp-content\/uploads\/2018\/06\/Symbotalk_Plataformas.jpg\" alt=\"\" width=\"400\" height=\"300\" srcset=\"https:\/\/aulaabierta.arasaac.org\/wp-content\/uploads\/2018\/06\/Symbotalk_Plataformas.jpg 400w, https:\/\/aulaabierta.arasaac.org\/wp-content\/uploads\/2018\/06\/Symbotalk_Plataformas-300x225.jpg 300w\" sizes=\"auto, (max-width: 400px) 100vw, 400px\" \/><\/p>\n<p>La \u00fanica <strong>diferencia<\/strong> entre la versi\u00f3n web de la aplicaci\u00f3n y la que descargamos en dispositivos m\u00f3viles es el acceso a alguna funcionalidad adicional como la <strong>impresi\u00f3n en formato pdf de los tableros<\/strong> en la versi\u00f3n web para PC.<\/p>\n<\/div><\/section>\n\n<style type=\"text\/css\" data-created_by=\"avia_inline_auto\" id=\"style-css-av-av_heading-b59fffd5b0ad0c0c4383fa452f2efc72\">\n#top .av-special-heading.av-av_heading-b59fffd5b0ad0c0c4383fa452f2efc72{\npadding-bottom:10px;\n}\nbody .av-special-heading.av-av_heading-b59fffd5b0ad0c0c4383fa452f2efc72 .av-special-heading-tag .heading-char{\nfont-size:25px;\n}\n.av-special-heading.av-av_heading-b59fffd5b0ad0c0c4383fa452f2efc72 .av-subheading{\nfont-size:15px;\n}\n<\/style>\n<div  class='av-special-heading av-av_heading-b59fffd5b0ad0c0c4383fa452f2efc72 av-special-heading-h3  avia-builder-el-6  el_after_av_textblock  el_before_av_textblock '><h3 class='av-special-heading-tag'  itemprop=\"headline\"  >Registro y acceso a la aplicaci\u00f3n Symbotalk<\/h3><div class=\"special-heading-border\"><div class=\"special-heading-inner-border\"><\/div><\/div><\/div>\n<section  class='av_textblock_section av-4vv5ngn-fe3cdce30373d6a221612691382140b7'  itemscope=\"itemscope\" itemtype=\"https:\/\/schema.org\/CreativeWork\" ><div class='avia_textblock'  itemprop=\"text\" ><p>Cuando accedemos a\u00a0<strong>SymboTalk<\/strong>, nos encontramos con la pantalla de bienvenida.<\/p>\n<p><img loading=\"lazy\" decoding=\"async\" class=\"aligncenter wp-image-12584 size-full\" src=\"https:\/\/aulaabierta.arasaac.org\/wp-content\/uploads\/2018\/11\/symbotalk_2_1.jpg\" alt=\"\" width=\"1481\" height=\"824\" srcset=\"https:\/\/aulaabierta.arasaac.org\/wp-content\/uploads\/2018\/11\/symbotalk_2_1.jpg 1481w, https:\/\/aulaabierta.arasaac.org\/wp-content\/uploads\/2018\/11\/symbotalk_2_1-300x167.jpg 300w, https:\/\/aulaabierta.arasaac.org\/wp-content\/uploads\/2018\/11\/symbotalk_2_1-768x427.jpg 768w, https:\/\/aulaabierta.arasaac.org\/wp-content\/uploads\/2018\/11\/symbotalk_2_1-1030x573.jpg 1030w, https:\/\/aulaabierta.arasaac.org\/wp-content\/uploads\/2018\/11\/symbotalk_2_1-705x392.jpg 705w, https:\/\/aulaabierta.arasaac.org\/wp-content\/uploads\/2018\/11\/symbotalk_2_1-450x250.jpg 450w\" sizes=\"auto, (max-width: 1481px) 100vw, 1481px\" \/><\/p>\n<p>Para comenzar a utilizar la aplicaci\u00f3n, clicamos en el icono\u00a0<img loading=\"lazy\" decoding=\"async\" class=\"alignnone wp-image-13149\" src=\"https:\/\/aulaabierta.arasaac.org\/wp-content\/uploads\/2019\/01\/Icono_symbotalk_1.jpg\" alt=\"\" width=\"28\" height=\"22\" \/>\u00a0que se encuentra en la barra superior derecha.<\/p>\n<p><img loading=\"lazy\" decoding=\"async\" class=\"alignnone wp-image-12585 size-full\" src=\"https:\/\/aulaabierta.arasaac.org\/wp-content\/uploads\/2018\/11\/symbotalk_2_2.jpg\" alt=\"\" width=\"1479\" height=\"835\" srcset=\"https:\/\/aulaabierta.arasaac.org\/wp-content\/uploads\/2018\/11\/symbotalk_2_2.jpg 1479w, https:\/\/aulaabierta.arasaac.org\/wp-content\/uploads\/2018\/11\/symbotalk_2_2-300x169.jpg 300w, https:\/\/aulaabierta.arasaac.org\/wp-content\/uploads\/2018\/11\/symbotalk_2_2-768x434.jpg 768w, https:\/\/aulaabierta.arasaac.org\/wp-content\/uploads\/2018\/11\/symbotalk_2_2-1030x582.jpg 1030w, https:\/\/aulaabierta.arasaac.org\/wp-content\/uploads\/2018\/11\/symbotalk_2_2-705x398.jpg 705w, https:\/\/aulaabierta.arasaac.org\/wp-content\/uploads\/2018\/11\/symbotalk_2_2-450x254.jpg 450w\" sizes=\"auto, (max-width: 1479px) 100vw, 1479px\" \/><\/p>\n<p>Pulsamos en <strong>Login<\/strong> para poder iniciar el <strong>registro<\/strong> en la aplicaci\u00f3n de forma<strong> gratuita.<\/strong><\/p>\n<p><img loading=\"lazy\" decoding=\"async\" class=\"alignnone wp-image-12586 size-full\" src=\"https:\/\/aulaabierta.arasaac.org\/wp-content\/uploads\/2018\/11\/symbotalk_2_3.jpg\" alt=\"\" width=\"1481\" height=\"833\" srcset=\"https:\/\/aulaabierta.arasaac.org\/wp-content\/uploads\/2018\/11\/symbotalk_2_3.jpg 1481w, https:\/\/aulaabierta.arasaac.org\/wp-content\/uploads\/2018\/11\/symbotalk_2_3-300x169.jpg 300w, https:\/\/aulaabierta.arasaac.org\/wp-content\/uploads\/2018\/11\/symbotalk_2_3-768x432.jpg 768w, https:\/\/aulaabierta.arasaac.org\/wp-content\/uploads\/2018\/11\/symbotalk_2_3-1030x579.jpg 1030w, https:\/\/aulaabierta.arasaac.org\/wp-content\/uploads\/2018\/11\/symbotalk_2_3-705x397.jpg 705w, https:\/\/aulaabierta.arasaac.org\/wp-content\/uploads\/2018\/11\/symbotalk_2_3-450x253.jpg 450w\" sizes=\"auto, (max-width: 1481px) 100vw, 1481px\" \/><\/p>\n<p>A continuaci\u00f3n, aparece una ventana en la que se informa que para poder realizar la <strong>sincronizaci\u00f3n entre dispositivos<\/strong>\u00a0 se requiere realizar una suscripci\u00f3n de 1 d\u00f3lar al mes. Este mensaje no afecta al funcionamiento de la aplicaci\u00f3n (plenamente funcional en el PC o en la App), ya que el <strong>REGISTRO<\/strong> y <strong>USO<\/strong>\u00a0es <strong>TOTALMENTE GRATUITO<\/strong>.\u00a0 Esta suscripci\u00f3n tiene la finalidad de sufragar los costes del servidor en el que se alojan las copias de seguridad para realizar la sincronizaci\u00f3n entre dispositivos y los costes de la publicaci\u00f3n y mantenimiento de la App en las distintas plataformas.<\/p>\n<p>Para continuar con el proceso de registro pulsamos en <strong>Sign Up<\/strong>.<\/p>\n<p><img loading=\"lazy\" decoding=\"async\" class=\"alignnone wp-image-12587 size-full\" src=\"https:\/\/aulaabierta.arasaac.org\/wp-content\/uploads\/2018\/11\/symbotalk_2_4.jpg\" alt=\"\" width=\"1481\" height=\"834\" srcset=\"https:\/\/aulaabierta.arasaac.org\/wp-content\/uploads\/2018\/11\/symbotalk_2_4.jpg 1481w, https:\/\/aulaabierta.arasaac.org\/wp-content\/uploads\/2018\/11\/symbotalk_2_4-300x169.jpg 300w, https:\/\/aulaabierta.arasaac.org\/wp-content\/uploads\/2018\/11\/symbotalk_2_4-768x432.jpg 768w, https:\/\/aulaabierta.arasaac.org\/wp-content\/uploads\/2018\/11\/symbotalk_2_4-1030x580.jpg 1030w, https:\/\/aulaabierta.arasaac.org\/wp-content\/uploads\/2018\/11\/symbotalk_2_4-705x397.jpg 705w, https:\/\/aulaabierta.arasaac.org\/wp-content\/uploads\/2018\/11\/symbotalk_2_4-450x253.jpg 450w\" sizes=\"auto, (max-width: 1481px) 100vw, 1481px\" \/><\/p>\n<p>Una vez accedemos a la ventana de registro, marcamos\u00a0 la casilla <strong>I agree to Terms<\/strong>.<\/p>\n<p>A continuaci\u00f3n, se presentan <strong>dos posibilidades de registro<\/strong>:<\/p>\n<ol>\n<li>Registro en la aplicaci\u00f3n con una<strong> cuenta de correo electr\u00f3nico de cualquier servicio de mensajer\u00eda<\/strong> (Gmail, Hotmail, Outlook, etc.). En el caso de que vayamos a sincronizar el comunicador con otras personas (profesionales o familias), recomendamos crear y utilizar una cuenta de correo exclusiva para este fin.<\/li>\n<li>Registro con nuestra <strong>cuenta de correo de Google<\/strong>. Para ello pulsamos en el recuadro <strong>Sign in with Google<\/strong>. Nos aparecer\u00e1 una ventana emergente en la que se listar\u00e1n las cuentas de Google con las que nos hemos autentificado alguna vez en ese navegador o nos saldr\u00e1 un formulario de Google en el que podremos introducir los datos de nuestra cuenta de Google (usuario y contrase\u00f1a). Una vez realizados estos pasos, se cerrar\u00e1 la ventana y regresaremos a la aplicaci\u00f3n ya registrados.<\/li>\n<\/ol>\n<p>Una vez completado el formulario de registro, pulsamos en <strong>Sign<\/strong>.<\/p>\n<p><img loading=\"lazy\" decoding=\"async\" class=\"alignnone size-full wp-image-12588\" src=\"https:\/\/aulaabierta.arasaac.org\/wp-content\/uploads\/2018\/11\/symbotalk_2_7.jpg\" alt=\"\" width=\"1482\" height=\"834\" srcset=\"https:\/\/aulaabierta.arasaac.org\/wp-content\/uploads\/2018\/11\/symbotalk_2_7.jpg 1482w, https:\/\/aulaabierta.arasaac.org\/wp-content\/uploads\/2018\/11\/symbotalk_2_7-300x169.jpg 300w, https:\/\/aulaabierta.arasaac.org\/wp-content\/uploads\/2018\/11\/symbotalk_2_7-768x432.jpg 768w, https:\/\/aulaabierta.arasaac.org\/wp-content\/uploads\/2018\/11\/symbotalk_2_7-1030x580.jpg 1030w, https:\/\/aulaabierta.arasaac.org\/wp-content\/uploads\/2018\/11\/symbotalk_2_7-705x397.jpg 705w, https:\/\/aulaabierta.arasaac.org\/wp-content\/uploads\/2018\/11\/symbotalk_2_7-450x253.jpg 450w\" sizes=\"auto, (max-width: 1482px) 100vw, 1482px\" \/><\/p>\n<p>Si ya estamos registrado en la aplicaci\u00f3n, podemos acceder directamente desde la pesta\u00f1a <strong>Sign In<\/strong>.<\/p>\n<p><img loading=\"lazy\" decoding=\"async\" class=\"alignnone size-full wp-image-12590\" src=\"https:\/\/aulaabierta.arasaac.org\/wp-content\/uploads\/2018\/11\/symbotalk_2_8.jpg\" alt=\"\" width=\"1481\" height=\"831\" srcset=\"https:\/\/aulaabierta.arasaac.org\/wp-content\/uploads\/2018\/11\/symbotalk_2_8.jpg 1481w, https:\/\/aulaabierta.arasaac.org\/wp-content\/uploads\/2018\/11\/symbotalk_2_8-300x168.jpg 300w, https:\/\/aulaabierta.arasaac.org\/wp-content\/uploads\/2018\/11\/symbotalk_2_8-768x431.jpg 768w, https:\/\/aulaabierta.arasaac.org\/wp-content\/uploads\/2018\/11\/symbotalk_2_8-1030x578.jpg 1030w, https:\/\/aulaabierta.arasaac.org\/wp-content\/uploads\/2018\/11\/symbotalk_2_8-705x396.jpg 705w, https:\/\/aulaabierta.arasaac.org\/wp-content\/uploads\/2018\/11\/symbotalk_2_8-450x252.jpg 450w\" sizes=\"auto, (max-width: 1481px) 100vw, 1481px\" \/><\/p>\n<p>Al igual que en el registro tenemos dos opciones: o introducir el email y la contrase\u00f1a con la que nos registramos manualmente (1) o autentificarnos con la cuenta de Google (2).<\/p>\n<\/div><\/section>\n<\/div><\/div><\/div><!-- close content main div --><\/div><\/div><div id='av-layout-grid-2'  class='av-layout-grid-container av-4ke33yf-b7571d2b4a58d5cf7861b2294411d567 entry-content-wrapper main_color av-border-top-bottom av-flex-cells  avia-builder-el-8  el_after_av_textblock  avia-builder-el-last  grid-row-not-first  container_wrap fullsize'  >\n\n<style type=\"text\/css\" data-created_by=\"avia_inline_auto\" id=\"style-css-av-3vdp9t3-73bab922e01f0d79888f0a9e55273a53\">\n.flex_cell.av-3vdp9t3-73bab922e01f0d79888f0a9e55273a53{\nvertical-align:top;\n}\n.responsive #top #wrap_all .flex_cell.av-3vdp9t3-73bab922e01f0d79888f0a9e55273a53{\npadding:30px 30px 30px 30px !important;\n}\n<\/style>\n<div class='flex_cell av-3vdp9t3-73bab922e01f0d79888f0a9e55273a53 av-gridrow-cell av_one_fifth no_margin  avia-builder-el-9  el_before_av_cell_one_fifth  avia-builder-el-first ' ><div class='flex_cell_inner'>\n<style type=\"text\/css\" data-created_by=\"avia_inline_auto\" id=\"style-css-av-3jrg9c7-27032c14e13813a28f2cfd02964490b6\">\n.avia-image-container.av-3jrg9c7-27032c14e13813a28f2cfd02964490b6 img.avia_image{\nbox-shadow:none;\n}\n.avia-image-container.av-3jrg9c7-27032c14e13813a28f2cfd02964490b6 .av-image-caption-overlay-center{\ncolor:#ffffff;\n}\n<\/style>\n<div  class='avia-image-container av-3jrg9c7-27032c14e13813a28f2cfd02964490b6 av-styling- avia-align-center  avia-builder-el-10  avia-builder-el-no-sibling '   itemprop=\"image\" itemscope=\"itemscope\" itemtype=\"https:\/\/schema.org\/ImageObject\" ><div class=\"avia-image-container-inner\"><div class=\"avia-image-overlay-wrap\"><a href=\"https:\/\/aulaabierta.arasaac.org\/de\/symbotalk-1-introduccion\" class='avia_image' ><img decoding=\"async\" class='wp-image-96479 avia-img-lazy-loading-not-96479 avia_image ' src=\"https:\/\/aulaabierta.arasaac.org\/wp-content\/uploads\/2016\/12\/before-80x80.png\" alt='' title='before'  height=\"80\" width=\"80\"  itemprop=\"thumbnailUrl\" srcset=\"https:\/\/aulaabierta.arasaac.org\/wp-content\/uploads\/2016\/12\/before-80x80.png 80w, https:\/\/aulaabierta.arasaac.org\/wp-content\/uploads\/2016\/12\/before-36x36.png 36w, https:\/\/aulaabierta.arasaac.org\/wp-content\/uploads\/2016\/12\/before-120x120.png 120w, https:\/\/aulaabierta.arasaac.org\/wp-content\/uploads\/2016\/12\/before.png 128w\" sizes=\"(max-width: 80px) 100vw, 80px\" \/><\/a><\/div><\/div><\/div>\n<\/div><\/div>\n<style type=\"text\/css\" data-created_by=\"avia_inline_auto\" id=\"style-css-av-2tqmoyv-d2e9eefda301d560b42bba5fcf1e2653\">\n.flex_cell.av-2tqmoyv-d2e9eefda301d560b42bba5fcf1e2653{\nvertical-align:top;\n}\n.responsive #top #wrap_all .flex_cell.av-2tqmoyv-d2e9eefda301d560b42bba5fcf1e2653{\npadding:30px 30px 30px 30px !important;\n}\n<\/style>\n<div class='flex_cell av-2tqmoyv-d2e9eefda301d560b42bba5fcf1e2653 av-gridrow-cell av_one_fifth no_margin  avia-builder-el-11  el_after_av_cell_one_fifth  el_before_av_cell_one_fifth ' ><div class='flex_cell_inner'><\/div><\/div>\n<style type=\"text\/css\" data-created_by=\"avia_inline_auto\" id=\"style-css-av-2mopbgn-f724d45b1a21dde3827f7788a6d82e2b\">\n.flex_cell.av-2mopbgn-f724d45b1a21dde3827f7788a6d82e2b{\nvertical-align:top;\n}\n.responsive #top #wrap_all .flex_cell.av-2mopbgn-f724d45b1a21dde3827f7788a6d82e2b{\npadding:30px 30px 30px 30px !important;\n}\n<\/style>\n<div class='flex_cell av-2mopbgn-f724d45b1a21dde3827f7788a6d82e2b av-gridrow-cell av_one_fifth no_margin  avia-builder-el-12  el_after_av_cell_one_fifth  el_before_av_cell_one_fifth ' ><div class='flex_cell_inner'>\n<style type=\"text\/css\" data-created_by=\"avia_inline_auto\" id=\"style-css-av-28179hj-a1d5549acf0ee9b08e8cff4b69a53ac6\">\n.avia-image-container.av-28179hj-a1d5549acf0ee9b08e8cff4b69a53ac6 img.avia_image{\nbox-shadow:none;\n}\n.avia-image-container.av-28179hj-a1d5549acf0ee9b08e8cff4b69a53ac6 .av-image-caption-overlay-center{\ncolor:#ffffff;\n}\n<\/style>\n<div  class='avia-image-container av-28179hj-a1d5549acf0ee9b08e8cff4b69a53ac6 av-styling- avia-align-center  avia-builder-el-13  avia-builder-el-no-sibling '   itemprop=\"image\" itemscope=\"itemscope\" itemtype=\"https:\/\/schema.org\/ImageObject\" ><div class=\"avia-image-container-inner\"><div class=\"avia-image-overlay-wrap\"><a href=\"https:\/\/aulaabierta.arasaac.org\/de\/symbotalk-0-inicio-2\" class='avia_image' ><img decoding=\"async\" class='wp-image-96481 avia-img-lazy-loading-not-96481 avia_image ' src=\"https:\/\/aulaabierta.arasaac.org\/wp-content\/uploads\/2016\/12\/casa-80x80.png\" alt='' title='Inicio'  height=\"80\" width=\"80\"  itemprop=\"thumbnailUrl\" srcset=\"https:\/\/aulaabierta.arasaac.org\/wp-content\/uploads\/2016\/12\/casa-80x80.png 80w, https:\/\/aulaabierta.arasaac.org\/wp-content\/uploads\/2016\/12\/casa-300x300.png 300w, https:\/\/aulaabierta.arasaac.org\/wp-content\/uploads\/2016\/12\/casa-36x36.png 36w, https:\/\/aulaabierta.arasaac.org\/wp-content\/uploads\/2016\/12\/casa-180x180.png 180w, https:\/\/aulaabierta.arasaac.org\/wp-content\/uploads\/2016\/12\/casa-120x120.png 120w, https:\/\/aulaabierta.arasaac.org\/wp-content\/uploads\/2016\/12\/casa-450x450.png 450w, https:\/\/aulaabierta.arasaac.org\/wp-content\/uploads\/2016\/12\/casa.png 500w\" sizes=\"(max-width: 80px) 100vw, 80px\" \/><\/a><\/div><\/div><\/div>\n<\/div><\/div>\n<style type=\"text\/css\" data-created_by=\"avia_inline_auto\" id=\"style-css-av-1fodfnr-80cc106157a10ab22d9acfd27cdc82f0\">\n.flex_cell.av-1fodfnr-80cc106157a10ab22d9acfd27cdc82f0{\nvertical-align:top;\n}\n.responsive #top #wrap_all .flex_cell.av-1fodfnr-80cc106157a10ab22d9acfd27cdc82f0{\npadding:30px 30px 30px 30px !important;\n}\n<\/style>\n<div class='flex_cell av-1fodfnr-80cc106157a10ab22d9acfd27cdc82f0 av-gridrow-cell av_one_fifth no_margin  avia-builder-el-14  el_after_av_cell_one_fifth  el_before_av_cell_one_fifth ' ><div class='flex_cell_inner'><\/div><\/div>\n<style type=\"text\/css\" data-created_by=\"avia_inline_auto\" id=\"style-css-av-11ybxvr-5d40c349abf50ca0b8e0396509004170\">\n.flex_cell.av-11ybxvr-5d40c349abf50ca0b8e0396509004170{\nvertical-align:top;\n}\n.responsive #top #wrap_all .flex_cell.av-11ybxvr-5d40c349abf50ca0b8e0396509004170{\npadding:30px 30px 30px 30px !important;\n}\n<\/style>\n<div class='flex_cell av-11ybxvr-5d40c349abf50ca0b8e0396509004170 av-gridrow-cell av_one_fifth no_margin  avia-builder-el-15  el_after_av_cell_one_fifth  avia-builder-el-last ' ><div class='flex_cell_inner'>\n<style type=\"text\/css\" data-created_by=\"avia_inline_auto\" id=\"style-css-av-n9n0p3-1731ae477923c463abe5da85b2190f35\">\n.avia-image-container.av-n9n0p3-1731ae477923c463abe5da85b2190f35 img.avia_image{\nbox-shadow:none;\n}\n.avia-image-container.av-n9n0p3-1731ae477923c463abe5da85b2190f35 .av-image-caption-overlay-center{\ncolor:#ffffff;\n}\n<\/style>\n<div  class='avia-image-container av-n9n0p3-1731ae477923c463abe5da85b2190f35 av-styling- avia-align-center  avia-builder-el-16  avia-builder-el-no-sibling '   itemprop=\"image\" itemscope=\"itemscope\" itemtype=\"https:\/\/schema.org\/ImageObject\" ><div class=\"avia-image-container-inner\"><div class=\"avia-image-overlay-wrap\"><a href=\"https:\/\/aulaabierta.arasaac.org\/de\/symbotalk-3-primeras-configuraciones\" class='avia_image' ><img decoding=\"async\" class='wp-image-96480 avia-img-lazy-loading-not-96480 avia_image ' src=\"https:\/\/aulaabierta.arasaac.org\/wp-content\/uploads\/2016\/12\/next-80x80.png\" alt='' title='next'  height=\"80\" width=\"80\"  itemprop=\"thumbnailUrl\" srcset=\"https:\/\/aulaabierta.arasaac.org\/wp-content\/uploads\/2016\/12\/next-80x80.png 80w, https:\/\/aulaabierta.arasaac.org\/wp-content\/uploads\/2016\/12\/next-36x36.png 36w, https:\/\/aulaabierta.arasaac.org\/wp-content\/uploads\/2016\/12\/next-120x120.png 120w, https:\/\/aulaabierta.arasaac.org\/wp-content\/uploads\/2016\/12\/next.png 128w\" sizes=\"(max-width: 80px) 100vw, 80px\" \/><\/a><\/div><\/div><\/div>\n<\/div><\/div>\n<\/div>\n","protected":false},"excerpt":{"rendered":"","protected":false},"author":5,"featured_media":9014,"parent":0,"menu_order":0,"comment_status":"closed","ping_status":"closed","template":"","meta":{"om_disable_all_campaigns":false,"_monsterinsights_skip_tracking":false,"_monsterinsights_sitenote_active":false,"_monsterinsights_sitenote_note":"","_monsterinsights_sitenote_category":0,"_uf_show_specific_survey":0,"_uf_disable_surveys":false,"footnotes":""},"class_list":["post-12583","page","type-page","status-publish","has-post-thumbnail","hentry"],"aioseo_notices":[],"_links":{"self":[{"href":"https:\/\/aulaabierta.arasaac.org\/de\/wp-json\/wp\/v2\/pages\/12583","targetHints":{"allow":["GET"]}}],"collection":[{"href":"https:\/\/aulaabierta.arasaac.org\/de\/wp-json\/wp\/v2\/pages"}],"about":[{"href":"https:\/\/aulaabierta.arasaac.org\/de\/wp-json\/wp\/v2\/types\/page"}],"author":[{"embeddable":true,"href":"https:\/\/aulaabierta.arasaac.org\/de\/wp-json\/wp\/v2\/users\/5"}],"replies":[{"embeddable":true,"href":"https:\/\/aulaabierta.arasaac.org\/de\/wp-json\/wp\/v2\/comments?post=12583"}],"version-history":[{"count":9,"href":"https:\/\/aulaabierta.arasaac.org\/de\/wp-json\/wp\/v2\/pages\/12583\/revisions"}],"predecessor-version":[{"id":83562,"href":"https:\/\/aulaabierta.arasaac.org\/de\/wp-json\/wp\/v2\/pages\/12583\/revisions\/83562"}],"wp:featuredmedia":[{"embeddable":true,"href":"https:\/\/aulaabierta.arasaac.org\/de\/wp-json\/wp\/v2\/media\/9014"}],"wp:attachment":[{"href":"https:\/\/aulaabierta.arasaac.org\/de\/wp-json\/wp\/v2\/media?parent=12583"}],"curies":[{"name":"wp","href":"https:\/\/api.w.org\/{rel}","templated":true}]}}