{"id":12594,"date":"2018-11-19T12:31:35","date_gmt":"2018-11-19T11:31:35","guid":{"rendered":"http:\/\/aulaabierta.arasaac.org\/?page_id=12594"},"modified":"2019-01-10T11:08:56","modified_gmt":"2019-01-10T10:08:56","slug":"symbotalk-3-primeras-configuraciones","status":"publish","type":"page","link":"https:\/\/aulaabierta.arasaac.org\/de\/symbotalk-3-primeras-configuraciones","title":{"rendered":"Symbotalk &#8211; 3 &#8211; Primeras configuraciones"},"content":{"rendered":"<div id='av-layout-grid-1'  class='av-layout-grid-container av-6y2f7ci-27af2798294a72f0843f5ad9ec0deabf entry-content-wrapper alternate_color av-border-cells av-flex-cells  avia-builder-el-0  el_before_av_textblock  avia-builder-el-first   container_wrap fullsize'  >\n\n<style type=\"text\/css\" data-created_by=\"avia_inline_auto\" id=\"style-css-av-6kk8mr6-937b6d58aa8ca02c99c274162ab8f80c\">\n.flex_cell.av-6kk8mr6-937b6d58aa8ca02c99c274162ab8f80c{\nvertical-align:top;\n}\n.responsive #top #wrap_all .flex_cell.av-6kk8mr6-937b6d58aa8ca02c99c274162ab8f80c{\npadding:30px 30px 30px 30px !important;\n}\n<\/style>\n<div class='flex_cell av-6kk8mr6-937b6d58aa8ca02c99c274162ab8f80c av-gridrow-cell av_one_fifth no_margin  avia-builder-el-1  el_before_av_cell_four_fifth  avia-builder-el-first ' ><div class='flex_cell_inner'>\n<style type=\"text\/css\" data-created_by=\"avia_inline_auto\" id=\"style-css-av-m09seq-73e94f5905b98f15e8d398cdfb223170\">\n.avia-image-container.av-m09seq-73e94f5905b98f15e8d398cdfb223170 img.avia_image{\nbox-shadow:none;\n}\n.avia-image-container.av-m09seq-73e94f5905b98f15e8d398cdfb223170 .av-caption-image-overlay-bg{\nopacity:0.4;\nbackground-color:#000000;\n}\n.avia-image-container.av-m09seq-73e94f5905b98f15e8d398cdfb223170 .av-image-caption-overlay-center{\ncolor:#ffffff;\n}\n<\/style>\n<div  class='avia-image-container av-m09seq-73e94f5905b98f15e8d398cdfb223170 av-styling- avia-align-left  avia-builder-el-2  avia-builder-el-no-sibling  noHover av-overlay-on-hover'   itemprop=\"image\" itemscope=\"itemscope\" itemtype=\"https:\/\/schema.org\/ImageObject\" ><div class=\"avia-image-container-inner\"><div class=\"avia-image-overlay-wrap\"><a href=\"https:\/\/aulaabierta.arasaac.org\/de\/symbotalk-0-inicio-2\" class='avia_image' ><div class=\"av-image-caption-overlay\"><div class=\"av-caption-image-overlay-bg\"><\/div><div class=\"av-image-caption-overlay-position\"><div class=\"av-image-caption-overlay-center\"><p>Volver a inicio<\/p>\n<\/div><\/div><\/div><img decoding=\"async\" class='wp-image-99374 avia-img-lazy-loading-not-99374 avia_image ' src=\"https:\/\/aulaabierta.arasaac.org\/wp-content\/uploads\/2018\/06\/Symbotalk_ARASAAC-300x300.png\" alt='' title='Symbotalk_ARASAAC'  height=\"300\" width=\"300\"  itemprop=\"thumbnailUrl\" srcset=\"https:\/\/aulaabierta.arasaac.org\/wp-content\/uploads\/2018\/06\/Symbotalk_ARASAAC-300x300.png 300w, https:\/\/aulaabierta.arasaac.org\/wp-content\/uploads\/2018\/06\/Symbotalk_ARASAAC-80x80.png 80w, https:\/\/aulaabierta.arasaac.org\/wp-content\/uploads\/2018\/06\/Symbotalk_ARASAAC-768x767.png 768w, https:\/\/aulaabierta.arasaac.org\/wp-content\/uploads\/2018\/06\/Symbotalk_ARASAAC-1030x1030.png 1030w, https:\/\/aulaabierta.arasaac.org\/wp-content\/uploads\/2018\/06\/Symbotalk_ARASAAC-36x36.png 36w, https:\/\/aulaabierta.arasaac.org\/wp-content\/uploads\/2018\/06\/Symbotalk_ARASAAC-180x180.png 180w, https:\/\/aulaabierta.arasaac.org\/wp-content\/uploads\/2018\/06\/Symbotalk_ARASAAC-705x705.png 705w, https:\/\/aulaabierta.arasaac.org\/wp-content\/uploads\/2018\/06\/Symbotalk_ARASAAC-120x120.png 120w, https:\/\/aulaabierta.arasaac.org\/wp-content\/uploads\/2018\/06\/Symbotalk_ARASAAC-450x450.png 450w, https:\/\/aulaabierta.arasaac.org\/wp-content\/uploads\/2018\/06\/Symbotalk_ARASAAC.png 1042w\" sizes=\"(max-width: 300px) 100vw, 300px\" \/><\/a><\/div><\/div><\/div>\n<\/div><\/div>\n<style type=\"text\/css\" data-created_by=\"avia_inline_auto\" id=\"style-css-av-5x9aq8i-0896497c8a2014f20d99f05bd9216147\">\n.flex_cell.av-5x9aq8i-0896497c8a2014f20d99f05bd9216147{\nvertical-align:middle;\n}\n.responsive #top #wrap_all .flex_cell.av-5x9aq8i-0896497c8a2014f20d99f05bd9216147{\npadding:30px 30px 30px 30px !important;\n}\n<\/style>\n<div class='flex_cell av-5x9aq8i-0896497c8a2014f20d99f05bd9216147 av-gridrow-cell av_four_fifth no_margin  avia-builder-el-3  el_after_av_cell_one_fifth  avia-builder-el-last ' ><div class='flex_cell_inner'>\n<style type=\"text\/css\" data-created_by=\"avia_inline_auto\" id=\"style-css-av-5c1wqdu-d9b70f7eb2dd5feafc8037b6f1e8ff02\">\n#top .av-special-heading.av-5c1wqdu-d9b70f7eb2dd5feafc8037b6f1e8ff02{\npadding-bottom:0;\n}\nbody .av-special-heading.av-5c1wqdu-d9b70f7eb2dd5feafc8037b6f1e8ff02 .av-special-heading-tag .heading-char{\nfont-size:25px;\n}\n#top #wrap_all .av-special-heading.av-5c1wqdu-d9b70f7eb2dd5feafc8037b6f1e8ff02 .av-special-heading-tag{\nfont-size:26px;\n}\n.av-special-heading.av-5c1wqdu-d9b70f7eb2dd5feafc8037b6f1e8ff02 .av-subheading{\nfont-size:15px;\n}\n<\/style>\n<div  class='av-special-heading av-5c1wqdu-d9b70f7eb2dd5feafc8037b6f1e8ff02 av-special-heading-h2  avia-builder-el-4  avia-builder-el-no-sibling '><h2 class='av-special-heading-tag'  itemprop=\"headline\"  >3. PRIMERAS CONFIGURACIONES<\/h2><div class=\"special-heading-border\"><div class=\"special-heading-inner-border\"><\/div><\/div><\/div>\n<\/div><\/div>\n<\/div><div id='after_grid_row_1'  class='main_color av_default_container_wrap container_wrap fullsize'  ><div class='container av-section-cont-open' ><div class='template-page content  av-content-full alpha units'><div class='post-entry post-entry-type-page post-entry-12594'><div class='entry-content-wrapper clearfix'>\n\n<style type=\"text\/css\" data-created_by=\"avia_inline_auto\" id=\"style-css-av-4tvy7iq-7c54d65dd01a6af5e0edbe2232aab72a\">\n#top .av_textblock_section.av-4tvy7iq-7c54d65dd01a6af5e0edbe2232aab72a .avia_textblock{\nfont-size:16px;\n}\n<\/style>\n<section  class='av_textblock_section av-4tvy7iq-7c54d65dd01a6af5e0edbe2232aab72a'  itemscope=\"itemscope\" itemtype=\"https:\/\/schema.org\/CreativeWork\" ><div class='avia_textblock'  itemprop=\"text\" ><h6 style=\"text-align: center;\"><img loading=\"lazy\" decoding=\"async\" class=\"aligncenter size-full wp-image-932\" src=\"https:\/\/aulaabierta.arasaac.org\/wp-content\/uploads\/2016\/12\/by-nc-sa.eu_petit.png\" alt=\"\" width=\"118\" height=\"41\" \/>Este obra est\u00e1 bajo una <a href=\"http:\/\/creativecommons.org\/licenses\/by-nc-sa\/4.0\/\" rel=\"license\">licencia de Creative Commons Reconocimiento-NoComercial-CompartirIgual 4.0 Internacional<\/a>.<\/h6>\n<hr \/>\n<p>Antes de comenzar a crear nuestros primeros tableros de comunicaci\u00f3n deberemos hacer algunos ajustes previos a trav\u00e9s del icono <strong>Setting (Configuraci\u00f3n)<\/strong>\u00a0<img loading=\"lazy\" decoding=\"async\" class=\"alignnone wp-image-13149\" src=\"https:\/\/aulaabierta.arasaac.org\/wp-content\/uploads\/2019\/01\/Icono_symbotalk_1.jpg\" alt=\"\" width=\"26\" height=\"21\" \/>.<\/p>\n<p>En primer lugar, procederemos a<strong> cambiar el idioma.<\/strong> Para ello, desplegamos el men\u00fa de <strong>SymboTalk<\/strong>\u00a0 y pulsamos en <strong>Setting<\/strong> (1). En la ventana de configuraci\u00f3n, pulsamos en <strong>General Setting<\/strong> (2) y a continuaci\u00f3n en <strong>Language<\/strong> (3).<\/p>\n<p>Seleccionamos <strong>SP Spanish<\/strong> (4) y pulsamos en <strong>Ok<\/strong> (5).<\/p>\n<p><img loading=\"lazy\" decoding=\"async\" class=\"alignnone size-full wp-image-12608\" src=\"https:\/\/aulaabierta.arasaac.org\/wp-content\/uploads\/2018\/11\/symbotalk_3_1.jpg\" alt=\"\" width=\"1480\" height=\"966\" srcset=\"https:\/\/aulaabierta.arasaac.org\/wp-content\/uploads\/2018\/11\/symbotalk_3_1.jpg 1480w, https:\/\/aulaabierta.arasaac.org\/wp-content\/uploads\/2018\/11\/symbotalk_3_1-300x196.jpg 300w, https:\/\/aulaabierta.arasaac.org\/wp-content\/uploads\/2018\/11\/symbotalk_3_1-768x501.jpg 768w, https:\/\/aulaabierta.arasaac.org\/wp-content\/uploads\/2018\/11\/symbotalk_3_1-1030x672.jpg 1030w, https:\/\/aulaabierta.arasaac.org\/wp-content\/uploads\/2018\/11\/symbotalk_3_1-705x460.jpg 705w, https:\/\/aulaabierta.arasaac.org\/wp-content\/uploads\/2018\/11\/symbotalk_3_1-450x294.jpg 450w\" sizes=\"auto, (max-width: 1480px) 100vw, 1480px\" \/><\/p>\n<p>Una vez seleccionado el idioma, configuramos el motor de <strong>S\u00edntesis de Voz<\/strong> con el que deseamos utiliza con nuestro comunicador. Al pulsar en <strong>Voz<\/strong> (1) se mostrar\u00e1 una ventana emergente en la que se listar\u00e1n los motores de s\u00edntesis de voz que tenemos disponibles para nuestro idioma. Seleccionamos el que nos interese y pulsamos en <strong>Ok<\/strong> (2).<\/p>\n<p><img loading=\"lazy\" decoding=\"async\" class=\"alignnone size-full wp-image-12609\" src=\"https:\/\/aulaabierta.arasaac.org\/wp-content\/uploads\/2018\/11\/symbotalk_3_6.jpg\" alt=\"\" width=\"823\" height=\"752\" srcset=\"https:\/\/aulaabierta.arasaac.org\/wp-content\/uploads\/2018\/11\/symbotalk_3_6.jpg 823w, https:\/\/aulaabierta.arasaac.org\/wp-content\/uploads\/2018\/11\/symbotalk_3_6-300x274.jpg 300w, https:\/\/aulaabierta.arasaac.org\/wp-content\/uploads\/2018\/11\/symbotalk_3_6-768x702.jpg 768w, https:\/\/aulaabierta.arasaac.org\/wp-content\/uploads\/2018\/11\/symbotalk_3_6-705x644.jpg 705w, https:\/\/aulaabierta.arasaac.org\/wp-content\/uploads\/2018\/11\/symbotalk_3_6-450x411.jpg 450w\" sizes=\"auto, (max-width: 823px) 100vw, 823px\" \/><\/p>\n<p>El tercer ajuste que debemos realizar eselegir el <strong>Motor de b\u00fasqueda de pictogramas<\/strong>. Desde la ventana principal de ajustes, pulsamos en <strong>Configuraci\u00f3n de la b\u00fasqueda<\/strong> (1) y pulsamos en <strong>Motor de b\u00fasqueda<\/strong> (2), donde encontramos un listado en el que se encuentra <strong>ARASAAC<\/strong> (3). Seleccionamos y pulsamoa en <strong>Ok<\/strong> (4).<\/p>\n<p><img loading=\"lazy\" decoding=\"async\" class=\"alignnone size-full wp-image-12610\" src=\"https:\/\/aulaabierta.arasaac.org\/wp-content\/uploads\/2018\/11\/symbotalk_3_8.jpg\" alt=\"\" width=\"1500\" height=\"800\" srcset=\"https:\/\/aulaabierta.arasaac.org\/wp-content\/uploads\/2018\/11\/symbotalk_3_8.jpg 1500w, https:\/\/aulaabierta.arasaac.org\/wp-content\/uploads\/2018\/11\/symbotalk_3_8-300x160.jpg 300w, https:\/\/aulaabierta.arasaac.org\/wp-content\/uploads\/2018\/11\/symbotalk_3_8-768x410.jpg 768w, https:\/\/aulaabierta.arasaac.org\/wp-content\/uploads\/2018\/11\/symbotalk_3_8-1030x549.jpg 1030w, https:\/\/aulaabierta.arasaac.org\/wp-content\/uploads\/2018\/11\/symbotalk_3_8-705x376.jpg 705w, https:\/\/aulaabierta.arasaac.org\/wp-content\/uploads\/2018\/11\/symbotalk_3_8-450x240.jpg 450w\" sizes=\"auto, (max-width: 1500px) 100vw, 1500px\" \/><\/p>\n<p>Al seleccionar <strong>ARASAAC<\/strong> como motor de b\u00fasqueda las opciones <strong>Juego de s\u00edmbolos<\/strong> y<strong> Resultados<\/strong> se desactivan autom\u00e1ticamente.<\/p>\n<\/div><\/section>\n<\/div><\/div><\/div><!-- close content main div --><\/div><\/div><div id='av-layout-grid-2'  class='av-layout-grid-container av-4jh5u7m-6c74d38d3838aef82f6ca33d471d6ae3 entry-content-wrapper main_color av-border-top-bottom av-flex-cells  avia-builder-el-6  el_after_av_textblock  avia-builder-el-last  grid-row-not-first  container_wrap fullsize'  >\n\n<style type=\"text\/css\" data-created_by=\"avia_inline_auto\" id=\"style-css-av-3vb792q-13d45863654a09d22c6f1d64426d6543\">\n.flex_cell.av-3vb792q-13d45863654a09d22c6f1d64426d6543{\nvertical-align:top;\n}\n.responsive #top #wrap_all .flex_cell.av-3vb792q-13d45863654a09d22c6f1d64426d6543{\npadding:30px 30px 30px 30px !important;\n}\n<\/style>\n<div class='flex_cell av-3vb792q-13d45863654a09d22c6f1d64426d6543 av-gridrow-cell av_one_fifth no_margin  avia-builder-el-7  el_before_av_cell_one_fifth  avia-builder-el-first ' ><div class='flex_cell_inner'>\n<style type=\"text\/css\" data-created_by=\"avia_inline_auto\" id=\"style-css-av-3edcy4y-488d79b2f0d169949a6a66f65ac980d0\">\n.avia-image-container.av-3edcy4y-488d79b2f0d169949a6a66f65ac980d0 img.avia_image{\nbox-shadow:none;\n}\n.avia-image-container.av-3edcy4y-488d79b2f0d169949a6a66f65ac980d0 .av-image-caption-overlay-center{\ncolor:#ffffff;\n}\n<\/style>\n<div  class='avia-image-container av-3edcy4y-488d79b2f0d169949a6a66f65ac980d0 av-styling- avia-align-center  avia-builder-el-8  avia-builder-el-no-sibling '   itemprop=\"image\" itemscope=\"itemscope\" itemtype=\"https:\/\/schema.org\/ImageObject\" ><div class=\"avia-image-container-inner\"><div class=\"avia-image-overlay-wrap\"><a href=\"https:\/\/aulaabierta.arasaac.org\/de\/symbotalk-2-web-descarga\" class='avia_image' ><img decoding=\"async\" class='wp-image-96479 avia-img-lazy-loading-not-96479 avia_image ' src=\"https:\/\/aulaabierta.arasaac.org\/wp-content\/uploads\/2016\/12\/before-80x80.png\" alt='' title='before'  height=\"80\" width=\"80\"  itemprop=\"thumbnailUrl\" srcset=\"https:\/\/aulaabierta.arasaac.org\/wp-content\/uploads\/2016\/12\/before-80x80.png 80w, https:\/\/aulaabierta.arasaac.org\/wp-content\/uploads\/2016\/12\/before-36x36.png 36w, https:\/\/aulaabierta.arasaac.org\/wp-content\/uploads\/2016\/12\/before-120x120.png 120w, https:\/\/aulaabierta.arasaac.org\/wp-content\/uploads\/2016\/12\/before.png 128w\" sizes=\"(max-width: 80px) 100vw, 80px\" \/><\/a><\/div><\/div><\/div>\n<\/div><\/div>\n<style type=\"text\/css\" data-created_by=\"avia_inline_auto\" id=\"style-css-av-2z9jm6q-b76a672cf65be146d72cb6f8dc960c97\">\n.flex_cell.av-2z9jm6q-b76a672cf65be146d72cb6f8dc960c97{\nvertical-align:top;\n}\n.responsive #top #wrap_all .flex_cell.av-2z9jm6q-b76a672cf65be146d72cb6f8dc960c97{\npadding:30px 30px 30px 30px !important;\n}\n<\/style>\n<div class='flex_cell av-2z9jm6q-b76a672cf65be146d72cb6f8dc960c97 av-gridrow-cell av_one_fifth no_margin  avia-builder-el-9  el_after_av_cell_one_fifth  el_before_av_cell_one_fifth ' ><div class='flex_cell_inner'><\/div><\/div>\n<style type=\"text\/css\" data-created_by=\"avia_inline_auto\" id=\"style-css-av-2k29yxe-1be76437e14ff12ef13c58b8b89d105c\">\n.flex_cell.av-2k29yxe-1be76437e14ff12ef13c58b8b89d105c{\nvertical-align:top;\n}\n.responsive #top #wrap_all .flex_cell.av-2k29yxe-1be76437e14ff12ef13c58b8b89d105c{\npadding:30px 30px 30px 30px !important;\n}\n<\/style>\n<div class='flex_cell av-2k29yxe-1be76437e14ff12ef13c58b8b89d105c av-gridrow-cell av_one_fifth no_margin  avia-builder-el-10  el_after_av_cell_one_fifth  el_before_av_cell_one_fifth ' ><div class='flex_cell_inner'>\n<style type=\"text\/css\" data-created_by=\"avia_inline_auto\" id=\"style-css-av-25drh82-eeed5e52eee6de2403c1443d3c09852a\">\n.avia-image-container.av-25drh82-eeed5e52eee6de2403c1443d3c09852a img.avia_image{\nbox-shadow:none;\n}\n.avia-image-container.av-25drh82-eeed5e52eee6de2403c1443d3c09852a .av-image-caption-overlay-center{\ncolor:#ffffff;\n}\n<\/style>\n<div  class='avia-image-container av-25drh82-eeed5e52eee6de2403c1443d3c09852a av-styling- avia-align-center  avia-builder-el-11  avia-builder-el-no-sibling '   itemprop=\"image\" itemscope=\"itemscope\" itemtype=\"https:\/\/schema.org\/ImageObject\" ><div class=\"avia-image-container-inner\"><div class=\"avia-image-overlay-wrap\"><a href=\"https:\/\/aulaabierta.arasaac.org\/de\/symbotalk-0-inicio-2\" class='avia_image' ><img decoding=\"async\" class='wp-image-96481 avia-img-lazy-loading-not-96481 avia_image ' src=\"https:\/\/aulaabierta.arasaac.org\/wp-content\/uploads\/2016\/12\/casa-80x80.png\" alt='' title='Inicio'  height=\"80\" width=\"80\"  itemprop=\"thumbnailUrl\" srcset=\"https:\/\/aulaabierta.arasaac.org\/wp-content\/uploads\/2016\/12\/casa-80x80.png 80w, https:\/\/aulaabierta.arasaac.org\/wp-content\/uploads\/2016\/12\/casa-300x300.png 300w, https:\/\/aulaabierta.arasaac.org\/wp-content\/uploads\/2016\/12\/casa-36x36.png 36w, https:\/\/aulaabierta.arasaac.org\/wp-content\/uploads\/2016\/12\/casa-180x180.png 180w, https:\/\/aulaabierta.arasaac.org\/wp-content\/uploads\/2016\/12\/casa-120x120.png 120w, https:\/\/aulaabierta.arasaac.org\/wp-content\/uploads\/2016\/12\/casa-450x450.png 450w, https:\/\/aulaabierta.arasaac.org\/wp-content\/uploads\/2016\/12\/casa.png 500w\" sizes=\"(max-width: 80px) 100vw, 80px\" \/><\/a><\/div><\/div><\/div>\n<\/div><\/div>\n<style type=\"text\/css\" data-created_by=\"avia_inline_auto\" id=\"style-css-av-1mmwn0y-758b357fd47ca98eb2f65a0157f9095c\">\n.flex_cell.av-1mmwn0y-758b357fd47ca98eb2f65a0157f9095c{\nvertical-align:top;\n}\n.responsive #top #wrap_all .flex_cell.av-1mmwn0y-758b357fd47ca98eb2f65a0157f9095c{\npadding:30px 30px 30px 30px !important;\n}\n<\/style>\n<div class='flex_cell av-1mmwn0y-758b357fd47ca98eb2f65a0157f9095c av-gridrow-cell av_one_fifth no_margin  avia-builder-el-12  el_after_av_cell_one_fifth  el_before_av_cell_one_fifth ' ><div class='flex_cell_inner'><\/div><\/div>\n<style type=\"text\/css\" data-created_by=\"avia_inline_auto\" id=\"style-css-av-12doxaq-ec4d4c33ba3b997d282eaa7370848a98\">\n.flex_cell.av-12doxaq-ec4d4c33ba3b997d282eaa7370848a98{\nvertical-align:top;\n}\n.responsive #top #wrap_all .flex_cell.av-12doxaq-ec4d4c33ba3b997d282eaa7370848a98{\npadding:30px 30px 30px 30px !important;\n}\n<\/style>\n<div class='flex_cell av-12doxaq-ec4d4c33ba3b997d282eaa7370848a98 av-gridrow-cell av_one_fifth no_margin  avia-builder-el-13  el_after_av_cell_one_fifth  avia-builder-el-last ' ><div class='flex_cell_inner'>\n<style type=\"text\/css\" data-created_by=\"avia_inline_auto\" id=\"style-css-av-jf7qk2-00cb2d04fb8c16c3065e841f58663104\">\n.avia-image-container.av-jf7qk2-00cb2d04fb8c16c3065e841f58663104 img.avia_image{\nbox-shadow:none;\n}\n.avia-image-container.av-jf7qk2-00cb2d04fb8c16c3065e841f58663104 .av-image-caption-overlay-center{\ncolor:#ffffff;\n}\n<\/style>\n<div  class='avia-image-container av-jf7qk2-00cb2d04fb8c16c3065e841f58663104 av-styling- avia-align-center  avia-builder-el-14  avia-builder-el-no-sibling '   itemprop=\"image\" itemscope=\"itemscope\" itemtype=\"https:\/\/schema.org\/ImageObject\" ><div class=\"avia-image-container-inner\"><div class=\"avia-image-overlay-wrap\"><a href=\"https:\/\/aulaabierta.arasaac.org\/de\/symbotalk-4-como-funciona\" class='avia_image' ><img decoding=\"async\" class='wp-image-96480 avia-img-lazy-loading-not-96480 avia_image ' src=\"https:\/\/aulaabierta.arasaac.org\/wp-content\/uploads\/2016\/12\/next-80x80.png\" alt='' title='next'  height=\"80\" width=\"80\"  itemprop=\"thumbnailUrl\" srcset=\"https:\/\/aulaabierta.arasaac.org\/wp-content\/uploads\/2016\/12\/next-80x80.png 80w, https:\/\/aulaabierta.arasaac.org\/wp-content\/uploads\/2016\/12\/next-36x36.png 36w, https:\/\/aulaabierta.arasaac.org\/wp-content\/uploads\/2016\/12\/next-120x120.png 120w, https:\/\/aulaabierta.arasaac.org\/wp-content\/uploads\/2016\/12\/next.png 128w\" sizes=\"(max-width: 80px) 100vw, 80px\" \/><\/a><\/div><\/div><\/div>\n<\/div><\/div>\n<\/div>\n","protected":false},"excerpt":{"rendered":"","protected":false},"author":5,"featured_media":9014,"parent":0,"menu_order":0,"comment_status":"closed","ping_status":"closed","template":"","meta":{"om_disable_all_campaigns":false,"_monsterinsights_skip_tracking":false,"_monsterinsights_sitenote_active":false,"_monsterinsights_sitenote_note":"","_monsterinsights_sitenote_category":0,"_uf_show_specific_survey":0,"_uf_disable_surveys":false,"footnotes":""},"class_list":["post-12594","page","type-page","status-publish","has-post-thumbnail","hentry"],"aioseo_notices":[],"_links":{"self":[{"href":"https:\/\/aulaabierta.arasaac.org\/de\/wp-json\/wp\/v2\/pages\/12594","targetHints":{"allow":["GET"]}}],"collection":[{"href":"https:\/\/aulaabierta.arasaac.org\/de\/wp-json\/wp\/v2\/pages"}],"about":[{"href":"https:\/\/aulaabierta.arasaac.org\/de\/wp-json\/wp\/v2\/types\/page"}],"author":[{"embeddable":true,"href":"https:\/\/aulaabierta.arasaac.org\/de\/wp-json\/wp\/v2\/users\/5"}],"replies":[{"embeddable":true,"href":"https:\/\/aulaabierta.arasaac.org\/de\/wp-json\/wp\/v2\/comments?post=12594"}],"version-history":[{"count":10,"href":"https:\/\/aulaabierta.arasaac.org\/de\/wp-json\/wp\/v2\/pages\/12594\/revisions"}],"predecessor-version":[{"id":83576,"href":"https:\/\/aulaabierta.arasaac.org\/de\/wp-json\/wp\/v2\/pages\/12594\/revisions\/83576"}],"wp:featuredmedia":[{"embeddable":true,"href":"https:\/\/aulaabierta.arasaac.org\/de\/wp-json\/wp\/v2\/media\/9014"}],"wp:attachment":[{"href":"https:\/\/aulaabierta.arasaac.org\/de\/wp-json\/wp\/v2\/media?parent=12594"}],"curies":[{"name":"wp","href":"https:\/\/api.w.org\/{rel}","templated":true}]}}