{"id":12618,"date":"2018-11-19T13:22:54","date_gmt":"2018-11-19T12:22:54","guid":{"rendered":"http:\/\/aulaabierta.arasaac.org\/?page_id=12618"},"modified":"2019-01-28T11:27:58","modified_gmt":"2019-01-28T10:27:58","slug":"symbotalk-4-como-funciona","status":"publish","type":"page","link":"https:\/\/aulaabierta.arasaac.org\/de\/symbotalk-4-como-funciona","title":{"rendered":"Symbotalk &#8211; 4 &#8211; \u00bfC\u00f3mo funciona Symbotalk?"},"content":{"rendered":"<div id='av-layout-grid-1'  class='av-layout-grid-container av-75ttxka-6a058204fb8aa27856587e95192c8787 entry-content-wrapper alternate_color av-border-cells av-flex-cells  avia-builder-el-0  el_before_av_textblock  avia-builder-el-first   container_wrap fullsize'  >\n\n<style type=\"text\/css\" data-created_by=\"avia_inline_auto\" id=\"style-css-av-6ssfs8a-3060f475e74878fa5fdae4017fac9d74\">\n.flex_cell.av-6ssfs8a-3060f475e74878fa5fdae4017fac9d74{\nvertical-align:top;\n}\n.responsive #top #wrap_all .flex_cell.av-6ssfs8a-3060f475e74878fa5fdae4017fac9d74{\npadding:30px 30px 30px 30px !important;\n}\n<\/style>\n<div class='flex_cell av-6ssfs8a-3060f475e74878fa5fdae4017fac9d74 av-gridrow-cell av_one_fifth no_margin  avia-builder-el-1  el_before_av_cell_four_fifth  avia-builder-el-first ' ><div class='flex_cell_inner'>\n<style type=\"text\/css\" data-created_by=\"avia_inline_auto\" id=\"style-css-av-69o4jre-be35aa65fbb62109ee24279241d61542\">\n.avia-image-container.av-69o4jre-be35aa65fbb62109ee24279241d61542 img.avia_image{\nbox-shadow:none;\n}\n.avia-image-container.av-69o4jre-be35aa65fbb62109ee24279241d61542 .av-caption-image-overlay-bg{\nopacity:0.4;\nbackground-color:#000000;\n}\n.avia-image-container.av-69o4jre-be35aa65fbb62109ee24279241d61542 .av-image-caption-overlay-center{\ncolor:#ffffff;\n}\n<\/style>\n<div  class='avia-image-container av-69o4jre-be35aa65fbb62109ee24279241d61542 av-styling- avia-align-left  avia-builder-el-2  avia-builder-el-no-sibling  noHover av-overlay-on-hover'   itemprop=\"image\" itemscope=\"itemscope\" itemtype=\"https:\/\/schema.org\/ImageObject\" ><div class=\"avia-image-container-inner\"><div class=\"avia-image-overlay-wrap\"><a href=\"https:\/\/aulaabierta.arasaac.org\/de\/symbotalk-0-inicio-2\" class='avia_image' ><div class=\"av-image-caption-overlay\"><div class=\"av-caption-image-overlay-bg\"><\/div><div class=\"av-image-caption-overlay-position\"><div class=\"av-image-caption-overlay-center\"><p>Volver a inicio<\/p>\n<\/div><\/div><\/div><img decoding=\"async\" class='wp-image-99374 avia-img-lazy-loading-not-99374 avia_image ' src=\"https:\/\/aulaabierta.arasaac.org\/wp-content\/uploads\/2018\/06\/Symbotalk_ARASAAC-300x300.png\" alt='' title='Symbotalk_ARASAAC'  height=\"300\" width=\"300\"  itemprop=\"thumbnailUrl\" srcset=\"https:\/\/aulaabierta.arasaac.org\/wp-content\/uploads\/2018\/06\/Symbotalk_ARASAAC-300x300.png 300w, https:\/\/aulaabierta.arasaac.org\/wp-content\/uploads\/2018\/06\/Symbotalk_ARASAAC-80x80.png 80w, https:\/\/aulaabierta.arasaac.org\/wp-content\/uploads\/2018\/06\/Symbotalk_ARASAAC-768x767.png 768w, https:\/\/aulaabierta.arasaac.org\/wp-content\/uploads\/2018\/06\/Symbotalk_ARASAAC-1030x1030.png 1030w, https:\/\/aulaabierta.arasaac.org\/wp-content\/uploads\/2018\/06\/Symbotalk_ARASAAC-36x36.png 36w, https:\/\/aulaabierta.arasaac.org\/wp-content\/uploads\/2018\/06\/Symbotalk_ARASAAC-180x180.png 180w, https:\/\/aulaabierta.arasaac.org\/wp-content\/uploads\/2018\/06\/Symbotalk_ARASAAC-705x705.png 705w, https:\/\/aulaabierta.arasaac.org\/wp-content\/uploads\/2018\/06\/Symbotalk_ARASAAC-120x120.png 120w, https:\/\/aulaabierta.arasaac.org\/wp-content\/uploads\/2018\/06\/Symbotalk_ARASAAC-450x450.png 450w, https:\/\/aulaabierta.arasaac.org\/wp-content\/uploads\/2018\/06\/Symbotalk_ARASAAC.png 1042w\" sizes=\"(max-width: 300px) 100vw, 300px\" \/><\/a><\/div><\/div><\/div>\n<\/div><\/div>\n<style type=\"text\/css\" data-created_by=\"avia_inline_auto\" id=\"style-css-av-5lbbh62-87e65bc2930ec3aa14c52ff54fabac66\">\n.flex_cell.av-5lbbh62-87e65bc2930ec3aa14c52ff54fabac66{\nvertical-align:middle;\n}\n.responsive #top #wrap_all .flex_cell.av-5lbbh62-87e65bc2930ec3aa14c52ff54fabac66{\npadding:30px 30px 30px 30px !important;\n}\n<\/style>\n<div class='flex_cell av-5lbbh62-87e65bc2930ec3aa14c52ff54fabac66 av-gridrow-cell av_four_fifth no_margin  avia-builder-el-3  el_after_av_cell_one_fifth  avia-builder-el-last ' ><div class='flex_cell_inner'>\n<style type=\"text\/css\" data-created_by=\"avia_inline_auto\" id=\"style-css-av-5hvygmi-68a6e656fa423afa156c048893370cf2\">\n#top .av-special-heading.av-5hvygmi-68a6e656fa423afa156c048893370cf2{\npadding-bottom:0;\n}\nbody .av-special-heading.av-5hvygmi-68a6e656fa423afa156c048893370cf2 .av-special-heading-tag .heading-char{\nfont-size:25px;\n}\n#top #wrap_all .av-special-heading.av-5hvygmi-68a6e656fa423afa156c048893370cf2 .av-special-heading-tag{\nfont-size:26px;\n}\n.av-special-heading.av-5hvygmi-68a6e656fa423afa156c048893370cf2 .av-subheading{\nfont-size:15px;\n}\n<\/style>\n<div  class='av-special-heading av-5hvygmi-68a6e656fa423afa156c048893370cf2 av-special-heading-h2  avia-builder-el-4  avia-builder-el-no-sibling '><h2 class='av-special-heading-tag'  itemprop=\"headline\"  >4. \u00bfC\u00d3MO FUNCIONA SYMBOTALK?<\/h2><div class=\"special-heading-border\"><div class=\"special-heading-inner-border\"><\/div><\/div><\/div>\n<\/div><\/div>\n<\/div><div id='after_grid_row_1'  class='main_color av_default_container_wrap container_wrap fullsize'  ><div class='container av-section-cont-open' ><div class='template-page content  av-content-full alpha units'><div class='post-entry post-entry-type-page post-entry-12618'><div class='entry-content-wrapper clearfix'>\n\n<style type=\"text\/css\" data-created_by=\"avia_inline_auto\" id=\"style-css-av-4xm5bai-79f134085512721fdac5da02d42a262f\">\n#top .av_textblock_section.av-4xm5bai-79f134085512721fdac5da02d42a262f .avia_textblock{\nfont-size:16px;\n}\n<\/style>\n<section  class='av_textblock_section av-4xm5bai-79f134085512721fdac5da02d42a262f'  itemscope=\"itemscope\" itemtype=\"https:\/\/schema.org\/CreativeWork\" ><div class='avia_textblock'  itemprop=\"text\" ><h6 style=\"text-align: center;\"><img loading=\"lazy\" decoding=\"async\" class=\"aligncenter size-full wp-image-932\" src=\"https:\/\/aulaabierta.arasaac.org\/wp-content\/uploads\/2016\/12\/by-nc-sa.eu_petit.png\" alt=\"\" width=\"118\" height=\"41\" \/>Este obra est\u00e1 bajo una <a href=\"http:\/\/creativecommons.org\/licenses\/by-nc-sa\/4.0\/\" rel=\"license\">licencia de Creative Commons Reconocimiento-NoComercial-CompartirIgual 4.0 Internacional<\/a>.<\/h6>\n<h4><strong>1.\u00a0 Modo Edici\u00f3n: Tableros y celdas.<\/strong><\/h4>\n<p>Antes de comenzar a crear nuestros primeros tableros de comunicaci\u00f3n, es importante conocer la el funcionamiento de <strong>SymboTalk<\/strong>, para aprender a crear las<strong> celdas<\/strong> y organizar los<strong> tableros<\/strong> y los perfiles.<\/p>\n<p>En la ventana principal de\u00a0<strong>SymboTalk<\/strong>, se presentan dos modos de funcionamiento: <strong>Modo Edici\u00f3n<\/strong> y <strong>Modo Usuario<\/strong>.\u00a0 En este cap\u00edtulo, vamos a trabajar con el Modo Edici\u00f3n, ya que dedicaremos un cap\u00edtulo al Modo Usuario m\u00e1s adelante.<\/p>\n<p>El <strong>Modo Edici\u00f3n<\/strong>\u00a0nos permite <strong>crear y editar los tableros y las celdas<\/strong>, as\u00ed como\u00a0<strong>gestionar los perfiles<\/strong><\/p>\n<p><img loading=\"lazy\" decoding=\"async\" class=\"alignnone size-full wp-image-12634\" src=\"https:\/\/aulaabierta.arasaac.org\/wp-content\/uploads\/2018\/11\/symbotalk_4_1.jpg\" alt=\"\" width=\"1213\" height=\"467\" srcset=\"https:\/\/aulaabierta.arasaac.org\/wp-content\/uploads\/2018\/11\/symbotalk_4_1.jpg 1213w, https:\/\/aulaabierta.arasaac.org\/wp-content\/uploads\/2018\/11\/symbotalk_4_1-300x115.jpg 300w, https:\/\/aulaabierta.arasaac.org\/wp-content\/uploads\/2018\/11\/symbotalk_4_1-768x296.jpg 768w, https:\/\/aulaabierta.arasaac.org\/wp-content\/uploads\/2018\/11\/symbotalk_4_1-1030x397.jpg 1030w, https:\/\/aulaabierta.arasaac.org\/wp-content\/uploads\/2018\/11\/symbotalk_4_1-705x271.jpg 705w, https:\/\/aulaabierta.arasaac.org\/wp-content\/uploads\/2018\/11\/symbotalk_4_1-450x173.jpg 450w\" sizes=\"auto, (max-width: 1213px) 100vw, 1213px\" \/><\/p>\n<p>En la parte inferior, debajo del bot\u00f3n <strong>Empezar<\/strong>, observamos que, por defecto, tenemos 14 tableros y 1 perfil.<\/p>\n<p>Para conocer un poco mejor el funcionamiento de\u00a0<strong>SymboTalk,<\/strong> vamos a pulsar en <strong>14 tablero<\/strong>s.<\/p>\n<p><img loading=\"lazy\" decoding=\"async\" class=\"alignnone size-full wp-image-12635\" src=\"https:\/\/aulaabierta.arasaac.org\/wp-content\/uploads\/2018\/11\/symbotalk_4_2.jpg\" alt=\"\" width=\"1212\" height=\"464\" srcset=\"https:\/\/aulaabierta.arasaac.org\/wp-content\/uploads\/2018\/11\/symbotalk_4_2.jpg 1212w, https:\/\/aulaabierta.arasaac.org\/wp-content\/uploads\/2018\/11\/symbotalk_4_2-300x115.jpg 300w, https:\/\/aulaabierta.arasaac.org\/wp-content\/uploads\/2018\/11\/symbotalk_4_2-768x294.jpg 768w, https:\/\/aulaabierta.arasaac.org\/wp-content\/uploads\/2018\/11\/symbotalk_4_2-1030x394.jpg 1030w, https:\/\/aulaabierta.arasaac.org\/wp-content\/uploads\/2018\/11\/symbotalk_4_2-705x270.jpg 705w, https:\/\/aulaabierta.arasaac.org\/wp-content\/uploads\/2018\/11\/symbotalk_4_2-450x172.jpg 450w\" sizes=\"auto, (max-width: 1212px) 100vw, 1212px\" \/><\/p>\n<p>De esta forma, accedemos la\u00a0<strong>listado de tableros predefinidos<\/strong>. Cada uno de ellos tiene asignado <strong>Nombre<\/strong> que lo identifica, la F<strong>echa<\/strong>\u00a0en la que se creo e informaci\u00f3n del <strong>N\u00famero de Celdas y Distribuci\u00f3n<\/strong>. En nuestro caso, todos los tableros predefinidos tienen 15 celdas organizadas en 5 columnas x 3 filas.<\/p>\n<p><img loading=\"lazy\" decoding=\"async\" class=\"alignnone size-full wp-image-12627\" src=\"https:\/\/aulaabierta.arasaac.org\/wp-content\/uploads\/2018\/11\/symbotalk_4_3.jpg\" alt=\"\" width=\"1214\" height=\"916\" srcset=\"https:\/\/aulaabierta.arasaac.org\/wp-content\/uploads\/2018\/11\/symbotalk_4_3.jpg 1214w, https:\/\/aulaabierta.arasaac.org\/wp-content\/uploads\/2018\/11\/symbotalk_4_3-300x226.jpg 300w, https:\/\/aulaabierta.arasaac.org\/wp-content\/uploads\/2018\/11\/symbotalk_4_3-768x579.jpg 768w, https:\/\/aulaabierta.arasaac.org\/wp-content\/uploads\/2018\/11\/symbotalk_4_3-1030x777.jpg 1030w, https:\/\/aulaabierta.arasaac.org\/wp-content\/uploads\/2018\/11\/symbotalk_4_3-705x532.jpg 705w, https:\/\/aulaabierta.arasaac.org\/wp-content\/uploads\/2018\/11\/symbotalk_4_3-450x340.jpg 450w\" sizes=\"auto, (max-width: 1214px) 100vw, 1214px\" \/><\/p>\n<p>Hacemos clic sobre el tablero <strong>Principal<\/strong>\u00a0y observamos la distribuci\u00f3n de las\u00a0<strong>celdas<\/strong>. Si nos fijamos detenidamente, algunas celdas tienen una<strong> pesta\u00f1a azul <\/strong>en la esquina superior derecha. Esa pesta\u00f1a nos indica que esa celda esta <strong>enlazada con otro tablero<\/strong> de nuestro listado.<\/p>\n<p><img loading=\"lazy\" decoding=\"async\" class=\"alignnone size-full wp-image-12629\" src=\"https:\/\/aulaabierta.arasaac.org\/wp-content\/uploads\/2018\/11\/symbotalk_4_5.jpg\" alt=\"\" width=\"1211\" height=\"913\" srcset=\"https:\/\/aulaabierta.arasaac.org\/wp-content\/uploads\/2018\/11\/symbotalk_4_5.jpg 1211w, https:\/\/aulaabierta.arasaac.org\/wp-content\/uploads\/2018\/11\/symbotalk_4_5-300x226.jpg 300w, https:\/\/aulaabierta.arasaac.org\/wp-content\/uploads\/2018\/11\/symbotalk_4_5-768x579.jpg 768w, https:\/\/aulaabierta.arasaac.org\/wp-content\/uploads\/2018\/11\/symbotalk_4_5-1030x777.jpg 1030w, https:\/\/aulaabierta.arasaac.org\/wp-content\/uploads\/2018\/11\/symbotalk_4_5-705x532.jpg 705w, https:\/\/aulaabierta.arasaac.org\/wp-content\/uploads\/2018\/11\/symbotalk_4_5-450x339.jpg 450w\" sizes=\"auto, (max-width: 1211px) 100vw, 1211px\" \/><\/p>\n<p>Si pulsamos en la celda de alimentos, vemos como saltamos a otro tablero que en nuestro listado de tableros se llamaba Alimentos.<\/p>\n<p><img loading=\"lazy\" decoding=\"async\" class=\"alignnone size-full wp-image-12630\" src=\"https:\/\/aulaabierta.arasaac.org\/wp-content\/uploads\/2018\/11\/symbotalk_4_6.jpg\" alt=\"\" width=\"1210\" height=\"917\" srcset=\"https:\/\/aulaabierta.arasaac.org\/wp-content\/uploads\/2018\/11\/symbotalk_4_6.jpg 1210w, https:\/\/aulaabierta.arasaac.org\/wp-content\/uploads\/2018\/11\/symbotalk_4_6-300x227.jpg 300w, https:\/\/aulaabierta.arasaac.org\/wp-content\/uploads\/2018\/11\/symbotalk_4_6-768x582.jpg 768w, https:\/\/aulaabierta.arasaac.org\/wp-content\/uploads\/2018\/11\/symbotalk_4_6-1030x781.jpg 1030w, https:\/\/aulaabierta.arasaac.org\/wp-content\/uploads\/2018\/11\/symbotalk_4_6-705x534.jpg 705w, https:\/\/aulaabierta.arasaac.org\/wp-content\/uploads\/2018\/11\/symbotalk_4_6-450x341.jpg 450w\" sizes=\"auto, (max-width: 1210px) 100vw, 1210px\" \/><\/p>\n<p>En este tablero, podemos apreciar c\u00f3mo algunas celdas (p.e.: fruta y verduras) tambi\u00e9n est\u00e1n enlazadas, por lo que al pulsar sobre ellas nos dirigir\u00e1n a otro tableros enlazados.<\/p>\n<p><img loading=\"lazy\" decoding=\"async\" class=\"alignnone size-full wp-image-12631\" src=\"https:\/\/aulaabierta.arasaac.org\/wp-content\/uploads\/2018\/11\/symbotalk_4_7.jpg\" alt=\"\" width=\"1211\" height=\"914\" srcset=\"https:\/\/aulaabierta.arasaac.org\/wp-content\/uploads\/2018\/11\/symbotalk_4_7.jpg 1211w, https:\/\/aulaabierta.arasaac.org\/wp-content\/uploads\/2018\/11\/symbotalk_4_7-300x226.jpg 300w, https:\/\/aulaabierta.arasaac.org\/wp-content\/uploads\/2018\/11\/symbotalk_4_7-768x580.jpg 768w, https:\/\/aulaabierta.arasaac.org\/wp-content\/uploads\/2018\/11\/symbotalk_4_7-1030x777.jpg 1030w, https:\/\/aulaabierta.arasaac.org\/wp-content\/uploads\/2018\/11\/symbotalk_4_7-705x532.jpg 705w, https:\/\/aulaabierta.arasaac.org\/wp-content\/uploads\/2018\/11\/symbotalk_4_7-450x340.jpg 450w\" sizes=\"auto, (max-width: 1211px) 100vw, 1211px\" \/><\/p>\n<p>Esta estructura de <strong>enlaces entre los distintos tableros<\/strong> es la <strong>clave del funcionamiento<\/strong> de <strong>SymboTalk.<\/strong><\/p>\n<p>Por lo tanto, lo primero que debemos hacer es crear los tableros que podamos necesitar para nuestros usuarios y, posteriormente, los enlazamos entre ellos en una <strong>estructura comunicativa acorde a las capacidades y necesidades del usuario<\/strong>. En funci\u00f3n de la evoluci\u00f3n, iremos a\u00f1adiendo y modificando el tama\u00f1o o el n\u00famero de tableros en su perfil.<\/p>\n<p>Es importante destacar que\u00a0<strong>SymboTalk<\/strong> nos\u00a0permite tambi\u00e9n\u00a0<strong>crear tableros sencillos<\/strong> de una, dos, cuatro o 16 celdas sin enlaces, por lo que puede ser utilizado en las <strong>primeras fases de la comunicaci\u00f3n<\/strong> (desde causa-efecto con 1 o 2 celdas, hasta el uso de la palabra-frase).<\/p>\n<h4><strong>2.\u00a0 Modo Edici\u00f3n: Perfiles.<\/strong><\/h4>\n<p>Una vez definidos y creados los tableros iniciales, debemos asociarlos a un usuario concreto, creando un <strong>Perfil<\/strong>, que ser\u00e1 el que utilizar\u00e1 en el <strong>Modo Usuario<\/strong>.<\/p>\n<p><img loading=\"lazy\" decoding=\"async\" class=\"alignnone size-full wp-image-12636\" src=\"https:\/\/aulaabierta.arasaac.org\/wp-content\/uploads\/2018\/11\/symbotalk_4_8.jpg\" alt=\"\" width=\"1209\" height=\"483\" srcset=\"https:\/\/aulaabierta.arasaac.org\/wp-content\/uploads\/2018\/11\/symbotalk_4_8.jpg 1209w, https:\/\/aulaabierta.arasaac.org\/wp-content\/uploads\/2018\/11\/symbotalk_4_8-300x120.jpg 300w, https:\/\/aulaabierta.arasaac.org\/wp-content\/uploads\/2018\/11\/symbotalk_4_8-768x307.jpg 768w, https:\/\/aulaabierta.arasaac.org\/wp-content\/uploads\/2018\/11\/symbotalk_4_8-1030x411.jpg 1030w, https:\/\/aulaabierta.arasaac.org\/wp-content\/uploads\/2018\/11\/symbotalk_4_8-705x282.jpg 705w, https:\/\/aulaabierta.arasaac.org\/wp-content\/uploads\/2018\/11\/symbotalk_4_8-450x180.jpg 450w\" sizes=\"auto, (max-width: 1209px) 100vw, 1209px\" \/><\/p>\n<p>A modo de ejemplo y pulsando en el perfil que viene asociado por defecto, vemos que hay un Usuario con nombre User. Al editar este perfil,\u00a0vemos que tiene establecido por defecto el\u00a0 establecido Principal, desde el que se iniciar\u00e1 el comunicador en el Modo Usuario. Podemos cambia el tablero inicial seleccionando otro tablero de la lista.<\/p>\n<p><img loading=\"lazy\" decoding=\"async\" class=\"alignnone size-full wp-image-12633\" src=\"https:\/\/aulaabierta.arasaac.org\/wp-content\/uploads\/2018\/11\/symbotalk_4_9.jpg\" alt=\"\" width=\"1212\" height=\"713\" srcset=\"https:\/\/aulaabierta.arasaac.org\/wp-content\/uploads\/2018\/11\/symbotalk_4_9.jpg 1212w, https:\/\/aulaabierta.arasaac.org\/wp-content\/uploads\/2018\/11\/symbotalk_4_9-300x176.jpg 300w, https:\/\/aulaabierta.arasaac.org\/wp-content\/uploads\/2018\/11\/symbotalk_4_9-768x452.jpg 768w, https:\/\/aulaabierta.arasaac.org\/wp-content\/uploads\/2018\/11\/symbotalk_4_9-1030x606.jpg 1030w, https:\/\/aulaabierta.arasaac.org\/wp-content\/uploads\/2018\/11\/symbotalk_4_9-705x415.jpg 705w, https:\/\/aulaabierta.arasaac.org\/wp-content\/uploads\/2018\/11\/symbotalk_4_9-450x265.jpg 450w\" sizes=\"auto, (max-width: 1212px) 100vw, 1212px\" \/><\/p>\n<p>Para aprender a gestionar los perfiles, pod\u00e9is consultarlo en el <a href=\"https:\/\/aulaabierta.arasaac.org\/symbotalk-8-gestion-perfiles\"><strong>cap\u00edtulo 8<\/strong> <\/a>de este tutorial.<\/p>\n<\/div><\/section>\n<\/div><\/div><\/div><!-- close content main div --><\/div><\/div><div id='av-layout-grid-2'  class='av-layout-grid-container av-4evl6wa-4c901a511d61f01990ef801b93dbc711 entry-content-wrapper main_color av-border-top-bottom av-flex-cells  avia-builder-el-6  el_after_av_textblock  avia-builder-el-last  grid-row-not-first  container_wrap fullsize'  >\n\n<style type=\"text\/css\" data-created_by=\"avia_inline_auto\" id=\"style-css-av-3rho4cq-1ab853d19c421b9ad3b90612f856194b\">\n.flex_cell.av-3rho4cq-1ab853d19c421b9ad3b90612f856194b{\nvertical-align:top;\n}\n.responsive #top #wrap_all .flex_cell.av-3rho4cq-1ab853d19c421b9ad3b90612f856194b{\npadding:30px 30px 30px 30px !important;\n}\n<\/style>\n<div class='flex_cell av-3rho4cq-1ab853d19c421b9ad3b90612f856194b av-gridrow-cell av_one_fifth no_margin  avia-builder-el-7  el_before_av_cell_one_fifth  avia-builder-el-first ' ><div class='flex_cell_inner'>\n<style type=\"text\/css\" data-created_by=\"avia_inline_auto\" id=\"style-css-av-3akayp6-0bb3ed6398a0ae3b83116a232e7bd737\">\n.avia-image-container.av-3akayp6-0bb3ed6398a0ae3b83116a232e7bd737 img.avia_image{\nbox-shadow:none;\n}\n.avia-image-container.av-3akayp6-0bb3ed6398a0ae3b83116a232e7bd737 .av-image-caption-overlay-center{\ncolor:#ffffff;\n}\n<\/style>\n<div  class='avia-image-container av-3akayp6-0bb3ed6398a0ae3b83116a232e7bd737 av-styling- avia-align-center  avia-builder-el-8  avia-builder-el-no-sibling '   itemprop=\"image\" itemscope=\"itemscope\" itemtype=\"https:\/\/schema.org\/ImageObject\" ><div class=\"avia-image-container-inner\"><div class=\"avia-image-overlay-wrap\"><a href=\"https:\/\/aulaabierta.arasaac.org\/de\/symbotalk-3-primeras-configuraciones\" class='avia_image' ><img decoding=\"async\" class='wp-image-96479 avia-img-lazy-loading-not-96479 avia_image ' src=\"https:\/\/aulaabierta.arasaac.org\/wp-content\/uploads\/2016\/12\/before-80x80.png\" alt='' title='before'  height=\"80\" width=\"80\"  itemprop=\"thumbnailUrl\" srcset=\"https:\/\/aulaabierta.arasaac.org\/wp-content\/uploads\/2016\/12\/before-80x80.png 80w, https:\/\/aulaabierta.arasaac.org\/wp-content\/uploads\/2016\/12\/before-36x36.png 36w, https:\/\/aulaabierta.arasaac.org\/wp-content\/uploads\/2016\/12\/before-120x120.png 120w, https:\/\/aulaabierta.arasaac.org\/wp-content\/uploads\/2016\/12\/before.png 128w\" sizes=\"(max-width: 80px) 100vw, 80px\" \/><\/a><\/div><\/div><\/div>\n<\/div><\/div>\n<style type=\"text\/css\" data-created_by=\"avia_inline_auto\" id=\"style-css-av-36okj0q-f5e09d65a0e9e36484278088f86ba2c6\">\n.flex_cell.av-36okj0q-f5e09d65a0e9e36484278088f86ba2c6{\nvertical-align:top;\n}\n.responsive #top #wrap_all .flex_cell.av-36okj0q-f5e09d65a0e9e36484278088f86ba2c6{\npadding:30px 30px 30px 30px !important;\n}\n<\/style>\n<div class='flex_cell av-36okj0q-f5e09d65a0e9e36484278088f86ba2c6 av-gridrow-cell av_one_fifth no_margin  avia-builder-el-9  el_after_av_cell_one_fifth  el_before_av_cell_one_fifth ' ><div class='flex_cell_inner'><\/div><\/div>\n<style type=\"text\/css\" data-created_by=\"avia_inline_auto\" id=\"style-css-av-2mz29ey-1a5832e565f6a25eacc9b74213a5dc04\">\n.flex_cell.av-2mz29ey-1a5832e565f6a25eacc9b74213a5dc04{\nvertical-align:top;\n}\n.responsive #top #wrap_all .flex_cell.av-2mz29ey-1a5832e565f6a25eacc9b74213a5dc04{\npadding:30px 30px 30px 30px !important;\n}\n<\/style>\n<div class='flex_cell av-2mz29ey-1a5832e565f6a25eacc9b74213a5dc04 av-gridrow-cell av_one_fifth no_margin  avia-builder-el-10  el_after_av_cell_one_fifth  el_before_av_cell_one_fifth ' ><div class='flex_cell_inner'>\n<style type=\"text\/css\" data-created_by=\"avia_inline_auto\" id=\"style-css-av-21mwsq2-11b05c2a25c73da07b50f9b5885486d6\">\n.avia-image-container.av-21mwsq2-11b05c2a25c73da07b50f9b5885486d6 img.avia_image{\nbox-shadow:none;\n}\n.avia-image-container.av-21mwsq2-11b05c2a25c73da07b50f9b5885486d6 .av-image-caption-overlay-center{\ncolor:#ffffff;\n}\n<\/style>\n<div  class='avia-image-container av-21mwsq2-11b05c2a25c73da07b50f9b5885486d6 av-styling- avia-align-center  avia-builder-el-11  avia-builder-el-no-sibling '   itemprop=\"image\" itemscope=\"itemscope\" itemtype=\"https:\/\/schema.org\/ImageObject\" ><div class=\"avia-image-container-inner\"><div class=\"avia-image-overlay-wrap\"><a href=\"https:\/\/aulaabierta.arasaac.org\/de\/symbotalk-0-inicio-2\" class='avia_image' ><img decoding=\"async\" class='wp-image-96481 avia-img-lazy-loading-not-96481 avia_image ' src=\"https:\/\/aulaabierta.arasaac.org\/wp-content\/uploads\/2016\/12\/casa-80x80.png\" alt='' title='Inicio'  height=\"80\" width=\"80\"  itemprop=\"thumbnailUrl\" srcset=\"https:\/\/aulaabierta.arasaac.org\/wp-content\/uploads\/2016\/12\/casa-80x80.png 80w, https:\/\/aulaabierta.arasaac.org\/wp-content\/uploads\/2016\/12\/casa-300x300.png 300w, https:\/\/aulaabierta.arasaac.org\/wp-content\/uploads\/2016\/12\/casa-36x36.png 36w, https:\/\/aulaabierta.arasaac.org\/wp-content\/uploads\/2016\/12\/casa-180x180.png 180w, https:\/\/aulaabierta.arasaac.org\/wp-content\/uploads\/2016\/12\/casa-120x120.png 120w, https:\/\/aulaabierta.arasaac.org\/wp-content\/uploads\/2016\/12\/casa-450x450.png 450w, https:\/\/aulaabierta.arasaac.org\/wp-content\/uploads\/2016\/12\/casa.png 500w\" sizes=\"(max-width: 80px) 100vw, 80px\" \/><\/a><\/div><\/div><\/div>\n<\/div><\/div>\n<style type=\"text\/css\" data-created_by=\"avia_inline_auto\" id=\"style-css-av-1rww26i-618e5d5dce4c808d26c17599c56ab1e2\">\n.flex_cell.av-1rww26i-618e5d5dce4c808d26c17599c56ab1e2{\nvertical-align:top;\n}\n.responsive #top #wrap_all .flex_cell.av-1rww26i-618e5d5dce4c808d26c17599c56ab1e2{\npadding:30px 30px 30px 30px !important;\n}\n<\/style>\n<div class='flex_cell av-1rww26i-618e5d5dce4c808d26c17599c56ab1e2 av-gridrow-cell av_one_fifth no_margin  avia-builder-el-12  el_after_av_cell_one_fifth  el_before_av_cell_one_fifth ' ><div class='flex_cell_inner'><\/div><\/div>\n<style type=\"text\/css\" data-created_by=\"avia_inline_auto\" id=\"style-css-av-14iqezu-f6cc3fb281717be24b5fe0b313847ee2\">\n.flex_cell.av-14iqezu-f6cc3fb281717be24b5fe0b313847ee2{\nvertical-align:top;\n}\n.responsive #top #wrap_all .flex_cell.av-14iqezu-f6cc3fb281717be24b5fe0b313847ee2{\npadding:30px 30px 30px 30px !important;\n}\n<\/style>\n<div class='flex_cell av-14iqezu-f6cc3fb281717be24b5fe0b313847ee2 av-gridrow-cell av_one_fifth no_margin  avia-builder-el-13  el_after_av_cell_one_fifth  avia-builder-el-last ' ><div class='flex_cell_inner'>\n<style type=\"text\/css\" data-created_by=\"avia_inline_auto\" id=\"style-css-av-oxnii2-2afd7f30670734699a5fc0825270e84f\">\n.avia-image-container.av-oxnii2-2afd7f30670734699a5fc0825270e84f img.avia_image{\nbox-shadow:none;\n}\n.avia-image-container.av-oxnii2-2afd7f30670734699a5fc0825270e84f .av-image-caption-overlay-center{\ncolor:#ffffff;\n}\n<\/style>\n<div  class='avia-image-container av-oxnii2-2afd7f30670734699a5fc0825270e84f av-styling- avia-align-center  avia-builder-el-14  avia-builder-el-no-sibling '   itemprop=\"image\" itemscope=\"itemscope\" itemtype=\"https:\/\/schema.org\/ImageObject\" ><div class=\"avia-image-container-inner\"><div class=\"avia-image-overlay-wrap\"><a href=\"https:\/\/aulaabierta.arasaac.org\/de\/symbotalk-5-creamos-enlazamos-tablero\" class='avia_image' ><img decoding=\"async\" class='wp-image-96480 avia-img-lazy-loading-not-96480 avia_image ' src=\"https:\/\/aulaabierta.arasaac.org\/wp-content\/uploads\/2016\/12\/next-80x80.png\" alt='' title='next'  height=\"80\" width=\"80\"  itemprop=\"thumbnailUrl\" srcset=\"https:\/\/aulaabierta.arasaac.org\/wp-content\/uploads\/2016\/12\/next-80x80.png 80w, https:\/\/aulaabierta.arasaac.org\/wp-content\/uploads\/2016\/12\/next-36x36.png 36w, https:\/\/aulaabierta.arasaac.org\/wp-content\/uploads\/2016\/12\/next-120x120.png 120w, https:\/\/aulaabierta.arasaac.org\/wp-content\/uploads\/2016\/12\/next.png 128w\" sizes=\"(max-width: 80px) 100vw, 80px\" \/><\/a><\/div><\/div><\/div>\n<\/div><\/div>\n<\/div>\n","protected":false},"excerpt":{"rendered":"","protected":false},"author":5,"featured_media":9014,"parent":0,"menu_order":0,"comment_status":"closed","ping_status":"closed","template":"","meta":{"om_disable_all_campaigns":false,"_monsterinsights_skip_tracking":false,"_monsterinsights_sitenote_active":false,"_monsterinsights_sitenote_note":"","_monsterinsights_sitenote_category":0,"_uf_show_specific_survey":0,"_uf_disable_surveys":false,"footnotes":""},"class_list":["post-12618","page","type-page","status-publish","has-post-thumbnail","hentry"],"aioseo_notices":[],"_links":{"self":[{"href":"https:\/\/aulaabierta.arasaac.org\/de\/wp-json\/wp\/v2\/pages\/12618","targetHints":{"allow":["GET"]}}],"collection":[{"href":"https:\/\/aulaabierta.arasaac.org\/de\/wp-json\/wp\/v2\/pages"}],"about":[{"href":"https:\/\/aulaabierta.arasaac.org\/de\/wp-json\/wp\/v2\/types\/page"}],"author":[{"embeddable":true,"href":"https:\/\/aulaabierta.arasaac.org\/de\/wp-json\/wp\/v2\/users\/5"}],"replies":[{"embeddable":true,"href":"https:\/\/aulaabierta.arasaac.org\/de\/wp-json\/wp\/v2\/comments?post=12618"}],"version-history":[{"count":11,"href":"https:\/\/aulaabierta.arasaac.org\/de\/wp-json\/wp\/v2\/pages\/12618\/revisions"}],"predecessor-version":[{"id":83572,"href":"https:\/\/aulaabierta.arasaac.org\/de\/wp-json\/wp\/v2\/pages\/12618\/revisions\/83572"}],"wp:featuredmedia":[{"embeddable":true,"href":"https:\/\/aulaabierta.arasaac.org\/de\/wp-json\/wp\/v2\/media\/9014"}],"wp:attachment":[{"href":"https:\/\/aulaabierta.arasaac.org\/de\/wp-json\/wp\/v2\/media?parent=12618"}],"curies":[{"name":"wp","href":"https:\/\/api.w.org\/{rel}","templated":true}]}}