{"id":12708,"date":"2018-11-20T14:12:36","date_gmt":"2018-11-20T13:12:36","guid":{"rendered":"http:\/\/aulaabierta.arasaac.org\/?page_id=12708"},"modified":"2022-01-24T10:55:11","modified_gmt":"2022-01-24T09:55:11","slug":"symbotalk-7-edicion-avanzada-tableros","status":"publish","type":"page","link":"https:\/\/aulaabierta.arasaac.org\/de\/symbotalk-7-edicion-avanzada-tableros","title":{"rendered":"Symbotalk &#8211; 7 &#8211; Edici\u00f3n avanzada de Tableros"},"content":{"rendered":"<div id='av-layout-grid-1'  class='av-layout-grid-container av-av_layout_row-cf0131907da0bd4ef305776fbd0391d0 entry-content-wrapper alternate_color av-border-cells av-flex-cells  avia-builder-el-0  el_before_av_textblock  avia-builder-el-first   container_wrap fullsize'  >\n\n<style type=\"text\/css\" data-created_by=\"avia_inline_auto\" id=\"style-css-av-av_cell_one_fifth-5227a743201b625eadc00b27db60eab9\">\n.flex_cell.av-av_cell_one_fifth-5227a743201b625eadc00b27db60eab9{\nvertical-align:top;\n}\n.responsive #top #wrap_all .flex_cell.av-av_cell_one_fifth-5227a743201b625eadc00b27db60eab9{\npadding:30px 30px 30px 30px !important;\n}\n<\/style>\n<div class='flex_cell av-av_cell_one_fifth-5227a743201b625eadc00b27db60eab9 av-gridrow-cell av_one_fifth no_margin  avia-builder-el-1  el_before_av_cell_four_fifth  avia-builder-el-first ' ><div class='flex_cell_inner'>\n<style type=\"text\/css\" data-created_by=\"avia_inline_auto\" id=\"style-css-av-av_image-1f41c68c92b5b5449b1566badde10968\">\n.avia-image-container.av-av_image-1f41c68c92b5b5449b1566badde10968 img.avia_image{\nbox-shadow:none;\n}\n.avia-image-container.av-av_image-1f41c68c92b5b5449b1566badde10968 .av-caption-image-overlay-bg{\nopacity:0.4;\nbackground-color:#000000;\n}\n.avia-image-container.av-av_image-1f41c68c92b5b5449b1566badde10968 .av-image-caption-overlay-center{\ncolor:#ffffff;\n}\n<\/style>\n<div  class='avia-image-container av-av_image-1f41c68c92b5b5449b1566badde10968 av-styling- avia-align-left  avia-builder-el-2  avia-builder-el-no-sibling  noHover av-overlay-on-hover'   itemprop=\"image\" itemscope=\"itemscope\" itemtype=\"https:\/\/schema.org\/ImageObject\" ><div class=\"avia-image-container-inner\"><div class=\"avia-image-overlay-wrap\"><a href=\"https:\/\/aulaabierta.arasaac.org\/de\/symbotalk-0-inicio-2\" class='avia_image' ><div class=\"av-image-caption-overlay\"><div class=\"av-caption-image-overlay-bg\"><\/div><div class=\"av-image-caption-overlay-position\"><div class=\"av-image-caption-overlay-center\"><p>Volver a inicio<\/p>\n<\/div><\/div><\/div><img decoding=\"async\" class='wp-image-99374 avia-img-lazy-loading-not-99374 avia_image ' src=\"https:\/\/aulaabierta.arasaac.org\/wp-content\/uploads\/2018\/06\/Symbotalk_ARASAAC-300x300.png\" alt='' title='Symbotalk_ARASAAC'  height=\"300\" width=\"300\"  itemprop=\"thumbnailUrl\" srcset=\"https:\/\/aulaabierta.arasaac.org\/wp-content\/uploads\/2018\/06\/Symbotalk_ARASAAC-300x300.png 300w, https:\/\/aulaabierta.arasaac.org\/wp-content\/uploads\/2018\/06\/Symbotalk_ARASAAC-80x80.png 80w, https:\/\/aulaabierta.arasaac.org\/wp-content\/uploads\/2018\/06\/Symbotalk_ARASAAC-768x767.png 768w, https:\/\/aulaabierta.arasaac.org\/wp-content\/uploads\/2018\/06\/Symbotalk_ARASAAC-1030x1030.png 1030w, https:\/\/aulaabierta.arasaac.org\/wp-content\/uploads\/2018\/06\/Symbotalk_ARASAAC-36x36.png 36w, https:\/\/aulaabierta.arasaac.org\/wp-content\/uploads\/2018\/06\/Symbotalk_ARASAAC-180x180.png 180w, https:\/\/aulaabierta.arasaac.org\/wp-content\/uploads\/2018\/06\/Symbotalk_ARASAAC-705x705.png 705w, https:\/\/aulaabierta.arasaac.org\/wp-content\/uploads\/2018\/06\/Symbotalk_ARASAAC-120x120.png 120w, https:\/\/aulaabierta.arasaac.org\/wp-content\/uploads\/2018\/06\/Symbotalk_ARASAAC-450x450.png 450w, https:\/\/aulaabierta.arasaac.org\/wp-content\/uploads\/2018\/06\/Symbotalk_ARASAAC.png 1042w\" sizes=\"(max-width: 300px) 100vw, 300px\" \/><\/a><\/div><\/div><\/div>\n<\/div><\/div>\n<style type=\"text\/css\" data-created_by=\"avia_inline_auto\" id=\"style-css-av-av_cell_four_fifth-51bfb5260486183706b211b34d210c4f\">\n.flex_cell.av-av_cell_four_fifth-51bfb5260486183706b211b34d210c4f{\nvertical-align:middle;\n}\n.responsive #top #wrap_all .flex_cell.av-av_cell_four_fifth-51bfb5260486183706b211b34d210c4f{\npadding:30px 30px 30px 30px !important;\n}\n<\/style>\n<div class='flex_cell av-av_cell_four_fifth-51bfb5260486183706b211b34d210c4f av-gridrow-cell av_four_fifth no_margin  avia-builder-el-3  el_after_av_cell_one_fifth  avia-builder-el-last ' ><div class='flex_cell_inner'>\n<style type=\"text\/css\" data-created_by=\"avia_inline_auto\" id=\"style-css-av-av_heading-d6129ac4d94860b25248375e1db03ee6\">\n#top .av-special-heading.av-av_heading-d6129ac4d94860b25248375e1db03ee6{\npadding-bottom:0;\n}\nbody .av-special-heading.av-av_heading-d6129ac4d94860b25248375e1db03ee6 .av-special-heading-tag .heading-char{\nfont-size:25px;\n}\n#top #wrap_all .av-special-heading.av-av_heading-d6129ac4d94860b25248375e1db03ee6 .av-special-heading-tag{\nfont-size:26px;\n}\n.av-special-heading.av-av_heading-d6129ac4d94860b25248375e1db03ee6 .av-subheading{\nfont-size:15px;\n}\n<\/style>\n<div  class='av-special-heading av-av_heading-d6129ac4d94860b25248375e1db03ee6 av-special-heading-h2  avia-builder-el-4  avia-builder-el-no-sibling '><h2 class='av-special-heading-tag'  itemprop=\"headline\"  >7. EDICI\u00d3N AVANZADA DE TABLEROS<\/h2><div class=\"special-heading-border\"><div class=\"special-heading-inner-border\"><\/div><\/div><\/div>\n<\/div><\/div>\n<\/div><div id='after_grid_row_1'  class='main_color av_default_container_wrap container_wrap fullsize'  ><div class='container av-section-cont-open' ><div class='template-page content  av-content-full alpha units'><div class='post-entry post-entry-type-page post-entry-12708'><div class='entry-content-wrapper clearfix'>\n<section  class='av_textblock_section av-av_textblock-2de302bf1aa3cf4c9157dbe6f50ac7eb'  itemscope=\"itemscope\" itemtype=\"https:\/\/schema.org\/CreativeWork\" ><div class='avia_textblock'  itemprop=\"text\" ><h6 style=\"text-align: center;\"><img loading=\"lazy\" decoding=\"async\" class=\"aligncenter size-full wp-image-932\" src=\"https:\/\/aulaabierta.arasaac.org\/wp-content\/uploads\/2016\/12\/by-nc-sa.eu_petit.png\" alt=\"\" width=\"118\" height=\"41\" \/>Este obra est\u00e1 bajo una <a href=\"http:\/\/creativecommons.org\/licenses\/by-nc-sa\/4.0\/\" rel=\"license\">licencia de Creative Commons Reconocimiento-NoComercial-CompartirIgual 4.0 Internacional<\/a>.<\/h6>\n<hr \/>\n<\/div><\/section>\n<section  class='av_textblock_section av-av_textblock-2de302bf1aa3cf4c9157dbe6f50ac7eb'  itemscope=\"itemscope\" itemtype=\"https:\/\/schema.org\/CreativeWork\" ><div class='avia_textblock'  itemprop=\"text\" ><p>Desde el listado de Tablero creados podemos acceder a una serie de opciones que nos ofrece el men\u00fa contextual para cada uno de los tableros.<\/p>\n<p>El modo de acceder al men\u00fa contextual var\u00eda entre la versi\u00f3n para PC (navegadores) y la de dispositivos m\u00f3viles.<\/p>\n<h4>NAVEGADORES (PC)<\/h4>\n<p>En la versi\u00f3n para navegadores de SyboTalk a la derecha de cada tablero que tengamos creados aparecer\u00e1n tres puntos. Al pulsar sobre ellos aparecer\u00e1 el men\u00fa contextual con diversas opciones.<\/p>\n<p><img loading=\"lazy\" decoding=\"async\" class=\"alignnone size-full wp-image-12790\" src=\"https:\/\/aulaabierta.arasaac.org\/wp-content\/uploads\/2018\/11\/symbotalk_7-1.jpg\" alt=\"\" width=\"1491\" height=\"893\" srcset=\"https:\/\/aulaabierta.arasaac.org\/wp-content\/uploads\/2018\/11\/symbotalk_7-1.jpg 1491w, https:\/\/aulaabierta.arasaac.org\/wp-content\/uploads\/2018\/11\/symbotalk_7-1-300x180.jpg 300w, https:\/\/aulaabierta.arasaac.org\/wp-content\/uploads\/2018\/11\/symbotalk_7-1-768x460.jpg 768w, https:\/\/aulaabierta.arasaac.org\/wp-content\/uploads\/2018\/11\/symbotalk_7-1-1030x617.jpg 1030w, https:\/\/aulaabierta.arasaac.org\/wp-content\/uploads\/2018\/11\/symbotalk_7-1-705x422.jpg 705w, https:\/\/aulaabierta.arasaac.org\/wp-content\/uploads\/2018\/11\/symbotalk_7-1-450x270.jpg 450w\" sizes=\"auto, (max-width: 1491px) 100vw, 1491px\" \/><\/p>\n<ul>\n<li><strong>Imagen:<\/strong> esta opci\u00f3n crea una imagen JPG del tablero y la descarga a nuestro ordenador.<\/li>\n<li><strong>PDF:<\/strong> esta opci\u00f3n genera un PDF con el tablero listo para imprimir.<\/li>\n<\/ul>\n<p>Utilizando cualquiera de estas dos opciones podemos utilizar SymboTalk como creador de tableros de comunicaci\u00f3n impresos sea imprimi\u00e9ndolos directamente desde el PDF o insertando la imagen generada en un documento o presentaci\u00f3n.<\/p>\n<p>La opci\u00f3n <strong>Editar<\/strong> nos dirige a una ventana desde la que podemos cambiar el Nombre del tablero, las etiquetas asignadas, el tama\u00f1o (distribuci\u00f3n y n\u00famero de celdas) o previsualizarlo.<\/p>\n<p>Si hacemos cualquier cambio en alg\u00fan par\u00e1metro (como en este caso que hemos a\u00f1adido dos etiquetas) se activar\u00e1 el bot\u00f3n &#8222;Guardar&#8220; (al pulsarlo se almacenar\u00e1n los cambios).<\/p>\n<p><img loading=\"lazy\" decoding=\"async\" class=\"aligncenter wp-image-12794 size-full\" src=\"https:\/\/aulaabierta.arasaac.org\/wp-content\/uploads\/2018\/11\/symbotalk_7-5-1.png\" alt=\"\" width=\"832\" height=\"510\" srcset=\"https:\/\/aulaabierta.arasaac.org\/wp-content\/uploads\/2018\/11\/symbotalk_7-5-1.png 832w, https:\/\/aulaabierta.arasaac.org\/wp-content\/uploads\/2018\/11\/symbotalk_7-5-1-300x184.png 300w, https:\/\/aulaabierta.arasaac.org\/wp-content\/uploads\/2018\/11\/symbotalk_7-5-1-768x471.png 768w, https:\/\/aulaabierta.arasaac.org\/wp-content\/uploads\/2018\/11\/symbotalk_7-5-1-705x432.png 705w, https:\/\/aulaabierta.arasaac.org\/wp-content\/uploads\/2018\/11\/symbotalk_7-5-1-450x276.png 450w\" sizes=\"auto, (max-width: 832px) 100vw, 832px\" \/><\/p>\n<p>La opci\u00f3n <strong>&#8222;Duplicar&#8220;<\/strong> clona cualquier tablero creando uno igual que renombra con el nombre del tablero de origen y un n\u00famero (empezando por 1).<\/p>\n<p>Por \u00faltimo la opci\u00f3n <strong>&#8222;Borrar&#8220;<\/strong> nos eliminar\u00e1 el tablero una vez confirmemos que realmente queremos borrarlo.<\/p>\n<p><img loading=\"lazy\" decoding=\"async\" class=\"alignnone size-full wp-image-12791\" src=\"https:\/\/aulaabierta.arasaac.org\/wp-content\/uploads\/2018\/11\/symbotalk_7-4.jpg\" alt=\"\" width=\"1491\" height=\"914\" srcset=\"https:\/\/aulaabierta.arasaac.org\/wp-content\/uploads\/2018\/11\/symbotalk_7-4.jpg 1491w, https:\/\/aulaabierta.arasaac.org\/wp-content\/uploads\/2018\/11\/symbotalk_7-4-300x184.jpg 300w, https:\/\/aulaabierta.arasaac.org\/wp-content\/uploads\/2018\/11\/symbotalk_7-4-768x471.jpg 768w, https:\/\/aulaabierta.arasaac.org\/wp-content\/uploads\/2018\/11\/symbotalk_7-4-1030x631.jpg 1030w, https:\/\/aulaabierta.arasaac.org\/wp-content\/uploads\/2018\/11\/symbotalk_7-4-705x432.jpg 705w, https:\/\/aulaabierta.arasaac.org\/wp-content\/uploads\/2018\/11\/symbotalk_7-4-450x276.jpg 450w\" sizes=\"auto, (max-width: 1491px) 100vw, 1491px\" \/><\/p>\n<h4>DISPOSITIVOS M\u00d3VILES (ANDROID e iOS)<\/h4>\n<p>En los dispositivos m\u00f3viles \u00fanicamente tenemos acceso a tres opciones: Borrar, Editar y Clonar. Las opciones de Imagen y PDF solo est\u00e1n disponibles para Navegadores.<\/p>\n<p>El acceso a las opciones de los paneles en los dispositivos m\u00f3viles se realiza deslizando con el dedo la fila del tablero a derecha o izquierda de la pantalla.<\/p>\n<p>Si deslizamos la fila del tablero hacia la derecha, se nos mostrar\u00e1 la opci\u00f3n de &#8222;Borrar&#8220; y deberemos pulsarla para, tras confirmarlo, borrar el tablero.<\/p>\n<p><img loading=\"lazy\" decoding=\"async\" class=\"alignnone size-full wp-image-12792\" src=\"https:\/\/aulaabierta.arasaac.org\/wp-content\/uploads\/2018\/11\/symbotalk_7-5.png\" alt=\"\" width=\"1920\" height=\"1400\" srcset=\"https:\/\/aulaabierta.arasaac.org\/wp-content\/uploads\/2018\/11\/symbotalk_7-5.png 1920w, https:\/\/aulaabierta.arasaac.org\/wp-content\/uploads\/2018\/11\/symbotalk_7-5-300x219.png 300w, https:\/\/aulaabierta.arasaac.org\/wp-content\/uploads\/2018\/11\/symbotalk_7-5-768x560.png 768w, https:\/\/aulaabierta.arasaac.org\/wp-content\/uploads\/2018\/11\/symbotalk_7-5-1030x751.png 1030w, https:\/\/aulaabierta.arasaac.org\/wp-content\/uploads\/2018\/11\/symbotalk_7-5-1500x1094.png 1500w, https:\/\/aulaabierta.arasaac.org\/wp-content\/uploads\/2018\/11\/symbotalk_7-5-705x514.png 705w, https:\/\/aulaabierta.arasaac.org\/wp-content\/uploads\/2018\/11\/symbotalk_7-5-450x328.png 450w\" sizes=\"auto, (max-width: 1920px) 100vw, 1920px\" \/><\/p>\n<p>Deslizando la fila del tablero hacia la izquierda se nos muestran las opciones de &#8222;Editar&#8220; y &#8222;Duplicar&#8220; ya explicadas anteriormente.<\/p>\n<p><img loading=\"lazy\" decoding=\"async\" class=\"alignnone size-full wp-image-12793\" src=\"https:\/\/aulaabierta.arasaac.org\/wp-content\/uploads\/2018\/11\/symbotalk_7-6.png\" alt=\"\" width=\"1920\" height=\"1400\" srcset=\"https:\/\/aulaabierta.arasaac.org\/wp-content\/uploads\/2018\/11\/symbotalk_7-6.png 1920w, https:\/\/aulaabierta.arasaac.org\/wp-content\/uploads\/2018\/11\/symbotalk_7-6-300x219.png 300w, https:\/\/aulaabierta.arasaac.org\/wp-content\/uploads\/2018\/11\/symbotalk_7-6-768x560.png 768w, https:\/\/aulaabierta.arasaac.org\/wp-content\/uploads\/2018\/11\/symbotalk_7-6-1030x751.png 1030w, https:\/\/aulaabierta.arasaac.org\/wp-content\/uploads\/2018\/11\/symbotalk_7-6-1500x1094.png 1500w, https:\/\/aulaabierta.arasaac.org\/wp-content\/uploads\/2018\/11\/symbotalk_7-6-705x514.png 705w, https:\/\/aulaabierta.arasaac.org\/wp-content\/uploads\/2018\/11\/symbotalk_7-6-450x328.png 450w\" sizes=\"auto, (max-width: 1920px) 100vw, 1920px\" \/><\/p>\n<\/div><\/section>\n<\/div><\/div><\/div><!-- close content main div --><\/div><\/div><div id='av-layout-grid-2'  class='av-layout-grid-container av-av_layout_row-ff89abd0ebc2125893d5f3061474122c entry-content-wrapper main_color av-border-top-bottom av-flex-cells  avia-builder-el-7  el_after_av_textblock  avia-builder-el-last  grid-row-not-first  container_wrap fullsize'  >\n\n<style type=\"text\/css\" data-created_by=\"avia_inline_auto\" id=\"style-css-av-av_cell_one_fifth-5227a743201b625eadc00b27db60eab9\">\n.flex_cell.av-av_cell_one_fifth-5227a743201b625eadc00b27db60eab9{\nvertical-align:top;\n}\n.responsive #top #wrap_all .flex_cell.av-av_cell_one_fifth-5227a743201b625eadc00b27db60eab9{\npadding:30px 30px 30px 30px !important;\n}\n<\/style>\n<div class='flex_cell av-av_cell_one_fifth-5227a743201b625eadc00b27db60eab9 av-gridrow-cell av_one_fifth no_margin  avia-builder-el-8  el_before_av_cell_one_fifth  avia-builder-el-first ' ><div class='flex_cell_inner'>\n<style type=\"text\/css\" data-created_by=\"avia_inline_auto\" id=\"style-css-av-av_image-456885079052c5eb271dae4f03ac5345\">\n.avia-image-container.av-av_image-456885079052c5eb271dae4f03ac5345 img.avia_image{\nbox-shadow:none;\n}\n.avia-image-container.av-av_image-456885079052c5eb271dae4f03ac5345 .av-image-caption-overlay-center{\ncolor:#ffffff;\n}\n<\/style>\n<div  class='avia-image-container av-av_image-456885079052c5eb271dae4f03ac5345 av-styling- avia-align-center  avia-builder-el-9  avia-builder-el-no-sibling '   itemprop=\"image\" itemscope=\"itemscope\" itemtype=\"https:\/\/schema.org\/ImageObject\" ><div class=\"avia-image-container-inner\"><div class=\"avia-image-overlay-wrap\"><a href=\"https:\/\/aulaabierta.arasaac.org\/de\/symbotalk-6-edicion-avanzada-pictogramas\" class='avia_image' ><img decoding=\"async\" class='wp-image-96479 avia-img-lazy-loading-not-96479 avia_image ' src=\"https:\/\/aulaabierta.arasaac.org\/wp-content\/uploads\/2016\/12\/before-80x80.png\" alt='' title='before'  height=\"80\" width=\"80\"  itemprop=\"thumbnailUrl\" srcset=\"https:\/\/aulaabierta.arasaac.org\/wp-content\/uploads\/2016\/12\/before-80x80.png 80w, https:\/\/aulaabierta.arasaac.org\/wp-content\/uploads\/2016\/12\/before-36x36.png 36w, https:\/\/aulaabierta.arasaac.org\/wp-content\/uploads\/2016\/12\/before-120x120.png 120w, https:\/\/aulaabierta.arasaac.org\/wp-content\/uploads\/2016\/12\/before.png 128w\" sizes=\"(max-width: 80px) 100vw, 80px\" \/><\/a><\/div><\/div><\/div>\n<\/div><\/div>\n<style type=\"text\/css\" data-created_by=\"avia_inline_auto\" id=\"style-css-av-av_cell_one_fifth-5227a743201b625eadc00b27db60eab9\">\n.flex_cell.av-av_cell_one_fifth-5227a743201b625eadc00b27db60eab9{\nvertical-align:top;\n}\n.responsive #top #wrap_all .flex_cell.av-av_cell_one_fifth-5227a743201b625eadc00b27db60eab9{\npadding:30px 30px 30px 30px !important;\n}\n<\/style>\n<div class='flex_cell av-av_cell_one_fifth-5227a743201b625eadc00b27db60eab9 av-gridrow-cell av_one_fifth no_margin  avia-builder-el-10  el_after_av_cell_one_fifth  el_before_av_cell_one_fifth ' ><div class='flex_cell_inner'><\/div><\/div>\n<style type=\"text\/css\" data-created_by=\"avia_inline_auto\" id=\"style-css-av-av_cell_one_fifth-5227a743201b625eadc00b27db60eab9\">\n.flex_cell.av-av_cell_one_fifth-5227a743201b625eadc00b27db60eab9{\nvertical-align:top;\n}\n.responsive #top #wrap_all .flex_cell.av-av_cell_one_fifth-5227a743201b625eadc00b27db60eab9{\npadding:30px 30px 30px 30px !important;\n}\n<\/style>\n<div class='flex_cell av-av_cell_one_fifth-5227a743201b625eadc00b27db60eab9 av-gridrow-cell av_one_fifth no_margin  avia-builder-el-11  el_after_av_cell_one_fifth  el_before_av_cell_one_fifth ' ><div class='flex_cell_inner'>\n<style type=\"text\/css\" data-created_by=\"avia_inline_auto\" id=\"style-css-av-av_image-e83ed4057ef96c866c790d0b8cc734da\">\n.avia-image-container.av-av_image-e83ed4057ef96c866c790d0b8cc734da img.avia_image{\nbox-shadow:none;\n}\n.avia-image-container.av-av_image-e83ed4057ef96c866c790d0b8cc734da .av-image-caption-overlay-center{\ncolor:#ffffff;\n}\n<\/style>\n<div  class='avia-image-container av-av_image-e83ed4057ef96c866c790d0b8cc734da av-styling- avia-align-center  avia-builder-el-12  avia-builder-el-no-sibling '   itemprop=\"image\" itemscope=\"itemscope\" itemtype=\"https:\/\/schema.org\/ImageObject\" ><div class=\"avia-image-container-inner\"><div class=\"avia-image-overlay-wrap\"><a href=\"https:\/\/aulaabierta.arasaac.org\/de\/symbotalk-0-inicio-2\" class='avia_image' ><img decoding=\"async\" class='wp-image-96481 avia-img-lazy-loading-not-96481 avia_image ' src=\"https:\/\/aulaabierta.arasaac.org\/wp-content\/uploads\/2016\/12\/casa-80x80.png\" alt='' title='Inicio'  height=\"80\" width=\"80\"  itemprop=\"thumbnailUrl\" srcset=\"https:\/\/aulaabierta.arasaac.org\/wp-content\/uploads\/2016\/12\/casa-80x80.png 80w, https:\/\/aulaabierta.arasaac.org\/wp-content\/uploads\/2016\/12\/casa-300x300.png 300w, https:\/\/aulaabierta.arasaac.org\/wp-content\/uploads\/2016\/12\/casa-36x36.png 36w, https:\/\/aulaabierta.arasaac.org\/wp-content\/uploads\/2016\/12\/casa-180x180.png 180w, https:\/\/aulaabierta.arasaac.org\/wp-content\/uploads\/2016\/12\/casa-120x120.png 120w, https:\/\/aulaabierta.arasaac.org\/wp-content\/uploads\/2016\/12\/casa-450x450.png 450w, https:\/\/aulaabierta.arasaac.org\/wp-content\/uploads\/2016\/12\/casa.png 500w\" sizes=\"(max-width: 80px) 100vw, 80px\" \/><\/a><\/div><\/div><\/div>\n<\/div><\/div>\n<style type=\"text\/css\" data-created_by=\"avia_inline_auto\" id=\"style-css-av-av_cell_one_fifth-5227a743201b625eadc00b27db60eab9\">\n.flex_cell.av-av_cell_one_fifth-5227a743201b625eadc00b27db60eab9{\nvertical-align:top;\n}\n.responsive #top #wrap_all .flex_cell.av-av_cell_one_fifth-5227a743201b625eadc00b27db60eab9{\npadding:30px 30px 30px 30px !important;\n}\n<\/style>\n<div class='flex_cell av-av_cell_one_fifth-5227a743201b625eadc00b27db60eab9 av-gridrow-cell av_one_fifth no_margin  avia-builder-el-13  el_after_av_cell_one_fifth  el_before_av_cell_one_fifth ' ><div class='flex_cell_inner'><\/div><\/div>\n<style type=\"text\/css\" data-created_by=\"avia_inline_auto\" id=\"style-css-av-av_cell_one_fifth-5227a743201b625eadc00b27db60eab9\">\n.flex_cell.av-av_cell_one_fifth-5227a743201b625eadc00b27db60eab9{\nvertical-align:top;\n}\n.responsive #top #wrap_all .flex_cell.av-av_cell_one_fifth-5227a743201b625eadc00b27db60eab9{\npadding:30px 30px 30px 30px !important;\n}\n<\/style>\n<div class='flex_cell av-av_cell_one_fifth-5227a743201b625eadc00b27db60eab9 av-gridrow-cell av_one_fifth no_margin  avia-builder-el-14  el_after_av_cell_one_fifth  avia-builder-el-last ' ><div class='flex_cell_inner'>\n<style type=\"text\/css\" data-created_by=\"avia_inline_auto\" id=\"style-css-av-av_image-ce6c5c33e6daff5708112c694a9e5c2c\">\n.avia-image-container.av-av_image-ce6c5c33e6daff5708112c694a9e5c2c img.avia_image{\nbox-shadow:none;\n}\n.avia-image-container.av-av_image-ce6c5c33e6daff5708112c694a9e5c2c .av-image-caption-overlay-center{\ncolor:#ffffff;\n}\n<\/style>\n<div  class='avia-image-container av-av_image-ce6c5c33e6daff5708112c694a9e5c2c av-styling- avia-align-center  avia-builder-el-15  avia-builder-el-no-sibling '   itemprop=\"image\" itemscope=\"itemscope\" itemtype=\"https:\/\/schema.org\/ImageObject\" ><div class=\"avia-image-container-inner\"><div class=\"avia-image-overlay-wrap\"><a href=\"https:\/\/aulaabierta.arasaac.org\/de\/symbotalk-8-gestion-perfiles\" class='avia_image' ><img decoding=\"async\" class='wp-image-96480 avia-img-lazy-loading-not-96480 avia_image ' src=\"https:\/\/aulaabierta.arasaac.org\/wp-content\/uploads\/2016\/12\/next-80x80.png\" alt='' title='next'  height=\"80\" width=\"80\"  itemprop=\"thumbnailUrl\" srcset=\"https:\/\/aulaabierta.arasaac.org\/wp-content\/uploads\/2016\/12\/next-80x80.png 80w, https:\/\/aulaabierta.arasaac.org\/wp-content\/uploads\/2016\/12\/next-36x36.png 36w, https:\/\/aulaabierta.arasaac.org\/wp-content\/uploads\/2016\/12\/next-120x120.png 120w, https:\/\/aulaabierta.arasaac.org\/wp-content\/uploads\/2016\/12\/next.png 128w\" sizes=\"(max-width: 80px) 100vw, 80px\" \/><\/a><\/div><\/div><\/div>\n<\/div><\/div>\n<\/div>\n","protected":false},"excerpt":{"rendered":"","protected":false},"author":5,"featured_media":9014,"parent":0,"menu_order":0,"comment_status":"closed","ping_status":"closed","template":"","meta":{"om_disable_all_campaigns":false,"_monsterinsights_skip_tracking":false,"_monsterinsights_sitenote_active":false,"_monsterinsights_sitenote_note":"","_monsterinsights_sitenote_category":0,"_uf_show_specific_survey":0,"_uf_disable_surveys":false,"footnotes":""},"class_list":["post-12708","page","type-page","status-publish","has-post-thumbnail","hentry"],"aioseo_notices":[],"_links":{"self":[{"href":"https:\/\/aulaabierta.arasaac.org\/de\/wp-json\/wp\/v2\/pages\/12708","targetHints":{"allow":["GET"]}}],"collection":[{"href":"https:\/\/aulaabierta.arasaac.org\/de\/wp-json\/wp\/v2\/pages"}],"about":[{"href":"https:\/\/aulaabierta.arasaac.org\/de\/wp-json\/wp\/v2\/types\/page"}],"author":[{"embeddable":true,"href":"https:\/\/aulaabierta.arasaac.org\/de\/wp-json\/wp\/v2\/users\/5"}],"replies":[{"embeddable":true,"href":"https:\/\/aulaabierta.arasaac.org\/de\/wp-json\/wp\/v2\/comments?post=12708"}],"version-history":[{"count":5,"href":"https:\/\/aulaabierta.arasaac.org\/de\/wp-json\/wp\/v2\/pages\/12708\/revisions"}],"predecessor-version":[{"id":84478,"href":"https:\/\/aulaabierta.arasaac.org\/de\/wp-json\/wp\/v2\/pages\/12708\/revisions\/84478"}],"wp:featuredmedia":[{"embeddable":true,"href":"https:\/\/aulaabierta.arasaac.org\/de\/wp-json\/wp\/v2\/media\/9014"}],"wp:attachment":[{"href":"https:\/\/aulaabierta.arasaac.org\/de\/wp-json\/wp\/v2\/media?parent=12708"}],"curies":[{"name":"wp","href":"https:\/\/api.w.org\/{rel}","templated":true}]}}