{"id":151175,"date":"2025-12-14T07:11:42","date_gmt":"2025-12-14T06:11:42","guid":{"rendered":"https:\/\/aulaabierta.arasaac.org\/?page_id=151175"},"modified":"2026-02-04T09:43:31","modified_gmt":"2026-02-04T08:43:31","slug":"arawrite_introduccion","status":"publish","type":"page","link":"https:\/\/aulaabierta.arasaac.org\/de\/arawrite_introduccion","title":{"rendered":"AraWrite &#8211; 1 &#8211; Conocemos AraWrite: Introducci\u00f3n"},"content":{"rendered":"<div id='av-layout-grid-1'  class='av-layout-grid-container av-39krhr-46693e867e02ca3888b184921b39da81 entry-content-wrapper alternate_color av-border-cells av-flex-cells  avia-builder-el-0  el_before_av_textblock  avia-builder-el-first   container_wrap fullsize'  >\n\n<style type=\"text\/css\" data-created_by=\"avia_inline_auto\" id=\"style-css-av-31lx3r-5be48af25cf10a22c703bc48e8e07fb9\">\n.flex_cell.av-31lx3r-5be48af25cf10a22c703bc48e8e07fb9{\nvertical-align:top;\n}\n.responsive #top #wrap_all .flex_cell.av-31lx3r-5be48af25cf10a22c703bc48e8e07fb9{\npadding:30px 30px 30px 30px !important;\n}\n<\/style>\n<div class='flex_cell av-31lx3r-5be48af25cf10a22c703bc48e8e07fb9 av-gridrow-cell av_one_fifth no_margin  avia-builder-el-1  el_before_av_cell_four_fifth  avia-builder-el-first ' ><div class='flex_cell_inner'>\n<style type=\"text\/css\" data-created_by=\"avia_inline_auto\" id=\"style-css-av-2xw6af-135d59f43533d819945faaaebae2b5ef\">\n.avia-image-container.av-2xw6af-135d59f43533d819945faaaebae2b5ef img.avia_image{\nbox-shadow:none;\n}\n.avia-image-container.av-2xw6af-135d59f43533d819945faaaebae2b5ef .av-caption-image-overlay-bg{\nopacity:0.4;\nbackground-color:#000000;\n}\n.avia-image-container.av-2xw6af-135d59f43533d819945faaaebae2b5ef .av-image-caption-overlay-center{\ncolor:#ffffff;\n}\n<\/style>\n<div  class='avia-image-container av-2xw6af-135d59f43533d819945faaaebae2b5ef av-styling- avia-align-left  avia-builder-el-2  avia-builder-el-no-sibling  noHover av-overlay-on-hover'   itemprop=\"image\" itemscope=\"itemscope\" itemtype=\"https:\/\/schema.org\/ImageObject\" ><div class=\"avia-image-container-inner\"><div class=\"avia-image-overlay-wrap\"><a href=\"https:\/\/aulaabierta.arasaac.org\/de\/arawrite_inicio\" class='avia_image' ><div class=\"av-image-caption-overlay\"><div class=\"av-caption-image-overlay-bg\"><\/div><div class=\"av-image-caption-overlay-position\"><div class=\"av-image-caption-overlay-center\"><p>Volver a inicio<\/p>\n<\/div><\/div><\/div><img decoding=\"async\" class='wp-image-151227 avia-img-lazy-loading-not-151227 avia_image ' src=\"https:\/\/aulaabierta.arasaac.org\/wp-content\/uploads\/2025\/12\/logo_ARASAAC_texto_negro-v2-e1765703105960.png\" alt='' title='logo_ARASAAC_texto_negro v2'  height=\"462\" width=\"2080\"  itemprop=\"thumbnailUrl\" srcset=\"https:\/\/aulaabierta.arasaac.org\/wp-content\/uploads\/2025\/12\/logo_ARASAAC_texto_negro-v2-e1765703105960.png 2080w, https:\/\/aulaabierta.arasaac.org\/wp-content\/uploads\/2025\/12\/logo_ARASAAC_texto_negro-v2-e1765703105960-300x67.png 300w, https:\/\/aulaabierta.arasaac.org\/wp-content\/uploads\/2025\/12\/logo_ARASAAC_texto_negro-v2-e1765703105960-1030x229.png 1030w, https:\/\/aulaabierta.arasaac.org\/wp-content\/uploads\/2025\/12\/logo_ARASAAC_texto_negro-v2-e1765703105960-768x171.png 768w, https:\/\/aulaabierta.arasaac.org\/wp-content\/uploads\/2025\/12\/logo_ARASAAC_texto_negro-v2-e1765703105960-1536x341.png 1536w, https:\/\/aulaabierta.arasaac.org\/wp-content\/uploads\/2025\/12\/logo_ARASAAC_texto_negro-v2-e1765703105960-2048x455.png 2048w, https:\/\/aulaabierta.arasaac.org\/wp-content\/uploads\/2025\/12\/logo_ARASAAC_texto_negro-v2-e1765703105960-1500x333.png 1500w, https:\/\/aulaabierta.arasaac.org\/wp-content\/uploads\/2025\/12\/logo_ARASAAC_texto_negro-v2-e1765703105960-705x157.png 705w\" sizes=\"(max-width: 2080px) 100vw, 2080px\" \/><\/a><\/div><\/div><\/div>\n<\/div><\/div>\n<style type=\"text\/css\" data-created_by=\"avia_inline_auto\" id=\"style-css-av-2prmnj-0ef7264b5999990ac50e3e3eb4ba9842\">\n.flex_cell.av-2prmnj-0ef7264b5999990ac50e3e3eb4ba9842{\nvertical-align:middle;\n}\n.responsive #top #wrap_all .flex_cell.av-2prmnj-0ef7264b5999990ac50e3e3eb4ba9842{\npadding:30px 30px 30px 30px !important;\n}\n<\/style>\n<div class='flex_cell av-2prmnj-0ef7264b5999990ac50e3e3eb4ba9842 av-gridrow-cell av_four_fifth no_margin  avia-builder-el-3  el_after_av_cell_one_fifth  avia-builder-el-last ' ><div class='flex_cell_inner'>\n<style type=\"text\/css\" data-created_by=\"avia_inline_auto\" id=\"style-css-av-96r9r-a548d71821e157201e10a6a09752ad8b\">\n#top .av-special-heading.av-96r9r-a548d71821e157201e10a6a09752ad8b{\npadding-bottom:0;\n}\nbody .av-special-heading.av-96r9r-a548d71821e157201e10a6a09752ad8b .av-special-heading-tag .heading-char{\nfont-size:25px;\n}\n#top #wrap_all .av-special-heading.av-96r9r-a548d71821e157201e10a6a09752ad8b .av-special-heading-tag{\nfont-size:26px;\n}\n.av-special-heading.av-96r9r-a548d71821e157201e10a6a09752ad8b .av-subheading{\nfont-size:15px;\n}\n<\/style>\n<div  class='av-special-heading av-96r9r-a548d71821e157201e10a6a09752ad8b av-special-heading-h2  avia-builder-el-4  avia-builder-el-no-sibling '><h2 class='av-special-heading-tag'  itemprop=\"headline\"  >1 &#8211; Conocemos AraWrite: Introducci\u00f3n<\/h2><div class=\"special-heading-border\"><div class=\"special-heading-inner-border\"><\/div><\/div><\/div>\n<\/div><\/div><\/div><div id='after_grid_row_1'  class='main_color av_default_container_wrap container_wrap fullsize'  ><div class='container av-section-cont-open' ><div class='template-page content  av-content-full alpha units'><div class='post-entry post-entry-type-page post-entry-151175'><div class='entry-content-wrapper clearfix'><section  class='av_textblock_section av-2ekxqn-5e1fdf596e46c0fde05d10d97f392229'  itemscope=\"itemscope\" itemtype=\"https:\/\/schema.org\/CreativeWork\" ><div class='avia_textblock'  itemprop=\"text\" ><h6 style=\"text-align: center;\"><img loading=\"lazy\" decoding=\"async\" class=\"aligncenter size-full wp-image-932\" src=\"https:\/\/aulaabierta.arasaac.org\/wp-content\/uploads\/2016\/12\/by-nc-sa.eu_petit.png\" alt=\"\" width=\"118\" height=\"41\" \/>Este obra est\u00e1 bajo una <a href=\"http:\/\/creativecommons.org\/licenses\/by-nc-sa\/4.0\/\" rel=\"license\">licencia de Creative Commons Reconocimiento-NoComercial-CompartirIgual 4.0 Internacional<\/a>.<\/h6>\n<hr \/>\n<\/div><\/section><\/p>\n\n<style type=\"text\/css\" data-created_by=\"avia_inline_auto\" id=\"style-css-av-74lwyvb-72e8b83c41500b4618aafe2aa091d61e\">\n#top .av-special-heading.av-74lwyvb-72e8b83c41500b4618aafe2aa091d61e{\npadding-bottom:10px;\n}\nbody .av-special-heading.av-74lwyvb-72e8b83c41500b4618aafe2aa091d61e .av-special-heading-tag .heading-char{\nfont-size:25px;\n}\n.av-special-heading.av-74lwyvb-72e8b83c41500b4618aafe2aa091d61e .av-subheading{\nfont-size:15px;\n}\n<\/style>\n<div  class='av-special-heading av-74lwyvb-72e8b83c41500b4618aafe2aa091d61e av-special-heading-h3  avia-builder-el-6  el_after_av_textblock  el_before_av_textblock '><h3 class='av-special-heading-tag'  itemprop=\"headline\"  >AraWrite &#8211; 1 &#8211; Conocemos AraWrite: Introducci\u00f3n<\/h3><div class=\"special-heading-border\"><div class=\"special-heading-inner-border\"><\/div><\/div><\/div>\n\n<style type=\"text\/css\" data-created_by=\"avia_inline_auto\" id=\"style-css-av-1tahx3-551f098737387d3138e9c6a1b6535845\">\n#top .av_textblock_section.av-1tahx3-551f098737387d3138e9c6a1b6535845 .avia_textblock{\nfont-size:16px;\n}\n<\/style>\n<section  class='av_textblock_section av-1tahx3-551f098737387d3138e9c6a1b6535845'  itemscope=\"itemscope\" itemtype=\"https:\/\/schema.org\/CreativeWork\" ><div class='avia_textblock'  itemprop=\"text\" ><p><a href=\"https:\/\/arawrite.arasaac.org\/\" target=\"_blank\" rel=\"noopener\"><strong>AraWrite<\/strong><\/a><strong>\u00a0<\/strong>es una a<strong>plicaci\u00f3n inform\u00e1tica de libre distribuci\u00f3n<\/strong> que, mediante el uso de <strong>Inteligencia Artificial (IA)<\/strong>, permite la <strong>adaptaci\u00f3n de un texto a pictogramas<\/strong>. La aplicaci\u00f3n est\u00e1 dise\u00f1ada para facilitar la creaci\u00f3n de materiales de comunicaci\u00f3n aumentativa y alternativa, la subtitulaci\u00f3n de cuentos y la elaboraci\u00f3n de documentos accesibles vinculados a distintos \u00e1mbitos de la vida cotidiana.<\/p>\n<p><img loading=\"lazy\" decoding=\"async\" class=\"alignnone size-full wp-image-151311\" src=\"https:\/\/aulaabierta.arasaac.org\/wp-content\/uploads\/2025\/12\/AraWrite-1-1.jpg\" alt=\"\" width=\"1682\" height=\"728\" srcset=\"https:\/\/aulaabierta.arasaac.org\/wp-content\/uploads\/2025\/12\/AraWrite-1-1.jpg 1682w, https:\/\/aulaabierta.arasaac.org\/wp-content\/uploads\/2025\/12\/AraWrite-1-1-300x130.jpg 300w, https:\/\/aulaabierta.arasaac.org\/wp-content\/uploads\/2025\/12\/AraWrite-1-1-1030x446.jpg 1030w, https:\/\/aulaabierta.arasaac.org\/wp-content\/uploads\/2025\/12\/AraWrite-1-1-768x332.jpg 768w, https:\/\/aulaabierta.arasaac.org\/wp-content\/uploads\/2025\/12\/AraWrite-1-1-1536x665.jpg 1536w, https:\/\/aulaabierta.arasaac.org\/wp-content\/uploads\/2025\/12\/AraWrite-1-1-1500x649.jpg 1500w, https:\/\/aulaabierta.arasaac.org\/wp-content\/uploads\/2025\/12\/AraWrite-1-1-705x305.jpg 705w\" sizes=\"auto, (max-width: 1682px) 100vw, 1682px\" \/><\/p>\n<p>Adem\u00e1s de los <strong>pictogramas <\/strong>de <strong><a href=\"https:\/\/arasaac.org\/\" target=\"_blank\" rel=\"noopener\">ARASAAC<\/a><\/strong>, <a href=\"https:\/\/arawrite.arasaac.org\/\" target=\"_blank\" rel=\"noopener\"><strong>AraWrite<\/strong><\/a>\u00a0permite incorporar otros <strong>recursos gr\u00e1ficos<\/strong>, como fotograf\u00edas o dibujos, lo que favorece una mayor <strong>personalizaci\u00f3n<\/strong> de los textos adaptados.<\/p>\n<p><img loading=\"lazy\" decoding=\"async\" class=\"alignnone size-full wp-image-151312\" src=\"https:\/\/aulaabierta.arasaac.org\/wp-content\/uploads\/2025\/12\/AraWrite-3-1.jpg\" alt=\"\" width=\"1688\" height=\"727\" srcset=\"https:\/\/aulaabierta.arasaac.org\/wp-content\/uploads\/2025\/12\/AraWrite-3-1.jpg 1688w, https:\/\/aulaabierta.arasaac.org\/wp-content\/uploads\/2025\/12\/AraWrite-3-1-300x129.jpg 300w, https:\/\/aulaabierta.arasaac.org\/wp-content\/uploads\/2025\/12\/AraWrite-3-1-1030x444.jpg 1030w, https:\/\/aulaabierta.arasaac.org\/wp-content\/uploads\/2025\/12\/AraWrite-3-1-768x331.jpg 768w, https:\/\/aulaabierta.arasaac.org\/wp-content\/uploads\/2025\/12\/AraWrite-3-1-1536x662.jpg 1536w, https:\/\/aulaabierta.arasaac.org\/wp-content\/uploads\/2025\/12\/AraWrite-3-1-1500x646.jpg 1500w, https:\/\/aulaabierta.arasaac.org\/wp-content\/uploads\/2025\/12\/AraWrite-3-1-705x304.jpg 705w\" sizes=\"auto, (max-width: 1688px) 100vw, 1688px\" \/><\/p>\n<p>El resultado final es una <strong>imagen<\/strong> que podemos <strong>imprimir<\/strong>, <strong>guardar en nuestro dispositivo<\/strong> o <strong>copiar y pegar<\/strong> en directamente en el procesador de textos, en una presentaci\u00f3n de diapositivas o en cualquier herramienta online de dise\u00f1o\u00a0gr\u00e1fico.<\/p>\n<p><img loading=\"lazy\" decoding=\"async\" class=\"size-full wp-image-151205 aligncenter\" src=\"https:\/\/aulaabierta.arasaac.org\/wp-content\/uploads\/2025\/12\/AraWrite-4.jpg\" alt=\"\" width=\"992\" height=\"192\" srcset=\"https:\/\/aulaabierta.arasaac.org\/wp-content\/uploads\/2025\/12\/AraWrite-4.jpg 992w, https:\/\/aulaabierta.arasaac.org\/wp-content\/uploads\/2025\/12\/AraWrite-4-300x58.jpg 300w, https:\/\/aulaabierta.arasaac.org\/wp-content\/uploads\/2025\/12\/AraWrite-4-768x149.jpg 768w, https:\/\/aulaabierta.arasaac.org\/wp-content\/uploads\/2025\/12\/AraWrite-4-705x136.jpg 705w\" sizes=\"auto, (max-width: 992px) 100vw, 992px\" \/><\/p>\n<p>En este tutorial, os explicaremos c\u00f3mo utilizar y aprovechar al m\u00e1ximo esta aplicaci\u00f3n y os propondremos una serie de <strong>recomendaciones<\/strong> para su uso adecuado.<\/p>\n<\/div><\/section>\n<\/div><\/div><\/div><!-- close content main div --><\/div><\/div><div id='av-layout-grid-2'  class='av-layout-grid-container av-1m0zkf-8a3194ef8b68c01bd8ef640c59f84123 entry-content-wrapper main_color av-border-top-bottom av-flex-cells  avia-builder-el-8  el_after_av_textblock  avia-builder-el-last  grid-row-not-first  container_wrap fullsize'  >\n\n<style type=\"text\/css\" data-created_by=\"avia_inline_auto\" id=\"style-css-av-1fyzkn-1c06a9dca39027be234f12647f2e17b3\">\n.flex_cell.av-1fyzkn-1c06a9dca39027be234f12647f2e17b3{\nvertical-align:top;\n}\n.responsive #top #wrap_all .flex_cell.av-1fyzkn-1c06a9dca39027be234f12647f2e17b3{\npadding:30px 30px 30px 30px !important;\n}\n<\/style>\n<div class='flex_cell av-1fyzkn-1c06a9dca39027be234f12647f2e17b3 av-gridrow-cell av_one_fifth no_margin  avia-builder-el-9  el_before_av_cell_one_fifth  avia-builder-el-first ' ><div class='flex_cell_inner'>\n<style type=\"text\/css\" data-created_by=\"avia_inline_auto\" id=\"style-css-av-19b4jj-eb5416bb0ad17d52658984bbb2b74b43\">\n.avia-image-container.av-19b4jj-eb5416bb0ad17d52658984bbb2b74b43 img.avia_image{\nbox-shadow:none;\n}\n.avia-image-container.av-19b4jj-eb5416bb0ad17d52658984bbb2b74b43 .av-image-caption-overlay-center{\ncolor:#ffffff;\n}\n<\/style>\n<div  class='avia-image-container av-19b4jj-eb5416bb0ad17d52658984bbb2b74b43 av-styling- avia-align-center  avia-builder-el-10  avia-builder-el-no-sibling '   itemprop=\"image\" itemscope=\"itemscope\" itemtype=\"https:\/\/schema.org\/ImageObject\" ><div class=\"avia-image-container-inner\"><div class=\"avia-image-overlay-wrap\"><a href=\"https:\/\/aulaabierta.arasaac.org\/de\/arawrite_inicio\" class='avia_image' ><img decoding=\"async\" class='wp-image-96479 avia-img-lazy-loading-not-96479 avia_image ' src=\"https:\/\/aulaabierta.arasaac.org\/wp-content\/uploads\/2016\/12\/before-80x80.png\" alt='' title='before'  height=\"80\" width=\"80\"  itemprop=\"thumbnailUrl\" srcset=\"https:\/\/aulaabierta.arasaac.org\/wp-content\/uploads\/2016\/12\/before-80x80.png 80w, https:\/\/aulaabierta.arasaac.org\/wp-content\/uploads\/2016\/12\/before-36x36.png 36w, https:\/\/aulaabierta.arasaac.org\/wp-content\/uploads\/2016\/12\/before-120x120.png 120w, https:\/\/aulaabierta.arasaac.org\/wp-content\/uploads\/2016\/12\/before.png 128w\" sizes=\"(max-width: 80px) 100vw, 80px\" \/><\/a><\/div><\/div><\/div>\n<\/div><\/div>\n<style type=\"text\/css\" data-created_by=\"avia_inline_auto\" id=\"style-css-av-111kcn-77fe47c4ee8db7fe4016d910cb81e6ca\">\n.flex_cell.av-111kcn-77fe47c4ee8db7fe4016d910cb81e6ca{\nvertical-align:top;\n}\n.responsive #top #wrap_all .flex_cell.av-111kcn-77fe47c4ee8db7fe4016d910cb81e6ca{\npadding:30px 30px 30px 30px !important;\n}\n<\/style>\n<div class='flex_cell av-111kcn-77fe47c4ee8db7fe4016d910cb81e6ca av-gridrow-cell av_one_fifth no_margin  avia-builder-el-11  el_after_av_cell_one_fifth  el_before_av_cell_one_fifth ' ><div class='flex_cell_inner'><\/div><\/div>\n<style type=\"text\/css\" data-created_by=\"avia_inline_auto\" id=\"style-css-av-vkt0n-3e2ee569bc54c35b0481268076ea4351\">\n.flex_cell.av-vkt0n-3e2ee569bc54c35b0481268076ea4351{\nvertical-align:top;\n}\n.responsive #top #wrap_all .flex_cell.av-vkt0n-3e2ee569bc54c35b0481268076ea4351{\npadding:30px 30px 30px 30px !important;\n}\n<\/style>\n<div class='flex_cell av-vkt0n-3e2ee569bc54c35b0481268076ea4351 av-gridrow-cell av_one_fifth no_margin  avia-builder-el-12  el_after_av_cell_one_fifth  el_before_av_cell_one_fifth ' ><div class='flex_cell_inner'>\n<style type=\"text\/css\" data-created_by=\"avia_inline_auto\" id=\"style-css-av-q1a5b-24a4575fa6fd1d8ced2b3800093c642e\">\n.avia-image-container.av-q1a5b-24a4575fa6fd1d8ced2b3800093c642e img.avia_image{\nbox-shadow:none;\n}\n.avia-image-container.av-q1a5b-24a4575fa6fd1d8ced2b3800093c642e .av-image-caption-overlay-center{\ncolor:#ffffff;\n}\n<\/style>\n<div  class='avia-image-container av-q1a5b-24a4575fa6fd1d8ced2b3800093c642e av-styling- avia-align-center  avia-builder-el-13  avia-builder-el-no-sibling '   itemprop=\"image\" itemscope=\"itemscope\" itemtype=\"https:\/\/schema.org\/ImageObject\" ><div class=\"avia-image-container-inner\"><div class=\"avia-image-overlay-wrap\"><a href=\"https:\/\/aulaabierta.arasaac.org\/de\/arawrite_inicio\" class='avia_image' ><img decoding=\"async\" class='wp-image-96481 avia-img-lazy-loading-not-96481 avia_image ' src=\"https:\/\/aulaabierta.arasaac.org\/wp-content\/uploads\/2016\/12\/casa-80x80.png\" alt='' title='Inicio'  height=\"80\" width=\"80\"  itemprop=\"thumbnailUrl\" srcset=\"https:\/\/aulaabierta.arasaac.org\/wp-content\/uploads\/2016\/12\/casa-80x80.png 80w, https:\/\/aulaabierta.arasaac.org\/wp-content\/uploads\/2016\/12\/casa-300x300.png 300w, https:\/\/aulaabierta.arasaac.org\/wp-content\/uploads\/2016\/12\/casa-36x36.png 36w, https:\/\/aulaabierta.arasaac.org\/wp-content\/uploads\/2016\/12\/casa-180x180.png 180w, https:\/\/aulaabierta.arasaac.org\/wp-content\/uploads\/2016\/12\/casa-120x120.png 120w, https:\/\/aulaabierta.arasaac.org\/wp-content\/uploads\/2016\/12\/casa-450x450.png 450w, https:\/\/aulaabierta.arasaac.org\/wp-content\/uploads\/2016\/12\/casa.png 500w\" sizes=\"(max-width: 80px) 100vw, 80px\" \/><\/a><\/div><\/div><\/div>\n<\/div><\/div>\n<style type=\"text\/css\" data-created_by=\"avia_inline_auto\" id=\"style-css-av-no4k7-f6133ec3531d08750e5ab59ebc3a08d5\">\n.flex_cell.av-no4k7-f6133ec3531d08750e5ab59ebc3a08d5{\nvertical-align:top;\n}\n.responsive #top #wrap_all .flex_cell.av-no4k7-f6133ec3531d08750e5ab59ebc3a08d5{\npadding:30px 30px 30px 30px !important;\n}\n<\/style>\n<div class='flex_cell av-no4k7-f6133ec3531d08750e5ab59ebc3a08d5 av-gridrow-cell av_one_fifth no_margin  avia-builder-el-14  el_after_av_cell_one_fifth  el_before_av_cell_one_fifth ' ><div class='flex_cell_inner'><\/div><\/div>\n<style type=\"text\/css\" data-created_by=\"avia_inline_auto\" id=\"style-css-av-etvrr-3c3db2f43bea9f5abe334ca80a5cb133\">\n.flex_cell.av-etvrr-3c3db2f43bea9f5abe334ca80a5cb133{\nvertical-align:top;\n}\n.responsive #top #wrap_all .flex_cell.av-etvrr-3c3db2f43bea9f5abe334ca80a5cb133{\npadding:30px 30px 30px 30px !important;\n}\n<\/style>\n<div class='flex_cell av-etvrr-3c3db2f43bea9f5abe334ca80a5cb133 av-gridrow-cell av_one_fifth no_margin  avia-builder-el-15  el_after_av_cell_one_fifth  avia-builder-el-last ' ><div class='flex_cell_inner'>\n<style type=\"text\/css\" data-created_by=\"avia_inline_auto\" id=\"style-css-av-9wfnj-202b86eb154346efec4de26ec8f77a26\">\n.avia-image-container.av-9wfnj-202b86eb154346efec4de26ec8f77a26 img.avia_image{\nbox-shadow:none;\n}\n.avia-image-container.av-9wfnj-202b86eb154346efec4de26ec8f77a26 .av-image-caption-overlay-center{\ncolor:#ffffff;\n}\n<\/style>\n<div  class='avia-image-container av-9wfnj-202b86eb154346efec4de26ec8f77a26 av-styling- avia-align-center  avia-builder-el-16  avia-builder-el-no-sibling '   itemprop=\"image\" itemscope=\"itemscope\" itemtype=\"https:\/\/schema.org\/ImageObject\" ><div class=\"avia-image-container-inner\"><div class=\"avia-image-overlay-wrap\"><a href=\"https:\/\/aulaabierta.arasaac.org\/de\/arawrite_pantalla-inicial\" class='avia_image' ><img decoding=\"async\" class='wp-image-96480 avia-img-lazy-loading-not-96480 avia_image ' src=\"https:\/\/aulaabierta.arasaac.org\/wp-content\/uploads\/2016\/12\/next-80x80.png\" alt='' title='next'  height=\"80\" width=\"80\"  itemprop=\"thumbnailUrl\" srcset=\"https:\/\/aulaabierta.arasaac.org\/wp-content\/uploads\/2016\/12\/next-80x80.png 80w, https:\/\/aulaabierta.arasaac.org\/wp-content\/uploads\/2016\/12\/next-36x36.png 36w, https:\/\/aulaabierta.arasaac.org\/wp-content\/uploads\/2016\/12\/next-120x120.png 120w, https:\/\/aulaabierta.arasaac.org\/wp-content\/uploads\/2016\/12\/next.png 128w\" sizes=\"(max-width: 80px) 100vw, 80px\" \/><\/a><\/div><\/div><\/div>\n<\/div><\/div>\n<\/div>\n","protected":false},"excerpt":{"rendered":"","protected":false},"author":5,"featured_media":151227,"parent":0,"menu_order":0,"comment_status":"closed","ping_status":"closed","template":"","meta":{"om_disable_all_campaigns":false,"_monsterinsights_skip_tracking":false,"_monsterinsights_sitenote_active":false,"_monsterinsights_sitenote_note":"","_monsterinsights_sitenote_category":0,"_uf_show_specific_survey":0,"_uf_disable_surveys":false,"footnotes":""},"class_list":["post-151175","page","type-page","status-publish","has-post-thumbnail","hentry"],"aioseo_notices":[],"_links":{"self":[{"href":"https:\/\/aulaabierta.arasaac.org\/de\/wp-json\/wp\/v2\/pages\/151175","targetHints":{"allow":["GET"]}}],"collection":[{"href":"https:\/\/aulaabierta.arasaac.org\/de\/wp-json\/wp\/v2\/pages"}],"about":[{"href":"https:\/\/aulaabierta.arasaac.org\/de\/wp-json\/wp\/v2\/types\/page"}],"author":[{"embeddable":true,"href":"https:\/\/aulaabierta.arasaac.org\/de\/wp-json\/wp\/v2\/users\/5"}],"replies":[{"embeddable":true,"href":"https:\/\/aulaabierta.arasaac.org\/de\/wp-json\/wp\/v2\/comments?post=151175"}],"version-history":[{"count":19,"href":"https:\/\/aulaabierta.arasaac.org\/de\/wp-json\/wp\/v2\/pages\/151175\/revisions"}],"predecessor-version":[{"id":152097,"href":"https:\/\/aulaabierta.arasaac.org\/de\/wp-json\/wp\/v2\/pages\/151175\/revisions\/152097"}],"wp:featuredmedia":[{"embeddable":true,"href":"https:\/\/aulaabierta.arasaac.org\/de\/wp-json\/wp\/v2\/media\/151227"}],"wp:attachment":[{"href":"https:\/\/aulaabierta.arasaac.org\/de\/wp-json\/wp\/v2\/media?parent=151175"}],"curies":[{"name":"wp","href":"https:\/\/api.w.org\/{rel}","templated":true}]}}