{"id":15717,"date":"2019-11-18T09:55:16","date_gmt":"2019-11-18T08:55:16","guid":{"rendered":"http:\/\/aulaabierta.arasaac.org\/?page_id=15717"},"modified":"2021-11-06T18:51:42","modified_gmt":"2021-11-06T17:51:42","slug":"tutorial-caa-como-reconocer-las-claves-de-color-de-los-pictogramas","status":"publish","type":"page","link":"https:\/\/aulaabierta.arasaac.org\/de\/tutorial-caa-como-reconocer-las-claves-de-color-de-los-pictogramas","title":{"rendered":"Tutorial CAA &#8211; &#8222;C\u00f3mo reconocer las claves de color de los pictogramas&#8220;, elaborado por ARASAAC"},"content":{"rendered":"<div id='av-layout-grid-1'  class='av-layout-grid-container av-10pvuos-ba21f626b247823b3333352376f19114 entry-content-wrapper alternate_color av-border-cells av-flex-cells  avia-builder-el-0  el_before_av_textblock  avia-builder-el-first   container_wrap fullsize'  >\n\n<style type=\"text\/css\" data-created_by=\"avia_inline_auto\" id=\"style-css-av-zq6hjg-49ac878b17158d6126a9c29150ac719d\">\n.flex_cell.av-zq6hjg-49ac878b17158d6126a9c29150ac719d{\nvertical-align:top;\n}\n.responsive #top #wrap_all .flex_cell.av-zq6hjg-49ac878b17158d6126a9c29150ac719d{\npadding:30px 30px 30px 30px !important;\n}\n<\/style>\n<div class='flex_cell av-zq6hjg-49ac878b17158d6126a9c29150ac719d av-gridrow-cell av_one_fifth no_margin  avia-builder-el-1  el_before_av_cell_four_fifth  avia-builder-el-first ' ><div class='flex_cell_inner'>\n<style type=\"text\/css\" data-created_by=\"avia_inline_auto\" id=\"style-css-av-yhiz64-52b921ebc3a38053f8a41e7778aba757\">\n.avia-image-container.av-yhiz64-52b921ebc3a38053f8a41e7778aba757 img.avia_image{\nbox-shadow:none;\n}\n.avia-image-container.av-yhiz64-52b921ebc3a38053f8a41e7778aba757 .av-image-caption-overlay-center{\ncolor:#ffffff;\n}\n<\/style>\n<div  class='avia-image-container av-yhiz64-52b921ebc3a38053f8a41e7778aba757 av-styling- avia-align-center  avia-builder-el-2  avia-builder-el-no-sibling '   itemprop=\"image\" itemscope=\"itemscope\" itemtype=\"https:\/\/schema.org\/ImageObject\" ><div class=\"avia-image-container-inner\"><div class=\"avia-image-overlay-wrap\"><a href=\"https:\/\/aulaabierta.arasaac.org\/de\/comunicacion_aumentativa_y_alternativa_caa\" class='avia_image' ><img decoding=\"async\" class='wp-image-99308 avia-img-lazy-loading-not-99308 avia_image ' src=\"https:\/\/aulaabierta.arasaac.org\/wp-content\/uploads\/2018\/05\/tutoriales_sin_marco-180x180.png\" alt='' title='tutoriales_sin_marco'  height=\"180\" width=\"180\"  itemprop=\"thumbnailUrl\" srcset=\"https:\/\/aulaabierta.arasaac.org\/wp-content\/uploads\/2018\/05\/tutoriales_sin_marco-180x180.png 180w, https:\/\/aulaabierta.arasaac.org\/wp-content\/uploads\/2018\/05\/tutoriales_sin_marco-80x80.png 80w, https:\/\/aulaabierta.arasaac.org\/wp-content\/uploads\/2018\/05\/tutoriales_sin_marco-300x298.png 300w, https:\/\/aulaabierta.arasaac.org\/wp-content\/uploads\/2018\/05\/tutoriales_sin_marco-768x763.png 768w, https:\/\/aulaabierta.arasaac.org\/wp-content\/uploads\/2018\/05\/tutoriales_sin_marco-36x36.png 36w, https:\/\/aulaabierta.arasaac.org\/wp-content\/uploads\/2018\/05\/tutoriales_sin_marco-705x700.png 705w, https:\/\/aulaabierta.arasaac.org\/wp-content\/uploads\/2018\/05\/tutoriales_sin_marco-120x120.png 120w, https:\/\/aulaabierta.arasaac.org\/wp-content\/uploads\/2018\/05\/tutoriales_sin_marco-450x447.png 450w, https:\/\/aulaabierta.arasaac.org\/wp-content\/uploads\/2018\/05\/tutoriales_sin_marco.png 928w\" sizes=\"(max-width: 180px) 100vw, 180px\" \/><\/a><\/div><\/div><\/div>\n<\/div><\/div>\n<style type=\"text\/css\" data-created_by=\"avia_inline_auto\" id=\"style-css-av-wowdgc-10999ff979df46f1b725ce8679a040ff\">\n.flex_cell.av-wowdgc-10999ff979df46f1b725ce8679a040ff{\nvertical-align:middle;\n}\n.responsive #top #wrap_all .flex_cell.av-wowdgc-10999ff979df46f1b725ce8679a040ff{\npadding:30px 30px 30px 30px !important;\n}\n<\/style>\n<div class='flex_cell av-wowdgc-10999ff979df46f1b725ce8679a040ff av-gridrow-cell av_four_fifth no_margin  avia-builder-el-3  el_after_av_cell_one_fifth  avia-builder-el-last ' ><div class='flex_cell_inner'>\n<style type=\"text\/css\" data-created_by=\"avia_inline_auto\" id=\"style-css-av-av_heading-f7c900c4768854da5aaece57f93dd0bb\">\n#top .av-special-heading.av-av_heading-f7c900c4768854da5aaece57f93dd0bb{\npadding-bottom:0;\n}\nbody .av-special-heading.av-av_heading-f7c900c4768854da5aaece57f93dd0bb .av-special-heading-tag .heading-char{\nfont-size:25px;\n}\n.av-special-heading.av-av_heading-f7c900c4768854da5aaece57f93dd0bb .av-subheading{\nfont-size:15px;\n}\n<\/style>\n<div  class='av-special-heading av-av_heading-f7c900c4768854da5aaece57f93dd0bb av-special-heading-h1  avia-builder-el-4  avia-builder-el-no-sibling '><h1 class='av-special-heading-tag'  itemprop=\"headline\"  >TUTORIAL CAA &#8211; <span class='special_amp'>&#8222;<\/span>C\u00d3MO RECONOCER LAS CLAVES DE COLOR DE LOS PICTOGRAMAS<span class='special_amp'>&#8220;<\/span>, ELABORADO POR ARASAAC<\/h1><div class=\"special-heading-border\"><div class=\"special-heading-inner-border\"><\/div><\/div><\/div>\n<\/div><\/div><\/div><div id='after_grid_row_1'  class='main_color av_default_container_wrap container_wrap fullsize'  ><div class='container av-section-cont-open' ><div class='template-page content  av-content-full alpha units'><div class='post-entry post-entry-type-page post-entry-15717'><div class='entry-content-wrapper clearfix'>\n<style type=\"text\/css\" data-created_by=\"avia_inline_auto\" id=\"style-css-av-r2szvg-200110cf48c4b0b42637ce44abfc2f38\">\n#top .av_textblock_section.av-r2szvg-200110cf48c4b0b42637ce44abfc2f38 .avia_textblock{\nfont-size:16px;\n}\n<\/style>\n<section  class='av_textblock_section av-r2szvg-200110cf48c4b0b42637ce44abfc2f38'  itemscope=\"itemscope\" itemtype=\"https:\/\/schema.org\/CreativeWork\" ><div class='avia_textblock'  itemprop=\"text\" ><h6 style=\"text-align: center;\"><img loading=\"lazy\" decoding=\"async\" class=\"aligncenter size-full wp-image-932\" src=\"https:\/\/aulaabierta.arasaac.org\/wp-content\/uploads\/2016\/12\/by-nc-sa.eu_petit.png\" alt=\"\" width=\"118\" height=\"41\" \/>Este obra est\u00e1 bajo una\u00a0<a href=\"http:\/\/creativecommons.org\/licenses\/by-nc-sa\/4.0\/\" rel=\"license\">licencia de Creative Commons Reconocimiento-NoComercial-CompartirIgual 4.0 Internacional<\/a>.<\/h6>\n<hr \/>\n<p>En el a\u00f1o 1954, una profesora sorda llamada <strong>Edith Fitzgerald<\/strong> ide\u00f3 la &#8222;<strong>clave Fitzgerald<\/strong>&#8220; para ayudar a ense\u00f1ar gram\u00e1tica a las personas con discapacidad auditiva. Este m\u00e9todo de aprendizaje consist\u00eda en asignar diferentes colores a las palabras atendiendo a la funci\u00f3n que realiza cada una de ellas en la frase.<\/p>\n<p>Con el iempo, estas claves de color pasaron a formar parte de la metodolog\u00eda de ense\u00f1anza de la comunidad de la Comunicaci\u00f3n Aumentativa y Alternativa (CAA) y en <a href=\"http:\/\/www.arasaac.org\/\" target=\"_blank\" rel=\"noopener\"><strong>ARASAAC<\/strong><\/a> seguimos respetando y utilizando esta clasificaci\u00f3n, que establece el siguiente esquema de color para el marco o el fondo de los pictogramas:<\/p>\n<p><img loading=\"lazy\" decoding=\"async\" class=\"alignnone size-full wp-image-15726\" src=\"https:\/\/aulaabierta.arasaac.org\/wp-content\/uploads\/2019\/11\/Clasificacion_Colores_Pictogramas_ARASAAC-1.jpg\" alt=\"\" width=\"1016\" height=\"754\" srcset=\"https:\/\/aulaabierta.arasaac.org\/wp-content\/uploads\/2019\/11\/Clasificacion_Colores_Pictogramas_ARASAAC-1.jpg 1016w, https:\/\/aulaabierta.arasaac.org\/wp-content\/uploads\/2019\/11\/Clasificacion_Colores_Pictogramas_ARASAAC-1-300x223.jpg 300w, https:\/\/aulaabierta.arasaac.org\/wp-content\/uploads\/2019\/11\/Clasificacion_Colores_Pictogramas_ARASAAC-1-768x570.jpg 768w, https:\/\/aulaabierta.arasaac.org\/wp-content\/uploads\/2019\/11\/Clasificacion_Colores_Pictogramas_ARASAAC-1-705x523.jpg 705w, https:\/\/aulaabierta.arasaac.org\/wp-content\/uploads\/2019\/11\/Clasificacion_Colores_Pictogramas_ARASAAC-1-450x334.jpg 450w\" sizes=\"auto, (max-width: 1016px) 100vw, 1016px\" \/><\/p>\n<p>El resto de palabras, consideradas como <strong>MISCEL\u00c1NEA<\/strong> \u00a0(art\u00edculos, preposiciones, conjunciones, n\u00fameros, alfabeto, etc), no tienen asociado ning\u00fan tipo de color, aunque podemos establecer algunas excepciones en funci\u00f3n de las necesidades de nuestros usuarios\/as o atendiendo a nuestra forma de trabajo.<\/p>\n<\/div><\/section><\/p>\n<section  class='av_textblock_section av-evj618-25c69a2c7560ffa7d277ddb71546e53a'  itemscope=\"itemscope\" itemtype=\"https:\/\/schema.org\/CreativeWork\" ><div class='avia_textblock'  itemprop=\"text\" ><\/div><\/section>\n<\/div><\/div><\/div><!-- close content main div --><\/div><\/div><div id='av-layout-grid-2'  class='av-layout-grid-container av-cjch3g-8c9893a91b8664f8d2da390acf8309d6 entry-content-wrapper main_color av-flex-cells  avia-builder-el-7  el_after_av_textblock  avia-builder-el-last  grid-row-not-first  container_wrap fullsize'  >\n\n<style type=\"text\/css\" data-created_by=\"avia_inline_auto\" id=\"style-css-av-b41c6k-f6dde31934e6ce77c56da73fd8840047\">\n.flex_cell.av-b41c6k-f6dde31934e6ce77c56da73fd8840047{\nvertical-align:top;\n}\n.responsive #top #wrap_all .flex_cell.av-b41c6k-f6dde31934e6ce77c56da73fd8840047{\npadding:30px 30px 30px 30px !important;\n}\n<\/style>\n<div class='flex_cell av-b41c6k-f6dde31934e6ce77c56da73fd8840047 av-gridrow-cell av_one_fifth no_margin  avia-builder-el-8  el_before_av_cell_one_fifth  avia-builder-el-first ' ><div class='flex_cell_inner'><\/div><\/div>\n<style type=\"text\/css\" data-created_by=\"avia_inline_auto\" id=\"style-css-av-9mned8-43fd3f546904f071921b9e19eca7a438\">\n.flex_cell.av-9mned8-43fd3f546904f071921b9e19eca7a438{\nvertical-align:top;\n}\n.responsive #top #wrap_all .flex_cell.av-9mned8-43fd3f546904f071921b9e19eca7a438{\npadding:30px 30px 30px 30px !important;\n}\n<\/style>\n<div class='flex_cell av-9mned8-43fd3f546904f071921b9e19eca7a438 av-gridrow-cell av_one_fifth no_margin  avia-builder-el-9  el_after_av_cell_one_fifth  el_before_av_cell_one_fifth ' ><div class='flex_cell_inner'><\/div><\/div>\n<style type=\"text\/css\" data-created_by=\"avia_inline_auto\" id=\"style-css-av-71ymws-ceeb8b779a4044f9b0d6eb807f20ae2e\">\n.flex_cell.av-71ymws-ceeb8b779a4044f9b0d6eb807f20ae2e{\nvertical-align:top;\n}\n.responsive #top #wrap_all .flex_cell.av-71ymws-ceeb8b779a4044f9b0d6eb807f20ae2e{\npadding:30px 30px 30px 30px !important;\n}\n<\/style>\n<div class='flex_cell av-71ymws-ceeb8b779a4044f9b0d6eb807f20ae2e av-gridrow-cell av_one_fifth no_margin  avia-builder-el-10  el_after_av_cell_one_fifth  el_before_av_cell_one_fifth ' ><div class='flex_cell_inner'>\n<style type=\"text\/css\" data-created_by=\"avia_inline_auto\" id=\"style-css-av-5ctf30-20e03fedd5aadba84c5b6ee06f6e30f4\">\n.avia-image-container.av-5ctf30-20e03fedd5aadba84c5b6ee06f6e30f4 img.avia_image{\nbox-shadow:none;\n}\n.avia-image-container.av-5ctf30-20e03fedd5aadba84c5b6ee06f6e30f4 .av-image-caption-overlay-center{\ncolor:#ffffff;\n}\n<\/style>\n<div  class='avia-image-container av-5ctf30-20e03fedd5aadba84c5b6ee06f6e30f4 av-styling- avia-align-center  avia-builder-el-11  avia-builder-el-no-sibling '   itemprop=\"image\" itemscope=\"itemscope\" itemtype=\"https:\/\/schema.org\/ImageObject\" ><div class=\"avia-image-container-inner\"><div class=\"avia-image-overlay-wrap\"><a href=\"https:\/\/aulaabierta.arasaac.org\/de\/comunicacion_aumentativa_y_alternativa_caa\" class='avia_image' ><img decoding=\"async\" class='wp-image-96481 avia-img-lazy-loading-not-96481 avia_image ' src=\"https:\/\/aulaabierta.arasaac.org\/wp-content\/uploads\/2016\/12\/casa-80x80.png\" alt='' title='Inicio'  height=\"80\" width=\"80\"  itemprop=\"thumbnailUrl\" srcset=\"https:\/\/aulaabierta.arasaac.org\/wp-content\/uploads\/2016\/12\/casa-80x80.png 80w, https:\/\/aulaabierta.arasaac.org\/wp-content\/uploads\/2016\/12\/casa-300x300.png 300w, https:\/\/aulaabierta.arasaac.org\/wp-content\/uploads\/2016\/12\/casa-36x36.png 36w, https:\/\/aulaabierta.arasaac.org\/wp-content\/uploads\/2016\/12\/casa-180x180.png 180w, https:\/\/aulaabierta.arasaac.org\/wp-content\/uploads\/2016\/12\/casa-120x120.png 120w, https:\/\/aulaabierta.arasaac.org\/wp-content\/uploads\/2016\/12\/casa-450x450.png 450w, https:\/\/aulaabierta.arasaac.org\/wp-content\/uploads\/2016\/12\/casa.png 500w\" sizes=\"(max-width: 80px) 100vw, 80px\" \/><\/a><\/div><\/div><\/div>\n<\/div><\/div>\n<style type=\"text\/css\" data-created_by=\"avia_inline_auto\" id=\"style-css-av-3m36sc-710efd51927e3570ca55365bcb50add9\">\n.flex_cell.av-3m36sc-710efd51927e3570ca55365bcb50add9{\nvertical-align:top;\n}\n.responsive #top #wrap_all .flex_cell.av-3m36sc-710efd51927e3570ca55365bcb50add9{\npadding:30px 30px 30px 30px !important;\n}\n<\/style>\n<div class='flex_cell av-3m36sc-710efd51927e3570ca55365bcb50add9 av-gridrow-cell av_one_fifth no_margin  avia-builder-el-12  el_after_av_cell_one_fifth  el_before_av_cell_one_fifth ' ><div class='flex_cell_inner'><\/div><\/div>\n<style type=\"text\/css\" data-created_by=\"avia_inline_auto\" id=\"style-css-av-2hnfdo-69170056982846886393d47bc509dbea\">\n.flex_cell.av-2hnfdo-69170056982846886393d47bc509dbea{\nvertical-align:top;\n}\n.responsive #top #wrap_all .flex_cell.av-2hnfdo-69170056982846886393d47bc509dbea{\npadding:30px 30px 30px 30px !important;\n}\n<\/style>\n<div class='flex_cell av-2hnfdo-69170056982846886393d47bc509dbea av-gridrow-cell av_one_fifth no_margin  avia-builder-el-13  el_after_av_cell_one_fifth  avia-builder-el-last ' ><div class='flex_cell_inner'><\/div><\/div><\/div>\n","protected":false},"excerpt":{"rendered":"","protected":false},"author":5,"featured_media":0,"parent":0,"menu_order":0,"comment_status":"closed","ping_status":"closed","template":"","meta":{"om_disable_all_campaigns":false,"_monsterinsights_skip_tracking":false,"_monsterinsights_sitenote_active":false,"_monsterinsights_sitenote_note":"","_monsterinsights_sitenote_category":0,"_uf_show_specific_survey":0,"_uf_disable_surveys":false,"footnotes":""},"class_list":["post-15717","page","type-page","status-publish","hentry"],"aioseo_notices":[],"_links":{"self":[{"href":"https:\/\/aulaabierta.arasaac.org\/de\/wp-json\/wp\/v2\/pages\/15717","targetHints":{"allow":["GET"]}}],"collection":[{"href":"https:\/\/aulaabierta.arasaac.org\/de\/wp-json\/wp\/v2\/pages"}],"about":[{"href":"https:\/\/aulaabierta.arasaac.org\/de\/wp-json\/wp\/v2\/types\/page"}],"author":[{"embeddable":true,"href":"https:\/\/aulaabierta.arasaac.org\/de\/wp-json\/wp\/v2\/users\/5"}],"replies":[{"embeddable":true,"href":"https:\/\/aulaabierta.arasaac.org\/de\/wp-json\/wp\/v2\/comments?post=15717"}],"version-history":[{"count":9,"href":"https:\/\/aulaabierta.arasaac.org\/de\/wp-json\/wp\/v2\/pages\/15717\/revisions"}],"predecessor-version":[{"id":15719,"href":"https:\/\/aulaabierta.arasaac.org\/de\/wp-json\/wp\/v2\/pages\/15717\/revisions\/15719"}],"wp:attachment":[{"href":"https:\/\/aulaabierta.arasaac.org\/de\/wp-json\/wp\/v2\/media?parent=15717"}],"curies":[{"name":"wp","href":"https:\/\/api.w.org\/{rel}","templated":true}]}}