{"id":17392,"date":"2020-04-10T07:26:58","date_gmt":"2020-04-10T06:26:58","guid":{"rendered":"http:\/\/aulaabierta.arasaac.org\/?page_id=17392"},"modified":"2021-11-25T12:35:32","modified_gmt":"2021-11-25T11:35:32","slug":"materiales-caa-escritura-creativa-con-pictogramas","status":"publish","type":"page","link":"https:\/\/aulaabierta.arasaac.org\/de\/materiales-caa-escritura-creativa-con-pictogramas","title":{"rendered":"Materiales CAA &#8211; Escritura creativa con apoyo de pictogramas"},"content":{"rendered":"<div id='av-layout-grid-1'  class='av-layout-grid-container av-nnl4b3-f86d3c5a4032ee89945004a05b4271cb entry-content-wrapper alternate_color av-border-cells av-flex-cells  avia-builder-el-0  el_before_av_textblock  avia-builder-el-first   container_wrap fullsize'  >\n\n<style type=\"text\/css\" data-created_by=\"avia_inline_auto\" id=\"style-css-av-mwsm33-80dd0c5c89adff7b0586ffd44a6b1a54\">\n.flex_cell.av-mwsm33-80dd0c5c89adff7b0586ffd44a6b1a54{\nvertical-align:top;\n}\n.responsive #top #wrap_all .flex_cell.av-mwsm33-80dd0c5c89adff7b0586ffd44a6b1a54{\npadding:30px 30px 30px 30px !important;\n}\n<\/style>\n<div class='flex_cell av-mwsm33-80dd0c5c89adff7b0586ffd44a6b1a54 av-gridrow-cell av_one_fifth no_margin  avia-builder-el-1  el_before_av_cell_four_fifth  avia-builder-el-first ' ><div class='flex_cell_inner'>\n<style type=\"text\/css\" data-created_by=\"avia_inline_auto\" id=\"style-css-av-larx6n-5a461e5d226459a8d364915928d38f0a\">\n.avia-image-container.av-larx6n-5a461e5d226459a8d364915928d38f0a img.avia_image{\nbox-shadow:none;\n}\n.avia-image-container.av-larx6n-5a461e5d226459a8d364915928d38f0a .av-image-caption-overlay-center{\ncolor:#ffffff;\n}\n<\/style>\n<div  class='avia-image-container av-larx6n-5a461e5d226459a8d364915928d38f0a av-styling- avia-align-center  avia-builder-el-2  avia-builder-el-no-sibling '   itemprop=\"image\" itemscope=\"itemscope\" itemtype=\"https:\/\/schema.org\/ImageObject\" ><div class=\"avia-image-container-inner\"><div class=\"avia-image-overlay-wrap\"><a href=\"https:\/\/aulaabierta.arasaac.org\/de\/materiales-caa\" class='avia_image' ><img decoding=\"async\" class='wp-image-96732 avia-img-lazy-loading-not-96732 avia_image ' src=\"https:\/\/aulaabierta.arasaac.org\/wp-content\/uploads\/2017\/01\/ficha.png\" alt='' title='ficha'  height=\"500\" width=\"500\"  itemprop=\"thumbnailUrl\" srcset=\"https:\/\/aulaabierta.arasaac.org\/wp-content\/uploads\/2017\/01\/ficha.png 500w, https:\/\/aulaabierta.arasaac.org\/wp-content\/uploads\/2017\/01\/ficha-80x80.png 80w, https:\/\/aulaabierta.arasaac.org\/wp-content\/uploads\/2017\/01\/ficha-300x300.png 300w, https:\/\/aulaabierta.arasaac.org\/wp-content\/uploads\/2017\/01\/ficha-36x36.png 36w, https:\/\/aulaabierta.arasaac.org\/wp-content\/uploads\/2017\/01\/ficha-180x180.png 180w, https:\/\/aulaabierta.arasaac.org\/wp-content\/uploads\/2017\/01\/ficha-120x120.png 120w, https:\/\/aulaabierta.arasaac.org\/wp-content\/uploads\/2017\/01\/ficha-450x450.png 450w\" sizes=\"(max-width: 500px) 100vw, 500px\" \/><\/a><\/div><\/div><\/div>\n<\/div><\/div>\n<style type=\"text\/css\" data-created_by=\"avia_inline_auto\" id=\"style-css-av-jganrz-789958243ba633215316048ce0f91ac5\">\n.flex_cell.av-jganrz-789958243ba633215316048ce0f91ac5{\nvertical-align:middle;\n}\n.responsive #top #wrap_all .flex_cell.av-jganrz-789958243ba633215316048ce0f91ac5{\npadding:30px 30px 30px 30px !important;\n}\n<\/style>\n<div class='flex_cell av-jganrz-789958243ba633215316048ce0f91ac5 av-gridrow-cell av_four_fifth no_margin  avia-builder-el-3  el_after_av_cell_one_fifth  avia-builder-el-last ' ><div class='flex_cell_inner'>\n<style type=\"text\/css\" data-created_by=\"avia_inline_auto\" id=\"style-css-av-k8tso1u1-5606e39460e8f21344f44b6f908599b7\">\n#top .av-special-heading.av-k8tso1u1-5606e39460e8f21344f44b6f908599b7{\npadding-bottom:0;\n}\nbody .av-special-heading.av-k8tso1u1-5606e39460e8f21344f44b6f908599b7 .av-special-heading-tag .heading-char{\nfont-size:25px;\n}\n.av-special-heading.av-k8tso1u1-5606e39460e8f21344f44b6f908599b7 .av-subheading{\nfont-size:15px;\n}\n<\/style>\n<div  class='av-special-heading av-k8tso1u1-5606e39460e8f21344f44b6f908599b7 av-special-heading-h1  avia-builder-el-4  avia-builder-el-no-sibling '><h1 class='av-special-heading-tag'  itemprop=\"headline\"  >ESCRITURA CREATIVA CON APOYO DE PICTOGRAMAS<\/h1><div class=\"special-heading-border\"><div class=\"special-heading-inner-border\"><\/div><\/div><\/div>\n<\/div><\/div>\n<\/div><div id='after_grid_row_1'  class='main_color av_default_container_wrap container_wrap fullsize'  ><div class='container av-section-cont-open' ><div class='template-page content  av-content-full alpha units'><div class='post-entry post-entry-type-page post-entry-17392'><div class='entry-content-wrapper clearfix'>\n\n<style type=\"text\/css\" data-created_by=\"avia_inline_auto\" id=\"style-css-av-foqorj-b3634d4afc073b52d2cd8201380f7752\">\n#top .av_textblock_section.av-foqorj-b3634d4afc073b52d2cd8201380f7752 .avia_textblock{\nfont-size:16px;\n}\n<\/style>\n<section  class='av_textblock_section av-foqorj-b3634d4afc073b52d2cd8201380f7752'  itemscope=\"itemscope\" itemtype=\"https:\/\/schema.org\/CreativeWork\" ><div class='avia_textblock'  itemprop=\"text\" ><h6 style=\"text-align: center;\"><img loading=\"lazy\" decoding=\"async\" class=\"aligncenter size-full wp-image-932\" src=\"https:\/\/aulaabierta.arasaac.org\/wp-content\/uploads\/2016\/12\/by-nc-sa.eu_petit.png\" alt=\"\" width=\"118\" height=\"41\" \/>Este obra est\u00e1 bajo una <a href=\"http:\/\/creativecommons.org\/licenses\/by-nc-sa\/4.0\/\" rel=\"license\">licencia de Creative Commons Reconocimiento-NoComercial-CompartirIgual 4.0 Internacional<\/a>.<\/h6>\n<p style=\"text-align: center;\">________________________________________________________________<\/p>\n<h3>Escritura creativa con el apoyo de pictogramas<\/h3>\n<p>A nuestro nivel, la<strong> escritura creativa<\/strong> consiste en la redacci\u00f3n de textos ficticios en los que se trata de <strong>estimular y potenciar<\/strong> distintos contenidos como la <strong>concentraci\u00f3n<\/strong>, la <strong>competencia ling\u00fc\u00edstica<\/strong> (expresi\u00f3n, l\u00e9xico, lectoescritura, etc.), la <strong>creatividad<\/strong>, las <strong>funciones ejecutivas<\/strong> (planificaci\u00f3n y organizaci\u00f3n de ideas) y, sobre todo, la <strong>imaginaci\u00f3n<\/strong> y la <strong>creatividad<\/strong>. En definitiva, tratamos de trabajar la <strong>motivaci\u00f3n por el aprendizaje<\/strong> y la <strong>b\u00fasqueda de informaci\u00f3n<\/strong> de forma aut\u00f3noma para satisfacer la curiosidad que todos tenemos dentro.<\/p>\n<p>A continuaci\u00f3n os adjuntamos\u00a0algunos enlaces y capturas contenidas en el portal de\u00a0<a href=\"http:\/\/arasaac.org\/\"><strong>ARASAAC<\/strong>\u00a0<\/a>y elaborados con pictogramas por los propios usuarios. Si quer\u00e9is visualizar el material completo de cada una de las fichas, pulsad en los\u00a0<strong>enlaces de descarga<\/strong>.<\/p>\n<h3><\/h3>\n<\/div><\/section>\n<div  class='hr av-av_hr-23b3846cdd0fbd0e234720a594f6db24 hr-default  avia-builder-el-6  el_after_av_textblock  el_before_av_textblock '><span class='hr-inner '><span class=\"hr-inner-style\"><\/span><\/span><\/div>\n\n<style type=\"text\/css\" data-created_by=\"avia_inline_auto\" id=\"style-css-av-foqorj-b3634d4afc073b52d2cd8201380f7752\">\n#top .av_textblock_section.av-foqorj-b3634d4afc073b52d2cd8201380f7752 .avia_textblock{\nfont-size:16px;\n}\n<\/style>\n<section  class='av_textblock_section av-foqorj-b3634d4afc073b52d2cd8201380f7752'  itemscope=\"itemscope\" itemtype=\"https:\/\/schema.org\/CreativeWork\" ><div class='avia_textblock'  itemprop=\"text\" ><h3><strong><a href=\"http:\/\/www.arasaac.org\/materiales.php?id_material=2390\" target=\"_blank\" rel=\"noopener noreferrer\">Plantillas para trabajar la escritura creativa.<\/a><\/strong><\/h3>\n<p>Descarga directa desde:<b>\u00a0<a href=\"http:\/\/www.arasaac.org\/materiales.php?id_material=2390\" target=\"_blank\" rel=\"noopener noreferrer\">http:\/\/arasaac.org\/materiales.php?id_material=2390<\/a><\/b><strong><br \/>\n<\/strong><\/p>\n<p>Pulsa en las im\u00e1genes par verlas a tama\u00f1o completo.<\/p>\n<h3><\/h3>\n<\/div><\/section>\n\n<style type=\"text\/css\" data-created_by=\"avia_inline_auto\" id=\"style-css-av-di5wcf-3cf9b18f2157491c738694dd20ef822d\">\n#top .avia-gallery.av-di5wcf-3cf9b18f2157491c738694dd20ef822d .avia-gallery-thumb a{\nwidth:20%;\n}\n<\/style>\n<div  class='avia-gallery av-di5wcf-3cf9b18f2157491c738694dd20ef822d avia_animate_when_visible  avia-builder-el-8  el_after_av_textblock  el_before_av_hr  avia_lazyload avia-gallery-animate avia-gallery-1'  itemprop=\"image\" itemscope=\"itemscope\" itemtype=\"https:\/\/schema.org\/ImageObject\" ><meta itemprop=\"contentURL\" content=\"https:\/\/aulaabierta.arasaac.org\/de\/materiales-caa-escritura-creativa-con-pictogramas\"><div class='avia-gallery-thumb'><a href=\"https:\/\/aulaabierta.arasaac.org\/wp-content\/uploads\/2020\/04\/Plantillas_de_escritura_creativa_pictogramas_ARASAAC_1.jpg\" data-srcset=\"https:\/\/aulaabierta.arasaac.org\/wp-content\/uploads\/2020\/04\/Plantillas_de_escritura_creativa_pictogramas_ARASAAC_1.jpg 785w, https:\/\/aulaabierta.arasaac.org\/wp-content\/uploads\/2020\/04\/Plantillas_de_escritura_creativa_pictogramas_ARASAAC_1-300x224.jpg 300w, https:\/\/aulaabierta.arasaac.org\/wp-content\/uploads\/2020\/04\/Plantillas_de_escritura_creativa_pictogramas_ARASAAC_1-768x572.jpg 768w, https:\/\/aulaabierta.arasaac.org\/wp-content\/uploads\/2020\/04\/Plantillas_de_escritura_creativa_pictogramas_ARASAAC_1-705x525.jpg 705w, https:\/\/aulaabierta.arasaac.org\/wp-content\/uploads\/2020\/04\/Plantillas_de_escritura_creativa_pictogramas_ARASAAC_1-450x335.jpg 450w\" data-sizes=\"(max-width: 785px) 100vw, 785px\" data-rel='gallery-1' data-prev-img='https:\/\/aulaabierta.arasaac.org\/wp-content\/uploads\/2020\/04\/Plantillas_de_escritura_creativa_pictogramas_ARASAAC_1-495x400.jpg' class='first_thumb lightbox ' data-onclick='1' title='Plantillas_de_escritura_creativa_pictogramas_ARASAAC_1'  itemprop=\"thumbnailUrl\"  ><img decoding=\"async\" class=\"wp-image-104143 avia-img-lazy-loading-not-104143\"   src=\"https:\/\/aulaabierta.arasaac.org\/wp-content\/uploads\/2020\/04\/Plantillas_de_escritura_creativa_pictogramas_ARASAAC_1-495x400.jpg\" width=\"495\" height=\"400\"  title='Plantillas_de_escritura_creativa_pictogramas_ARASAAC_1' alt='' \/><div class='big-prev-fake'><img loading=\"lazy\" decoding=\"async\" class=\"wp-image-104143 avia-img-lazy-loading-104143\"  width=\"495\" height=\"400\" src=\"https:\/\/aulaabierta.arasaac.org\/wp-content\/uploads\/2020\/04\/Plantillas_de_escritura_creativa_pictogramas_ARASAAC_1-495x400.jpg\" title='Plantillas_de_escritura_creativa_pictogramas_ARASAAC_1' alt='' \/><\/div><\/a><a href=\"https:\/\/aulaabierta.arasaac.org\/wp-content\/uploads\/2020\/04\/Plantillas_de_escritura_creativa_pictogramas_ARASAAC_2.jpg\" data-srcset=\"https:\/\/aulaabierta.arasaac.org\/wp-content\/uploads\/2020\/04\/Plantillas_de_escritura_creativa_pictogramas_ARASAAC_2.jpg 784w, https:\/\/aulaabierta.arasaac.org\/wp-content\/uploads\/2020\/04\/Plantillas_de_escritura_creativa_pictogramas_ARASAAC_2-300x224.jpg 300w, https:\/\/aulaabierta.arasaac.org\/wp-content\/uploads\/2020\/04\/Plantillas_de_escritura_creativa_pictogramas_ARASAAC_2-768x574.jpg 768w, https:\/\/aulaabierta.arasaac.org\/wp-content\/uploads\/2020\/04\/Plantillas_de_escritura_creativa_pictogramas_ARASAAC_2-705x527.jpg 705w, https:\/\/aulaabierta.arasaac.org\/wp-content\/uploads\/2020\/04\/Plantillas_de_escritura_creativa_pictogramas_ARASAAC_2-450x336.jpg 450w\" data-sizes=\"(max-width: 784px) 100vw, 784px\" data-rel='gallery-1' data-prev-img='https:\/\/aulaabierta.arasaac.org\/wp-content\/uploads\/2020\/04\/Plantillas_de_escritura_creativa_pictogramas_ARASAAC_2-495x400.jpg' class='lightbox ' data-onclick='2' title='Plantillas_de_escritura_creativa_pictogramas_ARASAAC_2'  itemprop=\"thumbnailUrl\"  ><img decoding=\"async\" class=\"wp-image-104144 avia-img-lazy-loading-not-104144\"   src=\"https:\/\/aulaabierta.arasaac.org\/wp-content\/uploads\/2020\/04\/Plantillas_de_escritura_creativa_pictogramas_ARASAAC_2-495x400.jpg\" width=\"495\" height=\"400\"  title='Plantillas_de_escritura_creativa_pictogramas_ARASAAC_2' alt='' \/><div class='big-prev-fake'><img loading=\"lazy\" decoding=\"async\" class=\"wp-image-104144 avia-img-lazy-loading-104144\"  width=\"495\" height=\"400\" src=\"https:\/\/aulaabierta.arasaac.org\/wp-content\/uploads\/2020\/04\/Plantillas_de_escritura_creativa_pictogramas_ARASAAC_2-495x400.jpg\" title='Plantillas_de_escritura_creativa_pictogramas_ARASAAC_2' alt='' \/><\/div><\/a><a href=\"https:\/\/aulaabierta.arasaac.org\/wp-content\/uploads\/2020\/04\/Plantillas_de_escritura_creativa_pictogramas_ARASAAC_3.jpg\" data-srcset=\"https:\/\/aulaabierta.arasaac.org\/wp-content\/uploads\/2020\/04\/Plantillas_de_escritura_creativa_pictogramas_ARASAAC_3.jpg 783w, https:\/\/aulaabierta.arasaac.org\/wp-content\/uploads\/2020\/04\/Plantillas_de_escritura_creativa_pictogramas_ARASAAC_3-300x224.jpg 300w, https:\/\/aulaabierta.arasaac.org\/wp-content\/uploads\/2020\/04\/Plantillas_de_escritura_creativa_pictogramas_ARASAAC_3-768x573.jpg 768w, https:\/\/aulaabierta.arasaac.org\/wp-content\/uploads\/2020\/04\/Plantillas_de_escritura_creativa_pictogramas_ARASAAC_3-705x526.jpg 705w, https:\/\/aulaabierta.arasaac.org\/wp-content\/uploads\/2020\/04\/Plantillas_de_escritura_creativa_pictogramas_ARASAAC_3-450x336.jpg 450w\" data-sizes=\"(max-width: 783px) 100vw, 783px\" data-rel='gallery-1' data-prev-img='https:\/\/aulaabierta.arasaac.org\/wp-content\/uploads\/2020\/04\/Plantillas_de_escritura_creativa_pictogramas_ARASAAC_3-495x400.jpg' class='lightbox ' data-onclick='3' title='Plantillas_de_escritura_creativa_pictogramas_ARASAAC_3'  itemprop=\"thumbnailUrl\"  ><img decoding=\"async\" class=\"wp-image-104145 avia-img-lazy-loading-not-104145\"   src=\"https:\/\/aulaabierta.arasaac.org\/wp-content\/uploads\/2020\/04\/Plantillas_de_escritura_creativa_pictogramas_ARASAAC_3-495x400.jpg\" width=\"495\" height=\"400\"  title='Plantillas_de_escritura_creativa_pictogramas_ARASAAC_3' alt='' \/><div class='big-prev-fake'><img loading=\"lazy\" decoding=\"async\" class=\"wp-image-104145 avia-img-lazy-loading-104145\"  width=\"495\" height=\"400\" src=\"https:\/\/aulaabierta.arasaac.org\/wp-content\/uploads\/2020\/04\/Plantillas_de_escritura_creativa_pictogramas_ARASAAC_3-495x400.jpg\" title='Plantillas_de_escritura_creativa_pictogramas_ARASAAC_3' alt='' \/><\/div><\/a><a href=\"https:\/\/aulaabierta.arasaac.org\/wp-content\/uploads\/2020\/04\/Plantillas_de_escritura_creativa_pictogramas_ARASAAC_4.jpg\" data-srcset=\"https:\/\/aulaabierta.arasaac.org\/wp-content\/uploads\/2020\/04\/Plantillas_de_escritura_creativa_pictogramas_ARASAAC_4.jpg 786w, https:\/\/aulaabierta.arasaac.org\/wp-content\/uploads\/2020\/04\/Plantillas_de_escritura_creativa_pictogramas_ARASAAC_4-300x224.jpg 300w, https:\/\/aulaabierta.arasaac.org\/wp-content\/uploads\/2020\/04\/Plantillas_de_escritura_creativa_pictogramas_ARASAAC_4-768x573.jpg 768w, https:\/\/aulaabierta.arasaac.org\/wp-content\/uploads\/2020\/04\/Plantillas_de_escritura_creativa_pictogramas_ARASAAC_4-705x526.jpg 705w, https:\/\/aulaabierta.arasaac.org\/wp-content\/uploads\/2020\/04\/Plantillas_de_escritura_creativa_pictogramas_ARASAAC_4-450x335.jpg 450w\" data-sizes=\"(max-width: 786px) 100vw, 786px\" data-rel='gallery-1' data-prev-img='https:\/\/aulaabierta.arasaac.org\/wp-content\/uploads\/2020\/04\/Plantillas_de_escritura_creativa_pictogramas_ARASAAC_4-495x400.jpg' class='lightbox ' data-onclick='4' title='Plantillas_de_escritura_creativa_pictogramas_ARASAAC_4'  itemprop=\"thumbnailUrl\"  ><img decoding=\"async\" class=\"wp-image-104146 avia-img-lazy-loading-not-104146\"   src=\"https:\/\/aulaabierta.arasaac.org\/wp-content\/uploads\/2020\/04\/Plantillas_de_escritura_creativa_pictogramas_ARASAAC_4-495x400.jpg\" width=\"495\" height=\"400\"  title='Plantillas_de_escritura_creativa_pictogramas_ARASAAC_4' alt='' \/><div class='big-prev-fake'><img loading=\"lazy\" decoding=\"async\" class=\"wp-image-104146 avia-img-lazy-loading-104146\"  width=\"495\" height=\"400\" src=\"https:\/\/aulaabierta.arasaac.org\/wp-content\/uploads\/2020\/04\/Plantillas_de_escritura_creativa_pictogramas_ARASAAC_4-495x400.jpg\" title='Plantillas_de_escritura_creativa_pictogramas_ARASAAC_4' alt='' \/><\/div><\/a><a href=\"https:\/\/aulaabierta.arasaac.org\/wp-content\/uploads\/2020\/04\/Plantillas_de_escritura_creativa_pictogramas_ARASAAC_5.jpg\" data-srcset=\"https:\/\/aulaabierta.arasaac.org\/wp-content\/uploads\/2020\/04\/Plantillas_de_escritura_creativa_pictogramas_ARASAAC_5.jpg 780w, https:\/\/aulaabierta.arasaac.org\/wp-content\/uploads\/2020\/04\/Plantillas_de_escritura_creativa_pictogramas_ARASAAC_5-300x224.jpg 300w, https:\/\/aulaabierta.arasaac.org\/wp-content\/uploads\/2020\/04\/Plantillas_de_escritura_creativa_pictogramas_ARASAAC_5-768x574.jpg 768w, https:\/\/aulaabierta.arasaac.org\/wp-content\/uploads\/2020\/04\/Plantillas_de_escritura_creativa_pictogramas_ARASAAC_5-705x527.jpg 705w, https:\/\/aulaabierta.arasaac.org\/wp-content\/uploads\/2020\/04\/Plantillas_de_escritura_creativa_pictogramas_ARASAAC_5-450x336.jpg 450w\" data-sizes=\"(max-width: 780px) 100vw, 780px\" data-rel='gallery-1' data-prev-img='https:\/\/aulaabierta.arasaac.org\/wp-content\/uploads\/2020\/04\/Plantillas_de_escritura_creativa_pictogramas_ARASAAC_5-495x400.jpg' class='lightbox ' data-onclick='5' title='Plantillas_de_escritura_creativa_pictogramas_ARASAAC_5'  itemprop=\"thumbnailUrl\"  ><img decoding=\"async\" class=\"wp-image-104147 avia-img-lazy-loading-not-104147\"   src=\"https:\/\/aulaabierta.arasaac.org\/wp-content\/uploads\/2020\/04\/Plantillas_de_escritura_creativa_pictogramas_ARASAAC_5-495x400.jpg\" width=\"495\" height=\"400\"  title='Plantillas_de_escritura_creativa_pictogramas_ARASAAC_5' alt='' \/><div class='big-prev-fake'><img loading=\"lazy\" decoding=\"async\" class=\"wp-image-104147 avia-img-lazy-loading-104147\"  width=\"495\" height=\"400\" src=\"https:\/\/aulaabierta.arasaac.org\/wp-content\/uploads\/2020\/04\/Plantillas_de_escritura_creativa_pictogramas_ARASAAC_5-495x400.jpg\" title='Plantillas_de_escritura_creativa_pictogramas_ARASAAC_5' alt='' \/><\/div><\/a><\/div><\/div>\n<div  class='hr av-av_hr-23b3846cdd0fbd0e234720a594f6db24 hr-default  avia-builder-el-9  el_after_av_gallery  el_before_av_layout_row  avia-builder-el-last '><span class='hr-inner '><span class=\"hr-inner-style\"><\/span><\/span><\/div>\n<\/div><\/div><\/div><!-- close content main div --><\/div><\/div><div id='av-layout-grid-2'  class='av-layout-grid-container av-cao6lr-4b43eccf5b030591d9312f79c3d6ace8 entry-content-wrapper main_color av-flex-cells  avia-builder-el-10  el_after_av_hr  avia-builder-el-last  grid-row-not-first  container_wrap fullsize'  >\n\n<style type=\"text\/css\" data-created_by=\"avia_inline_auto\" id=\"style-css-av-akiqrj-9f02d1241dae0734cb5d32de32cfb834\">\n.flex_cell.av-akiqrj-9f02d1241dae0734cb5d32de32cfb834{\nvertical-align:top;\n}\n.responsive #top #wrap_all .flex_cell.av-akiqrj-9f02d1241dae0734cb5d32de32cfb834{\npadding:30px 30px 30px 30px !important;\n}\n<\/style>\n<div class='flex_cell av-akiqrj-9f02d1241dae0734cb5d32de32cfb834 av-gridrow-cell av_one_fifth no_margin  avia-builder-el-11  el_before_av_cell_one_fifth  avia-builder-el-first ' ><div class='flex_cell_inner'><\/div><\/div>\n<style type=\"text\/css\" data-created_by=\"avia_inline_auto\" id=\"style-css-av-3ffcf-ec1b304bb4d9729022e3c8b8073e7d68\">\n.flex_cell.av-3ffcf-ec1b304bb4d9729022e3c8b8073e7d68{\nvertical-align:top;\n}\n.responsive #top #wrap_all .flex_cell.av-3ffcf-ec1b304bb4d9729022e3c8b8073e7d68{\npadding:30px 30px 30px 30px !important;\n}\n<\/style>\n<div class='flex_cell av-3ffcf-ec1b304bb4d9729022e3c8b8073e7d68 av-gridrow-cell av_one_fifth no_margin  avia-builder-el-12  el_after_av_cell_one_fifth  el_before_av_cell_one_fifth ' ><div class='flex_cell_inner'><\/div><\/div>\n<style type=\"text\/css\" data-created_by=\"avia_inline_auto\" id=\"style-css-av-88wua7-bf533fd8ca501a6b9ce6fe22ff56a92d\">\n.flex_cell.av-88wua7-bf533fd8ca501a6b9ce6fe22ff56a92d{\nvertical-align:top;\n}\n.responsive #top #wrap_all .flex_cell.av-88wua7-bf533fd8ca501a6b9ce6fe22ff56a92d{\npadding:30px 30px 30px 30px !important;\n}\n<\/style>\n<div class='flex_cell av-88wua7-bf533fd8ca501a6b9ce6fe22ff56a92d av-gridrow-cell av_one_fifth no_margin  avia-builder-el-13  el_after_av_cell_one_fifth  el_before_av_cell_one_fifth ' ><div class='flex_cell_inner'>\n<style type=\"text\/css\" data-created_by=\"avia_inline_auto\" id=\"style-css-av-6cyuq7-f59704184137e5837746b49c659cf3f4\">\n.avia-image-container.av-6cyuq7-f59704184137e5837746b49c659cf3f4 img.avia_image{\nbox-shadow:none;\n}\n.avia-image-container.av-6cyuq7-f59704184137e5837746b49c659cf3f4 .av-image-caption-overlay-center{\ncolor:#ffffff;\n}\n<\/style>\n<div  class='avia-image-container av-6cyuq7-f59704184137e5837746b49c659cf3f4 av-styling- avia-align-center  avia-builder-el-14  avia-builder-el-no-sibling '   itemprop=\"image\" itemscope=\"itemscope\" itemtype=\"https:\/\/schema.org\/ImageObject\" ><div class=\"avia-image-container-inner\"><div class=\"avia-image-overlay-wrap\"><a href=\"https:\/\/aulaabierta.arasaac.org\/de\/materiales-caa\" class='avia_image' ><img decoding=\"async\" class='wp-image-96481 avia-img-lazy-loading-not-96481 avia_image ' src=\"https:\/\/aulaabierta.arasaac.org\/wp-content\/uploads\/2016\/12\/casa-80x80.png\" alt='' title='Inicio'  height=\"80\" width=\"80\"  itemprop=\"thumbnailUrl\" srcset=\"https:\/\/aulaabierta.arasaac.org\/wp-content\/uploads\/2016\/12\/casa-80x80.png 80w, https:\/\/aulaabierta.arasaac.org\/wp-content\/uploads\/2016\/12\/casa-300x300.png 300w, https:\/\/aulaabierta.arasaac.org\/wp-content\/uploads\/2016\/12\/casa-36x36.png 36w, https:\/\/aulaabierta.arasaac.org\/wp-content\/uploads\/2016\/12\/casa-180x180.png 180w, https:\/\/aulaabierta.arasaac.org\/wp-content\/uploads\/2016\/12\/casa-120x120.png 120w, https:\/\/aulaabierta.arasaac.org\/wp-content\/uploads\/2016\/12\/casa-450x450.png 450w, https:\/\/aulaabierta.arasaac.org\/wp-content\/uploads\/2016\/12\/casa.png 500w\" sizes=\"(max-width: 80px) 100vw, 80px\" \/><\/a><\/div><\/div><\/div>\n<\/div><\/div>\n<style type=\"text\/css\" data-created_by=\"avia_inline_auto\" id=\"style-css-av-4v3rmn-71739fff9db3f6e9018be55147d9d21d\">\n.flex_cell.av-4v3rmn-71739fff9db3f6e9018be55147d9d21d{\nvertical-align:top;\n}\n.responsive #top #wrap_all .flex_cell.av-4v3rmn-71739fff9db3f6e9018be55147d9d21d{\npadding:30px 30px 30px 30px !important;\n}\n<\/style>\n<div class='flex_cell av-4v3rmn-71739fff9db3f6e9018be55147d9d21d av-gridrow-cell av_one_fifth no_margin  avia-builder-el-15  el_after_av_cell_one_fifth  el_before_av_cell_one_fifth ' ><div class='flex_cell_inner'><\/div><\/div>\n<style type=\"text\/css\" data-created_by=\"avia_inline_auto\" id=\"style-css-av-38k7pr-9fe3493648b7b41b5f124a7fe352afb4\">\n.flex_cell.av-38k7pr-9fe3493648b7b41b5f124a7fe352afb4{\nvertical-align:top;\n}\n.responsive #top #wrap_all .flex_cell.av-38k7pr-9fe3493648b7b41b5f124a7fe352afb4{\npadding:30px 30px 30px 30px !important;\n}\n<\/style>\n<div class='flex_cell av-38k7pr-9fe3493648b7b41b5f124a7fe352afb4 av-gridrow-cell av_one_fifth no_margin  avia-builder-el-16  el_after_av_cell_one_fifth  avia-builder-el-last ' ><div class='flex_cell_inner'><\/div><\/div>\n<\/div>\n","protected":false},"excerpt":{"rendered":"","protected":false},"author":5,"featured_media":0,"parent":0,"menu_order":0,"comment_status":"closed","ping_status":"closed","template":"","meta":{"om_disable_all_campaigns":false,"_monsterinsights_skip_tracking":false,"_monsterinsights_sitenote_active":false,"_monsterinsights_sitenote_note":"","_monsterinsights_sitenote_category":0,"_uf_show_specific_survey":0,"_uf_disable_surveys":false,"footnotes":""},"class_list":["post-17392","page","type-page","status-publish","hentry"],"aioseo_notices":[],"_links":{"self":[{"href":"https:\/\/aulaabierta.arasaac.org\/de\/wp-json\/wp\/v2\/pages\/17392","targetHints":{"allow":["GET"]}}],"collection":[{"href":"https:\/\/aulaabierta.arasaac.org\/de\/wp-json\/wp\/v2\/pages"}],"about":[{"href":"https:\/\/aulaabierta.arasaac.org\/de\/wp-json\/wp\/v2\/types\/page"}],"author":[{"embeddable":true,"href":"https:\/\/aulaabierta.arasaac.org\/de\/wp-json\/wp\/v2\/users\/5"}],"replies":[{"embeddable":true,"href":"https:\/\/aulaabierta.arasaac.org\/de\/wp-json\/wp\/v2\/comments?post=17392"}],"version-history":[{"count":4,"href":"https:\/\/aulaabierta.arasaac.org\/de\/wp-json\/wp\/v2\/pages\/17392\/revisions"}],"predecessor-version":[{"id":72508,"href":"https:\/\/aulaabierta.arasaac.org\/de\/wp-json\/wp\/v2\/pages\/17392\/revisions\/72508"}],"wp:attachment":[{"href":"https:\/\/aulaabierta.arasaac.org\/de\/wp-json\/wp\/v2\/media?parent=17392"}],"curies":[{"name":"wp","href":"https:\/\/api.w.org\/{rel}","templated":true}]}}