{"id":2098,"date":"2017-01-13T19:21:33","date_gmt":"2017-01-13T19:21:33","guid":{"rendered":"http:\/\/aulaabierta.arasaac.org\/?page_id=2098"},"modified":"2026-02-05T17:58:57","modified_gmt":"2026-02-05T16:58:57","slug":"herramientas-online-mi-seleccion","status":"publish","type":"page","link":"https:\/\/aulaabierta.arasaac.org\/de\/herramientas-online-mi-seleccion","title":{"rendered":"Herramientas Online &#8211; Mi selecci\u00f3n"},"content":{"rendered":"<div id='av-layout-grid-1'  class='av-layout-grid-container av-2dfyn6-bfb1faa57e64a82b7bf2351e4660f6dd entry-content-wrapper alternate_color av-border-cells av-flex-cells  avia-builder-el-0  el_before_av_textblock  avia-builder-el-first   container_wrap fullsize'  >\n\n<style type=\"text\/css\" data-created_by=\"avia_inline_auto\" id=\"style-css-av-mycmoy-f4641beeed8761502ee6eab0541652be\">\n.flex_cell.av-mycmoy-f4641beeed8761502ee6eab0541652be{\nvertical-align:top;\n}\n.responsive #top #wrap_all .flex_cell.av-mycmoy-f4641beeed8761502ee6eab0541652be{\npadding:30px 30px 30px 30px !important;\n}\n<\/style>\n<div class='flex_cell av-mycmoy-f4641beeed8761502ee6eab0541652be av-gridrow-cell av_one_fifth no_margin  avia-builder-el-1  el_before_av_cell_four_fifth  avia-builder-el-first ' ><div class='flex_cell_inner'>\n<style type=\"text\/css\" data-created_by=\"avia_inline_auto\" id=\"style-css-av-k485aq-2770192e2c08161d8fe969d12a8cd24e\">\n.avia-image-container.av-k485aq-2770192e2c08161d8fe969d12a8cd24e img.avia_image{\nbox-shadow:none;\n}\n.avia-image-container.av-k485aq-2770192e2c08161d8fe969d12a8cd24e .av-image-caption-overlay-center{\ncolor:#ffffff;\n}\n<\/style>\n<div  class='avia-image-container av-k485aq-2770192e2c08161d8fe969d12a8cd24e av-styling- avia-align-center  avia-builder-el-2  avia-builder-el-no-sibling '   itemprop=\"image\" itemscope=\"itemscope\" itemtype=\"https:\/\/schema.org\/ImageObject\" ><div class=\"avia-image-container-inner\"><div class=\"avia-image-overlay-wrap\"><a href=\"https:\/\/aulaabierta.arasaac.org\/de\/herramientas-online-arasaac\" class='avia_image' ><img decoding=\"async\" class='wp-image-96750 avia-img-lazy-loading-not-96750 avia_image ' src=\"https:\/\/aulaabierta.arasaac.org\/wp-content\/uploads\/2017\/01\/web-180x180.png\" alt='' title='web'  height=\"180\" width=\"180\"  itemprop=\"thumbnailUrl\" srcset=\"https:\/\/aulaabierta.arasaac.org\/wp-content\/uploads\/2017\/01\/web-180x180.png 180w, https:\/\/aulaabierta.arasaac.org\/wp-content\/uploads\/2017\/01\/web-80x80.png 80w, https:\/\/aulaabierta.arasaac.org\/wp-content\/uploads\/2017\/01\/web-300x300.png 300w, https:\/\/aulaabierta.arasaac.org\/wp-content\/uploads\/2017\/01\/web-36x36.png 36w, https:\/\/aulaabierta.arasaac.org\/wp-content\/uploads\/2017\/01\/web-120x120.png 120w, https:\/\/aulaabierta.arasaac.org\/wp-content\/uploads\/2017\/01\/web-450x450.png 450w, https:\/\/aulaabierta.arasaac.org\/wp-content\/uploads\/2017\/01\/web.png 500w\" sizes=\"(max-width: 180px) 100vw, 180px\" \/><\/a><\/div><\/div><\/div>\n<\/div><\/div>\n<style type=\"text\/css\" data-created_by=\"avia_inline_auto\" id=\"style-css-av-iry3uq-68691c27cbffccd92cb97c1a04ea3706\">\n.flex_cell.av-iry3uq-68691c27cbffccd92cb97c1a04ea3706{\nvertical-align:middle;\n}\n.responsive #top #wrap_all .flex_cell.av-iry3uq-68691c27cbffccd92cb97c1a04ea3706{\npadding:30px 30px 30px 30px !important;\n}\n<\/style>\n<div class='flex_cell av-iry3uq-68691c27cbffccd92cb97c1a04ea3706 av-gridrow-cell av_four_fifth no_margin  avia-builder-el-3  el_after_av_cell_one_fifth  avia-builder-el-last ' ><div class='flex_cell_inner'>\n<style type=\"text\/css\" data-created_by=\"avia_inline_auto\" id=\"style-css-av-ha2t1e-3dd4e773f18f7e50aa87a8137bec2111\">\n#top .av-special-heading.av-ha2t1e-3dd4e773f18f7e50aa87a8137bec2111{\npadding-bottom:0;\n}\nbody .av-special-heading.av-ha2t1e-3dd4e773f18f7e50aa87a8137bec2111 .av-special-heading-tag .heading-char{\nfont-size:25px;\n}\n.av-special-heading.av-ha2t1e-3dd4e773f18f7e50aa87a8137bec2111 .av-subheading{\nfont-size:15px;\n}\n<\/style>\n<div  class='av-special-heading av-ha2t1e-3dd4e773f18f7e50aa87a8137bec2111 av-special-heading-h1  avia-builder-el-4  avia-builder-el-no-sibling '><h1 class='av-special-heading-tag'  itemprop=\"headline\"  >MI SELECCI\u00d3N<\/h1><div class=\"special-heading-border\"><div class=\"special-heading-inner-border\"><\/div><\/div><\/div>\n<\/div><\/div>\n<\/div><div id='after_grid_row_1'  class='main_color av_default_container_wrap container_wrap fullsize'  ><div class='container av-section-cont-open' ><div class='template-page content  av-content-full alpha units'><div class='post-entry post-entry-type-page post-entry-2098'><div class='entry-content-wrapper clearfix'>\n<section  class='av_textblock_section av-1lh8cy-04f7ea693cf549290271dbac52008c37'  itemscope=\"itemscope\" itemtype=\"https:\/\/schema.org\/CreativeWork\" ><div class='avia_textblock'  itemprop=\"text\" ><h6 style=\"text-align: center;\"><img loading=\"lazy\" decoding=\"async\" class=\"aligncenter size-full wp-image-932\" src=\"https:\/\/aulaabierta.arasaac.org\/wp-content\/uploads\/2016\/12\/by-nc-sa.eu_petit.png\" alt=\"\" width=\"118\" height=\"41\" \/>Este obra est\u00e1 bajo una <a href=\"http:\/\/creativecommons.org\/licenses\/by-nc-sa\/4.0\/\" rel=\"license\">licencia de Creative Commons Reconocimiento-NoComercial-CompartirIgual 4.0 Internacional<\/a>.<\/h6>\n<hr \/>\n<\/div><\/section>\n<div  class='avia-button-wrap av-av_button-8ede1f2d438aa25df344dda6ce840d99-wrap avia-button-center  avia-builder-el-6  el_after_av_textblock  el_before_av_textblock '>\n<style type=\"text\/css\" data-created_by=\"avia_inline_auto\" id=\"style-css-av-av_button-8ede1f2d438aa25df344dda6ce840d99\">\n#top #wrap_all .avia-button.av-av_button-8ede1f2d438aa25df344dda6ce840d99{\nfont-size:16px;\n-webkit-transition:all 0.4s ease-in-out;\n-moz-transition:all 0.4s ease-in-out;\n-ms-transition:all 0.4s ease-in-out;\n-o-transition:all 0.4s ease-in-out;\ntransition:all 0.4s ease-in-out;\n}\n<\/style>\n<a href='https:\/\/antiguo.arasaac.org\/herramientas.php' class='avia-button av-av_button-8ede1f2d438aa25df344dda6ce840d99 avia-icon_select-yes-left-icon avia-size-large avia-position-center avia-color-theme-color' target=\"_blank\" rel=\"noopener noreferrer\"><span class='avia_button_icon avia_button_icon_left' aria-hidden='true' data-av_icon='\ue8b1' data-av_iconfont='entypo-fontello'><\/span><span class='avia_iconbox_title' >ACCEDER<\/span><\/a><\/div>\n\n<style type=\"text\/css\" data-created_by=\"avia_inline_auto\" id=\"style-css-av-ee6g9e-dfa238c3cad7e8b5521a18cdd2bec1f0\">\n#top .av_textblock_section.av-ee6g9e-dfa238c3cad7e8b5521a18cdd2bec1f0 .avia_textblock{\nfont-size:16px;\n}\n<\/style>\n<section  class='av_textblock_section av-ee6g9e-dfa238c3cad7e8b5521a18cdd2bec1f0'  itemscope=\"itemscope\" itemtype=\"https:\/\/schema.org\/CreativeWork\" ><div class='avia_textblock'  itemprop=\"text\" ><div id=\"id53\" class=\"customIdevice\">\n<div class=\"iDevice emphasis1\">\n<div class=\"iDevice_inner\">\n<div id=\"ta53_35_9\" class=\"block\">\n<p>La carpeta <strong>Mi selecci\u00f3n<\/strong>\u00a0nos permite, al igual que se har\u00eda en un supermercado, llenar el carro con todos aquellos <strong>recursos<\/strong> que nos interesen bien sea para descargar posteriormente en un \u00fanico archivo <strong>ZIP<\/strong> o para utilizar en las diferentes <strong>herramientas online<\/strong> del portal (menos en el creador de frases).<\/p>\n<p><img decoding=\"async\" class=\"aligncenter\" src=\"https:\/\/lh6.googleusercontent.com\/-c9zVZfkswnU\/UiXKTJ-JWHI\/AAAAAAAABKM\/yR-wP4zA_vs\/w1044-h447-no\/mi_seleccion_1.png\" width=\"800\" \/><\/p>\n<p>Conforme vayamos navegando por el portal podemos ir a a\u00f1adiendo elementos a la carpeta &#8222;Mi Selecci\u00f3n&#8220; la cual pervivir\u00e1 mientras naveguemos por el portal. En el momento que cerremos el navegador el contenido de la carpeta es eliminado. Se trata, por tanto, de una <strong>carpeta temporal<\/strong>.<\/p>\n<p><img decoding=\"async\" class=\"aligncenter\" src=\"https:\/\/lh3.googleusercontent.com\/-EAOh0cQqatY\/UiXKTcKN6xI\/AAAAAAAABKQ\/FRDbm4IjUEk\/w1043-h255-no\/mi_seleccion_2.png\" width=\"800\" \/><br \/>\nLos elementos que podemos a\u00f1adir a nuestra carpeta temporal son: cualquiera de los recursos ofrecidos en los diferentes cat\u00e1logos (pictogramas, im\u00e1genes, videos y fotograf\u00edas en LSE), locuciones, materiales y algunos de los materiales generados con las algunas de las herramientas online (s\u00edmbolos, animaciones o frases).<\/p>\n<\/div>\n<\/div>\n<\/div>\n<\/div>\n<div id=\"id54\" class=\"FreeTextIdevice\">\n<div class=\"iDevice emphasis0\">\n<div id=\"ta54_1\" class=\"block\">\n<h3>MANEJANDO LA CARPETA &#8222;MI SELECCI\u00d3N&#8220;<\/h3>\n<p>Cuando realizamos la b\u00fasqueda de cualquier recurso del portal (pictograma, fotograf\u00eda, video, locuci\u00f3n, etc.) para nuestro trabajo posterior, podemos realizar dos acciones: descargar directamente el recurso a nuestro ordenador o a\u00f1adir el recurso a \u201c<strong>Mi selecci\u00f3n<\/strong>\u201d, utilizando el men\u00fa contextual <strong>A\u00f1adir a selecci\u00f3n<\/strong>, que aparece en el recurso.<\/p>\n<p>En el ejemplo inferior, se han seleccionando pictogramas sobre \u201canimales dom\u00e9sticos\u201d (utilizando el buscador tal y como se explicaba en la anterior unidad) y a\u00f1adi\u00e9ndolos a la selecci\u00f3n para descargarlos todos juntos en un paquete. En estos momentos, el caj\u00f3n se\u00f1ala que tiene 6 elementos.<\/p>\n<p><img decoding=\"async\" class=\"aligncenter\" src=\"https:\/\/lh4.googleusercontent.com\/-AYJP5LDB9nU\/UfJCjvgfIsI\/AAAAAAAAA38\/bEHdCC313Ps\/w649-h257-no\/mi_seleccion_0.png\" \/><br \/>\nSi pulsamos sobre <strong>6 elementos<\/strong>, se abrir\u00e1 la carpeta <strong>Mi selecci\u00f3n<\/strong> y nos mostrar\u00e1 los pictogramas que hemos incluido en el caj\u00f3n hasta ahora.<\/p>\n<p><img decoding=\"async\" class=\"aligncenter\" src=\"https:\/\/lh5.googleusercontent.com\/-p1HasvwpYrk\/UfJCkBf_23I\/AAAAAAAAA4E\/ya_OMhhmHq0\/w661-h151-no\/mi_seleccion_1.png\" \/><br \/>\nUna vez dentro de la carpeta <strong>Mi selecci\u00f3n<\/strong>, podemos realizar las siguientes acciones:<\/p>\n<p><img decoding=\"async\" class=\"aligncenter\" src=\"https:\/\/lh3.googleusercontent.com\/-zGq8HpkNgV8\/UfJCksL90iI\/AAAAAAAAA4M\/cepIlWwO9n4\/w442-h268-no\/mi_seleccion_2.png\" \/><br \/>\nAl igual que se han a\u00f1adido pictogramas a la selecci\u00f3n podemos a\u00f1adir otros recursos como locuciones, fotograf\u00edas y v\u00eddeos en LSE, materiales, etc.<\/p>\n<table border=\"0\" align=\"center\">\n<tbody>\n<tr>\n<td><img decoding=\"async\" class=\"aligncenter\" src=\"https:\/\/lh4.googleusercontent.com\/-1I23Mwa57-c\/UiXKT9c7HbI\/AAAAAAAABKc\/DofX6Udchm4\/w168-h239-no\/mi_seleccion_%25C2%25B43.png\" \/><\/td>\n<td><img decoding=\"async\" class=\"aligncenter\" src=\"https:\/\/lh3.googleusercontent.com\/-c_Is7-XgQx0\/UiXKTYgppcI\/AAAAAAAABKg\/ERqIlmk1RYM\/w1044-h467-no\/mi_seleccion_3.png\" width=\"600\" \/><\/td>\n<\/tr>\n<\/tbody>\n<\/table>\n<p>Al a\u00f1adir a mi selecci\u00f3n elementos diferentes vemos que la vista previa cambia y que en ella podemos escuchar las locuciones, ver los v\u00eddeos en LSE, saber qu\u00e9 tipo de documentos hemos a\u00f1adido (PDF, Word, PPT, etc),&#8230;<\/p>\n<p><img decoding=\"async\" class=\"aligncenter\" src=\"https:\/\/lh5.googleusercontent.com\/-RahERm8kU2o\/UiXKT-W064I\/AAAAAAAABKk\/ddJIhOZGijA\/w1044-h314-no\/mi_seleccion_4.png\" width=\"800\" \/><\/p>\n<\/div>\n<\/div>\n<\/div>\n<\/div><\/section>\n<\/div><\/div><\/div><!-- close content main div --><\/div><\/div><div id='av-layout-grid-2'  class='av-layout-grid-container av-18kzea-b48db664bbfb7fcf50edd51918846998 entry-content-wrapper main_color av-flex-cells  avia-builder-el-8  el_after_av_textblock  avia-builder-el-last  grid-row-not-first  container_wrap fullsize'  >\n\n<style type=\"text\/css\" data-created_by=\"avia_inline_auto\" id=\"style-css-av-bgy336-41c01fda017789fc963372515b0951d9\">\n.flex_cell.av-bgy336-41c01fda017789fc963372515b0951d9{\nvertical-align:top;\n}\n.responsive #top #wrap_all .flex_cell.av-bgy336-41c01fda017789fc963372515b0951d9{\npadding:30px 30px 30px 30px !important;\n}\n<\/style>\n<div class='flex_cell av-bgy336-41c01fda017789fc963372515b0951d9 av-gridrow-cell av_one_fifth no_margin  avia-builder-el-9  el_before_av_cell_one_fifth  avia-builder-el-first ' ><div class='flex_cell_inner'><\/div><\/div>\n<style type=\"text\/css\" data-created_by=\"avia_inline_auto\" id=\"style-css-av-8vegiq-9973cd66b2396356c003587dc8e2b956\">\n.flex_cell.av-8vegiq-9973cd66b2396356c003587dc8e2b956{\nvertical-align:top;\n}\n.responsive #top #wrap_all .flex_cell.av-8vegiq-9973cd66b2396356c003587dc8e2b956{\npadding:30px 30px 30px 30px !important;\n}\n<\/style>\n<div class='flex_cell av-8vegiq-9973cd66b2396356c003587dc8e2b956 av-gridrow-cell av_one_fifth no_margin  avia-builder-el-10  el_after_av_cell_one_fifth  el_before_av_cell_one_fifth ' ><div class='flex_cell_inner'><\/div><\/div>\n<style type=\"text\/css\" data-created_by=\"avia_inline_auto\" id=\"style-css-av-7px6sy-21f55d89a8a10a7fb2bd3dc91db7fe20\">\n.flex_cell.av-7px6sy-21f55d89a8a10a7fb2bd3dc91db7fe20{\nvertical-align:top;\n}\n.responsive #top #wrap_all .flex_cell.av-7px6sy-21f55d89a8a10a7fb2bd3dc91db7fe20{\npadding:30px 30px 30px 30px !important;\n}\n<\/style>\n<div class='flex_cell av-7px6sy-21f55d89a8a10a7fb2bd3dc91db7fe20 av-gridrow-cell av_one_fifth no_margin  avia-builder-el-11  el_after_av_cell_one_fifth  el_before_av_cell_one_fifth ' ><div class='flex_cell_inner'>\n<style type=\"text\/css\" data-created_by=\"avia_inline_auto\" id=\"style-css-av-5iu6iq-37c2ae43593f9e5bc97a0e437007694f\">\n.avia-image-container.av-5iu6iq-37c2ae43593f9e5bc97a0e437007694f img.avia_image{\nbox-shadow:none;\n}\n.avia-image-container.av-5iu6iq-37c2ae43593f9e5bc97a0e437007694f .av-image-caption-overlay-center{\ncolor:#ffffff;\n}\n<\/style>\n<div  class='avia-image-container av-5iu6iq-37c2ae43593f9e5bc97a0e437007694f av-styling- avia-align-center  avia-builder-el-12  avia-builder-el-no-sibling '   itemprop=\"image\" itemscope=\"itemscope\" itemtype=\"https:\/\/schema.org\/ImageObject\" ><div class=\"avia-image-container-inner\"><div class=\"avia-image-overlay-wrap\"><a href=\"https:\/\/aulaabierta.arasaac.org\/de\/herramientas-online-arasaac\" class='avia_image' ><img decoding=\"async\" class='wp-image-96481 avia-img-lazy-loading-not-96481 avia_image ' src=\"https:\/\/aulaabierta.arasaac.org\/wp-content\/uploads\/2016\/12\/casa-80x80.png\" alt='' title='Inicio'  height=\"80\" width=\"80\"  itemprop=\"thumbnailUrl\" srcset=\"https:\/\/aulaabierta.arasaac.org\/wp-content\/uploads\/2016\/12\/casa-80x80.png 80w, https:\/\/aulaabierta.arasaac.org\/wp-content\/uploads\/2016\/12\/casa-300x300.png 300w, https:\/\/aulaabierta.arasaac.org\/wp-content\/uploads\/2016\/12\/casa-36x36.png 36w, https:\/\/aulaabierta.arasaac.org\/wp-content\/uploads\/2016\/12\/casa-180x180.png 180w, https:\/\/aulaabierta.arasaac.org\/wp-content\/uploads\/2016\/12\/casa-120x120.png 120w, https:\/\/aulaabierta.arasaac.org\/wp-content\/uploads\/2016\/12\/casa-450x450.png 450w, https:\/\/aulaabierta.arasaac.org\/wp-content\/uploads\/2016\/12\/casa.png 500w\" sizes=\"(max-width: 80px) 100vw, 80px\" \/><\/a><\/div><\/div><\/div>\n<\/div><\/div>\n<style type=\"text\/css\" data-created_by=\"avia_inline_auto\" id=\"style-css-av-3icvc2-718c74631216337690ad297926370b0f\">\n.flex_cell.av-3icvc2-718c74631216337690ad297926370b0f{\nvertical-align:top;\n}\n.responsive #top #wrap_all .flex_cell.av-3icvc2-718c74631216337690ad297926370b0f{\npadding:30px 30px 30px 30px !important;\n}\n<\/style>\n<div class='flex_cell av-3icvc2-718c74631216337690ad297926370b0f av-gridrow-cell av_one_fifth no_margin  avia-builder-el-13  el_after_av_cell_one_fifth  el_before_av_cell_one_fifth ' ><div class='flex_cell_inner'><\/div><\/div>\n<style type=\"text\/css\" data-created_by=\"avia_inline_auto\" id=\"style-css-av-28zur6-7d431b8b507891f9111ad7bc9459f241\">\n.flex_cell.av-28zur6-7d431b8b507891f9111ad7bc9459f241{\nvertical-align:top;\n}\n.responsive #top #wrap_all .flex_cell.av-28zur6-7d431b8b507891f9111ad7bc9459f241{\npadding:30px 30px 30px 30px !important;\n}\n<\/style>\n<div class='flex_cell av-28zur6-7d431b8b507891f9111ad7bc9459f241 av-gridrow-cell av_one_fifth no_margin  avia-builder-el-14  el_after_av_cell_one_fifth  avia-builder-el-last ' ><div class='flex_cell_inner'><\/div><\/div>\n<\/div>\n","protected":false},"excerpt":{"rendered":"","protected":false},"author":5,"featured_media":0,"parent":0,"menu_order":0,"comment_status":"closed","ping_status":"closed","template":"","meta":{"om_disable_all_campaigns":false,"_monsterinsights_skip_tracking":false,"_monsterinsights_sitenote_active":false,"_monsterinsights_sitenote_note":"","_monsterinsights_sitenote_category":0,"_uf_show_specific_survey":0,"_uf_disable_surveys":false,"footnotes":""},"class_list":["post-2098","page","type-page","status-publish","hentry"],"aioseo_notices":[],"_links":{"self":[{"href":"https:\/\/aulaabierta.arasaac.org\/de\/wp-json\/wp\/v2\/pages\/2098","targetHints":{"allow":["GET"]}}],"collection":[{"href":"https:\/\/aulaabierta.arasaac.org\/de\/wp-json\/wp\/v2\/pages"}],"about":[{"href":"https:\/\/aulaabierta.arasaac.org\/de\/wp-json\/wp\/v2\/types\/page"}],"author":[{"embeddable":true,"href":"https:\/\/aulaabierta.arasaac.org\/de\/wp-json\/wp\/v2\/users\/5"}],"replies":[{"embeddable":true,"href":"https:\/\/aulaabierta.arasaac.org\/de\/wp-json\/wp\/v2\/comments?post=2098"}],"version-history":[{"count":11,"href":"https:\/\/aulaabierta.arasaac.org\/de\/wp-json\/wp\/v2\/pages\/2098\/revisions"}],"predecessor-version":[{"id":152057,"href":"https:\/\/aulaabierta.arasaac.org\/de\/wp-json\/wp\/v2\/pages\/2098\/revisions\/152057"}],"wp:attachment":[{"href":"https:\/\/aulaabierta.arasaac.org\/de\/wp-json\/wp\/v2\/media?parent=2098"}],"curies":[{"name":"wp","href":"https:\/\/api.w.org\/{rel}","templated":true}]}}