{"id":2108,"date":"2017-01-13T19:52:28","date_gmt":"2017-01-13T19:52:28","guid":{"rendered":"http:\/\/aulaabierta.arasaac.org\/?page_id=2108"},"modified":"2021-12-16T19:05:53","modified_gmt":"2021-12-16T18:05:53","slug":"herramientas-online-carpeta-de-trabajo","status":"publish","type":"page","link":"https:\/\/aulaabierta.arasaac.org\/de\/herramientas-online-carpeta-de-trabajo","title":{"rendered":"Herramientas Online &#8211; Carpeta de Trabajo"},"content":{"rendered":"<div id='av-layout-grid-1'  class='av-layout-grid-container av-o70csc-9eda9296035c53daba8277ee00052ace entry-content-wrapper alternate_color av-border-cells av-flex-cells  avia-builder-el-0  el_before_av_textblock  avia-builder-el-first   container_wrap fullsize'  >\n\n<style type=\"text\/css\" data-created_by=\"avia_inline_auto\" id=\"style-css-av-mlalek-70868c5923461dd43341f0b2db962330\">\n.flex_cell.av-mlalek-70868c5923461dd43341f0b2db962330{\nvertical-align:top;\n}\n.responsive #top #wrap_all .flex_cell.av-mlalek-70868c5923461dd43341f0b2db962330{\npadding:30px 30px 30px 30px !important;\n}\n<\/style>\n<div class='flex_cell av-mlalek-70868c5923461dd43341f0b2db962330 av-gridrow-cell av_one_fifth no_margin  avia-builder-el-1  el_before_av_cell_four_fifth  avia-builder-el-first ' ><div class='flex_cell_inner'>\n<style type=\"text\/css\" data-created_by=\"avia_inline_auto\" id=\"style-css-av-kzz6zw-1c3a40a6c98446bb20650632d2bb0f52\">\n.avia-image-container.av-kzz6zw-1c3a40a6c98446bb20650632d2bb0f52 img.avia_image{\nbox-shadow:none;\n}\n.avia-image-container.av-kzz6zw-1c3a40a6c98446bb20650632d2bb0f52 .av-image-caption-overlay-center{\ncolor:#ffffff;\n}\n<\/style>\n<div  class='avia-image-container av-kzz6zw-1c3a40a6c98446bb20650632d2bb0f52 av-styling- avia-align-center  avia-builder-el-2  avia-builder-el-no-sibling '   itemprop=\"image\" itemscope=\"itemscope\" itemtype=\"https:\/\/schema.org\/ImageObject\" ><div class=\"avia-image-container-inner\"><div class=\"avia-image-overlay-wrap\"><a href=\"https:\/\/aulaabierta.arasaac.org\/de\/herramientas-online-arasaac\" class='avia_image' ><img decoding=\"async\" class='wp-image-96750 avia-img-lazy-loading-not-96750 avia_image ' src=\"https:\/\/aulaabierta.arasaac.org\/wp-content\/uploads\/2017\/01\/web-180x180.png\" alt='' title='web'  height=\"180\" width=\"180\"  itemprop=\"thumbnailUrl\" srcset=\"https:\/\/aulaabierta.arasaac.org\/wp-content\/uploads\/2017\/01\/web-180x180.png 180w, https:\/\/aulaabierta.arasaac.org\/wp-content\/uploads\/2017\/01\/web-80x80.png 80w, https:\/\/aulaabierta.arasaac.org\/wp-content\/uploads\/2017\/01\/web-300x300.png 300w, https:\/\/aulaabierta.arasaac.org\/wp-content\/uploads\/2017\/01\/web-36x36.png 36w, https:\/\/aulaabierta.arasaac.org\/wp-content\/uploads\/2017\/01\/web-120x120.png 120w, https:\/\/aulaabierta.arasaac.org\/wp-content\/uploads\/2017\/01\/web-450x450.png 450w, https:\/\/aulaabierta.arasaac.org\/wp-content\/uploads\/2017\/01\/web.png 500w\" sizes=\"(max-width: 180px) 100vw, 180px\" \/><\/a><\/div><\/div><\/div>\n<\/div><\/div>\n<style type=\"text\/css\" data-created_by=\"avia_inline_auto\" id=\"style-css-av-is7yss-062f846d9ff6a70bb3bca415347ae3b3\">\n.flex_cell.av-is7yss-062f846d9ff6a70bb3bca415347ae3b3{\nvertical-align:middle;\n}\n.responsive #top #wrap_all .flex_cell.av-is7yss-062f846d9ff6a70bb3bca415347ae3b3{\npadding:30px 30px 30px 30px !important;\n}\n<\/style>\n<div class='flex_cell av-is7yss-062f846d9ff6a70bb3bca415347ae3b3 av-gridrow-cell av_four_fifth no_margin  avia-builder-el-3  el_after_av_cell_one_fifth  avia-builder-el-last ' ><div class='flex_cell_inner'>\n<style type=\"text\/css\" data-created_by=\"avia_inline_auto\" id=\"style-css-av-i5c2b0-2cdfc7358b43032134b4bc8beef75b29\">\n#top .av-special-heading.av-i5c2b0-2cdfc7358b43032134b4bc8beef75b29{\npadding-bottom:0;\n}\nbody .av-special-heading.av-i5c2b0-2cdfc7358b43032134b4bc8beef75b29 .av-special-heading-tag .heading-char{\nfont-size:25px;\n}\n.av-special-heading.av-i5c2b0-2cdfc7358b43032134b4bc8beef75b29 .av-subheading{\nfont-size:15px;\n}\n<\/style>\n<div  class='av-special-heading av-i5c2b0-2cdfc7358b43032134b4bc8beef75b29 av-special-heading-h1  avia-builder-el-4  avia-builder-el-no-sibling '><h1 class='av-special-heading-tag'  itemprop=\"headline\"  >CARPETA DE TRABAJO<\/h1><div class=\"special-heading-border\"><div class=\"special-heading-inner-border\"><\/div><\/div><\/div>\n<\/div><\/div>\n<\/div><div id='after_grid_row_1'  class='main_color av_default_container_wrap container_wrap fullsize'  ><div class='container av-section-cont-open' ><div class='template-page content  av-content-full alpha units'><div class='post-entry post-entry-type-page post-entry-2108'><div class='entry-content-wrapper clearfix'>\n<section  class='av_textblock_section av-fd2o18-58cfd6535cfde4012d04843c02d6fe98'  itemscope=\"itemscope\" itemtype=\"https:\/\/schema.org\/CreativeWork\" ><div class='avia_textblock'  itemprop=\"text\" ><h6 style=\"text-align: center;\"><img loading=\"lazy\" decoding=\"async\" class=\"aligncenter size-full wp-image-932\" src=\"https:\/\/aulaabierta.arasaac.org\/wp-content\/uploads\/2016\/12\/by-nc-sa.eu_petit.png\" alt=\"\" width=\"118\" height=\"41\" \/>Este obra est\u00e1 bajo una <a href=\"http:\/\/creativecommons.org\/licenses\/by-nc-sa\/4.0\/\" rel=\"license\">licencia de Creative Commons Reconocimiento-NoComercial-CompartirIgual 4.0 Internacional<\/a>.<\/h6>\n<hr \/>\n<\/div><\/section>\n\n<style type=\"text\/css\" data-created_by=\"avia_inline_auto\" id=\"style-css-av-e4qqbw-531ad480ea0f6476984d106e60609714\">\n#top .av_textblock_section.av-e4qqbw-531ad480ea0f6476984d106e60609714 .avia_textblock{\nfont-size:16px;\n}\n<\/style>\n<section  class='av_textblock_section av-e4qqbw-531ad480ea0f6476984d106e60609714'  itemscope=\"itemscope\" itemtype=\"https:\/\/schema.org\/CreativeWork\" ><div class='avia_textblock'  itemprop=\"text\" ><p>Si adem\u00e1s de los pictogramas e im\u00e1genes de ARASAAC queremos utilizar nuestras propias im\u00e1genes\u00a0en las diferentes herramientas online del portal (menos en el Creador de Frases) deberemos recurrir a la <strong>&#8222;Carpeta de trabajo&#8220;<\/strong> o al bot\u00f3n\u00a0<strong>&#8222;Subir archivos a mi carpeta de trabajo&#8220; <\/strong>disponible en las diferentes herramientas.<\/p>\n<p>Podemos desglosar el funcionamiento de la herramienta en diferentes pasos dependiendo de si accedemos desde la p\u00e1gina &#8222;<strong><a href=\"http:\/\/antiguo.arasaac.org\/herramientas.php\" target=\"_blank\" rel=\"noopener\">Herramientas online<\/a><\/strong>&#8220; o desde cada una de las herramientas.<\/p>\n<h3>ACCESO DESDE HERRAMIENTAS ONLINE<\/h3>\n<p><strong>PASO 1:<\/strong> Desde la p\u00e1gina\u00a0&#8222;<strong><a href=\"http:\/\/antiguo.arasaac.org\/herramientas.php\" target=\"_blank\" rel=\"noopener\">Herramientas online<\/a><\/strong>&#8220; del portal pulsamos sobre la opci\u00f3n <a href=\"http:\/\/antiguo.arasaac.org\/carpeta_trabajo.php\" target=\"_blank\" rel=\"noopener\"><strong>Carpeta de trabajo<\/strong><\/a>.<\/p>\n<p><img decoding=\"async\" class=\"aligncenter\" src=\"https:\/\/lh3.googleusercontent.com\/-0EBuKOQiNJs\/UiXMDuwF7vI\/AAAAAAAABK4\/3bNsijwwZE4\/w1044-h455-no\/carpeta_trabajo.png\" width=\"800\" \/><\/p>\n<p><strong>PASO 2:<\/strong>\u00a0Una vez dentro, pulsamos en &#8222;Seleccionar archivo&#8220;.<\/p>\n<p><img decoding=\"async\" class=\"aligncenter\" src=\"https:\/\/lh3.googleusercontent.com\/-wP7KKlgW81Q\/UiXPMfMl29I\/AAAAAAAABLQ\/iojQyaTvVpc\/w1043-h462-no\/carpeta_trabajo_1.png\" width=\"800\" \/><\/p>\n<p><strong>PASO 3:<\/strong> En la venta emergente que se abre seleccionamos de nuestro disco duro la imagen a importar y pulsamos en Abrir.<\/p>\n<p><img decoding=\"async\" class=\"aligncenter\" src=\"https:\/\/lh5.googleusercontent.com\/-OpNQmrH3B6w\/UiXPMr94v7I\/AAAAAAAABLY\/3OZHTRj5s9c\/w1044-h463-no\/carpeta_trabajo_2.png\" width=\"800\" \/><\/p>\n<p><strong>PASO 4:<\/strong> De regreso a la pantalla inicial pulsamos en &#8222;Subir archivo&#8220;.<\/p>\n<p><img decoding=\"async\" class=\"aligncenter\" src=\"https:\/\/lh6.googleusercontent.com\/-ChdNpu_oD9U\/UiXPMuluF2I\/AAAAAAAABLk\/ljsftttO4Es\/w1044-h459-no\/carpeta_trabajo_3.png\" width=\"800\" \/><\/p>\n<p><strong>PASO 5:<\/strong> Finalmente nuestra imagen ya est\u00e1 importada y lista para ser utilizada en cualquiera de las herramientas online de ARASAAC (salvo el creador de Frases).<\/p>\n<p><img decoding=\"async\" class=\"aligncenter\" src=\"https:\/\/lh3.googleusercontent.com\/-JIWYEKbWlDc\/UiXPM06SLWI\/AAAAAAAABLg\/V-kszn9n1ME\/w1044-h457-no\/carpeta_trabajo_4.png\" width=\"800\" \/><\/p>\n<h3>ACCESO DESDE CADA UNA DE LAS HERRAMIENTAS<\/h3>\n<p>Una vez hayamos pulsado nos aparecer\u00e1 una nueva ventana en la que deberemos seleccionar el archivo de imagen a subir.<\/p>\n<p><img loading=\"lazy\" decoding=\"async\" class=\"aligncenter\" src=\"https:\/\/lh3.googleusercontent.com\/-qTcavmHIn6A\/UfI8v8K9URI\/AAAAAAAAA3Y\/_CmKyxEVoEk\/w1043-h469-no\/carpeta_trabajo_5.JPG\" width=\"800\" height=\"360\" \/><\/p>\n<p>Es importante leer las indicaciones que se nos da:<\/p>\n<p><em>\u201cAdem\u00e1s de los pictogramas y fotograf\u00edas que ofrece ARASAAC, puede subir sus propios archivos de imagen para utilizarlos, posteriormente, con nuestras herramientas. Los archivos gr\u00e1ficos (<strong>jpg, png, gif<\/strong>) pueden ser subidos de forma <strong>individual<\/strong> o de forma <strong>masiva<\/strong>. Para la subida masiva de archivos al cesto debe comprimir las im\u00e1genes en un <strong>ZIP<\/strong> y subir el archivo. El tama\u00f1o m\u00e1ximo por archivo es de 2MB. Los archivos son almacenados en una carpeta temporal que es borrada una vez finalice la sesi\u00f3n en el navegador.\u201d<\/em><\/p>\n<p>Una vez le\u00eddas, pulsamos en <strong>\u201cSeleccionar archivo\u201d.<\/strong><\/p>\n<p><img loading=\"lazy\" decoding=\"async\" class=\"aligncenter\" src=\"https:\/\/lh4.googleusercontent.com\/-S9q-J8RdZwE\/UfI8wnaO0yI\/AAAAAAAAA3k\/N9msg3ceLhI\/w1044-h465-no\/carpeta_trabajo_6.JPG\" width=\"800\" height=\"356\" \/><\/p>\n<p>Una vez escogida la imagen del disco duro se pulsa en <strong>\u201cAbrir\u201d.<\/strong>\u00a0 Una vez de regreso en la ventana anterior, hacemos clic en <strong>\u201cSubir archivo\u201d<\/strong>.\u00a0Una vez subido el archivo recibiremos un mensaje de informaci\u00f3n diciendo si el proceso ha sido correcto o ha surgido alg\u00fan problema.<\/p>\n<p><img loading=\"lazy\" decoding=\"async\" class=\"aligncenter\" src=\"https:\/\/lh6.googleusercontent.com\/-qiclayZRCRk\/UfI8wtqMqDI\/AAAAAAAAA3g\/bihhxTCwKd0\/w1044-h467-no\/carpeta_trabajo_7.JPG\" width=\"800\" height=\"358\" \/><\/p>\n<p>Completada la importaci\u00f3n la imagen \u00e9sta pasa a estar disponible para su uso en la herramienta que se est\u00e9 utilizando.<\/p>\n<\/div><\/section>\n<\/div><\/div><\/div><!-- close content main div --><\/div><\/div><div id='av-layout-grid-2'  class='av-layout-grid-container av-17mou4-9296155e1fd740a1eb85cc092cbd8f3d entry-content-wrapper main_color av-flex-cells  avia-builder-el-7  el_after_av_textblock  avia-builder-el-last  grid-row-not-first  container_wrap fullsize'  >\n\n<style type=\"text\/css\" data-created_by=\"avia_inline_auto\" id=\"style-css-av-aegeu4-e86f66c01ce1b8902ed6bcc5e560d883\">\n.flex_cell.av-aegeu4-e86f66c01ce1b8902ed6bcc5e560d883{\nvertical-align:top;\n}\n.responsive #top #wrap_all .flex_cell.av-aegeu4-e86f66c01ce1b8902ed6bcc5e560d883{\npadding:30px 30px 30px 30px !important;\n}\n<\/style>\n<div class='flex_cell av-aegeu4-e86f66c01ce1b8902ed6bcc5e560d883 av-gridrow-cell av_one_fifth no_margin  avia-builder-el-8  el_before_av_cell_one_fifth  avia-builder-el-first ' ><div class='flex_cell_inner'><\/div><\/div>\n<style type=\"text\/css\" data-created_by=\"avia_inline_auto\" id=\"style-css-av-9a5sm4-938d72e4c120226ab6e31552e9f4c442\">\n.flex_cell.av-9a5sm4-938d72e4c120226ab6e31552e9f4c442{\nvertical-align:top;\n}\n.responsive #top #wrap_all .flex_cell.av-9a5sm4-938d72e4c120226ab6e31552e9f4c442{\npadding:30px 30px 30px 30px !important;\n}\n<\/style>\n<div class='flex_cell av-9a5sm4-938d72e4c120226ab6e31552e9f4c442 av-gridrow-cell av_one_fifth no_margin  avia-builder-el-9  el_after_av_cell_one_fifth  el_before_av_cell_one_fifth ' ><div class='flex_cell_inner'><\/div><\/div>\n<style type=\"text\/css\" data-created_by=\"avia_inline_auto\" id=\"style-css-av-856j1o-54a7d4ad595cabe35304a7f541ba4d27\">\n.flex_cell.av-856j1o-54a7d4ad595cabe35304a7f541ba4d27{\nvertical-align:top;\n}\n.responsive #top #wrap_all .flex_cell.av-856j1o-54a7d4ad595cabe35304a7f541ba4d27{\npadding:30px 30px 30px 30px !important;\n}\n<\/style>\n<div class='flex_cell av-856j1o-54a7d4ad595cabe35304a7f541ba4d27 av-gridrow-cell av_one_fifth no_margin  avia-builder-el-10  el_after_av_cell_one_fifth  el_before_av_cell_one_fifth ' ><div class='flex_cell_inner'>\n<style type=\"text\/css\" data-created_by=\"avia_inline_auto\" id=\"style-css-av-5ui29o-644ef2b31f31c44523907e0e0256df89\">\n.avia-image-container.av-5ui29o-644ef2b31f31c44523907e0e0256df89 img.avia_image{\nbox-shadow:none;\n}\n.avia-image-container.av-5ui29o-644ef2b31f31c44523907e0e0256df89 .av-image-caption-overlay-center{\ncolor:#ffffff;\n}\n<\/style>\n<div  class='avia-image-container av-5ui29o-644ef2b31f31c44523907e0e0256df89 av-styling- avia-align-center  avia-builder-el-11  avia-builder-el-no-sibling '   itemprop=\"image\" itemscope=\"itemscope\" itemtype=\"https:\/\/schema.org\/ImageObject\" ><div class=\"avia-image-container-inner\"><div class=\"avia-image-overlay-wrap\"><a href=\"https:\/\/aulaabierta.arasaac.org\/de\/herramientas-online-arasaac\" class='avia_image' ><img decoding=\"async\" class='wp-image-96481 avia-img-lazy-loading-not-96481 avia_image ' src=\"https:\/\/aulaabierta.arasaac.org\/wp-content\/uploads\/2016\/12\/casa-80x80.png\" alt='' title='Inicio'  height=\"80\" width=\"80\"  itemprop=\"thumbnailUrl\" srcset=\"https:\/\/aulaabierta.arasaac.org\/wp-content\/uploads\/2016\/12\/casa-80x80.png 80w, https:\/\/aulaabierta.arasaac.org\/wp-content\/uploads\/2016\/12\/casa-300x300.png 300w, https:\/\/aulaabierta.arasaac.org\/wp-content\/uploads\/2016\/12\/casa-36x36.png 36w, https:\/\/aulaabierta.arasaac.org\/wp-content\/uploads\/2016\/12\/casa-180x180.png 180w, https:\/\/aulaabierta.arasaac.org\/wp-content\/uploads\/2016\/12\/casa-120x120.png 120w, https:\/\/aulaabierta.arasaac.org\/wp-content\/uploads\/2016\/12\/casa-450x450.png 450w, https:\/\/aulaabierta.arasaac.org\/wp-content\/uploads\/2016\/12\/casa.png 500w\" sizes=\"(max-width: 80px) 100vw, 80px\" \/><\/a><\/div><\/div><\/div>\n<\/div><\/div>\n<style type=\"text\/css\" data-created_by=\"avia_inline_auto\" id=\"style-css-av-3zhq4s-d2ceef8a608c14623d49ac7aebba19de\">\n.flex_cell.av-3zhq4s-d2ceef8a608c14623d49ac7aebba19de{\nvertical-align:top;\n}\n.responsive #top #wrap_all .flex_cell.av-3zhq4s-d2ceef8a608c14623d49ac7aebba19de{\npadding:30px 30px 30px 30px !important;\n}\n<\/style>\n<div class='flex_cell av-3zhq4s-d2ceef8a608c14623d49ac7aebba19de av-gridrow-cell av_one_fifth no_margin  avia-builder-el-12  el_after_av_cell_one_fifth  el_before_av_cell_one_fifth ' ><div class='flex_cell_inner'><\/div><\/div>\n<style type=\"text\/css\" data-created_by=\"avia_inline_auto\" id=\"style-css-av-28q7jg-4760cc9f84ba7a5e743a96aed23d031c\">\n.flex_cell.av-28q7jg-4760cc9f84ba7a5e743a96aed23d031c{\nvertical-align:top;\n}\n.responsive #top #wrap_all .flex_cell.av-28q7jg-4760cc9f84ba7a5e743a96aed23d031c{\npadding:30px 30px 30px 30px !important;\n}\n<\/style>\n<div class='flex_cell av-28q7jg-4760cc9f84ba7a5e743a96aed23d031c av-gridrow-cell av_one_fifth no_margin  avia-builder-el-13  el_after_av_cell_one_fifth  avia-builder-el-last ' ><div class='flex_cell_inner'><\/div><\/div>\n<\/div>\n","protected":false},"excerpt":{"rendered":"","protected":false},"author":5,"featured_media":0,"parent":0,"menu_order":0,"comment_status":"closed","ping_status":"closed","template":"","meta":{"om_disable_all_campaigns":false,"_monsterinsights_skip_tracking":false,"_monsterinsights_sitenote_active":false,"_monsterinsights_sitenote_note":"","_monsterinsights_sitenote_category":0,"_uf_show_specific_survey":0,"_uf_disable_surveys":false,"footnotes":""},"class_list":["post-2108","page","type-page","status-publish","hentry"],"aioseo_notices":[],"_links":{"self":[{"href":"https:\/\/aulaabierta.arasaac.org\/de\/wp-json\/wp\/v2\/pages\/2108","targetHints":{"allow":["GET"]}}],"collection":[{"href":"https:\/\/aulaabierta.arasaac.org\/de\/wp-json\/wp\/v2\/pages"}],"about":[{"href":"https:\/\/aulaabierta.arasaac.org\/de\/wp-json\/wp\/v2\/types\/page"}],"author":[{"embeddable":true,"href":"https:\/\/aulaabierta.arasaac.org\/de\/wp-json\/wp\/v2\/users\/5"}],"replies":[{"embeddable":true,"href":"https:\/\/aulaabierta.arasaac.org\/de\/wp-json\/wp\/v2\/comments?post=2108"}],"version-history":[{"count":6,"href":"https:\/\/aulaabierta.arasaac.org\/de\/wp-json\/wp\/v2\/pages\/2108\/revisions"}],"predecessor-version":[{"id":77548,"href":"https:\/\/aulaabierta.arasaac.org\/de\/wp-json\/wp\/v2\/pages\/2108\/revisions\/77548"}],"wp:attachment":[{"href":"https:\/\/aulaabierta.arasaac.org\/de\/wp-json\/wp\/v2\/media?parent=2108"}],"curies":[{"name":"wp","href":"https:\/\/api.w.org\/{rel}","templated":true}]}}