{"id":2129,"date":"2017-01-13T21:45:55","date_gmt":"2017-01-13T21:45:55","guid":{"rendered":"http:\/\/aulaabierta.arasaac.org\/?page_id=2129"},"modified":"2026-02-05T18:28:21","modified_gmt":"2026-02-05T17:28:21","slug":"herramientas-online-creador-de-horarios","status":"publish","type":"page","link":"https:\/\/aulaabierta.arasaac.org\/de\/herramientas-online-creador-de-horarios","title":{"rendered":"Herramientas Online &#8211; Creador de Horarios"},"content":{"rendered":"<div id='av-layout-grid-1'  class='av-layout-grid-container av-seytj5-88baa231797cd307121bb1b4b99ac16f entry-content-wrapper alternate_color av-border-cells av-flex-cells  avia-builder-el-0  el_before_av_textblock  avia-builder-el-first   container_wrap fullsize'  >\n\n<style type=\"text\/css\" data-created_by=\"avia_inline_auto\" id=\"style-css-av-rrn21t-e4eb647e560f536f4ac190cc37ced7a2\">\n.flex_cell.av-rrn21t-e4eb647e560f536f4ac190cc37ced7a2{\nvertical-align:top;\n}\n.responsive #top #wrap_all .flex_cell.av-rrn21t-e4eb647e560f536f4ac190cc37ced7a2{\npadding:30px 30px 30px 30px !important;\n}\n<\/style>\n<div class='flex_cell av-rrn21t-e4eb647e560f536f4ac190cc37ced7a2 av-gridrow-cell av_one_fifth no_margin  avia-builder-el-1  el_before_av_cell_three_fifth  avia-builder-el-first ' ><div class='flex_cell_inner'>\n<style type=\"text\/css\" data-created_by=\"avia_inline_auto\" id=\"style-css-av-posvb5-ff6b51329ccc9ec59b990455c228419d\">\n.avia-image-container.av-posvb5-ff6b51329ccc9ec59b990455c228419d img.avia_image{\nbox-shadow:none;\n}\n.avia-image-container.av-posvb5-ff6b51329ccc9ec59b990455c228419d .av-image-caption-overlay-center{\ncolor:#ffffff;\n}\n<\/style>\n<div  class='avia-image-container av-posvb5-ff6b51329ccc9ec59b990455c228419d av-styling- avia-align-center  avia-builder-el-2  avia-builder-el-no-sibling '   itemprop=\"image\" itemscope=\"itemscope\" itemtype=\"https:\/\/schema.org\/ImageObject\" ><div class=\"avia-image-container-inner\"><div class=\"avia-image-overlay-wrap\"><a href=\"https:\/\/aulaabierta.arasaac.org\/de\/herramientas-online-arasaac\" class='avia_image' ><img decoding=\"async\" class='wp-image-96750 avia-img-lazy-loading-not-96750 avia_image ' src=\"https:\/\/aulaabierta.arasaac.org\/wp-content\/uploads\/2017\/01\/web-180x180.png\" alt='' title='web'  height=\"180\" width=\"180\"  itemprop=\"thumbnailUrl\" srcset=\"https:\/\/aulaabierta.arasaac.org\/wp-content\/uploads\/2017\/01\/web-180x180.png 180w, https:\/\/aulaabierta.arasaac.org\/wp-content\/uploads\/2017\/01\/web-80x80.png 80w, https:\/\/aulaabierta.arasaac.org\/wp-content\/uploads\/2017\/01\/web-300x300.png 300w, https:\/\/aulaabierta.arasaac.org\/wp-content\/uploads\/2017\/01\/web-36x36.png 36w, https:\/\/aulaabierta.arasaac.org\/wp-content\/uploads\/2017\/01\/web-120x120.png 120w, https:\/\/aulaabierta.arasaac.org\/wp-content\/uploads\/2017\/01\/web-450x450.png 450w, https:\/\/aulaabierta.arasaac.org\/wp-content\/uploads\/2017\/01\/web.png 500w\" sizes=\"(max-width: 180px) 100vw, 180px\" \/><\/a><\/div><\/div><\/div>\n<\/div><\/div>\n<style type=\"text\/css\" data-created_by=\"avia_inline_auto\" id=\"style-css-av-ose8up-c64f1ee0a75cc9b2f15eeb31f6df9c01\">\n.flex_cell.av-ose8up-c64f1ee0a75cc9b2f15eeb31f6df9c01{\nvertical-align:middle;\n}\n.responsive #top #wrap_all .flex_cell.av-ose8up-c64f1ee0a75cc9b2f15eeb31f6df9c01{\npadding:30px 30px 30px 30px !important;\n}\n<\/style>\n<div class='flex_cell av-ose8up-c64f1ee0a75cc9b2f15eeb31f6df9c01 av-gridrow-cell av_three_fifth no_margin  avia-builder-el-3  el_after_av_cell_one_fifth  el_before_av_cell_one_fifth ' ><div class='flex_cell_inner'>\n<style type=\"text\/css\" data-created_by=\"avia_inline_auto\" id=\"style-css-av-av_heading-d0139aab49da7b36d99f730997e77da2\">\n#top .av-special-heading.av-av_heading-d0139aab49da7b36d99f730997e77da2{\npadding-bottom:0;\n}\nbody .av-special-heading.av-av_heading-d0139aab49da7b36d99f730997e77da2 .av-special-heading-tag .heading-char{\nfont-size:25px;\n}\n.av-special-heading.av-av_heading-d0139aab49da7b36d99f730997e77da2 .av-subheading{\nfont-size:15px;\n}\n<\/style>\n<div  class='av-special-heading av-av_heading-d0139aab49da7b36d99f730997e77da2 av-special-heading-h1  avia-builder-el-4  avia-builder-el-no-sibling '><h1 class='av-special-heading-tag'  itemprop=\"headline\"  >CREADOR DE HORARIOS<\/h1><div class=\"special-heading-border\"><div class=\"special-heading-inner-border\"><\/div><\/div><\/div>\n<\/div><\/div>\n<style type=\"text\/css\" data-created_by=\"avia_inline_auto\" id=\"style-css-av-kxk6ap-f3e33e24c95b01829dac7c41a5ed133e\">\n.flex_cell.av-kxk6ap-f3e33e24c95b01829dac7c41a5ed133e{\nvertical-align:top;\n}\n.responsive #top #wrap_all .flex_cell.av-kxk6ap-f3e33e24c95b01829dac7c41a5ed133e{\npadding:30px 30px 30px 30px !important;\n}\n<\/style>\n<div class='flex_cell av-kxk6ap-f3e33e24c95b01829dac7c41a5ed133e av-gridrow-cell av_one_fifth no_margin  avia-builder-el-5  el_after_av_cell_three_fifth  avia-builder-el-last ' ><div class='flex_cell_inner'><p>\n<style type=\"text\/css\" data-created_by=\"avia_inline_auto\" id=\"style-css-av-ih35sx-2c94b2a57eeb211ac4bb126bc28b9d92\">\n.avia-image-container.av-ih35sx-2c94b2a57eeb211ac4bb126bc28b9d92 img.avia_image{\nbox-shadow:none;\n}\n.avia-image-container.av-ih35sx-2c94b2a57eeb211ac4bb126bc28b9d92 .av-image-caption-overlay-center{\ncolor:#ffffff;\n}\n<\/style>\n<div  class='avia-image-container av-ih35sx-2c94b2a57eeb211ac4bb126bc28b9d92 av-styling- avia-align-center  avia-builder-el-6  el_before_av_textblock  avia-builder-el-first '   itemprop=\"image\" itemscope=\"itemscope\" itemtype=\"https:\/\/schema.org\/ImageObject\" ><div class=\"avia-image-container-inner\"><div class=\"avia-image-overlay-wrap\"><a href=\"http:\/\/antiguo.arasaac.org\/zona_descargas\/documentacion\/manual_generador_horarios_es.pdf\" class='avia_image' target=\"_blank\" rel=\"noopener noreferrer\"><img decoding=\"async\" class='wp-image-96751 avia-img-lazy-loading-not-96751 avia_image ' src=\"https:\/\/aulaabierta.arasaac.org\/wp-content\/uploads\/2017\/01\/pdf_download.png\" alt='' title='pdf_download'  height=\"128\" width=\"128\"  itemprop=\"thumbnailUrl\" srcset=\"https:\/\/aulaabierta.arasaac.org\/wp-content\/uploads\/2017\/01\/pdf_download.png 128w, https:\/\/aulaabierta.arasaac.org\/wp-content\/uploads\/2017\/01\/pdf_download-80x80.png 80w, https:\/\/aulaabierta.arasaac.org\/wp-content\/uploads\/2017\/01\/pdf_download-36x36.png 36w, https:\/\/aulaabierta.arasaac.org\/wp-content\/uploads\/2017\/01\/pdf_download-120x120.png 120w\" sizes=\"(max-width: 128px) 100vw, 128px\" \/><\/a><\/div><\/div><\/div><br \/>\n<section  class='av_textblock_section av-gtcb8x-93d6b741fe81edfbec9697ed476f36bb'  itemscope=\"itemscope\" itemtype=\"https:\/\/schema.org\/CreativeWork\" ><div class='avia_textblock'  itemprop=\"text\" ><h4 style=\"text-align: center;\"><a href=\"http:\/\/antiguo.arasaac.org\/zona_descargas\/documentacion\/manual_generador_horarios_es.pdf\" target=\"_blank\" rel=\"noopener\"><strong>DESCARGAR MANUAL<\/strong><\/a><\/h4>\n<\/div><\/section><\/p>\n<\/div><\/div>\n<\/div><div id='after_grid_row_1'  class='main_color av_default_container_wrap container_wrap fullsize'  ><div class='container av-section-cont-open' ><div class='template-page content  av-content-full alpha units'><div class='post-entry post-entry-type-page post-entry-2129'><div class='entry-content-wrapper clearfix'>\n<section  class='av_textblock_section av-fko5q9-4fc1e7c03e1fdcae66af2722585f9394'  itemscope=\"itemscope\" itemtype=\"https:\/\/schema.org\/CreativeWork\" ><div class='avia_textblock'  itemprop=\"text\" ><h6 style=\"text-align: center;\"><img loading=\"lazy\" decoding=\"async\" class=\"aligncenter size-full wp-image-932\" src=\"https:\/\/aulaabierta.arasaac.org\/wp-content\/uploads\/2016\/12\/by-nc-sa.eu_petit.png\" alt=\"\" width=\"118\" height=\"41\" \/>Este obra est\u00e1 bajo una <a href=\"http:\/\/creativecommons.org\/licenses\/by-nc-sa\/4.0\/\" rel=\"license\">licencia de Creative Commons Reconocimiento-NoComercial-CompartirIgual 4.0 Internacional<\/a>.<\/h6>\n<hr \/>\n<\/div><\/section>\n<div  class='avia-button-wrap av-av_button-8ede1f2d438aa25df344dda6ce840d99-wrap avia-button-center  avia-builder-el-9  el_after_av_textblock  el_before_av_textblock '>\n<style type=\"text\/css\" data-created_by=\"avia_inline_auto\" id=\"style-css-av-av_button-8ede1f2d438aa25df344dda6ce840d99\">\n#top #wrap_all .avia-button.av-av_button-8ede1f2d438aa25df344dda6ce840d99{\nfont-size:16px;\n-webkit-transition:all 0.4s ease-in-out;\n-moz-transition:all 0.4s ease-in-out;\n-ms-transition:all 0.4s ease-in-out;\n-o-transition:all 0.4s ease-in-out;\ntransition:all 0.4s ease-in-out;\n}\n<\/style>\n<a href='https:\/\/antiguo.arasaac.org\/herramientas.php' class='avia-button av-av_button-8ede1f2d438aa25df344dda6ce840d99 avia-icon_select-yes-left-icon avia-size-large avia-position-center avia-color-theme-color' target=\"_blank\" rel=\"noopener noreferrer\"><span class='avia_button_icon avia_button_icon_left' aria-hidden='true' data-av_icon='\ue8b1' data-av_iconfont='entypo-fontello'><\/span><span class='avia_iconbox_title' >ACCEDER<\/span><\/a><\/div>\n\n<style type=\"text\/css\" data-created_by=\"avia_inline_auto\" id=\"style-css-av-dnc8c1-b672693a1a95195c3eca39c1e74581f5\">\n#top .av_textblock_section.av-dnc8c1-b672693a1a95195c3eca39c1e74581f5 .avia_textblock{\nfont-size:16px;\n}\n<\/style>\n<section  class='av_textblock_section av-dnc8c1-b672693a1a95195c3eca39c1e74581f5'  itemscope=\"itemscope\" itemtype=\"https:\/\/schema.org\/CreativeWork\" ><div class='avia_textblock'  itemprop=\"text\" ><p>El <strong>Generador de horarios\u00a0<\/strong>facilita la creaci\u00f3n y elaboraci\u00f3n de <strong>horarios personalizados<\/strong> que ayuden a nuestros alumnos a situarse temporalmente a lo largo de un periodo de tiempo, pudiendo establecer las actividades o <strong>rutinas<\/strong> adecuadas para cada momento.<\/p>\n<p>De esta forma, la herramienta ofrece una doble vertiente: la elaboraci\u00f3n de <strong>horarios<\/strong> y la elaboraci\u00f3n de <strong>rutinas<\/strong>.<\/p>\n<p>El creador de Horarios al igual que el Creador de Tableros y el de Calendarios exporta el material creador a <a href=\"http:\/\/es.wikipedia.org\/wiki\/RTF\" target=\"_blank\" rel=\"noopener\"><strong>formato RTF<\/strong><\/a>, el cual puede ser abierto y, lo m\u00e1s importante, editado, desde programas como Microsoft Word y Open Officce Writer.<\/p>\n<h3>GENERADOR DE HORARIOS<\/h3>\n<p>El generador de horarios permite, una vez configurado el n\u00famero de d\u00edas, horas y el intervalo de tiempo entre ambas, generar una plantilla previa (cuadr\u00edcula) que podemos rellenar con pictogramas de ARASAAC o con nuestras propias im\u00e1genes (previamente subidas a la carpeta de trabajo). Una vez completa la plantilla podemos definir variables relacionadas con el aspecto de las casillas (color de fondo, color de los bordes, tipo de letra, tama\u00f1o de los pictogramas, etc.).<\/p>\n<p><img decoding=\"async\" class=\"aligncenter\" src=\"https:\/\/lh3.googleusercontent.com\/-X5jv5_wep0k\/UfE6xYve2qI\/AAAAAAAABOA\/aNe39EAC1lI\/w628-h425-no\/generador_horarios.JPG\" \/><\/p>\n<p>Finalmente, una vez pulsado el bot\u00f3n de generar horario podemos obtener un horario similar al adjuntado a continuaci\u00f3n que puede ser impreso o modificado f\u00e1cilmente desde nuestro editor de texto predeterminado (Microsoft Word u Open Officce Writer).<\/p>\n<p><img loading=\"lazy\" decoding=\"async\" class=\"aligncenter\" src=\"https:\/\/lh3.googleusercontent.com\/-g-s3pVsDk4Y\/UfE8PPHQ3YI\/AAAAAAAAAxs\/GIwXfT5_h_I\/w767-h510-no\/Generador+de+Horarios+-+Horario+Final.jpg\" width=\"671\" height=\"446\" \/><\/p>\n<h3>GENERADOR DE RUTINAS<\/h3>\n<p>Con un sencillo cambio en la configuraci\u00f3n de la herramienta (el cambio de las horas de las filas a las columnas) convertimos el generador de horarios en un <strong>generador de rutinas<\/strong>.<\/p>\n<p><img decoding=\"async\" class=\"aligncenter\" src=\"https:\/\/lh5.googleusercontent.com\/-4BDV3y7uLLA\/UfFB5PYm4WI\/AAAAAAAABNs\/bKRpQ0nn0eU\/w1034-h46-no\/generador_rutinas.JPG\" width=\"800\" \/><\/p>\n<p>Las rutinas son muy importantes, por ejemplo, para ni\u00f1os\/as con TEA ya que les permite, no s\u00f3lo <strong>estructurar el tiempo<\/strong>, sino <strong>anticipar<\/strong> lo que va a ocurrir a lo largo de un periodo de tiempo (por ejemplo, durante un d\u00eda en clase) y, por ende, <strong>comprender<\/strong> mejor el <strong>paso del tiempo<\/strong>.<\/p>\n<p>Una vez establecido el n\u00famero de pasos de la rutina (horas) generamos la plantilla la cual pasaremos a rellenar con los pictogramas o im\u00e1genes que la configuren.<\/p>\n<p><img decoding=\"async\" class=\"aligncenter\" src=\"https:\/\/lh5.googleusercontent.com\/-2znnlzjvOb4\/UfFB5nMsq8I\/AAAAAAAABOI\/NDyW2kG0V5E\/w1044-h319-no\/generador_rutinas_2.JPG\" width=\"800\" \/><\/p>\n<p>Finalmente, una vez pulsado el bot\u00f3n de generar podemos obtener una rutina similar a la adjuntada a continuaci\u00f3n que puede ser impresa o modificada f\u00e1cilmente desde nuestro editor de texto predeterminado (Microsoft Word u Open Officce Writer).<\/p>\n<p><img decoding=\"async\" class=\"aligncenter\" src=\"https:\/\/lh4.googleusercontent.com\/-CYzgmL9e0fA\/UfFD-rQhV-I\/AAAAAAAABOQ\/MMkn3wLDTc0\/w1043-h206-no\/generador_rutinas_3.JPG\" width=\"800\" \/><\/p>\n<\/div><\/section>\n<\/div><\/div><\/div><!-- close content main div --><\/div><\/div><div id='av-layout-grid-2'  class='av-layout-grid-container av-co70ht-1a95375929e92ff7daa850fafedf82c8 entry-content-wrapper main_color av-flex-cells  avia-builder-el-11  el_after_av_textblock  avia-builder-el-last  grid-row-not-first  container_wrap fullsize'  >\n\n<style type=\"text\/css\" data-created_by=\"avia_inline_auto\" id=\"style-css-av-b0dt29-82fdf8d62e4cf56e3ee49128759552a1\">\n.flex_cell.av-b0dt29-82fdf8d62e4cf56e3ee49128759552a1{\nvertical-align:top;\n}\n.responsive #top #wrap_all .flex_cell.av-b0dt29-82fdf8d62e4cf56e3ee49128759552a1{\npadding:30px 30px 30px 30px !important;\n}\n<\/style>\n<div class='flex_cell av-b0dt29-82fdf8d62e4cf56e3ee49128759552a1 av-gridrow-cell av_one_fifth no_margin  avia-builder-el-12  el_before_av_cell_one_fifth  avia-builder-el-first ' ><div class='flex_cell_inner'><\/div><\/div>\n<style type=\"text\/css\" data-created_by=\"avia_inline_auto\" id=\"style-css-av-9a4xrl-257f9899b17468e1722cee28f974b2c4\">\n.flex_cell.av-9a4xrl-257f9899b17468e1722cee28f974b2c4{\nvertical-align:top;\n}\n.responsive #top #wrap_all .flex_cell.av-9a4xrl-257f9899b17468e1722cee28f974b2c4{\npadding:30px 30px 30px 30px !important;\n}\n<\/style>\n<div class='flex_cell av-9a4xrl-257f9899b17468e1722cee28f974b2c4 av-gridrow-cell av_one_fifth no_margin  avia-builder-el-13  el_after_av_cell_one_fifth  el_before_av_cell_one_fifth ' ><div class='flex_cell_inner'><\/div><\/div>\n<style type=\"text\/css\" data-created_by=\"avia_inline_auto\" id=\"style-css-av-80k7ep-ce5a11ef0a70fadc7b02cf3f4a7c47ea\">\n.flex_cell.av-80k7ep-ce5a11ef0a70fadc7b02cf3f4a7c47ea{\nvertical-align:top;\n}\n.responsive #top #wrap_all .flex_cell.av-80k7ep-ce5a11ef0a70fadc7b02cf3f4a7c47ea{\npadding:30px 30px 30px 30px !important;\n}\n<\/style>\n<div class='flex_cell av-80k7ep-ce5a11ef0a70fadc7b02cf3f4a7c47ea av-gridrow-cell av_one_fifth no_margin  avia-builder-el-14  el_after_av_cell_one_fifth  el_before_av_cell_one_fifth ' ><div class='flex_cell_inner'>\n<style type=\"text\/css\" data-created_by=\"avia_inline_auto\" id=\"style-css-av-5quw29-3c4019ea332239e93e028ccf0128f416\">\n.avia-image-container.av-5quw29-3c4019ea332239e93e028ccf0128f416 img.avia_image{\nbox-shadow:none;\n}\n.avia-image-container.av-5quw29-3c4019ea332239e93e028ccf0128f416 .av-image-caption-overlay-center{\ncolor:#ffffff;\n}\n<\/style>\n<div  class='avia-image-container av-5quw29-3c4019ea332239e93e028ccf0128f416 av-styling- avia-align-center  avia-builder-el-15  avia-builder-el-no-sibling '   itemprop=\"image\" itemscope=\"itemscope\" itemtype=\"https:\/\/schema.org\/ImageObject\" ><div class=\"avia-image-container-inner\"><div class=\"avia-image-overlay-wrap\"><a href=\"https:\/\/aulaabierta.arasaac.org\/de\/herramientas-online-arasaac\" class='avia_image' ><img decoding=\"async\" class='wp-image-96481 avia-img-lazy-loading-not-96481 avia_image ' src=\"https:\/\/aulaabierta.arasaac.org\/wp-content\/uploads\/2016\/12\/casa-80x80.png\" alt='' title='Inicio'  height=\"80\" width=\"80\"  itemprop=\"thumbnailUrl\" srcset=\"https:\/\/aulaabierta.arasaac.org\/wp-content\/uploads\/2016\/12\/casa-80x80.png 80w, https:\/\/aulaabierta.arasaac.org\/wp-content\/uploads\/2016\/12\/casa-300x300.png 300w, https:\/\/aulaabierta.arasaac.org\/wp-content\/uploads\/2016\/12\/casa-36x36.png 36w, https:\/\/aulaabierta.arasaac.org\/wp-content\/uploads\/2016\/12\/casa-180x180.png 180w, https:\/\/aulaabierta.arasaac.org\/wp-content\/uploads\/2016\/12\/casa-120x120.png 120w, https:\/\/aulaabierta.arasaac.org\/wp-content\/uploads\/2016\/12\/casa-450x450.png 450w, https:\/\/aulaabierta.arasaac.org\/wp-content\/uploads\/2016\/12\/casa.png 500w\" sizes=\"(max-width: 80px) 100vw, 80px\" \/><\/a><\/div><\/div><\/div>\n<\/div><\/div>\n<style type=\"text\/css\" data-created_by=\"avia_inline_auto\" id=\"style-css-av-3sydxd-ea90a9e27060396e8968598218f308ce\">\n.flex_cell.av-3sydxd-ea90a9e27060396e8968598218f308ce{\nvertical-align:top;\n}\n.responsive #top #wrap_all .flex_cell.av-3sydxd-ea90a9e27060396e8968598218f308ce{\npadding:30px 30px 30px 30px !important;\n}\n<\/style>\n<div class='flex_cell av-3sydxd-ea90a9e27060396e8968598218f308ce av-gridrow-cell av_one_fifth no_margin  avia-builder-el-16  el_after_av_cell_one_fifth  el_before_av_cell_one_fifth ' ><div class='flex_cell_inner'><\/div><\/div>\n<style type=\"text\/css\" data-created_by=\"avia_inline_auto\" id=\"style-css-av-26146p-fce021bc64f7b9c57c5431b4435e68f9\">\n.flex_cell.av-26146p-fce021bc64f7b9c57c5431b4435e68f9{\nvertical-align:top;\n}\n.responsive #top #wrap_all .flex_cell.av-26146p-fce021bc64f7b9c57c5431b4435e68f9{\npadding:30px 30px 30px 30px !important;\n}\n<\/style>\n<div class='flex_cell av-26146p-fce021bc64f7b9c57c5431b4435e68f9 av-gridrow-cell av_one_fifth no_margin  avia-builder-el-17  el_after_av_cell_one_fifth  avia-builder-el-last ' ><div class='flex_cell_inner'><\/div><\/div>\n<\/div>\n","protected":false},"excerpt":{"rendered":"","protected":false},"author":5,"featured_media":0,"parent":0,"menu_order":0,"comment_status":"closed","ping_status":"closed","template":"","meta":{"om_disable_all_campaigns":false,"_monsterinsights_skip_tracking":false,"_monsterinsights_sitenote_active":false,"_monsterinsights_sitenote_note":"","_monsterinsights_sitenote_category":0,"_uf_show_specific_survey":0,"_uf_disable_surveys":false,"footnotes":""},"class_list":["post-2129","page","type-page","status-publish","hentry"],"aioseo_notices":[],"_links":{"self":[{"href":"https:\/\/aulaabierta.arasaac.org\/de\/wp-json\/wp\/v2\/pages\/2129","targetHints":{"allow":["GET"]}}],"collection":[{"href":"https:\/\/aulaabierta.arasaac.org\/de\/wp-json\/wp\/v2\/pages"}],"about":[{"href":"https:\/\/aulaabierta.arasaac.org\/de\/wp-json\/wp\/v2\/types\/page"}],"author":[{"embeddable":true,"href":"https:\/\/aulaabierta.arasaac.org\/de\/wp-json\/wp\/v2\/users\/5"}],"replies":[{"embeddable":true,"href":"https:\/\/aulaabierta.arasaac.org\/de\/wp-json\/wp\/v2\/comments?post=2129"}],"version-history":[{"count":6,"href":"https:\/\/aulaabierta.arasaac.org\/de\/wp-json\/wp\/v2\/pages\/2129\/revisions"}],"predecessor-version":[{"id":152068,"href":"https:\/\/aulaabierta.arasaac.org\/de\/wp-json\/wp\/v2\/pages\/2129\/revisions\/152068"}],"wp:attachment":[{"href":"https:\/\/aulaabierta.arasaac.org\/de\/wp-json\/wp\/v2\/media?parent=2129"}],"curies":[{"name":"wp","href":"https:\/\/api.w.org\/{rel}","templated":true}]}}