{"id":2133,"date":"2017-01-13T21:55:10","date_gmt":"2017-01-13T21:55:10","guid":{"rendered":"http:\/\/aulaabierta.arasaac.org\/?page_id=2133"},"modified":"2026-02-06T12:09:36","modified_gmt":"2026-02-06T11:09:36","slug":"herramientas-online-creador-de-calendarios","status":"publish","type":"page","link":"https:\/\/aulaabierta.arasaac.org\/de\/herramientas-online-creador-de-calendarios","title":{"rendered":"Herramientas Online &#8211; Creador de Calendarios"},"content":{"rendered":"<div id='av-layout-grid-1'  class='av-layout-grid-container av-tk736d-d5d4ba410cf2f0f4c2d497f3a345f943 entry-content-wrapper alternate_color av-border-cells av-flex-cells  avia-builder-el-0  el_before_av_textblock  avia-builder-el-first   container_wrap fullsize'  >\n\n<style type=\"text\/css\" data-created_by=\"avia_inline_auto\" id=\"style-css-av-rtyv11-fe28d87fa5d393efa4e256f94a56519f\">\n.flex_cell.av-rtyv11-fe28d87fa5d393efa4e256f94a56519f{\nvertical-align:top;\n}\n.responsive #top #wrap_all .flex_cell.av-rtyv11-fe28d87fa5d393efa4e256f94a56519f{\npadding:30px 30px 30px 30px !important;\n}\n<\/style>\n<div class='flex_cell av-rtyv11-fe28d87fa5d393efa4e256f94a56519f av-gridrow-cell av_one_fifth no_margin  avia-builder-el-1  el_before_av_cell_three_fifth  avia-builder-el-first ' ><div class='flex_cell_inner'>\n<style type=\"text\/css\" data-created_by=\"avia_inline_auto\" id=\"style-css-av-pdms05-269c1f30a9211af11e9b48200bf7458d\">\n.avia-image-container.av-pdms05-269c1f30a9211af11e9b48200bf7458d img.avia_image{\nbox-shadow:none;\n}\n.avia-image-container.av-pdms05-269c1f30a9211af11e9b48200bf7458d .av-image-caption-overlay-center{\ncolor:#ffffff;\n}\n<\/style>\n<div  class='avia-image-container av-pdms05-269c1f30a9211af11e9b48200bf7458d av-styling- avia-align-center  avia-builder-el-2  avia-builder-el-no-sibling '   itemprop=\"image\" itemscope=\"itemscope\" itemtype=\"https:\/\/schema.org\/ImageObject\" ><div class=\"avia-image-container-inner\"><div class=\"avia-image-overlay-wrap\"><a href=\"https:\/\/aulaabierta.arasaac.org\/de\/herramientas-online-arasaac\" class='avia_image' ><img decoding=\"async\" class='wp-image-96750 avia-img-lazy-loading-not-96750 avia_image ' src=\"https:\/\/aulaabierta.arasaac.org\/wp-content\/uploads\/2017\/01\/web-180x180.png\" alt='' title='web'  height=\"180\" width=\"180\"  itemprop=\"thumbnailUrl\" srcset=\"https:\/\/aulaabierta.arasaac.org\/wp-content\/uploads\/2017\/01\/web-180x180.png 180w, https:\/\/aulaabierta.arasaac.org\/wp-content\/uploads\/2017\/01\/web-80x80.png 80w, https:\/\/aulaabierta.arasaac.org\/wp-content\/uploads\/2017\/01\/web-300x300.png 300w, https:\/\/aulaabierta.arasaac.org\/wp-content\/uploads\/2017\/01\/web-36x36.png 36w, https:\/\/aulaabierta.arasaac.org\/wp-content\/uploads\/2017\/01\/web-120x120.png 120w, https:\/\/aulaabierta.arasaac.org\/wp-content\/uploads\/2017\/01\/web-450x450.png 450w, https:\/\/aulaabierta.arasaac.org\/wp-content\/uploads\/2017\/01\/web.png 500w\" sizes=\"(max-width: 180px) 100vw, 180px\" \/><\/a><\/div><\/div><\/div>\n<\/div><\/div>\n<style type=\"text\/css\" data-created_by=\"avia_inline_auto\" id=\"style-css-av-nnhjvp-eff99576dff80bc225f7e055eb15b7b8\">\n.flex_cell.av-nnhjvp-eff99576dff80bc225f7e055eb15b7b8{\nvertical-align:middle;\n}\n.responsive #top #wrap_all .flex_cell.av-nnhjvp-eff99576dff80bc225f7e055eb15b7b8{\npadding:30px 30px 30px 30px !important;\n}\n<\/style>\n<div class='flex_cell av-nnhjvp-eff99576dff80bc225f7e055eb15b7b8 av-gridrow-cell av_three_fifth no_margin  avia-builder-el-3  el_after_av_cell_one_fifth  el_before_av_cell_one_fifth ' ><div class='flex_cell_inner'>\n<style type=\"text\/css\" data-created_by=\"avia_inline_auto\" id=\"style-css-av-av_heading-98c96b3bf763f0b717a78b41ab888085\">\n#top .av-special-heading.av-av_heading-98c96b3bf763f0b717a78b41ab888085{\npadding-bottom:0;\n}\nbody .av-special-heading.av-av_heading-98c96b3bf763f0b717a78b41ab888085 .av-special-heading-tag .heading-char{\nfont-size:25px;\n}\n.av-special-heading.av-av_heading-98c96b3bf763f0b717a78b41ab888085 .av-subheading{\nfont-size:15px;\n}\n<\/style>\n<div  class='av-special-heading av-av_heading-98c96b3bf763f0b717a78b41ab888085 av-special-heading-h1  avia-builder-el-4  avia-builder-el-no-sibling '><h1 class='av-special-heading-tag'  itemprop=\"headline\"  >CREADOR DE CALENDARIOS<\/h1><div class=\"special-heading-border\"><div class=\"special-heading-inner-border\"><\/div><\/div><\/div>\n<\/div><\/div>\n<style type=\"text\/css\" data-created_by=\"avia_inline_auto\" id=\"style-css-av-kx265h-b516ab426f17877da0b6a1dd29e0a5d6\">\n.flex_cell.av-kx265h-b516ab426f17877da0b6a1dd29e0a5d6{\nvertical-align:top;\n}\n.responsive #top #wrap_all .flex_cell.av-kx265h-b516ab426f17877da0b6a1dd29e0a5d6{\npadding:30px 30px 30px 30px !important;\n}\n<\/style>\n<div class='flex_cell av-kx265h-b516ab426f17877da0b6a1dd29e0a5d6 av-gridrow-cell av_one_fifth no_margin  avia-builder-el-5  el_after_av_cell_three_fifth  avia-builder-el-last ' ><div class='flex_cell_inner'><p>\n<style type=\"text\/css\" data-created_by=\"avia_inline_auto\" id=\"style-css-av-iyn8fp-7d1440195b858ef338c02dbcf7906955\">\n.avia-image-container.av-iyn8fp-7d1440195b858ef338c02dbcf7906955 img.avia_image{\nbox-shadow:none;\n}\n.avia-image-container.av-iyn8fp-7d1440195b858ef338c02dbcf7906955 .av-image-caption-overlay-center{\ncolor:#ffffff;\n}\n<\/style>\n<div  class='avia-image-container av-iyn8fp-7d1440195b858ef338c02dbcf7906955 av-styling- avia-align-center  avia-builder-el-6  el_before_av_textblock  avia-builder-el-first '   itemprop=\"image\" itemscope=\"itemscope\" itemtype=\"https:\/\/schema.org\/ImageObject\" ><div class=\"avia-image-container-inner\"><div class=\"avia-image-overlay-wrap\"><a href=\"http:\/\/antiguo.arasaac.org\/zona_descargas\/documentacion\/manual_generador_calendarios_es.pdf\" class='avia_image' target=\"_blank\" rel=\"noopener noreferrer\"><img decoding=\"async\" class='wp-image-96751 avia-img-lazy-loading-not-96751 avia_image ' src=\"https:\/\/aulaabierta.arasaac.org\/wp-content\/uploads\/2017\/01\/pdf_download.png\" alt='' title='pdf_download'  height=\"128\" width=\"128\"  itemprop=\"thumbnailUrl\" srcset=\"https:\/\/aulaabierta.arasaac.org\/wp-content\/uploads\/2017\/01\/pdf_download.png 128w, https:\/\/aulaabierta.arasaac.org\/wp-content\/uploads\/2017\/01\/pdf_download-80x80.png 80w, https:\/\/aulaabierta.arasaac.org\/wp-content\/uploads\/2017\/01\/pdf_download-36x36.png 36w, https:\/\/aulaabierta.arasaac.org\/wp-content\/uploads\/2017\/01\/pdf_download-120x120.png 120w\" sizes=\"(max-width: 128px) 100vw, 128px\" \/><\/a><\/div><\/div><\/div><br \/>\n<section  class='av_textblock_section av-i5xa7p-92ac59808058f869e788083ec397d8cb'  itemscope=\"itemscope\" itemtype=\"https:\/\/schema.org\/CreativeWork\" ><div class='avia_textblock'  itemprop=\"text\" ><h4 style=\"text-align: center;\"><strong><a href=\"http:\/\/antiguo.arasaac.org\/zona_descargas\/documentacion\/manual_generador_calendarios_es.pdf\" target=\"_blank\" rel=\"noopener\">DESCARGAR MANUAL<\/a><\/strong><\/h4>\n<\/div><\/section><\/p>\n<\/div><\/div>\n<\/div><div id='after_grid_row_1'  class='main_color av_default_container_wrap container_wrap fullsize'  ><div class='container av-section-cont-open' ><div class='template-page content  av-content-full alpha units'><div class='post-entry post-entry-type-page post-entry-2133'><div class='entry-content-wrapper clearfix'>\n<section  class='av_textblock_section av-gih5gl-7ebb6764f1679b05b87572f36f3a4de5'  itemscope=\"itemscope\" itemtype=\"https:\/\/schema.org\/CreativeWork\" ><div class='avia_textblock'  itemprop=\"text\" ><h6 style=\"text-align: center;\"><img loading=\"lazy\" decoding=\"async\" class=\"aligncenter size-full wp-image-932\" src=\"https:\/\/aulaabierta.arasaac.org\/wp-content\/uploads\/2016\/12\/by-nc-sa.eu_petit.png\" alt=\"\" width=\"118\" height=\"41\" \/>Este obra est\u00e1 bajo una <a href=\"http:\/\/creativecommons.org\/licenses\/by-nc-sa\/4.0\/\" rel=\"license\">licencia de Creative Commons Reconocimiento-NoComercial-CompartirIgual 4.0 Internacional<\/a>.<\/h6>\n<hr \/>\n<\/div><\/section>\n<div  class='avia-button-wrap av-av_button-8ede1f2d438aa25df344dda6ce840d99-wrap avia-button-center  avia-builder-el-9  el_after_av_textblock  el_before_av_textblock '>\n<style type=\"text\/css\" data-created_by=\"avia_inline_auto\" id=\"style-css-av-av_button-8ede1f2d438aa25df344dda6ce840d99\">\n#top #wrap_all .avia-button.av-av_button-8ede1f2d438aa25df344dda6ce840d99{\nfont-size:16px;\n-webkit-transition:all 0.4s ease-in-out;\n-moz-transition:all 0.4s ease-in-out;\n-ms-transition:all 0.4s ease-in-out;\n-o-transition:all 0.4s ease-in-out;\ntransition:all 0.4s ease-in-out;\n}\n<\/style>\n<a href='https:\/\/antiguo.arasaac.org\/herramientas.php' class='avia-button av-av_button-8ede1f2d438aa25df344dda6ce840d99 avia-icon_select-yes-left-icon avia-size-large avia-position-center avia-color-theme-color' target=\"_blank\" rel=\"noopener noreferrer\"><span class='avia_button_icon avia_button_icon_left' aria-hidden='true' data-av_icon='\ue8b1' data-av_iconfont='entypo-fontello'><\/span><span class='avia_iconbox_title' >ACCEDER<\/span><\/a><\/div>\n\n<style type=\"text\/css\" data-created_by=\"avia_inline_auto\" id=\"style-css-av-eaw511-23bc19d59c5438125f6f79037536e520\">\n#top .av_textblock_section.av-eaw511-23bc19d59c5438125f6f79037536e520 .avia_textblock{\nfont-size:16px;\n}\n<\/style>\n<section  class='av_textblock_section av-eaw511-23bc19d59c5438125f6f79037536e520'  itemscope=\"itemscope\" itemtype=\"https:\/\/schema.org\/CreativeWork\" ><div class='avia_textblock'  itemprop=\"text\" ><p>El <strong>Creador de calendarios<\/strong>\u00a0facilita a todos los usuarios del portal el dise\u00f1o y la creaci\u00f3n de calendarios personalizados que complementa el Generador de Horarios explicado anteriormente en tanto ayuda a nuestros alumnos a situarse temporalmente a lo largo de un mes concreto, pudiendo establecer las actividades, acontecimientos o rutinas adecuadas para cada uno de los d\u00edas de dicho mes.<\/p>\n<p>El funcionamiento de esta herramienta es muy similar al explicado anteriormente para el Generador de Horarios.\u00a0Primero, seleccionamos el\u00a0Mes\u00a0y el\u00a0A\u00f1o\u00a0que vamos a utilizar en nuestro calendario. Tambi\u00e9n podemos seleccionar que aparezca\u00a0Encabezado\u00a0para que aparezca autom\u00e1ticamente el pictograma correspondiente al mes y el texto que le acompa\u00f1a (ambos son modificables).<\/p>\n<p><img decoding=\"async\" class=\"aligncenter\" src=\"https:\/\/lh3.googleusercontent.com\/-AbsPSrsaS7U\/UfFNDS2s8wI\/AAAAAAAABNE\/P20xvlRaW_4\/w1044-h509-no\/generador_calendarios.JPG\" width=\"800\" \/><\/p>\n<p>Tambi\u00e9n tenemos la opci\u00f3n de mostrar una fila con los\u00a0d\u00edas de la semana (con texto en cualquiera de los idiomas de los que se dispone de traducci\u00f3n)\u00a0y distintas posibilidades para configurar la posici\u00f3n en la celda del n\u00famero correspondiente a los d\u00edas del mes, as\u00ed como el formato del mismo.<\/p>\n<p><img decoding=\"async\" class=\"aligncenter\" src=\"https:\/\/lh3.googleusercontent.com\/-j72q9vsSdhM\/UfFNDavdYeI\/AAAAAAAABOY\/Hq9TDD2Wnac\/w702-h375-no\/generador_calendarios_1.JPG\" \/><\/p>\n<p>Al igual que en las otras herramientas online se recomienda hacer distintas pruebas y pulsar en <strong>&#8222;<\/strong><strong>Generar Plantilla Previa en RTF&#8220;<\/strong>\u00a0para ver el resultado. Como ya coment\u00e1bamos en otras herramientas, el archivo generado es\u00a0editable en Microsoft Word u Open Office Writer pudi\u00e9ndose as\u00ed dar los \u00faltimos retoques y ajustes al calendario.<\/p>\n<\/div><\/section>\n<\/div><\/div><\/div><!-- close content main div --><\/div><\/div><div id='av-layout-grid-2'  class='av-layout-grid-container av-18tccl-6cc88213f9bb8494fec55568e5922ae9 entry-content-wrapper main_color av-flex-cells  avia-builder-el-11  el_after_av_textblock  avia-builder-el-last  grid-row-not-first  container_wrap fullsize'  >\n\n<style type=\"text\/css\" data-created_by=\"avia_inline_auto\" id=\"style-css-av-bio11x-a01bd9782f29f72dc72912304689cf42\">\n.flex_cell.av-bio11x-a01bd9782f29f72dc72912304689cf42{\nvertical-align:top;\n}\n.responsive #top #wrap_all .flex_cell.av-bio11x-a01bd9782f29f72dc72912304689cf42{\npadding:30px 30px 30px 30px !important;\n}\n<\/style>\n<div class='flex_cell av-bio11x-a01bd9782f29f72dc72912304689cf42 av-gridrow-cell av_one_fifth no_margin  avia-builder-el-12  el_before_av_cell_one_fifth  avia-builder-el-first ' ><div class='flex_cell_inner'><\/div><\/div>\n<style type=\"text\/css\" data-created_by=\"avia_inline_auto\" id=\"style-css-av-9lfqtx-414b2a4f318230f35a27bee3a0ea677e\">\n.flex_cell.av-9lfqtx-414b2a4f318230f35a27bee3a0ea677e{\nvertical-align:top;\n}\n.responsive #top #wrap_all .flex_cell.av-9lfqtx-414b2a4f318230f35a27bee3a0ea677e{\npadding:30px 30px 30px 30px !important;\n}\n<\/style>\n<div class='flex_cell av-9lfqtx-414b2a4f318230f35a27bee3a0ea677e av-gridrow-cell av_one_fifth no_margin  avia-builder-el-13  el_after_av_cell_one_fifth  el_before_av_cell_one_fifth ' ><div class='flex_cell_inner'><\/div><\/div>\n<style type=\"text\/css\" data-created_by=\"avia_inline_auto\" id=\"style-css-av-70xmkl-984e91994ed5ea99d995cbe5636f8f41\">\n.flex_cell.av-70xmkl-984e91994ed5ea99d995cbe5636f8f41{\nvertical-align:top;\n}\n.responsive #top #wrap_all .flex_cell.av-70xmkl-984e91994ed5ea99d995cbe5636f8f41{\npadding:30px 30px 30px 30px !important;\n}\n<\/style>\n<div class='flex_cell av-70xmkl-984e91994ed5ea99d995cbe5636f8f41 av-gridrow-cell av_one_fifth no_margin  avia-builder-el-14  el_after_av_cell_one_fifth  el_before_av_cell_one_fifth ' ><div class='flex_cell_inner'>\n<style type=\"text\/css\" data-created_by=\"avia_inline_auto\" id=\"style-css-av-68gof9-f227bd6ba0f1d8711ff2089eee5554ab\">\n.avia-image-container.av-68gof9-f227bd6ba0f1d8711ff2089eee5554ab img.avia_image{\nbox-shadow:none;\n}\n.avia-image-container.av-68gof9-f227bd6ba0f1d8711ff2089eee5554ab .av-image-caption-overlay-center{\ncolor:#ffffff;\n}\n<\/style>\n<div  class='avia-image-container av-68gof9-f227bd6ba0f1d8711ff2089eee5554ab av-styling- avia-align-center  avia-builder-el-15  avia-builder-el-no-sibling '   itemprop=\"image\" itemscope=\"itemscope\" itemtype=\"https:\/\/schema.org\/ImageObject\" ><div class=\"avia-image-container-inner\"><div class=\"avia-image-overlay-wrap\"><a href=\"https:\/\/aulaabierta.arasaac.org\/de\/herramientas-online-arasaac\" class='avia_image' ><img decoding=\"async\" class='wp-image-96481 avia-img-lazy-loading-not-96481 avia_image ' src=\"https:\/\/aulaabierta.arasaac.org\/wp-content\/uploads\/2016\/12\/casa-80x80.png\" alt='' title='Inicio'  height=\"80\" width=\"80\"  itemprop=\"thumbnailUrl\" srcset=\"https:\/\/aulaabierta.arasaac.org\/wp-content\/uploads\/2016\/12\/casa-80x80.png 80w, https:\/\/aulaabierta.arasaac.org\/wp-content\/uploads\/2016\/12\/casa-300x300.png 300w, https:\/\/aulaabierta.arasaac.org\/wp-content\/uploads\/2016\/12\/casa-36x36.png 36w, https:\/\/aulaabierta.arasaac.org\/wp-content\/uploads\/2016\/12\/casa-180x180.png 180w, https:\/\/aulaabierta.arasaac.org\/wp-content\/uploads\/2016\/12\/casa-120x120.png 120w, https:\/\/aulaabierta.arasaac.org\/wp-content\/uploads\/2016\/12\/casa-450x450.png 450w, https:\/\/aulaabierta.arasaac.org\/wp-content\/uploads\/2016\/12\/casa.png 500w\" sizes=\"(max-width: 80px) 100vw, 80px\" \/><\/a><\/div><\/div><\/div>\n<\/div><\/div>\n<style type=\"text\/css\" data-created_by=\"avia_inline_auto\" id=\"style-css-av-4hqnud-b108f1b41dd2d5c97c3897bbf841d22d\">\n.flex_cell.av-4hqnud-b108f1b41dd2d5c97c3897bbf841d22d{\nvertical-align:top;\n}\n.responsive #top #wrap_all .flex_cell.av-4hqnud-b108f1b41dd2d5c97c3897bbf841d22d{\npadding:30px 30px 30px 30px !important;\n}\n<\/style>\n<div class='flex_cell av-4hqnud-b108f1b41dd2d5c97c3897bbf841d22d av-gridrow-cell av_one_fifth no_margin  avia-builder-el-16  el_after_av_cell_one_fifth  el_before_av_cell_one_fifth ' ><div class='flex_cell_inner'><\/div><\/div>\n<style type=\"text\/css\" data-created_by=\"avia_inline_auto\" id=\"style-css-av-2xyk6d-c21335620fe8be45b3d1a4de1b63ccea\">\n.flex_cell.av-2xyk6d-c21335620fe8be45b3d1a4de1b63ccea{\nvertical-align:top;\n}\n.responsive #top #wrap_all .flex_cell.av-2xyk6d-c21335620fe8be45b3d1a4de1b63ccea{\npadding:30px 30px 30px 30px !important;\n}\n<\/style>\n<div class='flex_cell av-2xyk6d-c21335620fe8be45b3d1a4de1b63ccea av-gridrow-cell av_one_fifth no_margin  avia-builder-el-17  el_after_av_cell_one_fifth  avia-builder-el-last ' ><div class='flex_cell_inner'><\/div><\/div>\n<\/div>\n","protected":false},"excerpt":{"rendered":"","protected":false},"author":5,"featured_media":0,"parent":0,"menu_order":0,"comment_status":"closed","ping_status":"closed","template":"","meta":{"om_disable_all_campaigns":false,"_monsterinsights_skip_tracking":false,"_monsterinsights_sitenote_active":false,"_monsterinsights_sitenote_note":"","_monsterinsights_sitenote_category":0,"_uf_show_specific_survey":0,"_uf_disable_surveys":false,"footnotes":""},"class_list":["post-2133","page","type-page","status-publish","hentry"],"aioseo_notices":[],"_links":{"self":[{"href":"https:\/\/aulaabierta.arasaac.org\/de\/wp-json\/wp\/v2\/pages\/2133","targetHints":{"allow":["GET"]}}],"collection":[{"href":"https:\/\/aulaabierta.arasaac.org\/de\/wp-json\/wp\/v2\/pages"}],"about":[{"href":"https:\/\/aulaabierta.arasaac.org\/de\/wp-json\/wp\/v2\/types\/page"}],"author":[{"embeddable":true,"href":"https:\/\/aulaabierta.arasaac.org\/de\/wp-json\/wp\/v2\/users\/5"}],"replies":[{"embeddable":true,"href":"https:\/\/aulaabierta.arasaac.org\/de\/wp-json\/wp\/v2\/comments?post=2133"}],"version-history":[{"count":6,"href":"https:\/\/aulaabierta.arasaac.org\/de\/wp-json\/wp\/v2\/pages\/2133\/revisions"}],"predecessor-version":[{"id":152075,"href":"https:\/\/aulaabierta.arasaac.org\/de\/wp-json\/wp\/v2\/pages\/2133\/revisions\/152075"}],"wp:attachment":[{"href":"https:\/\/aulaabierta.arasaac.org\/de\/wp-json\/wp\/v2\/media?parent=2133"}],"curies":[{"name":"wp","href":"https:\/\/api.w.org\/{rel}","templated":true}]}}