{"id":21340,"date":"2021-02-24T12:10:04","date_gmt":"2021-02-24T11:10:04","guid":{"rendered":"http:\/\/aulaabierta.arasaac.org\/?page_id=21340"},"modified":"2021-11-06T14:30:27","modified_gmt":"2021-11-06T13:30:27","slug":"minitutoriales-caa-habilitando-entorno-trabajar-unidades-didacticas-y-caa","status":"publish","type":"page","link":"https:\/\/aulaabierta.arasaac.org\/de\/minitutoriales-caa-habilitando-entorno-trabajar-unidades-didacticas-y-caa","title":{"rendered":"Tutorial CAA &#8211; C\u00f3mo habilitar el entorno para trabajar unidades did\u00e1cticas y CAA"},"content":{"rendered":"<div id='av-layout-grid-1'  class='av-layout-grid-container av-10pvuos-ba21f626b247823b3333352376f19114 entry-content-wrapper alternate_color av-border-cells av-flex-cells  avia-builder-el-0  el_before_av_textblock  avia-builder-el-first   container_wrap fullsize'  >\n\n<style type=\"text\/css\" data-created_by=\"avia_inline_auto\" id=\"style-css-av-zq6hjg-49ac878b17158d6126a9c29150ac719d\">\n.flex_cell.av-zq6hjg-49ac878b17158d6126a9c29150ac719d{\nvertical-align:top;\n}\n.responsive #top #wrap_all .flex_cell.av-zq6hjg-49ac878b17158d6126a9c29150ac719d{\npadding:30px 30px 30px 30px !important;\n}\n<\/style>\n<div class='flex_cell av-zq6hjg-49ac878b17158d6126a9c29150ac719d av-gridrow-cell av_one_fifth no_margin  avia-builder-el-1  el_before_av_cell_four_fifth  avia-builder-el-first ' ><div class='flex_cell_inner'>\n<style type=\"text\/css\" data-created_by=\"avia_inline_auto\" id=\"style-css-av-yhiz64-52b921ebc3a38053f8a41e7778aba757\">\n.avia-image-container.av-yhiz64-52b921ebc3a38053f8a41e7778aba757 img.avia_image{\nbox-shadow:none;\n}\n.avia-image-container.av-yhiz64-52b921ebc3a38053f8a41e7778aba757 .av-image-caption-overlay-center{\ncolor:#ffffff;\n}\n<\/style>\n<div  class='avia-image-container av-yhiz64-52b921ebc3a38053f8a41e7778aba757 av-styling- avia-align-center  avia-builder-el-2  avia-builder-el-no-sibling '   itemprop=\"image\" itemscope=\"itemscope\" itemtype=\"https:\/\/schema.org\/ImageObject\" ><div class=\"avia-image-container-inner\"><div class=\"avia-image-overlay-wrap\"><a href=\"https:\/\/aulaabierta.arasaac.org\/de\/comunicacion_aumentativa_y_alternativa_caa\" class='avia_image' ><img decoding=\"async\" class='wp-image-99308 avia-img-lazy-loading-not-99308 avia_image ' src=\"https:\/\/aulaabierta.arasaac.org\/wp-content\/uploads\/2018\/05\/tutoriales_sin_marco-180x180.png\" alt='' title='tutoriales_sin_marco'  height=\"180\" width=\"180\"  itemprop=\"thumbnailUrl\" srcset=\"https:\/\/aulaabierta.arasaac.org\/wp-content\/uploads\/2018\/05\/tutoriales_sin_marco-180x180.png 180w, https:\/\/aulaabierta.arasaac.org\/wp-content\/uploads\/2018\/05\/tutoriales_sin_marco-80x80.png 80w, https:\/\/aulaabierta.arasaac.org\/wp-content\/uploads\/2018\/05\/tutoriales_sin_marco-300x298.png 300w, https:\/\/aulaabierta.arasaac.org\/wp-content\/uploads\/2018\/05\/tutoriales_sin_marco-768x763.png 768w, https:\/\/aulaabierta.arasaac.org\/wp-content\/uploads\/2018\/05\/tutoriales_sin_marco-36x36.png 36w, https:\/\/aulaabierta.arasaac.org\/wp-content\/uploads\/2018\/05\/tutoriales_sin_marco-705x700.png 705w, https:\/\/aulaabierta.arasaac.org\/wp-content\/uploads\/2018\/05\/tutoriales_sin_marco-120x120.png 120w, https:\/\/aulaabierta.arasaac.org\/wp-content\/uploads\/2018\/05\/tutoriales_sin_marco-450x447.png 450w, https:\/\/aulaabierta.arasaac.org\/wp-content\/uploads\/2018\/05\/tutoriales_sin_marco.png 928w\" sizes=\"(max-width: 180px) 100vw, 180px\" \/><\/a><\/div><\/div><\/div>\n<\/div><\/div>\n<style type=\"text\/css\" data-created_by=\"avia_inline_auto\" id=\"style-css-av-wowdgc-10999ff979df46f1b725ce8679a040ff\">\n.flex_cell.av-wowdgc-10999ff979df46f1b725ce8679a040ff{\nvertical-align:middle;\n}\n.responsive #top #wrap_all .flex_cell.av-wowdgc-10999ff979df46f1b725ce8679a040ff{\npadding:30px 30px 30px 30px !important;\n}\n<\/style>\n<div class='flex_cell av-wowdgc-10999ff979df46f1b725ce8679a040ff av-gridrow-cell av_four_fifth no_margin  avia-builder-el-3  el_after_av_cell_one_fifth  avia-builder-el-last ' ><div class='flex_cell_inner'>\n<style type=\"text\/css\" data-created_by=\"avia_inline_auto\" id=\"style-css-av-w2z8vw-66a81a0c25370cc212f88ef807f174de\">\n#top .av-special-heading.av-w2z8vw-66a81a0c25370cc212f88ef807f174de{\npadding-bottom:0;\n}\nbody .av-special-heading.av-w2z8vw-66a81a0c25370cc212f88ef807f174de .av-special-heading-tag .heading-char{\nfont-size:25px;\n}\n.av-special-heading.av-w2z8vw-66a81a0c25370cc212f88ef807f174de .av-subheading{\nfont-size:15px;\n}\n<\/style>\n<div  class='av-special-heading av-w2z8vw-66a81a0c25370cc212f88ef807f174de av-special-heading-h1  avia-builder-el-4  avia-builder-el-no-sibling '><h1 class='av-special-heading-tag'  itemprop=\"headline\"  >TUTORIAL CAA &#8211; C\u00d3MO HABILITAR EL ENTORNO PARA TRABAJAR UNIDADES DID\u00c1CTICAS Y CAA<\/h1><div class=\"special-heading-border\"><div class=\"special-heading-inner-border\"><\/div><\/div><\/div>\n<\/div><\/div>\n<\/div><div id='after_grid_row_1'  class='main_color av_default_container_wrap container_wrap fullsize'  ><div class='container av-section-cont-open' ><div class='template-page content  av-content-full alpha units'><div class='post-entry post-entry-type-page post-entry-21340'><div class='entry-content-wrapper clearfix'>\n\n<style type=\"text\/css\" data-created_by=\"avia_inline_auto\" id=\"style-css-av-r2szvg-200110cf48c4b0b42637ce44abfc2f38\">\n#top .av_textblock_section.av-r2szvg-200110cf48c4b0b42637ce44abfc2f38 .avia_textblock{\nfont-size:16px;\n}\n<\/style>\n<section  class='av_textblock_section av-r2szvg-200110cf48c4b0b42637ce44abfc2f38'  itemscope=\"itemscope\" itemtype=\"https:\/\/schema.org\/CreativeWork\" ><div class='avia_textblock'  itemprop=\"text\" ><h6 style=\"text-align: center;\"><img loading=\"lazy\" decoding=\"async\" class=\"aligncenter size-full wp-image-932\" src=\"https:\/\/aulaabierta.arasaac.org\/wp-content\/uploads\/2016\/12\/by-nc-sa.eu_petit.png\" alt=\"\" width=\"118\" height=\"41\" \/>Este obra est\u00e1 bajo una\u00a0<a href=\"http:\/\/creativecommons.org\/licenses\/by-nc-sa\/4.0\/\" rel=\"license\">licencia de Creative Commons Reconocimiento-NoComercial-CompartirIgual 4.0 Internacional<\/a>.<\/h6>\n<p style=\"text-align: center;\">Autores\/as: <a href=\"https:\/\/alojaweb.educastur.es\/web\/cpeelatores\/portada\" target=\"_blank\" rel=\"noopener\"><strong><span style=\"color: #000000;\">CPEE Latores de Oviedo<\/span><\/strong><\/a> y<strong> ARASAAC<\/strong><\/p>\n<hr \/>\n<\/div><\/section>\n\n<style type=\"text\/css\" data-created_by=\"avia_inline_auto\" id=\"style-css-av-q8vyq4-ad00a2efa7a40ada6c85e6ee3648fab5\">\n#top .av_textblock_section.av-q8vyq4-ad00a2efa7a40ada6c85e6ee3648fab5 .avia_textblock{\nfont-size:16px;\n}\n<\/style>\n<section  class='av_textblock_section av-q8vyq4-ad00a2efa7a40ada6c85e6ee3648fab5'  itemscope=\"itemscope\" itemtype=\"https:\/\/schema.org\/CreativeWork\" ><div class='avia_textblock'  itemprop=\"text\" ><p>Los <strong>sistemas pictogr\u00e1ficos para la comunicaci\u00f3n aumentativa y alternativa (CAA)<\/strong>, tal como indica <strong>Carmen Basil<\/strong> en &#8222;<strong><a href=\"https:\/\/arasaac.org\/aac\/es\">\u00bfQu\u00e9 son los SAAC? &#8211; ARASAAC<\/a><\/strong>&#8222;, &#8222;<em>son solamente un <strong>medio o una condici\u00f3n necesaria para que la persona con discapacidad del habla pueda comunicarse, desarrollar sus capacidades y participar en el mundo que la rodea<\/strong>, pero no resultan nunca suficientes. <strong>Lo verdaderamente importante es el proceso de educaci\u00f3n, habilitaci\u00f3n y asesoramiento<\/strong> que debe acompa\u00f1arlos<\/em>&#8222;.<\/p>\n<p>Sigue <strong>Carmen Basil <\/strong>se\u00f1alando que\u00a0&#8222;<strong><em>la habilitaci\u00f3n\u00a0y la\u00a0ense\u00f1anza deben dirigirse tanto a la persona como a su <\/em><em>entorno<\/em>&#8222;. <\/strong><\/p>\n<p>Por lo tanto, partiendo de estas premisas, esta ense\u00f1anza ha de llevarse a cabo en <strong>entornos educativos<\/strong> y en <strong>entornos naturales<\/strong>, garantizando que la persona se ver\u00e1 inmersa en un <strong>buen ambiente de lenguaje<\/strong>, rodeada de <strong>interlocutores sensibles<\/strong>\u00a0e implicada en <strong>actividades enriquecedoras<\/strong>.<\/p>\n<p>Un gran ejemplo de ello es el trabajo de<strong> adaptaci\u00f3n de las unidades did\u00e1cticas<\/strong> que realizan y comparten nuestros compa\u00f1eros\/as del <a href=\"https:\/\/alojaweb.educastur.es\/web\/cpeelatores\/centro\" target=\"_blank\" rel=\"noopener\"><strong>CPEE Latores<\/strong> <\/a>de <strong>Oviedo (Espa\u00f1a)<\/strong>.<\/p>\n<p>Os mostramos dos ejemplos de las adaptaciones de las unidades did\u00e1cticas, con objetos reales y pictogramas de <a href=\"https:\/\/arasaac.org\/\" target=\"_blank\" rel=\"noopener\"><strong>ARASAAC<\/strong><\/a> sobre la ropa y la casa.<\/p>\n<p><img loading=\"lazy\" decoding=\"async\" class=\"size-large wp-image-21347 aligncenter\" src=\"https:\/\/aulaabierta.arasaac.org\/wp-content\/uploads\/2021\/02\/Adaptacion_unidad_didactica_CPEE_Latores_pictogramas_ARASAAC_2-1030x624.jpg\" alt=\"\" width=\"1030\" height=\"624\" srcset=\"https:\/\/aulaabierta.arasaac.org\/wp-content\/uploads\/2021\/02\/Adaptacion_unidad_didactica_CPEE_Latores_pictogramas_ARASAAC_2-1030x624.jpg 1030w, https:\/\/aulaabierta.arasaac.org\/wp-content\/uploads\/2021\/02\/Adaptacion_unidad_didactica_CPEE_Latores_pictogramas_ARASAAC_2-300x182.jpg 300w, https:\/\/aulaabierta.arasaac.org\/wp-content\/uploads\/2021\/02\/Adaptacion_unidad_didactica_CPEE_Latores_pictogramas_ARASAAC_2-768x466.jpg 768w, https:\/\/aulaabierta.arasaac.org\/wp-content\/uploads\/2021\/02\/Adaptacion_unidad_didactica_CPEE_Latores_pictogramas_ARASAAC_2-705x427.jpg 705w, https:\/\/aulaabierta.arasaac.org\/wp-content\/uploads\/2021\/02\/Adaptacion_unidad_didactica_CPEE_Latores_pictogramas_ARASAAC_2-450x273.jpg 450w, https:\/\/aulaabierta.arasaac.org\/wp-content\/uploads\/2021\/02\/Adaptacion_unidad_didactica_CPEE_Latores_pictogramas_ARASAAC_2.jpg 1389w\" sizes=\"auto, (max-width: 1030px) 100vw, 1030px\" \/><\/p>\n<p>Cuando los alumnos y alumnas entran al centro, encuentran\u00a0 tres paneles de grandes dimensiones situados en el vest\u00edbulo, una zona visible y muy frecuentada por todos ellos.<\/p>\n<p>En estos paneles, se introducen y distribuyen todos los elementos\u00a0 (objetos reales, pictogramas, escritura, etc.) relacionados con la unidad did\u00e1ctica que se est\u00e1 trabajando en ese momento en sus aulas.<\/p>\n<p>Cada unidad se introduce con un cambio en la informaci\u00f3n que contiene los paneles, de modo que se convierte en elemento motivador adem\u00e1s de servir para la introducci\u00f3n de los contenidos de la unidad y su contextualizaci\u00f3n,<\/p>\n<p><img loading=\"lazy\" decoding=\"async\" class=\"size-large wp-image-21341 aligncenter\" src=\"https:\/\/aulaabierta.arasaac.org\/wp-content\/uploads\/2021\/02\/Adaptacion_unidad_didactica_CPEE_Latores_pictogramas_ARASAAC_1-1030x501.jpg\" alt=\"\" width=\"1030\" height=\"501\" srcset=\"https:\/\/aulaabierta.arasaac.org\/wp-content\/uploads\/2021\/02\/Adaptacion_unidad_didactica_CPEE_Latores_pictogramas_ARASAAC_1-1030x501.jpg 1030w, https:\/\/aulaabierta.arasaac.org\/wp-content\/uploads\/2021\/02\/Adaptacion_unidad_didactica_CPEE_Latores_pictogramas_ARASAAC_1-300x146.jpg 300w, https:\/\/aulaabierta.arasaac.org\/wp-content\/uploads\/2021\/02\/Adaptacion_unidad_didactica_CPEE_Latores_pictogramas_ARASAAC_1-768x373.jpg 768w, https:\/\/aulaabierta.arasaac.org\/wp-content\/uploads\/2021\/02\/Adaptacion_unidad_didactica_CPEE_Latores_pictogramas_ARASAAC_1-1536x747.jpg 1536w, https:\/\/aulaabierta.arasaac.org\/wp-content\/uploads\/2021\/02\/Adaptacion_unidad_didactica_CPEE_Latores_pictogramas_ARASAAC_1-1500x729.jpg 1500w, https:\/\/aulaabierta.arasaac.org\/wp-content\/uploads\/2021\/02\/Adaptacion_unidad_didactica_CPEE_Latores_pictogramas_ARASAAC_1-705x343.jpg 705w, https:\/\/aulaabierta.arasaac.org\/wp-content\/uploads\/2021\/02\/Adaptacion_unidad_didactica_CPEE_Latores_pictogramas_ARASAAC_1-450x219.jpg 450w, https:\/\/aulaabierta.arasaac.org\/wp-content\/uploads\/2021\/02\/Adaptacion_unidad_didactica_CPEE_Latores_pictogramas_ARASAAC_1.jpg 2016w\" sizes=\"auto, (max-width: 1030px) 100vw, 1030px\" \/><\/p>\n<p>En el panel central, se representa de forma concreta e interactiva alg\u00fan contenido de la unidad.<\/p>\n<p><img loading=\"lazy\" decoding=\"async\" class=\"size-full wp-image-21348 aligncenter\" src=\"https:\/\/aulaabierta.arasaac.org\/wp-content\/uploads\/2021\/02\/Adaptacion_unidad_didactica_CPEE_Latores_pictogramas_ARASAAC_6.jpg\" alt=\"\" width=\"766\" height=\"702\" srcset=\"https:\/\/aulaabierta.arasaac.org\/wp-content\/uploads\/2021\/02\/Adaptacion_unidad_didactica_CPEE_Latores_pictogramas_ARASAAC_6.jpg 766w, https:\/\/aulaabierta.arasaac.org\/wp-content\/uploads\/2021\/02\/Adaptacion_unidad_didactica_CPEE_Latores_pictogramas_ARASAAC_6-300x275.jpg 300w, https:\/\/aulaabierta.arasaac.org\/wp-content\/uploads\/2021\/02\/Adaptacion_unidad_didactica_CPEE_Latores_pictogramas_ARASAAC_6-705x646.jpg 705w, https:\/\/aulaabierta.arasaac.org\/wp-content\/uploads\/2021\/02\/Adaptacion_unidad_didactica_CPEE_Latores_pictogramas_ARASAAC_6-450x412.jpg 450w\" sizes=\"auto, (max-width: 766px) 100vw, 766px\" \/><\/p>\n<p>En el panel de la izquierda se colocan los pictogramas del vocabulario b\u00e1sico de la unidad (sustantivos y acciones) acompa\u00f1ados por la palabra escrita en letra may\u00fascula, lo que favorece la lectura global.<\/p>\n<p><img loading=\"lazy\" decoding=\"async\" class=\"size-full wp-image-21349 aligncenter\" src=\"https:\/\/aulaabierta.arasaac.org\/wp-content\/uploads\/2021\/02\/Adaptacion_unidad_didactica_CPEE_Latores_pictogramas_ARASAAC_7.jpg\" alt=\"\" width=\"855\" height=\"711\" srcset=\"https:\/\/aulaabierta.arasaac.org\/wp-content\/uploads\/2021\/02\/Adaptacion_unidad_didactica_CPEE_Latores_pictogramas_ARASAAC_7.jpg 855w, https:\/\/aulaabierta.arasaac.org\/wp-content\/uploads\/2021\/02\/Adaptacion_unidad_didactica_CPEE_Latores_pictogramas_ARASAAC_7-300x249.jpg 300w, https:\/\/aulaabierta.arasaac.org\/wp-content\/uploads\/2021\/02\/Adaptacion_unidad_didactica_CPEE_Latores_pictogramas_ARASAAC_7-768x639.jpg 768w, https:\/\/aulaabierta.arasaac.org\/wp-content\/uploads\/2021\/02\/Adaptacion_unidad_didactica_CPEE_Latores_pictogramas_ARASAAC_7-705x586.jpg 705w, https:\/\/aulaabierta.arasaac.org\/wp-content\/uploads\/2021\/02\/Adaptacion_unidad_didactica_CPEE_Latores_pictogramas_ARASAAC_7-450x374.jpg 450w\" sizes=\"auto, (max-width: 855px) 100vw, 855px\" \/><\/p>\n<p>Por \u00faltimo, el panel de la derecha recoge mediante pictogramas y palabras una canci\u00f3n tambi\u00e9n relacionada con la unidad y que se trabaja durante la misma, en muchos de los grupos del colegio.<\/p>\n<p><img loading=\"lazy\" decoding=\"async\" class=\"size-full wp-image-21350 aligncenter\" src=\"https:\/\/aulaabierta.arasaac.org\/wp-content\/uploads\/2021\/02\/Adaptacion_unidad_didactica_CPEE_Latores_pictogramas_ARASAAC_8.jpg\" alt=\"\" width=\"810\" height=\"729\" srcset=\"https:\/\/aulaabierta.arasaac.org\/wp-content\/uploads\/2021\/02\/Adaptacion_unidad_didactica_CPEE_Latores_pictogramas_ARASAAC_8.jpg 810w, https:\/\/aulaabierta.arasaac.org\/wp-content\/uploads\/2021\/02\/Adaptacion_unidad_didactica_CPEE_Latores_pictogramas_ARASAAC_8-300x270.jpg 300w, https:\/\/aulaabierta.arasaac.org\/wp-content\/uploads\/2021\/02\/Adaptacion_unidad_didactica_CPEE_Latores_pictogramas_ARASAAC_8-768x691.jpg 768w, https:\/\/aulaabierta.arasaac.org\/wp-content\/uploads\/2021\/02\/Adaptacion_unidad_didactica_CPEE_Latores_pictogramas_ARASAAC_8-705x635.jpg 705w, https:\/\/aulaabierta.arasaac.org\/wp-content\/uploads\/2021\/02\/Adaptacion_unidad_didactica_CPEE_Latores_pictogramas_ARASAAC_8-450x405.jpg 450w\" sizes=\"auto, (max-width: 810px) 100vw, 810px\" \/><\/p>\n<p>Como ya os pod\u00e9is imaginar, el trabajo contin\u00faa en el aula con las actividades adaptadas al estilo de aprendizaje y capacidad de cada uno de los alumnos\/as.<\/p>\n<p>Finalmente, es fundamental la colaboraci\u00f3n con las familias para continuar este trabajo en casa, ya que es el entorno natural donde los aprendizajes toman forma.<\/p>\n<\/div><\/section>\n<\/div><\/div><\/div><!-- close content main div --><\/div><\/div><div id='av-layout-grid-2'  class='av-layout-grid-container av-cjch3g-8c9893a91b8664f8d2da390acf8309d6 entry-content-wrapper main_color av-flex-cells  avia-builder-el-7  el_after_av_textblock  avia-builder-el-last  grid-row-not-first  container_wrap fullsize'  >\n\n<style type=\"text\/css\" data-created_by=\"avia_inline_auto\" id=\"style-css-av-b41c6k-f6dde31934e6ce77c56da73fd8840047\">\n.flex_cell.av-b41c6k-f6dde31934e6ce77c56da73fd8840047{\nvertical-align:top;\n}\n.responsive #top #wrap_all .flex_cell.av-b41c6k-f6dde31934e6ce77c56da73fd8840047{\npadding:30px 30px 30px 30px !important;\n}\n<\/style>\n<div class='flex_cell av-b41c6k-f6dde31934e6ce77c56da73fd8840047 av-gridrow-cell av_one_fifth no_margin  avia-builder-el-8  el_before_av_cell_one_fifth  avia-builder-el-first ' ><div class='flex_cell_inner'><\/div><\/div>\n<style type=\"text\/css\" data-created_by=\"avia_inline_auto\" id=\"style-css-av-9mned8-43fd3f546904f071921b9e19eca7a438\">\n.flex_cell.av-9mned8-43fd3f546904f071921b9e19eca7a438{\nvertical-align:top;\n}\n.responsive #top #wrap_all .flex_cell.av-9mned8-43fd3f546904f071921b9e19eca7a438{\npadding:30px 30px 30px 30px !important;\n}\n<\/style>\n<div class='flex_cell av-9mned8-43fd3f546904f071921b9e19eca7a438 av-gridrow-cell av_one_fifth no_margin  avia-builder-el-9  el_after_av_cell_one_fifth  el_before_av_cell_one_fifth ' ><div class='flex_cell_inner'><\/div><\/div>\n<style type=\"text\/css\" data-created_by=\"avia_inline_auto\" id=\"style-css-av-71ymws-ceeb8b779a4044f9b0d6eb807f20ae2e\">\n.flex_cell.av-71ymws-ceeb8b779a4044f9b0d6eb807f20ae2e{\nvertical-align:top;\n}\n.responsive #top #wrap_all .flex_cell.av-71ymws-ceeb8b779a4044f9b0d6eb807f20ae2e{\npadding:30px 30px 30px 30px !important;\n}\n<\/style>\n<div class='flex_cell av-71ymws-ceeb8b779a4044f9b0d6eb807f20ae2e av-gridrow-cell av_one_fifth no_margin  avia-builder-el-10  el_after_av_cell_one_fifth  el_before_av_cell_one_fifth ' ><div class='flex_cell_inner'>\n<style type=\"text\/css\" data-created_by=\"avia_inline_auto\" id=\"style-css-av-5ctf30-20e03fedd5aadba84c5b6ee06f6e30f4\">\n.avia-image-container.av-5ctf30-20e03fedd5aadba84c5b6ee06f6e30f4 img.avia_image{\nbox-shadow:none;\n}\n.avia-image-container.av-5ctf30-20e03fedd5aadba84c5b6ee06f6e30f4 .av-image-caption-overlay-center{\ncolor:#ffffff;\n}\n<\/style>\n<div  class='avia-image-container av-5ctf30-20e03fedd5aadba84c5b6ee06f6e30f4 av-styling- avia-align-center  avia-builder-el-11  avia-builder-el-no-sibling '   itemprop=\"image\" itemscope=\"itemscope\" itemtype=\"https:\/\/schema.org\/ImageObject\" ><div class=\"avia-image-container-inner\"><div class=\"avia-image-overlay-wrap\"><a href=\"https:\/\/aulaabierta.arasaac.org\/de\/comunicacion_aumentativa_y_alternativa_caa\" class='avia_image' ><img decoding=\"async\" class='wp-image-96481 avia-img-lazy-loading-not-96481 avia_image ' src=\"https:\/\/aulaabierta.arasaac.org\/wp-content\/uploads\/2016\/12\/casa-80x80.png\" alt='' title='Inicio'  height=\"80\" width=\"80\"  itemprop=\"thumbnailUrl\" srcset=\"https:\/\/aulaabierta.arasaac.org\/wp-content\/uploads\/2016\/12\/casa-80x80.png 80w, https:\/\/aulaabierta.arasaac.org\/wp-content\/uploads\/2016\/12\/casa-300x300.png 300w, https:\/\/aulaabierta.arasaac.org\/wp-content\/uploads\/2016\/12\/casa-36x36.png 36w, https:\/\/aulaabierta.arasaac.org\/wp-content\/uploads\/2016\/12\/casa-180x180.png 180w, https:\/\/aulaabierta.arasaac.org\/wp-content\/uploads\/2016\/12\/casa-120x120.png 120w, https:\/\/aulaabierta.arasaac.org\/wp-content\/uploads\/2016\/12\/casa-450x450.png 450w, https:\/\/aulaabierta.arasaac.org\/wp-content\/uploads\/2016\/12\/casa.png 500w\" sizes=\"(max-width: 80px) 100vw, 80px\" \/><\/a><\/div><\/div><\/div>\n<\/div><\/div>\n<style type=\"text\/css\" data-created_by=\"avia_inline_auto\" id=\"style-css-av-3m36sc-710efd51927e3570ca55365bcb50add9\">\n.flex_cell.av-3m36sc-710efd51927e3570ca55365bcb50add9{\nvertical-align:top;\n}\n.responsive #top #wrap_all .flex_cell.av-3m36sc-710efd51927e3570ca55365bcb50add9{\npadding:30px 30px 30px 30px !important;\n}\n<\/style>\n<div class='flex_cell av-3m36sc-710efd51927e3570ca55365bcb50add9 av-gridrow-cell av_one_fifth no_margin  avia-builder-el-12  el_after_av_cell_one_fifth  el_before_av_cell_one_fifth ' ><div class='flex_cell_inner'><\/div><\/div>\n<style type=\"text\/css\" data-created_by=\"avia_inline_auto\" id=\"style-css-av-2hnfdo-69170056982846886393d47bc509dbea\">\n.flex_cell.av-2hnfdo-69170056982846886393d47bc509dbea{\nvertical-align:top;\n}\n.responsive #top #wrap_all .flex_cell.av-2hnfdo-69170056982846886393d47bc509dbea{\npadding:30px 30px 30px 30px !important;\n}\n<\/style>\n<div class='flex_cell av-2hnfdo-69170056982846886393d47bc509dbea av-gridrow-cell av_one_fifth no_margin  avia-builder-el-13  el_after_av_cell_one_fifth  avia-builder-el-last ' ><div class='flex_cell_inner'><\/div><\/div><\/div>\n","protected":false},"excerpt":{"rendered":"","protected":false},"author":5,"featured_media":0,"parent":0,"menu_order":0,"comment_status":"closed","ping_status":"closed","template":"","meta":{"om_disable_all_campaigns":false,"_monsterinsights_skip_tracking":false,"_monsterinsights_sitenote_active":false,"_monsterinsights_sitenote_note":"","_monsterinsights_sitenote_category":0,"_uf_show_specific_survey":0,"_uf_disable_surveys":false,"footnotes":""},"class_list":["post-21340","page","type-page","status-publish","hentry"],"aioseo_notices":[],"_links":{"self":[{"href":"https:\/\/aulaabierta.arasaac.org\/de\/wp-json\/wp\/v2\/pages\/21340","targetHints":{"allow":["GET"]}}],"collection":[{"href":"https:\/\/aulaabierta.arasaac.org\/de\/wp-json\/wp\/v2\/pages"}],"about":[{"href":"https:\/\/aulaabierta.arasaac.org\/de\/wp-json\/wp\/v2\/types\/page"}],"author":[{"embeddable":true,"href":"https:\/\/aulaabierta.arasaac.org\/de\/wp-json\/wp\/v2\/users\/5"}],"replies":[{"embeddable":true,"href":"https:\/\/aulaabierta.arasaac.org\/de\/wp-json\/wp\/v2\/comments?post=21340"}],"version-history":[{"count":11,"href":"https:\/\/aulaabierta.arasaac.org\/de\/wp-json\/wp\/v2\/pages\/21340\/revisions"}],"predecessor-version":[{"id":144588,"href":"https:\/\/aulaabierta.arasaac.org\/de\/wp-json\/wp\/v2\/pages\/21340\/revisions\/144588"}],"wp:attachment":[{"href":"https:\/\/aulaabierta.arasaac.org\/de\/wp-json\/wp\/v2\/media?parent=21340"}],"curies":[{"name":"wp","href":"https:\/\/api.w.org\/{rel}","templated":true}]}}