{"id":2158,"date":"2017-01-13T22:22:47","date_gmt":"2017-01-13T22:22:47","guid":{"rendered":"http:\/\/aulaabierta.arasaac.org\/?page_id=2158"},"modified":"2021-12-17T09:56:06","modified_gmt":"2021-12-17T08:56:06","slug":"herramientas-online-juego-de-la-oca","status":"publish","type":"page","link":"https:\/\/aulaabierta.arasaac.org\/de\/herramientas-online-juego-de-la-oca","title":{"rendered":"Herramientas Online &#8211; Juego de la Oca"},"content":{"rendered":"<div id='av-layout-grid-1'  class='av-layout-grid-container av-oo3a66-f5e8e118e312d77bc9e335eb6d4b9bb6 entry-content-wrapper alternate_color av-border-cells av-flex-cells  avia-builder-el-0  el_before_av_textblock  avia-builder-el-first   container_wrap fullsize'  >\n\n<style type=\"text\/css\" data-created_by=\"avia_inline_auto\" id=\"style-css-av-lo9w8e-4dbfbb3d153d05ca419e1557a15a3e67\">\n.flex_cell.av-lo9w8e-4dbfbb3d153d05ca419e1557a15a3e67{\nvertical-align:top;\n}\n.responsive #top #wrap_all .flex_cell.av-lo9w8e-4dbfbb3d153d05ca419e1557a15a3e67{\npadding:30px 30px 30px 30px !important;\n}\n<\/style>\n<div class='flex_cell av-lo9w8e-4dbfbb3d153d05ca419e1557a15a3e67 av-gridrow-cell av_one_fourth no_margin  avia-builder-el-1  el_before_av_cell_three_fourth  avia-builder-el-first ' ><div class='flex_cell_inner'>\n<style type=\"text\/css\" data-created_by=\"avia_inline_auto\" id=\"style-css-av-kq243i-a87c596c89652b7f45332a9d92d16f7e\">\n.avia-image-container.av-kq243i-a87c596c89652b7f45332a9d92d16f7e img.avia_image{\nbox-shadow:none;\n}\n.avia-image-container.av-kq243i-a87c596c89652b7f45332a9d92d16f7e .av-image-caption-overlay-center{\ncolor:#ffffff;\n}\n<\/style>\n<div  class='avia-image-container av-kq243i-a87c596c89652b7f45332a9d92d16f7e av-styling- avia-align-center  avia-builder-el-2  avia-builder-el-no-sibling '   itemprop=\"image\" itemscope=\"itemscope\" itemtype=\"https:\/\/schema.org\/ImageObject\" ><div class=\"avia-image-container-inner\"><div class=\"avia-image-overlay-wrap\"><a href=\"https:\/\/aulaabierta.arasaac.org\/de\/herramientas-online-arasaac\" class='avia_image' ><img decoding=\"async\" class='wp-image-96750 avia-img-lazy-loading-not-96750 avia_image ' src=\"https:\/\/aulaabierta.arasaac.org\/wp-content\/uploads\/2017\/01\/web-180x180.png\" alt='' title='web'  height=\"180\" width=\"180\"  itemprop=\"thumbnailUrl\" srcset=\"https:\/\/aulaabierta.arasaac.org\/wp-content\/uploads\/2017\/01\/web-180x180.png 180w, https:\/\/aulaabierta.arasaac.org\/wp-content\/uploads\/2017\/01\/web-80x80.png 80w, https:\/\/aulaabierta.arasaac.org\/wp-content\/uploads\/2017\/01\/web-300x300.png 300w, https:\/\/aulaabierta.arasaac.org\/wp-content\/uploads\/2017\/01\/web-36x36.png 36w, https:\/\/aulaabierta.arasaac.org\/wp-content\/uploads\/2017\/01\/web-120x120.png 120w, https:\/\/aulaabierta.arasaac.org\/wp-content\/uploads\/2017\/01\/web-450x450.png 450w, https:\/\/aulaabierta.arasaac.org\/wp-content\/uploads\/2017\/01\/web.png 500w\" sizes=\"(max-width: 180px) 100vw, 180px\" \/><\/a><\/div><\/div><\/div>\n<\/div><\/div>\n<style type=\"text\/css\" data-created_by=\"avia_inline_auto\" id=\"style-css-av-io55ce-3132d39c947e4f421c2d2b4aab2696bc\">\n.flex_cell.av-io55ce-3132d39c947e4f421c2d2b4aab2696bc{\nvertical-align:middle;\n}\n.responsive #top #wrap_all .flex_cell.av-io55ce-3132d39c947e4f421c2d2b4aab2696bc{\npadding:30px 30px 30px 30px !important;\n}\n<\/style>\n<div class='flex_cell av-io55ce-3132d39c947e4f421c2d2b4aab2696bc av-gridrow-cell av_three_fourth no_margin  avia-builder-el-3  el_after_av_cell_one_fourth  avia-builder-el-last ' ><div class='flex_cell_inner'>\n<style type=\"text\/css\" data-created_by=\"avia_inline_auto\" id=\"style-css-av-grnnmm-8746ab8e18e6939c977ce70a4d3bb166\">\n#top .av-special-heading.av-grnnmm-8746ab8e18e6939c977ce70a4d3bb166{\npadding-bottom:0;\n}\nbody .av-special-heading.av-grnnmm-8746ab8e18e6939c977ce70a4d3bb166 .av-special-heading-tag .heading-char{\nfont-size:25px;\n}\n.av-special-heading.av-grnnmm-8746ab8e18e6939c977ce70a4d3bb166 .av-subheading{\nfont-size:15px;\n}\n<\/style>\n<div  class='av-special-heading av-grnnmm-8746ab8e18e6939c977ce70a4d3bb166 av-special-heading-h1  avia-builder-el-4  avia-builder-el-no-sibling '><h1 class='av-special-heading-tag'  itemprop=\"headline\"  >JUEGO DE LA OCA<\/h1><div class=\"special-heading-border\"><div class=\"special-heading-inner-border\"><\/div><\/div><\/div>\n<\/div><\/div>\n<\/div><div id='after_grid_row_1'  class='main_color av_default_container_wrap container_wrap fullsize'  ><div class='container av-section-cont-open' ><div class='template-page content  av-content-full alpha units'><div class='post-entry post-entry-type-page post-entry-2158'><div class='entry-content-wrapper clearfix'>\n<section  class='av_textblock_section av-gefma6-8ff4166c375e7adc47e5a2769e303eaa'  itemscope=\"itemscope\" itemtype=\"https:\/\/schema.org\/CreativeWork\" ><div class='avia_textblock'  itemprop=\"text\" ><h6 style=\"text-align: center;\"><img loading=\"lazy\" decoding=\"async\" class=\"aligncenter size-full wp-image-932\" src=\"https:\/\/aulaabierta.arasaac.org\/wp-content\/uploads\/2016\/12\/by-nc-sa.eu_petit.png\" alt=\"\" width=\"118\" height=\"41\" \/>Este obra est\u00e1 bajo una <a href=\"http:\/\/creativecommons.org\/licenses\/by-nc-sa\/4.0\/\" rel=\"license\">licencia de Creative Commons Reconocimiento-NoComercial-CompartirIgual 4.0 Internacional<\/a>.<\/h6>\n<hr \/>\n<\/div><\/section>\n\n<style type=\"text\/css\" data-created_by=\"avia_inline_auto\" id=\"style-css-av-1divri-65719a13d3a3c8c111316c4500e9679b\">\n#top .av_textblock_section.av-1divri-65719a13d3a3c8c111316c4500e9679b .avia_textblock{\nfont-size:16px;\n}\n<\/style>\n<section  class='av_textblock_section av-1divri-65719a13d3a3c8c111316c4500e9679b'  itemscope=\"itemscope\" itemtype=\"https:\/\/schema.org\/CreativeWork\" ><div class='avia_textblock'  itemprop=\"text\" ><p>El <a href=\"http:\/\/antiguo.arasaac.org\/herramientas.php\" target=\"_blank\" rel=\"noopener\"><strong>Juego de la Oca<\/strong><\/a>, al igual que el generador de bingos, permite, f\u00e1cilmente, crear un <strong>tablero de la Oca,<\/strong> con los pictogramas que hayamos seleccionado, que podremos imprimir y utilizar con nuestros alumnos.<\/p>\n<p>De un modo l\u00fadico, se puede trabajar aspectos relacionados con campos sem\u00e1nticos, matem\u00e1ticas (n\u00fameros, contar casillas,&#8230;), atenci\u00f3n, concentraci\u00f3n,&#8230;.<\/p>\n<p><img loading=\"lazy\" decoding=\"async\" class=\"aligncenter\" src=\"http:\/\/3.bp.blogspot.com\/-q-QeoAVc-Pw\/UI1Y3W7HsPI\/AAAAAAAAFso\/yvlKprydB8M\/s1600\/OCA.png\" width=\"728\" height=\"232\" \/><\/p>\n<p>El manejo de esta herramienta es muy similar al explicado anteriormente para el Creador de Bingos.<\/p>\n<p>En el <strong>Paso 1<\/strong> deberemos buscar los pictogramas que vamos a incluir en nuestro Juego de la oca y a\u00f1adirlos a nuestra selecci\u00f3n (ver &#8222;<a href=\"https:\/\/aulaabierta.arasaac.org\/herramientas-online-mi-seleccion\">La carpeta Mi Selecci\u00f3n<\/a>&#8220; y &#8222;<a href=\"https:\/\/aulaabierta.arasaac.org\/herramientas-online-carpeta-de-trabajo\">Carpeta de trabajo<\/a>&#8222;). Necesitaremos\u00a0<strong>41 pictogramas distintos<\/strong>, si queremos que no se repitan. El resto de las casillas est\u00e1n configuradas por defecto para todos los juegos que hagamos. No hace falta introducir ni los puentes, ni las ocas, ni la c\u00e1rcel, &#8230;<\/p>\n<p><img decoding=\"async\" class=\"aligncenter\" src=\"https:\/\/lh6.googleusercontent.com\/-EXML7nP_M64\/UiW27Zkk16I\/AAAAAAAABGI\/eJ3iOYQtn2E\/w1043-h466-no\/oca_1.png\" width=\"800\" \/><\/p>\n<p>Una vez seleccionados los pictogramas que vamos a utilizar en el\u00a0<strong>Paso 1<\/strong>, le damos a la pesta\u00f1a\u00a0<strong>Paso 2<\/strong>\u00a0y nos aparece la siguiente ventana:<\/p>\n<p><img decoding=\"async\" class=\"aligncenter\" src=\"https:\/\/lh4.googleusercontent.com\/-OGCyMqYg_9c\/UekWrhwVuCI\/AAAAAAAAAus\/bs58gd0D4Cs\/w576-h370-no\/juego_oca_paso_2.png\" \/><\/p>\n<div class=\"separator\">En este segundo paso se puede configurar el\u00a0<strong>Tama\u00f1o del Papel, <\/strong>el <strong>enunciado<\/strong> de nuestro tablero y algunos <strong>aspectos visuales<\/strong> relacionados con los bordes.\u00a0 Pulsando el bot\u00f3n\u00a0<strong>Generar tablero de la Oca<\/strong>\u00a0se generar\u00e1 un\u00a0<strong>documento RTF<\/strong>\u00a0que se puede abrir y modificar con\u00a0<strong>Microsoft Word <\/strong>u <strong>Open Office <\/strong>antes de imprimirlo.<\/div>\n<p><img decoding=\"async\" class=\"aligncenter\" src=\"http:\/\/3.bp.blogspot.com\/-VTdnDv38coY\/UI1XMzXDb0I\/AAAAAAAAFsg\/470s2Uplw6s\/s1600\/oca.jpg\" \/><\/p>\n<\/div><\/section>\n<\/div><\/div><\/div><!-- close content main div --><\/div><\/div><div id='av-layout-grid-2'  class='av-layout-grid-container av-c4ma5a-a3095d23d61483691f20c466c593e155 entry-content-wrapper main_color av-flex-cells  avia-builder-el-7  el_after_av_textblock  avia-builder-el-last  grid-row-not-first  container_wrap fullsize'  >\n\n<style type=\"text\/css\" data-created_by=\"avia_inline_auto\" id=\"style-css-av-a4wu1q-f48afcc7e05825d5d76fc83603db7064\">\n.flex_cell.av-a4wu1q-f48afcc7e05825d5d76fc83603db7064{\nvertical-align:top;\n}\n.responsive #top #wrap_all .flex_cell.av-a4wu1q-f48afcc7e05825d5d76fc83603db7064{\npadding:30px 30px 30px 30px !important;\n}\n<\/style>\n<div class='flex_cell av-a4wu1q-f48afcc7e05825d5d76fc83603db7064 av-gridrow-cell av_one_fifth no_margin  avia-builder-el-8  el_before_av_cell_one_fifth  avia-builder-el-first ' ><div class='flex_cell_inner'><\/div><\/div>\n<style type=\"text\/css\" data-created_by=\"avia_inline_auto\" id=\"style-css-av-8vqodq-c077d16cba5cd5fa17c80b932c8d2b17\">\n.flex_cell.av-8vqodq-c077d16cba5cd5fa17c80b932c8d2b17{\nvertical-align:top;\n}\n.responsive #top #wrap_all .flex_cell.av-8vqodq-c077d16cba5cd5fa17c80b932c8d2b17{\npadding:30px 30px 30px 30px !important;\n}\n<\/style>\n<div class='flex_cell av-8vqodq-c077d16cba5cd5fa17c80b932c8d2b17 av-gridrow-cell av_one_fifth no_margin  avia-builder-el-9  el_after_av_cell_one_fifth  el_before_av_cell_one_fifth ' ><div class='flex_cell_inner'><\/div><\/div>\n<style type=\"text\/css\" data-created_by=\"avia_inline_auto\" id=\"style-css-av-76b66m-ac888e4cb83366ac5a72620c373c242c\">\n.flex_cell.av-76b66m-ac888e4cb83366ac5a72620c373c242c{\nvertical-align:top;\n}\n.responsive #top #wrap_all .flex_cell.av-76b66m-ac888e4cb83366ac5a72620c373c242c{\npadding:30px 30px 30px 30px !important;\n}\n<\/style>\n<div class='flex_cell av-76b66m-ac888e4cb83366ac5a72620c373c242c av-gridrow-cell av_one_fifth no_margin  avia-builder-el-10  el_after_av_cell_one_fifth  el_before_av_cell_one_fifth ' ><div class='flex_cell_inner'>\n<style type=\"text\/css\" data-created_by=\"avia_inline_auto\" id=\"style-css-av-56qfu6-6d3ce46743e3413ecf29cfb9a45a8919\">\n.avia-image-container.av-56qfu6-6d3ce46743e3413ecf29cfb9a45a8919 img.avia_image{\nbox-shadow:none;\n}\n.avia-image-container.av-56qfu6-6d3ce46743e3413ecf29cfb9a45a8919 .av-image-caption-overlay-center{\ncolor:#ffffff;\n}\n<\/style>\n<div  class='avia-image-container av-56qfu6-6d3ce46743e3413ecf29cfb9a45a8919 av-styling- avia-align-center  avia-builder-el-11  avia-builder-el-no-sibling '   itemprop=\"image\" itemscope=\"itemscope\" itemtype=\"https:\/\/schema.org\/ImageObject\" ><div class=\"avia-image-container-inner\"><div class=\"avia-image-overlay-wrap\"><a href=\"https:\/\/aulaabierta.arasaac.org\/de\/herramientas-online-arasaac\" class='avia_image' ><img decoding=\"async\" class='wp-image-96481 avia-img-lazy-loading-not-96481 avia_image ' src=\"https:\/\/aulaabierta.arasaac.org\/wp-content\/uploads\/2016\/12\/casa-80x80.png\" alt='' title='Inicio'  height=\"80\" width=\"80\"  itemprop=\"thumbnailUrl\" srcset=\"https:\/\/aulaabierta.arasaac.org\/wp-content\/uploads\/2016\/12\/casa-80x80.png 80w, https:\/\/aulaabierta.arasaac.org\/wp-content\/uploads\/2016\/12\/casa-300x300.png 300w, https:\/\/aulaabierta.arasaac.org\/wp-content\/uploads\/2016\/12\/casa-36x36.png 36w, https:\/\/aulaabierta.arasaac.org\/wp-content\/uploads\/2016\/12\/casa-180x180.png 180w, https:\/\/aulaabierta.arasaac.org\/wp-content\/uploads\/2016\/12\/casa-120x120.png 120w, https:\/\/aulaabierta.arasaac.org\/wp-content\/uploads\/2016\/12\/casa-450x450.png 450w, https:\/\/aulaabierta.arasaac.org\/wp-content\/uploads\/2016\/12\/casa.png 500w\" sizes=\"(max-width: 80px) 100vw, 80px\" \/><\/a><\/div><\/div><\/div>\n<\/div><\/div>\n<style type=\"text\/css\" data-created_by=\"avia_inline_auto\" id=\"style-css-av-3pk032-dc9ca651236c322383b952feb8348c7d\">\n.flex_cell.av-3pk032-dc9ca651236c322383b952feb8348c7d{\nvertical-align:top;\n}\n.responsive #top #wrap_all .flex_cell.av-3pk032-dc9ca651236c322383b952feb8348c7d{\npadding:30px 30px 30px 30px !important;\n}\n<\/style>\n<div class='flex_cell av-3pk032-dc9ca651236c322383b952feb8348c7d av-gridrow-cell av_one_fifth no_margin  avia-builder-el-12  el_after_av_cell_one_fifth  el_before_av_cell_one_fifth ' ><div class='flex_cell_inner'><\/div><\/div>\n<style type=\"text\/css\" data-created_by=\"avia_inline_auto\" id=\"style-css-av-3935hq-1ce30bc258b1189ae61dc8e786c6a600\">\n.flex_cell.av-3935hq-1ce30bc258b1189ae61dc8e786c6a600{\nvertical-align:top;\n}\n.responsive #top #wrap_all .flex_cell.av-3935hq-1ce30bc258b1189ae61dc8e786c6a600{\npadding:30px 30px 30px 30px !important;\n}\n<\/style>\n<div class='flex_cell av-3935hq-1ce30bc258b1189ae61dc8e786c6a600 av-gridrow-cell av_one_fifth no_margin  avia-builder-el-13  el_after_av_cell_one_fifth  avia-builder-el-last ' ><div class='flex_cell_inner'><\/div><\/div>\n<\/div>\n","protected":false},"excerpt":{"rendered":"","protected":false},"author":5,"featured_media":0,"parent":0,"menu_order":0,"comment_status":"closed","ping_status":"closed","template":"","meta":{"om_disable_all_campaigns":false,"_monsterinsights_skip_tracking":false,"_monsterinsights_sitenote_active":false,"_monsterinsights_sitenote_note":"","_monsterinsights_sitenote_category":0,"_uf_show_specific_survey":0,"_uf_disable_surveys":false,"footnotes":""},"class_list":["post-2158","page","type-page","status-publish","hentry"],"aioseo_notices":[],"_links":{"self":[{"href":"https:\/\/aulaabierta.arasaac.org\/de\/wp-json\/wp\/v2\/pages\/2158","targetHints":{"allow":["GET"]}}],"collection":[{"href":"https:\/\/aulaabierta.arasaac.org\/de\/wp-json\/wp\/v2\/pages"}],"about":[{"href":"https:\/\/aulaabierta.arasaac.org\/de\/wp-json\/wp\/v2\/types\/page"}],"author":[{"embeddable":true,"href":"https:\/\/aulaabierta.arasaac.org\/de\/wp-json\/wp\/v2\/users\/5"}],"replies":[{"embeddable":true,"href":"https:\/\/aulaabierta.arasaac.org\/de\/wp-json\/wp\/v2\/comments?post=2158"}],"version-history":[{"count":8,"href":"https:\/\/aulaabierta.arasaac.org\/de\/wp-json\/wp\/v2\/pages\/2158\/revisions"}],"predecessor-version":[{"id":77774,"href":"https:\/\/aulaabierta.arasaac.org\/de\/wp-json\/wp\/v2\/pages\/2158\/revisions\/77774"}],"wp:attachment":[{"href":"https:\/\/aulaabierta.arasaac.org\/de\/wp-json\/wp\/v2\/media?parent=2158"}],"curies":[{"name":"wp","href":"https:\/\/api.w.org\/{rel}","templated":true}]}}