{"id":2173,"date":"2017-01-13T22:56:50","date_gmt":"2017-01-13T22:56:50","guid":{"rendered":"http:\/\/aulaabierta.arasaac.org\/?page_id=2173"},"modified":"2021-12-17T10:37:08","modified_gmt":"2021-12-17T09:37:08","slug":"herramientas-online-dominos-encadenados","status":"publish","type":"page","link":"https:\/\/aulaabierta.arasaac.org\/de\/herramientas-online-dominos-encadenados","title":{"rendered":"Herramientas Online &#8211; Domin\u00f3s Encadenados"},"content":{"rendered":"<div id='av-layout-grid-1'  class='av-layout-grid-container av-8fbvx-9e02d9b99562032eaca8467479b061b1 entry-content-wrapper alternate_color av-border-cells av-flex-cells  avia-builder-el-0  el_before_av_textblock  avia-builder-el-first   container_wrap fullsize'  >\n\n<style type=\"text\/css\" data-created_by=\"avia_inline_auto\" id=\"style-css-av-lr4ry5-28c5fd3cf1027edbdc9332eadeefbf3c\">\n.flex_cell.av-lr4ry5-28c5fd3cf1027edbdc9332eadeefbf3c{\nvertical-align:top;\n}\n.responsive #top #wrap_all .flex_cell.av-lr4ry5-28c5fd3cf1027edbdc9332eadeefbf3c{\npadding:30px 30px 30px 30px !important;\n}\n<\/style>\n<div class='flex_cell av-lr4ry5-28c5fd3cf1027edbdc9332eadeefbf3c av-gridrow-cell av_one_fourth no_margin  avia-builder-el-1  el_before_av_cell_three_fourth  avia-builder-el-first ' ><div class='flex_cell_inner'>\n<style type=\"text\/css\" data-created_by=\"avia_inline_auto\" id=\"style-css-av-k84bnh-5dc5807488461c00ee4982536cc79ff0\">\n.avia-image-container.av-k84bnh-5dc5807488461c00ee4982536cc79ff0 img.avia_image{\nbox-shadow:none;\n}\n.avia-image-container.av-k84bnh-5dc5807488461c00ee4982536cc79ff0 .av-image-caption-overlay-center{\ncolor:#ffffff;\n}\n<\/style>\n<div  class='avia-image-container av-k84bnh-5dc5807488461c00ee4982536cc79ff0 av-styling- avia-align-center  avia-builder-el-2  avia-builder-el-no-sibling '   itemprop=\"image\" itemscope=\"itemscope\" itemtype=\"https:\/\/schema.org\/ImageObject\" ><div class=\"avia-image-container-inner\"><div class=\"avia-image-overlay-wrap\"><a href=\"https:\/\/aulaabierta.arasaac.org\/de\/herramientas-online-arasaac\" class='avia_image' ><img decoding=\"async\" class='wp-image-96750 avia-img-lazy-loading-not-96750 avia_image ' src=\"https:\/\/aulaabierta.arasaac.org\/wp-content\/uploads\/2017\/01\/web-180x180.png\" alt='' title='web'  height=\"180\" width=\"180\"  itemprop=\"thumbnailUrl\" srcset=\"https:\/\/aulaabierta.arasaac.org\/wp-content\/uploads\/2017\/01\/web-180x180.png 180w, https:\/\/aulaabierta.arasaac.org\/wp-content\/uploads\/2017\/01\/web-80x80.png 80w, https:\/\/aulaabierta.arasaac.org\/wp-content\/uploads\/2017\/01\/web-300x300.png 300w, https:\/\/aulaabierta.arasaac.org\/wp-content\/uploads\/2017\/01\/web-36x36.png 36w, https:\/\/aulaabierta.arasaac.org\/wp-content\/uploads\/2017\/01\/web-120x120.png 120w, https:\/\/aulaabierta.arasaac.org\/wp-content\/uploads\/2017\/01\/web-450x450.png 450w, https:\/\/aulaabierta.arasaac.org\/wp-content\/uploads\/2017\/01\/web.png 500w\" sizes=\"(max-width: 180px) 100vw, 180px\" \/><\/a><\/div><\/div><\/div>\n<\/div><\/div>\n<style type=\"text\/css\" data-created_by=\"avia_inline_auto\" id=\"style-css-av-jjg4cd-7e670e3eff71300b128b45d14e987e49\">\n.flex_cell.av-jjg4cd-7e670e3eff71300b128b45d14e987e49{\nvertical-align:middle;\n}\n.responsive #top #wrap_all .flex_cell.av-jjg4cd-7e670e3eff71300b128b45d14e987e49{\npadding:30px 30px 30px 30px !important;\n}\n<\/style>\n<div class='flex_cell av-jjg4cd-7e670e3eff71300b128b45d14e987e49 av-gridrow-cell av_three_fourth no_margin  avia-builder-el-3  el_after_av_cell_one_fourth  avia-builder-el-last ' ><div class='flex_cell_inner'>\n<style type=\"text\/css\" data-created_by=\"avia_inline_auto\" id=\"style-css-av-hmizct-272e56dd9ede5705b534fce2e401a90e\">\n#top .av-special-heading.av-hmizct-272e56dd9ede5705b534fce2e401a90e{\npadding-bottom:0;\n}\nbody .av-special-heading.av-hmizct-272e56dd9ede5705b534fce2e401a90e .av-special-heading-tag .heading-char{\nfont-size:25px;\n}\n.av-special-heading.av-hmizct-272e56dd9ede5705b534fce2e401a90e .av-subheading{\nfont-size:15px;\n}\n<\/style>\n<div  class='av-special-heading av-hmizct-272e56dd9ede5705b534fce2e401a90e av-special-heading-h1  avia-builder-el-4  avia-builder-el-no-sibling '><h1 class='av-special-heading-tag'  itemprop=\"headline\"  >DOMIN\u00d3S ENCADENADOS<\/h1><div class=\"special-heading-border\"><div class=\"special-heading-inner-border\"><\/div><\/div><\/div>\n<\/div><\/div>\n<\/div><div id='after_grid_row_1'  class='main_color av_default_container_wrap container_wrap fullsize'  ><div class='container av-section-cont-open' ><div class='template-page content  av-content-full alpha units'><div class='post-entry post-entry-type-page post-entry-2173'><div class='entry-content-wrapper clearfix'>\n<section  class='av_textblock_section av-g6oca5-f47f207c191b3656d8a55a8b72a57f4c'  itemscope=\"itemscope\" itemtype=\"https:\/\/schema.org\/CreativeWork\" ><div class='avia_textblock'  itemprop=\"text\" ><h6 style=\"text-align: center;\"><img loading=\"lazy\" decoding=\"async\" class=\"aligncenter size-full wp-image-932\" src=\"https:\/\/aulaabierta.arasaac.org\/wp-content\/uploads\/2016\/12\/by-nc-sa.eu_petit.png\" alt=\"\" width=\"118\" height=\"41\" \/>Este obra est\u00e1 bajo una <a href=\"http:\/\/creativecommons.org\/licenses\/by-nc-sa\/4.0\/\" rel=\"license\">licencia de Creative Commons Reconocimiento-NoComercial-CompartirIgual 4.0 Internacional<\/a>.<\/h6>\n<hr \/>\n<\/div><\/section>\n\n<style type=\"text\/css\" data-created_by=\"avia_inline_auto\" id=\"style-css-av-eozwdp-c348611e9f8ae67cb32bf5a19c3b3dac\">\n#top .av_textblock_section.av-eozwdp-c348611e9f8ae67cb32bf5a19c3b3dac .avia_textblock{\nfont-size:16px;\n}\n<\/style>\n<section  class='av_textblock_section av-eozwdp-c348611e9f8ae67cb32bf5a19c3b3dac'  itemscope=\"itemscope\" itemtype=\"https:\/\/schema.org\/CreativeWork\" ><div class='avia_textblock'  itemprop=\"text\" ><p>El\u00a0<a href=\"http:\/\/antiguo.arasaac.org\/herramientas.php\" target=\"_blank\" rel=\"noopener\"><strong>Generador de domin\u00f3s encadenados<\/strong><\/a>\u00a0es una evoluci\u00f3n del tradicional juego del domin\u00f3 y nos permite generar\u00a0<strong>juego de domin\u00f3 encadenado,<\/strong> con los pictogramas que hayamos seleccionado (ver &#8222;<a href=\"https:\/\/aulaabierta.arasaac.org\/herramientas-online-mi-seleccion\">Mi Selecci\u00f3n<\/a>&#8220; y &#8222;<a href=\"https:\/\/aulaabierta.arasaac.org\/herramientas-online-carpeta-de-trabajo\">Carpeta de trabajo<\/a>&#8222;), que podremos imprimir, recortar y utilizar con nuestros alumnos.<\/p>\n<p>El domin\u00f3 encadenado se caracteriza porque el segundo elemento de cada ficha enlaza con el primero de otra ficha y el segundo elemento de la \u00faltima ficha enlaza con el primero de la primera ficha.<\/p>\n<p><img decoding=\"async\" class=\"aligncenter\" src=\"https:\/\/lh3.googleusercontent.com\/-44E6lL4-9Sc\/UiW4oG_oJKI\/AAAAAAAABGk\/iOk81t_OdJA\/w659-h239-no\/encadenado_1.png\" \/><br \/>\nEl manejo de esta herramienta es muy similar al explicado anteriormente para el generador de domin\u00f3s. De un modo l\u00fadico, se puede trabajar aspectos relacionados con campos sem\u00e1nticos, lectura, atenci\u00f3n, concentraci\u00f3n,&#8230;.<\/p>\n<p>En el\u00a0<strong>Paso 1<\/strong>\u00a0deberemos buscar los pictogramas que vamos a incluir en nuestro Juego de la oca y a\u00f1adirlos a nuestra selecci\u00f3n.\u00a0Necesitaremos un m\u00ednimo de 2 pictogramas o im\u00e1genes que hayamos subido a la carpeta de trabajo o a mi selecci\u00f3n para hacer un bingo encadenado.<\/p>\n<p><img decoding=\"async\" class=\"aligncenter\" src=\"https:\/\/lh3.googleusercontent.com\/-ykB2BXrmEBY\/UiW5G3AkHWI\/AAAAAAAABG8\/-83lACFIguY\/w1043-h421-no\/encadenado_4.png\" width=\"800\" \/><\/p>\n<p>Una vez seleccionados los pictogramas que vamos a utilizar en el\u00a0<strong>Paso 1<\/strong>, le damos a la pesta\u00f1a\u00a0<strong>Paso 2<\/strong>\u00a0y nos aparece la siguiente ventana:<\/p>\n<p><img decoding=\"async\" class=\"aligncenter\" src=\"https:\/\/lh6.googleusercontent.com\/-J3s3ScIXF2k\/UiW5Go6TRcI\/AAAAAAAABG4\/O4JpTaBXW2A\/w663-h403-no\/encadenado_5.png\" \/><br \/>\nDentro de la configuraci\u00f3n del domin\u00f3 podemos escribir un\u00a0<strong>enunciado<\/strong>\u00a0que se imprimir\u00e1 en la parte superior del mismo y definir el tipo de domin\u00f3 que queremos crear. Las opciones que disponemos son:En este segundo paso se puede configurar variables generales como el\u00a0<strong>Tama\u00f1o del Papel\u00a0<\/strong>y su<strong>\u00a0orientaci\u00f3n<\/strong>.<\/p>\n<table border=\"0\" align=\"center\">\n<tbody>\n<tr>\n<td><img decoding=\"async\" class=\"aligncenter\" src=\"https:\/\/lh3.googleusercontent.com\/-44E6lL4-9Sc\/UiW4oG_oJKI\/AAAAAAAABGk\/iOk81t_OdJA\/w659-h239-no\/encadenado_1.png\" \/><\/p>\n<p style=\"text-align: center;\"><strong>PICTOGRAMA-PICTOGRAMA<\/strong><\/p>\n<\/td>\n<\/tr>\n<tr>\n<td><img decoding=\"async\" class=\"aligncenter\" src=\"https:\/\/lh6.googleusercontent.com\/-K0XL-FJYoew\/UiW4oKS96bI\/AAAAAAAABGg\/kAKXF7FF_3Y\/w657-h239-no\/encadenado_2.png\" \/><\/p>\n<p style=\"text-align: center;\"><strong>TEXTO-PICTOGRAMA<\/strong><\/p>\n<\/td>\n<\/tr>\n<tr>\n<td><img decoding=\"async\" class=\"aligncenter\" src=\"https:\/\/lh6.googleusercontent.com\/-eV8SoIaB7UQ\/UiW4oFW9-3I\/AAAAAAAABGc\/E5lDB42PyGE\/w663-h245-no\/encadenado_3.png\" \/><\/p>\n<p style=\"text-align: center;\"><strong>MIN\u00daSCULAS-MAY\u00daSCULAS<\/strong><\/p>\n<\/td>\n<\/tr>\n<tr>\n<td style=\"text-align: center;\" colspan=\"2\"><em> Diferentes tipos de domin\u00f3 encadenado <\/em><\/td>\n<\/tr>\n<\/tbody>\n<\/table>\n<p>Adem\u00e1s del tipo de domin\u00f3 se pueden configurar diferentes aspectos relacionados con las fichas como su\u00a0<strong>orientaci\u00f3n<\/strong>\u00a0(horizontal o vertical), el\u00a0<strong>tama\u00f1o<\/strong>\u00a0(Normal o Grande) o el\u00a0<strong>color<\/strong>\u00a0(de los bordes).<\/p>\n<p>Finalmente, para los domin\u00f3 que llevan\u00a0<strong>texto<\/strong>\u00a0podemos configurar la\u00a0<strong>fuente<\/strong>, el\u00a0<strong>tama\u00f1o<\/strong>\u00a0y el\u00a0<strong>color<\/strong>.<\/p>\n<p>Pulsando el bot\u00f3n\u00a0<strong>Generar Domin\u00f3<\/strong>\u00a0se generar\u00e1 un\u00a0<strong>documento RTF<\/strong>\u00a0que se puede abrir y modificar con\u00a0<strong>Microsoft Word\u00a0 <\/strong>u\u00a0<strong>Open Office\u00a0<\/strong>antes de imprimirlo.<\/p>\n<\/div><\/section>\n<\/div><\/div><\/div><!-- close content main div --><\/div><\/div><div id='av-layout-grid-2'  class='av-layout-grid-container av-clxzv1-e70a5c58de85924a6138ec8d558901bd entry-content-wrapper main_color av-flex-cells  avia-builder-el-7  el_after_av_textblock  avia-builder-el-last  grid-row-not-first  container_wrap fullsize'  >\n\n<style type=\"text\/css\" data-created_by=\"avia_inline_auto\" id=\"style-css-av-ajrtbh-20c3236b8ab90ff6c8ae146c1e8a073e\">\n.flex_cell.av-ajrtbh-20c3236b8ab90ff6c8ae146c1e8a073e{\nvertical-align:top;\n}\n.responsive #top #wrap_all .flex_cell.av-ajrtbh-20c3236b8ab90ff6c8ae146c1e8a073e{\npadding:30px 30px 30px 30px !important;\n}\n<\/style>\n<div class='flex_cell av-ajrtbh-20c3236b8ab90ff6c8ae146c1e8a073e av-gridrow-cell av_one_fifth no_margin  avia-builder-el-8  el_before_av_cell_one_fifth  avia-builder-el-first ' ><div class='flex_cell_inner'><\/div><\/div>\n<style type=\"text\/css\" data-created_by=\"avia_inline_auto\" id=\"style-css-av-99dafh-900a6f3c2e961f73f4a9113678a8b144\">\n.flex_cell.av-99dafh-900a6f3c2e961f73f4a9113678a8b144{\nvertical-align:top;\n}\n.responsive #top #wrap_all .flex_cell.av-99dafh-900a6f3c2e961f73f4a9113678a8b144{\npadding:30px 30px 30px 30px !important;\n}\n<\/style>\n<div class='flex_cell av-99dafh-900a6f3c2e961f73f4a9113678a8b144 av-gridrow-cell av_one_fifth no_margin  avia-builder-el-9  el_after_av_cell_one_fifth  el_before_av_cell_one_fifth ' ><div class='flex_cell_inner'><\/div><\/div>\n<style type=\"text\/css\" data-created_by=\"avia_inline_auto\" id=\"style-css-av-7v138d-40dcf36e4da96f012766a8065bc3a858\">\n.flex_cell.av-7v138d-40dcf36e4da96f012766a8065bc3a858{\nvertical-align:top;\n}\n.responsive #top #wrap_all .flex_cell.av-7v138d-40dcf36e4da96f012766a8065bc3a858{\npadding:30px 30px 30px 30px !important;\n}\n<\/style>\n<div class='flex_cell av-7v138d-40dcf36e4da96f012766a8065bc3a858 av-gridrow-cell av_one_fifth no_margin  avia-builder-el-10  el_after_av_cell_one_fifth  el_before_av_cell_one_fifth ' ><div class='flex_cell_inner'>\n<style type=\"text\/css\" data-created_by=\"avia_inline_auto\" id=\"style-css-av-57hnsd-1c6f22d9f0576aa4cada2669c3d4e939\">\n.avia-image-container.av-57hnsd-1c6f22d9f0576aa4cada2669c3d4e939 img.avia_image{\nbox-shadow:none;\n}\n.avia-image-container.av-57hnsd-1c6f22d9f0576aa4cada2669c3d4e939 .av-image-caption-overlay-center{\ncolor:#ffffff;\n}\n<\/style>\n<div  class='avia-image-container av-57hnsd-1c6f22d9f0576aa4cada2669c3d4e939 av-styling- avia-align-center  avia-builder-el-11  avia-builder-el-no-sibling '   itemprop=\"image\" itemscope=\"itemscope\" itemtype=\"https:\/\/schema.org\/ImageObject\" ><div class=\"avia-image-container-inner\"><div class=\"avia-image-overlay-wrap\"><a href=\"https:\/\/aulaabierta.arasaac.org\/de\/herramientas-online-arasaac\" class='avia_image' ><img decoding=\"async\" class='wp-image-96481 avia-img-lazy-loading-not-96481 avia_image ' src=\"https:\/\/aulaabierta.arasaac.org\/wp-content\/uploads\/2016\/12\/casa-80x80.png\" alt='' title='Inicio'  height=\"80\" width=\"80\"  itemprop=\"thumbnailUrl\" srcset=\"https:\/\/aulaabierta.arasaac.org\/wp-content\/uploads\/2016\/12\/casa-80x80.png 80w, https:\/\/aulaabierta.arasaac.org\/wp-content\/uploads\/2016\/12\/casa-300x300.png 300w, https:\/\/aulaabierta.arasaac.org\/wp-content\/uploads\/2016\/12\/casa-36x36.png 36w, https:\/\/aulaabierta.arasaac.org\/wp-content\/uploads\/2016\/12\/casa-180x180.png 180w, https:\/\/aulaabierta.arasaac.org\/wp-content\/uploads\/2016\/12\/casa-120x120.png 120w, https:\/\/aulaabierta.arasaac.org\/wp-content\/uploads\/2016\/12\/casa-450x450.png 450w, https:\/\/aulaabierta.arasaac.org\/wp-content\/uploads\/2016\/12\/casa.png 500w\" sizes=\"(max-width: 80px) 100vw, 80px\" \/><\/a><\/div><\/div><\/div>\n<\/div><\/div>\n<style type=\"text\/css\" data-created_by=\"avia_inline_auto\" id=\"style-css-av-3o9x59-08101c0257b949afcde7ef7524395972\">\n.flex_cell.av-3o9x59-08101c0257b949afcde7ef7524395972{\nvertical-align:top;\n}\n.responsive #top #wrap_all .flex_cell.av-3o9x59-08101c0257b949afcde7ef7524395972{\npadding:30px 30px 30px 30px !important;\n}\n<\/style>\n<div class='flex_cell av-3o9x59-08101c0257b949afcde7ef7524395972 av-gridrow-cell av_one_fifth no_margin  avia-builder-el-12  el_after_av_cell_one_fifth  el_before_av_cell_one_fifth ' ><div class='flex_cell_inner'><\/div><\/div>\n<style type=\"text\/css\" data-created_by=\"avia_inline_auto\" id=\"style-css-av-2b50l9-1fc036d4355097a2436edc3ce2c16cdc\">\n.flex_cell.av-2b50l9-1fc036d4355097a2436edc3ce2c16cdc{\nvertical-align:top;\n}\n.responsive #top #wrap_all .flex_cell.av-2b50l9-1fc036d4355097a2436edc3ce2c16cdc{\npadding:30px 30px 30px 30px !important;\n}\n<\/style>\n<div class='flex_cell av-2b50l9-1fc036d4355097a2436edc3ce2c16cdc av-gridrow-cell av_one_fifth no_margin  avia-builder-el-13  el_after_av_cell_one_fifth  avia-builder-el-last ' ><div class='flex_cell_inner'><\/div><\/div>\n<\/div>\n","protected":false},"excerpt":{"rendered":"","protected":false},"author":5,"featured_media":0,"parent":0,"menu_order":0,"comment_status":"closed","ping_status":"closed","template":"","meta":{"om_disable_all_campaigns":false,"_monsterinsights_skip_tracking":false,"_monsterinsights_sitenote_active":false,"_monsterinsights_sitenote_note":"","_monsterinsights_sitenote_category":0,"_uf_show_specific_survey":0,"_uf_disable_surveys":false,"footnotes":""},"class_list":["post-2173","page","type-page","status-publish","hentry"],"aioseo_notices":[],"_links":{"self":[{"href":"https:\/\/aulaabierta.arasaac.org\/de\/wp-json\/wp\/v2\/pages\/2173","targetHints":{"allow":["GET"]}}],"collection":[{"href":"https:\/\/aulaabierta.arasaac.org\/de\/wp-json\/wp\/v2\/pages"}],"about":[{"href":"https:\/\/aulaabierta.arasaac.org\/de\/wp-json\/wp\/v2\/types\/page"}],"author":[{"embeddable":true,"href":"https:\/\/aulaabierta.arasaac.org\/de\/wp-json\/wp\/v2\/users\/5"}],"replies":[{"embeddable":true,"href":"https:\/\/aulaabierta.arasaac.org\/de\/wp-json\/wp\/v2\/comments?post=2173"}],"version-history":[{"count":6,"href":"https:\/\/aulaabierta.arasaac.org\/de\/wp-json\/wp\/v2\/pages\/2173\/revisions"}],"predecessor-version":[{"id":77833,"href":"https:\/\/aulaabierta.arasaac.org\/de\/wp-json\/wp\/v2\/pages\/2173\/revisions\/77833"}],"wp:attachment":[{"href":"https:\/\/aulaabierta.arasaac.org\/de\/wp-json\/wp\/v2\/media?parent=2173"}],"curies":[{"name":"wp","href":"https:\/\/api.w.org\/{rel}","templated":true}]}}