{"id":21777,"date":"2021-04-13T16:56:42","date_gmt":"2021-04-13T15:56:42","guid":{"rendered":"http:\/\/aulaabierta.arasaac.org\/?page_id=21777"},"modified":"2021-04-19T12:44:35","modified_gmt":"2021-04-19T11:44:35","slug":"personalizacion-opciones-de-texto-arasaac","status":"publish","type":"page","link":"https:\/\/aulaabierta.arasaac.org\/de\/personalizacion-opciones-de-texto-arasaac","title":{"rendered":"Tutorial 10 &#8211; P\u00e1gina web de ARASAAC &#8211; Personalizaci\u00f3n &#8211; Opciones de texto"},"content":{"rendered":"<div id='av-layout-grid-1'  class='av-layout-grid-container av-pnep5h-f1b0ad97bd538c9ff01ca12a9c658404 entry-content-wrapper alternate_color av-border-cells av-flex-cells  avia-builder-el-0  el_before_av_textblock  avia-builder-el-first   container_wrap fullsize'  >\n\n<style type=\"text\/css\" data-created_by=\"avia_inline_auto\" id=\"style-css-av-orii9x-eed3c4e3301b190a8cb0365ef52132c5\">\n.flex_cell.av-orii9x-eed3c4e3301b190a8cb0365ef52132c5{\nvertical-align:top;\n}\n.responsive #top #wrap_all .flex_cell.av-orii9x-eed3c4e3301b190a8cb0365ef52132c5{\npadding:30px 30px 30px 30px !important;\n}\n<\/style>\n<div class='flex_cell av-orii9x-eed3c4e3301b190a8cb0365ef52132c5 av-gridrow-cell av_one_fifth no_margin  avia-builder-el-1  el_before_av_cell_four_fifth  avia-builder-el-first ' ><div class='flex_cell_inner'>\n<style type=\"text\/css\" data-created_by=\"avia_inline_auto\" id=\"style-css-av-28ajol-e1e234a336db84858788ba0ace52e9f8\">\n.avia-image-container.av-28ajol-e1e234a336db84858788ba0ace52e9f8 img.avia_image{\nbox-shadow:none;\n}\n.avia-image-container.av-28ajol-e1e234a336db84858788ba0ace52e9f8 .av-caption-image-overlay-bg{\nopacity:0.4;\nbackground-color:#000000;\n}\n.avia-image-container.av-28ajol-e1e234a336db84858788ba0ace52e9f8 .av-image-caption-overlay-center{\ncolor:#ffffff;\n}\n<\/style>\n<div  class='avia-image-container av-28ajol-e1e234a336db84858788ba0ace52e9f8 av-styling- avia-align-left  avia-builder-el-2  avia-builder-el-no-sibling  noHover av-overlay-on-hover'   itemprop=\"image\" itemscope=\"itemscope\" itemtype=\"https:\/\/schema.org\/ImageObject\" ><div class=\"avia-image-container-inner\"><div class=\"avia-image-overlay-wrap\"><a href=\"https:\/\/aulaabierta.arasaac.org\/de\/tutorial-pagina-web-arasaac\" class='avia_image' ><div class=\"av-image-caption-overlay\"><div class=\"av-caption-image-overlay-bg\"><\/div><div class=\"av-image-caption-overlay-position\"><div class=\"av-image-caption-overlay-center\"><p>Volver a inicio<\/p>\n<\/div><\/div><\/div><img decoding=\"async\" class='wp-image-105815 avia-img-lazy-loading-not-105815 avia_image ' src=\"https:\/\/aulaabierta.arasaac.org\/wp-content\/uploads\/2021\/04\/web_nueva.png\" alt='' title='web_nueva'  height=\"500\" width=\"500\"  itemprop=\"thumbnailUrl\" srcset=\"https:\/\/aulaabierta.arasaac.org\/wp-content\/uploads\/2021\/04\/web_nueva.png 500w, https:\/\/aulaabierta.arasaac.org\/wp-content\/uploads\/2021\/04\/web_nueva-300x300.png 300w, https:\/\/aulaabierta.arasaac.org\/wp-content\/uploads\/2021\/04\/web_nueva-80x80.png 80w, https:\/\/aulaabierta.arasaac.org\/wp-content\/uploads\/2021\/04\/web_nueva-36x36.png 36w, https:\/\/aulaabierta.arasaac.org\/wp-content\/uploads\/2021\/04\/web_nueva-180x180.png 180w, https:\/\/aulaabierta.arasaac.org\/wp-content\/uploads\/2021\/04\/web_nueva-120x120.png 120w, https:\/\/aulaabierta.arasaac.org\/wp-content\/uploads\/2021\/04\/web_nueva-450x450.png 450w, https:\/\/aulaabierta.arasaac.org\/wp-content\/uploads\/2021\/04\/web_nueva-150x150.png 150w\" sizes=\"(max-width: 500px) 100vw, 500px\" \/><\/a><\/div><\/div><\/div>\n<\/div><\/div>\n<style type=\"text\/css\" data-created_by=\"avia_inline_auto\" id=\"style-css-av-kln9vp-91025341852359c5ee6404f950fd4750\">\n.flex_cell.av-kln9vp-91025341852359c5ee6404f950fd4750{\nvertical-align:middle;\n}\n.responsive #top #wrap_all .flex_cell.av-kln9vp-91025341852359c5ee6404f950fd4750{\npadding:30px 30px 30px 30px !important;\n}\n<\/style>\n<div class='flex_cell av-kln9vp-91025341852359c5ee6404f950fd4750 av-gridrow-cell av_four_fifth no_margin  avia-builder-el-3  el_after_av_cell_one_fifth  avia-builder-el-last ' ><div class='flex_cell_inner'>\n<style type=\"text\/css\" data-created_by=\"avia_inline_auto\" id=\"style-css-av-o23qi9-47fa6be6cf790bb0ac670c306eef145c\">\n#top .av-special-heading.av-o23qi9-47fa6be6cf790bb0ac670c306eef145c{\npadding-bottom:0;\n}\nbody .av-special-heading.av-o23qi9-47fa6be6cf790bb0ac670c306eef145c .av-special-heading-tag .heading-char{\nfont-size:25px;\n}\n#top #wrap_all .av-special-heading.av-o23qi9-47fa6be6cf790bb0ac670c306eef145c .av-special-heading-tag{\nfont-size:26px;\n}\n.av-special-heading.av-o23qi9-47fa6be6cf790bb0ac670c306eef145c .av-subheading{\nfont-size:15px;\n}\n<\/style>\n<div  class='av-special-heading av-o23qi9-47fa6be6cf790bb0ac670c306eef145c av-special-heading-h2  avia-builder-el-4  avia-builder-el-no-sibling '><h2 class='av-special-heading-tag'  itemprop=\"headline\"  >TUTORIAL 10 &#8211; P\u00c1GINA WEB DE ARASAAC &#8211; Personalizaci\u00f3n &#8211; Opciones de texto<\/h2><div class=\"special-heading-border\"><div class=\"special-heading-inner-border\"><\/div><\/div><\/div>\n<\/div><\/div>\n<\/div><div id='after_grid_row_1'  class='main_color av_default_container_wrap container_wrap fullsize'  ><div class='container av-section-cont-open' ><div class='template-page content  av-content-full alpha units'><div class='post-entry post-entry-type-page post-entry-21777'><div class='entry-content-wrapper clearfix'>\n\n<style type=\"text\/css\" data-created_by=\"avia_inline_auto\" id=\"style-css-av-hrgnbp-4e9478d5f32e3b6706e12bd22f8ff4b5\">\n#top .av_textblock_section.av-hrgnbp-4e9478d5f32e3b6706e12bd22f8ff4b5 .avia_textblock{\nfont-size:16px;\n}\n<\/style>\n<section  class='av_textblock_section av-hrgnbp-4e9478d5f32e3b6706e12bd22f8ff4b5'  itemscope=\"itemscope\" itemtype=\"https:\/\/schema.org\/CreativeWork\" ><div class='avia_textblock'  itemprop=\"text\" ><h6 style=\"text-align: center;\"><img loading=\"lazy\" decoding=\"async\" class=\"aligncenter size-full wp-image-932\" src=\"https:\/\/aulaabierta.arasaac.org\/wp-content\/uploads\/2016\/12\/by-nc-sa.eu_petit.png\" alt=\"\" width=\"118\" height=\"41\" \/>Este obra est\u00e1 bajo una <a href=\"http:\/\/creativecommons.org\/licenses\/by-nc-sa\/4.0\/\" rel=\"license\">licencia de Creative Commons Reconocimiento-NoComercial-CompartirIgual 4.0 Internacional<\/a>.<\/h6>\n<hr \/>\n<p style=\"text-align: left;\">Otro elemento importante en el trabajo con cualqueir sistema pictogr\u00e1fico de comunicaci\u00f3n, como <a href=\"https:\/\/arasaac.org\/\" target=\"_blank\" rel=\"noopener\"><strong>ARASAAC<\/strong><\/a><strong>,<\/strong> es la <strong>inclusi\u00f3n de texto en todos los pictogramas<\/strong>. Es convienente a\u00f1adir siempre el texto por dos motivos:<\/p>\n<ul>\n<li>el interlocutor\/a debe conocer el significado de cada uno de los pictogramas cuando interviene con una persona que utiliza este sistema de comunicaci\u00f3n y<\/li>\n<li>algunos usuarios\/as son capaces de memorizar el texto que acompa\u00f1a a los pictogramas, lo que puede favorecer el trabajo posterior para la adquisici\u00f3n de la lectura global.<\/li>\n<\/ul>\n<p>En el men\u00fa de <strong>Personalizaci\u00f3n<\/strong>, encontramos las dos <strong>Opciones de texto<\/strong>: <strong>Parte superior<\/strong> y <strong>Parte inferior<\/strong>. Podemos activarlas de forma individual o de forma conjunta (en casos de biling\u00fcismo). Las dos opciones de texto utilizan el mismo cuadro de di\u00e1logo para su personalizaci\u00f3n.<\/p>\n<p>Al activar la casilla de <strong>Texto superior<\/strong>, aparece el primer cuadro de di\u00e1logo y de forma autom\u00e1tica, el texto asociado en la parte superior del pictograma.<\/p>\n<p>La primera opci\u00f3n disponible es la <strong>Selecci\u00f3n del idiom<\/strong>a. Al pulsar sobre el idioma actual, se abre una pesta\u00f1a con todos los idiomas a los que est\u00e1n traducidos los pictogramas de <a href=\"https:\/\/arasaac.org\/\" target=\"_blank\" rel=\"noopener\"><strong>ARASAAC<\/strong><\/a>. Cuando cambiamos a cualquier otro idioma, el texto superior cambia autom\u00e1ticamente a dicho idioma.<\/p>\n<p><img loading=\"lazy\" decoding=\"async\" class=\"size-large wp-image-22093 aligncenter\" src=\"https:\/\/aulaabierta.arasaac.org\/wp-content\/uploads\/2021\/04\/Personalizacion_Opciones_de_texto_pictogramas_ARASAAC_1-1030x468.jpg\" alt=\"\" width=\"1030\" height=\"468\" srcset=\"https:\/\/aulaabierta.arasaac.org\/wp-content\/uploads\/2021\/04\/Personalizacion_Opciones_de_texto_pictogramas_ARASAAC_1-1030x468.jpg 1030w, https:\/\/aulaabierta.arasaac.org\/wp-content\/uploads\/2021\/04\/Personalizacion_Opciones_de_texto_pictogramas_ARASAAC_1-300x136.jpg 300w, https:\/\/aulaabierta.arasaac.org\/wp-content\/uploads\/2021\/04\/Personalizacion_Opciones_de_texto_pictogramas_ARASAAC_1-768x349.jpg 768w, https:\/\/aulaabierta.arasaac.org\/wp-content\/uploads\/2021\/04\/Personalizacion_Opciones_de_texto_pictogramas_ARASAAC_1-1536x698.jpg 1536w, https:\/\/aulaabierta.arasaac.org\/wp-content\/uploads\/2021\/04\/Personalizacion_Opciones_de_texto_pictogramas_ARASAAC_1-1500x682.jpg 1500w, https:\/\/aulaabierta.arasaac.org\/wp-content\/uploads\/2021\/04\/Personalizacion_Opciones_de_texto_pictogramas_ARASAAC_1-705x320.jpg 705w, https:\/\/aulaabierta.arasaac.org\/wp-content\/uploads\/2021\/04\/Personalizacion_Opciones_de_texto_pictogramas_ARASAAC_1-450x204.jpg 450w, https:\/\/aulaabierta.arasaac.org\/wp-content\/uploads\/2021\/04\/Personalizacion_Opciones_de_texto_pictogramas_ARASAAC_1.jpg 1580w\" sizes=\"auto, (max-width: 1030px) 100vw, 1030px\" \/><\/p>\n<p>En la siguiente imagen, os mostramos un ejemplo en el que hemos seleccionado el idioma espa\u00f1ol en la parte superior y en la parte inferior, hemos realizado algunas combinaciones con otros idiomas.<\/p>\n<p><img loading=\"lazy\" decoding=\"async\" class=\"alignnone size-large wp-image-22100\" src=\"https:\/\/aulaabierta.arasaac.org\/wp-content\/uploads\/2021\/04\/Personalizacion_Opciones_de_texto_pictogramas_ARASAAC_2-1-1030x691.jpg\" alt=\"\" width=\"1030\" height=\"691\" srcset=\"https:\/\/aulaabierta.arasaac.org\/wp-content\/uploads\/2021\/04\/Personalizacion_Opciones_de_texto_pictogramas_ARASAAC_2-1-1030x691.jpg 1030w, https:\/\/aulaabierta.arasaac.org\/wp-content\/uploads\/2021\/04\/Personalizacion_Opciones_de_texto_pictogramas_ARASAAC_2-1-300x201.jpg 300w, https:\/\/aulaabierta.arasaac.org\/wp-content\/uploads\/2021\/04\/Personalizacion_Opciones_de_texto_pictogramas_ARASAAC_2-1-768x515.jpg 768w, https:\/\/aulaabierta.arasaac.org\/wp-content\/uploads\/2021\/04\/Personalizacion_Opciones_de_texto_pictogramas_ARASAAC_2-1-705x473.jpg 705w, https:\/\/aulaabierta.arasaac.org\/wp-content\/uploads\/2021\/04\/Personalizacion_Opciones_de_texto_pictogramas_ARASAAC_2-1-450x302.jpg 450w, https:\/\/aulaabierta.arasaac.org\/wp-content\/uploads\/2021\/04\/Personalizacion_Opciones_de_texto_pictogramas_ARASAAC_2-1.jpg 1198w\" sizes=\"auto, (max-width: 1030px) 100vw, 1030px\" \/><\/p>\n<p>Otra opci\u00f3n interesante cuando queremos escribir el nombre de un persona en el pictograma o queremos ajustar el texto a las particularidades de nuestro idioma es la opci\u00f3n de <strong>Escribir texto o seleccionar sugerencia<\/strong>.<\/p>\n<p>En la siguiente imagen, hemos seleccionado el pictograma de &#8222;beb\u00e9&#8220; y lo hemos cambiado por su nombre propio, &#8222;Mar\u00eda&#8220;.<\/p>\n<p><img loading=\"lazy\" decoding=\"async\" class=\"size-large wp-image-22103 aligncenter\" src=\"https:\/\/aulaabierta.arasaac.org\/wp-content\/uploads\/2021\/04\/Personalizacion_Opciones_de_texto_pictogramas_ARASAAC_3-1030x415.jpg\" alt=\"\" width=\"1030\" height=\"415\" srcset=\"https:\/\/aulaabierta.arasaac.org\/wp-content\/uploads\/2021\/04\/Personalizacion_Opciones_de_texto_pictogramas_ARASAAC_3-1030x415.jpg 1030w, https:\/\/aulaabierta.arasaac.org\/wp-content\/uploads\/2021\/04\/Personalizacion_Opciones_de_texto_pictogramas_ARASAAC_3-300x121.jpg 300w, https:\/\/aulaabierta.arasaac.org\/wp-content\/uploads\/2021\/04\/Personalizacion_Opciones_de_texto_pictogramas_ARASAAC_3-768x309.jpg 768w, https:\/\/aulaabierta.arasaac.org\/wp-content\/uploads\/2021\/04\/Personalizacion_Opciones_de_texto_pictogramas_ARASAAC_3-705x284.jpg 705w, https:\/\/aulaabierta.arasaac.org\/wp-content\/uploads\/2021\/04\/Personalizacion_Opciones_de_texto_pictogramas_ARASAAC_3-450x181.jpg 450w, https:\/\/aulaabierta.arasaac.org\/wp-content\/uploads\/2021\/04\/Personalizacion_Opciones_de_texto_pictogramas_ARASAAC_3.jpg 1194w\" sizes=\"auto, (max-width: 1030px) 100vw, 1030px\" \/><\/p>\n<p>Y en esta otra imagen, pod\u00e9is visualizar como las palabras &#8222;ma\u00edz&#8220; y &#8222;piscina&#8220; aparecen en las sugerencias como &#8222;choclo&#8220; y &#8222;pileta&#8220;, respectivamente, tal como se utilizan en muchos pa\u00edses hispanoparlantes.<\/p>\n<p><img loading=\"lazy\" decoding=\"async\" class=\"size-large wp-image-22106 aligncenter\" src=\"https:\/\/aulaabierta.arasaac.org\/wp-content\/uploads\/2021\/04\/Personalizacion_Opciones_de_texto_pictogramas_ARASAAC_4-1030x413.jpg\" alt=\"\" width=\"1030\" height=\"413\" srcset=\"https:\/\/aulaabierta.arasaac.org\/wp-content\/uploads\/2021\/04\/Personalizacion_Opciones_de_texto_pictogramas_ARASAAC_4-1030x413.jpg 1030w, https:\/\/aulaabierta.arasaac.org\/wp-content\/uploads\/2021\/04\/Personalizacion_Opciones_de_texto_pictogramas_ARASAAC_4-300x120.jpg 300w, https:\/\/aulaabierta.arasaac.org\/wp-content\/uploads\/2021\/04\/Personalizacion_Opciones_de_texto_pictogramas_ARASAAC_4-768x308.jpg 768w, https:\/\/aulaabierta.arasaac.org\/wp-content\/uploads\/2021\/04\/Personalizacion_Opciones_de_texto_pictogramas_ARASAAC_4-705x283.jpg 705w, https:\/\/aulaabierta.arasaac.org\/wp-content\/uploads\/2021\/04\/Personalizacion_Opciones_de_texto_pictogramas_ARASAAC_4-450x181.jpg 450w, https:\/\/aulaabierta.arasaac.org\/wp-content\/uploads\/2021\/04\/Personalizacion_Opciones_de_texto_pictogramas_ARASAAC_4.jpg 1186w\" sizes=\"auto, (max-width: 1030px) 100vw, 1030px\" \/><\/p>\n<p>Para complementar todas las opciones de texto posibles, pod\u00e9is convertir el texto del pictograma directamente a letras <strong>May\u00fascula<\/strong> y utilizar las opciones de <strong>Formato de texto<\/strong> para seleccionar el <strong>Color, Tama\u00f1o y Tipo de fuente<\/strong>.<\/p>\n<p><img loading=\"lazy\" decoding=\"async\" class=\"size-large wp-image-22109 aligncenter\" src=\"https:\/\/aulaabierta.arasaac.org\/wp-content\/uploads\/2021\/04\/Personalizacion_Opciones_de_texto_pictogramas_ARASAAC_5-1030x431.jpg\" alt=\"\" width=\"1030\" height=\"431\" srcset=\"https:\/\/aulaabierta.arasaac.org\/wp-content\/uploads\/2021\/04\/Personalizacion_Opciones_de_texto_pictogramas_ARASAAC_5-1030x431.jpg 1030w, https:\/\/aulaabierta.arasaac.org\/wp-content\/uploads\/2021\/04\/Personalizacion_Opciones_de_texto_pictogramas_ARASAAC_5-300x125.jpg 300w, https:\/\/aulaabierta.arasaac.org\/wp-content\/uploads\/2021\/04\/Personalizacion_Opciones_de_texto_pictogramas_ARASAAC_5-768x321.jpg 768w, https:\/\/aulaabierta.arasaac.org\/wp-content\/uploads\/2021\/04\/Personalizacion_Opciones_de_texto_pictogramas_ARASAAC_5-705x295.jpg 705w, https:\/\/aulaabierta.arasaac.org\/wp-content\/uploads\/2021\/04\/Personalizacion_Opciones_de_texto_pictogramas_ARASAAC_5-450x188.jpg 450w, https:\/\/aulaabierta.arasaac.org\/wp-content\/uploads\/2021\/04\/Personalizacion_Opciones_de_texto_pictogramas_ARASAAC_5.jpg 1177w\" sizes=\"auto, (max-width: 1030px) 100vw, 1030px\" \/><\/p>\n<p>Os recomendamos que os familiaric\u00e9is con las distintas opciones, para obtener el m\u00e1ximo ajuste posible de los pictogramas que vais a utilizar en vuestras creaciones y adaptaciones.<\/p>\n<\/div><\/section>\n\n<style type=\"text\/css\" data-created_by=\"avia_inline_auto\" id=\"style-css-av-knoj65a3-cb63479f9afa87e91b39415b1ee92c8c\">\n#top .av-special-heading.av-knoj65a3-cb63479f9afa87e91b39415b1ee92c8c{\npadding-bottom:10px;\n}\nbody .av-special-heading.av-knoj65a3-cb63479f9afa87e91b39415b1ee92c8c .av-special-heading-tag .heading-char{\nfont-size:25px;\n}\n.av-special-heading.av-knoj65a3-cb63479f9afa87e91b39415b1ee92c8c .av-subheading{\nfont-size:15px;\n}\n<\/style>\n<div  class='av-special-heading av-knoj65a3-cb63479f9afa87e91b39415b1ee92c8c av-special-heading-h3  avia-builder-el-6  el_after_av_textblock  el_before_av_video '><h3 class='av-special-heading-tag'  itemprop=\"headline\"  >Videotutorial<\/h3><div class=\"special-heading-border\"><div class=\"special-heading-inner-border\"><\/div><\/div><\/div>\n<div  class='avia-video av-knoj6045-bcfdc507646c4f1b9d5d0c143391a2f5 avia-video-16-9 av-no-preview-image avia-video-load-always av-lazyload-immediate av-lazyload-video-embed'  itemprop=\"video\" itemtype=\"https:\/\/schema.org\/VideoObject\"  data-original_url='https:\/\/youtu.be\/2jfKRHWqdyU'><script type='text\/html' class='av-video-tmpl'><div class='avia-iframe-wrap'><iframe loading=\"lazy\" title=\"TUTORIAL 10 \u2013 P\u00c1GINA WEB DE ARASAAC \u2013 PICTOGRAMAS PERSONALIZADOS - OPCIONES DE TEXTO\" width=\"1500\" height=\"844\" src=\"https:\/\/www.youtube.com\/embed\/2jfKRHWqdyU?feature=oembed&autoplay=0&loop=0&controls=1&mute=0\" frameborder=\"0\" allow=\"accelerometer; autoplay; clipboard-write; encrypted-media; gyroscope; picture-in-picture\" allowfullscreen><\/iframe><\/div><\/script><div class='av-click-to-play-overlay'><div class=\"avia_playpause_icon\"><\/div><\/div><\/div>\n<\/div><\/div><\/div><!-- close content main div --><\/div><\/div><div id='av-layout-grid-2'  class='av-layout-grid-container av-f3tczp-cce5fbd2a42be631b2cf32320cacc69e entry-content-wrapper main_color av-border-top-bottom av-flex-cells  avia-builder-el-8  el_after_av_video  avia-builder-el-last  grid-row-not-first  container_wrap fullsize'  >\n\n<style type=\"text\/css\" data-created_by=\"avia_inline_auto\" id=\"style-css-av-dpel79-93c18472cef4c359aeea4e5f2938c84d\">\n.flex_cell.av-dpel79-93c18472cef4c359aeea4e5f2938c84d{\nvertical-align:top;\n}\n.responsive #top #wrap_all .flex_cell.av-dpel79-93c18472cef4c359aeea4e5f2938c84d{\npadding:30px 30px 30px 30px !important;\n}\n<\/style>\n<div class='flex_cell av-dpel79-93c18472cef4c359aeea4e5f2938c84d av-gridrow-cell av_one_fifth no_margin  avia-builder-el-9  el_before_av_cell_one_fifth  avia-builder-el-first ' ><div class='flex_cell_inner'>\n<style type=\"text\/css\" data-created_by=\"avia_inline_auto\" id=\"style-css-av-c9hl91-f621eae2ba1cfb66948eadeb2d596cdb\">\n.avia-image-container.av-c9hl91-f621eae2ba1cfb66948eadeb2d596cdb img.avia_image{\nbox-shadow:none;\n}\n.avia-image-container.av-c9hl91-f621eae2ba1cfb66948eadeb2d596cdb .av-image-caption-overlay-center{\ncolor:#ffffff;\n}\n<\/style>\n<div  class='avia-image-container av-c9hl91-f621eae2ba1cfb66948eadeb2d596cdb av-styling- avia-align-center  avia-builder-el-10  avia-builder-el-no-sibling '   itemprop=\"image\" itemscope=\"itemscope\" itemtype=\"https:\/\/schema.org\/ImageObject\" ><div class=\"avia-image-container-inner\"><div class=\"avia-image-overlay-wrap\"><a href=\"https:\/\/aulaabierta.arasaac.org\/de\/personalizacion-rasgos-fisicos-arasaac\" class='avia_image' ><img decoding=\"async\" class='wp-image-96479 avia-img-lazy-loading-not-96479 avia_image ' src=\"https:\/\/aulaabierta.arasaac.org\/wp-content\/uploads\/2016\/12\/before-80x80.png\" alt='' title='before'  height=\"80\" width=\"80\"  itemprop=\"thumbnailUrl\" srcset=\"https:\/\/aulaabierta.arasaac.org\/wp-content\/uploads\/2016\/12\/before-80x80.png 80w, https:\/\/aulaabierta.arasaac.org\/wp-content\/uploads\/2016\/12\/before-36x36.png 36w, https:\/\/aulaabierta.arasaac.org\/wp-content\/uploads\/2016\/12\/before-120x120.png 120w, https:\/\/aulaabierta.arasaac.org\/wp-content\/uploads\/2016\/12\/before.png 128w\" sizes=\"(max-width: 80px) 100vw, 80px\" \/><\/a><\/div><\/div><\/div>\n<\/div><\/div>\n<style type=\"text\/css\" data-created_by=\"avia_inline_auto\" id=\"style-css-av-ayvzqd-e087ef96d058efac08b9c959fa86365c\">\n.flex_cell.av-ayvzqd-e087ef96d058efac08b9c959fa86365c{\nvertical-align:top;\n}\n.responsive #top #wrap_all .flex_cell.av-ayvzqd-e087ef96d058efac08b9c959fa86365c{\npadding:30px 30px 30px 30px !important;\n}\n<\/style>\n<div class='flex_cell av-ayvzqd-e087ef96d058efac08b9c959fa86365c av-gridrow-cell av_one_fifth no_margin  avia-builder-el-11  el_after_av_cell_one_fifth  el_before_av_cell_one_fifth ' ><div class='flex_cell_inner'><\/div><\/div>\n<style type=\"text\/css\" data-created_by=\"avia_inline_auto\" id=\"style-css-av-9harkl-31d5fc777aae7445fb43c389af7650f1\">\n.flex_cell.av-9harkl-31d5fc777aae7445fb43c389af7650f1{\nvertical-align:top;\n}\n.responsive #top #wrap_all .flex_cell.av-9harkl-31d5fc777aae7445fb43c389af7650f1{\npadding:30px 30px 30px 30px !important;\n}\n<\/style>\n<div class='flex_cell av-9harkl-31d5fc777aae7445fb43c389af7650f1 av-gridrow-cell av_one_fifth no_margin  avia-builder-el-12  el_after_av_cell_one_fifth  el_before_av_cell_one_fifth ' ><div class='flex_cell_inner'>\n<style type=\"text\/css\" data-created_by=\"avia_inline_auto\" id=\"style-css-av-7yr8ud-e7fc94ec817dc68495d1f980e6b835c1\">\n.avia-image-container.av-7yr8ud-e7fc94ec817dc68495d1f980e6b835c1 img.avia_image{\nbox-shadow:none;\n}\n.avia-image-container.av-7yr8ud-e7fc94ec817dc68495d1f980e6b835c1 .av-image-caption-overlay-center{\ncolor:#ffffff;\n}\n<\/style>\n<div  class='avia-image-container av-7yr8ud-e7fc94ec817dc68495d1f980e6b835c1 av-styling- avia-align-center  avia-builder-el-13  avia-builder-el-no-sibling '   itemprop=\"image\" itemscope=\"itemscope\" itemtype=\"https:\/\/schema.org\/ImageObject\" ><div class=\"avia-image-container-inner\"><div class=\"avia-image-overlay-wrap\"><a href=\"https:\/\/aulaabierta.arasaac.org\/de\/tutorial-pagina-web-arasaac\" class='avia_image' ><img decoding=\"async\" class='wp-image-96481 avia-img-lazy-loading-not-96481 avia_image ' src=\"https:\/\/aulaabierta.arasaac.org\/wp-content\/uploads\/2016\/12\/casa-80x80.png\" alt='' title='Inicio'  height=\"80\" width=\"80\"  itemprop=\"thumbnailUrl\" srcset=\"https:\/\/aulaabierta.arasaac.org\/wp-content\/uploads\/2016\/12\/casa-80x80.png 80w, https:\/\/aulaabierta.arasaac.org\/wp-content\/uploads\/2016\/12\/casa-300x300.png 300w, https:\/\/aulaabierta.arasaac.org\/wp-content\/uploads\/2016\/12\/casa-36x36.png 36w, https:\/\/aulaabierta.arasaac.org\/wp-content\/uploads\/2016\/12\/casa-180x180.png 180w, https:\/\/aulaabierta.arasaac.org\/wp-content\/uploads\/2016\/12\/casa-120x120.png 120w, https:\/\/aulaabierta.arasaac.org\/wp-content\/uploads\/2016\/12\/casa-450x450.png 450w, https:\/\/aulaabierta.arasaac.org\/wp-content\/uploads\/2016\/12\/casa.png 500w\" sizes=\"(max-width: 80px) 100vw, 80px\" \/><\/a><\/div><\/div><\/div>\n<\/div><\/div>\n<style type=\"text\/css\" data-created_by=\"avia_inline_auto\" id=\"style-css-av-57sko5-47a26aaf10d28cd8fc05910c37cd3e22\">\n.flex_cell.av-57sko5-47a26aaf10d28cd8fc05910c37cd3e22{\nvertical-align:top;\n}\n.responsive #top #wrap_all .flex_cell.av-57sko5-47a26aaf10d28cd8fc05910c37cd3e22{\npadding:30px 30px 30px 30px !important;\n}\n<\/style>\n<div class='flex_cell av-57sko5-47a26aaf10d28cd8fc05910c37cd3e22 av-gridrow-cell av_one_fifth no_margin  avia-builder-el-14  el_after_av_cell_one_fifth  el_before_av_cell_one_fifth ' ><div class='flex_cell_inner'><\/div><\/div>\n<style type=\"text\/css\" data-created_by=\"avia_inline_auto\" id=\"style-css-av-4cgqth-c1463cdc42f3a84d07282416e31a6390\">\n.flex_cell.av-4cgqth-c1463cdc42f3a84d07282416e31a6390{\nvertical-align:top;\n}\n.responsive #top #wrap_all .flex_cell.av-4cgqth-c1463cdc42f3a84d07282416e31a6390{\npadding:30px 30px 30px 30px !important;\n}\n<\/style>\n<div class='flex_cell av-4cgqth-c1463cdc42f3a84d07282416e31a6390 av-gridrow-cell av_one_fifth no_margin  avia-builder-el-15  el_after_av_cell_one_fifth  avia-builder-el-last ' ><div class='flex_cell_inner'>\n<style type=\"text\/css\" data-created_by=\"avia_inline_auto\" id=\"style-css-av-2mnisl-b463e48e9ab35258afabc599e500e792\">\n.avia-image-container.av-2mnisl-b463e48e9ab35258afabc599e500e792 img.avia_image{\nbox-shadow:none;\n}\n.avia-image-container.av-2mnisl-b463e48e9ab35258afabc599e500e792 .av-image-caption-overlay-center{\ncolor:#ffffff;\n}\n<\/style>\n<div  class='avia-image-container av-2mnisl-b463e48e9ab35258afabc599e500e792 av-styling- avia-align-center  avia-builder-el-16  avia-builder-el-no-sibling '   itemprop=\"image\" itemscope=\"itemscope\" itemtype=\"https:\/\/schema.org\/ImageObject\" ><div class=\"avia-image-container-inner\"><div class=\"avia-image-overlay-wrap\"><a href=\"https:\/\/aulaabierta.arasaac.org\/de\/personalizacion-opciones-avanzadas-arasaac\" class='avia_image' ><img decoding=\"async\" class='wp-image-96480 avia-img-lazy-loading-not-96480 avia_image ' src=\"https:\/\/aulaabierta.arasaac.org\/wp-content\/uploads\/2016\/12\/next-80x80.png\" alt='' title='next'  height=\"80\" width=\"80\"  itemprop=\"thumbnailUrl\" srcset=\"https:\/\/aulaabierta.arasaac.org\/wp-content\/uploads\/2016\/12\/next-80x80.png 80w, https:\/\/aulaabierta.arasaac.org\/wp-content\/uploads\/2016\/12\/next-36x36.png 36w, https:\/\/aulaabierta.arasaac.org\/wp-content\/uploads\/2016\/12\/next-120x120.png 120w, https:\/\/aulaabierta.arasaac.org\/wp-content\/uploads\/2016\/12\/next.png 128w\" sizes=\"(max-width: 80px) 100vw, 80px\" \/><\/a><\/div><\/div><\/div>\n<\/div><\/div>\n<\/div>\n","protected":false},"excerpt":{"rendered":"","protected":false},"author":5,"featured_media":21683,"parent":0,"menu_order":0,"comment_status":"closed","ping_status":"closed","template":"","meta":{"om_disable_all_campaigns":false,"_monsterinsights_skip_tracking":false,"_monsterinsights_sitenote_active":false,"_monsterinsights_sitenote_note":"","_monsterinsights_sitenote_category":0,"_uf_show_specific_survey":0,"_uf_disable_surveys":false,"footnotes":""},"class_list":["post-21777","page","type-page","status-publish","has-post-thumbnail","hentry"],"aioseo_notices":[],"_links":{"self":[{"href":"https:\/\/aulaabierta.arasaac.org\/de\/wp-json\/wp\/v2\/pages\/21777","targetHints":{"allow":["GET"]}}],"collection":[{"href":"https:\/\/aulaabierta.arasaac.org\/de\/wp-json\/wp\/v2\/pages"}],"about":[{"href":"https:\/\/aulaabierta.arasaac.org\/de\/wp-json\/wp\/v2\/types\/page"}],"author":[{"embeddable":true,"href":"https:\/\/aulaabierta.arasaac.org\/de\/wp-json\/wp\/v2\/users\/5"}],"replies":[{"embeddable":true,"href":"https:\/\/aulaabierta.arasaac.org\/de\/wp-json\/wp\/v2\/comments?post=21777"}],"version-history":[{"count":15,"href":"https:\/\/aulaabierta.arasaac.org\/de\/wp-json\/wp\/v2\/pages\/21777\/revisions"}],"predecessor-version":[{"id":67099,"href":"https:\/\/aulaabierta.arasaac.org\/de\/wp-json\/wp\/v2\/pages\/21777\/revisions\/67099"}],"wp:featuredmedia":[{"embeddable":true,"href":"https:\/\/aulaabierta.arasaac.org\/de\/wp-json\/wp\/v2\/media\/21683"}],"wp:attachment":[{"href":"https:\/\/aulaabierta.arasaac.org\/de\/wp-json\/wp\/v2\/media?parent=21777"}],"curies":[{"name":"wp","href":"https:\/\/api.w.org\/{rel}","templated":true}]}}