{"id":2975,"date":"2017-01-21T07:42:18","date_gmt":"2017-01-21T06:42:18","guid":{"rendered":"http:\/\/aulaabierta.arasaac.org\/?page_id=2975"},"modified":"2022-01-15T16:44:13","modified_gmt":"2022-01-15T15:44:13","slug":"picto-selector-1-introduccion","status":"publish","type":"page","link":"https:\/\/aulaabierta.arasaac.org\/de\/picto-selector-1-introduccion","title":{"rendered":"Picto Selector &#8211; 1 &#8211; Introducci\u00f3n"},"content":{"rendered":"<div id='av-layout-grid-1'  class='av-layout-grid-container av-pks7mn-3d234dbab4c37107565fae9a8589d010 entry-content-wrapper alternate_color av-border-cells av-flex-cells  avia-builder-el-0  el_before_av_textblock  avia-builder-el-first   container_wrap fullsize'  >\n\n<style type=\"text\/css\" data-created_by=\"avia_inline_auto\" id=\"style-css-av-ndb233-19732d57431be3216d919d1144b611dc\">\n.flex_cell.av-ndb233-19732d57431be3216d919d1144b611dc{\nvertical-align:top;\n}\n.responsive #top #wrap_all .flex_cell.av-ndb233-19732d57431be3216d919d1144b611dc{\npadding:30px 30px 30px 30px !important;\n}\n<\/style>\n<div class='flex_cell av-ndb233-19732d57431be3216d919d1144b611dc av-gridrow-cell av_one_fifth no_margin  avia-builder-el-1  el_before_av_cell_four_fifth  avia-builder-el-first ' ><div class='flex_cell_inner'>\n<style type=\"text\/css\" data-created_by=\"avia_inline_auto\" id=\"style-css-av-n1rodr-0d7584981e08a6ff426f95cb471c18b7\">\n.avia-image-container.av-n1rodr-0d7584981e08a6ff426f95cb471c18b7 img.avia_image{\nbox-shadow:none;\n}\n.avia-image-container.av-n1rodr-0d7584981e08a6ff426f95cb471c18b7 .av-caption-image-overlay-bg{\nopacity:0.4;\nbackground-color:#444444;\n}\n.avia-image-container.av-n1rodr-0d7584981e08a6ff426f95cb471c18b7 .av-image-caption-overlay-center{\ncolor:#ffffff;\n}\n<\/style>\n<div  class='avia-image-container av-n1rodr-0d7584981e08a6ff426f95cb471c18b7 av-styling- avia-align-left  avia-builder-el-2  avia-builder-el-no-sibling  noHover av-overlay-on-hover'   itemprop=\"image\" itemscope=\"itemscope\" itemtype=\"https:\/\/schema.org\/ImageObject\" ><div class=\"avia-image-container-inner\"><div class=\"avia-image-overlay-wrap\"><a href=\"https:\/\/aulaabierta.arasaac.org\/de\/picto-selector-inicio\" class='avia_image' ><div class=\"av-image-caption-overlay\"><div class=\"av-caption-image-overlay-bg\"><\/div><div class=\"av-image-caption-overlay-position\"><div class=\"av-image-caption-overlay-center\"><p>Volver a inicio<\/p>\n<\/div><\/div><\/div><img decoding=\"async\" class='wp-image-96499 avia-img-lazy-loading-not-96499 avia_image ' src=\"https:\/\/aulaabierta.arasaac.org\/wp-content\/uploads\/2016\/12\/ordenador_pictoselector-300x300.png\" alt='' title='ordenador_pictoselector'  height=\"300\" width=\"300\"  itemprop=\"thumbnailUrl\" srcset=\"https:\/\/aulaabierta.arasaac.org\/wp-content\/uploads\/2016\/12\/ordenador_pictoselector-300x300.png 300w, https:\/\/aulaabierta.arasaac.org\/wp-content\/uploads\/2016\/12\/ordenador_pictoselector-80x80.png 80w, https:\/\/aulaabierta.arasaac.org\/wp-content\/uploads\/2016\/12\/ordenador_pictoselector-36x36.png 36w, https:\/\/aulaabierta.arasaac.org\/wp-content\/uploads\/2016\/12\/ordenador_pictoselector-180x180.png 180w, https:\/\/aulaabierta.arasaac.org\/wp-content\/uploads\/2016\/12\/ordenador_pictoselector-120x120.png 120w, https:\/\/aulaabierta.arasaac.org\/wp-content\/uploads\/2016\/12\/ordenador_pictoselector-450x450.png 450w, https:\/\/aulaabierta.arasaac.org\/wp-content\/uploads\/2016\/12\/ordenador_pictoselector.png 500w\" sizes=\"(max-width: 300px) 100vw, 300px\" \/><\/a><\/div><\/div><\/div>\n<\/div><\/div>\n<style type=\"text\/css\" data-created_by=\"avia_inline_auto\" id=\"style-css-av-k3f0lb-54957bb32627b806d8c03a01b95116af\">\n.flex_cell.av-k3f0lb-54957bb32627b806d8c03a01b95116af{\nvertical-align:middle;\n}\n.responsive #top #wrap_all .flex_cell.av-k3f0lb-54957bb32627b806d8c03a01b95116af{\npadding:30px 30px 30px 30px !important;\n}\n<\/style>\n<div class='flex_cell av-k3f0lb-54957bb32627b806d8c03a01b95116af av-gridrow-cell av_four_fifth no_margin  avia-builder-el-3  el_after_av_cell_one_fifth  avia-builder-el-last ' ><div class='flex_cell_inner'>\n<style type=\"text\/css\" data-created_by=\"avia_inline_auto\" id=\"style-css-av-jongsf-85a136c7bbea7fa19d940483a327c6da\">\n#top .av-special-heading.av-jongsf-85a136c7bbea7fa19d940483a327c6da{\npadding-bottom:0;\n}\nbody .av-special-heading.av-jongsf-85a136c7bbea7fa19d940483a327c6da .av-special-heading-tag .heading-char{\nfont-size:25px;\n}\n#top #wrap_all .av-special-heading.av-jongsf-85a136c7bbea7fa19d940483a327c6da .av-special-heading-tag{\nfont-size:26px;\n}\n.av-special-heading.av-jongsf-85a136c7bbea7fa19d940483a327c6da .av-subheading{\nfont-size:15px;\n}\n<\/style>\n<div  class='av-special-heading av-jongsf-85a136c7bbea7fa19d940483a327c6da av-special-heading-h2  avia-builder-el-4  avia-builder-el-no-sibling '><h2 class='av-special-heading-tag'  itemprop=\"headline\"  >1. INTRODUCCI\u00d3N<\/h2><div class=\"special-heading-border\"><div class=\"special-heading-inner-border\"><\/div><\/div><\/div>\n<\/div><\/div>\n<\/div><div id='after_grid_row_1'  class='main_color av_default_container_wrap container_wrap fullsize'  ><div class='container av-section-cont-open' ><div class='template-page content  av-content-full alpha units'><div class='post-entry post-entry-type-page post-entry-2975'><div class='entry-content-wrapper clearfix'>\n\n<style type=\"text\/css\" data-created_by=\"avia_inline_auto\" id=\"style-css-av-gxosm7-44bc2b4932318257adc0c49e8b921691\">\n#top .av_textblock_section.av-gxosm7-44bc2b4932318257adc0c49e8b921691 .avia_textblock{\nfont-size:16px;\n}\n<\/style>\n<section  class='av_textblock_section av-gxosm7-44bc2b4932318257adc0c49e8b921691'  itemscope=\"itemscope\" itemtype=\"https:\/\/schema.org\/CreativeWork\" ><div class='avia_textblock'  itemprop=\"text\" ><h6 style=\"text-align: center;\"><strong><img loading=\"lazy\" decoding=\"async\" class=\"aligncenter size-full wp-image-932\" src=\"https:\/\/aulaabierta.arasaac.org\/wp-content\/uploads\/2016\/12\/by-nc-sa.eu_petit.png\" alt=\"\" width=\"118\" height=\"41\" \/>Este obra est\u00e1 bajo una <a href=\"http:\/\/creativecommons.org\/licenses\/by-nc-sa\/4.0\/\" rel=\"license\">licencia de Creative Commons Reconocimiento-NoComercial-CompartirIgual 4.0 Internacional<\/a>.<\/strong><\/h6>\n<hr \/>\n<p><strong>Picto Selector\u00a0<\/strong>es una aplicaci\u00f3n para sistemas operativos <strong>Windows<\/strong> y dise\u00f1ada para facilitar la <strong>selecci\u00f3n e impresi\u00f3n de tableros de comunicaci\u00f3n<\/strong> con <strong>pictogramas, im\u00e1genes y fotograf\u00edas<\/strong>.<\/p>\n<p><img loading=\"lazy\" decoding=\"async\" class=\"aligncenter size-large wp-image-2983\" src=\"https:\/\/aulaabierta.arasaac.org\/wp-content\/uploads\/2017\/01\/Picto-Selector-0-1-1030x550.jpg\" alt=\"\" width=\"1030\" height=\"550\" srcset=\"https:\/\/aulaabierta.arasaac.org\/wp-content\/uploads\/2017\/01\/Picto-Selector-0-1-1030x550.jpg 1030w, https:\/\/aulaabierta.arasaac.org\/wp-content\/uploads\/2017\/01\/Picto-Selector-0-1-300x160.jpg 300w, https:\/\/aulaabierta.arasaac.org\/wp-content\/uploads\/2017\/01\/Picto-Selector-0-1-768x410.jpg 768w, https:\/\/aulaabierta.arasaac.org\/wp-content\/uploads\/2017\/01\/Picto-Selector-0-1-705x376.jpg 705w, https:\/\/aulaabierta.arasaac.org\/wp-content\/uploads\/2017\/01\/Picto-Selector-0-1-450x240.jpg 450w, https:\/\/aulaabierta.arasaac.org\/wp-content\/uploads\/2017\/01\/Picto-Selector-0-1.jpg 1366w\" sizes=\"auto, (max-width: 1030px) 100vw, 1030px\" \/><\/p>\n<p>La aplicaci\u00f3n\u00a0incorpora\u00a0<strong>m\u00e1s de 35.000 pictogramas<\/strong>, incluida toda la base de datos de pictogramas de <a href=\"http:\/\/www.arasaac.org\/\"><strong>ARASAAC<\/strong><\/a>, \u00a0con su correspondiente <strong>traducci\u00f3n a distintos idiomas<\/strong>: Espa\u00f1ol, \u00a0Ingl\u00e9s, Holand\u00e9s, Alem\u00e1n, Franc\u00e9s, Italiano, Portugu\u00e9s, Dan\u00e9s, etc.<\/p>\n<p>La <strong>facilidad de uso<\/strong> de la aplicaci\u00f3n simplifica el proceso de <strong>adaptaci\u00f3n y elaboraci\u00f3n de materiales<\/strong> relacionados con la comunicaci\u00f3n aumentativa;<strong> tableros de comunicaci\u00f3n<\/strong>, <strong>rutinas<\/strong>, <strong>horarios<\/strong>, <strong>anticipaci\u00f3n<\/strong>, <strong>mapas conceptuales<\/strong>, etc.<\/p>\n<\/div><\/section>\n<\/div><\/div><\/div><!-- close content main div --><\/div><\/div><div id='av-layout-grid-2'  class='av-layout-grid-container av-famlen-910b338c46ee88a62fe494683459b69f entry-content-wrapper main_color av-border-top-bottom av-flex-cells  avia-builder-el-6  el_after_av_textblock  avia-builder-el-last  grid-row-not-first  container_wrap fullsize'  >\n\n<style type=\"text\/css\" data-created_by=\"avia_inline_auto\" id=\"style-css-av-ecd3jj-68ad547df9e6c674446d0d6e17ce5f6a\">\n.flex_cell.av-ecd3jj-68ad547df9e6c674446d0d6e17ce5f6a{\nvertical-align:top;\n}\n.responsive #top #wrap_all .flex_cell.av-ecd3jj-68ad547df9e6c674446d0d6e17ce5f6a{\npadding:30px 30px 30px 30px !important;\n}\n<\/style>\n<div class='flex_cell av-ecd3jj-68ad547df9e6c674446d0d6e17ce5f6a av-gridrow-cell av_one_fifth no_margin  avia-builder-el-7  el_before_av_cell_one_fifth  avia-builder-el-first ' ><div class='flex_cell_inner'>\n<style type=\"text\/css\" data-created_by=\"avia_inline_auto\" id=\"style-css-av-d07run-00e0ee1a495e80140f251433c4ea9c6b\">\n.avia-image-container.av-d07run-00e0ee1a495e80140f251433c4ea9c6b img.avia_image{\nbox-shadow:none;\n}\n.avia-image-container.av-d07run-00e0ee1a495e80140f251433c4ea9c6b .av-image-caption-overlay-center{\ncolor:#ffffff;\n}\n<\/style>\n<div  class='avia-image-container av-d07run-00e0ee1a495e80140f251433c4ea9c6b av-styling- avia-align-center  avia-builder-el-8  avia-builder-el-no-sibling '   itemprop=\"image\" itemscope=\"itemscope\" itemtype=\"https:\/\/schema.org\/ImageObject\" ><div class=\"avia-image-container-inner\"><div class=\"avia-image-overlay-wrap\"><a href=\"https:\/\/aulaabierta.arasaac.org\/de\/picto-selector-inicio\" class='avia_image' ><img decoding=\"async\" class='wp-image-96479 avia-img-lazy-loading-not-96479 avia_image ' src=\"https:\/\/aulaabierta.arasaac.org\/wp-content\/uploads\/2016\/12\/before-80x80.png\" alt='' title='before'  height=\"80\" width=\"80\"  itemprop=\"thumbnailUrl\" srcset=\"https:\/\/aulaabierta.arasaac.org\/wp-content\/uploads\/2016\/12\/before-80x80.png 80w, https:\/\/aulaabierta.arasaac.org\/wp-content\/uploads\/2016\/12\/before-36x36.png 36w, https:\/\/aulaabierta.arasaac.org\/wp-content\/uploads\/2016\/12\/before-120x120.png 120w, https:\/\/aulaabierta.arasaac.org\/wp-content\/uploads\/2016\/12\/before.png 128w\" sizes=\"(max-width: 80px) 100vw, 80px\" \/><\/a><\/div><\/div><\/div>\n<\/div><\/div>\n<style type=\"text\/css\" data-created_by=\"avia_inline_auto\" id=\"style-css-av-b2k9sf-1ba5f3f646f045fae3ce4191d7da498f\">\n.flex_cell.av-b2k9sf-1ba5f3f646f045fae3ce4191d7da498f{\nvertical-align:top;\n}\n.responsive #top #wrap_all .flex_cell.av-b2k9sf-1ba5f3f646f045fae3ce4191d7da498f{\npadding:30px 30px 30px 30px !important;\n}\n<\/style>\n<div class='flex_cell av-b2k9sf-1ba5f3f646f045fae3ce4191d7da498f av-gridrow-cell av_one_fifth no_margin  avia-builder-el-9  el_after_av_cell_one_fifth  el_before_av_cell_one_fifth ' ><div class='flex_cell_inner'><\/div><\/div>\n<style type=\"text\/css\" data-created_by=\"avia_inline_auto\" id=\"style-css-av-94s1z3-5e139633697754ed2ed3c43955ac0092\">\n.flex_cell.av-94s1z3-5e139633697754ed2ed3c43955ac0092{\nvertical-align:top;\n}\n.responsive #top #wrap_all .flex_cell.av-94s1z3-5e139633697754ed2ed3c43955ac0092{\npadding:30px 30px 30px 30px !important;\n}\n<\/style>\n<div class='flex_cell av-94s1z3-5e139633697754ed2ed3c43955ac0092 av-gridrow-cell av_one_fifth no_margin  avia-builder-el-10  el_after_av_cell_one_fifth  el_before_av_cell_one_fifth ' ><div class='flex_cell_inner'>\n<style type=\"text\/css\" data-created_by=\"avia_inline_auto\" id=\"style-css-av-73airz-a7ff79110a802f1ffdfa63e33f9cd9b8\">\n.avia-image-container.av-73airz-a7ff79110a802f1ffdfa63e33f9cd9b8 img.avia_image{\nbox-shadow:none;\n}\n.avia-image-container.av-73airz-a7ff79110a802f1ffdfa63e33f9cd9b8 .av-image-caption-overlay-center{\ncolor:#ffffff;\n}\n<\/style>\n<div  class='avia-image-container av-73airz-a7ff79110a802f1ffdfa63e33f9cd9b8 av-styling- avia-align-center  avia-builder-el-11  avia-builder-el-no-sibling '   itemprop=\"image\" itemscope=\"itemscope\" itemtype=\"https:\/\/schema.org\/ImageObject\" ><div class=\"avia-image-container-inner\"><div class=\"avia-image-overlay-wrap\"><a href=\"https:\/\/aulaabierta.arasaac.org\/de\/picto-selector-inicio\" class='avia_image' ><img decoding=\"async\" class='wp-image-96481 avia-img-lazy-loading-not-96481 avia_image ' src=\"https:\/\/aulaabierta.arasaac.org\/wp-content\/uploads\/2016\/12\/casa-80x80.png\" alt='' title='Inicio'  height=\"80\" width=\"80\"  itemprop=\"thumbnailUrl\" srcset=\"https:\/\/aulaabierta.arasaac.org\/wp-content\/uploads\/2016\/12\/casa-80x80.png 80w, https:\/\/aulaabierta.arasaac.org\/wp-content\/uploads\/2016\/12\/casa-300x300.png 300w, https:\/\/aulaabierta.arasaac.org\/wp-content\/uploads\/2016\/12\/casa-36x36.png 36w, https:\/\/aulaabierta.arasaac.org\/wp-content\/uploads\/2016\/12\/casa-180x180.png 180w, https:\/\/aulaabierta.arasaac.org\/wp-content\/uploads\/2016\/12\/casa-120x120.png 120w, https:\/\/aulaabierta.arasaac.org\/wp-content\/uploads\/2016\/12\/casa-450x450.png 450w, https:\/\/aulaabierta.arasaac.org\/wp-content\/uploads\/2016\/12\/casa.png 500w\" sizes=\"(max-width: 80px) 100vw, 80px\" \/><\/a><\/div><\/div><\/div>\n<\/div><\/div>\n<style type=\"text\/css\" data-created_by=\"avia_inline_auto\" id=\"style-css-av-6cbdcv-231720919eaf851573da4c63b5a0de0c\">\n.flex_cell.av-6cbdcv-231720919eaf851573da4c63b5a0de0c{\nvertical-align:top;\n}\n.responsive #top #wrap_all .flex_cell.av-6cbdcv-231720919eaf851573da4c63b5a0de0c{\npadding:30px 30px 30px 30px !important;\n}\n<\/style>\n<div class='flex_cell av-6cbdcv-231720919eaf851573da4c63b5a0de0c av-gridrow-cell av_one_fifth no_margin  avia-builder-el-12  el_after_av_cell_one_fifth  el_before_av_cell_one_fifth ' ><div class='flex_cell_inner'><\/div><\/div>\n<style type=\"text\/css\" data-created_by=\"avia_inline_auto\" id=\"style-css-av-cu63j-edccb847f49c095dcd98d99895fa77e4\">\n.flex_cell.av-cu63j-edccb847f49c095dcd98d99895fa77e4{\nvertical-align:top;\n}\n.responsive #top #wrap_all .flex_cell.av-cu63j-edccb847f49c095dcd98d99895fa77e4{\npadding:30px 30px 30px 30px !important;\n}\n<\/style>\n<div class='flex_cell av-cu63j-edccb847f49c095dcd98d99895fa77e4 av-gridrow-cell av_one_fifth no_margin  avia-builder-el-13  el_after_av_cell_one_fifth  avia-builder-el-last ' ><div class='flex_cell_inner'>\n<style type=\"text\/css\" data-created_by=\"avia_inline_auto\" id=\"style-css-av-210g7j-d35db3bc64a752da3f6a28609478fa04\">\n.avia-image-container.av-210g7j-d35db3bc64a752da3f6a28609478fa04 img.avia_image{\nbox-shadow:none;\n}\n.avia-image-container.av-210g7j-d35db3bc64a752da3f6a28609478fa04 .av-image-caption-overlay-center{\ncolor:#ffffff;\n}\n<\/style>\n<div  class='avia-image-container av-210g7j-d35db3bc64a752da3f6a28609478fa04 av-styling- avia-align-center  avia-builder-el-14  avia-builder-el-no-sibling '   itemprop=\"image\" itemscope=\"itemscope\" itemtype=\"https:\/\/schema.org\/ImageObject\" ><div class=\"avia-image-container-inner\"><div class=\"avia-image-overlay-wrap\"><a href=\"https:\/\/aulaabierta.arasaac.org\/de\/picto-selector-2-instalacion\" class='avia_image' ><img decoding=\"async\" class='wp-image-96480 avia-img-lazy-loading-not-96480 avia_image ' src=\"https:\/\/aulaabierta.arasaac.org\/wp-content\/uploads\/2016\/12\/next-80x80.png\" alt='' title='next'  height=\"80\" width=\"80\"  itemprop=\"thumbnailUrl\" srcset=\"https:\/\/aulaabierta.arasaac.org\/wp-content\/uploads\/2016\/12\/next-80x80.png 80w, https:\/\/aulaabierta.arasaac.org\/wp-content\/uploads\/2016\/12\/next-36x36.png 36w, https:\/\/aulaabierta.arasaac.org\/wp-content\/uploads\/2016\/12\/next-120x120.png 120w, https:\/\/aulaabierta.arasaac.org\/wp-content\/uploads\/2016\/12\/next.png 128w\" sizes=\"(max-width: 80px) 100vw, 80px\" \/><\/a><\/div><\/div><\/div>\n<\/div><\/div>\n<\/div>\n","protected":false},"excerpt":{"rendered":"","protected":false},"author":5,"featured_media":1112,"parent":0,"menu_order":0,"comment_status":"closed","ping_status":"closed","template":"","meta":{"om_disable_all_campaigns":false,"_monsterinsights_skip_tracking":false,"_monsterinsights_sitenote_active":false,"_monsterinsights_sitenote_note":"","_monsterinsights_sitenote_category":0,"_uf_show_specific_survey":0,"_uf_disable_surveys":false,"footnotes":""},"class_list":["post-2975","page","type-page","status-publish","has-post-thumbnail","hentry"],"aioseo_notices":[],"_links":{"self":[{"href":"https:\/\/aulaabierta.arasaac.org\/de\/wp-json\/wp\/v2\/pages\/2975","targetHints":{"allow":["GET"]}}],"collection":[{"href":"https:\/\/aulaabierta.arasaac.org\/de\/wp-json\/wp\/v2\/pages"}],"about":[{"href":"https:\/\/aulaabierta.arasaac.org\/de\/wp-json\/wp\/v2\/types\/page"}],"author":[{"embeddable":true,"href":"https:\/\/aulaabierta.arasaac.org\/de\/wp-json\/wp\/v2\/users\/5"}],"replies":[{"embeddable":true,"href":"https:\/\/aulaabierta.arasaac.org\/de\/wp-json\/wp\/v2\/comments?post=2975"}],"version-history":[{"count":8,"href":"https:\/\/aulaabierta.arasaac.org\/de\/wp-json\/wp\/v2\/pages\/2975\/revisions"}],"predecessor-version":[{"id":82240,"href":"https:\/\/aulaabierta.arasaac.org\/de\/wp-json\/wp\/v2\/pages\/2975\/revisions\/82240"}],"wp:featuredmedia":[{"embeddable":true,"href":"https:\/\/aulaabierta.arasaac.org\/de\/wp-json\/wp\/v2\/media\/1112"}],"wp:attachment":[{"href":"https:\/\/aulaabierta.arasaac.org\/de\/wp-json\/wp\/v2\/media?parent=2975"}],"curies":[{"name":"wp","href":"https:\/\/api.w.org\/{rel}","templated":true}]}}