{"id":2989,"date":"2017-01-21T08:19:56","date_gmt":"2017-01-21T07:19:56","guid":{"rendered":"http:\/\/aulaabierta.arasaac.org\/?page_id=2989"},"modified":"2026-04-20T15:27:02","modified_gmt":"2026-04-20T14:27:02","slug":"picto-selector-2-instalacion","status":"publish","type":"page","link":"https:\/\/aulaabierta.arasaac.org\/de\/picto-selector-2-instalacion","title":{"rendered":"Picto Selector &#8211; 2 &#8211; Instalaci\u00f3n"},"content":{"rendered":"<div id='av-layout-grid-1'  class='av-layout-grid-container av-uugp99-543aba5022b19e431e680439bf62b02f entry-content-wrapper alternate_color av-border-cells av-flex-cells  avia-builder-el-0  el_before_av_textblock  avia-builder-el-first   container_wrap fullsize'  >\n\n<style type=\"text\/css\" data-created_by=\"avia_inline_auto\" id=\"style-css-av-tr0azx-d861b7b4a11e01f58dafed3712112d0b\">\n.flex_cell.av-tr0azx-d861b7b4a11e01f58dafed3712112d0b{\nvertical-align:top;\n}\n.responsive #top #wrap_all .flex_cell.av-tr0azx-d861b7b4a11e01f58dafed3712112d0b{\npadding:30px 30px 30px 30px !important;\n}\n<\/style>\n<div class='flex_cell av-tr0azx-d861b7b4a11e01f58dafed3712112d0b av-gridrow-cell av_one_fifth no_margin  avia-builder-el-1  el_before_av_cell_four_fifth  avia-builder-el-first ' ><div class='flex_cell_inner'>\n<style type=\"text\/css\" data-created_by=\"avia_inline_auto\" id=\"style-css-av-ruqyhp-e072802d68c3131312e3ae0a57cea931\">\n.avia-image-container.av-ruqyhp-e072802d68c3131312e3ae0a57cea931 img.avia_image{\nbox-shadow:none;\n}\n.avia-image-container.av-ruqyhp-e072802d68c3131312e3ae0a57cea931 .av-caption-image-overlay-bg{\nopacity:0.4;\nbackground-color:#444444;\n}\n.avia-image-container.av-ruqyhp-e072802d68c3131312e3ae0a57cea931 .av-image-caption-overlay-center{\ncolor:#ffffff;\n}\n<\/style>\n<div  class='avia-image-container av-ruqyhp-e072802d68c3131312e3ae0a57cea931 av-styling- avia-align-left  avia-builder-el-2  avia-builder-el-no-sibling  noHover av-overlay-on-hover'   itemprop=\"image\" itemscope=\"itemscope\" itemtype=\"https:\/\/schema.org\/ImageObject\" ><div class=\"avia-image-container-inner\"><div class=\"avia-image-overlay-wrap\"><a href=\"https:\/\/aulaabierta.arasaac.org\/de\/picto-selector-inicio\" class='avia_image' ><div class=\"av-image-caption-overlay\"><div class=\"av-caption-image-overlay-bg\"><\/div><div class=\"av-image-caption-overlay-position\"><div class=\"av-image-caption-overlay-center\"><p>Volver a inicio<\/p>\n<\/div><\/div><\/div><img decoding=\"async\" class='wp-image-96499 avia-img-lazy-loading-not-96499 avia_image ' src=\"https:\/\/aulaabierta.arasaac.org\/wp-content\/uploads\/2016\/12\/ordenador_pictoselector-300x300.png\" alt='' title='ordenador_pictoselector'  height=\"300\" width=\"300\"  itemprop=\"thumbnailUrl\" srcset=\"https:\/\/aulaabierta.arasaac.org\/wp-content\/uploads\/2016\/12\/ordenador_pictoselector-300x300.png 300w, https:\/\/aulaabierta.arasaac.org\/wp-content\/uploads\/2016\/12\/ordenador_pictoselector-80x80.png 80w, https:\/\/aulaabierta.arasaac.org\/wp-content\/uploads\/2016\/12\/ordenador_pictoselector-36x36.png 36w, https:\/\/aulaabierta.arasaac.org\/wp-content\/uploads\/2016\/12\/ordenador_pictoselector-180x180.png 180w, https:\/\/aulaabierta.arasaac.org\/wp-content\/uploads\/2016\/12\/ordenador_pictoselector-120x120.png 120w, https:\/\/aulaabierta.arasaac.org\/wp-content\/uploads\/2016\/12\/ordenador_pictoselector-450x450.png 450w, https:\/\/aulaabierta.arasaac.org\/wp-content\/uploads\/2016\/12\/ordenador_pictoselector.png 500w\" sizes=\"(max-width: 300px) 100vw, 300px\" \/><\/a><\/div><\/div><\/div>\n<\/div><\/div>\n<style type=\"text\/css\" data-created_by=\"avia_inline_auto\" id=\"style-css-av-qcikzx-ae54850a47ee043f4d4e5de19a0b9260\">\n.flex_cell.av-qcikzx-ae54850a47ee043f4d4e5de19a0b9260{\nvertical-align:middle;\n}\n.responsive #top #wrap_all .flex_cell.av-qcikzx-ae54850a47ee043f4d4e5de19a0b9260{\npadding:30px 30px 30px 30px !important;\n}\n<\/style>\n<div class='flex_cell av-qcikzx-ae54850a47ee043f4d4e5de19a0b9260 av-gridrow-cell av_four_fifth no_margin  avia-builder-el-3  el_after_av_cell_one_fifth  avia-builder-el-last ' ><div class='flex_cell_inner'>\n<style type=\"text\/css\" data-created_by=\"avia_inline_auto\" id=\"style-css-av-o5055p-b660ce9ff83047e256d10a38cce87c10\">\n#top .av-special-heading.av-o5055p-b660ce9ff83047e256d10a38cce87c10{\npadding-bottom:0;\n}\nbody .av-special-heading.av-o5055p-b660ce9ff83047e256d10a38cce87c10 .av-special-heading-tag .heading-char{\nfont-size:25px;\n}\n#top #wrap_all .av-special-heading.av-o5055p-b660ce9ff83047e256d10a38cce87c10 .av-special-heading-tag{\nfont-size:26px;\n}\n.av-special-heading.av-o5055p-b660ce9ff83047e256d10a38cce87c10 .av-subheading{\nfont-size:15px;\n}\n<\/style>\n<div  class='av-special-heading av-o5055p-b660ce9ff83047e256d10a38cce87c10 av-special-heading-h2  avia-builder-el-4  avia-builder-el-no-sibling '><h2 class='av-special-heading-tag'  itemprop=\"headline\"  >2. INSTALACI\u00d3N<\/h2><div class=\"special-heading-border\"><div class=\"special-heading-inner-border\"><\/div><\/div><\/div>\n<\/div><\/div>\n<\/div><div id='after_grid_row_1'  class='main_color av_default_container_wrap container_wrap fullsize'  ><div class='container av-section-cont-open' ><div class='template-page content  av-content-full alpha units'><div class='post-entry post-entry-type-page post-entry-2989'><div class='entry-content-wrapper clearfix'>\n<section  class='av_textblock_section av-mgnna5-33aaa77efa144984b279cdc5f96624fa'  itemscope=\"itemscope\" itemtype=\"https:\/\/schema.org\/CreativeWork\" ><div class='avia_textblock'  itemprop=\"text\" ><h6 style=\"text-align: center;\"><strong><img loading=\"lazy\" decoding=\"async\" class=\"aligncenter size-full wp-image-932\" src=\"https:\/\/aulaabierta.arasaac.org\/wp-content\/uploads\/2016\/12\/by-nc-sa.eu_petit.png\" alt=\"\" width=\"118\" height=\"41\" \/>Este obra est\u00e1 bajo una <a href=\"http:\/\/creativecommons.org\/licenses\/by-nc-sa\/4.0\/\" rel=\"license\">licencia de Creative Commons Reconocimiento-NoComercial-CompartirIgual 4.0 Internacional<\/a>.<\/strong><\/h6>\n<hr \/>\n<\/div><\/section>\n\n<style type=\"text\/css\" data-created_by=\"avia_inline_auto\" id=\"style-css-av-lgif59-2d3b955bb5fce96e464b3473f264fd05\">\n#top .av-special-heading.av-lgif59-2d3b955bb5fce96e464b3473f264fd05{\npadding-bottom:10px;\n}\nbody .av-special-heading.av-lgif59-2d3b955bb5fce96e464b3473f264fd05 .av-special-heading-tag .heading-char{\nfont-size:25px;\n}\n.av-special-heading.av-lgif59-2d3b955bb5fce96e464b3473f264fd05 .av-subheading{\nfont-size:15px;\n}\n<\/style>\n<div  class='av-special-heading av-lgif59-2d3b955bb5fce96e464b3473f264fd05 av-special-heading-h3  avia-builder-el-6  el_after_av_textblock  el_before_av_video '><h3 class='av-special-heading-tag'  itemprop=\"headline\"  >Videotutorial<\/h3><div class=\"special-heading-border\"><div class=\"special-heading-inner-border\"><\/div><\/div><\/div>\n<div  class='avia-video av-1v06q5-62c6e83c6cf4f7ff0519e5146241798e avia-video-16-9 av-no-preview-image avia-video-load-always av-lazyload-immediate av-lazyload-video-embed'  itemprop=\"video\" itemtype=\"https:\/\/schema.org\/VideoObject\"  data-original_url='https:\/\/youtu.be\/iSp5V6DwNJ4'><script type='text\/html' class='av-video-tmpl'><div class='avia-iframe-wrap'><iframe loading=\"lazy\" width=\"1500\" height=\"844\" src=\"https:\/\/www.youtube.com\/embed\/iSp5V6DwNJ4?feature=oembed&autoplay=0&loop=0&controls=1&mute=0\" frameborder=\"0\" allowfullscreen><\/iframe><\/div><\/script><div class='av-click-to-play-overlay'><div class=\"avia_playpause_icon\"><\/div><\/div><\/div>\n\n<style type=\"text\/css\" data-created_by=\"avia_inline_auto\" id=\"style-css-av-hm5xb1-19fd7ede78621a4ef22c4c77d4a638c8\">\n#top .av-special-heading.av-hm5xb1-19fd7ede78621a4ef22c4c77d4a638c8{\npadding-bottom:10px;\n}\nbody .av-special-heading.av-hm5xb1-19fd7ede78621a4ef22c4c77d4a638c8 .av-special-heading-tag .heading-char{\nfont-size:25px;\n}\n.av-special-heading.av-hm5xb1-19fd7ede78621a4ef22c4c77d4a638c8 .av-subheading{\nfont-size:15px;\n}\n<\/style>\n<div  class='av-special-heading av-hm5xb1-19fd7ede78621a4ef22c4c77d4a638c8 av-special-heading-h3  avia-builder-el-8  el_after_av_video  el_before_av_textblock '><h3 class='av-special-heading-tag'  itemprop=\"headline\"  >Tutorial<\/h3><div class=\"special-heading-border\"><div class=\"special-heading-inner-border\"><\/div><\/div><\/div>\n\n<style type=\"text\/css\" data-created_by=\"avia_inline_auto\" id=\"style-css-av-mo7a83dc-1bcd90b863d5114d1bc520e7597a6316\">\n#top .av_textblock_section.av-mo7a83dc-1bcd90b863d5114d1bc520e7597a6316 .avia_textblock{\nfont-size:16px;\n}\n<\/style>\n<section  class='av_textblock_section av-mo7a83dc-1bcd90b863d5114d1bc520e7597a6316'  itemscope=\"itemscope\" itemtype=\"https:\/\/schema.org\/CreativeWork\" ><div class='avia_textblock'  itemprop=\"text\" ><p>Para descargar e instalar la aplicaci\u00f3n\u00a0<strong>Picto Selector<\/strong>, debemos abrir en nuestro navegador la\u00a0<strong><a href=\"https:\/\/www.pictoselector.eu\/es\/\" target=\"_blank\" rel=\"noopener noreferrer\">p\u00e1gina web de Picto Selector<\/a>.<\/strong><\/p>\n<p><img loading=\"lazy\" decoding=\"async\" class=\"aligncenter size-large wp-image-2991\" src=\"https:\/\/aulaabierta.arasaac.org\/wp-content\/uploads\/2017\/01\/Picto-Selector-1-1030x554.jpg\" alt=\"\" width=\"1030\" height=\"554\" srcset=\"https:\/\/aulaabierta.arasaac.org\/wp-content\/uploads\/2017\/01\/Picto-Selector-1-1030x554.jpg 1030w, https:\/\/aulaabierta.arasaac.org\/wp-content\/uploads\/2017\/01\/Picto-Selector-1-300x161.jpg 300w, https:\/\/aulaabierta.arasaac.org\/wp-content\/uploads\/2017\/01\/Picto-Selector-1-768x413.jpg 768w, https:\/\/aulaabierta.arasaac.org\/wp-content\/uploads\/2017\/01\/Picto-Selector-1-705x379.jpg 705w, https:\/\/aulaabierta.arasaac.org\/wp-content\/uploads\/2017\/01\/Picto-Selector-1-450x242.jpg 450w, https:\/\/aulaabierta.arasaac.org\/wp-content\/uploads\/2017\/01\/Picto-Selector-1.jpg 1345w\" sizes=\"auto, (max-width: 1030px) 100vw, 1030px\" \/><\/p>\n<p>Una vez dentro de ella, baj\u00e1is hacia abajo utilizando el scroll de la pantalla y puls\u00e1is en el bot\u00f3n <strong>+INFO<\/strong> del apartado <strong>1 DESCARGAR<\/strong>.<\/p>\n<p><img loading=\"lazy\" decoding=\"async\" class=\"alignnone size-full wp-image-152165\" src=\"https:\/\/aulaabierta.arasaac.org\/wp-content\/uploads\/2026\/04\/PictoSelector_descarga1.jpg\" alt=\"\" width=\"1170\" height=\"908\" srcset=\"https:\/\/aulaabierta.arasaac.org\/wp-content\/uploads\/2026\/04\/PictoSelector_descarga1.jpg 1170w, https:\/\/aulaabierta.arasaac.org\/wp-content\/uploads\/2026\/04\/PictoSelector_descarga1-300x233.jpg 300w, https:\/\/aulaabierta.arasaac.org\/wp-content\/uploads\/2026\/04\/PictoSelector_descarga1-1030x799.jpg 1030w, https:\/\/aulaabierta.arasaac.org\/wp-content\/uploads\/2026\/04\/PictoSelector_descarga1-768x596.jpg 768w, https:\/\/aulaabierta.arasaac.org\/wp-content\/uploads\/2026\/04\/PictoSelector_descarga1-705x547.jpg 705w\" sizes=\"auto, (max-width: 1170px) 100vw, 1170px\" \/><\/p>\n<p>El <strong>navegador detecta el sistema operativo de nuestro ordenador<\/strong> y nos ofrece la instalaci\u00f3n en <strong>Windows<\/strong><strong>.<\/strong><\/p>\n<p><img loading=\"lazy\" decoding=\"async\" class=\"alignnone size-full wp-image-152166\" src=\"https:\/\/aulaabierta.arasaac.org\/wp-content\/uploads\/2026\/04\/PictoSelector_descarga2.jpg\" alt=\"\" width=\"1163\" height=\"862\" srcset=\"https:\/\/aulaabierta.arasaac.org\/wp-content\/uploads\/2026\/04\/PictoSelector_descarga2.jpg 1163w, https:\/\/aulaabierta.arasaac.org\/wp-content\/uploads\/2026\/04\/PictoSelector_descarga2-300x222.jpg 300w, https:\/\/aulaabierta.arasaac.org\/wp-content\/uploads\/2026\/04\/PictoSelector_descarga2-1030x763.jpg 1030w, https:\/\/aulaabierta.arasaac.org\/wp-content\/uploads\/2026\/04\/PictoSelector_descarga2-768x569.jpg 768w, https:\/\/aulaabierta.arasaac.org\/wp-content\/uploads\/2026\/04\/PictoSelector_descarga2-705x523.jpg 705w\" sizes=\"auto, (max-width: 1163px) 100vw, 1163px\" \/><\/p>\n<p>Pulsamos en bot\u00f3n de <strong>DESCARGA PICTO-SELECTOR<\/strong> <strong>para Windows<\/strong> y nos aparecer\u00e1 la ventana de descarga del archivo de instalaci\u00f3n<strong> setup_complete<\/strong>. S\u00f3lo tenemos que guardar el archivo en cualquier\u00a0carpeta de nuestro ordenador.<\/p>\n<p><strong>(IMPORTANTE)<\/strong> La instalaci\u00f3n para Mac que se ofrece en la web no funciona con Mac modernos al no llevar procesadores Intel y, por tanto, no permite la instalaci\u00f3n y arranque. Por ello, recomendamos su uso exclusivo en Windows.<\/p>\n<p><img loading=\"lazy\" decoding=\"async\" class=\"aligncenter size-full wp-image-2995\" src=\"https:\/\/aulaabierta.arasaac.org\/wp-content\/uploads\/2017\/01\/Picto-Selector-4.jpg\" alt=\"\" width=\"676\" height=\"480\" srcset=\"https:\/\/aulaabierta.arasaac.org\/wp-content\/uploads\/2017\/01\/Picto-Selector-4.jpg 676w, https:\/\/aulaabierta.arasaac.org\/wp-content\/uploads\/2017\/01\/Picto-Selector-4-300x213.jpg 300w, https:\/\/aulaabierta.arasaac.org\/wp-content\/uploads\/2017\/01\/Picto-Selector-4-260x185.jpg 260w, https:\/\/aulaabierta.arasaac.org\/wp-content\/uploads\/2017\/01\/Picto-Selector-4-450x320.jpg 450w\" sizes=\"auto, (max-width: 676px) 100vw, 676px\" \/><\/p>\n<p>Durante el proceso de instalaci\u00f3n, s\u00f3lo tenemos que seguir los pasos que aparecen en pantalla hasta llegar al \u00faltimo recuadro y utilizar el bot\u00f3n\u00a0<strong>Instalar<\/strong>.<\/p>\n<p><img loading=\"lazy\" decoding=\"async\" class=\"aligncenter size-full wp-image-3001\" src=\"https:\/\/aulaabierta.arasaac.org\/wp-content\/uploads\/2017\/01\/Picto-Selector-5.jpg\" alt=\"\" width=\"989\" height=\"714\" srcset=\"https:\/\/aulaabierta.arasaac.org\/wp-content\/uploads\/2017\/01\/Picto-Selector-5.jpg 989w, https:\/\/aulaabierta.arasaac.org\/wp-content\/uploads\/2017\/01\/Picto-Selector-5-300x217.jpg 300w, https:\/\/aulaabierta.arasaac.org\/wp-content\/uploads\/2017\/01\/Picto-Selector-5-768x554.jpg 768w, https:\/\/aulaabierta.arasaac.org\/wp-content\/uploads\/2017\/01\/Picto-Selector-5-705x509.jpg 705w, https:\/\/aulaabierta.arasaac.org\/wp-content\/uploads\/2017\/01\/Picto-Selector-5-450x325.jpg 450w\" sizes=\"auto, (max-width: 989px) 100vw, 989px\" \/><\/p>\n<p>Una vez finalizado el proceso de instalaci\u00f3n, aparece en pantalla una ventana desde la que ya podemos <strong>iniciar la aplicaci\u00f3n<\/strong> por primera vez. Tambi\u00e9n os aparecer\u00e1 el <strong>icono<\/strong> de <strong>Picto Selector<\/strong> en vuestro escritorio.<\/p>\n<p><img loading=\"lazy\" decoding=\"async\" class=\"aligncenter size-full wp-image-3003\" src=\"https:\/\/aulaabierta.arasaac.org\/wp-content\/uploads\/2017\/01\/Picto-Selector-6.jpg\" alt=\"\" width=\"508\" height=\"398\" srcset=\"https:\/\/aulaabierta.arasaac.org\/wp-content\/uploads\/2017\/01\/Picto-Selector-6.jpg 508w, https:\/\/aulaabierta.arasaac.org\/wp-content\/uploads\/2017\/01\/Picto-Selector-6-300x235.jpg 300w, https:\/\/aulaabierta.arasaac.org\/wp-content\/uploads\/2017\/01\/Picto-Selector-6-450x353.jpg 450w\" sizes=\"auto, (max-width: 508px) 100vw, 508px\" \/><\/p>\n<p>Como<strong> Picto Selector puede funcionar en red y ser utilizado por\u00a0varios usuarios<\/strong>, cuando inici\u00e9is\u00a0por primera vez os pedir\u00e1 un <strong>nombre de usuario<\/strong>. De esta forma, puede ser utilizado por distintas personas cuando el ordenador est\u00e1 compartido\u00a0y guardar los trabajos de cada una por separado.<strong>\u00a0<\/strong><\/p>\n<p>Si vais a utilizar el ordenador de uso personal, os recomendamos que utilic\u00e9is\u00a0la cuenta de <strong>Administrador,\u00a0<\/strong>que aparece por defecto.<\/p>\n<p><img loading=\"lazy\" decoding=\"async\" class=\"aligncenter size-full wp-image-3004\" src=\"https:\/\/aulaabierta.arasaac.org\/wp-content\/uploads\/2017\/01\/Picto-Selector-7.jpg\" alt=\"\" width=\"373\" height=\"277\" srcset=\"https:\/\/aulaabierta.arasaac.org\/wp-content\/uploads\/2017\/01\/Picto-Selector-7.jpg 373w, https:\/\/aulaabierta.arasaac.org\/wp-content\/uploads\/2017\/01\/Picto-Selector-7-300x223.jpg 300w\" sizes=\"auto, (max-width: 373px) 100vw, 373px\" \/><\/p>\n<p>Una de las grandes implementaciones de <strong>Picto Selector<\/strong>\u00a0\u00a0es que, cada vez que arranquemos la aplicaci\u00f3n, se conecta con la base de datos principal y os advierte de las<strong> nuevas actualizaciones <\/strong>de la aplicaci\u00f3n y de los<strong> nuevos pictogramas<\/strong> a\u00f1adidos, para que proced\u00e1is a\u00a0realizar las<strong>\u00a0actualizaciones <\/strong>de ambos en vuestro ordenador. De esta forma, <strong>Picto Selector<\/strong> estar\u00e1 <strong>siempre actualizado<\/strong> a la \u00faltima versi\u00f3n y contendr\u00e1 todos los pictogramas actualizados hasta la fecha actual.<\/p>\n<p><img loading=\"lazy\" decoding=\"async\" class=\"aligncenter size-large wp-image-3009\" src=\"https:\/\/aulaabierta.arasaac.org\/wp-content\/uploads\/2017\/01\/Picto-Selector-8-1-1030x552.jpg\" alt=\"\" width=\"1030\" height=\"552\" srcset=\"https:\/\/aulaabierta.arasaac.org\/wp-content\/uploads\/2017\/01\/Picto-Selector-8-1-1030x552.jpg 1030w, https:\/\/aulaabierta.arasaac.org\/wp-content\/uploads\/2017\/01\/Picto-Selector-8-1-300x161.jpg 300w, https:\/\/aulaabierta.arasaac.org\/wp-content\/uploads\/2017\/01\/Picto-Selector-8-1-768x412.jpg 768w, https:\/\/aulaabierta.arasaac.org\/wp-content\/uploads\/2017\/01\/Picto-Selector-8-1-705x378.jpg 705w, https:\/\/aulaabierta.arasaac.org\/wp-content\/uploads\/2017\/01\/Picto-Selector-8-1-450x241.jpg 450w, https:\/\/aulaabierta.arasaac.org\/wp-content\/uploads\/2017\/01\/Picto-Selector-8-1.jpg 1366w\" sizes=\"auto, (max-width: 1030px) 100vw, 1030px\" \/><\/p>\n<\/div><\/section>\n<\/div><\/div><\/div><!-- close content main div --><\/div><\/div><div id='av-layout-grid-2'  class='av-layout-grid-container av-1jtg9p-cc98af2413f23d52b5849cdb8e91fc0d entry-content-wrapper main_color av-border-top-bottom av-flex-cells  avia-builder-el-10  el_after_av_textblock  avia-builder-el-last  grid-row-not-first  container_wrap fullsize'  >\n\n<style type=\"text\/css\" data-created_by=\"avia_inline_auto\" id=\"style-css-av-e40td9-b041aa6a4fd594bee96a49d19c5d5221\">\n.flex_cell.av-e40td9-b041aa6a4fd594bee96a49d19c5d5221{\nvertical-align:top;\n}\n.responsive #top #wrap_all .flex_cell.av-e40td9-b041aa6a4fd594bee96a49d19c5d5221{\npadding:30px 30px 30px 30px !important;\n}\n<\/style>\n<div class='flex_cell av-e40td9-b041aa6a4fd594bee96a49d19c5d5221 av-gridrow-cell av_one_fifth no_margin  avia-builder-el-11  el_before_av_cell_one_fifth  avia-builder-el-first ' ><div class='flex_cell_inner'>\n<style type=\"text\/css\" data-created_by=\"avia_inline_auto\" id=\"style-css-av-clw31p-e34f73241fa8268ee1c74fa3252e01f4\">\n.avia-image-container.av-clw31p-e34f73241fa8268ee1c74fa3252e01f4 img.avia_image{\nbox-shadow:none;\n}\n.avia-image-container.av-clw31p-e34f73241fa8268ee1c74fa3252e01f4 .av-image-caption-overlay-center{\ncolor:#ffffff;\n}\n<\/style>\n<div  class='avia-image-container av-clw31p-e34f73241fa8268ee1c74fa3252e01f4 av-styling- avia-align-center  avia-builder-el-12  avia-builder-el-no-sibling '   itemprop=\"image\" itemscope=\"itemscope\" itemtype=\"https:\/\/schema.org\/ImageObject\" ><div class=\"avia-image-container-inner\"><div class=\"avia-image-overlay-wrap\"><a href=\"https:\/\/aulaabierta.arasaac.org\/de\/picto-selector-1-introduccion\" class='avia_image' ><img decoding=\"async\" class='wp-image-96479 avia-img-lazy-loading-not-96479 avia_image ' src=\"https:\/\/aulaabierta.arasaac.org\/wp-content\/uploads\/2016\/12\/before-80x80.png\" alt='' title='before'  height=\"80\" width=\"80\"  itemprop=\"thumbnailUrl\" srcset=\"https:\/\/aulaabierta.arasaac.org\/wp-content\/uploads\/2016\/12\/before-80x80.png 80w, https:\/\/aulaabierta.arasaac.org\/wp-content\/uploads\/2016\/12\/before-36x36.png 36w, https:\/\/aulaabierta.arasaac.org\/wp-content\/uploads\/2016\/12\/before-120x120.png 120w, https:\/\/aulaabierta.arasaac.org\/wp-content\/uploads\/2016\/12\/before.png 128w\" sizes=\"(max-width: 80px) 100vw, 80px\" \/><\/a><\/div><\/div><\/div>\n<\/div><\/div>\n<style type=\"text\/css\" data-created_by=\"avia_inline_auto\" id=\"style-css-av-15jwm5-a0a305db54674cb563742ae9384213aa\">\n.flex_cell.av-15jwm5-a0a305db54674cb563742ae9384213aa{\nvertical-align:top;\n}\n.responsive #top #wrap_all .flex_cell.av-15jwm5-a0a305db54674cb563742ae9384213aa{\npadding:30px 30px 30px 30px !important;\n}\n<\/style>\n<div class='flex_cell av-15jwm5-a0a305db54674cb563742ae9384213aa av-gridrow-cell av_one_fifth no_margin  avia-builder-el-13  el_after_av_cell_one_fifth  el_before_av_cell_one_fifth ' ><div class='flex_cell_inner'><\/div><\/div>\n<style type=\"text\/css\" data-created_by=\"avia_inline_auto\" id=\"style-css-av-8n6wrx-9f1cebee6e7ef52b801705c94e8f7de0\">\n.flex_cell.av-8n6wrx-9f1cebee6e7ef52b801705c94e8f7de0{\nvertical-align:top;\n}\n.responsive #top #wrap_all .flex_cell.av-8n6wrx-9f1cebee6e7ef52b801705c94e8f7de0{\npadding:30px 30px 30px 30px !important;\n}\n<\/style>\n<div class='flex_cell av-8n6wrx-9f1cebee6e7ef52b801705c94e8f7de0 av-gridrow-cell av_one_fifth no_margin  avia-builder-el-14  el_after_av_cell_one_fifth  el_before_av_cell_one_fifth ' ><div class='flex_cell_inner'>\n<style type=\"text\/css\" data-created_by=\"avia_inline_auto\" id=\"style-css-av-oo1wd-578258c6705ba0d1fa1bb6b05aaa04c5\">\n.avia-image-container.av-oo1wd-578258c6705ba0d1fa1bb6b05aaa04c5 img.avia_image{\nbox-shadow:none;\n}\n.avia-image-container.av-oo1wd-578258c6705ba0d1fa1bb6b05aaa04c5 .av-image-caption-overlay-center{\ncolor:#ffffff;\n}\n<\/style>\n<div  class='avia-image-container av-oo1wd-578258c6705ba0d1fa1bb6b05aaa04c5 av-styling- avia-align-center  avia-builder-el-15  avia-builder-el-no-sibling '   itemprop=\"image\" itemscope=\"itemscope\" itemtype=\"https:\/\/schema.org\/ImageObject\" ><div class=\"avia-image-container-inner\"><div class=\"avia-image-overlay-wrap\"><a href=\"https:\/\/aulaabierta.arasaac.org\/de\/picto-selector-inicio\" class='avia_image' ><img decoding=\"async\" class='wp-image-96481 avia-img-lazy-loading-not-96481 avia_image ' src=\"https:\/\/aulaabierta.arasaac.org\/wp-content\/uploads\/2016\/12\/casa-80x80.png\" alt='' title='Inicio'  height=\"80\" width=\"80\"  itemprop=\"thumbnailUrl\" srcset=\"https:\/\/aulaabierta.arasaac.org\/wp-content\/uploads\/2016\/12\/casa-80x80.png 80w, https:\/\/aulaabierta.arasaac.org\/wp-content\/uploads\/2016\/12\/casa-300x300.png 300w, https:\/\/aulaabierta.arasaac.org\/wp-content\/uploads\/2016\/12\/casa-36x36.png 36w, https:\/\/aulaabierta.arasaac.org\/wp-content\/uploads\/2016\/12\/casa-180x180.png 180w, https:\/\/aulaabierta.arasaac.org\/wp-content\/uploads\/2016\/12\/casa-120x120.png 120w, https:\/\/aulaabierta.arasaac.org\/wp-content\/uploads\/2016\/12\/casa-450x450.png 450w, https:\/\/aulaabierta.arasaac.org\/wp-content\/uploads\/2016\/12\/casa.png 500w\" sizes=\"(max-width: 80px) 100vw, 80px\" \/><\/a><\/div><\/div><\/div>\n<\/div><\/div>\n<style type=\"text\/css\" data-created_by=\"avia_inline_auto\" id=\"style-css-av-5z94ct-eb7d3f5bcc0903ef8a852942ecc8faa5\">\n.flex_cell.av-5z94ct-eb7d3f5bcc0903ef8a852942ecc8faa5{\nvertical-align:top;\n}\n.responsive #top #wrap_all .flex_cell.av-5z94ct-eb7d3f5bcc0903ef8a852942ecc8faa5{\npadding:30px 30px 30px 30px !important;\n}\n<\/style>\n<div class='flex_cell av-5z94ct-eb7d3f5bcc0903ef8a852942ecc8faa5 av-gridrow-cell av_one_fifth no_margin  avia-builder-el-16  el_after_av_cell_one_fifth  el_before_av_cell_one_fifth ' ><div class='flex_cell_inner'><\/div><\/div>\n<style type=\"text\/css\" data-created_by=\"avia_inline_auto\" id=\"style-css-av-3xul6l-e97db59b2f80ffc3492f54d9a6d0f033\">\n.flex_cell.av-3xul6l-e97db59b2f80ffc3492f54d9a6d0f033{\nvertical-align:top;\n}\n.responsive #top #wrap_all .flex_cell.av-3xul6l-e97db59b2f80ffc3492f54d9a6d0f033{\npadding:30px 30px 30px 30px !important;\n}\n<\/style>\n<div class='flex_cell av-3xul6l-e97db59b2f80ffc3492f54d9a6d0f033 av-gridrow-cell av_one_fifth no_margin  avia-builder-el-17  el_after_av_cell_one_fifth  avia-builder-el-last ' ><div class='flex_cell_inner'>\n<style type=\"text\/css\" data-created_by=\"avia_inline_auto\" id=\"style-css-av-2yasnh-6f1d2e27ae628f1f3206a9ad9ca887fc\">\n.avia-image-container.av-2yasnh-6f1d2e27ae628f1f3206a9ad9ca887fc img.avia_image{\nbox-shadow:none;\n}\n.avia-image-container.av-2yasnh-6f1d2e27ae628f1f3206a9ad9ca887fc .av-image-caption-overlay-center{\ncolor:#ffffff;\n}\n<\/style>\n<div  class='avia-image-container av-2yasnh-6f1d2e27ae628f1f3206a9ad9ca887fc av-styling- avia-align-center  avia-builder-el-18  avia-builder-el-no-sibling '   itemprop=\"image\" itemscope=\"itemscope\" itemtype=\"https:\/\/schema.org\/ImageObject\" ><div class=\"avia-image-container-inner\"><div class=\"avia-image-overlay-wrap\"><a href=\"https:\/\/aulaabierta.arasaac.org\/de\/picto-selector-3-exportar-pictogramas-a-nuestro-procesador-de-textos-o-a-nuestra-presentacion-de-diaposivas\" class='avia_image' ><img decoding=\"async\" class='wp-image-96480 avia-img-lazy-loading-not-96480 avia_image ' src=\"https:\/\/aulaabierta.arasaac.org\/wp-content\/uploads\/2016\/12\/next-80x80.png\" alt='' title='next'  height=\"80\" width=\"80\"  itemprop=\"thumbnailUrl\" srcset=\"https:\/\/aulaabierta.arasaac.org\/wp-content\/uploads\/2016\/12\/next-80x80.png 80w, https:\/\/aulaabierta.arasaac.org\/wp-content\/uploads\/2016\/12\/next-36x36.png 36w, https:\/\/aulaabierta.arasaac.org\/wp-content\/uploads\/2016\/12\/next-120x120.png 120w, https:\/\/aulaabierta.arasaac.org\/wp-content\/uploads\/2016\/12\/next.png 128w\" sizes=\"(max-width: 80px) 100vw, 80px\" \/><\/a><\/div><\/div><\/div>\n<\/div><\/div>\n<\/div>\n","protected":false},"excerpt":{"rendered":"","protected":false},"author":5,"featured_media":1112,"parent":0,"menu_order":0,"comment_status":"closed","ping_status":"closed","template":"","meta":{"om_disable_all_campaigns":false,"_monsterinsights_skip_tracking":false,"_monsterinsights_sitenote_active":false,"_monsterinsights_sitenote_note":"","_monsterinsights_sitenote_category":0,"_uf_show_specific_survey":0,"_uf_disable_surveys":false,"footnotes":""},"class_list":["post-2989","page","type-page","status-publish","has-post-thumbnail","hentry"],"aioseo_notices":[],"_links":{"self":[{"href":"https:\/\/aulaabierta.arasaac.org\/de\/wp-json\/wp\/v2\/pages\/2989","targetHints":{"allow":["GET"]}}],"collection":[{"href":"https:\/\/aulaabierta.arasaac.org\/de\/wp-json\/wp\/v2\/pages"}],"about":[{"href":"https:\/\/aulaabierta.arasaac.org\/de\/wp-json\/wp\/v2\/types\/page"}],"author":[{"embeddable":true,"href":"https:\/\/aulaabierta.arasaac.org\/de\/wp-json\/wp\/v2\/users\/5"}],"replies":[{"embeddable":true,"href":"https:\/\/aulaabierta.arasaac.org\/de\/wp-json\/wp\/v2\/comments?post=2989"}],"version-history":[{"count":16,"href":"https:\/\/aulaabierta.arasaac.org\/de\/wp-json\/wp\/v2\/pages\/2989\/revisions"}],"predecessor-version":[{"id":152164,"href":"https:\/\/aulaabierta.arasaac.org\/de\/wp-json\/wp\/v2\/pages\/2989\/revisions\/152164"}],"wp:featuredmedia":[{"embeddable":true,"href":"https:\/\/aulaabierta.arasaac.org\/de\/wp-json\/wp\/v2\/media\/1112"}],"wp:attachment":[{"href":"https:\/\/aulaabierta.arasaac.org\/de\/wp-json\/wp\/v2\/media?parent=2989"}],"curies":[{"name":"wp","href":"https:\/\/api.w.org\/{rel}","templated":true}]}}