{"id":3643,"date":"2017-01-27T20:25:39","date_gmt":"2017-01-27T19:25:39","guid":{"rendered":"http:\/\/aulaabierta.arasaac.org\/?page_id=3643"},"modified":"2022-01-15T17:05:24","modified_gmt":"2022-01-15T16:05:24","slug":"emoticonos","status":"publish","type":"page","link":"https:\/\/aulaabierta.arasaac.org\/de\/emoticonos","title":{"rendered":"Picto Selector &#8211; 11 &#8211; Emoticonos"},"content":{"rendered":"<div id='av-layout-grid-1'  class='av-layout-grid-container av-av_layout_row-cf0131907da0bd4ef305776fbd0391d0 entry-content-wrapper alternate_color av-border-cells av-flex-cells  avia-builder-el-0  el_before_av_textblock  avia-builder-el-first   container_wrap fullsize'  >\n\n<style type=\"text\/css\" data-created_by=\"avia_inline_auto\" id=\"style-css-av-av_cell_one_fifth-5227a743201b625eadc00b27db60eab9\">\n.flex_cell.av-av_cell_one_fifth-5227a743201b625eadc00b27db60eab9{\nvertical-align:top;\n}\n.responsive #top #wrap_all .flex_cell.av-av_cell_one_fifth-5227a743201b625eadc00b27db60eab9{\npadding:30px 30px 30px 30px !important;\n}\n<\/style>\n<div class='flex_cell av-av_cell_one_fifth-5227a743201b625eadc00b27db60eab9 av-gridrow-cell av_one_fifth no_margin  avia-builder-el-1  el_before_av_cell_four_fifth  avia-builder-el-first ' ><div class='flex_cell_inner'>\n<style type=\"text\/css\" data-created_by=\"avia_inline_auto\" id=\"style-css-av-av_image-aef93e721fcbf37222464cb48a52b173\">\n.avia-image-container.av-av_image-aef93e721fcbf37222464cb48a52b173 img.avia_image{\nbox-shadow:none;\n}\n.avia-image-container.av-av_image-aef93e721fcbf37222464cb48a52b173 .av-caption-image-overlay-bg{\nopacity:0.4;\nbackground-color:#444444;\n}\n.avia-image-container.av-av_image-aef93e721fcbf37222464cb48a52b173 .av-image-caption-overlay-center{\ncolor:#ffffff;\n}\n<\/style>\n<div  class='avia-image-container av-av_image-aef93e721fcbf37222464cb48a52b173 av-styling- avia-align-left  avia-builder-el-2  avia-builder-el-no-sibling  noHover av-overlay-on-hover'   itemprop=\"image\" itemscope=\"itemscope\" itemtype=\"https:\/\/schema.org\/ImageObject\" ><div class=\"avia-image-container-inner\"><div class=\"avia-image-overlay-wrap\"><a href=\"https:\/\/aulaabierta.arasaac.org\/de\/picto-selector-inicio\" class='avia_image' ><div class=\"av-image-caption-overlay\"><div class=\"av-caption-image-overlay-bg\"><\/div><div class=\"av-image-caption-overlay-position\"><div class=\"av-image-caption-overlay-center\"><p>Volver a inicio<\/p>\n<\/div><\/div><\/div><img decoding=\"async\" class='wp-image-96499 avia-img-lazy-loading-not-96499 avia_image ' src=\"https:\/\/aulaabierta.arasaac.org\/wp-content\/uploads\/2016\/12\/ordenador_pictoselector-300x300.png\" alt='' title='ordenador_pictoselector'  height=\"300\" width=\"300\"  itemprop=\"thumbnailUrl\" srcset=\"https:\/\/aulaabierta.arasaac.org\/wp-content\/uploads\/2016\/12\/ordenador_pictoselector-300x300.png 300w, https:\/\/aulaabierta.arasaac.org\/wp-content\/uploads\/2016\/12\/ordenador_pictoselector-80x80.png 80w, https:\/\/aulaabierta.arasaac.org\/wp-content\/uploads\/2016\/12\/ordenador_pictoselector-36x36.png 36w, https:\/\/aulaabierta.arasaac.org\/wp-content\/uploads\/2016\/12\/ordenador_pictoselector-180x180.png 180w, https:\/\/aulaabierta.arasaac.org\/wp-content\/uploads\/2016\/12\/ordenador_pictoselector-120x120.png 120w, https:\/\/aulaabierta.arasaac.org\/wp-content\/uploads\/2016\/12\/ordenador_pictoselector-450x450.png 450w, https:\/\/aulaabierta.arasaac.org\/wp-content\/uploads\/2016\/12\/ordenador_pictoselector.png 500w\" sizes=\"(max-width: 300px) 100vw, 300px\" \/><\/a><\/div><\/div><\/div>\n<\/div><\/div>\n<style type=\"text\/css\" data-created_by=\"avia_inline_auto\" id=\"style-css-av-av_cell_four_fifth-51bfb5260486183706b211b34d210c4f\">\n.flex_cell.av-av_cell_four_fifth-51bfb5260486183706b211b34d210c4f{\nvertical-align:middle;\n}\n.responsive #top #wrap_all .flex_cell.av-av_cell_four_fifth-51bfb5260486183706b211b34d210c4f{\npadding:30px 30px 30px 30px !important;\n}\n<\/style>\n<div class='flex_cell av-av_cell_four_fifth-51bfb5260486183706b211b34d210c4f av-gridrow-cell av_four_fifth no_margin  avia-builder-el-3  el_after_av_cell_one_fifth  avia-builder-el-last ' ><div class='flex_cell_inner'>\n<style type=\"text\/css\" data-created_by=\"avia_inline_auto\" id=\"style-css-av-av_heading-2ecdff440b1a252bdf30b3855d5067d4\">\n#top .av-special-heading.av-av_heading-2ecdff440b1a252bdf30b3855d5067d4{\npadding-bottom:0;\n}\nbody .av-special-heading.av-av_heading-2ecdff440b1a252bdf30b3855d5067d4 .av-special-heading-tag .heading-char{\nfont-size:25px;\n}\n#top #wrap_all .av-special-heading.av-av_heading-2ecdff440b1a252bdf30b3855d5067d4 .av-special-heading-tag{\nfont-size:26px;\n}\n.av-special-heading.av-av_heading-2ecdff440b1a252bdf30b3855d5067d4 .av-subheading{\nfont-size:15px;\n}\n<\/style>\n<div  class='av-special-heading av-av_heading-2ecdff440b1a252bdf30b3855d5067d4 av-special-heading-h2  avia-builder-el-4  avia-builder-el-no-sibling '><h2 class='av-special-heading-tag'  itemprop=\"headline\"  >11. EMOTICONOS<\/h2><div class=\"special-heading-border\"><div class=\"special-heading-inner-border\"><\/div><\/div><\/div>\n<\/div><\/div>\n<\/div><div id='after_grid_row_1'  class='main_color av_default_container_wrap container_wrap fullsize'  ><div class='container av-section-cont-open' ><div class='template-page content  av-content-full alpha units'><div class='post-entry post-entry-type-page post-entry-3643'><div class='entry-content-wrapper clearfix'>\n<section  class='av_textblock_section av-av_textblock-0366cc7376be6c9e82a3e9cc8987b64f'  itemscope=\"itemscope\" itemtype=\"https:\/\/schema.org\/CreativeWork\" ><div class='avia_textblock'  itemprop=\"text\" ><h6 style=\"text-align: center;\"><strong><img loading=\"lazy\" decoding=\"async\" class=\"aligncenter size-full wp-image-932\" src=\"https:\/\/aulaabierta.arasaac.org\/wp-content\/uploads\/2016\/12\/by-nc-sa.eu_petit.png\" alt=\"\" width=\"118\" height=\"41\" \/>Este obra est\u00e1 bajo una <a href=\"http:\/\/creativecommons.org\/licenses\/by-nc-sa\/4.0\/\" rel=\"license\">licencia de Creative Commons Reconocimiento-NoComercial-CompartirIgual 4.0 Internacional<\/a>.<\/strong><\/h6>\n<hr \/>\n<\/div><\/section>\n\n<style type=\"text\/css\" data-created_by=\"avia_inline_auto\" id=\"style-css-av-av_heading-5a66d77d44d66cd69db1164322d29355\">\n#top .av-special-heading.av-av_heading-5a66d77d44d66cd69db1164322d29355{\npadding-bottom:10px;\n}\nbody .av-special-heading.av-av_heading-5a66d77d44d66cd69db1164322d29355 .av-special-heading-tag .heading-char{\nfont-size:25px;\n}\n.av-special-heading.av-av_heading-5a66d77d44d66cd69db1164322d29355 .av-subheading{\nfont-size:15px;\n}\n<\/style>\n<div  class='av-special-heading av-av_heading-5a66d77d44d66cd69db1164322d29355 av-special-heading-h3  avia-builder-el-6  el_after_av_textblock  el_before_av_video '><h3 class='av-special-heading-tag'  itemprop=\"headline\"  >Videotutorial<\/h3><div class=\"special-heading-border\"><div class=\"special-heading-inner-border\"><\/div><\/div><\/div>\n<div  class='avia-video av-av_video-ee70f4dbe2ca585f3feed26e7dc63187 avia-video-16-9 av-no-preview-image avia-video-load-always av-lazyload-immediate av-lazyload-video-embed'  itemprop=\"video\" itemtype=\"https:\/\/schema.org\/VideoObject\"  data-original_url='https:\/\/youtu.be\/-TiPNBPLWTg'><script type='text\/html' class='av-video-tmpl'><div class='avia-iframe-wrap'><iframe loading=\"lazy\" width=\"1500\" height=\"844\" src=\"https:\/\/www.youtube.com\/embed\/-TiPNBPLWTg?feature=oembed&autoplay=0&loop=0&controls=1&mute=0\" frameborder=\"0\" allowfullscreen><\/iframe><\/div><\/script><div class='av-click-to-play-overlay'><div class=\"avia_playpause_icon\"><\/div><\/div><\/div>\n\n<style type=\"text\/css\" data-created_by=\"avia_inline_auto\" id=\"style-css-av-av_heading-4622dc87a0aaff0f89ef4cdd087565fe\">\n#top .av-special-heading.av-av_heading-4622dc87a0aaff0f89ef4cdd087565fe{\npadding-bottom:10px;\n}\nbody .av-special-heading.av-av_heading-4622dc87a0aaff0f89ef4cdd087565fe .av-special-heading-tag .heading-char{\nfont-size:25px;\n}\n.av-special-heading.av-av_heading-4622dc87a0aaff0f89ef4cdd087565fe .av-subheading{\nfont-size:15px;\n}\n<\/style>\n<div  class='av-special-heading av-av_heading-4622dc87a0aaff0f89ef4cdd087565fe av-special-heading-h3  avia-builder-el-8  el_after_av_video  el_before_av_textblock '><h3 class='av-special-heading-tag'  itemprop=\"headline\"  >Tutorial<\/h3><div class=\"special-heading-border\"><div class=\"special-heading-inner-border\"><\/div><\/div><\/div>\n\n<style type=\"text\/css\" data-created_by=\"avia_inline_auto\" id=\"style-css-av-av_textblock-fae8699d538200a543ba402659dba9b0\">\n#top .av_textblock_section.av-av_textblock-fae8699d538200a543ba402659dba9b0 .avia_textblock{\nfont-size:16px;\n}\n<\/style>\n<section  class='av_textblock_section av-av_textblock-fae8699d538200a543ba402659dba9b0'  itemscope=\"itemscope\" itemtype=\"https:\/\/schema.org\/CreativeWork\" ><div class='avia_textblock'  itemprop=\"text\" ><p>El t\u00e9rmino <strong>emoticono<\/strong>\u00a0proviene del ingl\u00e9s<strong> emoticon (smiley)<\/strong>, que deriva de los vocablos <strong>emotion<\/strong>, que significa emoci\u00f3n, e <strong><em>icon<\/em><\/strong>, que significa icono, s\u00edmbolo o representaci\u00f3n gr\u00e1fica. Como ya sab\u00e9is los utilizamos muy a menudo en nuestros servicios de mensajer\u00eda instant\u00e1nea y todo el mundo est\u00e1 familiarizado con ellos.<\/p>\n<p><strong>Picto Selector<\/strong> incorpora tambi\u00e9n\u00a0la librer\u00eda de <strong>Emoticonos<\/strong> entre sus pictogramas ya que disponen de una licencia Creative Commons, que permite su uso en esta aplicaci\u00f3n.<\/p>\n<p><img loading=\"lazy\" decoding=\"async\" class=\"aligncenter size-full wp-image-3454\" src=\"https:\/\/aulaabierta.arasaac.org\/wp-content\/uploads\/2017\/01\/Picto-Selector-43.jpg\" alt=\"\" width=\"765\" height=\"178\" srcset=\"https:\/\/aulaabierta.arasaac.org\/wp-content\/uploads\/2017\/01\/Picto-Selector-43.jpg 765w, https:\/\/aulaabierta.arasaac.org\/wp-content\/uploads\/2017\/01\/Picto-Selector-43-300x70.jpg 300w, https:\/\/aulaabierta.arasaac.org\/wp-content\/uploads\/2017\/01\/Picto-Selector-43-705x164.jpg 705w, https:\/\/aulaabierta.arasaac.org\/wp-content\/uploads\/2017\/01\/Picto-Selector-43-450x105.jpg 450w\" sizes=\"auto, (max-width: 765px) 100vw, 765px\" \/><\/p>\n<p>Para utilizar los\u00a0emoticonos en nuestra hoja de pictogramas, pulsamos en el icono <strong>Emoticonos<\/strong>\u00a0de la galer\u00eda de pictogramas y aprece\u00a0una nueva ventana emergente desde la que vamos a introducirlos.<\/p>\n<p><img loading=\"lazy\" decoding=\"async\" class=\"aligncenter size-large wp-image-3644\" src=\"https:\/\/aulaabierta.arasaac.org\/wp-content\/uploads\/2017\/01\/Picto-Selector-82-1030x579.jpg\" alt=\"\" width=\"1030\" height=\"579\" srcset=\"https:\/\/aulaabierta.arasaac.org\/wp-content\/uploads\/2017\/01\/Picto-Selector-82-1030x579.jpg 1030w, https:\/\/aulaabierta.arasaac.org\/wp-content\/uploads\/2017\/01\/Picto-Selector-82-300x169.jpg 300w, https:\/\/aulaabierta.arasaac.org\/wp-content\/uploads\/2017\/01\/Picto-Selector-82-768x432.jpg 768w, https:\/\/aulaabierta.arasaac.org\/wp-content\/uploads\/2017\/01\/Picto-Selector-82-705x396.jpg 705w, https:\/\/aulaabierta.arasaac.org\/wp-content\/uploads\/2017\/01\/Picto-Selector-82-450x253.jpg 450w, https:\/\/aulaabierta.arasaac.org\/wp-content\/uploads\/2017\/01\/Picto-Selector-82.jpg 1366w\" sizes=\"auto, (max-width: 1030px) 100vw, 1030px\" \/><\/p>\n<p>El manejo de esta ventana es muy sencillo y s\u00f3lo tenemos que utilizar el bot\u00f3n de <strong>Seleccionar emoticonos&#8230;<\/strong>\u00a0 para que aparezca una nueva ventana en la que encontraremos todos los <strong>emoticonos ordenados por categor\u00edas<\/strong>.<\/p>\n<p><img loading=\"lazy\" decoding=\"async\" class=\"aligncenter size-large wp-image-3645\" src=\"https:\/\/aulaabierta.arasaac.org\/wp-content\/uploads\/2017\/01\/Picto-Selector-83-1030x579.jpg\" alt=\"\" width=\"1030\" height=\"579\" srcset=\"https:\/\/aulaabierta.arasaac.org\/wp-content\/uploads\/2017\/01\/Picto-Selector-83-1030x579.jpg 1030w, https:\/\/aulaabierta.arasaac.org\/wp-content\/uploads\/2017\/01\/Picto-Selector-83-300x169.jpg 300w, https:\/\/aulaabierta.arasaac.org\/wp-content\/uploads\/2017\/01\/Picto-Selector-83-768x432.jpg 768w, https:\/\/aulaabierta.arasaac.org\/wp-content\/uploads\/2017\/01\/Picto-Selector-83-705x396.jpg 705w, https:\/\/aulaabierta.arasaac.org\/wp-content\/uploads\/2017\/01\/Picto-Selector-83-450x253.jpg 450w, https:\/\/aulaabierta.arasaac.org\/wp-content\/uploads\/2017\/01\/Picto-Selector-83.jpg 1366w\" sizes=\"auto, (max-width: 1030px) 100vw, 1030px\" \/><\/p>\n<p>Vamos navegando por estas categor\u00edas y seleccionando los emoticonos que vamos a utilizar. En nuestro caso, hemos preparado un actividad que consiste en &#8222;<strong>Rodear la car\u00ecta sonriente de color verde<\/strong>&#8222;.<\/p>\n<p><img loading=\"lazy\" decoding=\"async\" class=\"aligncenter size-large wp-image-3646\" src=\"https:\/\/aulaabierta.arasaac.org\/wp-content\/uploads\/2017\/01\/Picto-Selector-84-1030x579.jpg\" alt=\"\" width=\"1030\" height=\"579\" srcset=\"https:\/\/aulaabierta.arasaac.org\/wp-content\/uploads\/2017\/01\/Picto-Selector-84-1030x579.jpg 1030w, https:\/\/aulaabierta.arasaac.org\/wp-content\/uploads\/2017\/01\/Picto-Selector-84-300x169.jpg 300w, https:\/\/aulaabierta.arasaac.org\/wp-content\/uploads\/2017\/01\/Picto-Selector-84-768x432.jpg 768w, https:\/\/aulaabierta.arasaac.org\/wp-content\/uploads\/2017\/01\/Picto-Selector-84-705x396.jpg 705w, https:\/\/aulaabierta.arasaac.org\/wp-content\/uploads\/2017\/01\/Picto-Selector-84-450x253.jpg 450w, https:\/\/aulaabierta.arasaac.org\/wp-content\/uploads\/2017\/01\/Picto-Selector-84.jpg 1366w\" sizes=\"auto, (max-width: 1030px) 100vw, 1030px\" \/><\/p>\n<p>Los emoticonos tienen las mismas posibilidades de formato que el resto de los pictogramas. Podemos <strong>cambiar el\u00a0formato<\/strong> desde la ventana de Emoticonos, utilizando las opciones que ya hemos comentado en otros pictogramas: <strong>Borde<\/strong>, <strong>Antes de colorear<\/strong>, <strong>Colorear<\/strong>\u00a0y <strong>fondo<\/strong>. Os recomendamos que hag\u00e1is algunas pruebas para familiarizaros con estas opciones.<\/p>\n<p><img loading=\"lazy\" decoding=\"async\" class=\"aligncenter size-full wp-image-3669\" src=\"https:\/\/aulaabierta.arasaac.org\/wp-content\/uploads\/2017\/01\/Picto-Selector-84a.jpg\" alt=\"\" width=\"602\" height=\"368\" srcset=\"https:\/\/aulaabierta.arasaac.org\/wp-content\/uploads\/2017\/01\/Picto-Selector-84a.jpg 602w, https:\/\/aulaabierta.arasaac.org\/wp-content\/uploads\/2017\/01\/Picto-Selector-84a-300x183.jpg 300w, https:\/\/aulaabierta.arasaac.org\/wp-content\/uploads\/2017\/01\/Picto-Selector-84a-450x275.jpg 450w\" sizes=\"auto, (max-width: 602px) 100vw, 602px\" \/><\/p>\n<p>Tambi\u00e9n pod\u00e9is utilizar los <strong>Ajustes\u00a0\u00a0del Borde<\/strong>, utilizando el men\u00fa contextual, para terminar de dar el aspecto deseado a nuestro emoticono. En nuestro ejemplo, hemos ajustado el borde del pictograma-modelo de la actividad con los ajustes de la imagen inferior.<\/p>\n<p><img loading=\"lazy\" decoding=\"async\" class=\"aligncenter size-large wp-image-3671\" src=\"https:\/\/aulaabierta.arasaac.org\/wp-content\/uploads\/2017\/01\/Picto-Selector-84b-1030x579.jpg\" alt=\"\" width=\"1030\" height=\"579\" srcset=\"https:\/\/aulaabierta.arasaac.org\/wp-content\/uploads\/2017\/01\/Picto-Selector-84b-1030x579.jpg 1030w, https:\/\/aulaabierta.arasaac.org\/wp-content\/uploads\/2017\/01\/Picto-Selector-84b-300x169.jpg 300w, https:\/\/aulaabierta.arasaac.org\/wp-content\/uploads\/2017\/01\/Picto-Selector-84b-768x432.jpg 768w, https:\/\/aulaabierta.arasaac.org\/wp-content\/uploads\/2017\/01\/Picto-Selector-84b-705x396.jpg 705w, https:\/\/aulaabierta.arasaac.org\/wp-content\/uploads\/2017\/01\/Picto-Selector-84b-450x253.jpg 450w, https:\/\/aulaabierta.arasaac.org\/wp-content\/uploads\/2017\/01\/Picto-Selector-84b.jpg 1366w\" sizes=\"auto, (max-width: 1030px) 100vw, 1030px\" \/><\/p>\n<p>Vamos a ver el resultado final.\u00a0Para ello nos dirigimos al men\u00fa <strong>Archivo <\/strong>y seleccionamos la opci\u00f3n de <strong>Imprimir<\/strong>\u00a0para previsualizar el resultado y realizar una de las acciones:<strong> Guardar como archivo PDF<\/strong>, \u00a0<strong>Guardar como archivo gr\u00e1fico<\/strong>\u00a0o <strong>Imprimir<\/strong>.<\/p>\n<p><img loading=\"lazy\" decoding=\"async\" class=\"aligncenter size-large wp-image-3664\" src=\"https:\/\/aulaabierta.arasaac.org\/wp-content\/uploads\/2017\/01\/Picto-Selector-85-1-1030x579.jpg\" alt=\"\" width=\"1030\" height=\"579\" srcset=\"https:\/\/aulaabierta.arasaac.org\/wp-content\/uploads\/2017\/01\/Picto-Selector-85-1-1030x579.jpg 1030w, https:\/\/aulaabierta.arasaac.org\/wp-content\/uploads\/2017\/01\/Picto-Selector-85-1-300x169.jpg 300w, https:\/\/aulaabierta.arasaac.org\/wp-content\/uploads\/2017\/01\/Picto-Selector-85-1-768x432.jpg 768w, https:\/\/aulaabierta.arasaac.org\/wp-content\/uploads\/2017\/01\/Picto-Selector-85-1-705x396.jpg 705w, https:\/\/aulaabierta.arasaac.org\/wp-content\/uploads\/2017\/01\/Picto-Selector-85-1-450x253.jpg 450w, https:\/\/aulaabierta.arasaac.org\/wp-content\/uploads\/2017\/01\/Picto-Selector-85-1.jpg 1366w\" sizes=\"auto, (max-width: 1030px) 100vw, 1030px\" \/><\/p>\n<\/div><\/section>\n<\/div><\/div><\/div><!-- close content main div --><\/div><\/div><div id='av-layout-grid-2'  class='av-layout-grid-container av-av_layout_row-ff89abd0ebc2125893d5f3061474122c entry-content-wrapper main_color av-border-top-bottom av-flex-cells  avia-builder-el-10  el_after_av_textblock  avia-builder-el-last  grid-row-not-first  container_wrap fullsize'  >\n\n<style type=\"text\/css\" data-created_by=\"avia_inline_auto\" id=\"style-css-av-av_cell_one_fifth-5227a743201b625eadc00b27db60eab9\">\n.flex_cell.av-av_cell_one_fifth-5227a743201b625eadc00b27db60eab9{\nvertical-align:top;\n}\n.responsive #top #wrap_all .flex_cell.av-av_cell_one_fifth-5227a743201b625eadc00b27db60eab9{\npadding:30px 30px 30px 30px !important;\n}\n<\/style>\n<div class='flex_cell av-av_cell_one_fifth-5227a743201b625eadc00b27db60eab9 av-gridrow-cell av_one_fifth no_margin  avia-builder-el-11  el_before_av_cell_one_fifth  avia-builder-el-first ' ><div class='flex_cell_inner'>\n<style type=\"text\/css\" data-created_by=\"avia_inline_auto\" id=\"style-css-av-av_image-cb95b17d800f19c6d758ab735cf06678\">\n.avia-image-container.av-av_image-cb95b17d800f19c6d758ab735cf06678 img.avia_image{\nbox-shadow:none;\n}\n.avia-image-container.av-av_image-cb95b17d800f19c6d758ab735cf06678 .av-image-caption-overlay-center{\ncolor:#ffffff;\n}\n<\/style>\n<div  class='avia-image-container av-av_image-cb95b17d800f19c6d758ab735cf06678 av-styling- avia-align-center  avia-builder-el-12  avia-builder-el-no-sibling '   itemprop=\"image\" itemscope=\"itemscope\" itemtype=\"https:\/\/schema.org\/ImageObject\" ><div class=\"avia-image-container-inner\"><div class=\"avia-image-overlay-wrap\"><a href=\"https:\/\/aulaabierta.arasaac.org\/de\/pictograma-de-sclera\" class='avia_image' ><img decoding=\"async\" class='wp-image-96479 avia-img-lazy-loading-not-96479 avia_image ' src=\"https:\/\/aulaabierta.arasaac.org\/wp-content\/uploads\/2016\/12\/before-80x80.png\" alt='' title='before'  height=\"80\" width=\"80\"  itemprop=\"thumbnailUrl\" srcset=\"https:\/\/aulaabierta.arasaac.org\/wp-content\/uploads\/2016\/12\/before-80x80.png 80w, https:\/\/aulaabierta.arasaac.org\/wp-content\/uploads\/2016\/12\/before-36x36.png 36w, https:\/\/aulaabierta.arasaac.org\/wp-content\/uploads\/2016\/12\/before-120x120.png 120w, https:\/\/aulaabierta.arasaac.org\/wp-content\/uploads\/2016\/12\/before.png 128w\" sizes=\"(max-width: 80px) 100vw, 80px\" \/><\/a><\/div><\/div><\/div>\n<\/div><\/div>\n<style type=\"text\/css\" data-created_by=\"avia_inline_auto\" id=\"style-css-av-av_cell_one_fifth-5227a743201b625eadc00b27db60eab9\">\n.flex_cell.av-av_cell_one_fifth-5227a743201b625eadc00b27db60eab9{\nvertical-align:top;\n}\n.responsive #top #wrap_all .flex_cell.av-av_cell_one_fifth-5227a743201b625eadc00b27db60eab9{\npadding:30px 30px 30px 30px !important;\n}\n<\/style>\n<div class='flex_cell av-av_cell_one_fifth-5227a743201b625eadc00b27db60eab9 av-gridrow-cell av_one_fifth no_margin  avia-builder-el-13  el_after_av_cell_one_fifth  el_before_av_cell_one_fifth ' ><div class='flex_cell_inner'><\/div><\/div>\n<style type=\"text\/css\" data-created_by=\"avia_inline_auto\" id=\"style-css-av-av_cell_one_fifth-5227a743201b625eadc00b27db60eab9\">\n.flex_cell.av-av_cell_one_fifth-5227a743201b625eadc00b27db60eab9{\nvertical-align:top;\n}\n.responsive #top #wrap_all .flex_cell.av-av_cell_one_fifth-5227a743201b625eadc00b27db60eab9{\npadding:30px 30px 30px 30px !important;\n}\n<\/style>\n<div class='flex_cell av-av_cell_one_fifth-5227a743201b625eadc00b27db60eab9 av-gridrow-cell av_one_fifth no_margin  avia-builder-el-14  el_after_av_cell_one_fifth  el_before_av_cell_one_fifth ' ><div class='flex_cell_inner'>\n<style type=\"text\/css\" data-created_by=\"avia_inline_auto\" id=\"style-css-av-av_image-b2ae3d4a3cb5c245466230f74c42895d\">\n.avia-image-container.av-av_image-b2ae3d4a3cb5c245466230f74c42895d img.avia_image{\nbox-shadow:none;\n}\n.avia-image-container.av-av_image-b2ae3d4a3cb5c245466230f74c42895d .av-image-caption-overlay-center{\ncolor:#ffffff;\n}\n<\/style>\n<div  class='avia-image-container av-av_image-b2ae3d4a3cb5c245466230f74c42895d av-styling- avia-align-center  avia-builder-el-15  avia-builder-el-no-sibling '   itemprop=\"image\" itemscope=\"itemscope\" itemtype=\"https:\/\/schema.org\/ImageObject\" ><div class=\"avia-image-container-inner\"><div class=\"avia-image-overlay-wrap\"><a href=\"https:\/\/aulaabierta.arasaac.org\/de\/picto-selector-inicio\" class='avia_image' ><img decoding=\"async\" class='wp-image-96481 avia-img-lazy-loading-not-96481 avia_image ' src=\"https:\/\/aulaabierta.arasaac.org\/wp-content\/uploads\/2016\/12\/casa-80x80.png\" alt='' title='Inicio'  height=\"80\" width=\"80\"  itemprop=\"thumbnailUrl\" srcset=\"https:\/\/aulaabierta.arasaac.org\/wp-content\/uploads\/2016\/12\/casa-80x80.png 80w, https:\/\/aulaabierta.arasaac.org\/wp-content\/uploads\/2016\/12\/casa-300x300.png 300w, https:\/\/aulaabierta.arasaac.org\/wp-content\/uploads\/2016\/12\/casa-36x36.png 36w, https:\/\/aulaabierta.arasaac.org\/wp-content\/uploads\/2016\/12\/casa-180x180.png 180w, https:\/\/aulaabierta.arasaac.org\/wp-content\/uploads\/2016\/12\/casa-120x120.png 120w, https:\/\/aulaabierta.arasaac.org\/wp-content\/uploads\/2016\/12\/casa-450x450.png 450w, https:\/\/aulaabierta.arasaac.org\/wp-content\/uploads\/2016\/12\/casa.png 500w\" sizes=\"(max-width: 80px) 100vw, 80px\" \/><\/a><\/div><\/div><\/div>\n<\/div><\/div>\n<style type=\"text\/css\" data-created_by=\"avia_inline_auto\" id=\"style-css-av-av_cell_one_fifth-5227a743201b625eadc00b27db60eab9\">\n.flex_cell.av-av_cell_one_fifth-5227a743201b625eadc00b27db60eab9{\nvertical-align:top;\n}\n.responsive #top #wrap_all .flex_cell.av-av_cell_one_fifth-5227a743201b625eadc00b27db60eab9{\npadding:30px 30px 30px 30px !important;\n}\n<\/style>\n<div class='flex_cell av-av_cell_one_fifth-5227a743201b625eadc00b27db60eab9 av-gridrow-cell av_one_fifth no_margin  avia-builder-el-16  el_after_av_cell_one_fifth  el_before_av_cell_one_fifth ' ><div class='flex_cell_inner'><\/div><\/div>\n<style type=\"text\/css\" data-created_by=\"avia_inline_auto\" id=\"style-css-av-av_cell_one_fifth-5227a743201b625eadc00b27db60eab9\">\n.flex_cell.av-av_cell_one_fifth-5227a743201b625eadc00b27db60eab9{\nvertical-align:top;\n}\n.responsive #top #wrap_all .flex_cell.av-av_cell_one_fifth-5227a743201b625eadc00b27db60eab9{\npadding:30px 30px 30px 30px !important;\n}\n<\/style>\n<div class='flex_cell av-av_cell_one_fifth-5227a743201b625eadc00b27db60eab9 av-gridrow-cell av_one_fifth no_margin  avia-builder-el-17  el_after_av_cell_one_fifth  avia-builder-el-last ' ><div class='flex_cell_inner'>\n<style type=\"text\/css\" data-created_by=\"avia_inline_auto\" id=\"style-css-av-av_image-81a389522413b4178fc18e1782db070a\">\n.avia-image-container.av-av_image-81a389522413b4178fc18e1782db070a img.avia_image{\nbox-shadow:none;\n}\n.avia-image-container.av-av_image-81a389522413b4178fc18e1782db070a .av-image-caption-overlay-center{\ncolor:#ffffff;\n}\n<\/style>\n<div  class='avia-image-container av-av_image-81a389522413b4178fc18e1782db070a av-styling- avia-align-center  avia-builder-el-18  avia-builder-el-no-sibling '   itemprop=\"image\" itemscope=\"itemscope\" itemtype=\"https:\/\/schema.org\/ImageObject\" ><div class=\"avia-image-container-inner\"><div class=\"avia-image-overlay-wrap\"><a href=\"https:\/\/aulaabierta.arasaac.org\/de\/picto-selector-12-pictograma-de-codigo-qr\" class='avia_image' ><img decoding=\"async\" class='wp-image-96480 avia-img-lazy-loading-not-96480 avia_image ' src=\"https:\/\/aulaabierta.arasaac.org\/wp-content\/uploads\/2016\/12\/next-80x80.png\" alt='' title='next'  height=\"80\" width=\"80\"  itemprop=\"thumbnailUrl\" srcset=\"https:\/\/aulaabierta.arasaac.org\/wp-content\/uploads\/2016\/12\/next-80x80.png 80w, https:\/\/aulaabierta.arasaac.org\/wp-content\/uploads\/2016\/12\/next-36x36.png 36w, https:\/\/aulaabierta.arasaac.org\/wp-content\/uploads\/2016\/12\/next-120x120.png 120w, https:\/\/aulaabierta.arasaac.org\/wp-content\/uploads\/2016\/12\/next.png 128w\" sizes=\"(max-width: 80px) 100vw, 80px\" \/><\/a><\/div><\/div><\/div>\n<\/div><\/div>\n<\/div>\n","protected":false},"excerpt":{"rendered":"","protected":false},"author":5,"featured_media":1112,"parent":0,"menu_order":0,"comment_status":"closed","ping_status":"closed","template":"","meta":{"om_disable_all_campaigns":false,"_monsterinsights_skip_tracking":false,"_monsterinsights_sitenote_active":false,"_monsterinsights_sitenote_note":"","_monsterinsights_sitenote_category":0,"_uf_show_specific_survey":0,"_uf_disable_surveys":false,"footnotes":""},"class_list":["post-3643","page","type-page","status-publish","has-post-thumbnail","hentry"],"aioseo_notices":[],"_links":{"self":[{"href":"https:\/\/aulaabierta.arasaac.org\/de\/wp-json\/wp\/v2\/pages\/3643","targetHints":{"allow":["GET"]}}],"collection":[{"href":"https:\/\/aulaabierta.arasaac.org\/de\/wp-json\/wp\/v2\/pages"}],"about":[{"href":"https:\/\/aulaabierta.arasaac.org\/de\/wp-json\/wp\/v2\/types\/page"}],"author":[{"embeddable":true,"href":"https:\/\/aulaabierta.arasaac.org\/de\/wp-json\/wp\/v2\/users\/5"}],"replies":[{"embeddable":true,"href":"https:\/\/aulaabierta.arasaac.org\/de\/wp-json\/wp\/v2\/comments?post=3643"}],"version-history":[{"count":10,"href":"https:\/\/aulaabierta.arasaac.org\/de\/wp-json\/wp\/v2\/pages\/3643\/revisions"}],"predecessor-version":[{"id":82375,"href":"https:\/\/aulaabierta.arasaac.org\/de\/wp-json\/wp\/v2\/pages\/3643\/revisions\/82375"}],"wp:featuredmedia":[{"embeddable":true,"href":"https:\/\/aulaabierta.arasaac.org\/de\/wp-json\/wp\/v2\/media\/1112"}],"wp:attachment":[{"href":"https:\/\/aulaabierta.arasaac.org\/de\/wp-json\/wp\/v2\/media?parent=3643"}],"curies":[{"name":"wp","href":"https:\/\/api.w.org\/{rel}","templated":true}]}}