{"id":3742,"date":"2017-01-29T09:48:03","date_gmt":"2017-01-29T08:48:03","guid":{"rendered":"http:\/\/aulaabierta.arasaac.org\/?page_id=3742"},"modified":"2022-01-15T19:16:09","modified_gmt":"2022-01-15T18:16:09","slug":"picto-selector-13-barra-de-texto","status":"publish","type":"page","link":"https:\/\/aulaabierta.arasaac.org\/de\/picto-selector-13-barra-de-texto","title":{"rendered":"Picto Selector &#8211; 13 &#8211; Barra de texto"},"content":{"rendered":"<div id='av-layout-grid-1'  class='av-layout-grid-container av-av_layout_row-cf0131907da0bd4ef305776fbd0391d0 entry-content-wrapper alternate_color av-border-cells av-flex-cells  avia-builder-el-0  el_before_av_textblock  avia-builder-el-first   container_wrap fullsize'  >\n\n<style type=\"text\/css\" data-created_by=\"avia_inline_auto\" id=\"style-css-av-av_cell_one_fifth-5227a743201b625eadc00b27db60eab9\">\n.flex_cell.av-av_cell_one_fifth-5227a743201b625eadc00b27db60eab9{\nvertical-align:top;\n}\n.responsive #top #wrap_all .flex_cell.av-av_cell_one_fifth-5227a743201b625eadc00b27db60eab9{\npadding:30px 30px 30px 30px !important;\n}\n<\/style>\n<div class='flex_cell av-av_cell_one_fifth-5227a743201b625eadc00b27db60eab9 av-gridrow-cell av_one_fifth no_margin  avia-builder-el-1  el_before_av_cell_four_fifth  avia-builder-el-first ' ><div class='flex_cell_inner'>\n<style type=\"text\/css\" data-created_by=\"avia_inline_auto\" id=\"style-css-av-av_image-aef93e721fcbf37222464cb48a52b173\">\n.avia-image-container.av-av_image-aef93e721fcbf37222464cb48a52b173 img.avia_image{\nbox-shadow:none;\n}\n.avia-image-container.av-av_image-aef93e721fcbf37222464cb48a52b173 .av-caption-image-overlay-bg{\nopacity:0.4;\nbackground-color:#444444;\n}\n.avia-image-container.av-av_image-aef93e721fcbf37222464cb48a52b173 .av-image-caption-overlay-center{\ncolor:#ffffff;\n}\n<\/style>\n<div  class='avia-image-container av-av_image-aef93e721fcbf37222464cb48a52b173 av-styling- avia-align-left  avia-builder-el-2  avia-builder-el-no-sibling  noHover av-overlay-on-hover'   itemprop=\"image\" itemscope=\"itemscope\" itemtype=\"https:\/\/schema.org\/ImageObject\" ><div class=\"avia-image-container-inner\"><div class=\"avia-image-overlay-wrap\"><a href=\"https:\/\/aulaabierta.arasaac.org\/de\/picto-selector-inicio\" class='avia_image' ><div class=\"av-image-caption-overlay\"><div class=\"av-caption-image-overlay-bg\"><\/div><div class=\"av-image-caption-overlay-position\"><div class=\"av-image-caption-overlay-center\"><p>Volver a inicio<\/p>\n<\/div><\/div><\/div><img decoding=\"async\" class='wp-image-96499 avia-img-lazy-loading-not-96499 avia_image ' src=\"https:\/\/aulaabierta.arasaac.org\/wp-content\/uploads\/2016\/12\/ordenador_pictoselector-300x300.png\" alt='' title='ordenador_pictoselector'  height=\"300\" width=\"300\"  itemprop=\"thumbnailUrl\" srcset=\"https:\/\/aulaabierta.arasaac.org\/wp-content\/uploads\/2016\/12\/ordenador_pictoselector-300x300.png 300w, https:\/\/aulaabierta.arasaac.org\/wp-content\/uploads\/2016\/12\/ordenador_pictoselector-80x80.png 80w, https:\/\/aulaabierta.arasaac.org\/wp-content\/uploads\/2016\/12\/ordenador_pictoselector-36x36.png 36w, https:\/\/aulaabierta.arasaac.org\/wp-content\/uploads\/2016\/12\/ordenador_pictoselector-180x180.png 180w, https:\/\/aulaabierta.arasaac.org\/wp-content\/uploads\/2016\/12\/ordenador_pictoselector-120x120.png 120w, https:\/\/aulaabierta.arasaac.org\/wp-content\/uploads\/2016\/12\/ordenador_pictoselector-450x450.png 450w, https:\/\/aulaabierta.arasaac.org\/wp-content\/uploads\/2016\/12\/ordenador_pictoselector.png 500w\" sizes=\"(max-width: 300px) 100vw, 300px\" \/><\/a><\/div><\/div><\/div>\n<\/div><\/div>\n<style type=\"text\/css\" data-created_by=\"avia_inline_auto\" id=\"style-css-av-av_cell_four_fifth-51bfb5260486183706b211b34d210c4f\">\n.flex_cell.av-av_cell_four_fifth-51bfb5260486183706b211b34d210c4f{\nvertical-align:middle;\n}\n.responsive #top #wrap_all .flex_cell.av-av_cell_four_fifth-51bfb5260486183706b211b34d210c4f{\npadding:30px 30px 30px 30px !important;\n}\n<\/style>\n<div class='flex_cell av-av_cell_four_fifth-51bfb5260486183706b211b34d210c4f av-gridrow-cell av_four_fifth no_margin  avia-builder-el-3  el_after_av_cell_one_fifth  avia-builder-el-last ' ><div class='flex_cell_inner'>\n<style type=\"text\/css\" data-created_by=\"avia_inline_auto\" id=\"style-css-av-av_heading-0919e95379349472f59748ca1b53ae06\">\n#top .av-special-heading.av-av_heading-0919e95379349472f59748ca1b53ae06{\npadding-bottom:0;\n}\nbody .av-special-heading.av-av_heading-0919e95379349472f59748ca1b53ae06 .av-special-heading-tag .heading-char{\nfont-size:25px;\n}\n#top #wrap_all .av-special-heading.av-av_heading-0919e95379349472f59748ca1b53ae06 .av-special-heading-tag{\nfont-size:26px;\n}\n.av-special-heading.av-av_heading-0919e95379349472f59748ca1b53ae06 .av-subheading{\nfont-size:15px;\n}\n<\/style>\n<div  class='av-special-heading av-av_heading-0919e95379349472f59748ca1b53ae06 av-special-heading-h2  avia-builder-el-4  avia-builder-el-no-sibling '><h2 class='av-special-heading-tag'  itemprop=\"headline\"  >13. PICTOGRAMA DE BARRA DE TEXTO<\/h2><div class=\"special-heading-border\"><div class=\"special-heading-inner-border\"><\/div><\/div><\/div>\n<\/div><\/div>\n<\/div><div id='after_grid_row_1'  class='main_color av_default_container_wrap container_wrap fullsize'  ><div class='container av-section-cont-open' ><div class='template-page content  av-content-full alpha units'><div class='post-entry post-entry-type-page post-entry-3742'><div class='entry-content-wrapper clearfix'>\n<section  class='av_textblock_section av-av_textblock-0366cc7376be6c9e82a3e9cc8987b64f'  itemscope=\"itemscope\" itemtype=\"https:\/\/schema.org\/CreativeWork\" ><div class='avia_textblock'  itemprop=\"text\" ><h6 style=\"text-align: center;\"><strong><img loading=\"lazy\" decoding=\"async\" class=\"aligncenter size-full wp-image-932\" src=\"https:\/\/aulaabierta.arasaac.org\/wp-content\/uploads\/2016\/12\/by-nc-sa.eu_petit.png\" alt=\"\" width=\"118\" height=\"41\" \/>Este obra est\u00e1 bajo una <a href=\"http:\/\/creativecommons.org\/licenses\/by-nc-sa\/4.0\/\" rel=\"license\">licencia de Creative Commons Reconocimiento-NoComercial-CompartirIgual 4.0 Internacional<\/a>.<\/strong><\/h6>\n<hr \/>\n<\/div><\/section>\n\n<style type=\"text\/css\" data-created_by=\"avia_inline_auto\" id=\"style-css-av-av_heading-5a66d77d44d66cd69db1164322d29355\">\n#top .av-special-heading.av-av_heading-5a66d77d44d66cd69db1164322d29355{\npadding-bottom:10px;\n}\nbody .av-special-heading.av-av_heading-5a66d77d44d66cd69db1164322d29355 .av-special-heading-tag .heading-char{\nfont-size:25px;\n}\n.av-special-heading.av-av_heading-5a66d77d44d66cd69db1164322d29355 .av-subheading{\nfont-size:15px;\n}\n<\/style>\n<div  class='av-special-heading av-av_heading-5a66d77d44d66cd69db1164322d29355 av-special-heading-h3  avia-builder-el-6  el_after_av_textblock  el_before_av_video '><h3 class='av-special-heading-tag'  itemprop=\"headline\"  >Videotutorial<\/h3><div class=\"special-heading-border\"><div class=\"special-heading-inner-border\"><\/div><\/div><\/div>\n<div  class='avia-video av-av_video-39dc3d4b7053c4a95e5ccd36d94e35a1 avia-video-16-9 av-no-preview-image avia-video-load-always av-lazyload-immediate av-lazyload-video-embed'  itemprop=\"video\" itemtype=\"https:\/\/schema.org\/VideoObject\"  data-original_url='https:\/\/youtu.be\/B5ygcWl4VcA'><script type='text\/html' class='av-video-tmpl'><div class='avia-iframe-wrap'><iframe loading=\"lazy\" width=\"1500\" height=\"844\" src=\"https:\/\/www.youtube.com\/embed\/B5ygcWl4VcA?feature=oembed&autoplay=0&loop=0&controls=1&mute=0\" frameborder=\"0\" allowfullscreen><\/iframe><\/div><\/script><div class='av-click-to-play-overlay'><div class=\"avia_playpause_icon\"><\/div><\/div><\/div>\n\n<style type=\"text\/css\" data-created_by=\"avia_inline_auto\" id=\"style-css-av-av_heading-4622dc87a0aaff0f89ef4cdd087565fe\">\n#top .av-special-heading.av-av_heading-4622dc87a0aaff0f89ef4cdd087565fe{\npadding-bottom:10px;\n}\nbody .av-special-heading.av-av_heading-4622dc87a0aaff0f89ef4cdd087565fe .av-special-heading-tag .heading-char{\nfont-size:25px;\n}\n.av-special-heading.av-av_heading-4622dc87a0aaff0f89ef4cdd087565fe .av-subheading{\nfont-size:15px;\n}\n<\/style>\n<div  class='av-special-heading av-av_heading-4622dc87a0aaff0f89ef4cdd087565fe av-special-heading-h3  avia-builder-el-8  el_after_av_video  el_before_av_textblock '><h3 class='av-special-heading-tag'  itemprop=\"headline\"  >Tutorial<\/h3><div class=\"special-heading-border\"><div class=\"special-heading-inner-border\"><\/div><\/div><\/div>\n\n<style type=\"text\/css\" data-created_by=\"avia_inline_auto\" id=\"style-css-av-av_textblock-fae8699d538200a543ba402659dba9b0\">\n#top .av_textblock_section.av-av_textblock-fae8699d538200a543ba402659dba9b0 .avia_textblock{\nfont-size:16px;\n}\n<\/style>\n<section  class='av_textblock_section av-av_textblock-fae8699d538200a543ba402659dba9b0'  itemscope=\"itemscope\" itemtype=\"https:\/\/schema.org\/CreativeWork\" ><div class='avia_textblock'  itemprop=\"text\" ><p>Para finalizar con los pictogramas propios que nos ofrece<strong>\u00a0Picto Selector\u00a0<\/strong>vamos a aprender a manejar el <strong>pictograma Barra de Texto<\/strong> que aparece en la galer\u00eda de pictogramas.<\/p>\n<p><img loading=\"lazy\" decoding=\"async\" class=\"aligncenter size-full wp-image-3454\" src=\"https:\/\/aulaabierta.arasaac.org\/wp-content\/uploads\/2017\/01\/Picto-Selector-43.jpg\" alt=\"\" width=\"765\" height=\"178\" srcset=\"https:\/\/aulaabierta.arasaac.org\/wp-content\/uploads\/2017\/01\/Picto-Selector-43.jpg 765w, https:\/\/aulaabierta.arasaac.org\/wp-content\/uploads\/2017\/01\/Picto-Selector-43-300x70.jpg 300w, https:\/\/aulaabierta.arasaac.org\/wp-content\/uploads\/2017\/01\/Picto-Selector-43-705x164.jpg 705w, https:\/\/aulaabierta.arasaac.org\/wp-content\/uploads\/2017\/01\/Picto-Selector-43-450x105.jpg 450w\" sizes=\"auto, (max-width: 765px) 100vw, 765px\" \/><\/p>\n<p>El pictograma <strong>Barra de texto<\/strong>, tal como su nombre indica, se utiliza para <strong>escribir el texto que deseemos en una fila completa<\/strong> de nuestra hoja de pictogramas. Es muy importante recalcar que el texto y el formato que introduzcamos se adaptar\u00e1 a una l\u00ednea completa de nuestra hoja y<strong> no podremos introducir ning\u00fan otro pictograma en esa l\u00ednea<\/strong>. Este pictograma pod\u00e9is utilizarlo, por ejemplo, para <strong>generar los t\u00edtulos<\/strong> de vuestra hoja final.<\/p>\n<p>Las primera veces que lo utilic\u00e9is os puede resulta algo complejo, pero es m\u00e1s sencillo de lo que aparenta. Una vez que pulsemos sobre el icono de <strong>Barra de Texto<\/strong>, nos aparece una ventana emergente. En la pesta\u00f1a <strong>Texto en la barra de texto<\/strong>, escribimos nuestro <strong>t\u00edtulo<\/strong>, en este caso, &#8222;<strong>D\u00f3nde viven los animales salvajes<\/strong>&#8222;. Y a continuaci\u00f3n, procedemos a configurar las distintas opciones de nuestra barra de texto.<\/p>\n<p>En primer lugar, el <strong>Ancho de las columnas<\/strong> debe coincidir con el n\u00famero de columnas que hemos preestablecido para nuestra hoja de pictogramas. En segundo lugar, la opci\u00f3n de alineado nos permite <strong>Justificar a la\u00a0derecha<\/strong>,\u00a0J<strong>ustificar al centro<\/strong> o <strong>Justificar a la izquierda<\/strong> nuestro texto. Por \u00faltimo, elegir un color de\u00a0<strong>Fondo<\/strong> para nuestra barra de texto.<\/p>\n<p>Para nuestro ejemplo, hemos configurado de esta forma la barra de texto.<\/p>\n<p><img loading=\"lazy\" decoding=\"async\" class=\"aligncenter size-full wp-image-3749\" src=\"https:\/\/aulaabierta.arasaac.org\/wp-content\/uploads\/2017\/01\/Picto-Selector-91.jpg\" alt=\"\" width=\"1366\" height=\"768\" srcset=\"https:\/\/aulaabierta.arasaac.org\/wp-content\/uploads\/2017\/01\/Picto-Selector-91.jpg 1366w, https:\/\/aulaabierta.arasaac.org\/wp-content\/uploads\/2017\/01\/Picto-Selector-91-300x169.jpg 300w, https:\/\/aulaabierta.arasaac.org\/wp-content\/uploads\/2017\/01\/Picto-Selector-91-768x432.jpg 768w, https:\/\/aulaabierta.arasaac.org\/wp-content\/uploads\/2017\/01\/Picto-Selector-91-1030x579.jpg 1030w, https:\/\/aulaabierta.arasaac.org\/wp-content\/uploads\/2017\/01\/Picto-Selector-91-705x396.jpg 705w, https:\/\/aulaabierta.arasaac.org\/wp-content\/uploads\/2017\/01\/Picto-Selector-91-450x253.jpg 450w\" sizes=\"auto, (max-width: 1366px) 100vw, 1366px\" \/><\/p>\n<p>Una vez a\u00f1adidos los pictogramas correspondientes a los animales y a los lugares y los pictogramas en blanco a la parte central,\u00a0vamos a ver el resultado final.\u00a0Para ello nos dirigimos al men\u00fa <strong>Archivo <\/strong>y seleccionamos la opci\u00f3n de <strong>Imprimir<\/strong>\u00a0para previsualizar el resultado y realizar una de las acciones:<strong> Guardar como archivo PDF<\/strong>, \u00a0<strong>Guardar como archivo gr\u00e1fico<\/strong>\u00a0o <strong>Imprimir<\/strong>.<\/p>\n<p><img loading=\"lazy\" decoding=\"async\" class=\"aligncenter size-full wp-image-3752\" src=\"https:\/\/aulaabierta.arasaac.org\/wp-content\/uploads\/2017\/01\/Picto-Selector-92.jpg\" alt=\"\" width=\"1366\" height=\"768\" srcset=\"https:\/\/aulaabierta.arasaac.org\/wp-content\/uploads\/2017\/01\/Picto-Selector-92.jpg 1366w, https:\/\/aulaabierta.arasaac.org\/wp-content\/uploads\/2017\/01\/Picto-Selector-92-300x169.jpg 300w, https:\/\/aulaabierta.arasaac.org\/wp-content\/uploads\/2017\/01\/Picto-Selector-92-768x432.jpg 768w, https:\/\/aulaabierta.arasaac.org\/wp-content\/uploads\/2017\/01\/Picto-Selector-92-1030x579.jpg 1030w, https:\/\/aulaabierta.arasaac.org\/wp-content\/uploads\/2017\/01\/Picto-Selector-92-705x396.jpg 705w, https:\/\/aulaabierta.arasaac.org\/wp-content\/uploads\/2017\/01\/Picto-Selector-92-450x253.jpg 450w\" sizes=\"auto, (max-width: 1366px) 100vw, 1366px\" \/><\/p>\n<\/div><\/section>\n<\/div><\/div><\/div><!-- close content main div --><\/div><\/div><div id='av-layout-grid-2'  class='av-layout-grid-container av-av_layout_row-ff89abd0ebc2125893d5f3061474122c entry-content-wrapper main_color av-border-top-bottom av-flex-cells  avia-builder-el-10  el_after_av_textblock  avia-builder-el-last  grid-row-not-first  container_wrap fullsize'  >\n\n<style type=\"text\/css\" data-created_by=\"avia_inline_auto\" id=\"style-css-av-av_cell_one_fifth-5227a743201b625eadc00b27db60eab9\">\n.flex_cell.av-av_cell_one_fifth-5227a743201b625eadc00b27db60eab9{\nvertical-align:top;\n}\n.responsive #top #wrap_all .flex_cell.av-av_cell_one_fifth-5227a743201b625eadc00b27db60eab9{\npadding:30px 30px 30px 30px !important;\n}\n<\/style>\n<div class='flex_cell av-av_cell_one_fifth-5227a743201b625eadc00b27db60eab9 av-gridrow-cell av_one_fifth no_margin  avia-builder-el-11  el_before_av_cell_one_fifth  avia-builder-el-first ' ><div class='flex_cell_inner'>\n<style type=\"text\/css\" data-created_by=\"avia_inline_auto\" id=\"style-css-av-av_image-9e28daebbd4ee00d76b578d741cbe202\">\n.avia-image-container.av-av_image-9e28daebbd4ee00d76b578d741cbe202 img.avia_image{\nbox-shadow:none;\n}\n.avia-image-container.av-av_image-9e28daebbd4ee00d76b578d741cbe202 .av-image-caption-overlay-center{\ncolor:#ffffff;\n}\n<\/style>\n<div  class='avia-image-container av-av_image-9e28daebbd4ee00d76b578d741cbe202 av-styling- avia-align-center  avia-builder-el-12  avia-builder-el-no-sibling '   itemprop=\"image\" itemscope=\"itemscope\" itemtype=\"https:\/\/schema.org\/ImageObject\" ><div class=\"avia-image-container-inner\"><div class=\"avia-image-overlay-wrap\"><a href=\"https:\/\/aulaabierta.arasaac.org\/de\/picto-selector-12-pictograma-de-codigo-qr\" class='avia_image' ><img decoding=\"async\" class='wp-image-96479 avia-img-lazy-loading-not-96479 avia_image ' src=\"https:\/\/aulaabierta.arasaac.org\/wp-content\/uploads\/2016\/12\/before-80x80.png\" alt='' title='before'  height=\"80\" width=\"80\"  itemprop=\"thumbnailUrl\" srcset=\"https:\/\/aulaabierta.arasaac.org\/wp-content\/uploads\/2016\/12\/before-80x80.png 80w, https:\/\/aulaabierta.arasaac.org\/wp-content\/uploads\/2016\/12\/before-36x36.png 36w, https:\/\/aulaabierta.arasaac.org\/wp-content\/uploads\/2016\/12\/before-120x120.png 120w, https:\/\/aulaabierta.arasaac.org\/wp-content\/uploads\/2016\/12\/before.png 128w\" sizes=\"(max-width: 80px) 100vw, 80px\" \/><\/a><\/div><\/div><\/div>\n<\/div><\/div>\n<style type=\"text\/css\" data-created_by=\"avia_inline_auto\" id=\"style-css-av-av_cell_one_fifth-5227a743201b625eadc00b27db60eab9\">\n.flex_cell.av-av_cell_one_fifth-5227a743201b625eadc00b27db60eab9{\nvertical-align:top;\n}\n.responsive #top #wrap_all .flex_cell.av-av_cell_one_fifth-5227a743201b625eadc00b27db60eab9{\npadding:30px 30px 30px 30px !important;\n}\n<\/style>\n<div class='flex_cell av-av_cell_one_fifth-5227a743201b625eadc00b27db60eab9 av-gridrow-cell av_one_fifth no_margin  avia-builder-el-13  el_after_av_cell_one_fifth  el_before_av_cell_one_fifth ' ><div class='flex_cell_inner'><\/div><\/div>\n<style type=\"text\/css\" data-created_by=\"avia_inline_auto\" id=\"style-css-av-av_cell_one_fifth-5227a743201b625eadc00b27db60eab9\">\n.flex_cell.av-av_cell_one_fifth-5227a743201b625eadc00b27db60eab9{\nvertical-align:top;\n}\n.responsive #top #wrap_all .flex_cell.av-av_cell_one_fifth-5227a743201b625eadc00b27db60eab9{\npadding:30px 30px 30px 30px !important;\n}\n<\/style>\n<div class='flex_cell av-av_cell_one_fifth-5227a743201b625eadc00b27db60eab9 av-gridrow-cell av_one_fifth no_margin  avia-builder-el-14  el_after_av_cell_one_fifth  el_before_av_cell_one_fifth ' ><div class='flex_cell_inner'>\n<style type=\"text\/css\" data-created_by=\"avia_inline_auto\" id=\"style-css-av-av_image-b2ae3d4a3cb5c245466230f74c42895d\">\n.avia-image-container.av-av_image-b2ae3d4a3cb5c245466230f74c42895d img.avia_image{\nbox-shadow:none;\n}\n.avia-image-container.av-av_image-b2ae3d4a3cb5c245466230f74c42895d .av-image-caption-overlay-center{\ncolor:#ffffff;\n}\n<\/style>\n<div  class='avia-image-container av-av_image-b2ae3d4a3cb5c245466230f74c42895d av-styling- avia-align-center  avia-builder-el-15  avia-builder-el-no-sibling '   itemprop=\"image\" itemscope=\"itemscope\" itemtype=\"https:\/\/schema.org\/ImageObject\" ><div class=\"avia-image-container-inner\"><div class=\"avia-image-overlay-wrap\"><a href=\"https:\/\/aulaabierta.arasaac.org\/de\/picto-selector-inicio\" class='avia_image' ><img decoding=\"async\" class='wp-image-96481 avia-img-lazy-loading-not-96481 avia_image ' src=\"https:\/\/aulaabierta.arasaac.org\/wp-content\/uploads\/2016\/12\/casa-80x80.png\" alt='' title='Inicio'  height=\"80\" width=\"80\"  itemprop=\"thumbnailUrl\" srcset=\"https:\/\/aulaabierta.arasaac.org\/wp-content\/uploads\/2016\/12\/casa-80x80.png 80w, https:\/\/aulaabierta.arasaac.org\/wp-content\/uploads\/2016\/12\/casa-300x300.png 300w, https:\/\/aulaabierta.arasaac.org\/wp-content\/uploads\/2016\/12\/casa-36x36.png 36w, https:\/\/aulaabierta.arasaac.org\/wp-content\/uploads\/2016\/12\/casa-180x180.png 180w, https:\/\/aulaabierta.arasaac.org\/wp-content\/uploads\/2016\/12\/casa-120x120.png 120w, https:\/\/aulaabierta.arasaac.org\/wp-content\/uploads\/2016\/12\/casa-450x450.png 450w, https:\/\/aulaabierta.arasaac.org\/wp-content\/uploads\/2016\/12\/casa.png 500w\" sizes=\"(max-width: 80px) 100vw, 80px\" \/><\/a><\/div><\/div><\/div>\n<\/div><\/div>\n<style type=\"text\/css\" data-created_by=\"avia_inline_auto\" id=\"style-css-av-av_cell_one_fifth-5227a743201b625eadc00b27db60eab9\">\n.flex_cell.av-av_cell_one_fifth-5227a743201b625eadc00b27db60eab9{\nvertical-align:top;\n}\n.responsive #top #wrap_all .flex_cell.av-av_cell_one_fifth-5227a743201b625eadc00b27db60eab9{\npadding:30px 30px 30px 30px !important;\n}\n<\/style>\n<div class='flex_cell av-av_cell_one_fifth-5227a743201b625eadc00b27db60eab9 av-gridrow-cell av_one_fifth no_margin  avia-builder-el-16  el_after_av_cell_one_fifth  el_before_av_cell_one_fifth ' ><div class='flex_cell_inner'><\/div><\/div>\n<style type=\"text\/css\" data-created_by=\"avia_inline_auto\" id=\"style-css-av-av_cell_one_fifth-5227a743201b625eadc00b27db60eab9\">\n.flex_cell.av-av_cell_one_fifth-5227a743201b625eadc00b27db60eab9{\nvertical-align:top;\n}\n.responsive #top #wrap_all .flex_cell.av-av_cell_one_fifth-5227a743201b625eadc00b27db60eab9{\npadding:30px 30px 30px 30px !important;\n}\n<\/style>\n<div class='flex_cell av-av_cell_one_fifth-5227a743201b625eadc00b27db60eab9 av-gridrow-cell av_one_fifth no_margin  avia-builder-el-17  el_after_av_cell_one_fifth  avia-builder-el-last ' ><div class='flex_cell_inner'>\n<style type=\"text\/css\" data-created_by=\"avia_inline_auto\" id=\"style-css-av-av_image-1e47babfb3e42fbe844ce7312b33fb25\">\n.avia-image-container.av-av_image-1e47babfb3e42fbe844ce7312b33fb25 img.avia_image{\nbox-shadow:none;\n}\n.avia-image-container.av-av_image-1e47babfb3e42fbe844ce7312b33fb25 .av-image-caption-overlay-center{\ncolor:#ffffff;\n}\n<\/style>\n<div  class='avia-image-container av-av_image-1e47babfb3e42fbe844ce7312b33fb25 av-styling- avia-align-center  avia-builder-el-18  avia-builder-el-no-sibling '   itemprop=\"image\" itemscope=\"itemscope\" itemtype=\"https:\/\/schema.org\/ImageObject\" ><div class=\"avia-image-container-inner\"><div class=\"avia-image-overlay-wrap\"><a href=\"https:\/\/aulaabierta.arasaac.org\/de\/picto-selector-14-creador-de-pictogramas\" class='avia_image' ><img decoding=\"async\" class='wp-image-96480 avia-img-lazy-loading-not-96480 avia_image ' src=\"https:\/\/aulaabierta.arasaac.org\/wp-content\/uploads\/2016\/12\/next-80x80.png\" alt='' title='next'  height=\"80\" width=\"80\"  itemprop=\"thumbnailUrl\" srcset=\"https:\/\/aulaabierta.arasaac.org\/wp-content\/uploads\/2016\/12\/next-80x80.png 80w, https:\/\/aulaabierta.arasaac.org\/wp-content\/uploads\/2016\/12\/next-36x36.png 36w, https:\/\/aulaabierta.arasaac.org\/wp-content\/uploads\/2016\/12\/next-120x120.png 120w, https:\/\/aulaabierta.arasaac.org\/wp-content\/uploads\/2016\/12\/next.png 128w\" sizes=\"(max-width: 80px) 100vw, 80px\" \/><\/a><\/div><\/div><\/div>\n<\/div><\/div>\n<\/div>\n","protected":false},"excerpt":{"rendered":"","protected":false},"author":5,"featured_media":1112,"parent":0,"menu_order":0,"comment_status":"closed","ping_status":"closed","template":"","meta":{"om_disable_all_campaigns":false,"_monsterinsights_skip_tracking":false,"_monsterinsights_sitenote_active":false,"_monsterinsights_sitenote_note":"","_monsterinsights_sitenote_category":0,"_uf_show_specific_survey":0,"_uf_disable_surveys":false,"footnotes":""},"class_list":["post-3742","page","type-page","status-publish","has-post-thumbnail","hentry"],"aioseo_notices":[],"_links":{"self":[{"href":"https:\/\/aulaabierta.arasaac.org\/de\/wp-json\/wp\/v2\/pages\/3742","targetHints":{"allow":["GET"]}}],"collection":[{"href":"https:\/\/aulaabierta.arasaac.org\/de\/wp-json\/wp\/v2\/pages"}],"about":[{"href":"https:\/\/aulaabierta.arasaac.org\/de\/wp-json\/wp\/v2\/types\/page"}],"author":[{"embeddable":true,"href":"https:\/\/aulaabierta.arasaac.org\/de\/wp-json\/wp\/v2\/users\/5"}],"replies":[{"embeddable":true,"href":"https:\/\/aulaabierta.arasaac.org\/de\/wp-json\/wp\/v2\/comments?post=3742"}],"version-history":[{"count":9,"href":"https:\/\/aulaabierta.arasaac.org\/de\/wp-json\/wp\/v2\/pages\/3742\/revisions"}],"predecessor-version":[{"id":82441,"href":"https:\/\/aulaabierta.arasaac.org\/de\/wp-json\/wp\/v2\/pages\/3742\/revisions\/82441"}],"wp:featuredmedia":[{"embeddable":true,"href":"https:\/\/aulaabierta.arasaac.org\/de\/wp-json\/wp\/v2\/media\/1112"}],"wp:attachment":[{"href":"https:\/\/aulaabierta.arasaac.org\/de\/wp-json\/wp\/v2\/media?parent=3742"}],"curies":[{"name":"wp","href":"https:\/\/api.w.org\/{rel}","templated":true}]}}