{"id":394,"date":"2014-09-26T17:23:32","date_gmt":"2014-09-26T17:23:32","guid":{"rendered":"http:\/\/192.168.1.104\/enfold-photography\/?page_id=21"},"modified":"2019-11-21T10:51:27","modified_gmt":"2019-11-21T09:51:27","slug":"about","status":"publish","type":"page","link":"https:\/\/aulaabierta.arasaac.org\/de\/about","title":{"rendered":"Acerca de&#8230;"},"content":{"rendered":"<div id='av-layout-grid-1'  class='av-layout-grid-container av-3v6ej6-2210c3672caa25cd2fa421f1ed6eec1d entry-content-wrapper main_color av-flex-cells  avia-builder-el-0  el_before_av_section  avia-builder-el-first   container_wrap fullsize'  >\n\n<style type=\"text\/css\" data-created_by=\"avia_inline_auto\" id=\"style-css-av-3rbfg2-5bf788bda7e88d928b594acbf8bd5400\">\n.flex_cell.av-3rbfg2-5bf788bda7e88d928b594acbf8bd5400{\nvertical-align:top;\n}\n.responsive #top #wrap_all .flex_cell.av-3rbfg2-5bf788bda7e88d928b594acbf8bd5400{\npadding:30px 30px 30px 30px !important;\n}\n<\/style>\n<div class='flex_cell av-3rbfg2-5bf788bda7e88d928b594acbf8bd5400 av-gridrow-cell av_one_third no_margin  avia-builder-el-1  el_before_av_cell_one_third  avia-builder-el-first ' ><div class='flex_cell_inner'><p>\n<style type=\"text\/css\" data-created_by=\"avia_inline_auto\" id=\"style-css-av-av_heading-9ca692717532ba04adc592ec827210d1\">\n#top .av-special-heading.av-av_heading-9ca692717532ba04adc592ec827210d1{\npadding-bottom:10px;\n}\nbody .av-special-heading.av-av_heading-9ca692717532ba04adc592ec827210d1 .av-special-heading-tag .heading-char{\nfont-size:25px;\n}\n.av-special-heading.av-av_heading-9ca692717532ba04adc592ec827210d1 .av-subheading{\nfont-size:15px;\n}\n<\/style>\n<div  class='av-special-heading av-av_heading-9ca692717532ba04adc592ec827210d1 av-special-heading-h3  avia-builder-el-2  el_before_av_textblock  avia-builder-el-first '><h3 class='av-special-heading-tag'  itemprop=\"headline\"  >\u00bfQu\u00e9 es?<\/h3><div class=\"special-heading-border\"><div class=\"special-heading-inner-border\"><\/div><\/div><\/div><br \/>\n\n<style type=\"text\/css\" data-created_by=\"avia_inline_auto\" id=\"style-css-av-c2f6y-fca77d6bf04e0ced3f2559f6cf5daeec\">\n#top .av_textblock_section.av-c2f6y-fca77d6bf04e0ced3f2559f6cf5daeec .avia_textblock{\nfont-size:14px;\n}\n<\/style>\n<section  class='av_textblock_section av-c2f6y-fca77d6bf04e0ced3f2559f6cf5daeec'  itemscope=\"itemscope\" itemtype=\"https:\/\/schema.org\/CreativeWork\" ><div class='avia_textblock'  itemprop=\"text\" ><p>El <strong>Aula Abierta de ARASAAC<\/strong>\u00a0es un repositorio de <strong>contenidos de calidad relativos a la Comunicaci\u00f3n Aumentativa y Alternativa (CAA)<\/strong>, en el que cualquier profesional o\u00a0familia \u00a0puede f<strong>ormarse libremente<\/strong> en todo lo referente a<strong> documentos, \u00a0herramientas de software libre y recursos<\/strong> que utilizan pictogramas de <a href=\"http:\/\/www.arasaac.org\/\" target=\"_blank\" rel=\"noopener noreferrer\"><strong>ARASAAC<\/strong><\/a>.<\/p>\n<p>Para acceder a este aula, <strong>no es necesario registrarse<\/strong> como usuario \u00a0y <strong>no hay que seguir una temporalizaci\u00f3n<\/strong> establecida. Lo importante es que <strong>cada persona\u00a0se forme en aquellos temas\u00a0de su inter\u00e9s,<\/strong> siguiendo su\u00a0propio ritmo de aprendizaje y atendiendo a sus necesidades formativas en cada momento.<\/p>\n<\/div><\/section><\/p>\n<\/div><\/div>\n<style type=\"text\/css\" data-created_by=\"avia_inline_auto\" id=\"style-css-av-bh8ui-7a52a48d9dcec260c4ff29b6a640207f\">\n.flex_cell.av-bh8ui-7a52a48d9dcec260c4ff29b6a640207f{\nvertical-align:top;\nbackground-color:#f7f7f7;\n}\n.responsive #top #wrap_all .flex_cell.av-bh8ui-7a52a48d9dcec260c4ff29b6a640207f{\npadding:30px 30px 30px 30px !important;\n}\n<\/style>\n<div class='flex_cell av-bh8ui-7a52a48d9dcec260c4ff29b6a640207f av-gridrow-cell av_one_third no_margin  avia-builder-el-4  el_after_av_cell_one_third  el_before_av_cell_one_third ' ><div class='flex_cell_inner'><p>\n<style type=\"text\/css\" data-created_by=\"avia_inline_auto\" id=\"style-css-av-av_heading-7796681070c82cd3e424475d918b6a86\">\n#top .av-special-heading.av-av_heading-7796681070c82cd3e424475d918b6a86{\npadding-bottom:10px;\n}\nbody .av-special-heading.av-av_heading-7796681070c82cd3e424475d918b6a86 .av-special-heading-tag .heading-char{\nfont-size:25px;\n}\n.av-special-heading.av-av_heading-7796681070c82cd3e424475d918b6a86 .av-subheading{\nfont-size:15px;\n}\n<\/style>\n<div  class='av-special-heading av-av_heading-7796681070c82cd3e424475d918b6a86 av-special-heading-h3  avia-builder-el-5  el_before_av_textblock  avia-builder-el-first '><h3 class='av-special-heading-tag'  itemprop=\"headline\"  >\u00bfCuales son los objetivos?<\/h3><div class=\"special-heading-border\"><div class=\"special-heading-inner-border\"><\/div><\/div><\/div><br \/>\n\n<style type=\"text\/css\" data-created_by=\"avia_inline_auto\" id=\"style-css-av-2v77zm-f58c0deb7cad529ab2246c9115eef400\">\n#top .av_textblock_section.av-2v77zm-f58c0deb7cad529ab2246c9115eef400 .avia_textblock{\nfont-size:14px;\n}\n<\/style>\n<section  class='av_textblock_section av-2v77zm-f58c0deb7cad529ab2246c9115eef400'  itemscope=\"itemscope\" itemtype=\"https:\/\/schema.org\/CreativeWork\" ><div class='avia_textblock'  itemprop=\"text\" ><ol>\n<li>Ofrecer <strong>tutoriales<\/strong>\u00a0y <strong>videotutoriales<\/strong> que expliquen el funcionamiento de los diferentes <strong>programas, aplicaciones y herramientas<\/strong>\u00a0que utilizan los recursos de <a href=\"http:\/\/www.arasaac.org\/\" target=\"_blank\" rel=\"noopener noreferrer\"><strong>ARASAAC<\/strong><\/a>, as\u00ed como \u00a0los distintos <strong>materiales<\/strong> que se pueden elaborar o adaptar a partir de su utilizaci\u00f3n.<\/li>\n<li>Presentar<strong> ejemplos de materiales\u00a0elaborados por los propios usuarios<\/strong>l, organizados por contenidos del \u00e1rea de lenguaje, de la comunicaci\u00f3n\u00a0y de otras \u00e1reas curriculares adaptadas.<\/li>\n<li>Dar a conocer diferentes <strong>documentos de referencia en Comunicaci\u00f3n Aumentativa y Alternativa (CAA)<\/strong> elaborados por prestigiosos profesionales e instituciones.<\/li>\n<li>Ampliar los contenidos del\u00a0<a href=\"https:\/\/www.youtube.com\/user\/arasaac\" target=\"_blank\" rel=\"noopener noreferrer\"><strong>canal de Youtube<\/strong><\/a> de <a href=\"http:\/\/www.arasaac.org\/\" target=\"_blank\" rel=\"noopener noreferrer\"><strong>ARASAAC<\/strong><\/a> con la <strong>incorporaci\u00f3n de nuevos videotutoriales<\/strong>.<\/li>\n<li>Incorporar <strong>contenidos de calidad en el \u00e1mbito de la CAA <\/strong>aportados por <strong>prestigiosos profesionales<\/strong> de diferentes \u00e1mbitos, que complementen los contenidos elaborados por el equipo de <a href=\"http:\/\/www.arasaac.org\/\" target=\"_blank\" rel=\"noopener noreferrer\"><strong>ARASAAC<\/strong><\/a>.<\/li>\n<\/ol>\n<\/div><\/section><\/p>\n<\/div><\/div>\n<style type=\"text\/css\" data-created_by=\"avia_inline_auto\" id=\"style-css-av-9sp2a-f676d232bcd40cc47cf4487f980c9307\">\n.flex_cell.av-9sp2a-f676d232bcd40cc47cf4487f980c9307{\nvertical-align:top;\nbackground-color:#eaeaea;\n}\n.responsive #top #wrap_all .flex_cell.av-9sp2a-f676d232bcd40cc47cf4487f980c9307{\npadding:30px 30px 30px 30px !important;\n}\n<\/style>\n<div class='flex_cell av-9sp2a-f676d232bcd40cc47cf4487f980c9307 av-gridrow-cell av_one_third no_margin  avia-builder-el-7  el_after_av_cell_one_third  avia-builder-el-last ' ><div class='flex_cell_inner'><p>\n<style type=\"text\/css\" data-created_by=\"avia_inline_auto\" id=\"style-css-av-av_heading-b34c47441b501363885d76479170ca69\">\n#top .av-special-heading.av-av_heading-b34c47441b501363885d76479170ca69{\npadding-bottom:10px;\n}\nbody .av-special-heading.av-av_heading-b34c47441b501363885d76479170ca69 .av-special-heading-tag .heading-char{\nfont-size:25px;\n}\n.av-special-heading.av-av_heading-b34c47441b501363885d76479170ca69 .av-subheading{\nfont-size:15px;\n}\n<\/style>\n<div  class='av-special-heading av-av_heading-b34c47441b501363885d76479170ca69 av-special-heading-h3  avia-builder-el-8  el_before_av_textblock  avia-builder-el-first '><h3 class='av-special-heading-tag'  itemprop=\"headline\"  >\u00bfD\u00f3nde se enmarca?<\/h3><div class=\"special-heading-border\"><div class=\"special-heading-inner-border\"><\/div><\/div><\/div><br \/>\n\n<style type=\"text\/css\" data-created_by=\"avia_inline_auto\" id=\"style-css-av-8rq1m-8e0f7a62b0395342739bc3d76c608327\">\n#top .av_textblock_section.av-8rq1m-8e0f7a62b0395342739bc3d76c608327 .avia_textblock{\nfont-size:14px;\n}\n<\/style>\n<section  class='av_textblock_section av-8rq1m-8e0f7a62b0395342739bc3d76c608327'  itemscope=\"itemscope\" itemtype=\"https:\/\/schema.org\/CreativeWork\" ><div class='avia_textblock'  itemprop=\"text\" ><p>El<strong> Aula Abierta de ARASAAC<\/strong>\u00a0se enmarca dentro del Plan de Actuaciones de\u00a0<strong>ARASAAC<\/strong>, proyecto financiado por el\u00a0<strong>Departamento de Educaci\u00f3n, Cultura y Deporte del Gobierno de Arag\u00f3n\u00a0\u00a0<\/strong>y coordinado por la <strong>Direcci\u00f3n General de Innovaci\u00f3n y Formaci\u00f3n Profesional<\/strong>\u00a0de dicho departamento.<\/p>\n<\/div><\/section><\/p>\n<\/div><\/div><\/div>\n<style type=\"text\/css\" data-created_by=\"avia_inline_auto\" id=\"style-css-av-267c5m-cfd56f61fffeb0ec5d0c42ce945be3fe\">\n.avia-section.av-267c5m-cfd56f61fffeb0ec5d0c42ce945be3fe{\nbackground-color:#8bb200;\nbackground-image:unset;\n}\n.avia-section.av-267c5m-cfd56f61fffeb0ec5d0c42ce945be3fe .av-extra-border-element .av-extra-border-inner{\nbackground-color:#8bb200;\n}\n<\/style>\n<div id='av_section_1'  class='avia-section av-267c5m-cfd56f61fffeb0ec5d0c42ce945be3fe main_color avia-section-default avia-no-border-styling  avia-builder-el-10  el_after_av_layout_row  el_before_av_layout_row  avia-bg-style-scroll av-arrow-down-section container_wrap fullsize'  ><div class='container av-section-cont-open' ><div class='template-page content  av-content-full alpha units'><div class='post-entry post-entry-type-page post-entry-394'><div class='entry-content-wrapper clearfix'>\n<div class='flex_column av-23gj22-b46358c03ff179cf67b59ded606d1327 av_one_fourth  avia-builder-el-11  el_before_av_one_fourth  avia-builder-el-first  first flex_column_div '     ><div  class=\"avia-animated-number av-719l6-9445a4fbb318b167eda41930c4dc570a av-force-default-color avia_animate_when_visible  avia-builder-el-12  avia-builder-el-no-sibling  avia-color-font-light \" data-timer=\"3000\"><strong class=\"heading avia-animated-number-title\"><span class=\"avia-single-number __av-single-number\" data-number_format=\"\" data-number=\"60\" data-start_from=\"0\">60<\/span><\/strong><div class=\"avia-animated-number-content\"><p>Videotutoriales<\/p>\n<\/div><\/div><\/div><div class='flex_column av-1p5ag2-cdbfdeb31f9650ca3e027fc82e7b07fa av_one_fourth  avia-builder-el-13  el_after_av_one_fourth  el_before_av_one_fourth  flex_column_div '     ><div  class=\"avia-animated-number av-1m0ulu-d56ac163ce99a43069392b7529b237dc av-force-default-color avia_animate_when_visible  avia-builder-el-14  avia-builder-el-no-sibling  avia-color-font-light \" data-timer=\"3000\"><strong class=\"heading avia-animated-number-title\"><span class=\"avia-single-number __av-single-number\" data-number_format=\"\" data-number=\"17\" data-start_from=\"0\">17<\/span><\/strong><div class=\"avia-animated-number-content\"><p>Programas<\/p>\n<\/div><\/div><\/div><div class='flex_column av-1drcqa-ce28ad6170fb465cab7e245ad0582166 av_one_fourth  avia-builder-el-15  el_after_av_one_fourth  el_before_av_one_fourth  flex_column_div '     ><div  class=\"avia-animated-number av-4anfm-5212a2080c88e8013250a03b49e726fa av-force-default-color avia_animate_when_visible  avia-builder-el-16  avia-builder-el-no-sibling  avia-color-font-light \" data-timer=\"3000\"><strong class=\"heading avia-animated-number-title\"><span class=\"avia-single-number __av-single-number\" data-number_format=\"\" data-number=\"12\" data-start_from=\"0\">12<\/span><\/strong><div class=\"avia-animated-number-content\"><p>Documentos CAA<\/p>\n<\/div><\/div><\/div><div class='flex_column av-13ze7e-31c985cb8bb587fe53f6afb673664def av_one_fourth  avia-builder-el-17  el_after_av_one_fourth  avia-builder-el-last  flex_column_div '     ><div  class=\"avia-animated-number av-z4spm-2dbed748fa3a64d778eda23146294928 av-force-default-color avia_animate_when_visible  avia-builder-el-18  avia-builder-el-no-sibling  avia-color-font-light \" data-timer=\"3000\"><strong class=\"heading avia-animated-number-title\"><span class=\"avia-single-number __av-single-number\" data-number_format=\"\" data-number=\"33\" data-start_from=\"0\">33<\/span><\/strong><div class=\"avia-animated-number-content\"><p>Libros<\/p>\n<\/div><\/div><\/div>\n<\/p>\n<\/div><\/div><\/div><!-- close content main div --><\/div><div class='av-extra-border-element border-extra-arrow-down'><div class='av-extra-border-outer'><div class='av-extra-border-inner'><\/div><\/div><\/div><\/div><div id='av-layout-grid-2'  class='av-layout-grid-container av-t03hu-d2f307bb8fe5788992ebbb9e34434c1f entry-content-wrapper main_color av-flex-cells  avia-builder-el-19  el_after_av_section  avia-builder-el-last  grid-row-not-first  container_wrap fullsize'  >\n\n<style type=\"text\/css\" data-created_by=\"avia_inline_auto\" id=\"style-css-av-iy336-d0f75b8a3bc60fdb3c8ed4037d2b9a97\">\n.flex_cell.av-iy336-d0f75b8a3bc60fdb3c8ed4037d2b9a97{\nvertical-align:top;\n}\n.responsive #top #wrap_all .flex_cell.av-iy336-d0f75b8a3bc60fdb3c8ed4037d2b9a97{\npadding:40px 40px 40px 40px !important;\n}\n<\/style>\n<div class='flex_cell av-iy336-d0f75b8a3bc60fdb3c8ed4037d2b9a97 av-gridrow-cell av_one_full no_margin  avia-builder-el-20  avia-builder-el-no-sibling ' ><div class='flex_cell_inner'><p>\n<style type=\"text\/css\" data-created_by=\"avia_inline_auto\" id=\"style-css-av-av_heading-badc8e8ebf57daf08ba8b32f403dfc6f\">\n#top .av-special-heading.av-av_heading-badc8e8ebf57daf08ba8b32f403dfc6f{\npadding-bottom:10px;\n}\nbody .av-special-heading.av-av_heading-badc8e8ebf57daf08ba8b32f403dfc6f .av-special-heading-tag .heading-char{\nfont-size:25px;\n}\n.av-special-heading.av-av_heading-badc8e8ebf57daf08ba8b32f403dfc6f .av-subheading{\nfont-size:15px;\n}\n<\/style>\n<div  class='av-special-heading av-av_heading-badc8e8ebf57daf08ba8b32f403dfc6f av-special-heading-h3  avia-builder-el-21  el_before_av_textblock  avia-builder-el-first '><h3 class='av-special-heading-tag'  itemprop=\"headline\"  >\u00bfPorqu\u00e9 un Aula Abierta?<\/h3><div class=\"special-heading-border\"><div class=\"special-heading-inner-border\"><\/div><\/div><\/div><br \/>\n\n<style type=\"text\/css\" data-created_by=\"avia_inline_auto\" id=\"style-css-av-987eq-d478c9802baa63ca5ab3f0c9cfa2047b\">\n#top .av_textblock_section.av-987eq-d478c9802baa63ca5ab3f0c9cfa2047b .avia_textblock{\nfont-size:14px;\n}\n<\/style>\n<section  class='av_textblock_section av-987eq-d478c9802baa63ca5ab3f0c9cfa2047b'  itemscope=\"itemscope\" itemtype=\"https:\/\/schema.org\/CreativeWork\" ><div class='avia_textblock'  itemprop=\"text\" ><p><span style=\"font-weight: 400;\">La idea del <strong>Aula Abierta de ARASAAC<\/strong> surgi\u00f3 a comienzos del curso 16-17\u00a0debido a la\u00a0<strong>demanda<\/strong> generalizada de instituciones, profesionales y familias, tanto de Espa\u00f1a como de Latinoam\u00e9rica, de\u00a0<strong>formaci\u00f3n continua<\/strong> <strong>y abierta<\/strong> en temas relacionados con la <strong>Comunicaci\u00f3n Aumentativa y Alternativa<\/strong> <strong>(CAA)<\/strong> y con las <strong>aplicaciones inform\u00e1ticas<\/strong> de libre distribuci\u00f3n que se han ido generando a partir de los recursos, distribuidos con licencia Creative Commons (BY-NC-SA) en el <strong>Centro Aragon\u00e9s de la Comunicaci\u00f3n Aumentativa y Alternativa ARASAAC<\/strong> (<\/span><a href=\"http:\/\/arasaac.org\/\" target=\"_blank\" rel=\"noopener noreferrer\"><span style=\"font-weight: 400;\">http:\/\/arasaac.org\/<\/span><\/a><span style=\"font-weight: 400;\">) &#8211; proyecto financiado y coordinado por el Gobierno de Arag\u00f3n-.<\/span><\/p>\n<p><span style=\"font-weight: 400;\">Desde el a\u00f1o 2007,<strong> ARASAAC<\/strong> ha ido convirti\u00e9ndose en un Sistema de Comunicaci\u00f3n Aumentativa y Alternativa (<strong>SAAC<\/strong>) de <strong>reconocido prestigio nacional e internacional<\/strong> y, actualmente, se utiliza en muchos pa\u00edses como SAAC de referencia y sus recursos resultan b\u00e1sicos en la adaptaci\u00f3n y elaboraci\u00f3n de materiales para personas con graves dificultades en la comunicaci\u00f3n y con diversidad funcional (autismo, discapacidad intelectual, afasia, etc.). <\/span><\/p>\n<p><span style=\"font-weight: 400;\">Al margen de los materiales, la propia licencia Creative Commons de <strong>ARASAAC<\/strong> ha favorecido la aparici\u00f3n de aplicaciones gratuitas para PC y para dispositivos m\u00f3viles con una calidad muy contrastada y que han ayudado a la extensi\u00f3n del proyecto.<\/span><\/p>\n<p><span style=\"font-weight: 400;\">Procesadores de textos con pictogramas (AraWord), aplicaciones para elaborar tableros y materiales de comunicaci\u00f3n (Picto Selector), comunicadores para dispositivos m\u00f3viles (AraBoard, Pictodroid Lite, Letmetalk, CPA), generadores de agendas personalizadas para trabajar la anticipaci\u00f3n (PictogramAgenda), etc, son aplicaciones utilizadas a diario por toda la comunidad educativa, aunque tambi\u00e9n hemos de afirmar <strong>ARASAAC<\/strong> ha dado el salto a otros \u00e1mbitos muy importantes como el sanitario (adaptaci\u00f3n de protocolos con pictogramas o utilizaci\u00f3n de comunicadores por personas con accidentes cerebrovasculares) o el de la se\u00f1al\u00e9tica de espacios p\u00fablicos por parte de muchos ayuntamientos.<\/span><\/p>\n<p><span style=\"font-weight: 400;\"> Aunque todos estos recursos inform\u00e1ticos se han elaborado atendiendo a la mayor usabilidad para el usuario final, es cierto que hay una demanda generalizada de formaci\u00f3n para aprender a utilizarlas y obtener el m\u00e1ximo rendimiento de cada uno de ellos.<\/span><\/p>\n<p><span style=\"font-weight: 400;\">Por lo tanto, dentro de la trayectoria que ha seguido <strong>ARASAAC<\/strong> a lo largo de estos a\u00f1os, los autores de este proyecto, creemos que es una responsabilidad que debemos asumir para <strong>ofrecer contenidos formativos de calidad<\/strong> en temas relacionados con los recursos para CAA y, a la vez, evitar que otras personas hagan negocio lucrativo de estos recursos mediante cursos on line con contenidos relativos a <strong>ARASAAC <\/strong>y los recursos generados a partir del proyecto. <\/span><\/p>\n<p><span style=\"font-weight: 400;\">En este Aula Virtual subyace tambi\u00e9n la filosof\u00eda original del proyecto: <strong>\u201cla comunicaci\u00f3n es un derecho para todas las personas\u201d<\/strong>. Por ello, nos parece adecuado ofrecer formaci\u00f3n a cualquier persona o profesional que la necesite para atender a su alumno\/a o a su hijo\/a. Personas bien formadas garantizar\u00e1n una adecuada atenci\u00f3n a las personas que necesitan de estos recursos para mejorar su calidad de vida.<\/span><\/p>\n<\/div><\/section><\/p>\n<\/div><\/div><\/div>\n","protected":false},"excerpt":{"rendered":"","protected":false},"author":5,"featured_media":0,"parent":0,"menu_order":0,"comment_status":"open","ping_status":"open","template":"","meta":{"om_disable_all_campaigns":false,"_monsterinsights_skip_tracking":false,"_monsterinsights_sitenote_active":false,"_monsterinsights_sitenote_note":"","_monsterinsights_sitenote_category":0,"_uf_show_specific_survey":0,"_uf_disable_surveys":false,"footnotes":""},"class_list":["post-394","page","type-page","status-publish","hentry"],"aioseo_notices":[],"_links":{"self":[{"href":"https:\/\/aulaabierta.arasaac.org\/de\/wp-json\/wp\/v2\/pages\/394","targetHints":{"allow":["GET"]}}],"collection":[{"href":"https:\/\/aulaabierta.arasaac.org\/de\/wp-json\/wp\/v2\/pages"}],"about":[{"href":"https:\/\/aulaabierta.arasaac.org\/de\/wp-json\/wp\/v2\/types\/page"}],"author":[{"embeddable":true,"href":"https:\/\/aulaabierta.arasaac.org\/de\/wp-json\/wp\/v2\/users\/5"}],"replies":[{"embeddable":true,"href":"https:\/\/aulaabierta.arasaac.org\/de\/wp-json\/wp\/v2\/comments?post=394"}],"version-history":[{"count":30,"href":"https:\/\/aulaabierta.arasaac.org\/de\/wp-json\/wp\/v2\/pages\/394\/revisions"}],"predecessor-version":[{"id":66853,"href":"https:\/\/aulaabierta.arasaac.org\/de\/wp-json\/wp\/v2\/pages\/394\/revisions\/66853"}],"wp:attachment":[{"href":"https:\/\/aulaabierta.arasaac.org\/de\/wp-json\/wp\/v2\/media?parent=394"}],"curies":[{"name":"wp","href":"https:\/\/api.w.org\/{rel}","templated":true}]}}