{"id":6554,"date":"2017-12-05T07:56:56","date_gmt":"2017-12-05T06:56:56","guid":{"rendered":"http:\/\/aulaabierta.arasaac.org\/?page_id=6554"},"modified":"2022-01-23T13:21:21","modified_gmt":"2022-01-23T12:21:21","slug":"nuevas-mejoras-e-implementaciones","status":"publish","type":"page","link":"https:\/\/aulaabierta.arasaac.org\/de\/nuevas-mejoras-e-implementaciones","title":{"rendered":"Picto Selector &#8211; Nuevas mejoras e implementaciones"},"content":{"rendered":"<div id='av-layout-grid-1'  class='av-layout-grid-container av-2k742y-d10a095925731c8618a4ef0b1276534c entry-content-wrapper alternate_color av-border-cells av-flex-cells  avia-builder-el-0  el_before_av_textblock  avia-builder-el-first   container_wrap fullsize'  >\n\n<style type=\"text\/css\" data-created_by=\"avia_inline_auto\" id=\"style-css-av-o1wza2-a59bbabb0313c102d702dde21425bb36\">\n.flex_cell.av-o1wza2-a59bbabb0313c102d702dde21425bb36{\nvertical-align:top;\n}\n.responsive #top #wrap_all .flex_cell.av-o1wza2-a59bbabb0313c102d702dde21425bb36{\npadding:30px 30px 30px 30px !important;\n}\n<\/style>\n<div class='flex_cell av-o1wza2-a59bbabb0313c102d702dde21425bb36 av-gridrow-cell av_one_fifth no_margin  avia-builder-el-1  el_before_av_cell_four_fifth  avia-builder-el-first ' ><div class='flex_cell_inner'>\n<style type=\"text\/css\" data-created_by=\"avia_inline_auto\" id=\"style-css-av-n0c3kq-bb95ebb4da4d8a8280c7e61f0093217a\">\n.avia-image-container.av-n0c3kq-bb95ebb4da4d8a8280c7e61f0093217a img.avia_image{\nbox-shadow:none;\n}\n.avia-image-container.av-n0c3kq-bb95ebb4da4d8a8280c7e61f0093217a .av-caption-image-overlay-bg{\nopacity:0.4;\nbackground-color:#444444;\n}\n.avia-image-container.av-n0c3kq-bb95ebb4da4d8a8280c7e61f0093217a .av-image-caption-overlay-center{\ncolor:#ffffff;\n}\n<\/style>\n<div  class='avia-image-container av-n0c3kq-bb95ebb4da4d8a8280c7e61f0093217a av-styling- avia-align-left  avia-builder-el-2  avia-builder-el-no-sibling  noHover av-overlay-on-hover'   itemprop=\"image\" itemscope=\"itemscope\" itemtype=\"https:\/\/schema.org\/ImageObject\" ><div class=\"avia-image-container-inner\"><div class=\"avia-image-overlay-wrap\"><a href=\"https:\/\/aulaabierta.arasaac.org\/de\/picto-selector-inicio\" class='avia_image' ><div class=\"av-image-caption-overlay\"><div class=\"av-caption-image-overlay-bg\"><\/div><div class=\"av-image-caption-overlay-position\"><div class=\"av-image-caption-overlay-center\"><p>Volver a inicio<\/p>\n<\/div><\/div><\/div><img decoding=\"async\" class='wp-image-96499 avia-img-lazy-loading-not-96499 avia_image ' src=\"https:\/\/aulaabierta.arasaac.org\/wp-content\/uploads\/2016\/12\/ordenador_pictoselector-300x300.png\" alt='' title='ordenador_pictoselector'  height=\"300\" width=\"300\"  itemprop=\"thumbnailUrl\" srcset=\"https:\/\/aulaabierta.arasaac.org\/wp-content\/uploads\/2016\/12\/ordenador_pictoselector-300x300.png 300w, https:\/\/aulaabierta.arasaac.org\/wp-content\/uploads\/2016\/12\/ordenador_pictoselector-80x80.png 80w, https:\/\/aulaabierta.arasaac.org\/wp-content\/uploads\/2016\/12\/ordenador_pictoselector-36x36.png 36w, https:\/\/aulaabierta.arasaac.org\/wp-content\/uploads\/2016\/12\/ordenador_pictoselector-180x180.png 180w, https:\/\/aulaabierta.arasaac.org\/wp-content\/uploads\/2016\/12\/ordenador_pictoselector-120x120.png 120w, https:\/\/aulaabierta.arasaac.org\/wp-content\/uploads\/2016\/12\/ordenador_pictoselector-450x450.png 450w, https:\/\/aulaabierta.arasaac.org\/wp-content\/uploads\/2016\/12\/ordenador_pictoselector.png 500w\" sizes=\"(max-width: 300px) 100vw, 300px\" \/><\/a><\/div><\/div><\/div>\n<\/div><\/div>\n<style type=\"text\/css\" data-created_by=\"avia_inline_auto\" id=\"style-css-av-25b9yi-67694739dd50b03901ed691447cd6314\">\n.flex_cell.av-25b9yi-67694739dd50b03901ed691447cd6314{\nvertical-align:middle;\n}\n.responsive #top #wrap_all .flex_cell.av-25b9yi-67694739dd50b03901ed691447cd6314{\npadding:30px 30px 30px 30px !important;\n}\n<\/style>\n<div class='flex_cell av-25b9yi-67694739dd50b03901ed691447cd6314 av-gridrow-cell av_four_fifth no_margin  avia-builder-el-3  el_after_av_cell_one_fifth  avia-builder-el-last ' ><div class='flex_cell_inner'>\n<style type=\"text\/css\" data-created_by=\"avia_inline_auto\" id=\"style-css-av-ipe93u-397de09628415ee9c0cb6d9a050756dc\">\n#top .av-special-heading.av-ipe93u-397de09628415ee9c0cb6d9a050756dc{\npadding-bottom:0;\n}\nbody .av-special-heading.av-ipe93u-397de09628415ee9c0cb6d9a050756dc .av-special-heading-tag .heading-char{\nfont-size:25px;\n}\n#top #wrap_all .av-special-heading.av-ipe93u-397de09628415ee9c0cb6d9a050756dc .av-special-heading-tag{\nfont-size:26px;\n}\n.av-special-heading.av-ipe93u-397de09628415ee9c0cb6d9a050756dc .av-subheading{\nfont-size:15px;\n}\n<\/style>\n<div  class='av-special-heading av-ipe93u-397de09628415ee9c0cb6d9a050756dc av-special-heading-h2  avia-builder-el-4  avia-builder-el-no-sibling '><h2 class='av-special-heading-tag'  itemprop=\"headline\"  >NUEVAS MEJORAS E IMPLEMENTACIONES<\/h2><div class=\"special-heading-border\"><div class=\"special-heading-inner-border\"><\/div><\/div><\/div>\n<\/div><\/div>\n<\/div><div id='after_grid_row_1'  class='main_color av_default_container_wrap container_wrap fullsize'  ><div class='container av-section-cont-open' ><div class='template-page content  av-content-full alpha units'><div class='post-entry post-entry-type-page post-entry-6554'><div class='entry-content-wrapper clearfix'>\n<section  class='av_textblock_section av-i6olka-f9a2d9259b913b53481158021e3f1acb'  itemscope=\"itemscope\" itemtype=\"https:\/\/schema.org\/CreativeWork\" ><div class='avia_textblock'  itemprop=\"text\" ><p>Como ya hemos comentado a lo largo de este tutorial, <a href=\"https:\/\/www.pictoselector.eu\/es\/\" target=\"_blank\" rel=\"noopener\"><strong>Picto Selector<\/strong><\/a> es una <strong>herramienta din\u00e1mica<\/strong> y en continua<strong> actualizaci\u00f3n<\/strong>, por lo que iremos a\u00f1adiendo en este apartado las <strong>nueva mejoras e implementaciones<\/strong> que se vayan realizando en la misma en el futuro.<\/p>\n<\/div><\/section>\n<section  class='av_textblock_section av-gbprfu-f18017610136c836f40f2291517633a0'  itemscope=\"itemscope\" itemtype=\"https:\/\/schema.org\/CreativeWork\" ><div class='avia_textblock'  itemprop=\"text\" ><h6 style=\"text-align: center;\"><strong><img loading=\"lazy\" decoding=\"async\" class=\"aligncenter size-full wp-image-932\" src=\"https:\/\/aulaabierta.arasaac.org\/wp-content\/uploads\/2016\/12\/by-nc-sa.eu_petit.png\" alt=\"\" width=\"118\" height=\"41\" \/>Este obra est\u00e1 bajo una <a href=\"http:\/\/creativecommons.org\/licenses\/by-nc-sa\/4.0\/\" rel=\"license\">licencia de Creative Commons Reconocimiento-NoComercial-CompartirIgual 4.0 Internacional<\/a>.<\/strong><\/h6>\n<hr \/>\n<\/div><\/section>\n\n<style type=\"text\/css\" data-created_by=\"avia_inline_auto\" id=\"style-css-av-eucw7e-17bd4c8ed8156cd76b7f368e976c2144\">\n#top .av_textblock_section.av-eucw7e-17bd4c8ed8156cd76b7f368e976c2144 .avia_textblock{\nfont-size:16px;\n}\n<\/style>\n<section  class='av_textblock_section av-eucw7e-17bd4c8ed8156cd76b7f368e976c2144'  itemscope=\"itemscope\" itemtype=\"https:\/\/schema.org\/CreativeWork\" ><div class='avia_textblock'  itemprop=\"text\" ><h3>A\u00f1adir a los pictogramas el s\u00edmbolo del plural y de los tiempos verbales (pasado y futuro).<\/h3>\n<p>Para poder utilizar estas mejoras, deb\u00e9is abrir <a href=\"https:\/\/www.pictoselector.eu\/es\/\" target=\"_blank\" rel=\"noopener\"><strong>Picto Selector<\/strong><\/a> y, desde el men\u00fa <strong>Ayuda<\/strong>, pulsar sobre Buscar actualizaciones para comprobar si tenemos instalada la <strong>\u00faltima versi\u00f3n de la aplicaci\u00f3n<\/strong>.<\/p>\n<p>Una de las mejoras sugeridas desde <a href=\"http:\/\/www.arasaac.org\/\" target=\"_blank\" rel=\"noopener\"><strong>ARASAAC<\/strong><\/a> al autor ha sido la posibilidad de incluir en la parte superior del pictograma el <strong>s\u00edmbolo + del plural<\/strong> y las <strong>flechas direccionales<\/strong> para indicar el tiempo verbal <strong>pasado<\/strong> y <strong>futuro<\/strong>.<\/p>\n<p>Podemos utilizar estas opciones de dos formas:\u00a0 haciendo <strong>doble clic sobre el pictograma<\/strong> para que aparezca la ventana emergente <strong>Pictograma<\/strong> o pulsando el <strong>bot\u00f3n derecho del rat\u00f3n<\/strong> sobre el pictograma.<\/p>\n<p>En ambos casos, nos aparecer\u00e1 el men\u00fa <strong>A\u00f1adir <\/strong>con varias opciones<strong>: Nada Plural, Pasado, Futuro <\/strong>y<strong> Personalizado.<\/strong><\/p>\n<p>La opci\u00f3n del <strong>Plural<\/strong> permite a\u00f1adir el <strong>s\u00edmbolo +<\/strong> en la parte superior derecha del pictograma tal como pod\u00e9is comprobar en estas capturas.<\/p>\n<p>Podemos utilizar la opci\u00f3n de hacer clic dos veces sobre el pictograma para que aparezca la ventana emergente desde la que seleccionaremos la opci\u00f3n <strong>A\u00f1adir<\/strong> y, posteriormente, <strong>Plural <\/strong>para que aparezca el s\u00edmbolo +.<\/p>\n<p><img loading=\"lazy\" decoding=\"async\" class=\"aligncenter size-full wp-image-6573\" src=\"https:\/\/aulaabierta.arasaac.org\/wp-content\/uploads\/2017\/12\/Picto_Selector_Plural_0a.jpg\" alt=\"\" width=\"1366\" height=\"768\" srcset=\"https:\/\/aulaabierta.arasaac.org\/wp-content\/uploads\/2017\/12\/Picto_Selector_Plural_0a.jpg 1366w, https:\/\/aulaabierta.arasaac.org\/wp-content\/uploads\/2017\/12\/Picto_Selector_Plural_0a-300x169.jpg 300w, https:\/\/aulaabierta.arasaac.org\/wp-content\/uploads\/2017\/12\/Picto_Selector_Plural_0a-768x432.jpg 768w, https:\/\/aulaabierta.arasaac.org\/wp-content\/uploads\/2017\/12\/Picto_Selector_Plural_0a-1030x579.jpg 1030w, https:\/\/aulaabierta.arasaac.org\/wp-content\/uploads\/2017\/12\/Picto_Selector_Plural_0a-705x396.jpg 705w, https:\/\/aulaabierta.arasaac.org\/wp-content\/uploads\/2017\/12\/Picto_Selector_Plural_0a-450x253.jpg 450w\" sizes=\"auto, (max-width: 1366px) 100vw, 1366px\" \/><\/p>\n<p>Podemos utilizar tambi\u00e9n la opci\u00f3n de situarnos sobre el pictograma y pulsar el bot\u00f3n derecho del rat\u00f3n, de tal forma que aparecer\u00e1 el men\u00fa contextual desde el que podemos\u00a0 seleccionar la opci\u00f3n <strong>A\u00f1adir<\/strong> y, posteriormente, <strong>Plural<\/strong>.<\/p>\n<p><img loading=\"lazy\" decoding=\"async\" class=\"aligncenter size-full wp-image-6576\" src=\"https:\/\/aulaabierta.arasaac.org\/wp-content\/uploads\/2017\/12\/Picto_Selector_Plural_0-1.jpg\" alt=\"\" width=\"1366\" height=\"768\" srcset=\"https:\/\/aulaabierta.arasaac.org\/wp-content\/uploads\/2017\/12\/Picto_Selector_Plural_0-1.jpg 1366w, https:\/\/aulaabierta.arasaac.org\/wp-content\/uploads\/2017\/12\/Picto_Selector_Plural_0-1-300x169.jpg 300w, https:\/\/aulaabierta.arasaac.org\/wp-content\/uploads\/2017\/12\/Picto_Selector_Plural_0-1-768x432.jpg 768w, https:\/\/aulaabierta.arasaac.org\/wp-content\/uploads\/2017\/12\/Picto_Selector_Plural_0-1-1030x579.jpg 1030w, https:\/\/aulaabierta.arasaac.org\/wp-content\/uploads\/2017\/12\/Picto_Selector_Plural_0-1-705x396.jpg 705w, https:\/\/aulaabierta.arasaac.org\/wp-content\/uploads\/2017\/12\/Picto_Selector_Plural_0-1-450x253.jpg 450w\" sizes=\"auto, (max-width: 1366px) 100vw, 1366px\" \/><\/p>\n<p>Utilizando cualquiera de las dos formas, as\u00ed quedar\u00e1 nuestro tablero listo para imprimir.<\/p>\n<p><img loading=\"lazy\" decoding=\"async\" class=\"aligncenter size-full wp-image-6567\" src=\"https:\/\/aulaabierta.arasaac.org\/wp-content\/uploads\/2017\/12\/Picto_Selector_Plural_1.jpg\" alt=\"\" width=\"1366\" height=\"768\" srcset=\"https:\/\/aulaabierta.arasaac.org\/wp-content\/uploads\/2017\/12\/Picto_Selector_Plural_1.jpg 1366w, https:\/\/aulaabierta.arasaac.org\/wp-content\/uploads\/2017\/12\/Picto_Selector_Plural_1-300x169.jpg 300w, https:\/\/aulaabierta.arasaac.org\/wp-content\/uploads\/2017\/12\/Picto_Selector_Plural_1-768x432.jpg 768w, https:\/\/aulaabierta.arasaac.org\/wp-content\/uploads\/2017\/12\/Picto_Selector_Plural_1-1030x579.jpg 1030w, https:\/\/aulaabierta.arasaac.org\/wp-content\/uploads\/2017\/12\/Picto_Selector_Plural_1-705x396.jpg 705w, https:\/\/aulaabierta.arasaac.org\/wp-content\/uploads\/2017\/12\/Picto_Selector_Plural_1-450x253.jpg 450w\" sizes=\"auto, (max-width: 1366px) 100vw, 1366px\" \/><\/p>\n<p>Una vez a\u00f1adidos los s\u00edmbolos e impreso el tablero, \u00e9ste ser\u00e1 el resultado final, en el que podemos apreciar el s\u00edmbolo +, representando el plural, en la parte superior derecha de los pictogramas.<\/p>\n<p><img loading=\"lazy\" decoding=\"async\" class=\"aligncenter size-full wp-image-6568\" src=\"https:\/\/aulaabierta.arasaac.org\/wp-content\/uploads\/2017\/12\/Picto_Selector_Plural_2.jpg\" alt=\"\" width=\"635\" height=\"543\" srcset=\"https:\/\/aulaabierta.arasaac.org\/wp-content\/uploads\/2017\/12\/Picto_Selector_Plural_2.jpg 635w, https:\/\/aulaabierta.arasaac.org\/wp-content\/uploads\/2017\/12\/Picto_Selector_Plural_2-300x257.jpg 300w, https:\/\/aulaabierta.arasaac.org\/wp-content\/uploads\/2017\/12\/Picto_Selector_Plural_2-450x385.jpg 450w\" sizes=\"auto, (max-width: 635px) 100vw, 635px\" \/>En cuanto a los <strong>tiempos verbales<\/strong>, los pasos para acceder a los s\u00edmbolos de las flechas son los mismos que en el caso que hemos utilizado para el plural.<\/p>\n<p>Podemos pulsar el <strong>bot\u00f3n derecho del rat\u00f3n<\/strong> para a\u00f1adir la<strong> flecha de pasado en el lado izquierdo<\/strong> del pictograma o la <strong>flecha de futuro en el lado derecho<\/strong>.<\/p>\n<p><img loading=\"lazy\" decoding=\"async\" class=\"aligncenter size-full wp-image-6555\" src=\"https:\/\/aulaabierta.arasaac.org\/wp-content\/uploads\/2017\/12\/Picto_Selector_Tiempos_verbales_0.jpg\" alt=\"\" width=\"1366\" height=\"768\" srcset=\"https:\/\/aulaabierta.arasaac.org\/wp-content\/uploads\/2017\/12\/Picto_Selector_Tiempos_verbales_0.jpg 1366w, https:\/\/aulaabierta.arasaac.org\/wp-content\/uploads\/2017\/12\/Picto_Selector_Tiempos_verbales_0-300x169.jpg 300w, https:\/\/aulaabierta.arasaac.org\/wp-content\/uploads\/2017\/12\/Picto_Selector_Tiempos_verbales_0-768x432.jpg 768w, https:\/\/aulaabierta.arasaac.org\/wp-content\/uploads\/2017\/12\/Picto_Selector_Tiempos_verbales_0-1030x579.jpg 1030w, https:\/\/aulaabierta.arasaac.org\/wp-content\/uploads\/2017\/12\/Picto_Selector_Tiempos_verbales_0-705x396.jpg 705w, https:\/\/aulaabierta.arasaac.org\/wp-content\/uploads\/2017\/12\/Picto_Selector_Tiempos_verbales_0-450x253.jpg 450w\" sizes=\"auto, (max-width: 1366px) 100vw, 1366px\" \/><\/p>\n<p>O bien podemos, hacer <strong>doble clic sobre el pictograma<\/strong> y en la parte inferior de la ventana emergente, aparece la opci\u00f3n de <strong>A\u00f1adir&#8230; Pasado<\/strong> o <strong>Futuro<\/strong>.<\/p>\n<p><img loading=\"lazy\" decoding=\"async\" class=\"aligncenter size-full wp-image-6556\" src=\"https:\/\/aulaabierta.arasaac.org\/wp-content\/uploads\/2017\/12\/Picto_Selector_Tiempos_verbales_1.jpg\" alt=\"\" width=\"1366\" height=\"768\" srcset=\"https:\/\/aulaabierta.arasaac.org\/wp-content\/uploads\/2017\/12\/Picto_Selector_Tiempos_verbales_1.jpg 1366w, https:\/\/aulaabierta.arasaac.org\/wp-content\/uploads\/2017\/12\/Picto_Selector_Tiempos_verbales_1-300x169.jpg 300w, https:\/\/aulaabierta.arasaac.org\/wp-content\/uploads\/2017\/12\/Picto_Selector_Tiempos_verbales_1-768x432.jpg 768w, https:\/\/aulaabierta.arasaac.org\/wp-content\/uploads\/2017\/12\/Picto_Selector_Tiempos_verbales_1-1030x579.jpg 1030w, https:\/\/aulaabierta.arasaac.org\/wp-content\/uploads\/2017\/12\/Picto_Selector_Tiempos_verbales_1-705x396.jpg 705w, https:\/\/aulaabierta.arasaac.org\/wp-content\/uploads\/2017\/12\/Picto_Selector_Tiempos_verbales_1-450x253.jpg 450w\" sizes=\"auto, (max-width: 1366px) 100vw, 1366px\" \/><\/p>\n<p><img loading=\"lazy\" decoding=\"async\" class=\"aligncenter size-full wp-image-6557\" src=\"https:\/\/aulaabierta.arasaac.org\/wp-content\/uploads\/2017\/12\/Picto_Selector_Tiempos_verbales_2.jpg\" alt=\"\" width=\"1366\" height=\"768\" srcset=\"https:\/\/aulaabierta.arasaac.org\/wp-content\/uploads\/2017\/12\/Picto_Selector_Tiempos_verbales_2.jpg 1366w, https:\/\/aulaabierta.arasaac.org\/wp-content\/uploads\/2017\/12\/Picto_Selector_Tiempos_verbales_2-300x169.jpg 300w, https:\/\/aulaabierta.arasaac.org\/wp-content\/uploads\/2017\/12\/Picto_Selector_Tiempos_verbales_2-768x432.jpg 768w, https:\/\/aulaabierta.arasaac.org\/wp-content\/uploads\/2017\/12\/Picto_Selector_Tiempos_verbales_2-1030x579.jpg 1030w, https:\/\/aulaabierta.arasaac.org\/wp-content\/uploads\/2017\/12\/Picto_Selector_Tiempos_verbales_2-705x396.jpg 705w, https:\/\/aulaabierta.arasaac.org\/wp-content\/uploads\/2017\/12\/Picto_Selector_Tiempos_verbales_2-450x253.jpg 450w\" sizes=\"auto, (max-width: 1366px) 100vw, 1366px\" \/><\/p>\n<p>Una vez impreso, \u00e9ste es el resultado final en el que podemos apreciar el s\u00edmbolo +, representando el plural, en la parte superior derecha de los pictogramas.<\/p>\n<p><img loading=\"lazy\" decoding=\"async\" class=\"aligncenter size-full wp-image-6565\" src=\"https:\/\/aulaabierta.arasaac.org\/wp-content\/uploads\/2017\/12\/Picto_Selector_Tiempos_verbales_3.jpg\" alt=\"\" width=\"742\" height=\"508\" srcset=\"https:\/\/aulaabierta.arasaac.org\/wp-content\/uploads\/2017\/12\/Picto_Selector_Tiempos_verbales_3.jpg 742w, https:\/\/aulaabierta.arasaac.org\/wp-content\/uploads\/2017\/12\/Picto_Selector_Tiempos_verbales_3-300x205.jpg 300w, https:\/\/aulaabierta.arasaac.org\/wp-content\/uploads\/2017\/12\/Picto_Selector_Tiempos_verbales_3-705x483.jpg 705w, https:\/\/aulaabierta.arasaac.org\/wp-content\/uploads\/2017\/12\/Picto_Selector_Tiempos_verbales_3-450x308.jpg 450w\" sizes=\"auto, (max-width: 742px) 100vw, 742px\" \/><\/p>\n<p>En el caso de que quer\u00e1is utilizar estos pictogramas con el s\u00edmbolo + o con las flechas de los tiempos verbales en vuestros documentos o presentaciones, ten\u00e9is que utilizar la opci\u00f3n de <strong>Copiar a Word<\/strong> o\u00a0<b>Copiar al portapapeles<\/b> (<a href=\"https:\/\/aulaabierta.arasaac.org\/menu-contextual-de-los-pictogramas\"><strong>Cap\u00edtulo 9<\/strong> <\/a>de este tutorial).<\/p>\n<p>Una vez copiados en estas dos herramientas ofim\u00e1ticas, pod\u00e9is pulsar el bot\u00f3n derecho del rat\u00f3n y utilizar la opci\u00f3n <strong>Guardar como imagen<\/strong> para utilizarlos en <strong>AraWord<\/strong>.<\/p>\n<\/div><\/section>\n<\/div><\/div><\/div><!-- close content main div --><\/div><\/div><div id='av-layout-grid-2'  class='av-layout-grid-container av-buh5e2-ed37df92db1611d632239a9525d7ba36 entry-content-wrapper main_color av-border-top-bottom av-flex-cells  avia-builder-el-8  el_after_av_textblock  avia-builder-el-last  grid-row-not-first  container_wrap fullsize'  >\n\n<style type=\"text\/css\" data-created_by=\"avia_inline_auto\" id=\"style-css-av-b1zk3e-41c3630c40b9502271c05a7ebc4903de\">\n.flex_cell.av-b1zk3e-41c3630c40b9502271c05a7ebc4903de{\nvertical-align:top;\n}\n.responsive #top #wrap_all .flex_cell.av-b1zk3e-41c3630c40b9502271c05a7ebc4903de{\npadding:30px 30px 30px 30px !important;\n}\n<\/style>\n<div class='flex_cell av-b1zk3e-41c3630c40b9502271c05a7ebc4903de av-gridrow-cell av_one_fifth no_margin  avia-builder-el-9  el_before_av_cell_one_fifth  avia-builder-el-first ' ><div class='flex_cell_inner'><\/div><\/div>\n<style type=\"text\/css\" data-created_by=\"avia_inline_auto\" id=\"style-css-av-94wuhm-c68da0a8112ff363be2f9cb55ff599fe\">\n.flex_cell.av-94wuhm-c68da0a8112ff363be2f9cb55ff599fe{\nvertical-align:top;\n}\n.responsive #top #wrap_all .flex_cell.av-94wuhm-c68da0a8112ff363be2f9cb55ff599fe{\npadding:30px 30px 30px 30px !important;\n}\n<\/style>\n<div class='flex_cell av-94wuhm-c68da0a8112ff363be2f9cb55ff599fe av-gridrow-cell av_one_fifth no_margin  avia-builder-el-10  el_after_av_cell_one_fifth  el_before_av_cell_one_fifth ' ><div class='flex_cell_inner'><\/div><\/div>\n<style type=\"text\/css\" data-created_by=\"avia_inline_auto\" id=\"style-css-av-70k7ve-54d8647382b130c2b1d035abc421b5d8\">\n.flex_cell.av-70k7ve-54d8647382b130c2b1d035abc421b5d8{\nvertical-align:top;\n}\n.responsive #top #wrap_all .flex_cell.av-70k7ve-54d8647382b130c2b1d035abc421b5d8{\npadding:30px 30px 30px 30px !important;\n}\n<\/style>\n<div class='flex_cell av-70k7ve-54d8647382b130c2b1d035abc421b5d8 av-gridrow-cell av_one_fifth no_margin  avia-builder-el-11  el_after_av_cell_one_fifth  el_before_av_cell_one_fifth ' ><div class='flex_cell_inner'>\n<style type=\"text\/css\" data-created_by=\"avia_inline_auto\" id=\"style-css-av-58trka-e1f290dbfaf1f2aa5a6b9e2c5daf097e\">\n.avia-image-container.av-58trka-e1f290dbfaf1f2aa5a6b9e2c5daf097e img.avia_image{\nbox-shadow:none;\n}\n.avia-image-container.av-58trka-e1f290dbfaf1f2aa5a6b9e2c5daf097e .av-image-caption-overlay-center{\ncolor:#ffffff;\n}\n<\/style>\n<div  class='avia-image-container av-58trka-e1f290dbfaf1f2aa5a6b9e2c5daf097e av-styling- avia-align-center  avia-builder-el-12  avia-builder-el-no-sibling '   itemprop=\"image\" itemscope=\"itemscope\" itemtype=\"https:\/\/schema.org\/ImageObject\" ><div class=\"avia-image-container-inner\"><div class=\"avia-image-overlay-wrap\"><a href=\"https:\/\/aulaabierta.arasaac.org\/de\/picto-selector-inicio\" class='avia_image' ><img decoding=\"async\" class='wp-image-96481 avia-img-lazy-loading-not-96481 avia_image ' src=\"https:\/\/aulaabierta.arasaac.org\/wp-content\/uploads\/2016\/12\/casa-80x80.png\" alt='' title='Inicio'  height=\"80\" width=\"80\"  itemprop=\"thumbnailUrl\" srcset=\"https:\/\/aulaabierta.arasaac.org\/wp-content\/uploads\/2016\/12\/casa-80x80.png 80w, https:\/\/aulaabierta.arasaac.org\/wp-content\/uploads\/2016\/12\/casa-300x300.png 300w, https:\/\/aulaabierta.arasaac.org\/wp-content\/uploads\/2016\/12\/casa-36x36.png 36w, https:\/\/aulaabierta.arasaac.org\/wp-content\/uploads\/2016\/12\/casa-180x180.png 180w, https:\/\/aulaabierta.arasaac.org\/wp-content\/uploads\/2016\/12\/casa-120x120.png 120w, https:\/\/aulaabierta.arasaac.org\/wp-content\/uploads\/2016\/12\/casa-450x450.png 450w, https:\/\/aulaabierta.arasaac.org\/wp-content\/uploads\/2016\/12\/casa.png 500w\" sizes=\"(max-width: 80px) 100vw, 80px\" \/><\/a><\/div><\/div><\/div>\n<\/div><\/div>\n<style type=\"text\/css\" data-created_by=\"avia_inline_auto\" id=\"style-css-av-4ts53u-65fb93ce70f80e1ed790244389161338\">\n.flex_cell.av-4ts53u-65fb93ce70f80e1ed790244389161338{\nvertical-align:top;\n}\n.responsive #top #wrap_all .flex_cell.av-4ts53u-65fb93ce70f80e1ed790244389161338{\npadding:30px 30px 30px 30px !important;\n}\n<\/style>\n<div class='flex_cell av-4ts53u-65fb93ce70f80e1ed790244389161338 av-gridrow-cell av_one_fifth no_margin  avia-builder-el-13  el_after_av_cell_one_fifth  el_before_av_cell_one_fifth ' ><div class='flex_cell_inner'><\/div><\/div>\n<style type=\"text\/css\" data-created_by=\"avia_inline_auto\" id=\"style-css-av-2qoyai-84b1c8723d4c97b141060949758cac86\">\n.flex_cell.av-2qoyai-84b1c8723d4c97b141060949758cac86{\nvertical-align:top;\n}\n.responsive #top #wrap_all .flex_cell.av-2qoyai-84b1c8723d4c97b141060949758cac86{\npadding:30px 30px 30px 30px !important;\n}\n<\/style>\n<div class='flex_cell av-2qoyai-84b1c8723d4c97b141060949758cac86 av-gridrow-cell av_one_fifth no_margin  avia-builder-el-14  el_after_av_cell_one_fifth  avia-builder-el-last ' ><div class='flex_cell_inner'><\/div><\/div>\n<\/div>\n","protected":false},"excerpt":{"rendered":"","protected":false},"author":5,"featured_media":1112,"parent":0,"menu_order":0,"comment_status":"closed","ping_status":"closed","template":"","meta":{"om_disable_all_campaigns":false,"_monsterinsights_skip_tracking":false,"_monsterinsights_sitenote_active":false,"_monsterinsights_sitenote_note":"","_monsterinsights_sitenote_category":0,"_uf_show_specific_survey":0,"_uf_disable_surveys":false,"footnotes":""},"class_list":["post-6554","page","type-page","status-publish","has-post-thumbnail","hentry"],"aioseo_notices":[],"_links":{"self":[{"href":"https:\/\/aulaabierta.arasaac.org\/de\/wp-json\/wp\/v2\/pages\/6554","targetHints":{"allow":["GET"]}}],"collection":[{"href":"https:\/\/aulaabierta.arasaac.org\/de\/wp-json\/wp\/v2\/pages"}],"about":[{"href":"https:\/\/aulaabierta.arasaac.org\/de\/wp-json\/wp\/v2\/types\/page"}],"author":[{"embeddable":true,"href":"https:\/\/aulaabierta.arasaac.org\/de\/wp-json\/wp\/v2\/users\/5"}],"replies":[{"embeddable":true,"href":"https:\/\/aulaabierta.arasaac.org\/de\/wp-json\/wp\/v2\/comments?post=6554"}],"version-history":[{"count":11,"href":"https:\/\/aulaabierta.arasaac.org\/de\/wp-json\/wp\/v2\/pages\/6554\/revisions"}],"predecessor-version":[{"id":83197,"href":"https:\/\/aulaabierta.arasaac.org\/de\/wp-json\/wp\/v2\/pages\/6554\/revisions\/83197"}],"wp:featuredmedia":[{"embeddable":true,"href":"https:\/\/aulaabierta.arasaac.org\/de\/wp-json\/wp\/v2\/media\/1112"}],"wp:attachment":[{"href":"https:\/\/aulaabierta.arasaac.org\/de\/wp-json\/wp\/v2\/media?parent=6554"}],"curies":[{"name":"wp","href":"https:\/\/api.w.org\/{rel}","templated":true}]}}