{"id":6858,"date":"2018-01-10T12:22:08","date_gmt":"2018-01-10T11:22:08","guid":{"rendered":"http:\/\/aulaabierta.arasaac.org\/?page_id=6858"},"modified":"2021-11-07T11:37:09","modified_gmt":"2021-11-07T10:37:09","slug":"accesibilidad-cognitiva-en-los-centros-educativos","status":"publish","type":"page","link":"https:\/\/aulaabierta.arasaac.org\/de\/accesibilidad-cognitiva-en-los-centros-educativos","title":{"rendered":"Accesibilidad cognitiva en los centros educativos"},"content":{"rendered":"<div id='av-layout-grid-1'  class='av-layout-grid-container av-pp26qy-dd2bf97abce86349c0344ba494e1aee8 entry-content-wrapper main_color av-flex-cells  avia-builder-el-0  el_before_av_textblock  avia-builder-el-first   container_wrap fullsize'  >\n\n<style type=\"text\/css\" data-created_by=\"avia_inline_auto\" id=\"style-css-av-2d7hoa-17f7ddedf07f910aef40cf784f35f009\">\n.flex_cell.av-2d7hoa-17f7ddedf07f910aef40cf784f35f009{\nvertical-align:top;\n}\n.responsive #top #wrap_all .flex_cell.av-2d7hoa-17f7ddedf07f910aef40cf784f35f009{\npadding:30px 30px 30px 30px !important;\n}\n<\/style>\n<div class='flex_cell av-2d7hoa-17f7ddedf07f910aef40cf784f35f009 av-gridrow-cell av_four_fifth no_margin  avia-builder-el-1  el_before_av_cell_one_fifth  avia-builder-el-first ' ><div class='flex_cell_inner'>\n<style type=\"text\/css\" data-created_by=\"avia_inline_auto\" id=\"style-css-av-mc0jqy-95ae2b926a6d9f8a7ee72e28af3bab34\">\n#top .av-special-heading.av-mc0jqy-95ae2b926a6d9f8a7ee72e28af3bab34{\npadding-bottom:10px;\n}\nbody .av-special-heading.av-mc0jqy-95ae2b926a6d9f8a7ee72e28af3bab34 .av-special-heading-tag .heading-char{\nfont-size:25px;\n}\n.av-special-heading.av-mc0jqy-95ae2b926a6d9f8a7ee72e28af3bab34 .av-subheading{\nfont-size:15px;\n}\n<\/style>\n<div  class='av-special-heading av-mc0jqy-95ae2b926a6d9f8a7ee72e28af3bab34 av-special-heading-h2  avia-builder-el-2  avia-builder-el-no-sibling '><h2 class='av-special-heading-tag'  itemprop=\"headline\"  ><span class='special_amp'>&#8222;<\/span>Accesibilidad cognitiva en los centros educativos<span class='special_amp'>&#8220;<\/span> Ministerio de Educaci\u00f3n, Cultura y Deporte (Espa\u00f1a)<\/h2><div class=\"special-heading-border\"><div class=\"special-heading-inner-border\"><\/div><\/div><\/div>\n<\/div><\/div>\n<style type=\"text\/css\" data-created_by=\"avia_inline_auto\" id=\"style-css-av-kkw66y-4e45bc989a3cd794bd0efff9422c1413\">\n.flex_cell.av-kkw66y-4e45bc989a3cd794bd0efff9422c1413{\nvertical-align:top;\nbackground-color:#f7f7f7;\n}\n.responsive #top #wrap_all .flex_cell.av-kkw66y-4e45bc989a3cd794bd0efff9422c1413{\npadding:30px 30px 30px 30px !important;\n}\n<\/style>\n<div class='flex_cell av-kkw66y-4e45bc989a3cd794bd0efff9422c1413 av-gridrow-cell av_one_fifth no_margin  avia-builder-el-3  el_after_av_cell_four_fifth  avia-builder-el-last ' ><div class='flex_cell_inner'><p>\n<style type=\"text\/css\" data-created_by=\"avia_inline_auto\" id=\"style-css-av-izkrsa-3863ff2362871a157b66e3fbb2a42a60\">\n.avia-image-container.av-izkrsa-3863ff2362871a157b66e3fbb2a42a60 img.avia_image{\nbox-shadow:none;\n}\n.avia-image-container.av-izkrsa-3863ff2362871a157b66e3fbb2a42a60 .av-image-caption-overlay-center{\ncolor:#ffffff;\n}\n<\/style>\n<div  class='avia-image-container av-izkrsa-3863ff2362871a157b66e3fbb2a42a60 av-styling- avia-align-center  avia-builder-el-4  el_before_av_textblock  avia-builder-el-first '   itemprop=\"image\" itemscope=\"itemscope\" itemtype=\"https:\/\/schema.org\/ImageObject\" ><div class=\"avia-image-container-inner\"><div class=\"avia-image-overlay-wrap\"><a href=\"http:\/\/blog.educalab.es\/cniie\/wp-content\/uploads\/sites\/3\/2015\/05\/ACCESIBILIDAD-COGNITIVA-EN-LOS-CENTROS-EDUCATIVOS.pdf\" class='avia_image' target=\"_blank\" rel=\"noopener noreferrer\"><img decoding=\"async\" class='wp-image-96751 avia-img-lazy-loading-not-96751 avia_image ' src=\"https:\/\/aulaabierta.arasaac.org\/wp-content\/uploads\/2017\/01\/pdf_download-80x80.png\" alt='' title='pdf_download'  height=\"80\" width=\"80\"  itemprop=\"thumbnailUrl\" srcset=\"https:\/\/aulaabierta.arasaac.org\/wp-content\/uploads\/2017\/01\/pdf_download-80x80.png 80w, https:\/\/aulaabierta.arasaac.org\/wp-content\/uploads\/2017\/01\/pdf_download-36x36.png 36w, https:\/\/aulaabierta.arasaac.org\/wp-content\/uploads\/2017\/01\/pdf_download-120x120.png 120w, https:\/\/aulaabierta.arasaac.org\/wp-content\/uploads\/2017\/01\/pdf_download.png 128w\" sizes=\"(max-width: 80px) 100vw, 80px\" \/><\/a><\/div><\/div><\/div><br \/>\n<section  class='av_textblock_section av-gv4hzu-dd70d8f4db0829d7f9a2c7f30a6c0de4'  itemscope=\"itemscope\" itemtype=\"https:\/\/schema.org\/CreativeWork\" ><div class='avia_textblock'  itemprop=\"text\" ><h3 style=\"text-align: center;\"><a href=\"http:\/\/blog.educalab.es\/cniie\/wp-content\/uploads\/sites\/3\/2015\/05\/ACCESIBILIDAD-COGNITIVA-EN-LOS-CENTROS-EDUCATIVOS.pdf\" target=\"_blank\" rel=\"noopener noreferrer\">DESCARGAR GU\u00cdA<\/a><\/h3>\n<\/div><\/section><\/p>\n<\/div><\/div>\n<\/div><div id='after_grid_row_1'  class='main_color av_default_container_wrap container_wrap fullsize'  ><div class='container av-section-cont-open' ><div class='template-page content  av-content-full alpha units'><div class='post-entry post-entry-type-page post-entry-6858'><div class='entry-content-wrapper clearfix'>\n<section  class='av_textblock_section av-f3ljqy-47fab8c2472e5fb363a8ed5d71ffcf10'  itemscope=\"itemscope\" itemtype=\"https:\/\/schema.org\/CreativeWork\" ><div class='avia_textblock'  itemprop=\"text\" ><h2><img loading=\"lazy\" decoding=\"async\" class=\"aligncenter size-full wp-image-932\" src=\"https:\/\/aulaabierta.arasaac.org\/wp-content\/uploads\/2016\/12\/by-nc-sa.eu_petit.png\" alt=\"\" width=\"118\" height=\"41\" \/><\/h2>\n<h6 style=\"text-align: center;\">Este obra est\u00e1 bajo una <a href=\"http:\/\/creativecommons.org\/licenses\/by-nc-sa\/4.0\/\" target=\"_blank\" rel=\"license noopener\">licencia de Creative Commons Reconocimiento-NoComercial-CompartirIgual 4.0 Internacional<\/a>.<\/h6>\n<hr \/>\n<\/div><\/section>\n\n<style type=\"text\/css\" data-created_by=\"avia_inline_auto\" id=\"style-css-av-e15l7u-dd3b711edc9d783609d1f8200b3d075e\">\n#top .av_textblock_section.av-e15l7u-dd3b711edc9d783609d1f8200b3d075e .avia_textblock{\nfont-size:14px;\n}\n<\/style>\n<section  class='av_textblock_section av-e15l7u-dd3b711edc9d783609d1f8200b3d075e'  itemscope=\"itemscope\" itemtype=\"https:\/\/schema.org\/CreativeWork\" ><div class='avia_textblock'  itemprop=\"text\" ><p>El documento <a href=\"http:\/\/blog.educalab.es\/cniie\/wp-content\/uploads\/sites\/3\/2015\/05\/ACCESIBILIDAD-COGNITIVA-EN-LOS-CENTROS-EDUCATIVOS.pdf\" target=\"_blank\" rel=\"noopener noreferrer\"><strong>&#8222;Accesibilidad cognitiva en los centros educativos&#8220;<\/strong><\/a><strong>\u00a0<\/strong>es un documento editado por el <strong>Ministerio de Educaci\u00f3n Cultura y Deporte,<\/strong> que se encuadra dentro de la colecci\u00f3n <strong>&#8222;Gu\u00edas pr\u00e1cticas de orientaciones para la inclusi\u00f3n educativa&#8220;<\/strong>, con la autor\u00eda de son<strong>\u00a0Mercedes Belinch\u00f3n<\/strong>, <strong>Silvia Casas<\/strong>, <strong>Cristina D\u00edez<\/strong> y <strong>Javier Tamarit<\/strong>.<\/p>\n<p>El objetivo principal de esta publicaci\u00f3n es <strong>reconocer y prestar atenci\u00f3n<\/strong> la hecho de que muchas de las <strong>personas<\/strong> que, cotidianamente, realizan actividades en estos centros (alumnado, profesionales, familiares, asistentes ocasionales, etc.) pueden tener d<strong>ificultades para comprender diversos aspectos de la organizaci\u00f3n y funcionamiento<\/strong> de los mismos debido a muy diversas razones (discapacidad, diferencias culturales o ling\u00fc\u00edsticas, estilos cognitivos peculiares, &#8230;).<\/p>\n<p>Otra de las pretensiones es la <strong>identificaci\u00f3n<\/strong>, por la\u00a0propia\u00a0comunidad\u00a0educativa,\u00a0de\u00a0los\u00a0<strong>factores\u00a0que limitan la accesibilidad cognitiva de sus centros<\/strong> (barreras) y f<strong>avorecer el dise\u00f1o y la planificaci\u00f3n de acciones orientadas a la eliminaci\u00f3n de estas barreras<\/strong>.<\/p>\n<p><img loading=\"lazy\" decoding=\"async\" class=\"aligncenter size-full wp-image-6859\" src=\"https:\/\/aulaabierta.arasaac.org\/wp-content\/uploads\/2018\/01\/Accesibilidad_cognitiva_en_los_centros_educativos.jpg\" alt=\"\" width=\"825\" height=\"590\" srcset=\"https:\/\/aulaabierta.arasaac.org\/wp-content\/uploads\/2018\/01\/Accesibilidad_cognitiva_en_los_centros_educativos.jpg 825w, https:\/\/aulaabierta.arasaac.org\/wp-content\/uploads\/2018\/01\/Accesibilidad_cognitiva_en_los_centros_educativos-300x215.jpg 300w, https:\/\/aulaabierta.arasaac.org\/wp-content\/uploads\/2018\/01\/Accesibilidad_cognitiva_en_los_centros_educativos-768x549.jpg 768w, https:\/\/aulaabierta.arasaac.org\/wp-content\/uploads\/2018\/01\/Accesibilidad_cognitiva_en_los_centros_educativos-260x185.jpg 260w, https:\/\/aulaabierta.arasaac.org\/wp-content\/uploads\/2018\/01\/Accesibilidad_cognitiva_en_los_centros_educativos-705x504.jpg 705w, https:\/\/aulaabierta.arasaac.org\/wp-content\/uploads\/2018\/01\/Accesibilidad_cognitiva_en_los_centros_educativos-450x322.jpg 450w\" sizes=\"auto, (max-width: 825px) 100vw, 825px\" \/><\/p>\n<p><img loading=\"lazy\" decoding=\"async\" class=\"aligncenter size-full wp-image-6860\" src=\"https:\/\/aulaabierta.arasaac.org\/wp-content\/uploads\/2018\/01\/Accesibilidad_cognitiva_en_los_centros_educativos_1.jpg\" alt=\"\" width=\"823\" height=\"591\" srcset=\"https:\/\/aulaabierta.arasaac.org\/wp-content\/uploads\/2018\/01\/Accesibilidad_cognitiva_en_los_centros_educativos_1.jpg 823w, https:\/\/aulaabierta.arasaac.org\/wp-content\/uploads\/2018\/01\/Accesibilidad_cognitiva_en_los_centros_educativos_1-300x215.jpg 300w, https:\/\/aulaabierta.arasaac.org\/wp-content\/uploads\/2018\/01\/Accesibilidad_cognitiva_en_los_centros_educativos_1-768x552.jpg 768w, https:\/\/aulaabierta.arasaac.org\/wp-content\/uploads\/2018\/01\/Accesibilidad_cognitiva_en_los_centros_educativos_1-705x506.jpg 705w, https:\/\/aulaabierta.arasaac.org\/wp-content\/uploads\/2018\/01\/Accesibilidad_cognitiva_en_los_centros_educativos_1-450x323.jpg 450w\" sizes=\"auto, (max-width: 823px) 100vw, 823px\" \/><\/p>\n<p>En definitiva, a trav\u00e9s de esta gu\u00eda se trata de <strong>sensibilizar a toda la comunidad educativa<\/strong> con una serie de din\u00e1micas que se vayan incorporando a los proyectos y objetivos de los propios centros en los distintos cursos acad\u00e9micos.<\/p>\n<div><\/div>\n<div>\u00a0Una gu\u00eda imprescindible para\u00a0 su consulta y uso que debemos tener presente si queremos caminar hacia la inclusi\u00f3n real de todas las personas.<\/div>\n<div><\/div>\n<div><\/div>\n<p>Nuestro agradecimiento a los autores por la sugerencia de uso de los pictogramas de <a href=\"http:\/\/www.arasaac.org\/\" target=\"_blank\" rel=\"noopener noreferrer\"><strong>ARASAAC<\/strong> <\/a>como apoyo visual y como modelo accesibilidad cognitiva para las adaptaciones de documentos.<\/p>\n<div><\/div>\n<div><\/div>\n<\/div><\/section>\n<\/div><\/div><\/div><!-- close content main div --><\/div><\/div><div id='av-layout-grid-2'  class='av-layout-grid-container av-c4xj0a-533df45c591e8aeca49f0e84b03140e5 entry-content-wrapper main_color av-flex-cells  avia-builder-el-8  el_after_av_textblock  avia-builder-el-last  grid-row-not-first  container_wrap fullsize'  >\n<div class='flex_cell av-bc92sq-360c9a38ecff07f653d17bbd449ab5c8 av-gridrow-cell av_one_fifth no_margin  avia-builder-el-9  el_before_av_cell_one_fifth  avia-builder-el-first ' ><div class='flex_cell_inner'><\/div><\/div><div class='flex_cell av-8t6ttm-680300cc10fb10d54dd2954b802ea504 av-gridrow-cell av_one_fifth no_margin  avia-builder-el-10  el_after_av_cell_one_fifth  el_before_av_cell_one_fifth ' ><div class='flex_cell_inner'><\/div><\/div>\n<style type=\"text\/css\" data-created_by=\"avia_inline_auto\" id=\"style-css-av-7kaj3e-2cb7f1bd6e1ec896266212581320665f\">\n.flex_cell.av-7kaj3e-2cb7f1bd6e1ec896266212581320665f{\nvertical-align:top;\n}\n.responsive #top #wrap_all .flex_cell.av-7kaj3e-2cb7f1bd6e1ec896266212581320665f{\npadding:30px 30px 30px 30px !important;\n}\n<\/style>\n<div class='flex_cell av-7kaj3e-2cb7f1bd6e1ec896266212581320665f av-gridrow-cell av_one_fifth no_margin  avia-builder-el-11  el_after_av_cell_one_fifth  el_before_av_cell_one_fifth ' ><div class='flex_cell_inner'>\n<style type=\"text\/css\" data-created_by=\"avia_inline_auto\" id=\"style-css-av-582rkq-494417438e72bccd76336c812b675605\">\n.avia-image-container.av-582rkq-494417438e72bccd76336c812b675605 img.avia_image{\nbox-shadow:none;\n}\n.avia-image-container.av-582rkq-494417438e72bccd76336c812b675605 .av-image-caption-overlay-center{\ncolor:#ffffff;\n}\n<\/style>\n<div  class='avia-image-container av-582rkq-494417438e72bccd76336c812b675605 av-styling- avia-align-center  avia-builder-el-12  avia-builder-el-no-sibling '   itemprop=\"image\" itemscope=\"itemscope\" itemtype=\"https:\/\/schema.org\/ImageObject\" ><div class=\"avia-image-container-inner\"><div class=\"avia-image-overlay-wrap\"><img decoding=\"async\" class='wp-image-96481 avia-img-lazy-loading-not-96481 avia_image ' src=\"https:\/\/aulaabierta.arasaac.org\/wp-content\/uploads\/2016\/12\/casa-80x80.png\" alt='' title='Inicio'  height=\"80\" width=\"80\"  itemprop=\"thumbnailUrl\" srcset=\"https:\/\/aulaabierta.arasaac.org\/wp-content\/uploads\/2016\/12\/casa-80x80.png 80w, https:\/\/aulaabierta.arasaac.org\/wp-content\/uploads\/2016\/12\/casa-300x300.png 300w, https:\/\/aulaabierta.arasaac.org\/wp-content\/uploads\/2016\/12\/casa-36x36.png 36w, https:\/\/aulaabierta.arasaac.org\/wp-content\/uploads\/2016\/12\/casa-180x180.png 180w, https:\/\/aulaabierta.arasaac.org\/wp-content\/uploads\/2016\/12\/casa-120x120.png 120w, https:\/\/aulaabierta.arasaac.org\/wp-content\/uploads\/2016\/12\/casa-450x450.png 450w, https:\/\/aulaabierta.arasaac.org\/wp-content\/uploads\/2016\/12\/casa.png 500w\" sizes=\"(max-width: 80px) 100vw, 80px\" \/><\/div><\/div><\/div>\n<\/div><\/div>\n<style type=\"text\/css\" data-created_by=\"avia_inline_auto\" id=\"style-css-av-4pzei2-891687908cf5e7f64f62e5f79a55b9a2\">\n.flex_cell.av-4pzei2-891687908cf5e7f64f62e5f79a55b9a2{\nvertical-align:top;\n}\n.responsive #top #wrap_all .flex_cell.av-4pzei2-891687908cf5e7f64f62e5f79a55b9a2{\npadding:30px 30px 30px 30px !important;\n}\n<\/style>\n<div class='flex_cell av-4pzei2-891687908cf5e7f64f62e5f79a55b9a2 av-gridrow-cell av_one_fifth no_margin  avia-builder-el-13  el_after_av_cell_one_fifth  el_before_av_cell_one_fifth ' ><div class='flex_cell_inner'><\/div><\/div>\n<style type=\"text\/css\" data-created_by=\"avia_inline_auto\" id=\"style-css-av-2b8by2-5d3e747ef861f05884d30630fe4a2a84\">\n.flex_cell.av-2b8by2-5d3e747ef861f05884d30630fe4a2a84{\nvertical-align:top;\n}\n.responsive #top #wrap_all .flex_cell.av-2b8by2-5d3e747ef861f05884d30630fe4a2a84{\npadding:30px 30px 30px 30px !important;\n}\n<\/style>\n<div class='flex_cell av-2b8by2-5d3e747ef861f05884d30630fe4a2a84 av-gridrow-cell av_one_fifth no_margin  avia-builder-el-14  el_after_av_cell_one_fifth  avia-builder-el-last ' ><div class='flex_cell_inner'><\/div><\/div><\/div>\n","protected":false},"excerpt":{"rendered":"","protected":false},"author":5,"featured_media":0,"parent":0,"menu_order":0,"comment_status":"open","ping_status":"open","template":"","meta":{"om_disable_all_campaigns":false,"_monsterinsights_skip_tracking":false,"_monsterinsights_sitenote_active":false,"_monsterinsights_sitenote_note":"","_monsterinsights_sitenote_category":0,"_uf_show_specific_survey":0,"_uf_disable_surveys":false,"footnotes":""},"class_list":["post-6858","page","type-page","status-publish","hentry"],"aioseo_notices":[],"_links":{"self":[{"href":"https:\/\/aulaabierta.arasaac.org\/de\/wp-json\/wp\/v2\/pages\/6858","targetHints":{"allow":["GET"]}}],"collection":[{"href":"https:\/\/aulaabierta.arasaac.org\/de\/wp-json\/wp\/v2\/pages"}],"about":[{"href":"https:\/\/aulaabierta.arasaac.org\/de\/wp-json\/wp\/v2\/types\/page"}],"author":[{"embeddable":true,"href":"https:\/\/aulaabierta.arasaac.org\/de\/wp-json\/wp\/v2\/users\/5"}],"replies":[{"embeddable":true,"href":"https:\/\/aulaabierta.arasaac.org\/de\/wp-json\/wp\/v2\/comments?post=6858"}],"version-history":[{"count":4,"href":"https:\/\/aulaabierta.arasaac.org\/de\/wp-json\/wp\/v2\/pages\/6858\/revisions"}],"predecessor-version":[{"id":69198,"href":"https:\/\/aulaabierta.arasaac.org\/de\/wp-json\/wp\/v2\/pages\/6858\/revisions\/69198"}],"wp:attachment":[{"href":"https:\/\/aulaabierta.arasaac.org\/de\/wp-json\/wp\/v2\/media?parent=6858"}],"curies":[{"name":"wp","href":"https:\/\/api.w.org\/{rel}","templated":true}]}}