{"id":761,"date":"2016-12-13T16:23:29","date_gmt":"2016-12-13T16:23:29","guid":{"rendered":"http:\/\/aulaabierta.arasaac.org\/?page_id=761"},"modified":"2022-01-12T14:22:40","modified_gmt":"2022-01-12T13:22:40","slug":"araword-3-menu-archivo","status":"publish","type":"page","link":"https:\/\/aulaabierta.arasaac.org\/de\/araword-3-menu-archivo","title":{"rendered":"AraWord &#8211; 3 &#8211; Men\u00fa Archivo"},"content":{"rendered":"<div id='av-layout-grid-1'  class='av-layout-grid-container av-37tnu9-147df344d96898a282acd0db4bbf3b96 entry-content-wrapper alternate_color av-border-cells av-flex-cells  avia-builder-el-0  el_before_av_textblock  avia-builder-el-first   container_wrap fullsize'  >\n\n<style type=\"text\/css\" data-created_by=\"avia_inline_auto\" id=\"style-css-av-34hmup-8a58bcc5fdc4ee9f5e3536a03c94f2d0\">\n.flex_cell.av-34hmup-8a58bcc5fdc4ee9f5e3536a03c94f2d0{\nvertical-align:top;\n}\n.responsive #top #wrap_all .flex_cell.av-34hmup-8a58bcc5fdc4ee9f5e3536a03c94f2d0{\npadding:30px 30px 30px 30px !important;\n}\n<\/style>\n<div class='flex_cell av-34hmup-8a58bcc5fdc4ee9f5e3536a03c94f2d0 av-gridrow-cell av_one_fifth no_margin  avia-builder-el-1  el_before_av_cell_four_fifth  avia-builder-el-first ' ><div class='flex_cell_inner'>\n<style type=\"text\/css\" data-created_by=\"avia_inline_auto\" id=\"style-css-av-2ye0zl-17836ef2cae02bf604d17ea4aa462b23\">\n.avia-image-container.av-2ye0zl-17836ef2cae02bf604d17ea4aa462b23 img.avia_image{\nbox-shadow:none;\n}\n.avia-image-container.av-2ye0zl-17836ef2cae02bf604d17ea4aa462b23 .av-caption-image-overlay-bg{\nopacity:0.4;\nbackground-color:#444444;\n}\n.avia-image-container.av-2ye0zl-17836ef2cae02bf604d17ea4aa462b23 .av-image-caption-overlay-center{\ncolor:#ffffff;\n}\n<\/style>\n<div  class='avia-image-container av-2ye0zl-17836ef2cae02bf604d17ea4aa462b23 av-styling- avia-align-left  avia-builder-el-2  avia-builder-el-no-sibling  noHover av-overlay-on-hover'   itemprop=\"image\" itemscope=\"itemscope\" itemtype=\"https:\/\/schema.org\/ImageObject\" ><div class=\"avia-image-container-inner\"><div class=\"avia-image-overlay-wrap\"><a href=\"https:\/\/aulaabierta.arasaac.org\/de\/araword_inicio\" class='avia_image' ><div class=\"av-image-caption-overlay\"><div class=\"av-caption-image-overlay-bg\"><\/div><div class=\"av-image-caption-overlay-position\"><div class=\"av-image-caption-overlay-center\"><p>Volver a inicio<\/p>\n<\/div><\/div><\/div><img decoding=\"async\" class='wp-image-96497 avia-img-lazy-loading-not-96497 avia_image ' src=\"https:\/\/aulaabierta.arasaac.org\/wp-content\/uploads\/2016\/12\/AraWord-PC.jpg\" alt='' title='AraWord PC'  height=\"862\" width=\"862\"  itemprop=\"thumbnailUrl\" srcset=\"https:\/\/aulaabierta.arasaac.org\/wp-content\/uploads\/2016\/12\/AraWord-PC.jpg 862w, https:\/\/aulaabierta.arasaac.org\/wp-content\/uploads\/2016\/12\/AraWord-PC-80x80.jpg 80w, https:\/\/aulaabierta.arasaac.org\/wp-content\/uploads\/2016\/12\/AraWord-PC-300x300.jpg 300w, https:\/\/aulaabierta.arasaac.org\/wp-content\/uploads\/2016\/12\/AraWord-PC-768x768.jpg 768w, https:\/\/aulaabierta.arasaac.org\/wp-content\/uploads\/2016\/12\/AraWord-PC-36x36.jpg 36w, https:\/\/aulaabierta.arasaac.org\/wp-content\/uploads\/2016\/12\/AraWord-PC-180x180.jpg 180w, https:\/\/aulaabierta.arasaac.org\/wp-content\/uploads\/2016\/12\/AraWord-PC-705x705.jpg 705w, https:\/\/aulaabierta.arasaac.org\/wp-content\/uploads\/2016\/12\/AraWord-PC-120x120.jpg 120w, https:\/\/aulaabierta.arasaac.org\/wp-content\/uploads\/2016\/12\/AraWord-PC-450x450.jpg 450w\" sizes=\"(max-width: 862px) 100vw, 862px\" \/><\/a><\/div><\/div><\/div>\n<\/div><\/div>\n<style type=\"text\/css\" data-created_by=\"avia_inline_auto\" id=\"style-css-av-2ovo55-4c1ce7483872c4a637971c6198bfaefa\">\n.flex_cell.av-2ovo55-4c1ce7483872c4a637971c6198bfaefa{\nvertical-align:middle;\n}\n.responsive #top #wrap_all .flex_cell.av-2ovo55-4c1ce7483872c4a637971c6198bfaefa{\npadding:30px 30px 30px 30px !important;\n}\n<\/style>\n<div class='flex_cell av-2ovo55-4c1ce7483872c4a637971c6198bfaefa av-gridrow-cell av_four_fifth no_margin  avia-builder-el-3  el_after_av_cell_one_fifth  avia-builder-el-last ' ><div class='flex_cell_inner'>\n<style type=\"text\/css\" data-created_by=\"avia_inline_auto\" id=\"style-css-av-9fudt-1ef586f30c4b642746fd806c4afa2843\">\n#top .av-special-heading.av-9fudt-1ef586f30c4b642746fd806c4afa2843{\npadding-bottom:0;\n}\nbody .av-special-heading.av-9fudt-1ef586f30c4b642746fd806c4afa2843 .av-special-heading-tag .heading-char{\nfont-size:25px;\n}\n#top #wrap_all .av-special-heading.av-9fudt-1ef586f30c4b642746fd806c4afa2843 .av-special-heading-tag{\nfont-size:26px;\n}\n.av-special-heading.av-9fudt-1ef586f30c4b642746fd806c4afa2843 .av-subheading{\nfont-size:15px;\n}\n<\/style>\n<div  class='av-special-heading av-9fudt-1ef586f30c4b642746fd806c4afa2843 av-special-heading-h2  avia-builder-el-4  avia-builder-el-no-sibling '><h2 class='av-special-heading-tag'  itemprop=\"headline\"  >3. MEN\u00da ARCHIVO<\/h2><div class=\"special-heading-border\"><div class=\"special-heading-inner-border\"><\/div><\/div><\/div>\n<\/div><\/div>\n<\/div><div id='after_grid_row_1'  class='main_color av_default_container_wrap container_wrap fullsize'  ><div class='container av-section-cont-open' ><div class='template-page content  av-content-full alpha units'><div class='post-entry post-entry-type-page post-entry-761'><div class='entry-content-wrapper clearfix'>\n<section  class='av_textblock_section av-2flha1-7e4bbb8f3e79d96fc5f99d0659db0d41'  itemscope=\"itemscope\" itemtype=\"https:\/\/schema.org\/CreativeWork\" ><div class='avia_textblock'  itemprop=\"text\" ><p><img loading=\"lazy\" decoding=\"async\" class=\"aligncenter size-full wp-image-932\" src=\"https:\/\/aulaabierta.arasaac.org\/wp-content\/uploads\/2016\/12\/by-nc-sa.eu_petit.png\" alt=\"\" width=\"118\" height=\"41\" \/><\/p>\n<h6 style=\"text-align: center;\">Este obra est\u00e1 bajo una <a href=\"http:\/\/creativecommons.org\/licenses\/by-nc-sa\/4.0\/\" rel=\"license\">licencia de Creative Commons Reconocimiento-NoComercial-CompartirIgual 4.0 Internacional<\/a>.<\/h6>\n<hr \/>\n<\/div><\/section>\n\n<style type=\"text\/css\" data-created_by=\"avia_inline_auto\" id=\"style-css-av-av_heading-12cd2cd8bc12e8ad41708aebea0977e3\">\n#top .av-special-heading.av-av_heading-12cd2cd8bc12e8ad41708aebea0977e3{\npadding-bottom:10px;\n}\nbody .av-special-heading.av-av_heading-12cd2cd8bc12e8ad41708aebea0977e3 .av-special-heading-tag .heading-char{\nfont-size:25px;\n}\n.av-special-heading.av-av_heading-12cd2cd8bc12e8ad41708aebea0977e3 .av-subheading{\nfont-size:15px;\n}\n<\/style>\n<div  class='av-special-heading av-av_heading-12cd2cd8bc12e8ad41708aebea0977e3 av-special-heading-h3  avia-builder-el-6  el_after_av_textblock  el_before_av_textblock '><h3 class='av-special-heading-tag'  itemprop=\"headline\"  >Tutorial<\/h3><div class=\"special-heading-border\"><div class=\"special-heading-inner-border\"><\/div><\/div><\/div>\n\n<style type=\"text\/css\" data-created_by=\"avia_inline_auto\" id=\"style-css-av-1ryt1t-401cd7a8517494814b2b48f338717cca\">\n#top .av_textblock_section.av-1ryt1t-401cd7a8517494814b2b48f338717cca .avia_textblock{\nfont-size:16px;\n}\n<\/style>\n<section  class='av_textblock_section av-1ryt1t-401cd7a8517494814b2b48f338717cca'  itemscope=\"itemscope\" itemtype=\"https:\/\/schema.org\/CreativeWork\" ><div class='avia_textblock'  itemprop=\"text\" ><p>Cuando abrimos la aplicaci\u00f3n, observamos que la interfaz es muy sencilla y que la barra de herramientas dispone de los elementos m\u00e1s b\u00e1sicos para que pueda ser utilizado, no s\u00f3lo por profesionales o familias, sino tambi\u00e9n por los propios usuarios de sistemas de comunicaci\u00f3n aumentativa y alternativa.<\/p>\n<p><img loading=\"lazy\" decoding=\"async\" class=\"aligncenter size-full wp-image-728\" src=\"https:\/\/aulaabierta.arasaac.org\/wp-content\/uploads\/2016\/12\/AW_8.png\" alt=\"\" width=\"881\" height=\"658\" srcset=\"https:\/\/aulaabierta.arasaac.org\/wp-content\/uploads\/2016\/12\/AW_8.png 881w, https:\/\/aulaabierta.arasaac.org\/wp-content\/uploads\/2016\/12\/AW_8-300x224.png 300w, https:\/\/aulaabierta.arasaac.org\/wp-content\/uploads\/2016\/12\/AW_8-768x574.png 768w, https:\/\/aulaabierta.arasaac.org\/wp-content\/uploads\/2016\/12\/AW_8-705x527.png 705w, https:\/\/aulaabierta.arasaac.org\/wp-content\/uploads\/2016\/12\/AW_8-450x336.png 450w\" sizes=\"auto, (max-width: 881px) 100vw, 881px\" \/><\/p>\n<p>Inicialmente, aparece el icono de <strong>AraWord<\/strong> que nos muestra <strong>d\u00f3nde est\u00e1 situado el cursor<\/strong>. Podemos borrarlo para empezar a escribir. Vamos a analizar las distintas opciones que aparecen en el men\u00fa <strong>Archivo<\/strong>.<\/p>\n<p><img loading=\"lazy\" decoding=\"async\" class=\"alignnone size-full wp-image-23072\" src=\"https:\/\/aulaabierta.arasaac.org\/wp-content\/uploads\/2021\/10\/AraWord_menu_archivo_1.png\" alt=\"\" width=\"888\" height=\"351\" srcset=\"https:\/\/aulaabierta.arasaac.org\/wp-content\/uploads\/2021\/10\/AraWord_menu_archivo_1.png 888w, https:\/\/aulaabierta.arasaac.org\/wp-content\/uploads\/2021\/10\/AraWord_menu_archivo_1-300x119.png 300w, https:\/\/aulaabierta.arasaac.org\/wp-content\/uploads\/2021\/10\/AraWord_menu_archivo_1-768x304.png 768w, https:\/\/aulaabierta.arasaac.org\/wp-content\/uploads\/2021\/10\/AraWord_menu_archivo_1-705x279.png 705w, https:\/\/aulaabierta.arasaac.org\/wp-content\/uploads\/2021\/10\/AraWord_menu_archivo_1-450x178.png 450w\" sizes=\"auto, (max-width: 888px) 100vw, 888px\" \/><\/p>\n<p>En primer lugar, aparece la opci\u00f3n de <strong>Nuevo<\/strong>, que nos permite <strong>comenzar a escribir un nuevo texto<\/strong>. Posteriormente tenemos la opci\u00f3n de<strong> Guardar como&#8230;<\/strong> , que se utiliza para guardar el texto sobre el que estamos trabajando y poderlo <strong>Abrir,<\/strong> posteriormente, para <strong>continuar con la escritura del texto<\/strong> adaptado sobre el que estamos trabajando. Tambi\u00e9n se almacenan todos aquellos pictogramas personalizados (que no forman parte de la base de datos de <a href=\"http:\/\/arasaac.org\/\"><strong>ARASAAC<\/strong><\/a>) que hayamos importado a <strong>AraWord<\/strong> y utilizado en el documento. De este modo, independientemente de en qu\u00e9 ordenador abramos el documento, tendremos la seguridad de que se muestran todos los pictogramas. Los archivos se guardan con la <strong>extensi\u00f3n .awd<\/strong>, por lo que para poder abrirlos, tendremos que hacerlo directamente con la opci\u00f3n Abrir, desde la propia aplicaci\u00f3n.<\/p>\n<p><img loading=\"lazy\" decoding=\"async\" class=\"aligncenter size-full wp-image-729\" src=\"https:\/\/aulaabierta.arasaac.org\/wp-content\/uploads\/2016\/12\/AW_10.png\" alt=\"\" width=\"625\" height=\"429\" srcset=\"https:\/\/aulaabierta.arasaac.org\/wp-content\/uploads\/2016\/12\/AW_10.png 625w, https:\/\/aulaabierta.arasaac.org\/wp-content\/uploads\/2016\/12\/AW_10-300x206.png 300w, https:\/\/aulaabierta.arasaac.org\/wp-content\/uploads\/2016\/12\/AW_10-450x309.png 450w\" sizes=\"auto, (max-width: 625px) 100vw, 625px\" \/><\/p>\n<p>El men\u00fa <strong>Exportar como&#8230;\u00a0<\/strong>ofrece, dos posibilidades: <strong>Exportar como imagen<\/strong> o <strong>Exportar como PDF<\/strong><\/p>\n<p><img loading=\"lazy\" decoding=\"async\" class=\"aligncenter size-full wp-image-731\" src=\"https:\/\/aulaabierta.arasaac.org\/wp-content\/uploads\/2016\/12\/AW_12.png\" alt=\"\" width=\"1101\" height=\"765\" srcset=\"https:\/\/aulaabierta.arasaac.org\/wp-content\/uploads\/2016\/12\/AW_12.png 1101w, https:\/\/aulaabierta.arasaac.org\/wp-content\/uploads\/2016\/12\/AW_12-300x208.png 300w, https:\/\/aulaabierta.arasaac.org\/wp-content\/uploads\/2016\/12\/AW_12-768x534.png 768w, https:\/\/aulaabierta.arasaac.org\/wp-content\/uploads\/2016\/12\/AW_12-1030x716.png 1030w, https:\/\/aulaabierta.arasaac.org\/wp-content\/uploads\/2016\/12\/AW_12-705x490.png 705w, https:\/\/aulaabierta.arasaac.org\/wp-content\/uploads\/2016\/12\/AW_12-450x313.png 450w\" sizes=\"auto, (max-width: 1101px) 100vw, 1101px\" \/><\/p>\n<p>Dentro de la opci\u00f3n <strong>Exportar como&#8230;Imagen<\/strong> recomendamos utilizar el formato JPG. Si utiliz\u00e1is esta opci\u00f3n, una vez guardado el documento como imagen, pod\u00e9is<strong> insertar la imagen\u00a0en cualquier documento o presentaci\u00f3n<\/strong>.<\/p>\n<p><img loading=\"lazy\" decoding=\"async\" class=\"size-full wp-image-23031 alignnone\" src=\"https:\/\/aulaabierta.arasaac.org\/wp-content\/uploads\/2021\/10\/AraWord_Texto.png\" alt=\"\" width=\"1556\" height=\"845\" srcset=\"https:\/\/aulaabierta.arasaac.org\/wp-content\/uploads\/2021\/10\/AraWord_Texto.png 1556w, https:\/\/aulaabierta.arasaac.org\/wp-content\/uploads\/2021\/10\/AraWord_Texto-300x163.png 300w, https:\/\/aulaabierta.arasaac.org\/wp-content\/uploads\/2021\/10\/AraWord_Texto-1030x559.png 1030w, https:\/\/aulaabierta.arasaac.org\/wp-content\/uploads\/2021\/10\/AraWord_Texto-768x417.png 768w, https:\/\/aulaabierta.arasaac.org\/wp-content\/uploads\/2021\/10\/AraWord_Texto-1536x834.png 1536w, https:\/\/aulaabierta.arasaac.org\/wp-content\/uploads\/2021\/10\/AraWord_Texto-1500x815.png 1500w, https:\/\/aulaabierta.arasaac.org\/wp-content\/uploads\/2021\/10\/AraWord_Texto-705x383.png 705w, https:\/\/aulaabierta.arasaac.org\/wp-content\/uploads\/2021\/10\/AraWord_Texto-450x244.png 450w\" sizes=\"auto, (max-width: 1556px) 100vw, 1556px\" \/><\/p>\n<p>En algunas ocasiones, al guardar la imagen e insertarla, puede suceder que observemos que la imagen contiene un espacio vac\u00edo alrededor. Para ello, las distintas aplicaciones de edici\u00f3n de texto y de creaci\u00f3n de presentaciones incorporan funciones de recorte de la imagen, que podremos utilizar para dejarla optimizada.<\/p>\n<p>La otra opci\u00f3n que encontraremos y que nos permite\u00a0<strong>Imprimir <\/strong>los documentos es trav\u00e9s de la opci\u00f3n <strong>Exportar como&#8230;.PDF<\/strong>.<\/p>\n<p>El <strong>men\u00fa de exportaci\u00f3n a PDF<\/strong> nos ofrece diferentes posibilidades, que seg\u00fan vayamos configurando se van mostrando en la ventana de Previsualizaci\u00f3n:<\/p>\n<p><img loading=\"lazy\" decoding=\"async\" class=\"size-full wp-image-23032 aligncenter\" src=\"https:\/\/aulaabierta.arasaac.org\/wp-content\/uploads\/2021\/10\/AraWord_Texto_pdf.png\" alt=\"\" width=\"1598\" height=\"846\" srcset=\"https:\/\/aulaabierta.arasaac.org\/wp-content\/uploads\/2021\/10\/AraWord_Texto_pdf.png 1598w, https:\/\/aulaabierta.arasaac.org\/wp-content\/uploads\/2021\/10\/AraWord_Texto_pdf-300x159.png 300w, https:\/\/aulaabierta.arasaac.org\/wp-content\/uploads\/2021\/10\/AraWord_Texto_pdf-1030x545.png 1030w, https:\/\/aulaabierta.arasaac.org\/wp-content\/uploads\/2021\/10\/AraWord_Texto_pdf-768x407.png 768w, https:\/\/aulaabierta.arasaac.org\/wp-content\/uploads\/2021\/10\/AraWord_Texto_pdf-1536x813.png 1536w, https:\/\/aulaabierta.arasaac.org\/wp-content\/uploads\/2021\/10\/AraWord_Texto_pdf-1500x794.png 1500w, https:\/\/aulaabierta.arasaac.org\/wp-content\/uploads\/2021\/10\/AraWord_Texto_pdf-710x375.png 710w, https:\/\/aulaabierta.arasaac.org\/wp-content\/uploads\/2021\/10\/AraWord_Texto_pdf-705x373.png 705w, https:\/\/aulaabierta.arasaac.org\/wp-content\/uploads\/2021\/10\/AraWord_Texto_pdf-450x238.png 450w\" sizes=\"auto, (max-width: 1598px) 100vw, 1598px\" \/><\/p>\n<ul>\n<li><strong>N\u00famero de pictogramas por l\u00ednea<\/strong>: esta opci\u00f3n nos permite ajustar el n\u00famero de pictogramas que se insertan en cada l\u00ednea. Seg\u00fan ajustamos el n\u00famero de pictos por l\u00ednea, se van a\u00f1adiendo las l\u00edneas que sean necesarias para dar cabida a todo el texto.<\/li>\n<li><strong>A\u00f1adir licencia de <a href=\"http:\/\/arasaac.org\/\">ARASAAC<\/a><\/strong>: esta opci\u00f3n est\u00e1 activada por defecto y a\u00f1ade al pie de p\u00e1gina del documento los t\u00e9rminos de la licencia de ARASAAC garantiz\u00e1ndonos el poder distribuir el documento libremente.<\/li>\n<li><strong>PDF apaisado<\/strong>: Al activar esta opci\u00f3n el documento cambia su orientaci\u00f3n a Apaisado (Horizontal).<\/li>\n<\/ul>\n<p>Una vez definidas las opciones que nos interesen y personalizado el aspecto final del documento, pulsaremos el bot\u00f3n &#8222;Exportar PDF&#8220; lo que nos abrir\u00e1 un cuadro de di\u00e1logo para guardar el PDF en nuestro ordenador.<\/p>\n<p><img loading=\"lazy\" decoding=\"async\" class=\"aligncenter size-full wp-image-733\" src=\"https:\/\/aulaabierta.arasaac.org\/wp-content\/uploads\/2016\/12\/AW_14.png\" alt=\"\" width=\"625\" height=\"429\" srcset=\"https:\/\/aulaabierta.arasaac.org\/wp-content\/uploads\/2016\/12\/AW_14.png 625w, https:\/\/aulaabierta.arasaac.org\/wp-content\/uploads\/2016\/12\/AW_14-300x206.png 300w, https:\/\/aulaabierta.arasaac.org\/wp-content\/uploads\/2016\/12\/AW_14-450x309.png 450w\" sizes=\"auto, (max-width: 625px) 100vw, 625px\" \/><\/p>\n<p>Una vez guardado lo podremos abrir con cualquier lector de de este tipo de formato\u00a0e imprimirlo desde all\u00ed.<\/p>\n<\/div><\/section>\n<\/div><\/div><\/div><!-- close content main div --><\/div><\/div><div id='av-layout-grid-2'  class='av-layout-grid-container av-1ixpch-c1e3b8abde98ccd95a02ef5d64384831 entry-content-wrapper main_color av-border-top-bottom av-flex-cells  avia-builder-el-8  el_after_av_textblock  avia-builder-el-last  grid-row-not-first  container_wrap fullsize'  >\n\n<style type=\"text\/css\" data-created_by=\"avia_inline_auto\" id=\"style-css-av-1gwqsx-118ebe20ef0e2696232d5567fdc8c085\">\n.flex_cell.av-1gwqsx-118ebe20ef0e2696232d5567fdc8c085{\nvertical-align:top;\n}\n.responsive #top #wrap_all .flex_cell.av-1gwqsx-118ebe20ef0e2696232d5567fdc8c085{\npadding:30px 30px 30px 30px !important;\n}\n<\/style>\n<div class='flex_cell av-1gwqsx-118ebe20ef0e2696232d5567fdc8c085 av-gridrow-cell av_one_fifth no_margin  avia-builder-el-9  el_before_av_cell_one_fifth  avia-builder-el-first ' ><div class='flex_cell_inner'>\n<style type=\"text\/css\" data-created_by=\"avia_inline_auto\" id=\"style-css-av-18drvl-0b49c13dd22813f23ec75da980251b97\">\n.avia-image-container.av-18drvl-0b49c13dd22813f23ec75da980251b97 img.avia_image{\nbox-shadow:none;\n}\n.avia-image-container.av-18drvl-0b49c13dd22813f23ec75da980251b97 .av-image-caption-overlay-center{\ncolor:#ffffff;\n}\n<\/style>\n<div  class='avia-image-container av-18drvl-0b49c13dd22813f23ec75da980251b97 av-styling- avia-align-center  avia-builder-el-10  avia-builder-el-no-sibling '   itemprop=\"image\" itemscope=\"itemscope\" itemtype=\"https:\/\/schema.org\/ImageObject\" ><div class=\"avia-image-container-inner\"><div class=\"avia-image-overlay-wrap\"><a href=\"https:\/\/aulaabierta.arasaac.org\/de\/araword-instalacion-y-actualizacion-de-la-base-de-datos-de-pictogramas\" class='avia_image' ><img decoding=\"async\" class='wp-image-96479 avia-img-lazy-loading-not-96479 avia_image ' src=\"https:\/\/aulaabierta.arasaac.org\/wp-content\/uploads\/2016\/12\/before-80x80.png\" alt='' title='before'  height=\"80\" width=\"80\"  itemprop=\"thumbnailUrl\" srcset=\"https:\/\/aulaabierta.arasaac.org\/wp-content\/uploads\/2016\/12\/before-80x80.png 80w, https:\/\/aulaabierta.arasaac.org\/wp-content\/uploads\/2016\/12\/before-36x36.png 36w, https:\/\/aulaabierta.arasaac.org\/wp-content\/uploads\/2016\/12\/before-120x120.png 120w, https:\/\/aulaabierta.arasaac.org\/wp-content\/uploads\/2016\/12\/before.png 128w\" sizes=\"(max-width: 80px) 100vw, 80px\" \/><\/a><\/div><\/div><\/div>\n<\/div><\/div>\n<style type=\"text\/css\" data-created_by=\"avia_inline_auto\" id=\"style-css-av-12xc49-cb884271633d262d61141093b1abdd75\">\n.flex_cell.av-12xc49-cb884271633d262d61141093b1abdd75{\nvertical-align:top;\n}\n.responsive #top #wrap_all .flex_cell.av-12xc49-cb884271633d262d61141093b1abdd75{\npadding:30px 30px 30px 30px !important;\n}\n<\/style>\n<div class='flex_cell av-12xc49-cb884271633d262d61141093b1abdd75 av-gridrow-cell av_one_fifth no_margin  avia-builder-el-11  el_after_av_cell_one_fifth  el_before_av_cell_one_fifth ' ><div class='flex_cell_inner'><\/div><\/div>\n<style type=\"text\/css\" data-created_by=\"avia_inline_auto\" id=\"style-css-av-zapyh-77055633a68ae92c06366601fdf60260\">\n.flex_cell.av-zapyh-77055633a68ae92c06366601fdf60260{\nvertical-align:top;\n}\n.responsive #top #wrap_all .flex_cell.av-zapyh-77055633a68ae92c06366601fdf60260{\npadding:30px 30px 30px 30px !important;\n}\n<\/style>\n<div class='flex_cell av-zapyh-77055633a68ae92c06366601fdf60260 av-gridrow-cell av_one_fifth no_margin  avia-builder-el-12  el_after_av_cell_one_fifth  el_before_av_cell_one_fifth ' ><div class='flex_cell_inner'>\n<style type=\"text\/css\" data-created_by=\"avia_inline_auto\" id=\"style-css-av-q3dpt-603a99655628b7730126d6065ca1599d\">\n.avia-image-container.av-q3dpt-603a99655628b7730126d6065ca1599d img.avia_image{\nbox-shadow:none;\n}\n.avia-image-container.av-q3dpt-603a99655628b7730126d6065ca1599d .av-image-caption-overlay-center{\ncolor:#ffffff;\n}\n<\/style>\n<div  class='avia-image-container av-q3dpt-603a99655628b7730126d6065ca1599d av-styling- avia-align-center  avia-builder-el-13  avia-builder-el-no-sibling '   itemprop=\"image\" itemscope=\"itemscope\" itemtype=\"https:\/\/schema.org\/ImageObject\" ><div class=\"avia-image-container-inner\"><div class=\"avia-image-overlay-wrap\"><a href=\"https:\/\/aulaabierta.arasaac.org\/de\/araword_inicio\" class='avia_image' ><img decoding=\"async\" class='wp-image-96481 avia-img-lazy-loading-not-96481 avia_image ' src=\"https:\/\/aulaabierta.arasaac.org\/wp-content\/uploads\/2016\/12\/casa-80x80.png\" alt='' title='Inicio'  height=\"80\" width=\"80\"  itemprop=\"thumbnailUrl\" srcset=\"https:\/\/aulaabierta.arasaac.org\/wp-content\/uploads\/2016\/12\/casa-80x80.png 80w, https:\/\/aulaabierta.arasaac.org\/wp-content\/uploads\/2016\/12\/casa-300x300.png 300w, https:\/\/aulaabierta.arasaac.org\/wp-content\/uploads\/2016\/12\/casa-36x36.png 36w, https:\/\/aulaabierta.arasaac.org\/wp-content\/uploads\/2016\/12\/casa-180x180.png 180w, https:\/\/aulaabierta.arasaac.org\/wp-content\/uploads\/2016\/12\/casa-120x120.png 120w, https:\/\/aulaabierta.arasaac.org\/wp-content\/uploads\/2016\/12\/casa-450x450.png 450w, https:\/\/aulaabierta.arasaac.org\/wp-content\/uploads\/2016\/12\/casa.png 500w\" sizes=\"(max-width: 80px) 100vw, 80px\" \/><\/a><\/div><\/div><\/div>\n<\/div><\/div>\n<style type=\"text\/css\" data-created_by=\"avia_inline_auto\" id=\"style-css-av-23nkx-a7f7d7222d8ebdc70a80ca7e5dda83f2\">\n.flex_cell.av-23nkx-a7f7d7222d8ebdc70a80ca7e5dda83f2{\nvertical-align:top;\n}\n.responsive #top #wrap_all .flex_cell.av-23nkx-a7f7d7222d8ebdc70a80ca7e5dda83f2{\npadding:30px 30px 30px 30px !important;\n}\n<\/style>\n<div class='flex_cell av-23nkx-a7f7d7222d8ebdc70a80ca7e5dda83f2 av-gridrow-cell av_one_fifth no_margin  avia-builder-el-14  el_after_av_cell_one_fifth  el_before_av_cell_one_fifth ' ><div class='flex_cell_inner'><\/div><\/div>\n<style type=\"text\/css\" data-created_by=\"avia_inline_auto\" id=\"style-css-av-d66sx-fe67ed725e5d67c6956cbf9d31fd46a9\">\n.flex_cell.av-d66sx-fe67ed725e5d67c6956cbf9d31fd46a9{\nvertical-align:top;\n}\n.responsive #top #wrap_all .flex_cell.av-d66sx-fe67ed725e5d67c6956cbf9d31fd46a9{\npadding:30px 30px 30px 30px !important;\n}\n<\/style>\n<div class='flex_cell av-d66sx-fe67ed725e5d67c6956cbf9d31fd46a9 av-gridrow-cell av_one_fifth no_margin  avia-builder-el-15  el_after_av_cell_one_fifth  avia-builder-el-last ' ><div class='flex_cell_inner'>\n<style type=\"text\/css\" data-created_by=\"avia_inline_auto\" id=\"style-css-av-7qha1-f81104788b0886776ef390d14e8bd0c9\">\n.avia-image-container.av-7qha1-f81104788b0886776ef390d14e8bd0c9 img.avia_image{\nbox-shadow:none;\n}\n.avia-image-container.av-7qha1-f81104788b0886776ef390d14e8bd0c9 .av-image-caption-overlay-center{\ncolor:#ffffff;\n}\n<\/style>\n<div  class='avia-image-container av-7qha1-f81104788b0886776ef390d14e8bd0c9 av-styling- avia-align-center  avia-builder-el-16  avia-builder-el-no-sibling '   itemprop=\"image\" itemscope=\"itemscope\" itemtype=\"https:\/\/schema.org\/ImageObject\" ><div class=\"avia-image-container-inner\"><div class=\"avia-image-overlay-wrap\"><a href=\"https:\/\/aulaabierta.arasaac.org\/de\/araword-5-menu-texto\" class='avia_image' ><img decoding=\"async\" class='wp-image-96480 avia-img-lazy-loading-not-96480 avia_image ' src=\"https:\/\/aulaabierta.arasaac.org\/wp-content\/uploads\/2016\/12\/next-80x80.png\" alt='' title='next'  height=\"80\" width=\"80\"  itemprop=\"thumbnailUrl\" srcset=\"https:\/\/aulaabierta.arasaac.org\/wp-content\/uploads\/2016\/12\/next-80x80.png 80w, https:\/\/aulaabierta.arasaac.org\/wp-content\/uploads\/2016\/12\/next-36x36.png 36w, https:\/\/aulaabierta.arasaac.org\/wp-content\/uploads\/2016\/12\/next-120x120.png 120w, https:\/\/aulaabierta.arasaac.org\/wp-content\/uploads\/2016\/12\/next.png 128w\" sizes=\"(max-width: 80px) 100vw, 80px\" \/><\/a><\/div><\/div><\/div>\n<\/div><\/div>\n<\/div>\n","protected":false},"excerpt":{"rendered":"","protected":false},"author":5,"featured_media":0,"parent":0,"menu_order":0,"comment_status":"closed","ping_status":"closed","template":"","meta":{"om_disable_all_campaigns":false,"_monsterinsights_skip_tracking":false,"_monsterinsights_sitenote_active":false,"_monsterinsights_sitenote_note":"","_monsterinsights_sitenote_category":0,"_uf_show_specific_survey":0,"_uf_disable_surveys":false,"footnotes":""},"class_list":["post-761","page","type-page","status-publish","hentry"],"aioseo_notices":[],"_links":{"self":[{"href":"https:\/\/aulaabierta.arasaac.org\/de\/wp-json\/wp\/v2\/pages\/761","targetHints":{"allow":["GET"]}}],"collection":[{"href":"https:\/\/aulaabierta.arasaac.org\/de\/wp-json\/wp\/v2\/pages"}],"about":[{"href":"https:\/\/aulaabierta.arasaac.org\/de\/wp-json\/wp\/v2\/types\/page"}],"author":[{"embeddable":true,"href":"https:\/\/aulaabierta.arasaac.org\/de\/wp-json\/wp\/v2\/users\/5"}],"replies":[{"embeddable":true,"href":"https:\/\/aulaabierta.arasaac.org\/de\/wp-json\/wp\/v2\/comments?post=761"}],"version-history":[{"count":25,"href":"https:\/\/aulaabierta.arasaac.org\/de\/wp-json\/wp\/v2\/pages\/761\/revisions"}],"predecessor-version":[{"id":81021,"href":"https:\/\/aulaabierta.arasaac.org\/de\/wp-json\/wp\/v2\/pages\/761\/revisions\/81021"}],"wp:attachment":[{"href":"https:\/\/aulaabierta.arasaac.org\/de\/wp-json\/wp\/v2\/media?parent=761"}],"curies":[{"name":"wp","href":"https:\/\/api.w.org\/{rel}","templated":true}]}}