{"id":806,"date":"2016-12-13T19:00:09","date_gmt":"2016-12-13T19:00:09","guid":{"rendered":"http:\/\/aulaabierta.arasaac.org\/?page_id=806"},"modified":"2022-01-12T14:18:48","modified_gmt":"2022-01-12T13:18:48","slug":"araword-5-menu-texto","status":"publish","type":"page","link":"https:\/\/aulaabierta.arasaac.org\/de\/araword-5-menu-texto","title":{"rendered":"AraWord &#8211; 5 &#8211; Men\u00fa Texto"},"content":{"rendered":"<div id='av-layout-grid-1'  class='av-layout-grid-container av-3a2jwu-a0fa8d6405ed16238b5435db42408eb5 entry-content-wrapper alternate_color av-border-cells av-flex-cells  avia-builder-el-0  el_before_av_textblock  avia-builder-el-first   container_wrap fullsize'  >\n\n<style type=\"text\/css\" data-created_by=\"avia_inline_auto\" id=\"style-css-av-32qbke-5589bf23a682a7888a539ac2d7446595\">\n.flex_cell.av-32qbke-5589bf23a682a7888a539ac2d7446595{\nvertical-align:top;\n}\n.responsive #top #wrap_all .flex_cell.av-32qbke-5589bf23a682a7888a539ac2d7446595{\npadding:30px 30px 30px 30px !important;\n}\n<\/style>\n<div class='flex_cell av-32qbke-5589bf23a682a7888a539ac2d7446595 av-gridrow-cell av_one_fifth no_margin  avia-builder-el-1  el_before_av_cell_four_fifth  avia-builder-el-first ' ><div class='flex_cell_inner'>\n<style type=\"text\/css\" data-created_by=\"avia_inline_auto\" id=\"style-css-av-2y8e3a-3b55089dd58da52c27bfd13f7775138f\">\n.avia-image-container.av-2y8e3a-3b55089dd58da52c27bfd13f7775138f img.avia_image{\nbox-shadow:none;\n}\n.avia-image-container.av-2y8e3a-3b55089dd58da52c27bfd13f7775138f .av-caption-image-overlay-bg{\nopacity:0.4;\nbackground-color:#444444;\n}\n.avia-image-container.av-2y8e3a-3b55089dd58da52c27bfd13f7775138f .av-image-caption-overlay-center{\ncolor:#ffffff;\n}\n<\/style>\n<div  class='avia-image-container av-2y8e3a-3b55089dd58da52c27bfd13f7775138f av-styling- avia-align-left  avia-builder-el-2  avia-builder-el-no-sibling  noHover av-overlay-on-hover'   itemprop=\"image\" itemscope=\"itemscope\" itemtype=\"https:\/\/schema.org\/ImageObject\" ><div class=\"avia-image-container-inner\"><div class=\"avia-image-overlay-wrap\"><a href=\"https:\/\/aulaabierta.arasaac.org\/de\/araword_inicio\" class='avia_image' ><div class=\"av-image-caption-overlay\"><div class=\"av-caption-image-overlay-bg\"><\/div><div class=\"av-image-caption-overlay-position\"><div class=\"av-image-caption-overlay-center\"><p>Volver a inicio<\/p>\n<\/div><\/div><\/div><img decoding=\"async\" class='wp-image-96497 avia-img-lazy-loading-not-96497 avia_image ' src=\"https:\/\/aulaabierta.arasaac.org\/wp-content\/uploads\/2016\/12\/AraWord-PC.jpg\" alt='' title='AraWord PC'  height=\"862\" width=\"862\"  itemprop=\"thumbnailUrl\" srcset=\"https:\/\/aulaabierta.arasaac.org\/wp-content\/uploads\/2016\/12\/AraWord-PC.jpg 862w, https:\/\/aulaabierta.arasaac.org\/wp-content\/uploads\/2016\/12\/AraWord-PC-80x80.jpg 80w, https:\/\/aulaabierta.arasaac.org\/wp-content\/uploads\/2016\/12\/AraWord-PC-300x300.jpg 300w, https:\/\/aulaabierta.arasaac.org\/wp-content\/uploads\/2016\/12\/AraWord-PC-768x768.jpg 768w, https:\/\/aulaabierta.arasaac.org\/wp-content\/uploads\/2016\/12\/AraWord-PC-36x36.jpg 36w, https:\/\/aulaabierta.arasaac.org\/wp-content\/uploads\/2016\/12\/AraWord-PC-180x180.jpg 180w, https:\/\/aulaabierta.arasaac.org\/wp-content\/uploads\/2016\/12\/AraWord-PC-705x705.jpg 705w, https:\/\/aulaabierta.arasaac.org\/wp-content\/uploads\/2016\/12\/AraWord-PC-120x120.jpg 120w, https:\/\/aulaabierta.arasaac.org\/wp-content\/uploads\/2016\/12\/AraWord-PC-450x450.jpg 450w\" sizes=\"(max-width: 862px) 100vw, 862px\" \/><\/a><\/div><\/div><\/div>\n<\/div><\/div>\n<style type=\"text\/css\" data-created_by=\"avia_inline_auto\" id=\"style-css-av-2s8onq-1bd48fc793af2d817a1e18b478407836\">\n.flex_cell.av-2s8onq-1bd48fc793af2d817a1e18b478407836{\nvertical-align:middle;\n}\n.responsive #top #wrap_all .flex_cell.av-2s8onq-1bd48fc793af2d817a1e18b478407836{\npadding:30px 30px 30px 30px !important;\n}\n<\/style>\n<div class='flex_cell av-2s8onq-1bd48fc793af2d817a1e18b478407836 av-gridrow-cell av_four_fifth no_margin  avia-builder-el-3  el_after_av_cell_one_fifth  avia-builder-el-last ' ><div class='flex_cell_inner'>\n<style type=\"text\/css\" data-created_by=\"avia_inline_auto\" id=\"style-css-av-kup33p2m-0dbb129ef5a7cce16bb23f3b30f862a1\">\n#top .av-special-heading.av-kup33p2m-0dbb129ef5a7cce16bb23f3b30f862a1{\npadding-bottom:0;\n}\nbody .av-special-heading.av-kup33p2m-0dbb129ef5a7cce16bb23f3b30f862a1 .av-special-heading-tag .heading-char{\nfont-size:25px;\n}\n#top #wrap_all .av-special-heading.av-kup33p2m-0dbb129ef5a7cce16bb23f3b30f862a1 .av-special-heading-tag{\nfont-size:26px;\n}\n.av-special-heading.av-kup33p2m-0dbb129ef5a7cce16bb23f3b30f862a1 .av-subheading{\nfont-size:15px;\n}\n<\/style>\n<div  class='av-special-heading av-kup33p2m-0dbb129ef5a7cce16bb23f3b30f862a1 av-special-heading-h2  avia-builder-el-4  avia-builder-el-no-sibling  av-linked-heading'><h2 class='av-special-heading-tag'  itemprop=\"headline\"  >5. MEN\u00da TEXTO<\/h2><div class=\"special-heading-border\"><div class=\"special-heading-inner-border\"><\/div><\/div><\/div>\n<\/div><\/div><\/div><div id='after_grid_row_1'  class='main_color av_default_container_wrap container_wrap fullsize'  ><div class='container av-section-cont-open' ><div class='template-page content  av-content-full alpha units'><div class='post-entry post-entry-type-page post-entry-806'><div class='entry-content-wrapper clearfix'><section  class='av_textblock_section av-2hasvi-5a224c7313d3f9c054cea6fbcf94416f'  itemscope=\"itemscope\" itemtype=\"https:\/\/schema.org\/CreativeWork\" ><div class='avia_textblock'  itemprop=\"text\" ><p><img loading=\"lazy\" decoding=\"async\" class=\"aligncenter size-full wp-image-932\" src=\"https:\/\/aulaabierta.arasaac.org\/wp-content\/uploads\/2016\/12\/by-nc-sa.eu_petit.png\" alt=\"\" width=\"118\" height=\"41\" \/><\/p>\n<h6 style=\"text-align: center;\">Este obra est\u00e1 bajo una <a href=\"http:\/\/creativecommons.org\/licenses\/by-nc-sa\/4.0\/\" rel=\"license\">licencia de Creative Commons Reconocimiento-NoComercial-CompartirIgual 4.0 Internacional<\/a>.<\/h6>\n<hr \/>\n<\/div><\/section><\/p>\n\n<style type=\"text\/css\" data-created_by=\"avia_inline_auto\" id=\"style-css-av-86vla-a7588a9f58e67c7e95ec7cdb03b02436\">\n#top .av-special-heading.av-86vla-a7588a9f58e67c7e95ec7cdb03b02436{\npadding-bottom:10px;\n}\nbody .av-special-heading.av-86vla-a7588a9f58e67c7e95ec7cdb03b02436 .av-special-heading-tag .heading-char{\nfont-size:25px;\n}\n.av-special-heading.av-86vla-a7588a9f58e67c7e95ec7cdb03b02436 .av-subheading{\nfont-size:15px;\n}\n<\/style>\n<div  class='av-special-heading av-86vla-a7588a9f58e67c7e95ec7cdb03b02436 av-special-heading-h3  avia-builder-el-6  el_after_av_textblock  el_before_av_textblock '><h3 class='av-special-heading-tag'  itemprop=\"headline\"  >Tutorial<\/h3><div class=\"special-heading-border\"><div class=\"special-heading-inner-border\"><\/div><\/div><\/div>\n\n<style type=\"text\/css\" data-created_by=\"avia_inline_auto\" id=\"style-css-av-1s4kna-c2f32399bf0916d31743ed1e02b72d7b\">\n#top .av_textblock_section.av-1s4kna-c2f32399bf0916d31743ed1e02b72d7b .avia_textblock{\nfont-size:16px;\n}\n<\/style>\n<section  class='av_textblock_section av-1s4kna-c2f32399bf0916d31743ed1e02b72d7b'  itemscope=\"itemscope\" itemtype=\"https:\/\/schema.org\/CreativeWork\" ><div class='avia_textblock'  itemprop=\"text\" ><p>En este men\u00fa, podemos seleccionar distintas opciones relacionadas con el <strong>Texto<\/strong> o con el <strong>Idioma del documento.<\/strong><\/p>\n<p><img loading=\"lazy\" decoding=\"async\" class=\"aligncenter size-full wp-image-807\" src=\"https:\/\/aulaabierta.arasaac.org\/wp-content\/uploads\/2016\/12\/AW_33.png\" alt=\"\" width=\"548\" height=\"188\" srcset=\"https:\/\/aulaabierta.arasaac.org\/wp-content\/uploads\/2016\/12\/AW_33.png 548w, https:\/\/aulaabierta.arasaac.org\/wp-content\/uploads\/2016\/12\/AW_33-300x103.png 300w, https:\/\/aulaabierta.arasaac.org\/wp-content\/uploads\/2016\/12\/AW_33-450x154.png 450w\" sizes=\"auto, (max-width: 548px) 100vw, 548px\" \/><\/p>\n<p>Las <strong>opciones b\u00e1sicas<\/strong>\u00a0que nos vamos a encontrar en este men\u00fa son<\/p>\n<p><strong>&#8211; Formato del texto<\/strong>: nos permite elegir la fuente, el tama\u00f1o\u00a0y el color del texto. Respecto a la fuente, <strong>AraWord\u00a0<\/strong>nos permite utilizar\u00a0cualquiera de las fuentes que tengamos instaladas en nuestro ordenador.<\/p>\n<p><img loading=\"lazy\" decoding=\"async\" class=\"size-full wp-image-23054 aligncenter\" src=\"https:\/\/aulaabierta.arasaac.org\/wp-content\/uploads\/2021\/10\/AraWord_Texto_2.png\" alt=\"\" width=\"1600\" height=\"846\" srcset=\"https:\/\/aulaabierta.arasaac.org\/wp-content\/uploads\/2021\/10\/AraWord_Texto_2.png 1600w, https:\/\/aulaabierta.arasaac.org\/wp-content\/uploads\/2021\/10\/AraWord_Texto_2-300x159.png 300w, https:\/\/aulaabierta.arasaac.org\/wp-content\/uploads\/2021\/10\/AraWord_Texto_2-1030x545.png 1030w, https:\/\/aulaabierta.arasaac.org\/wp-content\/uploads\/2021\/10\/AraWord_Texto_2-768x406.png 768w, https:\/\/aulaabierta.arasaac.org\/wp-content\/uploads\/2021\/10\/AraWord_Texto_2-1536x812.png 1536w, https:\/\/aulaabierta.arasaac.org\/wp-content\/uploads\/2021\/10\/AraWord_Texto_2-1500x793.png 1500w, https:\/\/aulaabierta.arasaac.org\/wp-content\/uploads\/2021\/10\/AraWord_Texto_2-710x375.png 710w, https:\/\/aulaabierta.arasaac.org\/wp-content\/uploads\/2021\/10\/AraWord_Texto_2-705x373.png 705w, https:\/\/aulaabierta.arasaac.org\/wp-content\/uploads\/2021\/10\/AraWord_Texto_2-450x238.png 450w\" sizes=\"auto, (max-width: 1600px) 100vw, 1600px\" \/><\/p>\n<p><strong>&#8211; Ubicaci\u00f3n del texto:<\/strong>\u00a0nos permite situar el texto en la parte superior \/ inferior del pictograma.<\/p>\n<p><img loading=\"lazy\" decoding=\"async\" class=\"size-full wp-image-23056 aligncenter\" src=\"https:\/\/aulaabierta.arasaac.org\/wp-content\/uploads\/2021\/10\/AraWord_Texto_3.png\" alt=\"\" width=\"1187\" height=\"574\" srcset=\"https:\/\/aulaabierta.arasaac.org\/wp-content\/uploads\/2021\/10\/AraWord_Texto_3.png 1187w, https:\/\/aulaabierta.arasaac.org\/wp-content\/uploads\/2021\/10\/AraWord_Texto_3-300x145.png 300w, https:\/\/aulaabierta.arasaac.org\/wp-content\/uploads\/2021\/10\/AraWord_Texto_3-1030x498.png 1030w, https:\/\/aulaabierta.arasaac.org\/wp-content\/uploads\/2021\/10\/AraWord_Texto_3-768x371.png 768w, https:\/\/aulaabierta.arasaac.org\/wp-content\/uploads\/2021\/10\/AraWord_Texto_3-705x341.png 705w, https:\/\/aulaabierta.arasaac.org\/wp-content\/uploads\/2021\/10\/AraWord_Texto_3-450x218.png 450w\" sizes=\"auto, (max-width: 1187px) 100vw, 1187px\" \/><\/p>\n<p><strong>&#8211; Texto a may\u00fasculas\/min\u00fasculas:<\/strong> nos permite intercambiar todo el texto o alguno de los textos entre letra may\u00fascula o letra min\u00fascula.<\/p>\n<p><img loading=\"lazy\" decoding=\"async\" class=\"size-full wp-image-23057 aligncenter\" src=\"https:\/\/aulaabierta.arasaac.org\/wp-content\/uploads\/2021\/10\/AraWord_Texto_4.png\" alt=\"\" width=\"1222\" height=\"588\" srcset=\"https:\/\/aulaabierta.arasaac.org\/wp-content\/uploads\/2021\/10\/AraWord_Texto_4.png 1222w, https:\/\/aulaabierta.arasaac.org\/wp-content\/uploads\/2021\/10\/AraWord_Texto_4-300x144.png 300w, https:\/\/aulaabierta.arasaac.org\/wp-content\/uploads\/2021\/10\/AraWord_Texto_4-1030x496.png 1030w, https:\/\/aulaabierta.arasaac.org\/wp-content\/uploads\/2021\/10\/AraWord_Texto_4-768x370.png 768w, https:\/\/aulaabierta.arasaac.org\/wp-content\/uploads\/2021\/10\/AraWord_Texto_4-705x339.png 705w, https:\/\/aulaabierta.arasaac.org\/wp-content\/uploads\/2021\/10\/AraWord_Texto_4-450x217.png 450w\" sizes=\"auto, (max-width: 1222px) 100vw, 1222px\" \/><\/p>\n<p><strong>&#8211; Idioma del documento<\/strong>: nos permite\u00a0elegir entre los distintos idiomas a los que est\u00e1n traducidos los pictogramas, exceptuando aquellos que tienen una graf\u00eda no soportada por el teclado espa\u00f1ol (chino, \u00e1rabe, rumano, polaco, \u2026).<\/p>\n<p><img loading=\"lazy\" decoding=\"async\" class=\"aligncenter size-full wp-image-808\" src=\"https:\/\/aulaabierta.arasaac.org\/wp-content\/uploads\/2016\/12\/AW_34.png\" alt=\"\" width=\"277\" height=\"157\" \/><\/p>\n<p><strong>AraWord<\/strong>\u00a0realiza la <strong>conjugaci\u00f3n<\/strong> de los tiempos verbales en <strong>castellano<\/strong>, as\u00ed como un amplio repertorio de verbos de uso frecuente en <strong>ingl\u00e9s<\/strong>, <strong>franc\u00e9s<\/strong> y <strong>catal\u00e1n<\/strong>. En\u00a0el resto de los idiomas, deberemos utilizar el infinitivo del verbo y, posteriormente,cambiar el nombre con la opci\u00f3n que explicaremos en el siguiente cap\u00edtulo.<\/p>\n<p><img loading=\"lazy\" decoding=\"async\" class=\"aligncenter size-large wp-image-4004\" src=\"https:\/\/aulaabierta.arasaac.org\/wp-content\/uploads\/2016\/12\/AW_103-1030x210.jpg\" alt=\"\" width=\"1030\" height=\"210\" srcset=\"https:\/\/aulaabierta.arasaac.org\/wp-content\/uploads\/2016\/12\/AW_103-1030x210.jpg 1030w, https:\/\/aulaabierta.arasaac.org\/wp-content\/uploads\/2016\/12\/AW_103-300x61.jpg 300w, https:\/\/aulaabierta.arasaac.org\/wp-content\/uploads\/2016\/12\/AW_103-768x156.jpg 768w, https:\/\/aulaabierta.arasaac.org\/wp-content\/uploads\/2016\/12\/AW_103-705x143.jpg 705w, https:\/\/aulaabierta.arasaac.org\/wp-content\/uploads\/2016\/12\/AW_103-450x92.jpg 450w, https:\/\/aulaabierta.arasaac.org\/wp-content\/uploads\/2016\/12\/AW_103.jpg 1366w\" sizes=\"auto, (max-width: 1030px) 100vw, 1030px\" \/><\/p>\n<\/div><\/section>\n<\/div><\/div><\/div><!-- close content main div --><\/div><\/div><div id='av-layout-grid-2'  class='av-layout-grid-container av-5vsum-e86be1e8bbf8b6ced7ccee6e5667e4d6 entry-content-wrapper main_color av-border-top-bottom av-flex-cells  avia-builder-el-8  el_after_av_textblock  avia-builder-el-last  grid-row-not-first  container_wrap fullsize'  >\n\n<style type=\"text\/css\" data-created_by=\"avia_inline_auto\" id=\"style-css-av-51hsu-91bb1fc3a0acfbcb5d05cb16cd66581e\">\n.flex_cell.av-51hsu-91bb1fc3a0acfbcb5d05cb16cd66581e{\nvertical-align:top;\n}\n.responsive #top #wrap_all .flex_cell.av-51hsu-91bb1fc3a0acfbcb5d05cb16cd66581e{\npadding:30px 30px 30px 30px !important;\n}\n<\/style>\n<div class='flex_cell av-51hsu-91bb1fc3a0acfbcb5d05cb16cd66581e av-gridrow-cell av_one_fifth no_margin  avia-builder-el-9  el_before_av_cell_one_fifth  avia-builder-el-first ' ><div class='flex_cell_inner'>\n<style type=\"text\/css\" data-created_by=\"avia_inline_auto\" id=\"style-css-av-1akv4u-e1b1a43c02f1dd36d5eec9a3618a4b7f\">\n.avia-image-container.av-1akv4u-e1b1a43c02f1dd36d5eec9a3618a4b7f img.avia_image{\nbox-shadow:none;\n}\n.avia-image-container.av-1akv4u-e1b1a43c02f1dd36d5eec9a3618a4b7f .av-image-caption-overlay-center{\ncolor:#ffffff;\n}\n<\/style>\n<div  class='avia-image-container av-1akv4u-e1b1a43c02f1dd36d5eec9a3618a4b7f av-styling- avia-align-center  avia-builder-el-10  avia-builder-el-no-sibling '   itemprop=\"image\" itemscope=\"itemscope\" itemtype=\"https:\/\/schema.org\/ImageObject\" ><div class=\"avia-image-container-inner\"><div class=\"avia-image-overlay-wrap\"><a href=\"https:\/\/aulaabierta.arasaac.org\/de\/araword-3-menu-archivo\" class='avia_image' ><img decoding=\"async\" class='wp-image-96479 avia-img-lazy-loading-not-96479 avia_image ' src=\"https:\/\/aulaabierta.arasaac.org\/wp-content\/uploads\/2016\/12\/before-80x80.png\" alt='' title='before'  height=\"80\" width=\"80\"  itemprop=\"thumbnailUrl\" srcset=\"https:\/\/aulaabierta.arasaac.org\/wp-content\/uploads\/2016\/12\/before-80x80.png 80w, https:\/\/aulaabierta.arasaac.org\/wp-content\/uploads\/2016\/12\/before-36x36.png 36w, https:\/\/aulaabierta.arasaac.org\/wp-content\/uploads\/2016\/12\/before-120x120.png 120w, https:\/\/aulaabierta.arasaac.org\/wp-content\/uploads\/2016\/12\/before.png 128w\" sizes=\"(max-width: 80px) 100vw, 80px\" \/><\/a><\/div><\/div><\/div>\n<\/div><\/div>\n<style type=\"text\/css\" data-created_by=\"avia_inline_auto\" id=\"style-css-av-129b6m-8c0133a6ef582b44698fdd9456670f46\">\n.flex_cell.av-129b6m-8c0133a6ef582b44698fdd9456670f46{\nvertical-align:top;\n}\n.responsive #top #wrap_all .flex_cell.av-129b6m-8c0133a6ef582b44698fdd9456670f46{\npadding:30px 30px 30px 30px !important;\n}\n<\/style>\n<div class='flex_cell av-129b6m-8c0133a6ef582b44698fdd9456670f46 av-gridrow-cell av_one_fifth no_margin  avia-builder-el-11  el_after_av_cell_one_fifth  el_before_av_cell_one_fifth ' ><div class='flex_cell_inner'><\/div><\/div>\n<style type=\"text\/css\" data-created_by=\"avia_inline_auto\" id=\"style-css-av-3hnrq-f8e1ff34254c7510920216fed46326f1\">\n.flex_cell.av-3hnrq-f8e1ff34254c7510920216fed46326f1{\nvertical-align:top;\n}\n.responsive #top #wrap_all .flex_cell.av-3hnrq-f8e1ff34254c7510920216fed46326f1{\npadding:30px 30px 30px 30px !important;\n}\n<\/style>\n<div class='flex_cell av-3hnrq-f8e1ff34254c7510920216fed46326f1 av-gridrow-cell av_one_fifth no_margin  avia-builder-el-12  el_after_av_cell_one_fifth  el_before_av_cell_one_fifth ' ><div class='flex_cell_inner'>\n<style type=\"text\/css\" data-created_by=\"avia_inline_auto\" id=\"style-css-av-svu9i-e12a39cb7a17f326b6b90410e88caa5f\">\n.avia-image-container.av-svu9i-e12a39cb7a17f326b6b90410e88caa5f img.avia_image{\nbox-shadow:none;\n}\n.avia-image-container.av-svu9i-e12a39cb7a17f326b6b90410e88caa5f .av-image-caption-overlay-center{\ncolor:#ffffff;\n}\n<\/style>\n<div  class='avia-image-container av-svu9i-e12a39cb7a17f326b6b90410e88caa5f av-styling- avia-align-center  avia-builder-el-13  avia-builder-el-no-sibling '   itemprop=\"image\" itemscope=\"itemscope\" itemtype=\"https:\/\/schema.org\/ImageObject\" ><div class=\"avia-image-container-inner\"><div class=\"avia-image-overlay-wrap\"><a href=\"https:\/\/aulaabierta.arasaac.org\/de\/araword_inicio\" class='avia_image' ><img decoding=\"async\" class='wp-image-96481 avia-img-lazy-loading-not-96481 avia_image ' src=\"https:\/\/aulaabierta.arasaac.org\/wp-content\/uploads\/2016\/12\/casa-80x80.png\" alt='' title='Inicio'  height=\"80\" width=\"80\"  itemprop=\"thumbnailUrl\" srcset=\"https:\/\/aulaabierta.arasaac.org\/wp-content\/uploads\/2016\/12\/casa-80x80.png 80w, https:\/\/aulaabierta.arasaac.org\/wp-content\/uploads\/2016\/12\/casa-300x300.png 300w, https:\/\/aulaabierta.arasaac.org\/wp-content\/uploads\/2016\/12\/casa-36x36.png 36w, https:\/\/aulaabierta.arasaac.org\/wp-content\/uploads\/2016\/12\/casa-180x180.png 180w, https:\/\/aulaabierta.arasaac.org\/wp-content\/uploads\/2016\/12\/casa-120x120.png 120w, https:\/\/aulaabierta.arasaac.org\/wp-content\/uploads\/2016\/12\/casa-450x450.png 450w, https:\/\/aulaabierta.arasaac.org\/wp-content\/uploads\/2016\/12\/casa.png 500w\" sizes=\"(max-width: 80px) 100vw, 80px\" \/><\/a><\/div><\/div><\/div>\n<\/div><\/div>\n<style type=\"text\/css\" data-created_by=\"avia_inline_auto\" id=\"style-css-av-kkl46-4489ef8b6909cd3a3b97f51a3eafa765\">\n.flex_cell.av-kkl46-4489ef8b6909cd3a3b97f51a3eafa765{\nvertical-align:top;\n}\n.responsive #top #wrap_all .flex_cell.av-kkl46-4489ef8b6909cd3a3b97f51a3eafa765{\npadding:30px 30px 30px 30px !important;\n}\n<\/style>\n<div class='flex_cell av-kkl46-4489ef8b6909cd3a3b97f51a3eafa765 av-gridrow-cell av_one_fifth no_margin  avia-builder-el-14  el_after_av_cell_one_fifth  el_before_av_cell_one_fifth ' ><div class='flex_cell_inner'><\/div><\/div>\n<style type=\"text\/css\" data-created_by=\"avia_inline_auto\" id=\"style-css-av-hn0ym-f34704414ed8609cbb4c7f5d69c93901\">\n.flex_cell.av-hn0ym-f34704414ed8609cbb4c7f5d69c93901{\nvertical-align:top;\n}\n.responsive #top #wrap_all .flex_cell.av-hn0ym-f34704414ed8609cbb4c7f5d69c93901{\npadding:30px 30px 30px 30px !important;\n}\n<\/style>\n<div class='flex_cell av-hn0ym-f34704414ed8609cbb4c7f5d69c93901 av-gridrow-cell av_one_fifth no_margin  avia-builder-el-15  el_after_av_cell_one_fifth  avia-builder-el-last ' ><div class='flex_cell_inner'>\n<style type=\"text\/css\" data-created_by=\"avia_inline_auto\" id=\"style-css-av-6zjem-ce3ab17b41a8c77fde67a3d86a53e5cc\">\n.avia-image-container.av-6zjem-ce3ab17b41a8c77fde67a3d86a53e5cc img.avia_image{\nbox-shadow:none;\n}\n.avia-image-container.av-6zjem-ce3ab17b41a8c77fde67a3d86a53e5cc .av-image-caption-overlay-center{\ncolor:#ffffff;\n}\n<\/style>\n<div  class='avia-image-container av-6zjem-ce3ab17b41a8c77fde67a3d86a53e5cc av-styling- avia-align-center  avia-builder-el-16  avia-builder-el-no-sibling '   itemprop=\"image\" itemscope=\"itemscope\" itemtype=\"https:\/\/schema.org\/ImageObject\" ><div class=\"avia-image-container-inner\"><div class=\"avia-image-overlay-wrap\"><a href=\"https:\/\/aulaabierta.arasaac.org\/de\/araword-6-pictogramas\" class='avia_image' ><img decoding=\"async\" class='wp-image-96480 avia-img-lazy-loading-not-96480 avia_image ' src=\"https:\/\/aulaabierta.arasaac.org\/wp-content\/uploads\/2016\/12\/next-80x80.png\" alt='' title='next'  height=\"80\" width=\"80\"  itemprop=\"thumbnailUrl\" srcset=\"https:\/\/aulaabierta.arasaac.org\/wp-content\/uploads\/2016\/12\/next-80x80.png 80w, https:\/\/aulaabierta.arasaac.org\/wp-content\/uploads\/2016\/12\/next-36x36.png 36w, https:\/\/aulaabierta.arasaac.org\/wp-content\/uploads\/2016\/12\/next-120x120.png 120w, https:\/\/aulaabierta.arasaac.org\/wp-content\/uploads\/2016\/12\/next.png 128w\" sizes=\"(max-width: 80px) 100vw, 80px\" \/><\/a><\/div><\/div><\/div>\n<\/div><\/div>\n<\/div>\n","protected":false},"excerpt":{"rendered":"","protected":false},"author":5,"featured_media":0,"parent":0,"menu_order":0,"comment_status":"closed","ping_status":"closed","template":"","meta":{"om_disable_all_campaigns":false,"_monsterinsights_skip_tracking":false,"_monsterinsights_sitenote_active":false,"_monsterinsights_sitenote_note":"","_monsterinsights_sitenote_category":0,"_uf_show_specific_survey":0,"_uf_disable_surveys":false,"footnotes":""},"class_list":["post-806","page","type-page","status-publish","hentry"],"aioseo_notices":[],"_links":{"self":[{"href":"https:\/\/aulaabierta.arasaac.org\/de\/wp-json\/wp\/v2\/pages\/806","targetHints":{"allow":["GET"]}}],"collection":[{"href":"https:\/\/aulaabierta.arasaac.org\/de\/wp-json\/wp\/v2\/pages"}],"about":[{"href":"https:\/\/aulaabierta.arasaac.org\/de\/wp-json\/wp\/v2\/types\/page"}],"author":[{"embeddable":true,"href":"https:\/\/aulaabierta.arasaac.org\/de\/wp-json\/wp\/v2\/users\/5"}],"replies":[{"embeddable":true,"href":"https:\/\/aulaabierta.arasaac.org\/de\/wp-json\/wp\/v2\/comments?post=806"}],"version-history":[{"count":28,"href":"https:\/\/aulaabierta.arasaac.org\/de\/wp-json\/wp\/v2\/pages\/806\/revisions"}],"predecessor-version":[{"id":81063,"href":"https:\/\/aulaabierta.arasaac.org\/de\/wp-json\/wp\/v2\/pages\/806\/revisions\/81063"}],"wp:attachment":[{"href":"https:\/\/aulaabierta.arasaac.org\/de\/wp-json\/wp\/v2\/media?parent=806"}],"curies":[{"name":"wp","href":"https:\/\/api.w.org\/{rel}","templated":true}]}}