{"id":813,"date":"2016-12-13T19:01:45","date_gmt":"2016-12-13T19:01:45","guid":{"rendered":"http:\/\/aulaabierta.arasaac.org\/?page_id=813"},"modified":"2022-01-12T14:05:31","modified_gmt":"2022-01-12T13:05:31","slug":"araword-6-pictogramas","status":"publish","type":"page","link":"https:\/\/aulaabierta.arasaac.org\/de\/araword-6-pictogramas","title":{"rendered":"AraWord &#8211; 6 &#8211; Men\u00fa Pictogramas"},"content":{"rendered":"<div id='av-layout-grid-1'  class='av-layout-grid-container av-35qpkt-e683bc433be9a54e6d5007b04ac23d0f entry-content-wrapper alternate_color av-border-cells av-flex-cells  avia-builder-el-0  el_before_av_textblock  avia-builder-el-first   container_wrap fullsize'  >\n\n<style type=\"text\/css\" data-created_by=\"avia_inline_auto\" id=\"style-css-av-33omwt-a10678fa59bd12c56827fc7ae3b9db29\">\n.flex_cell.av-33omwt-a10678fa59bd12c56827fc7ae3b9db29{\nvertical-align:top;\n}\n.responsive #top #wrap_all .flex_cell.av-33omwt-a10678fa59bd12c56827fc7ae3b9db29{\npadding:30px 30px 30px 30px !important;\n}\n<\/style>\n<div class='flex_cell av-33omwt-a10678fa59bd12c56827fc7ae3b9db29 av-gridrow-cell av_one_fifth no_margin  avia-builder-el-1  el_before_av_cell_four_fifth  avia-builder-el-first ' ><div class='flex_cell_inner'>\n<style type=\"text\/css\" data-created_by=\"avia_inline_auto\" id=\"style-css-av-2yevw5-46b59458dcf1d7d532081ef7ccaa812e\">\n.avia-image-container.av-2yevw5-46b59458dcf1d7d532081ef7ccaa812e img.avia_image{\nbox-shadow:none;\n}\n.avia-image-container.av-2yevw5-46b59458dcf1d7d532081ef7ccaa812e .av-caption-image-overlay-bg{\nopacity:0.4;\nbackground-color:#444444;\n}\n.avia-image-container.av-2yevw5-46b59458dcf1d7d532081ef7ccaa812e .av-image-caption-overlay-center{\ncolor:#ffffff;\n}\n<\/style>\n<div  class='avia-image-container av-2yevw5-46b59458dcf1d7d532081ef7ccaa812e av-styling- avia-align-left  avia-builder-el-2  avia-builder-el-no-sibling  noHover av-overlay-on-hover'   itemprop=\"image\" itemscope=\"itemscope\" itemtype=\"https:\/\/schema.org\/ImageObject\" ><div class=\"avia-image-container-inner\"><div class=\"avia-image-overlay-wrap\"><a href=\"https:\/\/aulaabierta.arasaac.org\/de\/araword_inicio\" class='avia_image' ><div class=\"av-image-caption-overlay\"><div class=\"av-caption-image-overlay-bg\"><\/div><div class=\"av-image-caption-overlay-position\"><div class=\"av-image-caption-overlay-center\"><p>Volver a inicio<\/p>\n<\/div><\/div><\/div><img decoding=\"async\" class='wp-image-96497 avia-img-lazy-loading-not-96497 avia_image ' src=\"https:\/\/aulaabierta.arasaac.org\/wp-content\/uploads\/2016\/12\/AraWord-PC.jpg\" alt='' title='AraWord PC'  height=\"862\" width=\"862\"  itemprop=\"thumbnailUrl\" srcset=\"https:\/\/aulaabierta.arasaac.org\/wp-content\/uploads\/2016\/12\/AraWord-PC.jpg 862w, https:\/\/aulaabierta.arasaac.org\/wp-content\/uploads\/2016\/12\/AraWord-PC-80x80.jpg 80w, https:\/\/aulaabierta.arasaac.org\/wp-content\/uploads\/2016\/12\/AraWord-PC-300x300.jpg 300w, https:\/\/aulaabierta.arasaac.org\/wp-content\/uploads\/2016\/12\/AraWord-PC-768x768.jpg 768w, https:\/\/aulaabierta.arasaac.org\/wp-content\/uploads\/2016\/12\/AraWord-PC-36x36.jpg 36w, https:\/\/aulaabierta.arasaac.org\/wp-content\/uploads\/2016\/12\/AraWord-PC-180x180.jpg 180w, https:\/\/aulaabierta.arasaac.org\/wp-content\/uploads\/2016\/12\/AraWord-PC-705x705.jpg 705w, https:\/\/aulaabierta.arasaac.org\/wp-content\/uploads\/2016\/12\/AraWord-PC-120x120.jpg 120w, https:\/\/aulaabierta.arasaac.org\/wp-content\/uploads\/2016\/12\/AraWord-PC-450x450.jpg 450w\" sizes=\"(max-width: 862px) 100vw, 862px\" \/><\/a><\/div><\/div><\/div>\n<\/div><\/div>\n<style type=\"text\/css\" data-created_by=\"avia_inline_auto\" id=\"style-css-av-2ok1z1-f6d791e2d11d7d42e1857400dd039b33\">\n.flex_cell.av-2ok1z1-f6d791e2d11d7d42e1857400dd039b33{\nvertical-align:middle;\n}\n.responsive #top #wrap_all .flex_cell.av-2ok1z1-f6d791e2d11d7d42e1857400dd039b33{\npadding:30px 30px 30px 30px !important;\n}\n<\/style>\n<div class='flex_cell av-2ok1z1-f6d791e2d11d7d42e1857400dd039b33 av-gridrow-cell av_four_fifth no_margin  avia-builder-el-3  el_after_av_cell_one_fifth  avia-builder-el-last ' ><div class='flex_cell_inner'>\n<style type=\"text\/css\" data-created_by=\"avia_inline_auto\" id=\"style-css-av-kup44rg4-dd0dc0f48d532310bbb3788fde4bdb31\">\n#top .av-special-heading.av-kup44rg4-dd0dc0f48d532310bbb3788fde4bdb31{\npadding-bottom:0;\n}\nbody .av-special-heading.av-kup44rg4-dd0dc0f48d532310bbb3788fde4bdb31 .av-special-heading-tag .heading-char{\nfont-size:25px;\n}\n#top #wrap_all .av-special-heading.av-kup44rg4-dd0dc0f48d532310bbb3788fde4bdb31 .av-special-heading-tag{\nfont-size:26px;\n}\n.av-special-heading.av-kup44rg4-dd0dc0f48d532310bbb3788fde4bdb31 .av-subheading{\nfont-size:15px;\n}\n<\/style>\n<div  class='av-special-heading av-kup44rg4-dd0dc0f48d532310bbb3788fde4bdb31 av-special-heading-h2  avia-builder-el-4  avia-builder-el-no-sibling  av-linked-heading'><h2 class='av-special-heading-tag'  itemprop=\"headline\"  >6. MEN\u00da PICTOGRAMAS<\/h2><div class=\"special-heading-border\"><div class=\"special-heading-inner-border\"><\/div><\/div><\/div>\n<\/div><\/div><\/div><div id='after_grid_row_1'  class='main_color av_default_container_wrap container_wrap fullsize'  ><div class='container av-section-cont-open' ><div class='template-page content  av-content-full alpha units'><div class='post-entry post-entry-type-page post-entry-813'><div class='entry-content-wrapper clearfix'><section  class='av_textblock_section av-2evnj9-5df03887628404c4ae6f2ec3d35d3f44'  itemscope=\"itemscope\" itemtype=\"https:\/\/schema.org\/CreativeWork\" ><div class='avia_textblock'  itemprop=\"text\" ><p><img loading=\"lazy\" decoding=\"async\" class=\"size-full wp-image-932 aligncenter\" src=\"https:\/\/aulaabierta.arasaac.org\/wp-content\/uploads\/2016\/12\/by-nc-sa.eu_petit.png\" alt=\"\" width=\"118\" height=\"41\" \/><\/p>\n<h6 style=\"text-align: center;\">Este obra est\u00e1 bajo una <a href=\"http:\/\/creativecommons.org\/licenses\/by-nc-sa\/4.0\/\" rel=\"license\">licencia de Creative Commons Reconocimiento-NoComercial-CompartirIgual 4.0 Internacional<\/a>.<\/h6>\n<hr \/>\n<\/div><\/section><\/p>\n\n<style type=\"text\/css\" data-created_by=\"avia_inline_auto\" id=\"style-css-av-6k7pp-d5176dbae01fdbfd5b235f36929a79fa\">\n#top .av-special-heading.av-6k7pp-d5176dbae01fdbfd5b235f36929a79fa{\npadding-bottom:10px;\n}\nbody .av-special-heading.av-6k7pp-d5176dbae01fdbfd5b235f36929a79fa .av-special-heading-tag .heading-char{\nfont-size:25px;\n}\n.av-special-heading.av-6k7pp-d5176dbae01fdbfd5b235f36929a79fa .av-subheading{\nfont-size:15px;\n}\n<\/style>\n<div  class='av-special-heading av-6k7pp-d5176dbae01fdbfd5b235f36929a79fa av-special-heading-h3  avia-builder-el-6  el_after_av_textblock  el_before_av_textblock '><h3 class='av-special-heading-tag'  itemprop=\"headline\"  >Tutorial<\/h3><div class=\"special-heading-border\"><div class=\"special-heading-inner-border\"><\/div><\/div><\/div>\n\n<style type=\"text\/css\" data-created_by=\"avia_inline_auto\" id=\"style-css-av-1sx0kl-68afb6a0b2c89e582a481ebc8b4e9e7e\">\n#top .av_textblock_section.av-1sx0kl-68afb6a0b2c89e582a481ebc8b4e9e7e .avia_textblock{\nfont-size:16px;\n}\n<\/style>\n<section  class='av_textblock_section av-1sx0kl-68afb6a0b2c89e582a481ebc8b4e9e7e'  itemscope=\"itemscope\" itemtype=\"https:\/\/schema.org\/CreativeWork\" ><div class='avia_textblock'  itemprop=\"text\" ><p>Este es, sin duda, uno de los men\u00fas m\u00e1s importantes de la aplicaci\u00f3n.<\/p>\n<p><img loading=\"lazy\" decoding=\"async\" class=\"aligncenter size-full wp-image-841\" src=\"https:\/\/aulaabierta.arasaac.org\/wp-content\/uploads\/2016\/12\/AW_36.png\" alt=\"\" width=\"1008\" height=\"314\" srcset=\"https:\/\/aulaabierta.arasaac.org\/wp-content\/uploads\/2016\/12\/AW_36.png 1008w, https:\/\/aulaabierta.arasaac.org\/wp-content\/uploads\/2016\/12\/AW_36-300x93.png 300w, https:\/\/aulaabierta.arasaac.org\/wp-content\/uploads\/2016\/12\/AW_36-768x239.png 768w, https:\/\/aulaabierta.arasaac.org\/wp-content\/uploads\/2016\/12\/AW_36-705x220.png 705w, https:\/\/aulaabierta.arasaac.org\/wp-content\/uploads\/2016\/12\/AW_36-450x140.png 450w\" sizes=\"auto, (max-width: 1008px) 100vw, 1008px\" \/><br \/>\nDesde este men\u00fa, podemos configurar el <strong>Tama\u00f1o de los pictogramas<\/strong> adapt\u00e1ndolos al tama\u00f1o deseado.<\/p>\n<p><img loading=\"lazy\" decoding=\"async\" class=\"aligncenter size-full wp-image-842\" src=\"https:\/\/aulaabierta.arasaac.org\/wp-content\/uploads\/2016\/12\/AW_37.png\" alt=\"\" width=\"214\" height=\"95\" \/><br \/>\nA continuaci\u00f3n, podremos utilizar tres de las opciones m\u00e1s importantes para adaptar cualquier texto a pictogramas: <strong>Siguiente imagen<\/strong>, <strong>Componer \/ Descomponer palabra<\/strong> y <strong>Cambiar nombre<\/strong>. Podemos activar estas opciones de varias formas, utilizando el men\u00fa de herramientas, las teclas de funci\u00f3n o los iconos de la barra de herramientas.<\/p>\n<p><img loading=\"lazy\" decoding=\"async\" class=\"aligncenter size-full wp-image-843\" src=\"https:\/\/aulaabierta.arasaac.org\/wp-content\/uploads\/2016\/12\/AW_38.png\" alt=\"\" width=\"652\" height=\"241\" srcset=\"https:\/\/aulaabierta.arasaac.org\/wp-content\/uploads\/2016\/12\/AW_38.png 652w, https:\/\/aulaabierta.arasaac.org\/wp-content\/uploads\/2016\/12\/AW_38-300x111.png 300w, https:\/\/aulaabierta.arasaac.org\/wp-content\/uploads\/2016\/12\/AW_38-450x166.png 450w\" sizes=\"auto, (max-width: 652px) 100vw, 652px\" \/><\/p>\n<p>Escribimos la palabra &#8222;ni\u00f1a&#8220; en nuestro texto y dejamos situado el cursor dentro de esta celda.\u00a0Como en la base de datos de la aplicaci\u00f3n, tenemos varios pictogramas asociados a la palabra\u00a0&#8222;ni\u00f1a&#8220;, tenemos la opci\u00f3n de seleccionar el\u00a0que m\u00e1s nos interese, incluidas las fotograf\u00edas o im\u00e1genes que hayamos subido a la aplicaci\u00f3n e incluso, seleccionar el texto escrito. Para realizar esta acci\u00f3n, nos dirigimos al men\u00fa <strong>Pictogramas<\/strong> y seleccionamos <strong>Siguiente imagen,<\/strong>\u00a0pulsamos sobre la tecla <strong>F3<\/strong> o pulsamos sobre el <strong>icono<\/strong> correspondiente, en este caso el de las tres manzanas.<\/p>\n<p><img loading=\"lazy\" decoding=\"async\" class=\"aligncenter size-full wp-image-1875\" src=\"https:\/\/aulaabierta.arasaac.org\/wp-content\/uploads\/2016\/12\/AraWord-Cambiar-pictograma.jpg\" alt=\"\" width=\"784\" height=\"293\" srcset=\"https:\/\/aulaabierta.arasaac.org\/wp-content\/uploads\/2016\/12\/AraWord-Cambiar-pictograma.jpg 784w, https:\/\/aulaabierta.arasaac.org\/wp-content\/uploads\/2016\/12\/AraWord-Cambiar-pictograma-300x112.jpg 300w, https:\/\/aulaabierta.arasaac.org\/wp-content\/uploads\/2016\/12\/AraWord-Cambiar-pictograma-768x287.jpg 768w, https:\/\/aulaabierta.arasaac.org\/wp-content\/uploads\/2016\/12\/AraWord-Cambiar-pictograma-705x263.jpg 705w, https:\/\/aulaabierta.arasaac.org\/wp-content\/uploads\/2016\/12\/AraWord-Cambiar-pictograma-450x168.jpg 450w\" sizes=\"auto, (max-width: 784px) 100vw, 784px\" \/><\/p>\n<p>Por defecto, <strong>AraWord<\/strong>\u00a0une aquellas composiciones de palabras que est\u00e1n asociadas a un solo pictograma, como sucede en el caso de\u00a0&#8222;cepillo de dientes&#8220;. Puede ocurrirr que nos interese mostrar esta palabra como un s\u00f3lo pictograma o como el conjunto de los tres pictogramas que la componen. Para unir o separar los distintos pictogramas que componen la palabra\u00a0<strong>, <\/strong>utilizaremos la opci\u00f3n <strong>Componer \/ Descomponer una palabra<\/strong>,\u00a0la tecla<strong> F4 <\/strong>o pulsamos sobre el <strong>icono<\/strong> se\u00f1alado en la captura inferior. Observaremos que, autom\u00e1ticamente, aparece el los tres pictogramas que componen esta palabra. Para volver a utilizar un s\u00f3lo pictograma, nos situamos en el texto de cualquiera de los tres pictogramas y utilizamos cualquiera de las opciones que hemos mencionado anteriormente para volver a tener un solo pictograma.<\/p>\n<p><img loading=\"lazy\" decoding=\"async\" class=\"aligncenter size-full wp-image-845\" src=\"https:\/\/aulaabierta.arasaac.org\/wp-content\/uploads\/2016\/12\/AW_40.png\" alt=\"\" width=\"551\" height=\"215\" srcset=\"https:\/\/aulaabierta.arasaac.org\/wp-content\/uploads\/2016\/12\/AW_40.png 551w, https:\/\/aulaabierta.arasaac.org\/wp-content\/uploads\/2016\/12\/AW_40-300x117.png 300w, https:\/\/aulaabierta.arasaac.org\/wp-content\/uploads\/2016\/12\/AW_40-450x176.png 450w\" sizes=\"auto, (max-width: 551px) 100vw, 551px\" \/><\/p>\n<p>Puede suceder que deseemos cambiar el nombre de un pictograma. Para ello, nos situaremos en texto de la celda y utilizaremos la opci\u00f3n <strong>Cambiar nombre<\/strong>,\u00a0la tecla<strong> F5<\/strong> o el <strong>icono<\/strong> correspondiente. A modo de ejemplo, escribimos la palabra &#8222;ni\u00f1a&#8220; varias veces. Situamos el cursor dentro de cada uno de los \u00a0pictograma correspondientes y seleccionamos una de las tres opciones que hemos comentado. Observaremos que podemos borrar el texto contenido y escribir la palabra deseada. En el caso de que escribamos un<strong> nombre compuesto<\/strong>, por ejemplo Mar\u00eda Elena, debemos escribirlo todo seguido y. una vez escrito, separarlo con la tecla Espacio.<\/p>\n<p><img loading=\"lazy\" decoding=\"async\" class=\"aligncenter size-full wp-image-846\" src=\"https:\/\/aulaabierta.arasaac.org\/wp-content\/uploads\/2016\/12\/AW_41.png\" alt=\"\" width=\"536\" height=\"225\" srcset=\"https:\/\/aulaabierta.arasaac.org\/wp-content\/uploads\/2016\/12\/AW_41.png 536w, https:\/\/aulaabierta.arasaac.org\/wp-content\/uploads\/2016\/12\/AW_41-300x126.png 300w, https:\/\/aulaabierta.arasaac.org\/wp-content\/uploads\/2016\/12\/AW_41-450x189.png 450w\" sizes=\"auto, (max-width: 536px) 100vw, 536px\" \/><\/p>\n<p>Dentro de este men\u00fa, tambi\u00e9n tenemos las opciones de <strong>Ocultar \/ Mostrar la Imagen<\/strong> o <strong>Ocultar \/ Mostrar\u00a0Borde de Un elemento \/ Todos los elementos<\/strong>. Os recomendamos que hag\u00e1is unos peque\u00f1os ensayos para familiarizaros con estas opciones y comprobar lo que sucede.<\/p>\n<p>En la \u00faltima versi\u00f3n de <strong>AraWord<\/strong>\u00a0, se ha a\u00f1adido la posibilidad de convertir los pictogramas a <strong>Escala de Grises,<\/strong> lo que, sin duda, facilita la creaci\u00f3n de documentos f\u00e1cilmente imprimibles en escala de grises.<\/p>\n<p><img loading=\"lazy\" decoding=\"async\" class=\"aligncenter size-full wp-image-847\" src=\"https:\/\/aulaabierta.arasaac.org\/wp-content\/uploads\/2016\/12\/AW_42.png\" alt=\"\" width=\"837\" height=\"317\" srcset=\"https:\/\/aulaabierta.arasaac.org\/wp-content\/uploads\/2016\/12\/AW_42.png 837w, https:\/\/aulaabierta.arasaac.org\/wp-content\/uploads\/2016\/12\/AW_42-300x114.png 300w, https:\/\/aulaabierta.arasaac.org\/wp-content\/uploads\/2016\/12\/AW_42-768x291.png 768w, https:\/\/aulaabierta.arasaac.org\/wp-content\/uploads\/2016\/12\/AW_42-705x267.png 705w, https:\/\/aulaabierta.arasaac.org\/wp-content\/uploads\/2016\/12\/AW_42-450x170.png 450w\" sizes=\"auto, (max-width: 837px) 100vw, 837px\" \/><br \/>\nAl pulsar en esta\u00a0opci\u00f3n, nos aparece una ventana emergente en la que aparece establecido 256 en Niveles. Al pulsar en Aceptar los pictogramas que tengamos hasta el momento se convertir\u00e1n a escala de grises y los nuevos que vayan apareciendo al escribir tambi\u00e9n lo estar\u00e1n.<\/p>\n<p><img loading=\"lazy\" decoding=\"async\" class=\"size-full wp-image-23061 aligncenter\" src=\"https:\/\/aulaabierta.arasaac.org\/wp-content\/uploads\/2021\/10\/AraWord_Texto_5-1.png\" alt=\"\" width=\"972\" height=\"513\" srcset=\"https:\/\/aulaabierta.arasaac.org\/wp-content\/uploads\/2021\/10\/AraWord_Texto_5-1.png 972w, https:\/\/aulaabierta.arasaac.org\/wp-content\/uploads\/2021\/10\/AraWord_Texto_5-1-300x158.png 300w, https:\/\/aulaabierta.arasaac.org\/wp-content\/uploads\/2021\/10\/AraWord_Texto_5-1-768x405.png 768w, https:\/\/aulaabierta.arasaac.org\/wp-content\/uploads\/2021\/10\/AraWord_Texto_5-1-710x375.png 710w, https:\/\/aulaabierta.arasaac.org\/wp-content\/uploads\/2021\/10\/AraWord_Texto_5-1-705x372.png 705w, https:\/\/aulaabierta.arasaac.org\/wp-content\/uploads\/2021\/10\/AraWord_Texto_5-1-450x238.png 450w\" sizes=\"auto, (max-width: 972px) 100vw, 972px\" \/><\/p>\n<p>Si queremos volver a ver los pictogramas en color, seleccionaremos de\u00a0nuevo esta opci\u00f3n y en la ventana emergente pondremos el n\u00famero 0 en lugar de 256. S\u00f3lo nos queda darle a Aceptar.<\/p>\n<p><img loading=\"lazy\" decoding=\"async\" class=\"aligncenter size-full wp-image-849\" src=\"https:\/\/aulaabierta.arasaac.org\/wp-content\/uploads\/2016\/12\/AW_44.png\" alt=\"\" width=\"196\" height=\"98\" \/><\/p>\n<p>En caso de querer volver a convertirlos a escala de grises habr\u00e1 que escribir de nuevo 256.<\/p>\n<\/div><\/section>\n<\/div><\/div><\/div><!-- close content main div --><\/div><\/div><div id='av-layout-grid-2'  class='av-layout-grid-container av-1jnrnp-1bb3279c03a04c75d3d3876d6dcc5e78 entry-content-wrapper main_color av-border-top-bottom av-flex-cells  avia-builder-el-8  el_after_av_textblock  avia-builder-el-last  grid-row-not-first  container_wrap fullsize'  >\n\n<style type=\"text\/css\" data-created_by=\"avia_inline_auto\" id=\"style-css-av-1cdcwd-9557c947edcf1f392c8d4def5f60b4f3\">\n.flex_cell.av-1cdcwd-9557c947edcf1f392c8d4def5f60b4f3{\nvertical-align:top;\n}\n.responsive #top #wrap_all .flex_cell.av-1cdcwd-9557c947edcf1f392c8d4def5f60b4f3{\npadding:30px 30px 30px 30px !important;\n}\n<\/style>\n<div class='flex_cell av-1cdcwd-9557c947edcf1f392c8d4def5f60b4f3 av-gridrow-cell av_one_fifth no_margin  avia-builder-el-9  el_before_av_cell_one_fifth  avia-builder-el-first ' ><div class='flex_cell_inner'>\n<style type=\"text\/css\" data-created_by=\"avia_inline_auto\" id=\"style-css-av-18dzmt-e174e0ee63366e747da23c6e94b4e31c\">\n.avia-image-container.av-18dzmt-e174e0ee63366e747da23c6e94b4e31c img.avia_image{\nbox-shadow:none;\n}\n.avia-image-container.av-18dzmt-e174e0ee63366e747da23c6e94b4e31c .av-image-caption-overlay-center{\ncolor:#ffffff;\n}\n<\/style>\n<div  class='avia-image-container av-18dzmt-e174e0ee63366e747da23c6e94b4e31c av-styling- avia-align-center  avia-builder-el-10  avia-builder-el-no-sibling '   itemprop=\"image\" itemscope=\"itemscope\" itemtype=\"https:\/\/schema.org\/ImageObject\" ><div class=\"avia-image-container-inner\"><div class=\"avia-image-overlay-wrap\"><a href=\"https:\/\/aulaabierta.arasaac.org\/de\/araword-5-menu-texto\" class='avia_image' ><img decoding=\"async\" class='wp-image-96479 avia-img-lazy-loading-not-96479 avia_image ' src=\"https:\/\/aulaabierta.arasaac.org\/wp-content\/uploads\/2016\/12\/before-80x80.png\" alt='' title='before'  height=\"80\" width=\"80\"  itemprop=\"thumbnailUrl\" srcset=\"https:\/\/aulaabierta.arasaac.org\/wp-content\/uploads\/2016\/12\/before-80x80.png 80w, https:\/\/aulaabierta.arasaac.org\/wp-content\/uploads\/2016\/12\/before-36x36.png 36w, https:\/\/aulaabierta.arasaac.org\/wp-content\/uploads\/2016\/12\/before-120x120.png 120w, https:\/\/aulaabierta.arasaac.org\/wp-content\/uploads\/2016\/12\/before.png 128w\" sizes=\"(max-width: 80px) 100vw, 80px\" \/><\/a><\/div><\/div><\/div>\n<\/div><\/div>\n<style type=\"text\/css\" data-created_by=\"avia_inline_auto\" id=\"style-css-av-11jp4d-b81386bb301ed6c5e394b679b81745e0\">\n.flex_cell.av-11jp4d-b81386bb301ed6c5e394b679b81745e0{\nvertical-align:top;\n}\n.responsive #top #wrap_all .flex_cell.av-11jp4d-b81386bb301ed6c5e394b679b81745e0{\npadding:30px 30px 30px 30px !important;\n}\n<\/style>\n<div class='flex_cell av-11jp4d-b81386bb301ed6c5e394b679b81745e0 av-gridrow-cell av_one_fifth no_margin  avia-builder-el-11  el_after_av_cell_one_fifth  el_before_av_cell_one_fifth ' ><div class='flex_cell_inner'><\/div><\/div>\n<style type=\"text\/css\" data-created_by=\"avia_inline_auto\" id=\"style-css-av-vvzsd-8265de4fb3e4d29f633e7e26446638d0\">\n.flex_cell.av-vvzsd-8265de4fb3e4d29f633e7e26446638d0{\nvertical-align:top;\n}\n.responsive #top #wrap_all .flex_cell.av-vvzsd-8265de4fb3e4d29f633e7e26446638d0{\npadding:30px 30px 30px 30px !important;\n}\n<\/style>\n<div class='flex_cell av-vvzsd-8265de4fb3e4d29f633e7e26446638d0 av-gridrow-cell av_one_fifth no_margin  avia-builder-el-12  el_after_av_cell_one_fifth  el_before_av_cell_one_fifth ' ><div class='flex_cell_inner'>\n<style type=\"text\/css\" data-created_by=\"avia_inline_auto\" id=\"style-css-av-osdml-5c016271f62372f3bfb426880162895f\">\n.avia-image-container.av-osdml-5c016271f62372f3bfb426880162895f img.avia_image{\nbox-shadow:none;\n}\n.avia-image-container.av-osdml-5c016271f62372f3bfb426880162895f .av-image-caption-overlay-center{\ncolor:#ffffff;\n}\n<\/style>\n<div  class='avia-image-container av-osdml-5c016271f62372f3bfb426880162895f av-styling- avia-align-center  avia-builder-el-13  avia-builder-el-no-sibling '   itemprop=\"image\" itemscope=\"itemscope\" itemtype=\"https:\/\/schema.org\/ImageObject\" ><div class=\"avia-image-container-inner\"><div class=\"avia-image-overlay-wrap\"><a href=\"https:\/\/aulaabierta.arasaac.org\/de\/araword_inicio\" class='avia_image' ><img decoding=\"async\" class='wp-image-96481 avia-img-lazy-loading-not-96481 avia_image ' src=\"https:\/\/aulaabierta.arasaac.org\/wp-content\/uploads\/2016\/12\/casa-80x80.png\" alt='' title='Inicio'  height=\"80\" width=\"80\"  itemprop=\"thumbnailUrl\" srcset=\"https:\/\/aulaabierta.arasaac.org\/wp-content\/uploads\/2016\/12\/casa-80x80.png 80w, https:\/\/aulaabierta.arasaac.org\/wp-content\/uploads\/2016\/12\/casa-300x300.png 300w, https:\/\/aulaabierta.arasaac.org\/wp-content\/uploads\/2016\/12\/casa-36x36.png 36w, https:\/\/aulaabierta.arasaac.org\/wp-content\/uploads\/2016\/12\/casa-180x180.png 180w, https:\/\/aulaabierta.arasaac.org\/wp-content\/uploads\/2016\/12\/casa-120x120.png 120w, https:\/\/aulaabierta.arasaac.org\/wp-content\/uploads\/2016\/12\/casa-450x450.png 450w, https:\/\/aulaabierta.arasaac.org\/wp-content\/uploads\/2016\/12\/casa.png 500w\" sizes=\"(max-width: 80px) 100vw, 80px\" \/><\/a><\/div><\/div><\/div>\n<\/div><\/div>\n<style type=\"text\/css\" data-created_by=\"avia_inline_auto\" id=\"style-css-av-men7h-3cf01115e545c12ec42a8b63752d1ae7\">\n.flex_cell.av-men7h-3cf01115e545c12ec42a8b63752d1ae7{\nvertical-align:top;\n}\n.responsive #top #wrap_all .flex_cell.av-men7h-3cf01115e545c12ec42a8b63752d1ae7{\npadding:30px 30px 30px 30px !important;\n}\n<\/style>\n<div class='flex_cell av-men7h-3cf01115e545c12ec42a8b63752d1ae7 av-gridrow-cell av_one_fifth no_margin  avia-builder-el-14  el_after_av_cell_one_fifth  el_before_av_cell_one_fifth ' ><div class='flex_cell_inner'><\/div><\/div>\n<style type=\"text\/css\" data-created_by=\"avia_inline_auto\" id=\"style-css-av-cv68l-816a69e87f67b44788ecbf2860756d6a\">\n.flex_cell.av-cv68l-816a69e87f67b44788ecbf2860756d6a{\nvertical-align:top;\n}\n.responsive #top #wrap_all .flex_cell.av-cv68l-816a69e87f67b44788ecbf2860756d6a{\npadding:30px 30px 30px 30px !important;\n}\n<\/style>\n<div class='flex_cell av-cv68l-816a69e87f67b44788ecbf2860756d6a av-gridrow-cell av_one_fifth no_margin  avia-builder-el-15  el_after_av_cell_one_fifth  avia-builder-el-last ' ><div class='flex_cell_inner'>\n<style type=\"text\/css\" data-created_by=\"avia_inline_auto\" id=\"style-css-av-b6vpp-542a379b291a3943e4bc55badd72c713\">\n.avia-image-container.av-b6vpp-542a379b291a3943e4bc55badd72c713 img.avia_image{\nbox-shadow:none;\n}\n.avia-image-container.av-b6vpp-542a379b291a3943e4bc55badd72c713 .av-image-caption-overlay-center{\ncolor:#ffffff;\n}\n<\/style>\n<div  class='avia-image-container av-b6vpp-542a379b291a3943e4bc55badd72c713 av-styling- avia-align-center  avia-builder-el-16  avia-builder-el-no-sibling '   itemprop=\"image\" itemscope=\"itemscope\" itemtype=\"https:\/\/schema.org\/ImageObject\" ><div class=\"avia-image-container-inner\"><div class=\"avia-image-overlay-wrap\"><a href=\"https:\/\/aulaabierta.arasaac.org\/de\/araword-7-menu-herramientas\" class='avia_image' ><img decoding=\"async\" class='wp-image-96480 avia-img-lazy-loading-not-96480 avia_image ' src=\"https:\/\/aulaabierta.arasaac.org\/wp-content\/uploads\/2016\/12\/next-80x80.png\" alt='' title='next'  height=\"80\" width=\"80\"  itemprop=\"thumbnailUrl\" srcset=\"https:\/\/aulaabierta.arasaac.org\/wp-content\/uploads\/2016\/12\/next-80x80.png 80w, https:\/\/aulaabierta.arasaac.org\/wp-content\/uploads\/2016\/12\/next-36x36.png 36w, https:\/\/aulaabierta.arasaac.org\/wp-content\/uploads\/2016\/12\/next-120x120.png 120w, https:\/\/aulaabierta.arasaac.org\/wp-content\/uploads\/2016\/12\/next.png 128w\" sizes=\"(max-width: 80px) 100vw, 80px\" \/><\/a><\/div><\/div><\/div>\n<\/div><\/div>\n<\/div>\n","protected":false},"excerpt":{"rendered":"","protected":false},"author":5,"featured_media":0,"parent":0,"menu_order":0,"comment_status":"closed","ping_status":"closed","template":"","meta":{"om_disable_all_campaigns":false,"_monsterinsights_skip_tracking":false,"_monsterinsights_sitenote_active":false,"_monsterinsights_sitenote_note":"","_monsterinsights_sitenote_category":0,"_uf_show_specific_survey":0,"_uf_disable_surveys":false,"footnotes":""},"class_list":["post-813","page","type-page","status-publish","hentry"],"aioseo_notices":[],"_links":{"self":[{"href":"https:\/\/aulaabierta.arasaac.org\/de\/wp-json\/wp\/v2\/pages\/813","targetHints":{"allow":["GET"]}}],"collection":[{"href":"https:\/\/aulaabierta.arasaac.org\/de\/wp-json\/wp\/v2\/pages"}],"about":[{"href":"https:\/\/aulaabierta.arasaac.org\/de\/wp-json\/wp\/v2\/types\/page"}],"author":[{"embeddable":true,"href":"https:\/\/aulaabierta.arasaac.org\/de\/wp-json\/wp\/v2\/users\/5"}],"replies":[{"embeddable":true,"href":"https:\/\/aulaabierta.arasaac.org\/de\/wp-json\/wp\/v2\/comments?post=813"}],"version-history":[{"count":22,"href":"https:\/\/aulaabierta.arasaac.org\/de\/wp-json\/wp\/v2\/pages\/813\/revisions"}],"predecessor-version":[{"id":81140,"href":"https:\/\/aulaabierta.arasaac.org\/de\/wp-json\/wp\/v2\/pages\/813\/revisions\/81140"}],"wp:attachment":[{"href":"https:\/\/aulaabierta.arasaac.org\/de\/wp-json\/wp\/v2\/media?parent=813"}],"curies":[{"name":"wp","href":"https:\/\/api.w.org\/{rel}","templated":true}]}}