{"id":90937,"date":"2022-04-14T08:49:59","date_gmt":"2022-04-14T07:49:59","guid":{"rendered":"https:\/\/aulaabierta.arasaac.org\/?page_id=90937"},"modified":"2022-04-14T11:36:38","modified_gmt":"2022-04-14T10:36:38","slug":"minitutoriales-caa-cuaderno-de-comunicacion-con-pictogramas-una-conversacion-compartida","status":"publish","type":"page","link":"https:\/\/aulaabierta.arasaac.org\/de\/minitutoriales-caa-cuaderno-de-comunicacion-con-pictogramas-una-conversacion-compartida","title":{"rendered":"Tutorial CAA &#8211; &#8222;Cuaderno de comunicaci\u00f3n con pictogramas. Una conversaci\u00f3n compartida&#8220;, elaborado por CEAPAT"},"content":{"rendered":"<div id='av-layout-grid-1'  class='av-layout-grid-container av-10pvuos-ba21f626b247823b3333352376f19114 entry-content-wrapper alternate_color av-border-cells av-flex-cells  avia-builder-el-0  el_before_av_textblock  avia-builder-el-first   container_wrap fullsize'  >\n\n<style type=\"text\/css\" data-created_by=\"avia_inline_auto\" id=\"style-css-av-zq6hjg-49ac878b17158d6126a9c29150ac719d\">\n.flex_cell.av-zq6hjg-49ac878b17158d6126a9c29150ac719d{\nvertical-align:top;\n}\n.responsive #top #wrap_all .flex_cell.av-zq6hjg-49ac878b17158d6126a9c29150ac719d{\npadding:30px 30px 30px 30px !important;\n}\n<\/style>\n<div class='flex_cell av-zq6hjg-49ac878b17158d6126a9c29150ac719d av-gridrow-cell av_one_fifth no_margin  avia-builder-el-1  el_before_av_cell_four_fifth  avia-builder-el-first ' ><div class='flex_cell_inner'>\n<style type=\"text\/css\" data-created_by=\"avia_inline_auto\" id=\"style-css-av-yhiz64-52b921ebc3a38053f8a41e7778aba757\">\n.avia-image-container.av-yhiz64-52b921ebc3a38053f8a41e7778aba757 img.avia_image{\nbox-shadow:none;\n}\n.avia-image-container.av-yhiz64-52b921ebc3a38053f8a41e7778aba757 .av-image-caption-overlay-center{\ncolor:#ffffff;\n}\n<\/style>\n<div  class='avia-image-container av-yhiz64-52b921ebc3a38053f8a41e7778aba757 av-styling- avia-align-center  avia-builder-el-2  avia-builder-el-no-sibling '   itemprop=\"image\" itemscope=\"itemscope\" itemtype=\"https:\/\/schema.org\/ImageObject\" ><div class=\"avia-image-container-inner\"><div class=\"avia-image-overlay-wrap\"><a href=\"https:\/\/aulaabierta.arasaac.org\/de\/comunicacion_aumentativa_y_alternativa_caa\" class='avia_image' ><img decoding=\"async\" class='wp-image-99308 avia-img-lazy-loading-not-99308 avia_image ' src=\"https:\/\/aulaabierta.arasaac.org\/wp-content\/uploads\/2018\/05\/tutoriales_sin_marco-180x180.png\" alt='' title='tutoriales_sin_marco'  height=\"180\" width=\"180\"  itemprop=\"thumbnailUrl\" srcset=\"https:\/\/aulaabierta.arasaac.org\/wp-content\/uploads\/2018\/05\/tutoriales_sin_marco-180x180.png 180w, https:\/\/aulaabierta.arasaac.org\/wp-content\/uploads\/2018\/05\/tutoriales_sin_marco-80x80.png 80w, https:\/\/aulaabierta.arasaac.org\/wp-content\/uploads\/2018\/05\/tutoriales_sin_marco-300x298.png 300w, https:\/\/aulaabierta.arasaac.org\/wp-content\/uploads\/2018\/05\/tutoriales_sin_marco-768x763.png 768w, https:\/\/aulaabierta.arasaac.org\/wp-content\/uploads\/2018\/05\/tutoriales_sin_marco-36x36.png 36w, https:\/\/aulaabierta.arasaac.org\/wp-content\/uploads\/2018\/05\/tutoriales_sin_marco-705x700.png 705w, https:\/\/aulaabierta.arasaac.org\/wp-content\/uploads\/2018\/05\/tutoriales_sin_marco-120x120.png 120w, https:\/\/aulaabierta.arasaac.org\/wp-content\/uploads\/2018\/05\/tutoriales_sin_marco-450x447.png 450w, https:\/\/aulaabierta.arasaac.org\/wp-content\/uploads\/2018\/05\/tutoriales_sin_marco.png 928w\" sizes=\"(max-width: 180px) 100vw, 180px\" \/><\/a><\/div><\/div><\/div>\n<\/div><\/div>\n<style type=\"text\/css\" data-created_by=\"avia_inline_auto\" id=\"style-css-av-wowdgc-10999ff979df46f1b725ce8679a040ff\">\n.flex_cell.av-wowdgc-10999ff979df46f1b725ce8679a040ff{\nvertical-align:middle;\n}\n.responsive #top #wrap_all .flex_cell.av-wowdgc-10999ff979df46f1b725ce8679a040ff{\npadding:30px 30px 30px 30px !important;\n}\n<\/style>\n<div class='flex_cell av-wowdgc-10999ff979df46f1b725ce8679a040ff av-gridrow-cell av_four_fifth no_margin  avia-builder-el-3  el_after_av_cell_one_fifth  avia-builder-el-last ' ><div class='flex_cell_inner'>\n<style type=\"text\/css\" data-created_by=\"avia_inline_auto\" id=\"style-css-av-20okn0-7a2a07168c6335536426199213df81c4\">\n#top .av-special-heading.av-20okn0-7a2a07168c6335536426199213df81c4{\npadding-bottom:0;\n}\nbody .av-special-heading.av-20okn0-7a2a07168c6335536426199213df81c4 .av-special-heading-tag .heading-char{\nfont-size:25px;\n}\n.av-special-heading.av-20okn0-7a2a07168c6335536426199213df81c4 .av-subheading{\nfont-size:15px;\n}\n<\/style>\n<div  class='av-special-heading av-20okn0-7a2a07168c6335536426199213df81c4 av-special-heading-h1  avia-builder-el-4  avia-builder-el-no-sibling  av-linked-heading'><h1 class='av-special-heading-tag'  itemprop=\"headline\"  >TUTORIAL CAA &#8211; CUADERNO DE COMUNICACI\u00d3N CON PICTOGRAMAS. UNA CONVERSACI\u00d3N COMPARTIDA &#8211; ELABORADO POR EL CEAPAT<\/h1><div class=\"special-heading-border\"><div class=\"special-heading-inner-border\"><\/div><\/div><\/div>\n<\/div><\/div>\n<\/div><div id='after_grid_row_1'  class='main_color av_default_container_wrap container_wrap fullsize'  ><div class='container av-section-cont-open' ><div class='template-page content  av-content-full alpha units'><div class='post-entry post-entry-type-page post-entry-90937'><div class='entry-content-wrapper clearfix'>\n\n<style type=\"text\/css\" data-created_by=\"avia_inline_auto\" id=\"style-css-av-r2szvg-a2c24b74c64ef66f0ecab262641e72cc\">\n#top .av_textblock_section.av-r2szvg-a2c24b74c64ef66f0ecab262641e72cc .avia_textblock{\nfont-size:16px;\n}\n<\/style>\n<section  class='av_textblock_section av-r2szvg-a2c24b74c64ef66f0ecab262641e72cc'  itemscope=\"itemscope\" itemtype=\"https:\/\/schema.org\/CreativeWork\" ><div class='avia_textblock'  itemprop=\"text\" ><h6 style=\"text-align: center;\"><img loading=\"lazy\" decoding=\"async\" class=\"aligncenter size-full wp-image-932\" src=\"https:\/\/aulaabierta.arasaac.org\/wp-content\/uploads\/2016\/12\/by-nc-sa.eu_petit.png\" alt=\"\" width=\"118\" height=\"41\" \/><\/h6>\n<h6 style=\"text-align: center;\">Este obra est\u00e1 bajo una Licencia de Creative Commons: Reconocimiento-NoComercial-SinObraDerivada (CC BY-NC-ND)<\/h6>\n<h6 style=\"text-align: center;\"><strong>Elaborado por el <a href=\"https:\/\/ceapat.imserso.es\/ceapat_01\/index.htm\" target=\"_blank\" rel=\"noopener\">Centro Estatal de Autonom\u00eda Personal y Ayudas T\u00e9cnicas (CEAPAT)<\/a> en colaboraci\u00f3n con <a href=\"https:\/\/arasaac.org\/\" target=\"_blank\" rel=\"noopener\">ARASAAC<\/a>.<\/strong><\/h6>\n<hr \/>\n<\/div><\/section>\n\n<style type=\"text\/css\" data-created_by=\"avia_inline_auto\" id=\"style-css-av-2lplq4-7a15608248605ccd07e49b5d7aea3969\">\n.flex_column.av-2lplq4-7a15608248605ccd07e49b5d7aea3969{\n-webkit-border-radius:0px 0px 0px 0px;\n-moz-border-radius:0px 0px 0px 0px;\nborder-radius:0px 0px 0px 0px;\npadding:0px 0px 0px 0px;\n}\n<\/style>\n<div class='flex_column av-2lplq4-7a15608248605ccd07e49b5d7aea3969 av_one_full  avia-builder-el-6  el_after_av_textblock  el_before_av_textblock  first flex_column_div av-zero-column-padding column-top-margin'     ><\/div>\n\n<style type=\"text\/css\" data-created_by=\"avia_inline_auto\" id=\"style-css-av-q8vyq4-4204a9612eacf4a279afc08471cda718\">\n#top .av_textblock_section.av-q8vyq4-4204a9612eacf4a279afc08471cda718 .avia_textblock{\nfont-size:16px;\n}\n<\/style>\n<section  class='av_textblock_section av-q8vyq4-4204a9612eacf4a279afc08471cda718'  itemscope=\"itemscope\" itemtype=\"https:\/\/schema.org\/CreativeWork\" ><div class='avia_textblock'  itemprop=\"text\" ><p>El <a href=\"https:\/\/ceapat.imserso.es\/ceapat_01\/index.htm\" target=\"_blank\" rel=\"noopener\"><strong>Centro de Referencia Estatal de Autonom\u00eda Personal y Ayudas T\u00e9cnicas (CEAPAT)<\/strong><\/a> del <strong>IMSERSO<\/strong> en Madrid, atendi\u00f3 <strong>796 consultas sobre Accesibilidad Universal, Productos y Tecnolog\u00edas de Apoyo<\/strong> en <strong>2021<\/strong>.<\/p>\n<p>Con el objetivo de <strong>responder de forma did\u00e1ctica<\/strong> a algunas de las consultas m\u00e1s frecuentes, profesionales del <a href=\"https:\/\/ceapat.imserso.es\/ceapat_01\/index.htm\" target=\"_blank\" rel=\"noopener\"><strong>CEAPAT<\/strong><\/a>\u00a0y de sus <strong>Unidades en los CRMFs de Albace<\/strong>te, Lardero y San Fernando, han realizado 10 v\u00eddeos sobre &#8222;<a href=\"https:\/\/ceapat.imserso.es\/ceapat_07\/actualidad\/2022\/febrero\/IM_142473\" target=\"_blank\" rel=\"noopener\"><strong>Productos de Apoyo para la Autonom\u00eda Personal<\/strong><\/a>&#8222;.<\/p>\n<p>Uno de estos v\u00eddeos, realizado en colaboraci\u00f3n con <a href=\"https:\/\/arasaac.org\/\" target=\"_blank\" rel=\"noopener\"><strong>ARASAAC<\/strong><\/a>, trata sobre &#8222;<strong><a href=\"https:\/\/www.youtube.com\/watch?v=vkKV6rEJ6LY\" target=\"_blank\" rel=\"noopener\">Cuadernos de comunicaci\u00f3n con pictogramas. Una conversaci\u00f3n compartida<\/a><\/strong>&#8222;.<\/p>\n<p>En el v\u00eddeo se explica que los <strong>cuadernos de comunicaci\u00f3n con pictogramas<\/strong> son un<strong> producto de apoyo<\/strong> dise\u00f1ado de <strong>manera individualizada<\/strong>, y que permiten a personas con dificultades en la <strong>comunicaci\u00f3n oral y escrita<\/strong>, <strong>expresarse,<\/strong> <strong>socializar<\/strong> y t<strong>ransmitir sus ideas y opiniones<\/strong>.<\/p>\n<p>Recuerda que, cuando nos comunicamos, nos relacionamos socialmente e interactuamos con los dem\u00e1s. Todos somos participantes activos en una conversaci\u00f3n compartida.<\/p>\n<p>Tambi\u00e9n dispones de los <strong>pictogramas<\/strong> y los <strong>cuadernos de comunicaci\u00f3n<\/strong> en <a href=\"https:\/\/arasaac.org\/\" target=\"_blank\" rel=\"noopener\"><strong>ARASAAC<\/strong><\/a>.<\/p>\n<\/div><\/section>\n<div  class='avia-video av-l1yp3okv-38d559c1aba8b8905f22352212209153 avia-video-16-9 av-no-preview-image avia-video-load-always av-lazyload-immediate av-lazyload-video-embed'  itemprop=\"video\" itemtype=\"https:\/\/schema.org\/VideoObject\"  data-original_url='https:\/\/youtu.be\/vkKV6rEJ6LY'><script type='text\/html' class='av-video-tmpl'><div class='avia-iframe-wrap'><iframe loading=\"lazy\" title=\"05 Cuadernos de comunicacio\u0301n con pictogramas  Una conversacio\u0301n compartida (versi\u00f3n completa)\" width=\"1500\" height=\"844\" src=\"https:\/\/www.youtube.com\/embed\/vkKV6rEJ6LY?feature=oembed&autoplay=0&loop=0&controls=1&mute=0\" frameborder=\"0\" allow=\"accelerometer; autoplay; clipboard-write; encrypted-media; gyroscope; picture-in-picture\" allowfullscreen><\/iframe><\/div><\/script><div class='av-click-to-play-overlay'><div class=\"avia_playpause_icon\"><\/div><\/div><\/div>\n\n<style type=\"text\/css\" data-created_by=\"avia_inline_auto\" id=\"style-css-av-l1yphd04-60d71ea45eec69f67434da05d752cda7\">\n#top .av_textblock_section.av-l1yphd04-60d71ea45eec69f67434da05d752cda7 .avia_textblock{\nfont-size:16px;\n}\n<\/style>\n<section  class='av_textblock_section av-l1yphd04-60d71ea45eec69f67434da05d752cda7'  itemscope=\"itemscope\" itemtype=\"https:\/\/schema.org\/CreativeWork\" ><div class='avia_textblock'  itemprop=\"text\" ><p>En estos v\u00eddeos, profesionales del <a href=\"https:\/\/ceapat.imserso.es\/ceapat_01\/index.htm\" target=\"_blank\" rel=\"noopener\"><strong>CEAPAT<\/strong><\/a>\u00a0y de sus <strong>Unidades en los CRMFs de Albace<\/strong>te, Lardero y San Fernando, responden a consultas y preguntas sobre &#8222;<strong>Productos de Apoyo para la Autonom\u00eda Personal<\/strong>&#8222;,<\/p>\n<p>En los v\u00eddeos tambi\u00e9n han participado <strong>profesionales y personas usuarias<\/strong> del <strong>CAMF de Legan\u00e9s<\/strong>, del <strong>CRMF de Madrid<\/strong> y <strong>socios de la Asociaci\u00f3n de Personas con Lesi\u00f3n Medular y otras Discapacidades F\u00edsicas de Madrid<\/strong>.<\/p>\n<p>De cada v\u00eddeo hay una versi\u00f3n corta para las Redes Sociales y una versi\u00f3n completa.<\/p>\n<p>Este <strong>material<\/strong> se puede utilizar en <strong>cursos de formaci\u00f3n<\/strong> o para el<strong> asesoramiento<\/strong> dirigido a personas con discapacidad y personas mayores, a sus familiares, a asistentes personales y personas de apoyo.<\/p>\n<\/div><\/section>\n<\/div><\/div><\/div><!-- close content main div --><\/div><\/div><div id='av-layout-grid-2'  class='av-layout-grid-container av-cjch3g-8c9893a91b8664f8d2da390acf8309d6 entry-content-wrapper main_color av-flex-cells  avia-builder-el-10  el_after_av_textblock  avia-builder-el-last  grid-row-not-first  container_wrap fullsize'  >\n\n<style type=\"text\/css\" data-created_by=\"avia_inline_auto\" id=\"style-css-av-b41c6k-f6dde31934e6ce77c56da73fd8840047\">\n.flex_cell.av-b41c6k-f6dde31934e6ce77c56da73fd8840047{\nvertical-align:top;\n}\n.responsive #top #wrap_all .flex_cell.av-b41c6k-f6dde31934e6ce77c56da73fd8840047{\npadding:30px 30px 30px 30px !important;\n}\n<\/style>\n<div class='flex_cell av-b41c6k-f6dde31934e6ce77c56da73fd8840047 av-gridrow-cell av_one_fifth no_margin  avia-builder-el-11  el_before_av_cell_one_fifth  avia-builder-el-first ' ><div class='flex_cell_inner'><\/div><\/div>\n<style type=\"text\/css\" data-created_by=\"avia_inline_auto\" id=\"style-css-av-9mned8-43fd3f546904f071921b9e19eca7a438\">\n.flex_cell.av-9mned8-43fd3f546904f071921b9e19eca7a438{\nvertical-align:top;\n}\n.responsive #top #wrap_all .flex_cell.av-9mned8-43fd3f546904f071921b9e19eca7a438{\npadding:30px 30px 30px 30px !important;\n}\n<\/style>\n<div class='flex_cell av-9mned8-43fd3f546904f071921b9e19eca7a438 av-gridrow-cell av_one_fifth no_margin  avia-builder-el-12  el_after_av_cell_one_fifth  el_before_av_cell_one_fifth ' ><div class='flex_cell_inner'><\/div><\/div>\n<style type=\"text\/css\" data-created_by=\"avia_inline_auto\" id=\"style-css-av-71ymws-ceeb8b779a4044f9b0d6eb807f20ae2e\">\n.flex_cell.av-71ymws-ceeb8b779a4044f9b0d6eb807f20ae2e{\nvertical-align:top;\n}\n.responsive #top #wrap_all .flex_cell.av-71ymws-ceeb8b779a4044f9b0d6eb807f20ae2e{\npadding:30px 30px 30px 30px !important;\n}\n<\/style>\n<div class='flex_cell av-71ymws-ceeb8b779a4044f9b0d6eb807f20ae2e av-gridrow-cell av_one_fifth no_margin  avia-builder-el-13  el_after_av_cell_one_fifth  el_before_av_cell_one_fifth ' ><div class='flex_cell_inner'>\n<style type=\"text\/css\" data-created_by=\"avia_inline_auto\" id=\"style-css-av-5ctf30-20e03fedd5aadba84c5b6ee06f6e30f4\">\n.avia-image-container.av-5ctf30-20e03fedd5aadba84c5b6ee06f6e30f4 img.avia_image{\nbox-shadow:none;\n}\n.avia-image-container.av-5ctf30-20e03fedd5aadba84c5b6ee06f6e30f4 .av-image-caption-overlay-center{\ncolor:#ffffff;\n}\n<\/style>\n<div  class='avia-image-container av-5ctf30-20e03fedd5aadba84c5b6ee06f6e30f4 av-styling- avia-align-center  avia-builder-el-14  avia-builder-el-no-sibling '   itemprop=\"image\" itemscope=\"itemscope\" itemtype=\"https:\/\/schema.org\/ImageObject\" ><div class=\"avia-image-container-inner\"><div class=\"avia-image-overlay-wrap\"><a href=\"https:\/\/aulaabierta.arasaac.org\/de\/comunicacion_aumentativa_y_alternativa_caa\" class='avia_image' ><img decoding=\"async\" class='wp-image-96481 avia-img-lazy-loading-not-96481 avia_image ' src=\"https:\/\/aulaabierta.arasaac.org\/wp-content\/uploads\/2016\/12\/casa-80x80.png\" alt='' title='Inicio'  height=\"80\" width=\"80\"  itemprop=\"thumbnailUrl\" srcset=\"https:\/\/aulaabierta.arasaac.org\/wp-content\/uploads\/2016\/12\/casa-80x80.png 80w, https:\/\/aulaabierta.arasaac.org\/wp-content\/uploads\/2016\/12\/casa-300x300.png 300w, https:\/\/aulaabierta.arasaac.org\/wp-content\/uploads\/2016\/12\/casa-36x36.png 36w, https:\/\/aulaabierta.arasaac.org\/wp-content\/uploads\/2016\/12\/casa-180x180.png 180w, https:\/\/aulaabierta.arasaac.org\/wp-content\/uploads\/2016\/12\/casa-120x120.png 120w, https:\/\/aulaabierta.arasaac.org\/wp-content\/uploads\/2016\/12\/casa-450x450.png 450w, https:\/\/aulaabierta.arasaac.org\/wp-content\/uploads\/2016\/12\/casa.png 500w\" sizes=\"(max-width: 80px) 100vw, 80px\" \/><\/a><\/div><\/div><\/div>\n<\/div><\/div>\n<style type=\"text\/css\" data-created_by=\"avia_inline_auto\" id=\"style-css-av-3m36sc-710efd51927e3570ca55365bcb50add9\">\n.flex_cell.av-3m36sc-710efd51927e3570ca55365bcb50add9{\nvertical-align:top;\n}\n.responsive #top #wrap_all .flex_cell.av-3m36sc-710efd51927e3570ca55365bcb50add9{\npadding:30px 30px 30px 30px !important;\n}\n<\/style>\n<div class='flex_cell av-3m36sc-710efd51927e3570ca55365bcb50add9 av-gridrow-cell av_one_fifth no_margin  avia-builder-el-15  el_after_av_cell_one_fifth  el_before_av_cell_one_fifth ' ><div class='flex_cell_inner'><\/div><\/div>\n<style type=\"text\/css\" data-created_by=\"avia_inline_auto\" id=\"style-css-av-2hnfdo-69170056982846886393d47bc509dbea\">\n.flex_cell.av-2hnfdo-69170056982846886393d47bc509dbea{\nvertical-align:top;\n}\n.responsive #top #wrap_all .flex_cell.av-2hnfdo-69170056982846886393d47bc509dbea{\npadding:30px 30px 30px 30px !important;\n}\n<\/style>\n<div class='flex_cell av-2hnfdo-69170056982846886393d47bc509dbea av-gridrow-cell av_one_fifth no_margin  avia-builder-el-16  el_after_av_cell_one_fifth  avia-builder-el-last ' ><div class='flex_cell_inner'><\/div><\/div>\n<\/div>\n","protected":false},"excerpt":{"rendered":"","protected":false},"author":5,"featured_media":0,"parent":0,"menu_order":0,"comment_status":"closed","ping_status":"closed","template":"","meta":{"om_disable_all_campaigns":false,"_monsterinsights_skip_tracking":false,"_monsterinsights_sitenote_active":false,"_monsterinsights_sitenote_note":"","_monsterinsights_sitenote_category":0,"_uf_show_specific_survey":0,"_uf_disable_surveys":false,"footnotes":""},"class_list":["post-90937","page","type-page","status-publish","hentry"],"aioseo_notices":[],"_links":{"self":[{"href":"https:\/\/aulaabierta.arasaac.org\/de\/wp-json\/wp\/v2\/pages\/90937","targetHints":{"allow":["GET"]}}],"collection":[{"href":"https:\/\/aulaabierta.arasaac.org\/de\/wp-json\/wp\/v2\/pages"}],"about":[{"href":"https:\/\/aulaabierta.arasaac.org\/de\/wp-json\/wp\/v2\/types\/page"}],"author":[{"embeddable":true,"href":"https:\/\/aulaabierta.arasaac.org\/de\/wp-json\/wp\/v2\/users\/5"}],"replies":[{"embeddable":true,"href":"https:\/\/aulaabierta.arasaac.org\/de\/wp-json\/wp\/v2\/comments?post=90937"}],"version-history":[{"count":13,"href":"https:\/\/aulaabierta.arasaac.org\/de\/wp-json\/wp\/v2\/pages\/90937\/revisions"}],"predecessor-version":[{"id":90969,"href":"https:\/\/aulaabierta.arasaac.org\/de\/wp-json\/wp\/v2\/pages\/90937\/revisions\/90969"}],"wp:attachment":[{"href":"https:\/\/aulaabierta.arasaac.org\/de\/wp-json\/wp\/v2\/media?parent=90937"}],"curies":[{"name":"wp","href":"https:\/\/api.w.org\/{rel}","templated":true}]}}