{"id":91141,"date":"2022-06-13T11:27:55","date_gmt":"2022-06-13T10:27:55","guid":{"rendered":"https:\/\/aulaabierta.arasaac.org\/?page_id=91141"},"modified":"2022-11-07T21:24:17","modified_gmt":"2022-11-07T20:24:17","slug":"cima","status":"publish","type":"page","link":"https:\/\/aulaabierta.arasaac.org\/de\/cima","title":{"rendered":"CIMA &#8211; Informaci\u00f3n Cultural Accesible"},"content":{"rendered":"\n<style type=\"text\/css\" data-created_by=\"avia_inline_auto\" id=\"style-css-av-1al2aar-c11e3ca4aa86d6503f3edb7d8c9cfa43\">\n#top .av-special-heading.av-1al2aar-c11e3ca4aa86d6503f3edb7d8c9cfa43{\npadding-bottom:0;\n}\nbody .av-special-heading.av-1al2aar-c11e3ca4aa86d6503f3edb7d8c9cfa43 .av-special-heading-tag .heading-char{\nfont-size:25px;\n}\n.av-special-heading.av-1al2aar-c11e3ca4aa86d6503f3edb7d8c9cfa43 .av-subheading{\nfont-size:15px;\n}\n<\/style>\n<div  class='av-special-heading av-1al2aar-c11e3ca4aa86d6503f3edb7d8c9cfa43 av-special-heading-h2  avia-builder-el-0  el_before_av_layout_row  avia-builder-el-no-sibling  av-linked-heading'><h2 class='av-special-heading-tag'  itemprop=\"headline\"  >CIMA &#8211; Informaci\u00f3n Cultural Accesible<\/h2><div class=\"special-heading-border\"><div class=\"special-heading-inner-border\"><\/div><\/div><\/div>\n<\/div><\/div><\/div><!-- close content main div --><\/div><\/div><div id='av-layout-grid-1'  class='av-layout-grid-container av-6kmly5-960656a5629ca94e35ab82e4395e0d35 entry-content-wrapper main_color av-flex-cells  avia-builder-el-1  el_after_av_heading  el_before_av_heading  grid-row-not-first  container_wrap fullsize'  >\n\n<style type=\"text\/css\" data-created_by=\"avia_inline_auto\" id=\"style-css-av-1sfcbh9-ea80fed66632c803e74c4639c8f8a948\">\n.flex_cell.av-1sfcbh9-ea80fed66632c803e74c4639c8f8a948{\nvertical-align:top;\n}\n.responsive #top #wrap_all .flex_cell.av-1sfcbh9-ea80fed66632c803e74c4639c8f8a948{\npadding:30px 30px 30px 30px !important;\n}\n<\/style>\n<div class='flex_cell av-1sfcbh9-ea80fed66632c803e74c4639c8f8a948 av-gridrow-cell av_one_third no_margin  avia-builder-el-2  el_before_av_cell_one_third  avia-builder-el-first ' ><div class='flex_cell_inner'><p>\n<style type=\"text\/css\" data-created_by=\"avia_inline_auto\" id=\"style-css-av-2a7bjur-31e0b2b0f0fb14b6f363af0e355b3160\">\n#top .av-special-heading.av-2a7bjur-31e0b2b0f0fb14b6f363af0e355b3160{\npadding-bottom:10px;\n}\nbody .av-special-heading.av-2a7bjur-31e0b2b0f0fb14b6f363af0e355b3160 .av-special-heading-tag .heading-char{\nfont-size:25px;\n}\n.av-special-heading.av-2a7bjur-31e0b2b0f0fb14b6f363af0e355b3160 .av-subheading{\nfont-size:15px;\n}\n<\/style>\n<div  class='av-special-heading av-2a7bjur-31e0b2b0f0fb14b6f363af0e355b3160 av-special-heading-h3  avia-builder-el-3  el_before_av_textblock  avia-builder-el-first '><h3 class='av-special-heading-tag'  itemprop=\"headline\"  >\u00bfQu\u00e9 es?<\/h3><div class=\"special-heading-border\"><div class=\"special-heading-inner-border\"><\/div><\/div><\/div><br \/>\n\n<style type=\"text\/css\" data-created_by=\"avia_inline_auto\" id=\"style-css-av-1p1ygnx-a3ec54eeb5dc0f6035792d349ccea13f\">\n#top .av_textblock_section.av-1p1ygnx-a3ec54eeb5dc0f6035792d349ccea13f .avia_textblock{\nfont-size:14px;\n}\n<\/style>\n<section  class='av_textblock_section av-1p1ygnx-a3ec54eeb5dc0f6035792d349ccea13f'  itemscope=\"itemscope\" itemtype=\"https:\/\/schema.org\/CreativeWork\" ><div class='avia_textblock'  itemprop=\"text\" ><p><strong>CIMA<\/strong> (<i>Cultural Information Made Accessible) <\/i>es una <a href=\"http:\/\/cima.allureculture.eu\/\" target=\"_blank\" rel=\"noopener\">aplicaci\u00f3n web gratuita<\/a> que facilita la generaci\u00f3n de <strong>documentos PDF<\/strong> <strong>accesibles<\/strong> con apoyo de <strong>pictogramas de ARASAAC<\/strong> con la informaci\u00f3n m\u00e1s importante de cualquier evento cultural (museo, exposici\u00f3n, taller, feria, atracci\u00f3n, actuaci\u00f3n, proyecci\u00f3n,&#8230;). El fin \u00faltimo es hacer accesible a todas las personas la informaci\u00f3n cultural -especialmente al p\u00fablico m\u00e1s desaventajado- y dar a conocer la variedad de oportunidades culturales de las que disponen para hacer efectivo su derecho a disfrutar del tiempo libre en igualdad de condiciones.<\/p>\n<\/div><\/section><br \/>\n\n<style type=\"text\/css\" data-created_by=\"avia_inline_auto\" id=\"style-css-av-kqg8tmov-d61dda2037c69c632100456f8524d5cb\">\n#top .av-special-heading.av-kqg8tmov-d61dda2037c69c632100456f8524d5cb{\npadding-bottom:10px;\n}\nbody .av-special-heading.av-kqg8tmov-d61dda2037c69c632100456f8524d5cb .av-special-heading-tag .heading-char{\nfont-size:25px;\n}\n.av-special-heading.av-kqg8tmov-d61dda2037c69c632100456f8524d5cb .av-subheading{\nfont-size:15px;\n}\n<\/style>\n<div  class='av-special-heading av-kqg8tmov-d61dda2037c69c632100456f8524d5cb av-special-heading-h3  avia-builder-el-5  el_after_av_textblock  el_before_av_image  av-linked-heading'><h3 class='av-special-heading-tag'  itemprop=\"headline\"  >\u00bfD\u00f3nde acceder a CIMA?<\/h3><div class=\"special-heading-border\"><div class=\"special-heading-inner-border\"><\/div><\/div><\/div><br \/>\n\n<style type=\"text\/css\" data-created_by=\"avia_inline_auto\" id=\"style-css-av-kqg8xgf5-7714eb97be0b7a440a71fe97a73ed572\">\n.avia-image-container.av-kqg8xgf5-7714eb97be0b7a440a71fe97a73ed572 img.avia_image{\nbox-shadow:none;\n}\n.avia-image-container.av-kqg8xgf5-7714eb97be0b7a440a71fe97a73ed572 .av-image-caption-overlay-center{\ncolor:#ffffff;\n}\n<\/style>\n<div  class='avia-image-container av-kqg8xgf5-7714eb97be0b7a440a71fe97a73ed572 av-styling- avia-align-center  avia-builder-el-6  el_after_av_heading  avia-builder-el-last '   itemprop=\"image\" itemscope=\"itemscope\" itemtype=\"https:\/\/schema.org\/ImageObject\" ><div class=\"avia-image-container-inner\"><div class=\"avia-image-overlay-wrap\"><a href=\"http:\/\/cima.allureculture.eu\/\" class='avia_image' target=\"_blank\" rel=\"noopener noreferrer\"><img decoding=\"async\" class='wp-image-106583 avia-img-lazy-loading-not-106583 avia_image ' src=\"https:\/\/aulaabierta.arasaac.org\/wp-content\/uploads\/2022\/05\/sitio_web-80x80.png\" alt='' title='sitio_web'  height=\"80\" width=\"80\"  itemprop=\"thumbnailUrl\" srcset=\"https:\/\/aulaabierta.arasaac.org\/wp-content\/uploads\/2022\/05\/sitio_web-80x80.png 80w, https:\/\/aulaabierta.arasaac.org\/wp-content\/uploads\/2022\/05\/sitio_web-300x300.png 300w, https:\/\/aulaabierta.arasaac.org\/wp-content\/uploads\/2022\/05\/sitio_web-36x36.png 36w, https:\/\/aulaabierta.arasaac.org\/wp-content\/uploads\/2022\/05\/sitio_web-180x180.png 180w, https:\/\/aulaabierta.arasaac.org\/wp-content\/uploads\/2022\/05\/sitio_web-150x150.png 150w, https:\/\/aulaabierta.arasaac.org\/wp-content\/uploads\/2022\/05\/sitio_web.png 452w\" sizes=\"(max-width: 80px) 100vw, 80px\" \/><\/a><\/div><\/div><\/div><\/p>\n<\/div><\/div>\n<style type=\"text\/css\" data-created_by=\"avia_inline_auto\" id=\"style-css-av-1m6ejf1-c56fbdcf999c3131b95318ef7cbd2328\">\n.flex_cell.av-1m6ejf1-c56fbdcf999c3131b95318ef7cbd2328{\nvertical-align:top;\nbackground-color:#f7f7f7;\n}\n.responsive #top #wrap_all .flex_cell.av-1m6ejf1-c56fbdcf999c3131b95318ef7cbd2328{\npadding:30px 30px 30px 30px !important;\n}\n<\/style>\n<div class='flex_cell av-1m6ejf1-c56fbdcf999c3131b95318ef7cbd2328 av-gridrow-cell av_one_third no_margin  avia-builder-el-7  el_after_av_cell_one_third  el_before_av_cell_one_third ' ><div class='flex_cell_inner'><p>\n<style type=\"text\/css\" data-created_by=\"avia_inline_auto\" id=\"style-css-av-1lnda03-04e9a9ab689beb9772f491e5807061b7\">\n#top .av-special-heading.av-1lnda03-04e9a9ab689beb9772f491e5807061b7{\npadding-bottom:10px;\n}\nbody .av-special-heading.av-1lnda03-04e9a9ab689beb9772f491e5807061b7 .av-special-heading-tag .heading-char{\nfont-size:25px;\n}\n.av-special-heading.av-1lnda03-04e9a9ab689beb9772f491e5807061b7 .av-subheading{\nfont-size:15px;\n}\n<\/style>\n<div  class='av-special-heading av-1lnda03-04e9a9ab689beb9772f491e5807061b7 av-special-heading-h3  avia-builder-el-8  el_before_av_image  avia-builder-el-first '><h3 class='av-special-heading-tag'  itemprop=\"headline\"  >Autores<\/h3><div class=\"special-heading-border\"><div class=\"special-heading-inner-border\"><\/div><\/div><\/div><br \/>\n\n<style type=\"text\/css\" data-created_by=\"avia_inline_auto\" id=\"style-css-av-l378efbw-28dae4e21fe150fe4d8d44d90ea6de8d\">\n.avia-image-container.av-l378efbw-28dae4e21fe150fe4d8d44d90ea6de8d img.avia_image{\nbox-shadow:none;\n}\n.avia-image-container.av-l378efbw-28dae4e21fe150fe4d8d44d90ea6de8d .av-image-caption-overlay-center{\ncolor:#ffffff;\n}\n<\/style>\n<div  class='avia-image-container av-l378efbw-28dae4e21fe150fe4d8d44d90ea6de8d av-styling- avia-align-center  avia-builder-el-9  el_after_av_heading  el_before_av_image '   itemprop=\"image\" itemscope=\"itemscope\" itemtype=\"https:\/\/schema.org\/ImageObject\" ><div class=\"avia-image-container-inner\"><div class=\"avia-image-overlay-wrap\"><a href=\"https:\/\/allureculture.eu\/es\" class='avia_image' target=\"_blank\" rel=\"noopener noreferrer\"><img decoding=\"async\" class='wp-image-106581 avia-img-lazy-loading-not-106581 avia_image ' src=\"https:\/\/aulaabierta.arasaac.org\/wp-content\/uploads\/2022\/05\/allure-300x279.png\" alt='' title='allure'  height=\"279\" width=\"300\"  itemprop=\"thumbnailUrl\" srcset=\"https:\/\/aulaabierta.arasaac.org\/wp-content\/uploads\/2022\/05\/allure-300x279.png 300w, https:\/\/aulaabierta.arasaac.org\/wp-content\/uploads\/2022\/05\/allure-1030x959.png 1030w, https:\/\/aulaabierta.arasaac.org\/wp-content\/uploads\/2022\/05\/allure-768x715.png 768w, https:\/\/aulaabierta.arasaac.org\/wp-content\/uploads\/2022\/05\/allure-1536x1430.png 1536w, https:\/\/aulaabierta.arasaac.org\/wp-content\/uploads\/2022\/05\/allure-1500x1396.png 1500w, https:\/\/aulaabierta.arasaac.org\/wp-content\/uploads\/2022\/05\/allure-705x656.png 705w, https:\/\/aulaabierta.arasaac.org\/wp-content\/uploads\/2022\/05\/allure.png 1679w\" sizes=\"(max-width: 300px) 100vw, 300px\" \/><\/a><\/div><\/div><\/div><br \/>\n\n<style type=\"text\/css\" data-created_by=\"avia_inline_auto\" id=\"style-css-av-l37956v9-c1431b78fc1e374f7cf13e2977bf6669\">\n.avia-image-container.av-l37956v9-c1431b78fc1e374f7cf13e2977bf6669 img.avia_image{\nbox-shadow:none;\n}\n.avia-image-container.av-l37956v9-c1431b78fc1e374f7cf13e2977bf6669 .av-image-caption-overlay-center{\ncolor:#ffffff;\n}\n<\/style>\n<div  class='avia-image-container av-l37956v9-c1431b78fc1e374f7cf13e2977bf6669 av-styling- avia-align-center  avia-builder-el-10  el_after_av_image  avia-builder-el-last '   itemprop=\"image\" itemscope=\"itemscope\" itemtype=\"https:\/\/schema.org\/ImageObject\" ><div class=\"avia-image-container-inner\"><div class=\"avia-image-overlay-wrap\"><img decoding=\"async\" class='wp-image-106584 avia-img-lazy-loading-not-106584 avia_image ' src=\"https:\/\/aulaabierta.arasaac.org\/wp-content\/uploads\/2022\/05\/Co-funded-EU-300x65.png\" alt='' title='Co-funded-EU'  height=\"65\" width=\"300\"  itemprop=\"thumbnailUrl\" srcset=\"https:\/\/aulaabierta.arasaac.org\/wp-content\/uploads\/2022\/05\/Co-funded-EU-300x65.png 300w, https:\/\/aulaabierta.arasaac.org\/wp-content\/uploads\/2022\/05\/Co-funded-EU-1030x225.png 1030w, https:\/\/aulaabierta.arasaac.org\/wp-content\/uploads\/2022\/05\/Co-funded-EU-768x167.png 768w, https:\/\/aulaabierta.arasaac.org\/wp-content\/uploads\/2022\/05\/Co-funded-EU-1536x335.png 1536w, https:\/\/aulaabierta.arasaac.org\/wp-content\/uploads\/2022\/05\/Co-funded-EU-1500x327.png 1500w, https:\/\/aulaabierta.arasaac.org\/wp-content\/uploads\/2022\/05\/Co-funded-EU-705x154.png 705w, https:\/\/aulaabierta.arasaac.org\/wp-content\/uploads\/2022\/05\/Co-funded-EU.png 1720w\" sizes=\"(max-width: 300px) 100vw, 300px\" \/><\/div><\/div><\/div><\/p>\n<\/div><\/div>\n<style type=\"text\/css\" data-created_by=\"avia_inline_auto\" id=\"style-css-av-5b65wt-c1813e4d6473eedffb86e4dfbae0a4e8\">\n.flex_cell.av-5b65wt-c1813e4d6473eedffb86e4dfbae0a4e8{\nvertical-align:top;\n}\n.responsive #top #wrap_all .flex_cell.av-5b65wt-c1813e4d6473eedffb86e4dfbae0a4e8{\npadding:30px 30px 30px 30px !important;\n}\n<\/style>\n<div class='flex_cell av-5b65wt-c1813e4d6473eedffb86e4dfbae0a4e8 av-gridrow-cell av_one_third no_margin  avia-builder-el-11  el_after_av_cell_one_third  avia-builder-el-last ' ><div class='flex_cell_inner'><p>\n<style type=\"text\/css\" data-created_by=\"avia_inline_auto\" id=\"style-css-av-12507nn-6577676c9aa97d293b708726f10ea7e5\">\n#top .av-special-heading.av-12507nn-6577676c9aa97d293b708726f10ea7e5{\npadding-bottom:10px;\n}\nbody .av-special-heading.av-12507nn-6577676c9aa97d293b708726f10ea7e5 .av-special-heading-tag .heading-char{\nfont-size:25px;\n}\n.av-special-heading.av-12507nn-6577676c9aa97d293b708726f10ea7e5 .av-subheading{\nfont-size:15px;\n}\n<\/style>\n<div  class='av-special-heading av-12507nn-6577676c9aa97d293b708726f10ea7e5 av-special-heading-h3  avia-builder-el-12  el_before_av_image  avia-builder-el-first '><h3 class='av-special-heading-tag'  itemprop=\"headline\"  >Sistemas Operativos<\/h3><div class=\"special-heading-border\"><div class=\"special-heading-inner-border\"><\/div><\/div><\/div><br \/>\n\n<style type=\"text\/css\" data-created_by=\"avia_inline_auto\" id=\"style-css-av-1dt2ufx-d229ffcc517dd72a348ed2305bf0b6e9\">\n.avia-image-container.av-1dt2ufx-d229ffcc517dd72a348ed2305bf0b6e9 img.avia_image{\nbox-shadow:none;\n}\n.avia-image-container.av-1dt2ufx-d229ffcc517dd72a348ed2305bf0b6e9 .av-image-caption-overlay-center{\ncolor:#ffffff;\n}\n<\/style>\n<div  class='avia-image-container av-1dt2ufx-d229ffcc517dd72a348ed2305bf0b6e9 av-styling- avia-align-center  avia-builder-el-13  el_after_av_heading  el_before_av_image '   itemprop=\"image\" itemscope=\"itemscope\" itemtype=\"https:\/\/schema.org\/ImageObject\" ><div class=\"avia-image-container-inner\"><div class=\"avia-image-overlay-wrap\"><a href=\"http:\/\/cima.allureculture.eu\/\" class='avia_image' target=\"_blank\" rel=\"noopener noreferrer\"><img decoding=\"async\" class='wp-image-96790 avia-img-lazy-loading-not-96790 avia_image ' src=\"https:\/\/aulaabierta.arasaac.org\/wp-content\/uploads\/2016\/12\/sistemas_operativos_araword-180x180.png\" alt='' title='sistemas_operativos_araword'  height=\"180\" width=\"180\"  itemprop=\"thumbnailUrl\" srcset=\"https:\/\/aulaabierta.arasaac.org\/wp-content\/uploads\/2016\/12\/sistemas_operativos_araword-180x180.png 180w, https:\/\/aulaabierta.arasaac.org\/wp-content\/uploads\/2016\/12\/sistemas_operativos_araword-80x80.png 80w, https:\/\/aulaabierta.arasaac.org\/wp-content\/uploads\/2016\/12\/sistemas_operativos_araword-300x300.png 300w, https:\/\/aulaabierta.arasaac.org\/wp-content\/uploads\/2016\/12\/sistemas_operativos_araword-36x36.png 36w, https:\/\/aulaabierta.arasaac.org\/wp-content\/uploads\/2016\/12\/sistemas_operativos_araword-120x120.png 120w, https:\/\/aulaabierta.arasaac.org\/wp-content\/uploads\/2016\/12\/sistemas_operativos_araword-450x450.png 450w, https:\/\/aulaabierta.arasaac.org\/wp-content\/uploads\/2016\/12\/sistemas_operativos_araword.png 500w\" sizes=\"(max-width: 180px) 100vw, 180px\" \/><\/a><\/div><\/div><\/div><br \/>\n\n<style type=\"text\/css\" data-created_by=\"avia_inline_auto\" id=\"style-css-av-l377wsbh-f16386f2b0d3e9c40284fc3ad4fc352c\">\n.avia-image-container.av-l377wsbh-f16386f2b0d3e9c40284fc3ad4fc352c img.avia_image{\nbox-shadow:none;\n}\n.avia-image-container.av-l377wsbh-f16386f2b0d3e9c40284fc3ad4fc352c .av-image-caption-overlay-center{\ncolor:#ffffff;\n}\n<\/style>\n<div  class='avia-image-container av-l377wsbh-f16386f2b0d3e9c40284fc3ad4fc352c av-styling- avia-align-center  avia-builder-el-14  el_after_av_image  avia-builder-el-last '   itemprop=\"image\" itemscope=\"itemscope\" itemtype=\"https:\/\/schema.org\/ImageObject\" ><div class=\"avia-image-container-inner\"><div class=\"avia-image-overlay-wrap\"><a href=\"http:\/\/cima.allureculture.eu\/\" class='avia_image' target=\"_blank\" rel=\"noopener noreferrer\"><img decoding=\"async\" class='wp-image-96886 avia-img-lazy-loading-not-96886 avia_image ' src=\"https:\/\/aulaabierta.arasaac.org\/wp-content\/uploads\/2017\/01\/sistemas_operativos_android_e_iOS-180x180.png\" alt='' title='sistemas_operativos_android_e_iOS'  height=\"180\" width=\"180\"  itemprop=\"thumbnailUrl\" srcset=\"https:\/\/aulaabierta.arasaac.org\/wp-content\/uploads\/2017\/01\/sistemas_operativos_android_e_iOS-180x180.png 180w, https:\/\/aulaabierta.arasaac.org\/wp-content\/uploads\/2017\/01\/sistemas_operativos_android_e_iOS-80x80.png 80w, https:\/\/aulaabierta.arasaac.org\/wp-content\/uploads\/2017\/01\/sistemas_operativos_android_e_iOS-300x300.png 300w, https:\/\/aulaabierta.arasaac.org\/wp-content\/uploads\/2017\/01\/sistemas_operativos_android_e_iOS-36x36.png 36w, https:\/\/aulaabierta.arasaac.org\/wp-content\/uploads\/2017\/01\/sistemas_operativos_android_e_iOS-120x120.png 120w, https:\/\/aulaabierta.arasaac.org\/wp-content\/uploads\/2017\/01\/sistemas_operativos_android_e_iOS-450x450.png 450w, https:\/\/aulaabierta.arasaac.org\/wp-content\/uploads\/2017\/01\/sistemas_operativos_android_e_iOS.png 500w\" sizes=\"(max-width: 180px) 100vw, 180px\" \/><\/a><\/div><\/div><\/div><\/p>\n<\/div><\/div>\n<\/div><div id='after_grid_row_1'  class='main_color av_default_container_wrap container_wrap fullsize'  ><div class='container av-section-cont-open' ><div class='template-page content  av-content-full alpha units'><div class='post-entry post-entry-type-page post-entry-91141'><div class='entry-content-wrapper clearfix'>\n\n<style type=\"text\/css\" data-created_by=\"avia_inline_auto\" id=\"style-css-av-v3yzk3-237254724959c813117d00db7691c25d\">\n#top .av-special-heading.av-v3yzk3-237254724959c813117d00db7691c25d{\npadding-bottom:0;\n}\nbody .av-special-heading.av-v3yzk3-237254724959c813117d00db7691c25d .av-special-heading-tag .heading-char{\nfont-size:25px;\n}\n.av-special-heading.av-v3yzk3-237254724959c813117d00db7691c25d .av-subheading{\nfont-size:15px;\n}\n<\/style>\n<div  class='av-special-heading av-v3yzk3-237254724959c813117d00db7691c25d av-special-heading-h3  avia-builder-el-15  el_after_av_layout_row  el_before_av_textblock  avia-builder-el-first  av-linked-heading'><h3 class='av-special-heading-tag'  itemprop=\"headline\"  >Generamos documentos accesibles con informaci\u00f3n cultural<\/h3><div class=\"special-heading-border\"><div class=\"special-heading-inner-border\"><\/div><\/div><\/div>\n\n<style type=\"text\/css\" data-created_by=\"avia_inline_auto\" id=\"style-css-av-4qluod-86b997e848b4cd6d2e10e54a22bd4539\">\n#top .av_textblock_section.av-4qluod-86b997e848b4cd6d2e10e54a22bd4539 .avia_textblock{\nfont-size:14px;\n}\n<\/style>\n<section  class='av_textblock_section av-4qluod-86b997e848b4cd6d2e10e54a22bd4539'  itemscope=\"itemscope\" itemtype=\"https:\/\/schema.org\/CreativeWork\" ><div class='avia_textblock'  itemprop=\"text\" ><p>La primera barrera que dificulta el disfrute de los recursos culturales es, en muchos casos, el<strong> acceso a la informaci\u00f3n<\/strong>. Cuestiones como navegar entre la informaci\u00f3n digital o buscar datos como las horas de apertura, los precios o las pol\u00edticas de acceso y uso pueden suponer un muro entre el recurso cultural y su posible p\u00fablico asistente. Incluso el lenguaje puede ser dif\u00edcil de entender para colectivos migrantes o personas con necesidades complejas de comunicaci\u00f3n, por ejemplo. Numerosos informes y estudios de \u00e1mbito internacional han se\u00f1alado la necesidad de hacer accesible a todas las personas la informaci\u00f3n cultural -especialmente al p\u00fablico m\u00e1s desaventajado- y la variedad de oportunidades culturales disponibles.<\/p>\n<p>La <strong>aplicaci\u00f3n CIMA<\/strong> (\u201cCultural Information Made Accessible\u201d \u2013 \u201cInformaci\u00f3n cultural hecha accesible\u201d) est\u00e1 pensada para salvar esta brecha. Tan solo se requiere aportar una serie de datos simples, sencillos y cuidadosamente seleccionados por el equipo de personas expertas y, en base a ellos, la aplicaci\u00f3n <strong>generar\u00e1 un documento PDF<\/strong> (accesible a lectores de pantalla) con textos pictogr\u00e1ficos (pictogramas de ARASAAC) y f\u00e1ciles de leer. En su dise\u00f1o se ha puesto el m\u00e1ximo cuidado en todos los detalles que garantizan la accesibilidad del resultado, tales como tipograf\u00eda, contraste de color, iconograf\u00eda y transparencia de los pictogramas, etc.<\/p>\n<p>El documento puede personalizarse con toda la informaci\u00f3n que se desee, adem\u00e1s de permitir a\u00f1adir los logos de la actividad o recurso cultural y los de la instituci\u00f3n o entidad organizadora. Esta aplicaci\u00f3n web es gratuita y f\u00e1cil de usar.<\/p>\n<p>Por el momento la aplicaci\u00f3n se encuentra disponible en Espa\u00f1ol, Ingl\u00e9s, Portugu\u00e9s, Gallego, Island\u00e9s, Polaco y Ucraniano.<\/p>\n<p style=\"text-align: center;\"><a href=\"http:\/\/cima.allureculture.eu\/\" target=\"_blank\" rel=\"noopener\"><strong>ACCEDER A LA APLICACI\u00d3N WEB<\/strong><\/a><\/p>\n<\/div><\/section>\n\n<style type=\"text\/css\" data-created_by=\"avia_inline_auto\" id=\"style-css-av-l4cl9b4a-4eba3504c4a21679d84e5b974c04c39b\">\n.avia-image-container.av-l4cl9b4a-4eba3504c4a21679d84e5b974c04c39b img.avia_image{\nbox-shadow:none;\n}\n.avia-image-container.av-l4cl9b4a-4eba3504c4a21679d84e5b974c04c39b .av-image-caption-overlay-center{\ncolor:#ffffff;\n}\n<\/style>\n<div  class='avia-image-container av-l4cl9b4a-4eba3504c4a21679d84e5b974c04c39b av-styling- avia-align-center  avia-builder-el-17  el_after_av_textblock  el_before_av_heading '   itemprop=\"image\" itemscope=\"itemscope\" itemtype=\"https:\/\/schema.org\/ImageObject\" ><div class=\"avia-image-container-inner\"><div class=\"avia-image-overlay-wrap\"><img decoding=\"async\" class='wp-image-106585 avia-img-lazy-loading-not-106585 avia_image ' src=\"https:\/\/aulaabierta.arasaac.org\/wp-content\/uploads\/2022\/06\/Allure_CIMA_1.jpeg\" alt='' title='Allure_CIMA_1'  height=\"442\" width=\"900\"  itemprop=\"thumbnailUrl\" srcset=\"https:\/\/aulaabierta.arasaac.org\/wp-content\/uploads\/2022\/06\/Allure_CIMA_1.jpeg 900w, https:\/\/aulaabierta.arasaac.org\/wp-content\/uploads\/2022\/06\/Allure_CIMA_1-300x147.jpeg 300w, https:\/\/aulaabierta.arasaac.org\/wp-content\/uploads\/2022\/06\/Allure_CIMA_1-768x377.jpeg 768w, https:\/\/aulaabierta.arasaac.org\/wp-content\/uploads\/2022\/06\/Allure_CIMA_1-705x346.jpeg 705w\" sizes=\"(max-width: 900px) 100vw, 900px\" \/><\/div><\/div><\/div>\n\n<style type=\"text\/css\" data-created_by=\"avia_inline_auto\" id=\"style-css-av-la788nc0-f60561658d87e6fa13cbd8548145ece1\">\n#top .av-special-heading.av-la788nc0-f60561658d87e6fa13cbd8548145ece1{\npadding-bottom:10px;\n}\nbody .av-special-heading.av-la788nc0-f60561658d87e6fa13cbd8548145ece1 .av-special-heading-tag .heading-char{\nfont-size:25px;\n}\n.av-special-heading.av-la788nc0-f60561658d87e6fa13cbd8548145ece1 .av-subheading{\nfont-size:15px;\n}\n<\/style>\n<div  class='av-special-heading av-la788nc0-f60561658d87e6fa13cbd8548145ece1 av-special-heading-h3  avia-builder-el-18  el_after_av_image  el_before_av_video '><h3 class='av-special-heading-tag'  itemprop=\"headline\"  >V\u00eddeo<\/h3><div class=\"special-heading-border\"><div class=\"special-heading-inner-border\"><\/div><\/div><\/div>\n<div  class='avia-video av-la7895en-5bd86fca3638a0ee3713b48223d2fda4 avia-video-16-9 av-html5-fullscreen-btn av-no-preview-image avia-video-confirm_all av-lazyload-video-embed'  itemprop=\"video\" itemtype=\"https:\/\/schema.org\/VideoObject\"  data-original_url='https:\/\/www.youtube.com\/watch?v=N4g7pAA351s'><script type='text\/html' class='av-video-tmpl'><div class='avia-iframe-wrap'><iframe loading=\"lazy\" title=\"CIMA Tutorial. How to make a document using CIMA webapp (Cultural Information Made Accessible)\" width=\"1500\" height=\"844\" src=\"https:\/\/www.youtube.com\/embed\/N4g7pAA351s?feature=oembed&autoplay=1&loop=0&controls=1&mute=0\" frameborder=\"0\" allow=\"accelerometer; autoplay; clipboard-write; encrypted-media; gyroscope; picture-in-picture\" allowfullscreen><\/iframe><\/div><\/script><div class='av-click-to-play-overlay'><div class=\"avia_playpause_icon\"><\/div><\/div><\/div>\n","protected":false},"excerpt":{"rendered":"","protected":false},"author":5,"featured_media":91159,"parent":0,"menu_order":0,"comment_status":"open","ping_status":"open","template":"","meta":{"om_disable_all_campaigns":false,"_monsterinsights_skip_tracking":false,"_monsterinsights_sitenote_active":false,"_monsterinsights_sitenote_note":"","_monsterinsights_sitenote_category":0,"_uf_show_specific_survey":0,"_uf_disable_surveys":false,"footnotes":""},"class_list":["post-91141","page","type-page","status-publish","has-post-thumbnail","hentry"],"aioseo_notices":[],"_links":{"self":[{"href":"https:\/\/aulaabierta.arasaac.org\/de\/wp-json\/wp\/v2\/pages\/91141","targetHints":{"allow":["GET"]}}],"collection":[{"href":"https:\/\/aulaabierta.arasaac.org\/de\/wp-json\/wp\/v2\/pages"}],"about":[{"href":"https:\/\/aulaabierta.arasaac.org\/de\/wp-json\/wp\/v2\/types\/page"}],"author":[{"embeddable":true,"href":"https:\/\/aulaabierta.arasaac.org\/de\/wp-json\/wp\/v2\/users\/5"}],"replies":[{"embeddable":true,"href":"https:\/\/aulaabierta.arasaac.org\/de\/wp-json\/wp\/v2\/comments?post=91141"}],"version-history":[{"count":12,"href":"https:\/\/aulaabierta.arasaac.org\/de\/wp-json\/wp\/v2\/pages\/91141\/revisions"}],"predecessor-version":[{"id":110465,"href":"https:\/\/aulaabierta.arasaac.org\/de\/wp-json\/wp\/v2\/pages\/91141\/revisions\/110465"}],"wp:featuredmedia":[{"embeddable":true,"href":"https:\/\/aulaabierta.arasaac.org\/de\/wp-json\/wp\/v2\/media\/91159"}],"wp:attachment":[{"href":"https:\/\/aulaabierta.arasaac.org\/de\/wp-json\/wp\/v2\/media?parent=91141"}],"curies":[{"name":"wp","href":"https:\/\/api.w.org\/{rel}","templated":true}]}}