{"id":950,"date":"2016-12-15T09:21:35","date_gmt":"2016-12-15T09:21:35","guid":{"rendered":"http:\/\/aulaabierta.arasaac.org\/?page_id=950"},"modified":"2021-11-03T10:56:55","modified_gmt":"2021-11-03T09:56:55","slug":"condiciones-de-uso","status":"publish","type":"page","link":"https:\/\/aulaabierta.arasaac.org\/de\/condiciones-de-uso","title":{"rendered":"Condiciones de uso"},"content":{"rendered":"\n<style type=\"text\/css\" data-created_by=\"avia_inline_auto\" id=\"style-css-av-av_heading-acb726ee3d20e5f00b58ba87cc6082be\">\n#top .av-special-heading.av-av_heading-acb726ee3d20e5f00b58ba87cc6082be{\npadding-bottom:10px;\n}\nbody .av-special-heading.av-av_heading-acb726ee3d20e5f00b58ba87cc6082be .av-special-heading-tag .heading-char{\nfont-size:25px;\n}\n.av-special-heading.av-av_heading-acb726ee3d20e5f00b58ba87cc6082be .av-subheading{\nfont-size:15px;\n}\n<\/style>\n<div  class='av-special-heading av-av_heading-acb726ee3d20e5f00b58ba87cc6082be av-special-heading-h3  avia-builder-el-0  el_before_av_textblock  avia-builder-el-first '><h3 class='av-special-heading-tag'  itemprop=\"headline\"  >Condiciones de uso<\/h3><div class=\"special-heading-border\"><div class=\"special-heading-inner-border\"><\/div><\/div><\/div>\n\n<style type=\"text\/css\" data-created_by=\"avia_inline_auto\" id=\"style-css-av-jnfjy-47f3f0c84633c2b96efe4b7a5c32956a\">\n#top .av_textblock_section.av-jnfjy-47f3f0c84633c2b96efe4b7a5c32956a .avia_textblock{\nfont-size:14px;\n}\n<\/style>\n<section  class='av_textblock_section av-jnfjy-47f3f0c84633c2b96efe4b7a5c32956a'  itemscope=\"itemscope\" itemtype=\"https:\/\/schema.org\/CreativeWork\" ><div class='avia_textblock'  itemprop=\"text\" ><p>ARASAAC es una marca del Gobierno de Arag\u00f3n, inscrita en la Oficina Espa\u00f1ola de Patentes y Marcas. La Colecci\u00f3n de pictogramas ARASAAC est\u00e1 inscrita en el Registro General de la Propiedad Intelectual (N\u00fam. Dep\u00f3sito Legal Z 901-2013) como obra colectiva a nombre de la Diputaci\u00f3n General de Arag\u00f3n, quien la ha editado y divulgado de conformidad a lo dispuesto en el art\u00edculo 8 del texto refundido de la Ley de Propiedad Intelectual, aprobado por el Real Decreto Legislativo 1\/1996, de 12 de abril.<\/p>\n<p>Todos los recursos que se ofrecen en el aula virtual\u00a0(tutoriales, manuales, videotutoriales, materiales y recursos) se publican bajo <a href=\"https:\/\/creativecommons.org\/licenses\/by-nc-sa\/4.0\/\" target=\"_blank\" rel=\"noopener\"><strong>Licencia Creative Commons (BY-NC-SA)<\/strong><\/a>, autoriz\u00e1ndose su uso siempre que se cite la fuente, autor, se compartan bajo la misma licencia y NO SE HAGA UN USO COMERCIAL DE LOS MISMOS.<\/p>\n<p>Esto implica que, cualquier obra derivada que se elabore a partir los recursos contenidos en este Aula Abierta\u00a0se debe distribuir con la misma licencia Creative Commons (BY-NC-SA), se deben citar a los autores de los recursos, la procedencia de los mismos (Aula Abierta de ARASAAC) y la licencia bajo la que se distribuyen (Creative Commons BY-NC-SA). Dos\u00a0modos de realizar esta cita son:<\/p>\n<blockquote>\n<p><i>&#8222;<strong>Autores de los tutoriales y videoturiales:<\/strong> ARASAAC <strong>Procedencia:<\/strong> Aula Abierta de ARASAAC (https:\/\/aulaabierta.arasaac.org\/) \u00a0<strong>Licencia:<\/strong> CC (BY-NC-SA) \u00a0<strong>Propiedad:<\/strong> Gobierno de Arag\u00f3n&#8220;<\/i><\/p>\n<\/blockquote>\n<p>o<\/p>\n<blockquote>\n<p><i>&#8222;<em>Los recursos utilizados son propiedad del Gobierno de Arag\u00f3n y han sido creados por el equipo de ARASAAC para el Aula Abierta de ARASAAC (https:\/\/aulaabierta.arasaac.org\/) que los distribuye bajo licencia Creative Commons (BY-NC-SA)<\/em><em>.<\/em>&#8222;<\/i><\/p>\n<\/blockquote>\n<p>Queda excluido de este permiso, por tanto, el uso de estos recursos dentro de cualquier producto o publicaci\u00f3n con fines comerciales.<\/p>\n<p>Para cualquier otro uso quedan rigurosamente prohibidas, sin la autorizaci\u00f3n por escrito de los titulares del &#8222;Copyright&#8220;, bajo las sanciones establecidas por las leyes, la reproducci\u00f3n total o parcial de estos materiales por cualquier medio o procedimiento, comprendida la reprograf\u00eda y el tratamiento inform\u00e1tico.<\/p>\n<\/div><\/section>\n\n<style type=\"text\/css\" data-created_by=\"avia_inline_auto\" id=\"style-css-av-av_heading-a149d09ea10abae2db028653d670ac72\">\n#top .av-special-heading.av-av_heading-a149d09ea10abae2db028653d670ac72{\npadding-bottom:10px;\n}\nbody .av-special-heading.av-av_heading-a149d09ea10abae2db028653d670ac72 .av-special-heading-tag .heading-char{\nfont-size:25px;\n}\n.av-special-heading.av-av_heading-a149d09ea10abae2db028653d670ac72 .av-subheading{\nfont-size:15px;\n}\n<\/style>\n<div  class='av-special-heading av-av_heading-a149d09ea10abae2db028653d670ac72 av-special-heading-h3  avia-builder-el-2  el_after_av_textblock  el_before_av_textblock '><h3 class='av-special-heading-tag'  itemprop=\"headline\"  >Cl\u00e1usula de exenci\u00f3n de responsabilidad<\/h3><div class=\"special-heading-border\"><div class=\"special-heading-inner-border\"><\/div><\/div><\/div>\n\n<style type=\"text\/css\" data-created_by=\"avia_inline_auto\" id=\"style-css-av-bl9ke-980518f447c3fc28bc0948eb8a6609ae\">\n#top .av_textblock_section.av-bl9ke-980518f447c3fc28bc0948eb8a6609ae .avia_textblock{\nfont-size:14px;\n}\n<\/style>\n<section  class='av_textblock_section av-bl9ke-980518f447c3fc28bc0948eb8a6609ae'  itemscope=\"itemscope\" itemtype=\"https:\/\/schema.org\/CreativeWork\" ><div class='avia_textblock'  itemprop=\"text\" ><p>El Aula Abierta de ARASAAC\u00a0tiene car\u00e1cter divulgativo y orientativo, y pretende poner a disposici\u00f3n de cualquier persona interesada, informaci\u00f3n y materiales para su formaci\u00f3n. No obstante, es preciso puntualizar lo siguiente:<\/p>\n<ul>\n<li style=\"list-style-type: none;\">\n<ul>\n<li style=\"list-style-type: none;\">\n<ul>\n<li style=\"list-style-type: none;\">\n<ul>\n<li style=\"list-style-type: none;\">\n<ul>\n<li>El contenido\u00a0que se ofrece carece de efectos vinculantes para el Gobierno de Arag\u00f3n, por lo que no se asume ninguna responsabilidad de su contenido.<\/li>\n<\/ul>\n<\/li>\n<\/ul>\n<\/li>\n<\/ul>\n<\/li>\n<\/ul>\n<\/li>\n<\/ul>\n<ul>\n<li style=\"list-style-type: none;\">\n<ul>\n<li style=\"list-style-type: none;\">\n<ul>\n<li style=\"list-style-type: none;\">\n<ul>\n<li style=\"list-style-type: none;\">\n<ul>\n<li>La informaci\u00f3n que se ofrece podr\u00eda no ser exhaustiva, exacta o actualizada.<\/li>\n<\/ul>\n<\/li>\n<\/ul>\n<\/li>\n<\/ul>\n<\/li>\n<\/ul>\n<\/li>\n<\/ul>\n<ul>\n<li style=\"list-style-type: none;\">\n<ul>\n<li style=\"list-style-type: none;\">\n<ul>\n<li style=\"list-style-type: none;\">\n<ul>\n<li style=\"list-style-type: none;\">\n<ul>\n<li>Se facilitan v\u00ednculos a p\u00e1ginas externas sobre las que el Gobierno de Arag\u00f3n no tiene control alguno, y respecto de las cuales declina toda responsabilidad.<\/li>\n<\/ul>\n<\/li>\n<\/ul>\n<\/li>\n<\/ul>\n<\/li>\n<\/ul>\n<\/li>\n<\/ul>\n<p>El Gobierno de Arag\u00f3n, no se responsabiliza del uso indebido o negligente de recursos contenidos en este Aula Abierta\u00a0realizado por terceros que exceda los t\u00e9rminos de la licencia creative commons (BY-NC-SA).<\/p>\n<\/div><\/section>\n","protected":false},"excerpt":{"rendered":"","protected":false},"author":5,"featured_media":0,"parent":0,"menu_order":0,"comment_status":"closed","ping_status":"closed","template":"","meta":{"om_disable_all_campaigns":false,"_monsterinsights_skip_tracking":false,"_monsterinsights_sitenote_active":false,"_monsterinsights_sitenote_note":"","_monsterinsights_sitenote_category":0,"_uf_show_specific_survey":0,"_uf_disable_surveys":false,"footnotes":""},"class_list":["post-950","page","type-page","status-publish","hentry"],"aioseo_notices":[],"_links":{"self":[{"href":"https:\/\/aulaabierta.arasaac.org\/de\/wp-json\/wp\/v2\/pages\/950","targetHints":{"allow":["GET"]}}],"collection":[{"href":"https:\/\/aulaabierta.arasaac.org\/de\/wp-json\/wp\/v2\/pages"}],"about":[{"href":"https:\/\/aulaabierta.arasaac.org\/de\/wp-json\/wp\/v2\/types\/page"}],"author":[{"embeddable":true,"href":"https:\/\/aulaabierta.arasaac.org\/de\/wp-json\/wp\/v2\/users\/5"}],"replies":[{"embeddable":true,"href":"https:\/\/aulaabierta.arasaac.org\/de\/wp-json\/wp\/v2\/comments?post=950"}],"version-history":[{"count":7,"href":"https:\/\/aulaabierta.arasaac.org\/de\/wp-json\/wp\/v2\/pages\/950\/revisions"}],"predecessor-version":[{"id":71716,"href":"https:\/\/aulaabierta.arasaac.org\/de\/wp-json\/wp\/v2\/pages\/950\/revisions\/71716"}],"wp:attachment":[{"href":"https:\/\/aulaabierta.arasaac.org\/de\/wp-json\/wp\/v2\/media?parent=950"}],"curies":[{"name":"wp","href":"https:\/\/api.w.org\/{rel}","templated":true}]}}